{"id":7256,"date":"2023-09-05T08:37:35","date_gmt":"2023-09-05T06:37:35","guid":{"rendered":"https:\/\/www.kliinikum.ee\/vahikeskus\/?page_id=7256"},"modified":"2023-09-05T08:39:00","modified_gmt":"2023-09-05T06:39:00","slug":"noustamine-patsiendi-infokeskuses","status":"publish","type":"page","link":"https:\/\/www.kliinikum.ee\/vahikeskus\/patsiendile\/tugiteenused\/noustamine-patsiendi-infokeskuses\/","title":{"rendered":"N\u00f5ustamine patsiendi infokeskuses"},"content":{"rendered":"\n<p>Tartu \u00dclikooli Kliinikum pakub patsiendi infokeskuses n\u00f5ustamiseteenuseid nii patsientidele kui nende l\u00e4hedastele teemades ja tegevustes, milles Kliinikumi patsiendid raviteekonnal k\u00f5ige enam tuge ja teavet vajavad.<\/p>\n\n\n\n<p>Patsiendi infokeskusesse saavad p\u00f6\u00f6rduda k\u00f5ik Kliinikumi patsiendid esmasp\u00e4evast reedeni kell 9.00\u201312.00. N\u00f5u patsiendi teekonnal orienteerumiseks annavad patsiendi info- ja tugikeskuse spetsialistid ning aja broneerimine ei ole vajalik. Spetsialistid aitavad leida teavet erinevates Kliinikumi kanalites terviseseisundite ning protseduuride kohta, samuti majutusinfot, l\u00e4hedastele suunatud infot, teavet tasuliste vastuv\u00f5ttude osas ning vajadusel n\u00f5ustatakse patsiente ka selles, millise spetsialisti poole oleks vajalik p\u00f6\u00f6rduda. Samuti vahendatakse teavet patsiendi \u00f5iguste valdkonnast ning kogukonnas tegutsevate patsiendiorganisatsioonide ja tugigruppide kohta.<\/p>\n\n\n\n<p>Eelneval kokkuleppel saab pakkuda patsientidele ja nende l\u00e4hedastele ka emotsionaalset tuge ja n\u00f5ustamist ning vajadusel ka suulise t\u00f5lke abi arsti v\u00f5i \u00f5e vastuv\u00f5tul.<\/p>\n\n\n\n<p>Patsiendi infokeskuse n\u00f5ustamisteenused toimuvad Kliinikumi L. Puusepa 8 peamaja ruumis E108 ning on patsientidele tasuta.<\/p>\n\n\n\n<div class=\"wp-block-uagb-image uagb-block-0d41785e wp-block-uagb-image--layout-default wp-block-uagb-image--effect-static wp-block-uagb-image--align-none\"><figure class=\"wp-block-uagb-image__figure\"><img decoding=\"async\" srcset=\"https:\/\/www.kliinikum.ee\/vahikeskus\/wp-content\/uploads\/2023\/09\/patsiendiinfokeskus-680x400-1.webp \" sizes=\"auto, (max-width: 480px) 150px\" src=\"https:\/\/www.kliinikum.ee\/vahikeskus\/wp-content\/uploads\/2023\/09\/patsiendiinfokeskus-680x400-1.webp\" alt=\"\" class=\"uag-image-7257\" width=\"680\" height=\"400\" title=\"\" loading=\"lazy\"\/><\/figure><\/div>\n","protected":false},"excerpt":{"rendered":"<p>Tartu \u00dclikooli Kliinikum pakub patsiendi infokeskuses n\u00f5ustamiseteenuseid nii patsientidele kui nende l\u00e4hedastele teemades ja tegevustes, milles Kliinikumi patsiendid raviteekonnal k\u00f5ige enam tuge ja teavet vajavad. Patsiendi infokeskusesse saavad p\u00f6\u00f6rduda k\u00f5ik Kliinikumi patsiendid esmasp\u00e4evast reedeni kell 9.00\u201312.00. N\u00f5u patsiendi teekonnal orienteerumiseks annavad patsiendi info- ja tugikeskuse spetsialistid ning aja broneerimine ei ole vajalik. Spetsialistid aitavad leida [&hellip;]<\/p>\n","protected":false},"author":30,"featured_media":0,"parent":5916,"menu_order":4,"comment_status":"closed","ping_status":"closed","template":"","meta":{"_acf_changed":false,"_uag_custom_page_level_css":"","footnotes":""},"class_list":["post-7256","page","type-page","status-publish","hentry"],"acf":[],"yoast_head":"<!-- This site is optimized with the Yoast SEO plugin v27.1.1 - https:\/\/yoast.com\/product\/yoast-seo-wordpress\/ -->\n<title>N\u00f5ustamine patsiendi infokeskuses - V\u00e4hikeskus<\/title>\n<meta name=\"robots\" content=\"index, follow, max-snippet:-1, max-image-preview:large, max-video-preview:-1\" \/>\n<link rel=\"canonical\" href=\"https:\/\/www.kliinikum.ee\/vahikeskus\/patsiendile\/tugiteenused\/noustamine-patsiendi-infokeskuses\/\" \/>\n<meta property=\"og:locale\" content=\"et_EE\" \/>\n<meta property=\"og:type\" content=\"article\" \/>\n<meta property=\"og:title\" content=\"N\u00f5ustamine patsiendi infokeskuses - V\u00e4hikeskus\" \/>\n<meta property=\"og:description\" content=\"Tartu \u00dclikooli Kliinikum pakub patsiendi infokeskuses n\u00f5ustamiseteenuseid nii patsientidele kui nende l\u00e4hedastele teemades ja tegevustes, milles Kliinikumi patsiendid raviteekonnal k\u00f5ige enam tuge ja teavet vajavad. Patsiendi infokeskusesse saavad p\u00f6\u00f6rduda k\u00f5ik Kliinikumi patsiendid esmasp\u00e4evast reedeni kell 9.00\u201312.00. N\u00f5u patsiendi teekonnal orienteerumiseks annavad patsiendi info- ja tugikeskuse spetsialistid ning aja broneerimine ei ole vajalik. Spetsialistid aitavad leida [&hellip;]\" \/>\n<meta property=\"og:url\" content=\"https:\/\/www.kliinikum.ee\/vahikeskus\/patsiendile\/tugiteenused\/noustamine-patsiendi-infokeskuses\/\" \/>\n<meta property=\"og:site_name\" content=\"V\u00e4hikeskus\" \/>\n<meta property=\"article:modified_time\" content=\"2023-09-05T06:39:00+00:00\" \/>\n<meta property=\"og:image\" content=\"https:\/\/www.kliinikum.ee\/vahikeskus\/wp-content\/uploads\/2023\/09\/patsiendiinfokeskus-680x400-1.webp\" \/>\n<meta name=\"twitter:card\" content=\"summary_large_image\" \/>\n<meta name=\"twitter:label1\" content=\"Est. reading time\" \/>\n\t<meta name=\"twitter:data1\" content=\"1 minut\" \/>\n<script type=\"application\/ld+json\" class=\"yoast-schema-graph\">{\"@context\":\"https:\/\/schema.org\",\"@graph\":[{\"@type\":\"WebPage\",\"@id\":\"https:\/\/www.kliinikum.ee\/vahikeskus\/patsiendile\/tugiteenused\/noustamine-patsiendi-infokeskuses\/\",\"url\":\"https:\/\/www.kliinikum.ee\/vahikeskus\/patsiendile\/tugiteenused\/noustamine-patsiendi-infokeskuses\/\",\"name\":\"N\u00f5ustamine patsiendi infokeskuses - V\u00e4hikeskus\",\"isPartOf\":{\"@id\":\"https:\/\/www.kliinikum.ee\/vahikeskus\/#website\"},\"primaryImageOfPage\":{\"@id\":\"https:\/\/www.kliinikum.ee\/vahikeskus\/patsiendile\/tugiteenused\/noustamine-patsiendi-infokeskuses\/#primaryimage\"},\"image\":{\"@id\":\"https:\/\/www.kliinikum.ee\/vahikeskus\/patsiendile\/tugiteenused\/noustamine-patsiendi-infokeskuses\/#primaryimage\"},\"thumbnailUrl\":\"https:\/\/www.kliinikum.ee\/vahikeskus\/wp-content\/uploads\/2023\/09\/patsiendiinfokeskus-680x400-1.webp\",\"datePublished\":\"2023-09-05T06:37:35+00:00\",\"dateModified\":\"2023-09-05T06:39:00+00:00\",\"breadcrumb\":{\"@id\":\"https:\/\/www.kliinikum.ee\/vahikeskus\/patsiendile\/tugiteenused\/noustamine-patsiendi-infokeskuses\/#breadcrumb\"},\"inLanguage\":\"et\",\"potentialAction\":[{\"@type\":\"ReadAction\",\"target\":[\"https:\/\/www.kliinikum.ee\/vahikeskus\/patsiendile\/tugiteenused\/noustamine-patsiendi-infokeskuses\/\"]}]},{\"@type\":\"ImageObject\",\"inLanguage\":\"et\",\"@id\":\"https:\/\/www.kliinikum.ee\/vahikeskus\/patsiendile\/tugiteenused\/noustamine-patsiendi-infokeskuses\/#primaryimage\",\"url\":\"https:\/\/www.kliinikum.ee\/vahikeskus\/wp-content\/uploads\/2023\/09\/patsiendiinfokeskus-680x400-1.webp\",\"contentUrl\":\"https:\/\/www.kliinikum.ee\/vahikeskus\/wp-content\/uploads\/2023\/09\/patsiendiinfokeskus-680x400-1.webp\",\"width\":680,\"height\":400},{\"@type\":\"BreadcrumbList\",\"@id\":\"https:\/\/www.kliinikum.ee\/vahikeskus\/patsiendile\/tugiteenused\/noustamine-patsiendi-infokeskuses\/#breadcrumb\",\"itemListElement\":[{\"@type\":\"ListItem\",\"position\":1,\"name\":\"Home\",\"item\":\"https:\/\/www.kliinikum.ee\/vahikeskus\/\"},{\"@type\":\"ListItem\",\"position\":2,\"name\":\"Patsiendile\",\"item\":\"https:\/\/www.kliinikum.ee\/vahikeskus\/patsiendile\/\"},{\"@type\":\"ListItem\",\"position\":3,\"name\":\"Tugiteenused\",\"item\":\"https:\/\/www.kliinikum.ee\/vahikeskus\/patsiendile\/tugiteenused\/\"},{\"@type\":\"ListItem\",\"position\":4,\"name\":\"N\u00f5ustamine patsiendi infokeskuses\"}]},{\"@type\":\"WebSite\",\"@id\":\"https:\/\/www.kliinikum.ee\/vahikeskus\/#website\",\"url\":\"https:\/\/www.kliinikum.ee\/vahikeskus\/\",\"name\":\"V\u00e4hikeskus\",\"description\":\"Hoolivus, Uuendusmeelsus, P\u00e4devus ja Usaldusv\u00e4\u00e4rsus\",\"potentialAction\":[{\"@type\":\"SearchAction\",\"target\":{\"@type\":\"EntryPoint\",\"urlTemplate\":\"https:\/\/www.kliinikum.ee\/vahikeskus\/?s={search_term_string}\"},\"query-input\":{\"@type\":\"PropertyValueSpecification\",\"valueRequired\":true,\"valueName\":\"search_term_string\"}}],\"inLanguage\":\"et\"}]}<\/script>\n<!-- \/ Yoast SEO plugin. -->","yoast_head_json":{"title":"N\u00f5ustamine patsiendi infokeskuses - V\u00e4hikeskus","robots":{"index":"index","follow":"follow","max-snippet":"max-snippet:-1","max-image-preview":"max-image-preview:large","max-video-preview":"max-video-preview:-1"},"canonical":"https:\/\/www.kliinikum.ee\/vahikeskus\/patsiendile\/tugiteenused\/noustamine-patsiendi-infokeskuses\/","og_locale":"et_EE","og_type":"article","og_title":"N\u00f5ustamine patsiendi infokeskuses - V\u00e4hikeskus","og_description":"Tartu \u00dclikooli Kliinikum pakub patsiendi infokeskuses n\u00f5ustamiseteenuseid nii patsientidele kui nende l\u00e4hedastele teemades ja tegevustes, milles Kliinikumi patsiendid raviteekonnal k\u00f5ige enam tuge ja teavet vajavad. Patsiendi infokeskusesse saavad p\u00f6\u00f6rduda k\u00f5ik Kliinikumi patsiendid esmasp\u00e4evast reedeni kell 9.00\u201312.00. N\u00f5u patsiendi teekonnal orienteerumiseks annavad patsiendi info- ja tugikeskuse spetsialistid ning aja broneerimine ei ole vajalik. Spetsialistid aitavad leida [&hellip;]","og_url":"https:\/\/www.kliinikum.ee\/vahikeskus\/patsiendile\/tugiteenused\/noustamine-patsiendi-infokeskuses\/","og_site_name":"V\u00e4hikeskus","article_modified_time":"2023-09-05T06:39:00+00:00","og_image":[{"url":"https:\/\/www.kliinikum.ee\/vahikeskus\/wp-content\/uploads\/2023\/09\/patsiendiinfokeskus-680x400-1.webp","type":"","width":"","height":""}],"twitter_card":"summary_large_image","twitter_misc":{"Est. reading time":"1 minut"},"schema":{"@context":"https:\/\/schema.org","@graph":[{"@type":"WebPage","@id":"https:\/\/www.kliinikum.ee\/vahikeskus\/patsiendile\/tugiteenused\/noustamine-patsiendi-infokeskuses\/","url":"https:\/\/www.kliinikum.ee\/vahikeskus\/patsiendile\/tugiteenused\/noustamine-patsiendi-infokeskuses\/","name":"N\u00f5ustamine patsiendi infokeskuses - V\u00e4hikeskus","isPartOf":{"@id":"https:\/\/www.kliinikum.ee\/vahikeskus\/#website"},"primaryImageOfPage":{"@id":"https:\/\/www.kliinikum.ee\/vahikeskus\/patsiendile\/tugiteenused\/noustamine-patsiendi-infokeskuses\/#primaryimage"},"image":{"@id":"https:\/\/www.kliinikum.ee\/vahikeskus\/patsiendile\/tugiteenused\/noustamine-patsiendi-infokeskuses\/#primaryimage"},"thumbnailUrl":"https:\/\/www.kliinikum.ee\/vahikeskus\/wp-content\/uploads\/2023\/09\/patsiendiinfokeskus-680x400-1.webp","datePublished":"2023-09-05T06:37:35+00:00","dateModified":"2023-09-05T06:39:00+00:00","breadcrumb":{"@id":"https:\/\/www.kliinikum.ee\/vahikeskus\/patsiendile\/tugiteenused\/noustamine-patsiendi-infokeskuses\/#breadcrumb"},"inLanguage":"et","potentialAction":[{"@type":"ReadAction","target":["https:\/\/www.kliinikum.ee\/vahikeskus\/patsiendile\/tugiteenused\/noustamine-patsiendi-infokeskuses\/"]}]},{"@type":"ImageObject","inLanguage":"et","@id":"https:\/\/www.kliinikum.ee\/vahikeskus\/patsiendile\/tugiteenused\/noustamine-patsiendi-infokeskuses\/#primaryimage","url":"https:\/\/www.kliinikum.ee\/vahikeskus\/wp-content\/uploads\/2023\/09\/patsiendiinfokeskus-680x400-1.webp","contentUrl":"https:\/\/www.kliinikum.ee\/vahikeskus\/wp-content\/uploads\/2023\/09\/patsiendiinfokeskus-680x400-1.webp","width":680,"height":400},{"@type":"BreadcrumbList","@id":"https:\/\/www.kliinikum.ee\/vahikeskus\/patsiendile\/tugiteenused\/noustamine-patsiendi-infokeskuses\/#breadcrumb","itemListElement":[{"@type":"ListItem","position":1,"name":"Home","item":"https:\/\/www.kliinikum.ee\/vahikeskus\/"},{"@type":"ListItem","position":2,"name":"Patsiendile","item":"https:\/\/www.kliinikum.ee\/vahikeskus\/patsiendile\/"},{"@type":"ListItem","position":3,"name":"Tugiteenused","item":"https:\/\/www.kliinikum.ee\/vahikeskus\/patsiendile\/tugiteenused\/"},{"@type":"ListItem","position":4,"name":"N\u00f5ustamine patsiendi infokeskuses"}]},{"@type":"WebSite","@id":"https:\/\/www.kliinikum.ee\/vahikeskus\/#website","url":"https:\/\/www.kliinikum.ee\/vahikeskus\/","name":"V\u00e4hikeskus","description":"Hoolivus, Uuendusmeelsus, P\u00e4devus ja Usaldusv\u00e4\u00e4rsus","potentialAction":[{"@type":"SearchAction","target":{"@type":"EntryPoint","urlTemplate":"https:\/\/www.kliinikum.ee\/vahikeskus\/?s={search_term_string}"},"query-input":{"@type":"PropertyValueSpecification","valueRequired":true,"valueName":"search_term_string"}}],"inLanguage":"et"}]}},"uagb_featured_image_src":{"full":false,"thumbnail":false,"medium":false,"medium_large":false,"large":false,"1536x1536":false,"2048x2048":false},"uagb_author_info":{"display_name":"Marge Kask","author_link":"https:\/\/www.kliinikum.ee\/vahikeskus\/author\/margekask\/"},"uagb_comment_info":0,"uagb_excerpt":"Tartu \u00dclikooli Kliinikum pakub patsiendi infokeskuses n\u00f5ustamiseteenuseid nii patsientidele kui nende l\u00e4hedastele teemades ja tegevustes, milles Kliinikumi patsiendid raviteekonnal k\u00f5ige enam tuge ja teavet vajavad. Patsiendi infokeskusesse saavad p\u00f6\u00f6rduda k\u00f5ik Kliinikumi patsiendid esmasp\u00e4evast reedeni kell 9.00\u201312.00. N\u00f5u patsiendi teekonnal orienteerumiseks annavad patsiendi info- ja tugikeskuse spetsialistid ning aja broneerimine ei ole vajalik. Spetsialistid aitavad leida&hellip;","_links":{"self":[{"href":"https:\/\/www.kliinikum.ee\/vahikeskus\/wp-json\/wp\/v2\/pages\/7256","targetHints":{"allow":["GET"]}}],"collection":[{"href":"https:\/\/www.kliinikum.ee\/vahikeskus\/wp-json\/wp\/v2\/pages"}],"about":[{"href":"https:\/\/www.kliinikum.ee\/vahikeskus\/wp-json\/wp\/v2\/types\/page"}],"author":[{"embeddable":true,"href":"https:\/\/www.kliinikum.ee\/vahikeskus\/wp-json\/wp\/v2\/users\/30"}],"replies":[{"embeddable":true,"href":"https:\/\/www.kliinikum.ee\/vahikeskus\/wp-json\/wp\/v2\/comments?post=7256"}],"version-history":[{"count":1,"href":"https:\/\/www.kliinikum.ee\/vahikeskus\/wp-json\/wp\/v2\/pages\/7256\/revisions"}],"predecessor-version":[{"id":7260,"href":"https:\/\/www.kliinikum.ee\/vahikeskus\/wp-json\/wp\/v2\/pages\/7256\/revisions\/7260"}],"up":[{"embeddable":true,"href":"https:\/\/www.kliinikum.ee\/vahikeskus\/wp-json\/wp\/v2\/pages\/5916"}],"wp:attachment":[{"href":"https:\/\/www.kliinikum.ee\/vahikeskus\/wp-json\/wp\/v2\/media?parent=7256"}],"curies":[{"name":"wp","href":"https:\/\/api.w.org\/{rel}","templated":true}]}}