{"id":7312,"date":"2023-11-29T10:32:57","date_gmt":"2023-11-29T08:32:57","guid":{"rendered":"https:\/\/www.kliinikum.ee\/vahikeskus\/?page_id=7312"},"modified":"2023-11-29T10:33:04","modified_gmt":"2023-11-29T08:33:04","slug":"valuravi","status":"publish","type":"page","link":"https:\/\/www.kliinikum.ee\/vahikeskus\/patsiendile\/ravi\/valuravi\/","title":{"rendered":"Valuravi"},"content":{"rendered":"\n<p>Valu on v\u00e4hkkasvajaga patsientidel \u00fcks p\u00f5hilisi kaebusi. Valu v\u00f5ib olla p\u00f5hjustatud kasvajast, kasvajavastasest ravist v\u00f5i kaasuvatest haigustest.<\/p>\n\n\n\n<p>Valu tugevuse hindamiseks kasutatakse visuaalset anaaloogskaalat v\u00f5i arvskaalat (0-10, mille puhul 0 t\u00e4hendab valu puudumist ja 10 viitab k\u00f5ige tugevamale valule). Patsient peaks v\u00f5imalikult t\u00e4pselt kirjeldama valu algust, tugevust, iseloomu, asukohta, valu leevendavaid ja vallandavaid tegureid. K\u00f5ikide v\u00e4hipaikmete ja -staadiumite puhul on valu leevendamiseks olemas erinevad raviv\u00f5imalused, et patsiendid ei peaks valu kannatama.<\/p>\n\n\n\n<p>Valuravi valik s\u00f5ltub valu t\u00fc\u00fcbist ja raskusastmest, samuti patsiendi \u00fcldisest tervislikust seisundist. Esmane ravi eesm\u00e4rk on valuvaba uneperioodi pikendamine. Sellele j\u00e4rgneb valu leevendamine j\u00f5udeolekus ja valu leevendamine siis kui patsient on aktiivne.<\/p>\n\n\n\n<p>Eelistatult manustatakse ravimeid suu kaudu (tabletid, kapslid). Kui see pole v\u00f5imalik, siis kas paikselt (plaastrid, geelid), veenisiseselt, naha alla v\u00f5i muul meetodil (n\u00e4iteks valuravipump).<\/p>\n\n\n\n<p>Valuravi v\u00f5ib olla m\u00e4\u00e4ratud regulaarseks v\u00f5i vajadusp\u00f5hiseks kasutamiseks. Valuvaigistit peab kasutama alati nii, nagu arst on soovitanud. Kui valuravi on m\u00e4\u00e4ratud regulaarseks kasutamiseks, siis peab valuvaigisteid v\u00f5tma kindla ajavahemiku j\u00e4rel.<\/p>\n\n\n\n<p>Valu ennetada ja kontrolli all hoida on lihtsam kui valu leevendada.<\/p>\n\n\n\n<p>Valuravi on individuaalne aga \u00fcldised p\u00f5him\u00f5tted on j\u00e4rgmised:<\/p>\n\n\n\n<ul class=\"wp-block-list\">\n<li>N\u00f5rka valu ravitakse mitte-opioidsete valuvaigistitega nagu paratsetamool v\u00f5i mittesteroidsed p\u00f5letikuvastased ravimid, n\u00e4iteks ibuprofeen, diklofenak). Neid v\u00f5ib kasutada eraldi v\u00f5i kombinatsioonis opioididega.<\/li>\n\n\n\n<li>N\u00f5rka kuni keskmist valu saab ravida n\u00f5rkade opioididega nagu kodeiin, dih\u00fcdrokodeiin v\u00f5i tramadool. Neid v\u00f5idakse kasutada koos mitte-opioidsete valuvaigistitega.<\/li>\n\n\n\n<li>Keskmist kuni tugevat valu ravitakse tavaliselt tugevate opioididega nagu morfiin, oks\u00fckodoon ja fentan\u00fc\u00fcl.<\/li>\n\n\n\n<li>L\u00e4bil\u00f6\u00f6givalu raviks kasutatakse l\u00fchitoimelisi opioide, n\u00e4iteks morfiin, oks\u00fckodoon ja fentan\u00fc\u00fcl.<\/li>\n\n\n\n<li>Luumetastaasidest tingitud valu saab leevendada kiiritusraviga, bisfosfonaatide, denosumabi ja ka valuvaigistitega. Bisfosfonaadid ja denosumab ei ole valuvaigistid, aga need v\u00f5ivad luuvalu teket edasi l\u00fckata ja aidata v\u00e4ltida luumurdude teket.<\/li>\n\n\n\n<li>Metastaasidest tingitud seljaaju kompressioonist p\u00f5hjustatud (seljaaju pitsumine) valu korral rakendatakse kiiritusravi, ka koos steroididega, vahel ka kirurgilist ravi kasvaja eemaldamiseks v\u00f5i selgrool\u00fcli stabiliseerimiseks.<\/li>\n\n\n\n<li>Neuropaatilist valu, mille p\u00f5hjuseks v\u00f5ib olla kasvaja, kasvajavastane ravi v\u00f5i infektsioonid (n\u00e4iteks herpesviirus) saab leevendada gabapentiini, pregabaliini ja teatud antidepressantidega.<\/li>\n<\/ul>\n\n\n\n<p>P\u00fcsiv valu, mida ei ole v\u00f5imalik leevendada tavap\u00e4rase raviga, v\u00f5ib n\u00f5uda invasiivsemaid ravi strateegiaid, mida soovitab raviarst.<\/p>\n\n\n\n<p>Valuravi k\u00f5rvaltoimed :<\/p>\n\n\n\n<ul class=\"wp-block-list\">\n<li>Mittesteroidsed p\u00f5letikuvastased ravimid v\u00f5ivad tekitada seedetrakti k\u00f5rvaltoimeid.<\/li>\n\n\n\n<li>Opioidide k\u00f5rvaltoimetena v\u00f5ib esineda k\u00f5hukinnisust, iiveldust, oksendamist ja uimasust. Enamik opioidide k\u00f5rvaltoimeid leevenevad ravimi annuse v\u00e4hendamisel, ravimi vahetamisel v\u00f5i k\u00f5rvaltoimeid leevendava raviga (n\u00e4iteks lahtistite kasutamisega k\u00f5hukinnisuse ennetamiseks).<\/li>\n\n\n\n<li>Kiiritusravi k\u00f5rvaltoimeks v\u00f5ib olla v\u00e4simus ja naha \u00e4rritus ravitavas piirkonnas. Vahel v\u00f5ib kiiritusravi p\u00f5hjustada ajutist valu \u00e4genemist.<\/li>\n<\/ul>\n\n\n\n<p>Kasvaja korral esinev valu v\u00f5ib vajada pidevat ja pikaaegset ravi. Kui valu p\u00fcsib vaatamata plaanij\u00e4rgsele ravimite manustamisele, kui esinevad sagedased l\u00e4bil\u00f6\u00f6givalu episoodid ja h\u00e4irivad k\u00f5rvaltoimed, v\u00f5tta kindlasti \u00fchendust raviarsti v\u00f5i \u00f5de-n\u00f5ustajaga.<\/p>\n\n\n\n<p>Lisainfo ja kasutatud allikad: <a href=\"https:\/\/www.esmo.org\/for-patients\/patient-guides\/cancer-pain-management\">ESMO Patient Guide on Cancer Pain Management<\/a><\/p>\n\n\n\n<div style=\"height:43px\" aria-hidden=\"true\" class=\"wp-block-spacer\"><\/div>\n\n\n\n<h2 class=\"wp-block-heading\">Kroonilise valuravi kabineti vastuv\u00f5tud<\/h2>\n\n\n\n<p>Vastuv\u00f5tule on v\u00f5imalik registreeruda \u00fcldise registreerimise telefonil 731 9100. Vastuv\u00f5tule saavad suunata nii pere- kui ka eriarstid (vajalik saatekiri).<\/p>\n\n\n\n<div class=\"wp-block-uagb-team uagb-team__image-position-left uagb-team__align-left uagb-team__stack-tablet uagb-block-1dcb1b1d\"><img decoding=\"async\" class=\"uagb-team__image-crop-circle\" src=\"https:\/\/www.kliinikum.ee\/vahikeskus\/wp-content\/plugins\/ultimate-addons-for-gutenberg\/\/admin\/assets\/images\/placeholder.png\" alt=\"\" height=\"100\" width=\"100\" loading=\"lazy\"\/><div class=\"uagb-team__content\"><h3 class=\"uagb-team__title\">Svetlana Ussova<\/h3><span class=\"uagb-team__prefix\">Vanemarst-\u00f5ppej\u00f5ud anestesioloogia erialal<\/span><p class=\"uagb-team__desc\">Krooniline valuravi, Anestesioloogia ja intensiivravi kliinik<\/p><\/div><\/div>\n\n\n\n<div class=\"wp-block-uagb-team uagb-team__image-position-left uagb-team__align-left uagb-team__stack-tablet uagb-block-3eef3eb8\"><img decoding=\"async\" class=\"uagb-team__image-crop-circle\" src=\"https:\/\/www.kliinikum.ee\/vahikeskus\/wp-content\/plugins\/ultimate-addons-for-gutenberg\/\/admin\/assets\/images\/placeholder.png\" alt=\"\" height=\"100\" width=\"100\" loading=\"lazy\"\/><div class=\"uagb-team__content\"><h3 class=\"uagb-team__title\">Mare Kubjas<\/h3><span class=\"uagb-team__prefix\">Vanemarst-\u00f5ppej\u00f5ud anestesioloogia erialal<\/span><p class=\"uagb-team__desc\">Krooniline valuravi, Anestesioloogia ja intensiivravi kliinik<\/p><\/div><\/div>\n\n\n\n<div style=\"height:43px\" aria-hidden=\"true\" class=\"wp-block-spacer\"><\/div>\n\n\n\n<h2 class=\"wp-block-heading\">Toetava ravi (palliatiivravi, k.a. valuravi) vastuv\u00f5tud<\/h2>\n\n\n\n<p>Vastuv\u00f5tule on v\u00f5imalik registreeruda \u00fcldise registreerimise telefonil 731 9100. Vastuv\u00f5tule saavad suunata nii pere- kui ka eriarstid (vajalik saatekiri). <\/p>\n\n\n\n<p>Palliatiivravi vastuv\u00f5ttu puudutavates k\u00fcsimustes helistada \u00f5de-koordinaatori telefonil 7317113.<\/p>\n\n\n\n<div class=\"wp-block-uagb-team uagb-team__image-position-left uagb-team__align-left uagb-team__stack-tablet uagb-block-877e4f53\"><img decoding=\"async\" class=\"uagb-team__image-crop-circle\" src=\"https:\/\/www.kliinikum.ee\/vahikeskus\/wp-content\/plugins\/ultimate-addons-for-gutenberg\/\/admin\/assets\/images\/placeholder.png\" alt=\"\" height=\"100\" width=\"100\" loading=\"lazy\"\/><div class=\"uagb-team__content\"><h3 class=\"uagb-team__title\">Ulvi Ragun<\/h3><span class=\"uagb-team__prefix\">Arst-\u00f5ppej\u00f5ud sisehaiguste erialal<\/span><p class=\"uagb-team__desc\">Toetav ravi, Hematoloogia-onkoloogia kliinik<\/p><\/div><\/div>\n\n\n\n<div class=\"wp-block-uagb-team uagb-team__image-position-left uagb-team__align-left uagb-team__stack-tablet uagb-block-3b63045f\"><img decoding=\"async\" class=\"uagb-team__image-crop-circle\" src=\"https:\/\/www.kliinikum.ee\/vahikeskus\/wp-content\/plugins\/ultimate-addons-for-gutenberg\/\/admin\/assets\/images\/placeholder.png\" alt=\"\" height=\"100\" width=\"100\" loading=\"lazy\"\/><div class=\"uagb-team__content\"><h3 class=\"uagb-team__title\">Heli Taro<\/h3><span class=\"uagb-team__prefix\">Arst-\u00f5ppej\u00f5ud sisehaiguste, sh palliatiivravi erialal<\/span><p class=\"uagb-team__desc\">Palliatiivravi, Spordimeditsiini ja taastusravi kliinik<\/p><\/div><\/div>\n\n\n\n<div class=\"wp-block-uagb-team uagb-team__image-position-left uagb-team__align-left uagb-team__stack-tablet uagb-block-4c1e247d\"><img decoding=\"async\" class=\"uagb-team__image-crop-circle\" src=\"https:\/\/www.kliinikum.ee\/vahikeskus\/wp-content\/plugins\/ultimate-addons-for-gutenberg\/\/admin\/assets\/images\/placeholder.png\" alt=\"\" height=\"100\" width=\"100\" loading=\"lazy\"\/><div class=\"uagb-team__content\"><h3 class=\"uagb-team__title\">Eva Hirse<\/h3><span class=\"uagb-team__prefix\">Arst-\u00f5ppej\u00f5ud sisehaiguste, sh palliatiivravi erialal<\/span><p class=\"uagb-team__desc\">Palliatiivravi, Spordimeditsiini ja taastusravi kliinik<\/p><\/div><\/div>\n\n\n\n<div class=\"wp-block-uagb-team uagb-team__image-position-left uagb-team__align-left uagb-team__stack-tablet uagb-block-d52f079d\"><img decoding=\"async\" class=\"uagb-team__image-crop-circle\" src=\"https:\/\/www.kliinikum.ee\/vahikeskus\/wp-content\/plugins\/ultimate-addons-for-gutenberg\/\/admin\/assets\/images\/placeholder.png\" alt=\"\" height=\"100\" width=\"100\" loading=\"lazy\"\/><div class=\"uagb-team__content\"><h3 class=\"uagb-team__title\">Anne Einseli<\/h3><span class=\"uagb-team__prefix\">Arst-\u00f5ppej\u00f5ud sisehaiguste, sh palliatiivravi erialal<\/span><p class=\"uagb-team__desc\">Palliatiivravi, Spordimeditsiini ja taastusravi kliinik<\/p><\/div><\/div>\n","protected":false},"excerpt":{"rendered":"<p>Valu on v\u00e4hkkasvajaga patsientidel \u00fcks p\u00f5hilisi kaebusi. Valu v\u00f5ib olla p\u00f5hjustatud kasvajast, kasvajavastasest ravist v\u00f5i kaasuvatest haigustest. Valu tugevuse hindamiseks kasutatakse visuaalset anaaloogskaalat v\u00f5i arvskaalat (0-10, mille puhul 0 t\u00e4hendab valu puudumist ja 10 viitab k\u00f5ige tugevamale valule). Patsient peaks v\u00f5imalikult t\u00e4pselt kirjeldama valu algust, tugevust, iseloomu, asukohta, valu leevendavaid ja vallandavaid tegureid. K\u00f5ikide v\u00e4hipaikmete [&hellip;]<\/p>\n","protected":false},"author":30,"featured_media":0,"parent":5914,"menu_order":7,"comment_status":"closed","ping_status":"closed","template":"","meta":{"_acf_changed":false,"_uag_custom_page_level_css":"","footnotes":""},"class_list":["post-7312","page","type-page","status-publish","hentry"],"acf":[],"yoast_head":"<!-- This site is optimized with the Yoast SEO plugin v27.3 - https:\/\/yoast.com\/product\/yoast-seo-wordpress\/ -->\n<title>Valuravi - V\u00e4hikeskus<\/title>\n<meta name=\"robots\" content=\"index, follow, max-snippet:-1, max-image-preview:large, max-video-preview:-1\" \/>\n<link rel=\"canonical\" href=\"https:\/\/www.kliinikum.ee\/vahikeskus\/patsiendile\/ravi\/valuravi\/\" \/>\n<meta property=\"og:locale\" content=\"et_EE\" \/>\n<meta property=\"og:type\" content=\"article\" \/>\n<meta property=\"og:title\" content=\"Valuravi - V\u00e4hikeskus\" \/>\n<meta property=\"og:description\" content=\"Valu on v\u00e4hkkasvajaga patsientidel \u00fcks p\u00f5hilisi kaebusi. Valu v\u00f5ib olla p\u00f5hjustatud kasvajast, kasvajavastasest ravist v\u00f5i kaasuvatest haigustest. Valu tugevuse hindamiseks kasutatakse visuaalset anaaloogskaalat v\u00f5i arvskaalat (0-10, mille puhul 0 t\u00e4hendab valu puudumist ja 10 viitab k\u00f5ige tugevamale valule). Patsient peaks v\u00f5imalikult t\u00e4pselt kirjeldama valu algust, tugevust, iseloomu, asukohta, valu leevendavaid ja vallandavaid tegureid. K\u00f5ikide v\u00e4hipaikmete [&hellip;]\" \/>\n<meta property=\"og:url\" content=\"https:\/\/www.kliinikum.ee\/vahikeskus\/patsiendile\/ravi\/valuravi\/\" \/>\n<meta property=\"og:site_name\" content=\"V\u00e4hikeskus\" \/>\n<meta property=\"article:modified_time\" content=\"2023-11-29T08:33:04+00:00\" \/>\n<meta property=\"og:image\" content=\"https:\/\/www.kliinikum.ee\/vahikeskus\/wp-content\/plugins\/ultimate-addons-for-gutenberg\/\/admin\/assets\/images\/placeholder.png\" \/>\n<meta name=\"twitter:card\" content=\"summary_large_image\" \/>\n<meta name=\"twitter:label1\" content=\"Est. reading time\" \/>\n\t<meta name=\"twitter:data1\" content=\"5 minutit\" \/>\n<script type=\"application\/ld+json\" class=\"yoast-schema-graph\">{\"@context\":\"https:\\\/\\\/schema.org\",\"@graph\":[{\"@type\":\"WebPage\",\"@id\":\"https:\\\/\\\/www.kliinikum.ee\\\/vahikeskus\\\/patsiendile\\\/ravi\\\/valuravi\\\/\",\"url\":\"https:\\\/\\\/www.kliinikum.ee\\\/vahikeskus\\\/patsiendile\\\/ravi\\\/valuravi\\\/\",\"name\":\"Valuravi - V\u00e4hikeskus\",\"isPartOf\":{\"@id\":\"https:\\\/\\\/www.kliinikum.ee\\\/vahikeskus\\\/#website\"},\"primaryImageOfPage\":{\"@id\":\"https:\\\/\\\/www.kliinikum.ee\\\/vahikeskus\\\/patsiendile\\\/ravi\\\/valuravi\\\/#primaryimage\"},\"image\":{\"@id\":\"https:\\\/\\\/www.kliinikum.ee\\\/vahikeskus\\\/patsiendile\\\/ravi\\\/valuravi\\\/#primaryimage\"},\"thumbnailUrl\":\"https:\\\/\\\/www.kliinikum.ee\\\/vahikeskus\\\/wp-content\\\/plugins\\\/ultimate-addons-for-gutenberg\\\/\\\/admin\\\/assets\\\/images\\\/placeholder.png\",\"datePublished\":\"2023-11-29T08:32:57+00:00\",\"dateModified\":\"2023-11-29T08:33:04+00:00\",\"breadcrumb\":{\"@id\":\"https:\\\/\\\/www.kliinikum.ee\\\/vahikeskus\\\/patsiendile\\\/ravi\\\/valuravi\\\/#breadcrumb\"},\"inLanguage\":\"et\",\"potentialAction\":[{\"@type\":\"ReadAction\",\"target\":[\"https:\\\/\\\/www.kliinikum.ee\\\/vahikeskus\\\/patsiendile\\\/ravi\\\/valuravi\\\/\"]}]},{\"@type\":\"ImageObject\",\"inLanguage\":\"et\",\"@id\":\"https:\\\/\\\/www.kliinikum.ee\\\/vahikeskus\\\/patsiendile\\\/ravi\\\/valuravi\\\/#primaryimage\",\"url\":\"https:\\\/\\\/www.kliinikum.ee\\\/vahikeskus\\\/wp-content\\\/plugins\\\/ultimate-addons-for-gutenberg\\\/\\\/admin\\\/assets\\\/images\\\/placeholder.png\",\"contentUrl\":\"https:\\\/\\\/www.kliinikum.ee\\\/vahikeskus\\\/wp-content\\\/plugins\\\/ultimate-addons-for-gutenberg\\\/\\\/admin\\\/assets\\\/images\\\/placeholder.png\"},{\"@type\":\"BreadcrumbList\",\"@id\":\"https:\\\/\\\/www.kliinikum.ee\\\/vahikeskus\\\/patsiendile\\\/ravi\\\/valuravi\\\/#breadcrumb\",\"itemListElement\":[{\"@type\":\"ListItem\",\"position\":1,\"name\":\"Home\",\"item\":\"https:\\\/\\\/www.kliinikum.ee\\\/vahikeskus\\\/\"},{\"@type\":\"ListItem\",\"position\":2,\"name\":\"Patsiendile\",\"item\":\"https:\\\/\\\/www.kliinikum.ee\\\/vahikeskus\\\/patsiendile\\\/\"},{\"@type\":\"ListItem\",\"position\":3,\"name\":\"Ravi\",\"item\":\"https:\\\/\\\/www.kliinikum.ee\\\/vahikeskus\\\/patsiendile\\\/ravi\\\/\"},{\"@type\":\"ListItem\",\"position\":4,\"name\":\"Valuravi\"}]},{\"@type\":\"WebSite\",\"@id\":\"https:\\\/\\\/www.kliinikum.ee\\\/vahikeskus\\\/#website\",\"url\":\"https:\\\/\\\/www.kliinikum.ee\\\/vahikeskus\\\/\",\"name\":\"V\u00e4hikeskus\",\"description\":\"Hoolivus, Uuendusmeelsus, P\u00e4devus ja Usaldusv\u00e4\u00e4rsus\",\"potentialAction\":[{\"@type\":\"SearchAction\",\"target\":{\"@type\":\"EntryPoint\",\"urlTemplate\":\"https:\\\/\\\/www.kliinikum.ee\\\/vahikeskus\\\/?s={search_term_string}\"},\"query-input\":{\"@type\":\"PropertyValueSpecification\",\"valueRequired\":true,\"valueName\":\"search_term_string\"}}],\"inLanguage\":\"et\"}]}<\/script>\n<!-- \/ Yoast SEO plugin. -->","yoast_head_json":{"title":"Valuravi - V\u00e4hikeskus","robots":{"index":"index","follow":"follow","max-snippet":"max-snippet:-1","max-image-preview":"max-image-preview:large","max-video-preview":"max-video-preview:-1"},"canonical":"https:\/\/www.kliinikum.ee\/vahikeskus\/patsiendile\/ravi\/valuravi\/","og_locale":"et_EE","og_type":"article","og_title":"Valuravi - V\u00e4hikeskus","og_description":"Valu on v\u00e4hkkasvajaga patsientidel \u00fcks p\u00f5hilisi kaebusi. Valu v\u00f5ib olla p\u00f5hjustatud kasvajast, kasvajavastasest ravist v\u00f5i kaasuvatest haigustest. Valu tugevuse hindamiseks kasutatakse visuaalset anaaloogskaalat v\u00f5i arvskaalat (0-10, mille puhul 0 t\u00e4hendab valu puudumist ja 10 viitab k\u00f5ige tugevamale valule). Patsient peaks v\u00f5imalikult t\u00e4pselt kirjeldama valu algust, tugevust, iseloomu, asukohta, valu leevendavaid ja vallandavaid tegureid. K\u00f5ikide v\u00e4hipaikmete [&hellip;]","og_url":"https:\/\/www.kliinikum.ee\/vahikeskus\/patsiendile\/ravi\/valuravi\/","og_site_name":"V\u00e4hikeskus","article_modified_time":"2023-11-29T08:33:04+00:00","og_image":[{"url":"https:\/\/www.kliinikum.ee\/vahikeskus\/wp-content\/plugins\/ultimate-addons-for-gutenberg\/\/admin\/assets\/images\/placeholder.png","type":"","width":"","height":""}],"twitter_card":"summary_large_image","twitter_misc":{"Est. reading time":"5 minutit"},"schema":{"@context":"https:\/\/schema.org","@graph":[{"@type":"WebPage","@id":"https:\/\/www.kliinikum.ee\/vahikeskus\/patsiendile\/ravi\/valuravi\/","url":"https:\/\/www.kliinikum.ee\/vahikeskus\/patsiendile\/ravi\/valuravi\/","name":"Valuravi - V\u00e4hikeskus","isPartOf":{"@id":"https:\/\/www.kliinikum.ee\/vahikeskus\/#website"},"primaryImageOfPage":{"@id":"https:\/\/www.kliinikum.ee\/vahikeskus\/patsiendile\/ravi\/valuravi\/#primaryimage"},"image":{"@id":"https:\/\/www.kliinikum.ee\/vahikeskus\/patsiendile\/ravi\/valuravi\/#primaryimage"},"thumbnailUrl":"https:\/\/www.kliinikum.ee\/vahikeskus\/wp-content\/plugins\/ultimate-addons-for-gutenberg\/\/admin\/assets\/images\/placeholder.png","datePublished":"2023-11-29T08:32:57+00:00","dateModified":"2023-11-29T08:33:04+00:00","breadcrumb":{"@id":"https:\/\/www.kliinikum.ee\/vahikeskus\/patsiendile\/ravi\/valuravi\/#breadcrumb"},"inLanguage":"et","potentialAction":[{"@type":"ReadAction","target":["https:\/\/www.kliinikum.ee\/vahikeskus\/patsiendile\/ravi\/valuravi\/"]}]},{"@type":"ImageObject","inLanguage":"et","@id":"https:\/\/www.kliinikum.ee\/vahikeskus\/patsiendile\/ravi\/valuravi\/#primaryimage","url":"https:\/\/www.kliinikum.ee\/vahikeskus\/wp-content\/plugins\/ultimate-addons-for-gutenberg\/\/admin\/assets\/images\/placeholder.png","contentUrl":"https:\/\/www.kliinikum.ee\/vahikeskus\/wp-content\/plugins\/ultimate-addons-for-gutenberg\/\/admin\/assets\/images\/placeholder.png"},{"@type":"BreadcrumbList","@id":"https:\/\/www.kliinikum.ee\/vahikeskus\/patsiendile\/ravi\/valuravi\/#breadcrumb","itemListElement":[{"@type":"ListItem","position":1,"name":"Home","item":"https:\/\/www.kliinikum.ee\/vahikeskus\/"},{"@type":"ListItem","position":2,"name":"Patsiendile","item":"https:\/\/www.kliinikum.ee\/vahikeskus\/patsiendile\/"},{"@type":"ListItem","position":3,"name":"Ravi","item":"https:\/\/www.kliinikum.ee\/vahikeskus\/patsiendile\/ravi\/"},{"@type":"ListItem","position":4,"name":"Valuravi"}]},{"@type":"WebSite","@id":"https:\/\/www.kliinikum.ee\/vahikeskus\/#website","url":"https:\/\/www.kliinikum.ee\/vahikeskus\/","name":"V\u00e4hikeskus","description":"Hoolivus, Uuendusmeelsus, P\u00e4devus ja Usaldusv\u00e4\u00e4rsus","potentialAction":[{"@type":"SearchAction","target":{"@type":"EntryPoint","urlTemplate":"https:\/\/www.kliinikum.ee\/vahikeskus\/?s={search_term_string}"},"query-input":{"@type":"PropertyValueSpecification","valueRequired":true,"valueName":"search_term_string"}}],"inLanguage":"et"}]}},"uagb_featured_image_src":{"full":false,"thumbnail":false,"medium":false,"medium_large":false,"large":false,"1536x1536":false,"2048x2048":false},"uagb_author_info":{"display_name":"Marge Kask","author_link":"https:\/\/www.kliinikum.ee\/vahikeskus\/author\/margekask\/"},"uagb_comment_info":0,"uagb_excerpt":"Valu on v\u00e4hkkasvajaga patsientidel \u00fcks p\u00f5hilisi kaebusi. Valu v\u00f5ib olla p\u00f5hjustatud kasvajast, kasvajavastasest ravist v\u00f5i kaasuvatest haigustest. Valu tugevuse hindamiseks kasutatakse visuaalset anaaloogskaalat v\u00f5i arvskaalat (0-10, mille puhul 0 t\u00e4hendab valu puudumist ja 10 viitab k\u00f5ige tugevamale valule). Patsient peaks v\u00f5imalikult t\u00e4pselt kirjeldama valu algust, tugevust, iseloomu, asukohta, valu leevendavaid ja vallandavaid tegureid. K\u00f5ikide v\u00e4hipaikmete&hellip;","_links":{"self":[{"href":"https:\/\/www.kliinikum.ee\/vahikeskus\/wp-json\/wp\/v2\/pages\/7312","targetHints":{"allow":["GET"]}}],"collection":[{"href":"https:\/\/www.kliinikum.ee\/vahikeskus\/wp-json\/wp\/v2\/pages"}],"about":[{"href":"https:\/\/www.kliinikum.ee\/vahikeskus\/wp-json\/wp\/v2\/types\/page"}],"author":[{"embeddable":true,"href":"https:\/\/www.kliinikum.ee\/vahikeskus\/wp-json\/wp\/v2\/users\/30"}],"replies":[{"embeddable":true,"href":"https:\/\/www.kliinikum.ee\/vahikeskus\/wp-json\/wp\/v2\/comments?post=7312"}],"version-history":[{"count":0,"href":"https:\/\/www.kliinikum.ee\/vahikeskus\/wp-json\/wp\/v2\/pages\/7312\/revisions"}],"up":[{"embeddable":true,"href":"https:\/\/www.kliinikum.ee\/vahikeskus\/wp-json\/wp\/v2\/pages\/5914"}],"wp:attachment":[{"href":"https:\/\/www.kliinikum.ee\/vahikeskus\/wp-json\/wp\/v2\/media?parent=7312"}],"curies":[{"name":"wp","href":"https:\/\/api.w.org\/{rel}","templated":true}]}}