{"id":7343,"date":"2023-11-06T15:35:23","date_gmt":"2023-11-06T13:35:23","guid":{"rendered":"https:\/\/www.kliinikum.ee\/vahikeskus\/?page_id=7343"},"modified":"2023-11-06T15:37:29","modified_gmt":"2023-11-06T13:37:29","slug":"rinnakabinet","status":"publish","type":"page","link":"https:\/\/www.kliinikum.ee\/vahikeskus\/patsiendile\/ennetus\/rinnakabinet\/","title":{"rendered":"Rinnakabinet"},"content":{"rendered":"\n<p>SA Tartu \u00dclikooli Kliinikumi rinnakabinet asub Kvartali kaubanduskeskuses, Riia tn 2, esimesel korrusel.<\/p>\n\n\n\n<p>Rinnakabinetis t\u00f6\u00f6tavad naistekliiniku \u00e4mmaemandad (Triinu Adlas, Irina Daveynis, Anne Ilves), kes kuulavad \u00e4ra mured, n\u00f5ustavad, teostavad l\u00e4bivaatuse, l\u00e4htuvalt olukorrast vormistavad saatekirja edasisteks uuringuteks. S\u00f5ltuvalt uuringute tulemustest suunatakse patsient vajadusp\u00f5hiselt edasi arsti vastuv\u00f5tule.<\/p>\n\n\n\n<p>Rinnakabinetti p\u00f6\u00f6rdumiseks ei ole saatekiri vajalik. Tervisekassa poolt kindlustatud patsiendile on teenus tasuta.<\/p>\n\n\n\n<p>Lisainfo: <a href=\"https:\/\/www.kliinikum.ee\/naistekliinik\/osakonnad\/rinnakabinet\/\">Rinnakabinet<\/a><\/p>\n","protected":false},"excerpt":{"rendered":"<p>SA Tartu \u00dclikooli Kliinikumi rinnakabinet asub Kvartali kaubanduskeskuses, Riia tn 2, esimesel korrusel. Rinnakabinetis t\u00f6\u00f6tavad naistekliiniku \u00e4mmaemandad (Triinu Adlas, Irina Daveynis, Anne Ilves), kes kuulavad \u00e4ra mured, n\u00f5ustavad, teostavad l\u00e4bivaatuse, l\u00e4htuvalt olukorrast vormistavad saatekirja edasisteks uuringuteks. S\u00f5ltuvalt uuringute tulemustest suunatakse patsient vajadusp\u00f5hiselt edasi arsti vastuv\u00f5tule. Rinnakabinetti p\u00f6\u00f6rdumiseks ei ole saatekiri vajalik. Tervisekassa poolt kindlustatud patsiendile [&hellip;]<\/p>\n","protected":false},"author":30,"featured_media":0,"parent":5908,"menu_order":2,"comment_status":"closed","ping_status":"closed","template":"","meta":{"_acf_changed":false,"_uag_custom_page_level_css":"","footnotes":""},"class_list":["post-7343","page","type-page","status-publish","hentry"],"acf":[],"yoast_head":"<!-- This site is optimized with the Yoast SEO plugin v27.3 - https:\/\/yoast.com\/product\/yoast-seo-wordpress\/ -->\n<title>Rinnakabinet - V\u00e4hikeskus<\/title>\n<meta name=\"description\" content=\"SA Tartu \u00dclikooli Kliinikumi rinnakabinet asub Kvartali kaubanduskeskuses, Riia tn 2, esimesel korrusel.\" \/>\n<meta name=\"robots\" content=\"index, follow, max-snippet:-1, max-image-preview:large, max-video-preview:-1\" \/>\n<link rel=\"canonical\" href=\"https:\/\/www.kliinikum.ee\/vahikeskus\/patsiendile\/ennetus\/rinnakabinet\/\" \/>\n<meta property=\"og:locale\" content=\"et_EE\" \/>\n<meta property=\"og:type\" content=\"article\" \/>\n<meta property=\"og:title\" content=\"Rinnakabinet - V\u00e4hikeskus\" \/>\n<meta property=\"og:description\" content=\"SA Tartu \u00dclikooli Kliinikumi rinnakabinet asub Kvartali kaubanduskeskuses, Riia tn 2, esimesel korrusel.\" \/>\n<meta property=\"og:url\" content=\"https:\/\/www.kliinikum.ee\/vahikeskus\/patsiendile\/ennetus\/rinnakabinet\/\" \/>\n<meta property=\"og:site_name\" content=\"V\u00e4hikeskus\" \/>\n<meta property=\"article:modified_time\" content=\"2023-11-06T13:37:29+00:00\" \/>\n<meta name=\"twitter:card\" content=\"summary_large_image\" \/>\n<meta name=\"twitter:label1\" content=\"Est. reading time\" \/>\n\t<meta name=\"twitter:data1\" content=\"1 minut\" \/>\n<script type=\"application\/ld+json\" class=\"yoast-schema-graph\">{\"@context\":\"https:\\\/\\\/schema.org\",\"@graph\":[{\"@type\":\"WebPage\",\"@id\":\"https:\\\/\\\/www.kliinikum.ee\\\/vahikeskus\\\/patsiendile\\\/ennetus\\\/rinnakabinet\\\/\",\"url\":\"https:\\\/\\\/www.kliinikum.ee\\\/vahikeskus\\\/patsiendile\\\/ennetus\\\/rinnakabinet\\\/\",\"name\":\"Rinnakabinet - V\u00e4hikeskus\",\"isPartOf\":{\"@id\":\"https:\\\/\\\/www.kliinikum.ee\\\/vahikeskus\\\/#website\"},\"datePublished\":\"2023-11-06T13:35:23+00:00\",\"dateModified\":\"2023-11-06T13:37:29+00:00\",\"description\":\"SA Tartu \u00dclikooli Kliinikumi rinnakabinet asub Kvartali kaubanduskeskuses, Riia tn 2, esimesel korrusel.\",\"breadcrumb\":{\"@id\":\"https:\\\/\\\/www.kliinikum.ee\\\/vahikeskus\\\/patsiendile\\\/ennetus\\\/rinnakabinet\\\/#breadcrumb\"},\"inLanguage\":\"et\",\"potentialAction\":[{\"@type\":\"ReadAction\",\"target\":[\"https:\\\/\\\/www.kliinikum.ee\\\/vahikeskus\\\/patsiendile\\\/ennetus\\\/rinnakabinet\\\/\"]}]},{\"@type\":\"BreadcrumbList\",\"@id\":\"https:\\\/\\\/www.kliinikum.ee\\\/vahikeskus\\\/patsiendile\\\/ennetus\\\/rinnakabinet\\\/#breadcrumb\",\"itemListElement\":[{\"@type\":\"ListItem\",\"position\":1,\"name\":\"Home\",\"item\":\"https:\\\/\\\/www.kliinikum.ee\\\/vahikeskus\\\/\"},{\"@type\":\"ListItem\",\"position\":2,\"name\":\"Patsiendile\",\"item\":\"https:\\\/\\\/www.kliinikum.ee\\\/vahikeskus\\\/patsiendile\\\/\"},{\"@type\":\"ListItem\",\"position\":3,\"name\":\"Ennetus\",\"item\":\"https:\\\/\\\/www.kliinikum.ee\\\/vahikeskus\\\/patsiendile\\\/ennetus\\\/\"},{\"@type\":\"ListItem\",\"position\":4,\"name\":\"Rinnakabinet\"}]},{\"@type\":\"WebSite\",\"@id\":\"https:\\\/\\\/www.kliinikum.ee\\\/vahikeskus\\\/#website\",\"url\":\"https:\\\/\\\/www.kliinikum.ee\\\/vahikeskus\\\/\",\"name\":\"V\u00e4hikeskus\",\"description\":\"Hoolivus, Uuendusmeelsus, P\u00e4devus ja Usaldusv\u00e4\u00e4rsus\",\"potentialAction\":[{\"@type\":\"SearchAction\",\"target\":{\"@type\":\"EntryPoint\",\"urlTemplate\":\"https:\\\/\\\/www.kliinikum.ee\\\/vahikeskus\\\/?s={search_term_string}\"},\"query-input\":{\"@type\":\"PropertyValueSpecification\",\"valueRequired\":true,\"valueName\":\"search_term_string\"}}],\"inLanguage\":\"et\"}]}<\/script>\n<!-- \/ Yoast SEO plugin. -->","yoast_head_json":{"title":"Rinnakabinet - V\u00e4hikeskus","description":"SA Tartu \u00dclikooli Kliinikumi rinnakabinet asub Kvartali kaubanduskeskuses, Riia tn 2, esimesel korrusel.","robots":{"index":"index","follow":"follow","max-snippet":"max-snippet:-1","max-image-preview":"max-image-preview:large","max-video-preview":"max-video-preview:-1"},"canonical":"https:\/\/www.kliinikum.ee\/vahikeskus\/patsiendile\/ennetus\/rinnakabinet\/","og_locale":"et_EE","og_type":"article","og_title":"Rinnakabinet - V\u00e4hikeskus","og_description":"SA Tartu \u00dclikooli Kliinikumi rinnakabinet asub Kvartali kaubanduskeskuses, Riia tn 2, esimesel korrusel.","og_url":"https:\/\/www.kliinikum.ee\/vahikeskus\/patsiendile\/ennetus\/rinnakabinet\/","og_site_name":"V\u00e4hikeskus","article_modified_time":"2023-11-06T13:37:29+00:00","twitter_card":"summary_large_image","twitter_misc":{"Est. reading time":"1 minut"},"schema":{"@context":"https:\/\/schema.org","@graph":[{"@type":"WebPage","@id":"https:\/\/www.kliinikum.ee\/vahikeskus\/patsiendile\/ennetus\/rinnakabinet\/","url":"https:\/\/www.kliinikum.ee\/vahikeskus\/patsiendile\/ennetus\/rinnakabinet\/","name":"Rinnakabinet - V\u00e4hikeskus","isPartOf":{"@id":"https:\/\/www.kliinikum.ee\/vahikeskus\/#website"},"datePublished":"2023-11-06T13:35:23+00:00","dateModified":"2023-11-06T13:37:29+00:00","description":"SA Tartu \u00dclikooli Kliinikumi rinnakabinet asub Kvartali kaubanduskeskuses, Riia tn 2, esimesel korrusel.","breadcrumb":{"@id":"https:\/\/www.kliinikum.ee\/vahikeskus\/patsiendile\/ennetus\/rinnakabinet\/#breadcrumb"},"inLanguage":"et","potentialAction":[{"@type":"ReadAction","target":["https:\/\/www.kliinikum.ee\/vahikeskus\/patsiendile\/ennetus\/rinnakabinet\/"]}]},{"@type":"BreadcrumbList","@id":"https:\/\/www.kliinikum.ee\/vahikeskus\/patsiendile\/ennetus\/rinnakabinet\/#breadcrumb","itemListElement":[{"@type":"ListItem","position":1,"name":"Home","item":"https:\/\/www.kliinikum.ee\/vahikeskus\/"},{"@type":"ListItem","position":2,"name":"Patsiendile","item":"https:\/\/www.kliinikum.ee\/vahikeskus\/patsiendile\/"},{"@type":"ListItem","position":3,"name":"Ennetus","item":"https:\/\/www.kliinikum.ee\/vahikeskus\/patsiendile\/ennetus\/"},{"@type":"ListItem","position":4,"name":"Rinnakabinet"}]},{"@type":"WebSite","@id":"https:\/\/www.kliinikum.ee\/vahikeskus\/#website","url":"https:\/\/www.kliinikum.ee\/vahikeskus\/","name":"V\u00e4hikeskus","description":"Hoolivus, Uuendusmeelsus, P\u00e4devus ja Usaldusv\u00e4\u00e4rsus","potentialAction":[{"@type":"SearchAction","target":{"@type":"EntryPoint","urlTemplate":"https:\/\/www.kliinikum.ee\/vahikeskus\/?s={search_term_string}"},"query-input":{"@type":"PropertyValueSpecification","valueRequired":true,"valueName":"search_term_string"}}],"inLanguage":"et"}]}},"uagb_featured_image_src":{"full":false,"thumbnail":false,"medium":false,"medium_large":false,"large":false,"1536x1536":false,"2048x2048":false},"uagb_author_info":{"display_name":"Marge Kask","author_link":"https:\/\/www.kliinikum.ee\/vahikeskus\/author\/margekask\/"},"uagb_comment_info":0,"uagb_excerpt":"SA Tartu \u00dclikooli Kliinikumi rinnakabinet asub Kvartali kaubanduskeskuses, Riia tn 2, esimesel korrusel. Rinnakabinetis t\u00f6\u00f6tavad naistekliiniku \u00e4mmaemandad (Triinu Adlas, Irina Daveynis, Anne Ilves), kes kuulavad \u00e4ra mured, n\u00f5ustavad, teostavad l\u00e4bivaatuse, l\u00e4htuvalt olukorrast vormistavad saatekirja edasisteks uuringuteks. S\u00f5ltuvalt uuringute tulemustest suunatakse patsient vajadusp\u00f5hiselt edasi arsti vastuv\u00f5tule. Rinnakabinetti p\u00f6\u00f6rdumiseks ei ole saatekiri vajalik. Tervisekassa poolt kindlustatud patsiendile&hellip;","_links":{"self":[{"href":"https:\/\/www.kliinikum.ee\/vahikeskus\/wp-json\/wp\/v2\/pages\/7343","targetHints":{"allow":["GET"]}}],"collection":[{"href":"https:\/\/www.kliinikum.ee\/vahikeskus\/wp-json\/wp\/v2\/pages"}],"about":[{"href":"https:\/\/www.kliinikum.ee\/vahikeskus\/wp-json\/wp\/v2\/types\/page"}],"author":[{"embeddable":true,"href":"https:\/\/www.kliinikum.ee\/vahikeskus\/wp-json\/wp\/v2\/users\/30"}],"replies":[{"embeddable":true,"href":"https:\/\/www.kliinikum.ee\/vahikeskus\/wp-json\/wp\/v2\/comments?post=7343"}],"version-history":[{"count":0,"href":"https:\/\/www.kliinikum.ee\/vahikeskus\/wp-json\/wp\/v2\/pages\/7343\/revisions"}],"up":[{"embeddable":true,"href":"https:\/\/www.kliinikum.ee\/vahikeskus\/wp-json\/wp\/v2\/pages\/5908"}],"wp:attachment":[{"href":"https:\/\/www.kliinikum.ee\/vahikeskus\/wp-json\/wp\/v2\/media?parent=7343"}],"curies":[{"name":"wp","href":"https:\/\/api.w.org\/{rel}","templated":true}]}}