{"id":7423,"date":"2024-02-27T17:12:58","date_gmt":"2024-02-27T15:12:58","guid":{"rendered":"https:\/\/www.kliinikum.ee\/vahikeskus\/?page_id=7423"},"modified":"2026-02-18T12:19:37","modified_gmt":"2026-02-18T10:19:37","slug":"koolitusmaterjalid","status":"publish","type":"page","link":"https:\/\/www.kliinikum.ee\/vahikeskus\/kolleegile\/koolitusmaterjalid\/","title":{"rendered":"Koolitused ja koolitusmaterjalid"},"content":{"rendered":"\n<p>Tervisekassa koolitusmaterjalid: <a href=\"https:\/\/www.tervisekassa.ee\/partnerile\/raviasutusele\/perearstile\/koolitusmaterjalid\">https:\/\/www.tervisekassa.ee\/partnerile\/raviasutusele\/perearstile\/koolitusmaterjalid<\/a><\/p>\n\n\n\n<p><strong>Inglisekeelsed, tasuta e-\u00f5ppe platvormid onkoloogiavaldkonna spetsialistidele<\/strong>:<\/p>\n\n\n\n<p>European Scool of Oncology e-\u00f5ppe platvorm: <a href=\"https:\/\/www.e-eso.net\/home\">https:\/\/www.e-eso.net\/home<\/a><\/p>\n\n\n\n<p>Oncology Nursing in practice (EONS) <a href=\"https:\/\/oncologynursinginpractice.com\/ \">https:\/\/oncologynursinginpractice.com\/ <\/a><\/p>\n\n\n\n<p>Online course for haematology nursing <a href=\"https:\/\/bloodcancer.org.uk\/healthcare-professionals\/professional-development\/online-course-haemato-oncology-nursing\/\">https:\/\/bloodcancer.org.uk\/healthcare-professionals\/professional-development\/online-course-haemato-oncology-nursing\/<\/a><\/p>\n\n\n\n<p>An Introduction to Radiation Oncology: From Diagnosis to Survivorship (Trinity College Dublin) <a href=\"https:\/\/www.futurelearn.com\/courses\/radiation-therapy \">https:\/\/www.futurelearn.com\/courses\/radiation-therapy <\/a><\/p>\n\n\n\n<p>Interprofessional cooperation in breast cancer therapeutic phase <a href=\"https:\/\/ebreast2.openaccessmaterial.com\/\">https:\/\/ebreast2.openaccessmaterial.com\/<\/a><\/p>\n\n\n\n<p><strong>Webinarid: <\/strong><\/p>\n\n\n\n<p>ICHOM (International Consortium for Health Outcomes Measurement) <a href=\"https:\/\/www.ichom.org\/webinar-series\/?utm_source=active_campaign&amp;utm_medium=email&amp;utm_campaign=ICHOM%2FWEBINAR3%2F2024%2F2&amp;utm_source=ActiveCampaign&amp;utm_medium=email&amp;utm_content=ICHOM%20Webinar%3A%20A%20guide%20to%20implementation&amp;utm_campaign=ICHOM%2FWEBINAR3%2F2024%2F2\">Webinaride seeria<\/a> V\u00e4\u00e4rtusp\u00f5hise tervishoiuga alustamise teemal. <em>Webinarid on j\u00e4relevaadatavad ja registreerudes saabuvad teavitused ka eesootavate \u00fcrituste kohta. <\/em><\/p>\n\n\n\n<p><\/p>\n\n\n\n<p><strong>Europrojektide raames korraldatavad v\u00e4hivaldkonna seminarid ja koolitused<\/strong>:<\/p>\n\n\n\n<figure class=\"wp-block-table\"><table><tbody><tr><td>Teema<\/td><td>Eesm\u00e4rk<\/td><td>Sihtgrupp<\/td><td>Toimumisaeg<\/td><td>Korraldav organisatsioon\/programm<\/td><td>Lisainfo <\/td><\/tr><tr><td>What does a comprehensive cancer infrastructure (CCI) do?<\/td><td>Anda \u00fclevaade CCI komponentidest, selle toimimisest parema ravi ja patsiendihoolduse tagamisel, teadust\u00f6\u00f6 tegemisel ja kogukondade v\u00f5imestamisel.<\/td><td>Juhid, koordinaatorid, teadust\u00f6\u00f6ga kokkupuutuvad spetsialistid<\/td><td>4.07.2024<\/td><td>CCI4EU\/E-ESO<\/td><td><a href=\"https:\/\/www.e-eso.net\/courses\/24CC1\">J\u00e4relvaatamise v\u00f5imalus<\/a><\/td><\/tr><tr><td>Clinical trials and clinical research <\/td><td>Anda \u00fclevaade, kuidas arendada edukat ja j\u00e4tkusuutlikku kliinilise teadust\u00f6\u00f6 programmi <\/td><td>Juhid, koordinaatorid, uurijad, kliinilise teadust\u00f6\u00f6ga kokkupuutuvad patsiendid<br><br><\/td><td>Veebis saadaval alates 16.09.2024<br>Live sessioon  15.10.2024<\/td><td>CCI4EU\/E-ESO<br><br><\/td><td><a href=\"https:\/\/www.e-eso.net\/courses\/24C2a?fbclid=IwZXh0bgNhZW0CMTAAAR0MOnntoo3mA4F5XBQA8IJih33VDrDwb5KD98A_D9UqaQRhRxPOgi-vumA_aem_0hXtSnxgv6dPVDrPtifE5w\">J\u00e4relvaatamise v\u00f5imalus <\/a><\/td><\/tr><tr><td>Molecular diagnostics and precision medicine<\/td><td><\/td><td>Patoloogid, uurijad, juhid, koordinaatorid, patsientide esindajad. <br><br><\/td><td><br>4.12.2024<\/td><td>CCI4EU\/E-ESO <\/td><td><a href=\"https:\/\/www.e-eso.net\/courses\/24CC3#eso-prog\">J\u00e4relvaatamise v\u00f5imalus<\/a><\/td><\/tr><tr><td>Cost of health care and drugs<\/td><td>Anda \u00fclevaade v\u00e4hiravi majanduslikust taustast<\/td><td><\/td><td>Veebis saadaval alates 03.02.2025<br>Live sessioon 28.02.2025<\/td><td>CCI4EU\/E-ESO<\/td><td><a href=\"https:\/\/www.e-eso.net\/courses\/25CC4\">J\u00e4relvaatamise v\u00f5imalus<\/a><\/td><\/tr><tr><td>Patient empowerment and patient-centred care<\/td><td>Anda \u00fclevaade patsiendikesksest ravist<\/td><td>K\u00f5ik onkoloogiavaldkonna spetsialistid ja -juhid ning patsiendid<\/td><td>19.03.2025<\/td><td>CCI4EU\/E-ESO<\/td><td><a href=\"https:\/\/www.e-eso.net\/courses\/25CC5\">J\u00e4relvaatamise v\u00f5imalus<\/a><br><\/td><\/tr><tr><td>Data Sharing and Exchange<\/td><td>Eesm\u00e4rk on anda \u00fclevaade andmete jagamise\/uurimise eesm\u00e4rgil vahetamise p\u00f5him\u00f5tteid, regulatiivseid aspekte ja v\u00f5imalikke lahendusi<\/td><td>K\u00f5ik onkoloogiavaldkonna spetsialistid ja -juhid <\/td><td>15.04.2025<\/td><td>CCI4EU\/E-ESO<\/td><td><a href=\"https:\/\/www.e-eso.net\/courses\/25CC6\">J\u00e4relvaatamise v\u00f5imalus<\/a><\/td><\/tr><tr><td>Basic principles of grantsmanship: how to write compelling proposals, structure your research effectively, and<br>align with funders' expectations<\/td><td>Anda \u00fclevaade sellest, mida hindajad grantide taotlustes otsivad, kuidas navigeerida hindamistes, et suurendada rahastuse saamise v\u00f5imalusi. M\u00f5ista, kuidas t\u00f5husalt edastada oma uurimisprojekti visioon ja potentsiaalne m\u00f5ju.<\/td><td>K\u00f5ik, kellel huvi grantide kirjutamise vastu <\/td><td>17.04.2025<br><\/td><td>OECI Academy <\/td><td><a href=\"https:\/\/www.oeci.eu\/Attachments\/Academy\/03\/OECI_Academy_Webinar_3.pdf\">Programm <\/a><br><br><a href=\"https:\/\/www.youtube.com\/playlist?list=PLqJqTwXiCi3wnNx4PWMq2lPahKQmq8Qal\">J\u00e4relvaatamise v\u00f5imalus<\/a><\/td><\/tr><tr><td>Medical Talk Mastering: Dynamic Presentations For Medical Presentations<\/td><td>Antakse \u00fclevaade meditsiiniteemaliste esinemiste p\u00f5him\u00f5tetest<\/td><td>K\u00f5ik onkoloogiavaldkonna spetsialistid ja -juhid<\/td><td>06.05.2025<\/td><td><a href=\"https:\/\/www.e-eso.net\/courses\/25HTP#eso-desc\">E-ESO<\/a><\/td><td><a href=\"https:\/\/www.e-eso.net\/courses\/25HTP#eso-desc\">J\u00e4relvaatamise v\u00f5imalus<\/a><\/td><\/tr><tr><td>Early cancer detection, screening and prevention <\/td><td>Anda \u00fclevaade kaasaegsetest  v\u00e4hi varajase avastamise, skriiningu ja ennetamise p\u00f5him\u00f5tetest <\/td><td>V\u00e4hikeskuste juhid, koordinaatorid, uurijad, \u00f5ed, patsientide esindajad<\/td><td>4.06.2025<\/td><td>CCI4EU\/E-ESO<\/td><td><a href=\"https:\/\/www.e-eso.net\/courses\/25CC7#eso-prog\">J\u00e4relvaatamise v\u00f5imalus <\/a><\/td><\/tr><tr><td>Patient Centered Cancer Outcome Research<\/td><td>Anda \u00fclevaade patsiendikesksusest v\u00e4hiuuringutes<\/td><td>K\u00f5ik v\u00e4hiuuringutega kokkupuutuvad spetsialistid<\/td><td>20.07.2025<\/td><td>CCI4EU\/E-ESO<\/td><td><a href=\"https:\/\/www.e-eso.net\/courses\/25CC8#eso-prog\">J\u00e4relvaatamise v\u00f5imalus<\/a><\/td><\/tr><tr><td>Developing research skills for young researchers<\/td><td>Anda noortele kolleegidele praktilist n\u00f5u ja sisulist juhendamist teadusprojektide alustamiseks ning karj\u00e4\u00e4ri kujundamiseks onkoloogiauuringute valdkonnas.<\/td><td>K\u00f5ik huvilised, kes soovivad alustada teadust\u00f6\u00f6ga onkoloogia valdkonnas<\/td><td>31.07.2025<\/td><td>CCI4EU\/E-ESO<\/td><td><a href=\"https:\/\/www.e-eso.net\/courses\/25CC9\">J\u00e4relvaatamise v\u00f5imalus<\/a><\/td><\/tr><tr><td>Comprehensive Online Course on Oncology Research and Clinical Trials<\/td><td>Anda \u00fclevaade uurimist\u00f6\u00f6 protsessist<\/td><td>V\u00e4hivaldkonnas uurimist\u00f6\u00f6ga tegelevad klinitsistid ja teadlased<\/td><td>19. ja 28.09.2025<\/td><td>E-ESO<\/td><td><a href=\"https:\/\/www.e-eso.net\/courses\/25RCT#eso-desc\">J\u00e4relvaatamise<\/a> v\u00f5imalus<\/td><\/tr><tr><td>How to optimize molecular diagnostics in practice<\/td><td>Antakse \u00fclevaade molekulaardiagnostika t\u00e4htsusest v\u00e4hiravis.<\/td><td>Arstid, teadlased, patsiendid<\/td><td>04.11.2025<\/td><td>CCI4EU\/E-ESO<\/td><td><a href=\"https:\/\/www.e-eso.net\/courses\/25CCU#eso-desc\">J\u00e4relvaatamise v\u00f5imalus<\/a><\/td><\/tr><\/tbody><\/table><\/figure>\n\n\n\n<p><\/p>\n","protected":false},"excerpt":{"rendered":"<p>Tervisekassa koolitusmaterjalid: https:\/\/www.tervisekassa.ee\/partnerile\/raviasutusele\/perearstile\/koolitusmaterjalid Inglisekeelsed, tasuta e-\u00f5ppe platvormid onkoloogiavaldkonna spetsialistidele: European Scool of Oncology e-\u00f5ppe platvorm: https:\/\/www.e-eso.net\/home Oncology Nursing in practice (EONS) https:\/\/oncologynursinginpractice.com\/ Online course for haematology nursing https:\/\/bloodcancer.org.uk\/healthcare-professionals\/professional-development\/online-course-haemato-oncology-nursing\/ An Introduction to Radiation Oncology: From Diagnosis to Survivorship (Trinity College Dublin) https:\/\/www.futurelearn.com\/courses\/radiation-therapy Interprofessional cooperation in breast cancer therapeutic phase https:\/\/ebreast2.openaccessmaterial.com\/ Webinarid: ICHOM (International Consortium for Health [&hellip;]<\/p>\n","protected":false},"author":30,"featured_media":0,"parent":5887,"menu_order":3,"comment_status":"closed","ping_status":"closed","template":"","meta":{"_acf_changed":false,"_uag_custom_page_level_css":"","footnotes":""},"class_list":["post-7423","page","type-page","status-publish","hentry"],"acf":[],"yoast_head":"<!-- This site is optimized with the Yoast SEO plugin v27.3 - https:\/\/yoast.com\/product\/yoast-seo-wordpress\/ -->\n<title>Koolitused ja koolitusmaterjalid - V\u00e4hikeskus<\/title>\n<meta name=\"robots\" content=\"index, follow, max-snippet:-1, max-image-preview:large, max-video-preview:-1\" \/>\n<link rel=\"canonical\" href=\"https:\/\/www.kliinikum.ee\/vahikeskus\/kolleegile\/koolitusmaterjalid\/\" \/>\n<meta property=\"og:locale\" content=\"et_EE\" \/>\n<meta property=\"og:type\" content=\"article\" \/>\n<meta property=\"og:title\" content=\"Koolitused ja koolitusmaterjalid - V\u00e4hikeskus\" \/>\n<meta property=\"og:description\" content=\"Tervisekassa koolitusmaterjalid: https:\/\/www.tervisekassa.ee\/partnerile\/raviasutusele\/perearstile\/koolitusmaterjalid Inglisekeelsed, tasuta e-\u00f5ppe platvormid onkoloogiavaldkonna spetsialistidele: European Scool of Oncology e-\u00f5ppe platvorm: https:\/\/www.e-eso.net\/home Oncology Nursing in practice (EONS) https:\/\/oncologynursinginpractice.com\/ Online course for haematology nursing https:\/\/bloodcancer.org.uk\/healthcare-professionals\/professional-development\/online-course-haemato-oncology-nursing\/ An Introduction to Radiation Oncology: From Diagnosis to Survivorship (Trinity College Dublin) https:\/\/www.futurelearn.com\/courses\/radiation-therapy Interprofessional cooperation in breast cancer therapeutic phase https:\/\/ebreast2.openaccessmaterial.com\/ Webinarid: ICHOM (International Consortium for Health [&hellip;]\" \/>\n<meta property=\"og:url\" content=\"https:\/\/www.kliinikum.ee\/vahikeskus\/kolleegile\/koolitusmaterjalid\/\" \/>\n<meta property=\"og:site_name\" content=\"V\u00e4hikeskus\" \/>\n<meta property=\"article:modified_time\" content=\"2026-02-18T10:19:37+00:00\" \/>\n<meta name=\"twitter:card\" content=\"summary_large_image\" \/>\n<meta name=\"twitter:label1\" content=\"Est. reading time\" \/>\n\t<meta name=\"twitter:data1\" content=\"3 minutit\" \/>\n<script type=\"application\/ld+json\" class=\"yoast-schema-graph\">{\"@context\":\"https:\\\/\\\/schema.org\",\"@graph\":[{\"@type\":\"WebPage\",\"@id\":\"https:\\\/\\\/www.kliinikum.ee\\\/vahikeskus\\\/kolleegile\\\/koolitusmaterjalid\\\/\",\"url\":\"https:\\\/\\\/www.kliinikum.ee\\\/vahikeskus\\\/kolleegile\\\/koolitusmaterjalid\\\/\",\"name\":\"Koolitused ja koolitusmaterjalid - V\u00e4hikeskus\",\"isPartOf\":{\"@id\":\"https:\\\/\\\/www.kliinikum.ee\\\/vahikeskus\\\/#website\"},\"datePublished\":\"2024-02-27T15:12:58+00:00\",\"dateModified\":\"2026-02-18T10:19:37+00:00\",\"breadcrumb\":{\"@id\":\"https:\\\/\\\/www.kliinikum.ee\\\/vahikeskus\\\/kolleegile\\\/koolitusmaterjalid\\\/#breadcrumb\"},\"inLanguage\":\"et\",\"potentialAction\":[{\"@type\":\"ReadAction\",\"target\":[\"https:\\\/\\\/www.kliinikum.ee\\\/vahikeskus\\\/kolleegile\\\/koolitusmaterjalid\\\/\"]}]},{\"@type\":\"BreadcrumbList\",\"@id\":\"https:\\\/\\\/www.kliinikum.ee\\\/vahikeskus\\\/kolleegile\\\/koolitusmaterjalid\\\/#breadcrumb\",\"itemListElement\":[{\"@type\":\"ListItem\",\"position\":1,\"name\":\"Home\",\"item\":\"https:\\\/\\\/www.kliinikum.ee\\\/vahikeskus\\\/\"},{\"@type\":\"ListItem\",\"position\":2,\"name\":\"Kolleegile\",\"item\":\"https:\\\/\\\/www.kliinikum.ee\\\/vahikeskus\\\/kolleegile\\\/\"},{\"@type\":\"ListItem\",\"position\":3,\"name\":\"Koolitused ja koolitusmaterjalid\"}]},{\"@type\":\"WebSite\",\"@id\":\"https:\\\/\\\/www.kliinikum.ee\\\/vahikeskus\\\/#website\",\"url\":\"https:\\\/\\\/www.kliinikum.ee\\\/vahikeskus\\\/\",\"name\":\"V\u00e4hikeskus\",\"description\":\"Hoolivus, Uuendusmeelsus, P\u00e4devus ja Usaldusv\u00e4\u00e4rsus\",\"potentialAction\":[{\"@type\":\"SearchAction\",\"target\":{\"@type\":\"EntryPoint\",\"urlTemplate\":\"https:\\\/\\\/www.kliinikum.ee\\\/vahikeskus\\\/?s={search_term_string}\"},\"query-input\":{\"@type\":\"PropertyValueSpecification\",\"valueRequired\":true,\"valueName\":\"search_term_string\"}}],\"inLanguage\":\"et\"}]}<\/script>\n<!-- \/ Yoast SEO plugin. -->","yoast_head_json":{"title":"Koolitused ja koolitusmaterjalid - V\u00e4hikeskus","robots":{"index":"index","follow":"follow","max-snippet":"max-snippet:-1","max-image-preview":"max-image-preview:large","max-video-preview":"max-video-preview:-1"},"canonical":"https:\/\/www.kliinikum.ee\/vahikeskus\/kolleegile\/koolitusmaterjalid\/","og_locale":"et_EE","og_type":"article","og_title":"Koolitused ja koolitusmaterjalid - V\u00e4hikeskus","og_description":"Tervisekassa koolitusmaterjalid: https:\/\/www.tervisekassa.ee\/partnerile\/raviasutusele\/perearstile\/koolitusmaterjalid Inglisekeelsed, tasuta e-\u00f5ppe platvormid onkoloogiavaldkonna spetsialistidele: European Scool of Oncology e-\u00f5ppe platvorm: https:\/\/www.e-eso.net\/home Oncology Nursing in practice (EONS) https:\/\/oncologynursinginpractice.com\/ Online course for haematology nursing https:\/\/bloodcancer.org.uk\/healthcare-professionals\/professional-development\/online-course-haemato-oncology-nursing\/ An Introduction to Radiation Oncology: From Diagnosis to Survivorship (Trinity College Dublin) https:\/\/www.futurelearn.com\/courses\/radiation-therapy Interprofessional cooperation in breast cancer therapeutic phase https:\/\/ebreast2.openaccessmaterial.com\/ Webinarid: ICHOM (International Consortium for Health [&hellip;]","og_url":"https:\/\/www.kliinikum.ee\/vahikeskus\/kolleegile\/koolitusmaterjalid\/","og_site_name":"V\u00e4hikeskus","article_modified_time":"2026-02-18T10:19:37+00:00","twitter_card":"summary_large_image","twitter_misc":{"Est. reading time":"3 minutit"},"schema":{"@context":"https:\/\/schema.org","@graph":[{"@type":"WebPage","@id":"https:\/\/www.kliinikum.ee\/vahikeskus\/kolleegile\/koolitusmaterjalid\/","url":"https:\/\/www.kliinikum.ee\/vahikeskus\/kolleegile\/koolitusmaterjalid\/","name":"Koolitused ja koolitusmaterjalid - V\u00e4hikeskus","isPartOf":{"@id":"https:\/\/www.kliinikum.ee\/vahikeskus\/#website"},"datePublished":"2024-02-27T15:12:58+00:00","dateModified":"2026-02-18T10:19:37+00:00","breadcrumb":{"@id":"https:\/\/www.kliinikum.ee\/vahikeskus\/kolleegile\/koolitusmaterjalid\/#breadcrumb"},"inLanguage":"et","potentialAction":[{"@type":"ReadAction","target":["https:\/\/www.kliinikum.ee\/vahikeskus\/kolleegile\/koolitusmaterjalid\/"]}]},{"@type":"BreadcrumbList","@id":"https:\/\/www.kliinikum.ee\/vahikeskus\/kolleegile\/koolitusmaterjalid\/#breadcrumb","itemListElement":[{"@type":"ListItem","position":1,"name":"Home","item":"https:\/\/www.kliinikum.ee\/vahikeskus\/"},{"@type":"ListItem","position":2,"name":"Kolleegile","item":"https:\/\/www.kliinikum.ee\/vahikeskus\/kolleegile\/"},{"@type":"ListItem","position":3,"name":"Koolitused ja koolitusmaterjalid"}]},{"@type":"WebSite","@id":"https:\/\/www.kliinikum.ee\/vahikeskus\/#website","url":"https:\/\/www.kliinikum.ee\/vahikeskus\/","name":"V\u00e4hikeskus","description":"Hoolivus, Uuendusmeelsus, P\u00e4devus ja Usaldusv\u00e4\u00e4rsus","potentialAction":[{"@type":"SearchAction","target":{"@type":"EntryPoint","urlTemplate":"https:\/\/www.kliinikum.ee\/vahikeskus\/?s={search_term_string}"},"query-input":{"@type":"PropertyValueSpecification","valueRequired":true,"valueName":"search_term_string"}}],"inLanguage":"et"}]}},"uagb_featured_image_src":{"full":false,"thumbnail":false,"medium":false,"medium_large":false,"large":false,"1536x1536":false,"2048x2048":false},"uagb_author_info":{"display_name":"Marge Kask","author_link":"https:\/\/www.kliinikum.ee\/vahikeskus\/author\/margekask\/"},"uagb_comment_info":0,"uagb_excerpt":"Tervisekassa koolitusmaterjalid: https:\/\/www.tervisekassa.ee\/partnerile\/raviasutusele\/perearstile\/koolitusmaterjalid Inglisekeelsed, tasuta e-\u00f5ppe platvormid onkoloogiavaldkonna spetsialistidele: European Scool of Oncology e-\u00f5ppe platvorm: https:\/\/www.e-eso.net\/home Oncology Nursing in practice (EONS) https:\/\/oncologynursinginpractice.com\/ Online course for haematology nursing https:\/\/bloodcancer.org.uk\/healthcare-professionals\/professional-development\/online-course-haemato-oncology-nursing\/ An Introduction to Radiation Oncology: From Diagnosis to Survivorship (Trinity College Dublin) https:\/\/www.futurelearn.com\/courses\/radiation-therapy Interprofessional cooperation in breast cancer therapeutic phase https:\/\/ebreast2.openaccessmaterial.com\/ Webinarid: ICHOM (International Consortium for Health&hellip;","_links":{"self":[{"href":"https:\/\/www.kliinikum.ee\/vahikeskus\/wp-json\/wp\/v2\/pages\/7423","targetHints":{"allow":["GET"]}}],"collection":[{"href":"https:\/\/www.kliinikum.ee\/vahikeskus\/wp-json\/wp\/v2\/pages"}],"about":[{"href":"https:\/\/www.kliinikum.ee\/vahikeskus\/wp-json\/wp\/v2\/types\/page"}],"author":[{"embeddable":true,"href":"https:\/\/www.kliinikum.ee\/vahikeskus\/wp-json\/wp\/v2\/users\/30"}],"replies":[{"embeddable":true,"href":"https:\/\/www.kliinikum.ee\/vahikeskus\/wp-json\/wp\/v2\/comments?post=7423"}],"version-history":[{"count":0,"href":"https:\/\/www.kliinikum.ee\/vahikeskus\/wp-json\/wp\/v2\/pages\/7423\/revisions"}],"up":[{"embeddable":true,"href":"https:\/\/www.kliinikum.ee\/vahikeskus\/wp-json\/wp\/v2\/pages\/5887"}],"wp:attachment":[{"href":"https:\/\/www.kliinikum.ee\/vahikeskus\/wp-json\/wp\/v2\/media?parent=7423"}],"curies":[{"name":"wp","href":"https:\/\/api.w.org\/{rel}","templated":true}]}}