{"id":9,"date":"2022-11-14T09:23:53","date_gmt":"2022-11-14T09:23:53","guid":{"rendered":"http:\/\/localhost\/?page_id=9"},"modified":"2023-07-19T13:55:17","modified_gmt":"2023-07-19T11:55:17","slug":"avaleht","status":"publish","type":"page","link":"https:\/\/www.kliinikum.ee\/vahikeskus\/","title":{"rendered":"Avaleht"},"content":{"rendered":"\n<figure class=\"wp-block-image size-large\"><img loading=\"lazy\" decoding=\"async\" width=\"1024\" height=\"683\" src=\"https:\/\/www.kliinikum.ee\/vahikeskus\/wp-content\/uploads\/2023\/04\/IMG_2333-1024x683.jpg\" alt=\"\" class=\"wp-image-5994\" srcset=\"https:\/\/www.kliinikum.ee\/vahikeskus\/wp-content\/uploads\/2023\/04\/IMG_2333-1024x683.jpg 1024w, https:\/\/www.kliinikum.ee\/vahikeskus\/wp-content\/uploads\/2023\/04\/IMG_2333-300x200.jpg 300w, https:\/\/www.kliinikum.ee\/vahikeskus\/wp-content\/uploads\/2023\/04\/IMG_2333-768x512.jpg 768w, https:\/\/www.kliinikum.ee\/vahikeskus\/wp-content\/uploads\/2023\/04\/IMG_2333-1536x1024.jpg 1536w, https:\/\/www.kliinikum.ee\/vahikeskus\/wp-content\/uploads\/2023\/04\/IMG_2333-2048x1365.jpg 2048w, https:\/\/www.kliinikum.ee\/vahikeskus\/wp-content\/uploads\/2023\/04\/IMG_2333-scaled.jpg 2560w\" sizes=\"auto, (max-width: 1024px) 100vw, 1024px\" \/><\/figure>\n","protected":false},"excerpt":{"rendered":"","protected":false},"author":34,"featured_media":5994,"parent":0,"menu_order":0,"comment_status":"closed","ping_status":"closed","template":"","meta":{"_acf_changed":false,"_uag_custom_page_level_css":"","footnotes":""},"class_list":["post-9","page","type-page","status-publish","has-post-thumbnail","hentry"],"acf":[],"yoast_head":"<!-- This site is optimized with the Yoast SEO plugin v27.3 - https:\/\/yoast.com\/product\/yoast-seo-wordpress\/ -->\n<title>Avaleht - V\u00e4hikeskus<\/title>\n<meta name=\"description\" content=\"SA Tartu \u00dclikooli Kliinikumi v\u00e4hikeskus koondab \u00fchtseks funktsionaalseks struktuuriks kliinikumi kasvajaliste haiguste alase diagnostika ja ravi, \u00f5ppe- ja teadust\u00f6\u00f6.\" \/>\n<meta name=\"robots\" content=\"index, follow, max-snippet:-1, max-image-preview:large, max-video-preview:-1\" \/>\n<link rel=\"canonical\" href=\"https:\/\/www.kliinikum.ee\/vahikeskus\/\" \/>\n<meta property=\"og:locale\" content=\"et_EE\" \/>\n<meta property=\"og:type\" content=\"article\" \/>\n<meta property=\"og:title\" content=\"Avaleht - V\u00e4hikeskus\" \/>\n<meta property=\"og:description\" content=\"SA Tartu \u00dclikooli Kliinikumi v\u00e4hikeskus koondab \u00fchtseks funktsionaalseks struktuuriks kliinikumi kasvajaliste haiguste alase diagnostika ja ravi, \u00f5ppe- ja teadust\u00f6\u00f6.\" \/>\n<meta property=\"og:url\" content=\"https:\/\/www.kliinikum.ee\/vahikeskus\/\" \/>\n<meta property=\"og:site_name\" content=\"V\u00e4hikeskus\" \/>\n<meta property=\"article:modified_time\" content=\"2023-07-19T11:55:17+00:00\" \/>\n<meta property=\"og:image\" content=\"https:\/\/www.kliinikum.ee\/vahikeskus\/wp-content\/uploads\/2023\/04\/IMG_2333-scaled.jpg\" \/>\n\t<meta property=\"og:image:width\" content=\"2560\" \/>\n\t<meta property=\"og:image:height\" content=\"1706\" \/>\n\t<meta property=\"og:image:type\" content=\"image\/jpeg\" \/>\n<meta name=\"twitter:card\" content=\"summary_large_image\" \/>\n<meta name=\"twitter:label1\" content=\"Est. reading time\" \/>\n\t<meta name=\"twitter:data1\" content=\"1 minut\" \/>\n<script type=\"application\/ld+json\" class=\"yoast-schema-graph\">{\"@context\":\"https:\\\/\\\/schema.org\",\"@graph\":[{\"@type\":\"WebPage\",\"@id\":\"https:\\\/\\\/www.kliinikum.ee\\\/vahikeskus\\\/\",\"url\":\"https:\\\/\\\/www.kliinikum.ee\\\/vahikeskus\\\/\",\"name\":\"Avaleht - V\u00e4hikeskus\",\"isPartOf\":{\"@id\":\"https:\\\/\\\/www.kliinikum.ee\\\/vahikeskus\\\/#website\"},\"primaryImageOfPage\":{\"@id\":\"https:\\\/\\\/www.kliinikum.ee\\\/vahikeskus\\\/#primaryimage\"},\"image\":{\"@id\":\"https:\\\/\\\/www.kliinikum.ee\\\/vahikeskus\\\/#primaryimage\"},\"thumbnailUrl\":\"https:\\\/\\\/www.kliinikum.ee\\\/vahikeskus\\\/wp-content\\\/uploads\\\/2023\\\/04\\\/IMG_2333-scaled.jpg\",\"datePublished\":\"2022-11-14T09:23:53+00:00\",\"dateModified\":\"2023-07-19T11:55:17+00:00\",\"description\":\"SA Tartu \u00dclikooli Kliinikumi v\u00e4hikeskus koondab \u00fchtseks funktsionaalseks struktuuriks kliinikumi kasvajaliste haiguste alase diagnostika ja ravi, \u00f5ppe- ja teadust\u00f6\u00f6.\",\"breadcrumb\":{\"@id\":\"https:\\\/\\\/www.kliinikum.ee\\\/vahikeskus\\\/#breadcrumb\"},\"inLanguage\":\"et\",\"potentialAction\":[{\"@type\":\"ReadAction\",\"target\":[\"https:\\\/\\\/www.kliinikum.ee\\\/vahikeskus\\\/\"]}]},{\"@type\":\"ImageObject\",\"inLanguage\":\"et\",\"@id\":\"https:\\\/\\\/www.kliinikum.ee\\\/vahikeskus\\\/#primaryimage\",\"url\":\"https:\\\/\\\/www.kliinikum.ee\\\/vahikeskus\\\/wp-content\\\/uploads\\\/2023\\\/04\\\/IMG_2333-scaled.jpg\",\"contentUrl\":\"https:\\\/\\\/www.kliinikum.ee\\\/vahikeskus\\\/wp-content\\\/uploads\\\/2023\\\/04\\\/IMG_2333-scaled.jpg\",\"width\":2560,\"height\":1706},{\"@type\":\"BreadcrumbList\",\"@id\":\"https:\\\/\\\/www.kliinikum.ee\\\/vahikeskus\\\/#breadcrumb\",\"itemListElement\":[{\"@type\":\"ListItem\",\"position\":1,\"name\":\"Home\",\"item\":\"https:\\\/\\\/www.kliinikum.ee\\\/vahikeskus\\\/\"},{\"@type\":\"ListItem\",\"position\":2,\"name\":\"Avaleht\"}]},{\"@type\":\"WebSite\",\"@id\":\"https:\\\/\\\/www.kliinikum.ee\\\/vahikeskus\\\/#website\",\"url\":\"https:\\\/\\\/www.kliinikum.ee\\\/vahikeskus\\\/\",\"name\":\"V\u00e4hikeskus\",\"description\":\"Hoolivus, Uuendusmeelsus, P\u00e4devus ja Usaldusv\u00e4\u00e4rsus\",\"potentialAction\":[{\"@type\":\"SearchAction\",\"target\":{\"@type\":\"EntryPoint\",\"urlTemplate\":\"https:\\\/\\\/www.kliinikum.ee\\\/vahikeskus\\\/?s={search_term_string}\"},\"query-input\":{\"@type\":\"PropertyValueSpecification\",\"valueRequired\":true,\"valueName\":\"search_term_string\"}}],\"inLanguage\":\"et\"}]}<\/script>\n<!-- \/ Yoast SEO plugin. -->","yoast_head_json":{"title":"Avaleht - V\u00e4hikeskus","description":"SA Tartu \u00dclikooli Kliinikumi v\u00e4hikeskus koondab \u00fchtseks funktsionaalseks struktuuriks kliinikumi kasvajaliste haiguste alase diagnostika ja ravi, \u00f5ppe- ja teadust\u00f6\u00f6.","robots":{"index":"index","follow":"follow","max-snippet":"max-snippet:-1","max-image-preview":"max-image-preview:large","max-video-preview":"max-video-preview:-1"},"canonical":"https:\/\/www.kliinikum.ee\/vahikeskus\/","og_locale":"et_EE","og_type":"article","og_title":"Avaleht - V\u00e4hikeskus","og_description":"SA Tartu \u00dclikooli Kliinikumi v\u00e4hikeskus koondab \u00fchtseks funktsionaalseks struktuuriks kliinikumi kasvajaliste haiguste alase diagnostika ja ravi, \u00f5ppe- ja teadust\u00f6\u00f6.","og_url":"https:\/\/www.kliinikum.ee\/vahikeskus\/","og_site_name":"V\u00e4hikeskus","article_modified_time":"2023-07-19T11:55:17+00:00","og_image":[{"width":2560,"height":1706,"url":"https:\/\/www.kliinikum.ee\/vahikeskus\/wp-content\/uploads\/2023\/04\/IMG_2333-scaled.jpg","type":"image\/jpeg"}],"twitter_card":"summary_large_image","twitter_misc":{"Est. reading time":"1 minut"},"schema":{"@context":"https:\/\/schema.org","@graph":[{"@type":"WebPage","@id":"https:\/\/www.kliinikum.ee\/vahikeskus\/","url":"https:\/\/www.kliinikum.ee\/vahikeskus\/","name":"Avaleht - V\u00e4hikeskus","isPartOf":{"@id":"https:\/\/www.kliinikum.ee\/vahikeskus\/#website"},"primaryImageOfPage":{"@id":"https:\/\/www.kliinikum.ee\/vahikeskus\/#primaryimage"},"image":{"@id":"https:\/\/www.kliinikum.ee\/vahikeskus\/#primaryimage"},"thumbnailUrl":"https:\/\/www.kliinikum.ee\/vahikeskus\/wp-content\/uploads\/2023\/04\/IMG_2333-scaled.jpg","datePublished":"2022-11-14T09:23:53+00:00","dateModified":"2023-07-19T11:55:17+00:00","description":"SA Tartu \u00dclikooli Kliinikumi v\u00e4hikeskus koondab \u00fchtseks funktsionaalseks struktuuriks kliinikumi kasvajaliste haiguste alase diagnostika ja ravi, \u00f5ppe- ja teadust\u00f6\u00f6.","breadcrumb":{"@id":"https:\/\/www.kliinikum.ee\/vahikeskus\/#breadcrumb"},"inLanguage":"et","potentialAction":[{"@type":"ReadAction","target":["https:\/\/www.kliinikum.ee\/vahikeskus\/"]}]},{"@type":"ImageObject","inLanguage":"et","@id":"https:\/\/www.kliinikum.ee\/vahikeskus\/#primaryimage","url":"https:\/\/www.kliinikum.ee\/vahikeskus\/wp-content\/uploads\/2023\/04\/IMG_2333-scaled.jpg","contentUrl":"https:\/\/www.kliinikum.ee\/vahikeskus\/wp-content\/uploads\/2023\/04\/IMG_2333-scaled.jpg","width":2560,"height":1706},{"@type":"BreadcrumbList","@id":"https:\/\/www.kliinikum.ee\/vahikeskus\/#breadcrumb","itemListElement":[{"@type":"ListItem","position":1,"name":"Home","item":"https:\/\/www.kliinikum.ee\/vahikeskus\/"},{"@type":"ListItem","position":2,"name":"Avaleht"}]},{"@type":"WebSite","@id":"https:\/\/www.kliinikum.ee\/vahikeskus\/#website","url":"https:\/\/www.kliinikum.ee\/vahikeskus\/","name":"V\u00e4hikeskus","description":"Hoolivus, Uuendusmeelsus, P\u00e4devus ja Usaldusv\u00e4\u00e4rsus","potentialAction":[{"@type":"SearchAction","target":{"@type":"EntryPoint","urlTemplate":"https:\/\/www.kliinikum.ee\/vahikeskus\/?s={search_term_string}"},"query-input":{"@type":"PropertyValueSpecification","valueRequired":true,"valueName":"search_term_string"}}],"inLanguage":"et"}]}},"uagb_featured_image_src":{"full":["https:\/\/www.kliinikum.ee\/vahikeskus\/wp-content\/uploads\/2023\/04\/IMG_2333-scaled.jpg",2560,1706,false],"thumbnail":["https:\/\/www.kliinikum.ee\/vahikeskus\/wp-content\/uploads\/2023\/04\/IMG_2333-150x150.jpg",150,150,true],"medium":["https:\/\/www.kliinikum.ee\/vahikeskus\/wp-content\/uploads\/2023\/04\/IMG_2333-300x200.jpg",300,200,true],"medium_large":["https:\/\/www.kliinikum.ee\/vahikeskus\/wp-content\/uploads\/2023\/04\/IMG_2333-768x512.jpg",768,512,true],"large":["https:\/\/www.kliinikum.ee\/vahikeskus\/wp-content\/uploads\/2023\/04\/IMG_2333-1024x683.jpg",1024,683,true],"1536x1536":["https:\/\/www.kliinikum.ee\/vahikeskus\/wp-content\/uploads\/2023\/04\/IMG_2333-1536x1024.jpg",1536,1024,true],"2048x2048":["https:\/\/www.kliinikum.ee\/vahikeskus\/wp-content\/uploads\/2023\/04\/IMG_2333-2048x1365.jpg",2048,1365,true]},"uagb_author_info":{"display_name":"erkky","author_link":"https:\/\/www.kliinikum.ee\/vahikeskus\/author\/erkky\/"},"uagb_comment_info":0,"uagb_excerpt":null,"_links":{"self":[{"href":"https:\/\/www.kliinikum.ee\/vahikeskus\/wp-json\/wp\/v2\/pages\/9","targetHints":{"allow":["GET"]}}],"collection":[{"href":"https:\/\/www.kliinikum.ee\/vahikeskus\/wp-json\/wp\/v2\/pages"}],"about":[{"href":"https:\/\/www.kliinikum.ee\/vahikeskus\/wp-json\/wp\/v2\/types\/page"}],"author":[{"embeddable":true,"href":"https:\/\/www.kliinikum.ee\/vahikeskus\/wp-json\/wp\/v2\/users\/34"}],"replies":[{"embeddable":true,"href":"https:\/\/www.kliinikum.ee\/vahikeskus\/wp-json\/wp\/v2\/comments?post=9"}],"version-history":[{"count":0,"href":"https:\/\/www.kliinikum.ee\/vahikeskus\/wp-json\/wp\/v2\/pages\/9\/revisions"}],"wp:featuredmedia":[{"embeddable":true,"href":"https:\/\/www.kliinikum.ee\/vahikeskus\/wp-json\/wp\/v2\/media\/5994"}],"wp:attachment":[{"href":"https:\/\/www.kliinikum.ee\/vahikeskus\/wp-json\/wp\/v2\/media?parent=9"}],"curies":[{"name":"wp","href":"https:\/\/api.w.org\/{rel}","templated":true}]}}