{"id":11218,"date":"2025-04-14T15:01:30","date_gmt":"2025-04-14T13:01:30","guid":{"rendered":"https:\/\/www.kliinikum.ee\/yhendlabor\/?page_id=11218"},"modified":"2025-10-29T20:33:20","modified_gmt":"2025-10-29T18:33:20","slug":"eosinofiilsete-granulotsuutide-katioonne-proteiin-s-ecp","status":"publish","type":"page","link":"https:\/\/www.kliinikum.ee\/yhendlabor\/kasiraamat\/allergiauuringud\/eosinofiilsete-granulotsuutide-katioonne-proteiin-s-ecp\/","title":{"rendered":"Eosinofiilsete granulots\u00fc\u00fctide katioonne proteiin (S-ECP)"},"content":{"rendered":"\n<p><em>Immuunanal\u00fc\u00fcsi osakond<\/em><\/p>\n\n\n\n<p><strong>ECP <\/strong>on eosinofiilsete granulots\u00fc\u00fctide graanulites leiduv ts\u00fctotoksiline valk. Eosinofiilsetel granulots\u00fc\u00fctidel on v\u00e4ga oluline roll astma puhul esineva p\u00f5letiku patogeneesis. Hingamisteedes paiknevate eosinofiilide aktiveerumisel toimub nende degranulatsioon, vabaneb ECP, tekib hingamisteede epiteeli kahjustus ja deskvamatsioon, mis on aluseks kroonilise p\u00f5letiku tekkele. Vabaneva ECP sisalduse m\u00e4\u00e4ramisega seerumist saab objektiivselt ja otseselt hinnata hingamisteede p\u00f5letiku aktiivsust ning j\u00e4lgida selle d\u00fcnaamikat.<\/p>\n\n\n\n<p class=\"has-medium-font-size\"><strong>Uuritav materjal, selle v\u00f5tmine, saatmine ja s\u00e4ilitamine<\/strong><\/p>\n\n\n\n<p>Proov ei tohi olla hemol\u00fc\u00fctiline!<\/p>\n\n\n\n<p>Liiga kauaks (\u00fcle kolme tunni) tsentrifuugimata j\u00e4\u00e4nud proov annab valepositiivse tulemuse!<\/p>\n\n\n\n<figure class=\"wp-block-table is-style-stripes\"><table width=\"100%\"><tbody><tr><td width=\"1%\"><\/td><td width=\"20%\"><strong>Katsuti<\/strong><\/td><td width=\"79%\">Geeli ja h\u00fc\u00fcbimisaktivaatoriga katsuti (kollane kork)<\/td><\/tr><tr><td width=\"1%\"><\/td><td width=\"20%\"><strong>S\u00e4ilivus<\/strong><\/td><td width=\"79%\">Seerum (eraldada kohe!) +4 \u00b0C viis p\u00e4eva, -20 \u00b0C pikemat aega<\/td><\/tr><\/tbody><\/table><\/figure>\n\n\n\n<p class=\"has-medium-font-size\"><strong>Anal\u00fc\u00fcsi tegemise aeg:<\/strong> t\u00f6\u00f6p\u00e4eviti<\/p>\n\n\n\n<p class=\"has-medium-font-size\"><strong>Anal\u00fc\u00fcsimeetod: <\/strong>fluorestsents-ens\u00fc\u00fcmimmuunmeetod (FEIA)<\/p>\n\n\n\n<p class=\"has-medium-font-size\"><strong>Referentsv\u00e4\u00e4rtused<\/strong><\/p>\n\n\n\n<figure class=\"wp-block-table is-style-stripes\"><table width=\"100%\"><tbody><tr><td width=\"1%\"><\/td><td width=\"20%\"><strong>K\u00f5ik vanusegrupid<\/strong><\/td><td width=\"20%\">4,4\u201311,3 mg\/L<\/td><td width=\"59%\">&gt; 15 mg\/L loetakse suurenenuks nii t\u00e4iskasvanutel kui lastel<\/td><\/tr><\/tbody><\/table><\/figure>\n\n\n\n<p class=\"has-medium-font-size\"><strong>N\u00e4idustused ja kliiniline t\u00e4hendus<\/strong><\/p>\n\n\n\n<p>P\u00f5letiku aktiivsuse j\u00e4lgimine astma puhul. Kortikosteroidravi juhtimine.<\/p>\n\n\n\n<p>ECP m\u00e4\u00e4ramine aitab objektiviseerida p\u00f5letikulise protsessi iseloomu astmahaigel. Normaalne ECP v\u00e4\u00e4rtus s\u00fcmptomite puudumisel julgustab v\u00e4hendama lokaalset p\u00f5letikuvastast ravi. K\u00f5rge ECP v\u00e4\u00e4rtus s\u00fcmptomiteta haigel suunab t\u00e4psustama p\u00f5letiku p\u00f5hjust. S\u00fcmptomitega patsiendil on suurenenud ECP v\u00e4\u00e4rtuse korral vaja t\u00f5sta inhaleeritava hormooni annust.<\/p>\n\n\n\n<p>ECP taseme t\u00f5usu esineb ka teiste eosinofiilide aktivatsiooniga seotud haigusseisundite puhul \u2013 atoopiline dermatiit, autoimmuunhaigused, \u00e4ge bakteriaalne p\u00f5letik ja parasitaarne nakkus.<\/p>\n\n\n\n<p><\/p>\n\n\n\n<p>Koostaja: Tiina Rebane<br>Muudetud 11.06.2025<\/p>\n\n\n\n<p><\/p>\n","protected":false},"excerpt":{"rendered":"<p>Immuunanal\u00fc\u00fcsi osakond ECP on eosinofiilsete granulots\u00fc\u00fctide graanulites leiduv ts\u00fctotoksiline valk. Eosinofiilsetel granulots\u00fc\u00fctidel on v\u00e4ga oluline roll astma puhul esineva p\u00f5letiku patogeneesis. Hingamisteedes paiknevate eosinofiilide aktiveerumisel toimub nende degranulatsioon, vabaneb ECP, tekib hingamisteede epiteeli kahjustus ja deskvamatsioon, mis on aluseks kroonilise p\u00f5letiku tekkele. Vabaneva ECP sisalduse m\u00e4\u00e4ramisega seerumist saab objektiivselt ja otseselt hinnata hingamisteede p\u00f5letiku aktiivsust [&hellip;]<\/p>\n","protected":false},"author":38,"featured_media":0,"parent":7020,"menu_order":0,"comment_status":"closed","ping_status":"closed","template":"","meta":{"_uag_custom_page_level_css":"","footnotes":""},"class_list":["post-11218","page","type-page","status-publish","hentry"],"acf":[],"yoast_head":"<!-- This site is optimized with the Yoast SEO plugin v27.3 - https:\/\/yoast.com\/product\/yoast-seo-wordpress\/ -->\n<title>Eosinofiilsete granulots\u00fc\u00fctide katioonne proteiin (S-ECP) - \u00dchendlabor<\/title>\n<meta name=\"robots\" content=\"index, follow, max-snippet:-1, max-image-preview:large, max-video-preview:-1\" \/>\n<link rel=\"canonical\" href=\"https:\/\/www.kliinikum.ee\/yhendlabor\/kasiraamat\/allergiauuringud\/eosinofiilsete-granulotsuutide-katioonne-proteiin-s-ecp\/\" \/>\n<meta property=\"og:locale\" content=\"et_EE\" \/>\n<meta property=\"og:type\" content=\"article\" \/>\n<meta property=\"og:title\" content=\"Eosinofiilsete granulots\u00fc\u00fctide katioonne proteiin (S-ECP) - \u00dchendlabor\" \/>\n<meta property=\"og:description\" content=\"Immuunanal\u00fc\u00fcsi osakond ECP on eosinofiilsete granulots\u00fc\u00fctide graanulites leiduv ts\u00fctotoksiline valk. Eosinofiilsetel granulots\u00fc\u00fctidel on v\u00e4ga oluline roll astma puhul esineva p\u00f5letiku patogeneesis. Hingamisteedes paiknevate eosinofiilide aktiveerumisel toimub nende degranulatsioon, vabaneb ECP, tekib hingamisteede epiteeli kahjustus ja deskvamatsioon, mis on aluseks kroonilise p\u00f5letiku tekkele. Vabaneva ECP sisalduse m\u00e4\u00e4ramisega seerumist saab objektiivselt ja otseselt hinnata hingamisteede p\u00f5letiku aktiivsust [&hellip;]\" \/>\n<meta property=\"og:url\" content=\"https:\/\/www.kliinikum.ee\/yhendlabor\/kasiraamat\/allergiauuringud\/eosinofiilsete-granulotsuutide-katioonne-proteiin-s-ecp\/\" \/>\n<meta property=\"og:site_name\" content=\"\u00dchendlabor\" \/>\n<meta property=\"article:modified_time\" content=\"2025-10-29T18:33:20+00:00\" \/>\n<meta name=\"twitter:card\" content=\"summary_large_image\" \/>\n<meta name=\"twitter:label1\" content=\"Est. reading time\" \/>\n\t<meta name=\"twitter:data1\" content=\"2 minutit\" \/>\n<script type=\"application\/ld+json\" class=\"yoast-schema-graph\">{\"@context\":\"https:\\\/\\\/schema.org\",\"@graph\":[{\"@type\":\"WebPage\",\"@id\":\"https:\\\/\\\/www.kliinikum.ee\\\/yhendlabor\\\/kasiraamat\\\/allergiauuringud\\\/eosinofiilsete-granulotsuutide-katioonne-proteiin-s-ecp\\\/\",\"url\":\"https:\\\/\\\/www.kliinikum.ee\\\/yhendlabor\\\/kasiraamat\\\/allergiauuringud\\\/eosinofiilsete-granulotsuutide-katioonne-proteiin-s-ecp\\\/\",\"name\":\"Eosinofiilsete granulots\u00fc\u00fctide katioonne proteiin (S-ECP) - \u00dchendlabor\",\"isPartOf\":{\"@id\":\"https:\\\/\\\/www.kliinikum.ee\\\/yhendlabor\\\/#website\"},\"datePublished\":\"2025-04-14T13:01:30+00:00\",\"dateModified\":\"2025-10-29T18:33:20+00:00\",\"breadcrumb\":{\"@id\":\"https:\\\/\\\/www.kliinikum.ee\\\/yhendlabor\\\/kasiraamat\\\/allergiauuringud\\\/eosinofiilsete-granulotsuutide-katioonne-proteiin-s-ecp\\\/#breadcrumb\"},\"inLanguage\":\"et\",\"potentialAction\":[{\"@type\":\"ReadAction\",\"target\":[\"https:\\\/\\\/www.kliinikum.ee\\\/yhendlabor\\\/kasiraamat\\\/allergiauuringud\\\/eosinofiilsete-granulotsuutide-katioonne-proteiin-s-ecp\\\/\"]}]},{\"@type\":\"BreadcrumbList\",\"@id\":\"https:\\\/\\\/www.kliinikum.ee\\\/yhendlabor\\\/kasiraamat\\\/allergiauuringud\\\/eosinofiilsete-granulotsuutide-katioonne-proteiin-s-ecp\\\/#breadcrumb\",\"itemListElement\":[{\"@type\":\"ListItem\",\"position\":1,\"name\":\"Home\",\"item\":\"https:\\\/\\\/www.kliinikum.ee\\\/yhendlabor\\\/\"},{\"@type\":\"ListItem\",\"position\":2,\"name\":\"K\u00e4siraamat\",\"item\":\"https:\\\/\\\/www.kliinikum.ee\\\/yhendlabor\\\/kasiraamat\\\/\"},{\"@type\":\"ListItem\",\"position\":3,\"name\":\"Allergiauuringud\",\"item\":\"https:\\\/\\\/www.kliinikum.ee\\\/yhendlabor\\\/kasiraamat\\\/allergiauuringud\\\/\"},{\"@type\":\"ListItem\",\"position\":4,\"name\":\"Eosinofiilsete granulots\u00fc\u00fctide katioonne proteiin (S-ECP)\"}]},{\"@type\":\"WebSite\",\"@id\":\"https:\\\/\\\/www.kliinikum.ee\\\/yhendlabor\\\/#website\",\"url\":\"https:\\\/\\\/www.kliinikum.ee\\\/yhendlabor\\\/\",\"name\":\"\u00dchendlabor\",\"description\":\"Hoolivus, Uuendusmeelsus, P\u00e4devus ja Usaldusv\u00e4\u00e4rsus\",\"potentialAction\":[{\"@type\":\"SearchAction\",\"target\":{\"@type\":\"EntryPoint\",\"urlTemplate\":\"https:\\\/\\\/www.kliinikum.ee\\\/yhendlabor\\\/?s={search_term_string}\"},\"query-input\":{\"@type\":\"PropertyValueSpecification\",\"valueRequired\":true,\"valueName\":\"search_term_string\"}}],\"inLanguage\":\"et\"}]}<\/script>\n<!-- \/ Yoast SEO plugin. -->","yoast_head_json":{"title":"Eosinofiilsete granulots\u00fc\u00fctide katioonne proteiin (S-ECP) - \u00dchendlabor","robots":{"index":"index","follow":"follow","max-snippet":"max-snippet:-1","max-image-preview":"max-image-preview:large","max-video-preview":"max-video-preview:-1"},"canonical":"https:\/\/www.kliinikum.ee\/yhendlabor\/kasiraamat\/allergiauuringud\/eosinofiilsete-granulotsuutide-katioonne-proteiin-s-ecp\/","og_locale":"et_EE","og_type":"article","og_title":"Eosinofiilsete granulots\u00fc\u00fctide katioonne proteiin (S-ECP) - \u00dchendlabor","og_description":"Immuunanal\u00fc\u00fcsi osakond ECP on eosinofiilsete granulots\u00fc\u00fctide graanulites leiduv ts\u00fctotoksiline valk. Eosinofiilsetel granulots\u00fc\u00fctidel on v\u00e4ga oluline roll astma puhul esineva p\u00f5letiku patogeneesis. Hingamisteedes paiknevate eosinofiilide aktiveerumisel toimub nende degranulatsioon, vabaneb ECP, tekib hingamisteede epiteeli kahjustus ja deskvamatsioon, mis on aluseks kroonilise p\u00f5letiku tekkele. Vabaneva ECP sisalduse m\u00e4\u00e4ramisega seerumist saab objektiivselt ja otseselt hinnata hingamisteede p\u00f5letiku aktiivsust [&hellip;]","og_url":"https:\/\/www.kliinikum.ee\/yhendlabor\/kasiraamat\/allergiauuringud\/eosinofiilsete-granulotsuutide-katioonne-proteiin-s-ecp\/","og_site_name":"\u00dchendlabor","article_modified_time":"2025-10-29T18:33:20+00:00","twitter_card":"summary_large_image","twitter_misc":{"Est. reading time":"2 minutit"},"schema":{"@context":"https:\/\/schema.org","@graph":[{"@type":"WebPage","@id":"https:\/\/www.kliinikum.ee\/yhendlabor\/kasiraamat\/allergiauuringud\/eosinofiilsete-granulotsuutide-katioonne-proteiin-s-ecp\/","url":"https:\/\/www.kliinikum.ee\/yhendlabor\/kasiraamat\/allergiauuringud\/eosinofiilsete-granulotsuutide-katioonne-proteiin-s-ecp\/","name":"Eosinofiilsete granulots\u00fc\u00fctide katioonne proteiin (S-ECP) - \u00dchendlabor","isPartOf":{"@id":"https:\/\/www.kliinikum.ee\/yhendlabor\/#website"},"datePublished":"2025-04-14T13:01:30+00:00","dateModified":"2025-10-29T18:33:20+00:00","breadcrumb":{"@id":"https:\/\/www.kliinikum.ee\/yhendlabor\/kasiraamat\/allergiauuringud\/eosinofiilsete-granulotsuutide-katioonne-proteiin-s-ecp\/#breadcrumb"},"inLanguage":"et","potentialAction":[{"@type":"ReadAction","target":["https:\/\/www.kliinikum.ee\/yhendlabor\/kasiraamat\/allergiauuringud\/eosinofiilsete-granulotsuutide-katioonne-proteiin-s-ecp\/"]}]},{"@type":"BreadcrumbList","@id":"https:\/\/www.kliinikum.ee\/yhendlabor\/kasiraamat\/allergiauuringud\/eosinofiilsete-granulotsuutide-katioonne-proteiin-s-ecp\/#breadcrumb","itemListElement":[{"@type":"ListItem","position":1,"name":"Home","item":"https:\/\/www.kliinikum.ee\/yhendlabor\/"},{"@type":"ListItem","position":2,"name":"K\u00e4siraamat","item":"https:\/\/www.kliinikum.ee\/yhendlabor\/kasiraamat\/"},{"@type":"ListItem","position":3,"name":"Allergiauuringud","item":"https:\/\/www.kliinikum.ee\/yhendlabor\/kasiraamat\/allergiauuringud\/"},{"@type":"ListItem","position":4,"name":"Eosinofiilsete granulots\u00fc\u00fctide katioonne proteiin (S-ECP)"}]},{"@type":"WebSite","@id":"https:\/\/www.kliinikum.ee\/yhendlabor\/#website","url":"https:\/\/www.kliinikum.ee\/yhendlabor\/","name":"\u00dchendlabor","description":"Hoolivus, Uuendusmeelsus, P\u00e4devus ja Usaldusv\u00e4\u00e4rsus","potentialAction":[{"@type":"SearchAction","target":{"@type":"EntryPoint","urlTemplate":"https:\/\/www.kliinikum.ee\/yhendlabor\/?s={search_term_string}"},"query-input":{"@type":"PropertyValueSpecification","valueRequired":true,"valueName":"search_term_string"}}],"inLanguage":"et"}]}},"uagb_featured_image_src":{"full":false,"thumbnail":false,"medium":false,"medium_large":false,"large":false,"1536x1536":false,"2048x2048":false},"uagb_author_info":{"display_name":"Kadi Siigur","author_link":"https:\/\/www.kliinikum.ee\/yhendlabor\/author\/kadisi\/"},"uagb_comment_info":0,"uagb_excerpt":"Immuunanal\u00fc\u00fcsi osakond ECP on eosinofiilsete granulots\u00fc\u00fctide graanulites leiduv ts\u00fctotoksiline valk. Eosinofiilsetel granulots\u00fc\u00fctidel on v\u00e4ga oluline roll astma puhul esineva p\u00f5letiku patogeneesis. Hingamisteedes paiknevate eosinofiilide aktiveerumisel toimub nende degranulatsioon, vabaneb ECP, tekib hingamisteede epiteeli kahjustus ja deskvamatsioon, mis on aluseks kroonilise p\u00f5letiku tekkele. Vabaneva ECP sisalduse m\u00e4\u00e4ramisega seerumist saab objektiivselt ja otseselt hinnata hingamisteede p\u00f5letiku aktiivsust&hellip;","_links":{"self":[{"href":"https:\/\/www.kliinikum.ee\/yhendlabor\/wp-json\/wp\/v2\/pages\/11218","targetHints":{"allow":["GET"]}}],"collection":[{"href":"https:\/\/www.kliinikum.ee\/yhendlabor\/wp-json\/wp\/v2\/pages"}],"about":[{"href":"https:\/\/www.kliinikum.ee\/yhendlabor\/wp-json\/wp\/v2\/types\/page"}],"author":[{"embeddable":true,"href":"https:\/\/www.kliinikum.ee\/yhendlabor\/wp-json\/wp\/v2\/users\/38"}],"replies":[{"embeddable":true,"href":"https:\/\/www.kliinikum.ee\/yhendlabor\/wp-json\/wp\/v2\/comments?post=11218"}],"version-history":[{"count":0,"href":"https:\/\/www.kliinikum.ee\/yhendlabor\/wp-json\/wp\/v2\/pages\/11218\/revisions"}],"up":[{"embeddable":true,"href":"https:\/\/www.kliinikum.ee\/yhendlabor\/wp-json\/wp\/v2\/pages\/7020"}],"wp:attachment":[{"href":"https:\/\/www.kliinikum.ee\/yhendlabor\/wp-json\/wp\/v2\/media?parent=11218"}],"curies":[{"name":"wp","href":"https:\/\/api.w.org\/{rel}","templated":true}]}}