{"id":11232,"date":"2025-04-14T15:16:31","date_gmt":"2025-04-14T13:16:31","guid":{"rendered":"https:\/\/www.kliinikum.ee\/yhendlabor\/?page_id=11232"},"modified":"2025-10-29T20:36:25","modified_gmt":"2025-10-29T18:36:25","slug":"truptaas-sp-trypt","status":"publish","type":"page","link":"https:\/\/www.kliinikum.ee\/yhendlabor\/kasiraamat\/allergiauuringud\/truptaas-sp-trypt\/","title":{"rendered":"Tr\u00fcptaas (S,P-Trypt)"},"content":{"rendered":"\n<p><em>Immuunanal\u00fc\u00fcsi osakond<\/em><\/p>\n\n\n\n<p>Nuumrakkudel on v\u00f5tmeroll allergilise reaktsiooni tekkes ja nende arv suureneb allergilise p\u00f5letiku puhul. Nuumrakkude aktiveerimisel vabanevad neist mitmed mediaatorid (<strong>tr\u00fcptaas<\/strong>, histamiin jt), mis p\u00f5hjustavad allergilise haiguse erinevate s\u00fcmptomite, sealhulgas anaf\u00fclaksia kujunemist. Nuumrakkude aktivatsiooni v\u00f5ivad esile kutsuda ravimid, putukam\u00fcrgid, toit, f\u00fc\u00fcsikalised tegurid, stress, immunoloogilised tegurid (nii IgE-vahendatud kui IgE-st s\u00f5ltumatud). Tr\u00fcptaasi sisaldus p\u00fcsib peale anaf\u00fclaktilist reaktsiooni maksimaalsena 3\u20136 tundi, seej\u00e4rel normaliseerub j\u00e4rk-j\u00e4rgult 12\u201324 tunni jooksul (s\u00f5ltuvalt reaktsiooni raskusastmest).<\/p>\n\n\n\n<p class=\"has-medium-font-size\"><strong>Uuritav materjal, selle v\u00f5tmine, saatmine ja s\u00e4ilitamine<\/strong><\/p>\n\n\n\n<p>Veri tuleb v\u00f5tta 15 minutit kuni kolm tundi peale arvatavat nuumrakkude aktivatsiooni, s.t anaf\u00fclaktilist reaktsiooni esile kutsunud faktori toimet. Soovitav on teha ka kordusproov 12\u201324 tundi hiljem, kui reaktsiooni n\u00e4hud on taandunud.<\/p>\n\n\n\n<figure class=\"wp-block-table is-style-stripes\"><table width=\"100%\"><tbody><tr><td width=\"1%\"><\/td><td width=\"15%\"><strong>Katsuti<\/strong><\/td><td width=\"84%\">Geeli ja h\u00fc\u00fcbimisaktivaatoriga katsuti (punane kollase r\u00f5ngaga v\u00f5i kollane kork) v\u00f5i geeliga LH-katsuti (roheline kollase r\u00f5ngaga v\u00f5i heleroheline kork)<\/td><\/tr><tr><td><\/td><td><strong>S\u00e4ilivus<\/strong><\/td><td>Seerum\/plasma toatemperatuuril kaks p\u00e4eva, +4 \u00b0C seitse p\u00e4eva, -20 \u00b0C pikemat aega<\/td><\/tr><\/tbody><\/table><\/figure>\n\n\n\n<p class=\"has-medium-font-size\"><strong>Anal\u00fc\u00fcsi tegemise aeg:<\/strong> t\u00f6\u00f6p\u00e4eviti<\/p>\n\n\n\n<p class=\"has-medium-font-size\"><strong>Anal\u00fc\u00fcsimeetod: <\/strong>fluorestsents-ens\u00fc\u00fcm-immuunmeetod (FEIA)<\/p>\n\n\n\n<p class=\"has-medium-font-size\"><strong>Referentsv\u00e4\u00e4rtused<\/strong><\/p>\n\n\n\n<figure class=\"wp-block-table is-style-stripes\"><table width=\"100%\"><tbody><tr><td width=\"1%\"><\/td><td width=\"30%\"><strong>3 a \u2013 67 a<\/strong><\/td><td width=\"69%\">&lt; 11 \u00b5g\/L<\/td><\/tr><\/tbody><\/table><\/figure>\n\n\n\n<p class=\"has-medium-font-size\"><strong>N\u00e4idustused ja kliiniline t\u00e4hendus<\/strong><\/p>\n\n\n\n<p>Anaf\u00fclaksia diferentsiaaldiagnostika, mastots\u00fctoos v\u00f5i selle kahtlus.<\/p>\n\n\n\n<p>Tr\u00fcptaasi suurenenud sisaldus seerumis viitab nuumrakkude aktivatsioonile anaf\u00fclaktilise reaktsiooni k\u00e4igus, kuid normaalne tr\u00fcptaasi sisaldus ei v\u00e4lista anaf\u00fclaksia olemasolu.<\/p>\n\n\n\n<p>Lisaks v\u00f5ib tr\u00fcptaasi kontsentratsioon olla suurenenud ka peale kokkupuudet allergeeniga, s\u00fcsteemse mastots\u00fctoosi v\u00f5i nuumrakkude aktivatsioonis\u00fcndroomi korral.<\/p>\n\n\n\n<p>Tr\u00fcptaasi baasv\u00e4\u00e4rtus on igal inimesel k\u00fcllaltki stabiilne. Tervetel 3\u201367-aastastel isikutel on tr\u00fcptaasi baasv\u00e4\u00e4rtus keskmiselt 3,4 \u00b5g\/L ja 95. protsentiili v\u00e4\u00e4rtus 11,0 \u00b5g\/L. S\u00fcsteemse mastots\u00fctoosiga patsientidel on tr\u00fcptaasi kontsentratsioon p\u00fcsivalt &gt; 20 \u00b5g\/L. Tr\u00fcptaasi baasv\u00e4\u00e4rtus vahemikus 10\u201320 \u00b5g\/L viitab \u00e4geda anaf\u00fclaktilise reaktsiooni ohule.<\/p>\n\n\n\n<p>Nuumrakkude aktivatsioon kinnitub, kui delta(\u0394)-tr\u00fcptaas (tr\u00fcptaasi tippv\u00e4\u00e4rtus \u2013 baasv\u00e4\u00e4rtus) on \u2265 20% k\u00f5rgem kui isiku baasv\u00e4\u00e4rtus + 2 \u00b5g\/L (isegi juhul, kui anaf\u00fclaktilise reaktsiooni j\u00e4rgne v\u00e4\u00e4rtus ei \u00fcleta referentspiiri).<\/p>\n\n\n\n<p>Koostaja: Tiina Rebane<br>Muudetud 10.02.2017<\/p>\n\n\n\n<p><\/p>\n","protected":false},"excerpt":{"rendered":"<p>Immuunanal\u00fc\u00fcsi osakond Nuumrakkudel on v\u00f5tmeroll allergilise reaktsiooni tekkes ja nende arv suureneb allergilise p\u00f5letiku puhul. Nuumrakkude aktiveerimisel vabanevad neist mitmed mediaatorid (tr\u00fcptaas, histamiin jt), mis p\u00f5hjustavad allergilise haiguse erinevate s\u00fcmptomite, sealhulgas anaf\u00fclaksia kujunemist. Nuumrakkude aktivatsiooni v\u00f5ivad esile kutsuda ravimid, putukam\u00fcrgid, toit, f\u00fc\u00fcsikalised tegurid, stress, immunoloogilised tegurid (nii IgE-vahendatud kui IgE-st s\u00f5ltumatud). Tr\u00fcptaasi sisaldus p\u00fcsib peale [&hellip;]<\/p>\n","protected":false},"author":38,"featured_media":0,"parent":7020,"menu_order":0,"comment_status":"closed","ping_status":"closed","template":"","meta":{"_uag_custom_page_level_css":"","footnotes":""},"class_list":["post-11232","page","type-page","status-publish","hentry"],"acf":[],"yoast_head":"<!-- This site is optimized with the Yoast SEO plugin v27.3 - https:\/\/yoast.com\/product\/yoast-seo-wordpress\/ -->\n<title>Tr\u00fcptaas (S,P-Trypt) - \u00dchendlabor<\/title>\n<meta name=\"robots\" content=\"index, follow, max-snippet:-1, max-image-preview:large, max-video-preview:-1\" \/>\n<link rel=\"canonical\" href=\"https:\/\/www.kliinikum.ee\/yhendlabor\/kasiraamat\/allergiauuringud\/truptaas-sp-trypt\/\" \/>\n<meta property=\"og:locale\" content=\"et_EE\" \/>\n<meta property=\"og:type\" content=\"article\" \/>\n<meta property=\"og:title\" content=\"Tr\u00fcptaas (S,P-Trypt) - \u00dchendlabor\" \/>\n<meta property=\"og:description\" content=\"Immuunanal\u00fc\u00fcsi osakond Nuumrakkudel on v\u00f5tmeroll allergilise reaktsiooni tekkes ja nende arv suureneb allergilise p\u00f5letiku puhul. Nuumrakkude aktiveerimisel vabanevad neist mitmed mediaatorid (tr\u00fcptaas, histamiin jt), mis p\u00f5hjustavad allergilise haiguse erinevate s\u00fcmptomite, sealhulgas anaf\u00fclaksia kujunemist. Nuumrakkude aktivatsiooni v\u00f5ivad esile kutsuda ravimid, putukam\u00fcrgid, toit, f\u00fc\u00fcsikalised tegurid, stress, immunoloogilised tegurid (nii IgE-vahendatud kui IgE-st s\u00f5ltumatud). Tr\u00fcptaasi sisaldus p\u00fcsib peale [&hellip;]\" \/>\n<meta property=\"og:url\" content=\"https:\/\/www.kliinikum.ee\/yhendlabor\/kasiraamat\/allergiauuringud\/truptaas-sp-trypt\/\" \/>\n<meta property=\"og:site_name\" content=\"\u00dchendlabor\" \/>\n<meta property=\"article:modified_time\" content=\"2025-10-29T18:36:25+00:00\" \/>\n<meta name=\"twitter:card\" content=\"summary_large_image\" \/>\n<meta name=\"twitter:label1\" content=\"Est. reading time\" \/>\n\t<meta name=\"twitter:data1\" content=\"2 minutit\" \/>\n<script type=\"application\/ld+json\" class=\"yoast-schema-graph\">{\"@context\":\"https:\\\/\\\/schema.org\",\"@graph\":[{\"@type\":\"WebPage\",\"@id\":\"https:\\\/\\\/www.kliinikum.ee\\\/yhendlabor\\\/kasiraamat\\\/allergiauuringud\\\/truptaas-sp-trypt\\\/\",\"url\":\"https:\\\/\\\/www.kliinikum.ee\\\/yhendlabor\\\/kasiraamat\\\/allergiauuringud\\\/truptaas-sp-trypt\\\/\",\"name\":\"Tr\u00fcptaas (S,P-Trypt) - \u00dchendlabor\",\"isPartOf\":{\"@id\":\"https:\\\/\\\/www.kliinikum.ee\\\/yhendlabor\\\/#website\"},\"datePublished\":\"2025-04-14T13:16:31+00:00\",\"dateModified\":\"2025-10-29T18:36:25+00:00\",\"breadcrumb\":{\"@id\":\"https:\\\/\\\/www.kliinikum.ee\\\/yhendlabor\\\/kasiraamat\\\/allergiauuringud\\\/truptaas-sp-trypt\\\/#breadcrumb\"},\"inLanguage\":\"et\",\"potentialAction\":[{\"@type\":\"ReadAction\",\"target\":[\"https:\\\/\\\/www.kliinikum.ee\\\/yhendlabor\\\/kasiraamat\\\/allergiauuringud\\\/truptaas-sp-trypt\\\/\"]}]},{\"@type\":\"BreadcrumbList\",\"@id\":\"https:\\\/\\\/www.kliinikum.ee\\\/yhendlabor\\\/kasiraamat\\\/allergiauuringud\\\/truptaas-sp-trypt\\\/#breadcrumb\",\"itemListElement\":[{\"@type\":\"ListItem\",\"position\":1,\"name\":\"Home\",\"item\":\"https:\\\/\\\/www.kliinikum.ee\\\/yhendlabor\\\/\"},{\"@type\":\"ListItem\",\"position\":2,\"name\":\"K\u00e4siraamat\",\"item\":\"https:\\\/\\\/www.kliinikum.ee\\\/yhendlabor\\\/kasiraamat\\\/\"},{\"@type\":\"ListItem\",\"position\":3,\"name\":\"Allergiauuringud\",\"item\":\"https:\\\/\\\/www.kliinikum.ee\\\/yhendlabor\\\/kasiraamat\\\/allergiauuringud\\\/\"},{\"@type\":\"ListItem\",\"position\":4,\"name\":\"Tr\u00fcptaas (S,P-Trypt)\"}]},{\"@type\":\"WebSite\",\"@id\":\"https:\\\/\\\/www.kliinikum.ee\\\/yhendlabor\\\/#website\",\"url\":\"https:\\\/\\\/www.kliinikum.ee\\\/yhendlabor\\\/\",\"name\":\"\u00dchendlabor\",\"description\":\"Hoolivus, Uuendusmeelsus, P\u00e4devus ja Usaldusv\u00e4\u00e4rsus\",\"potentialAction\":[{\"@type\":\"SearchAction\",\"target\":{\"@type\":\"EntryPoint\",\"urlTemplate\":\"https:\\\/\\\/www.kliinikum.ee\\\/yhendlabor\\\/?s={search_term_string}\"},\"query-input\":{\"@type\":\"PropertyValueSpecification\",\"valueRequired\":true,\"valueName\":\"search_term_string\"}}],\"inLanguage\":\"et\"}]}<\/script>\n<!-- \/ Yoast SEO plugin. -->","yoast_head_json":{"title":"Tr\u00fcptaas (S,P-Trypt) - \u00dchendlabor","robots":{"index":"index","follow":"follow","max-snippet":"max-snippet:-1","max-image-preview":"max-image-preview:large","max-video-preview":"max-video-preview:-1"},"canonical":"https:\/\/www.kliinikum.ee\/yhendlabor\/kasiraamat\/allergiauuringud\/truptaas-sp-trypt\/","og_locale":"et_EE","og_type":"article","og_title":"Tr\u00fcptaas (S,P-Trypt) - \u00dchendlabor","og_description":"Immuunanal\u00fc\u00fcsi osakond Nuumrakkudel on v\u00f5tmeroll allergilise reaktsiooni tekkes ja nende arv suureneb allergilise p\u00f5letiku puhul. Nuumrakkude aktiveerimisel vabanevad neist mitmed mediaatorid (tr\u00fcptaas, histamiin jt), mis p\u00f5hjustavad allergilise haiguse erinevate s\u00fcmptomite, sealhulgas anaf\u00fclaksia kujunemist. Nuumrakkude aktivatsiooni v\u00f5ivad esile kutsuda ravimid, putukam\u00fcrgid, toit, f\u00fc\u00fcsikalised tegurid, stress, immunoloogilised tegurid (nii IgE-vahendatud kui IgE-st s\u00f5ltumatud). Tr\u00fcptaasi sisaldus p\u00fcsib peale [&hellip;]","og_url":"https:\/\/www.kliinikum.ee\/yhendlabor\/kasiraamat\/allergiauuringud\/truptaas-sp-trypt\/","og_site_name":"\u00dchendlabor","article_modified_time":"2025-10-29T18:36:25+00:00","twitter_card":"summary_large_image","twitter_misc":{"Est. reading time":"2 minutit"},"schema":{"@context":"https:\/\/schema.org","@graph":[{"@type":"WebPage","@id":"https:\/\/www.kliinikum.ee\/yhendlabor\/kasiraamat\/allergiauuringud\/truptaas-sp-trypt\/","url":"https:\/\/www.kliinikum.ee\/yhendlabor\/kasiraamat\/allergiauuringud\/truptaas-sp-trypt\/","name":"Tr\u00fcptaas (S,P-Trypt) - \u00dchendlabor","isPartOf":{"@id":"https:\/\/www.kliinikum.ee\/yhendlabor\/#website"},"datePublished":"2025-04-14T13:16:31+00:00","dateModified":"2025-10-29T18:36:25+00:00","breadcrumb":{"@id":"https:\/\/www.kliinikum.ee\/yhendlabor\/kasiraamat\/allergiauuringud\/truptaas-sp-trypt\/#breadcrumb"},"inLanguage":"et","potentialAction":[{"@type":"ReadAction","target":["https:\/\/www.kliinikum.ee\/yhendlabor\/kasiraamat\/allergiauuringud\/truptaas-sp-trypt\/"]}]},{"@type":"BreadcrumbList","@id":"https:\/\/www.kliinikum.ee\/yhendlabor\/kasiraamat\/allergiauuringud\/truptaas-sp-trypt\/#breadcrumb","itemListElement":[{"@type":"ListItem","position":1,"name":"Home","item":"https:\/\/www.kliinikum.ee\/yhendlabor\/"},{"@type":"ListItem","position":2,"name":"K\u00e4siraamat","item":"https:\/\/www.kliinikum.ee\/yhendlabor\/kasiraamat\/"},{"@type":"ListItem","position":3,"name":"Allergiauuringud","item":"https:\/\/www.kliinikum.ee\/yhendlabor\/kasiraamat\/allergiauuringud\/"},{"@type":"ListItem","position":4,"name":"Tr\u00fcptaas (S,P-Trypt)"}]},{"@type":"WebSite","@id":"https:\/\/www.kliinikum.ee\/yhendlabor\/#website","url":"https:\/\/www.kliinikum.ee\/yhendlabor\/","name":"\u00dchendlabor","description":"Hoolivus, Uuendusmeelsus, P\u00e4devus ja Usaldusv\u00e4\u00e4rsus","potentialAction":[{"@type":"SearchAction","target":{"@type":"EntryPoint","urlTemplate":"https:\/\/www.kliinikum.ee\/yhendlabor\/?s={search_term_string}"},"query-input":{"@type":"PropertyValueSpecification","valueRequired":true,"valueName":"search_term_string"}}],"inLanguage":"et"}]}},"uagb_featured_image_src":{"full":false,"thumbnail":false,"medium":false,"medium_large":false,"large":false,"1536x1536":false,"2048x2048":false},"uagb_author_info":{"display_name":"Kadi Siigur","author_link":"https:\/\/www.kliinikum.ee\/yhendlabor\/author\/kadisi\/"},"uagb_comment_info":0,"uagb_excerpt":"Immuunanal\u00fc\u00fcsi osakond Nuumrakkudel on v\u00f5tmeroll allergilise reaktsiooni tekkes ja nende arv suureneb allergilise p\u00f5letiku puhul. Nuumrakkude aktiveerimisel vabanevad neist mitmed mediaatorid (tr\u00fcptaas, histamiin jt), mis p\u00f5hjustavad allergilise haiguse erinevate s\u00fcmptomite, sealhulgas anaf\u00fclaksia kujunemist. Nuumrakkude aktivatsiooni v\u00f5ivad esile kutsuda ravimid, putukam\u00fcrgid, toit, f\u00fc\u00fcsikalised tegurid, stress, immunoloogilised tegurid (nii IgE-vahendatud kui IgE-st s\u00f5ltumatud). Tr\u00fcptaasi sisaldus p\u00fcsib peale&hellip;","_links":{"self":[{"href":"https:\/\/www.kliinikum.ee\/yhendlabor\/wp-json\/wp\/v2\/pages\/11232","targetHints":{"allow":["GET"]}}],"collection":[{"href":"https:\/\/www.kliinikum.ee\/yhendlabor\/wp-json\/wp\/v2\/pages"}],"about":[{"href":"https:\/\/www.kliinikum.ee\/yhendlabor\/wp-json\/wp\/v2\/types\/page"}],"author":[{"embeddable":true,"href":"https:\/\/www.kliinikum.ee\/yhendlabor\/wp-json\/wp\/v2\/users\/38"}],"replies":[{"embeddable":true,"href":"https:\/\/www.kliinikum.ee\/yhendlabor\/wp-json\/wp\/v2\/comments?post=11232"}],"version-history":[{"count":0,"href":"https:\/\/www.kliinikum.ee\/yhendlabor\/wp-json\/wp\/v2\/pages\/11232\/revisions"}],"up":[{"embeddable":true,"href":"https:\/\/www.kliinikum.ee\/yhendlabor\/wp-json\/wp\/v2\/pages\/7020"}],"wp:attachment":[{"href":"https:\/\/www.kliinikum.ee\/yhendlabor\/wp-json\/wp\/v2\/media?parent=11232"}],"curies":[{"name":"wp","href":"https:\/\/api.w.org\/{rel}","templated":true}]}}