{"id":11258,"date":"2025-04-29T08:55:50","date_gmt":"2025-04-29T06:55:50","guid":{"rendered":"https:\/\/www.kliinikum.ee\/yhendlabor\/?page_id=11258"},"modified":"2025-10-29T18:41:28","modified_gmt":"2025-10-29T16:41:28","slug":"aminohapped-seerumis-ja-uriinis","status":"publish","type":"page","link":"https:\/\/www.kliinikum.ee\/yhendlabor\/kasiraamat\/ainevahetushaiguste-uuringud\/aminohapped-seerumis-ja-uriinis\/","title":{"rendered":"Aminohapped seerumis ja uriinis"},"content":{"rendered":"\n<p><em>Geneetika ja personaalmeditsiini kliinik, laboratoorse geneetika osakond, ainevahetuslabor, tel. 731 9485, <a href=\"http:\/\/www.kliinikum.ee\/geneetika\/\">www.kliinikum.ee\/geneetika\/<\/a><\/em><\/p>\n\n\n\n<p>Valgud koosnevad 20 erineva <strong>aminohappe <\/strong>kombinatsioonidest. Toitumise seisukohalt jagatakse aminohapped asendamatuteks (histidiin, isoleutsiin, leutsiin, l\u00fcsiin, metioniin, fen\u00fc\u00fclalaniin, treoniin, tr\u00fcptofaan, valiin) ja asendatavateks (alaniin, aspartaat, ts\u00fcsteiin, glutamaat, gl\u00fctsiin, proliin jt). Viimaseid suudab organism ka ise s\u00fcnteesida. Inimese organismis on igal aminohappel oma bioloogilised funktsioonid ja ainevahetus. Aminohapetest s\u00fcnteesitakse selliseid elut\u00e4htsaid \u00fchendeid nagu koens\u00fc\u00fcmid, neurotransmitterid, fosfolipiidid, porf\u00fcriinid, puriinid, p\u00fcrimidiinid jt ained.<\/p>\n\n\n\n<p>Praktiliselt iga aminohappe ainevahetuses v\u00f5ib esineda p\u00e4rilikke defekte (mingi konkreetse ens\u00fc\u00fcmi puudulikku aktiivsust).<\/p>\n\n\n\n<p class=\"has-medium-font-size\"><strong>Uuritav materjal, selle v\u00f5tmine, saatmine ja s\u00e4ilitamine<\/strong><\/p>\n\n\n\n<p>Uuritav materjal valitakse vastavalt kliinilise diagnoosi h\u00fcpoteesile.<\/p>\n\n\n\n<p><em>Veri<\/em><\/p>\n\n\n\n<figure class=\"wp-block-table is-style-stripes\"><table width=\"100%\"><tbody><tr><td width=\"1%\"><\/td><td width=\"20%\"><strong>Katsuti<\/strong><\/td><td width=\"79%\">&nbsp;H\u00fc\u00fcbimisaktivaatori ja geeliga katsuti (punane kollase r\u00f5ngaga kork v\u00f5i kollane kork)<\/td><\/tr><tr><td width=\"1%\"><\/td><td width=\"20%\"><strong>Anal\u00fc\u00fcsitav kogus<\/strong><\/td><td width=\"79%\">&nbsp;0,5\u20131 mL seerumit<\/td><\/tr><tr><td width=\"1%\"><\/td><td width=\"20%\"><strong>S\u00e4ilivus<\/strong><\/td><td width=\"79%\">&nbsp;Seerum toatemperatuuril 2\u20134 tundi, -20 \u00b0C 14 p\u00e4eva<\/td><\/tr><\/tbody><\/table><\/figure>\n\n\n\n<p><em>Uriin<\/em><\/p>\n\n\n\n<figure class=\"wp-block-table is-style-stripes\"><table width=\"100%\"><tbody><tr><td width=\"1%\"><\/td><td width=\"20%\"><strong>Proovin\u00f5u<\/strong><\/td><td width=\"79%\">&nbsp;Proovitops<\/td><\/tr><tr><td width=\"1%\"><\/td><td width=\"20%\"><strong>Anal\u00fc\u00fcsitav kogus<\/strong><\/td><td width=\"79%\">&nbsp;5 mL uriini<\/td><\/tr><tr><td width=\"1%\"><\/td><td width=\"20%\"><strong>S\u00e4ilivus<\/strong><\/td><td width=\"79%\">&nbsp;Uriin toatemperatuuril 24 tundi, +4 \u00b0C 14 p\u00e4eva ja -20 \u00b0C 70 p\u00e4eva<\/td><\/tr><\/tbody><\/table><\/figure>\n\n\n\n<p class=\"has-medium-font-size\"><strong>Anal\u00fc\u00fcsi tegemise aeg:<\/strong> t\u00f6\u00f6p\u00e4eviti, uuringu valmimisaeg kuni neli n\u00e4dalat alates laborisse saabumise kuup\u00e4evast. &nbsp;<em>Cito<\/em> anal\u00fc\u00fcsi korral saab vastuse 1\u20132 t\u00f6\u00f6p\u00e4eva jooksul.<\/p>\n\n\n\n<p class=\"has-medium-font-size\"><strong>Anal\u00fc\u00fcsimeetod: <\/strong>vedelikukromatograafia-tandemmassispektromeetria (LC-MS\/MS)<\/p>\n\n\n\n<p class=\"has-medium-font-size\"><strong>Referentsv\u00e4\u00e4rtus<\/strong><\/p>\n\n\n\n<p>Aminohapete kvantitatiivse anal\u00fc\u00fcsi referentsv\u00e4\u00e4rtused s\u00f5ltuvad uuritavast materjalist, vanusest, kaasnevatest haigustest ja ravist. Referentsv\u00e4\u00e4rtused ja hinnang lisatakse eraldi igale vastusele.<\/p>\n\n\n\n<p class=\"has-medium-font-size\"><strong>N\u00e4idustus ja kliiniline t\u00e4hendus<\/strong><\/p>\n\n\n\n<p>P\u00e4rilike aminoatsiduuriate ja uurea ts\u00fckli h\u00e4irete diagnostika (nt fen\u00fc\u00fclketonuuria, t\u00fcrosineemia, \u201cvahtrasiirupi t\u00f5bi\u201d, l\u00fcsinuuriline valgu talumatus, ornitiini transkarbam\u00fclaasi puudulikkus jt). P\u00e4rilike ainevahetushaigustega patsientide dieedi kontroll.<\/p>\n\n\n\n<p>Juhul kui tehakse esmast diagnostikat aminoatsiduuriate suhtes, on soovitav alati anal\u00fc\u00fcsida nii seerumi kui uriini aminohappeid. M\u00f5nede aminohapete ainevahetusdefektide korral esinevad ainult v\u00e4ikesed muutused seerumi aminohapete anal\u00fc\u00fcsis, samas m\u00f5nede aminohapete transpordidefektide korral esinevad muutused ainult uriini anal\u00fc\u00fcsis.<\/p>\n\n\n\n<p>Koostajad: Katrin \u00d5unap, Mihkel Ilisson<br>Muudetud 26.05.2023<\/p>\n\n\n\n<p><\/p>\n","protected":false},"excerpt":{"rendered":"<p>Geneetika ja personaalmeditsiini kliinik, laboratoorse geneetika osakond, ainevahetuslabor, tel. 731 9485, www.kliinikum.ee\/geneetika\/ Valgud koosnevad 20 erineva aminohappe kombinatsioonidest. Toitumise seisukohalt jagatakse aminohapped asendamatuteks (histidiin, isoleutsiin, leutsiin, l\u00fcsiin, metioniin, fen\u00fc\u00fclalaniin, treoniin, tr\u00fcptofaan, valiin) ja asendatavateks (alaniin, aspartaat, ts\u00fcsteiin, glutamaat, gl\u00fctsiin, proliin jt). Viimaseid suudab organism ka ise s\u00fcnteesida. Inimese organismis on igal aminohappel oma bioloogilised funktsioonid [&hellip;]<\/p>\n","protected":false},"author":38,"featured_media":0,"parent":7015,"menu_order":0,"comment_status":"closed","ping_status":"closed","template":"","meta":{"_uag_custom_page_level_css":"","footnotes":""},"class_list":["post-11258","page","type-page","status-publish","hentry"],"acf":[],"yoast_head":"<!-- This site is optimized with the Yoast SEO plugin v27.3 - https:\/\/yoast.com\/product\/yoast-seo-wordpress\/ -->\n<title>Aminohapped seerumis ja uriinis - \u00dchendlabor<\/title>\n<meta name=\"robots\" content=\"index, follow, max-snippet:-1, max-image-preview:large, max-video-preview:-1\" \/>\n<link rel=\"canonical\" href=\"https:\/\/www.kliinikum.ee\/yhendlabor\/kasiraamat\/ainevahetushaiguste-uuringud\/aminohapped-seerumis-ja-uriinis\/\" \/>\n<meta property=\"og:locale\" content=\"et_EE\" \/>\n<meta property=\"og:type\" content=\"article\" \/>\n<meta property=\"og:title\" content=\"Aminohapped seerumis ja uriinis - \u00dchendlabor\" \/>\n<meta property=\"og:description\" content=\"Geneetika ja personaalmeditsiini kliinik, laboratoorse geneetika osakond, ainevahetuslabor, tel. 731 9485, www.kliinikum.ee\/geneetika\/ Valgud koosnevad 20 erineva aminohappe kombinatsioonidest. Toitumise seisukohalt jagatakse aminohapped asendamatuteks (histidiin, isoleutsiin, leutsiin, l\u00fcsiin, metioniin, fen\u00fc\u00fclalaniin, treoniin, tr\u00fcptofaan, valiin) ja asendatavateks (alaniin, aspartaat, ts\u00fcsteiin, glutamaat, gl\u00fctsiin, proliin jt). Viimaseid suudab organism ka ise s\u00fcnteesida. Inimese organismis on igal aminohappel oma bioloogilised funktsioonid [&hellip;]\" \/>\n<meta property=\"og:url\" content=\"https:\/\/www.kliinikum.ee\/yhendlabor\/kasiraamat\/ainevahetushaiguste-uuringud\/aminohapped-seerumis-ja-uriinis\/\" \/>\n<meta property=\"og:site_name\" content=\"\u00dchendlabor\" \/>\n<meta property=\"article:modified_time\" content=\"2025-10-29T16:41:28+00:00\" \/>\n<meta name=\"twitter:card\" content=\"summary_large_image\" \/>\n<meta name=\"twitter:label1\" content=\"Est. reading time\" \/>\n\t<meta name=\"twitter:data1\" content=\"2 minutit\" \/>\n<script type=\"application\/ld+json\" class=\"yoast-schema-graph\">{\"@context\":\"https:\\\/\\\/schema.org\",\"@graph\":[{\"@type\":\"WebPage\",\"@id\":\"https:\\\/\\\/www.kliinikum.ee\\\/yhendlabor\\\/kasiraamat\\\/ainevahetushaiguste-uuringud\\\/aminohapped-seerumis-ja-uriinis\\\/\",\"url\":\"https:\\\/\\\/www.kliinikum.ee\\\/yhendlabor\\\/kasiraamat\\\/ainevahetushaiguste-uuringud\\\/aminohapped-seerumis-ja-uriinis\\\/\",\"name\":\"Aminohapped seerumis ja uriinis - \u00dchendlabor\",\"isPartOf\":{\"@id\":\"https:\\\/\\\/www.kliinikum.ee\\\/yhendlabor\\\/#website\"},\"datePublished\":\"2025-04-29T06:55:50+00:00\",\"dateModified\":\"2025-10-29T16:41:28+00:00\",\"breadcrumb\":{\"@id\":\"https:\\\/\\\/www.kliinikum.ee\\\/yhendlabor\\\/kasiraamat\\\/ainevahetushaiguste-uuringud\\\/aminohapped-seerumis-ja-uriinis\\\/#breadcrumb\"},\"inLanguage\":\"et\",\"potentialAction\":[{\"@type\":\"ReadAction\",\"target\":[\"https:\\\/\\\/www.kliinikum.ee\\\/yhendlabor\\\/kasiraamat\\\/ainevahetushaiguste-uuringud\\\/aminohapped-seerumis-ja-uriinis\\\/\"]}]},{\"@type\":\"BreadcrumbList\",\"@id\":\"https:\\\/\\\/www.kliinikum.ee\\\/yhendlabor\\\/kasiraamat\\\/ainevahetushaiguste-uuringud\\\/aminohapped-seerumis-ja-uriinis\\\/#breadcrumb\",\"itemListElement\":[{\"@type\":\"ListItem\",\"position\":1,\"name\":\"Home\",\"item\":\"https:\\\/\\\/www.kliinikum.ee\\\/yhendlabor\\\/\"},{\"@type\":\"ListItem\",\"position\":2,\"name\":\"K\u00e4siraamat\",\"item\":\"https:\\\/\\\/www.kliinikum.ee\\\/yhendlabor\\\/kasiraamat\\\/\"},{\"@type\":\"ListItem\",\"position\":3,\"name\":\"Ainevahetushaiguste uuringud\",\"item\":\"https:\\\/\\\/www.kliinikum.ee\\\/yhendlabor\\\/kasiraamat\\\/ainevahetushaiguste-uuringud\\\/\"},{\"@type\":\"ListItem\",\"position\":4,\"name\":\"Aminohapped seerumis ja uriinis\"}]},{\"@type\":\"WebSite\",\"@id\":\"https:\\\/\\\/www.kliinikum.ee\\\/yhendlabor\\\/#website\",\"url\":\"https:\\\/\\\/www.kliinikum.ee\\\/yhendlabor\\\/\",\"name\":\"\u00dchendlabor\",\"description\":\"Hoolivus, Uuendusmeelsus, P\u00e4devus ja Usaldusv\u00e4\u00e4rsus\",\"potentialAction\":[{\"@type\":\"SearchAction\",\"target\":{\"@type\":\"EntryPoint\",\"urlTemplate\":\"https:\\\/\\\/www.kliinikum.ee\\\/yhendlabor\\\/?s={search_term_string}\"},\"query-input\":{\"@type\":\"PropertyValueSpecification\",\"valueRequired\":true,\"valueName\":\"search_term_string\"}}],\"inLanguage\":\"et\"}]}<\/script>\n<!-- \/ Yoast SEO plugin. -->","yoast_head_json":{"title":"Aminohapped seerumis ja uriinis - \u00dchendlabor","robots":{"index":"index","follow":"follow","max-snippet":"max-snippet:-1","max-image-preview":"max-image-preview:large","max-video-preview":"max-video-preview:-1"},"canonical":"https:\/\/www.kliinikum.ee\/yhendlabor\/kasiraamat\/ainevahetushaiguste-uuringud\/aminohapped-seerumis-ja-uriinis\/","og_locale":"et_EE","og_type":"article","og_title":"Aminohapped seerumis ja uriinis - \u00dchendlabor","og_description":"Geneetika ja personaalmeditsiini kliinik, laboratoorse geneetika osakond, ainevahetuslabor, tel. 731 9485, www.kliinikum.ee\/geneetika\/ Valgud koosnevad 20 erineva aminohappe kombinatsioonidest. Toitumise seisukohalt jagatakse aminohapped asendamatuteks (histidiin, isoleutsiin, leutsiin, l\u00fcsiin, metioniin, fen\u00fc\u00fclalaniin, treoniin, tr\u00fcptofaan, valiin) ja asendatavateks (alaniin, aspartaat, ts\u00fcsteiin, glutamaat, gl\u00fctsiin, proliin jt). Viimaseid suudab organism ka ise s\u00fcnteesida. Inimese organismis on igal aminohappel oma bioloogilised funktsioonid [&hellip;]","og_url":"https:\/\/www.kliinikum.ee\/yhendlabor\/kasiraamat\/ainevahetushaiguste-uuringud\/aminohapped-seerumis-ja-uriinis\/","og_site_name":"\u00dchendlabor","article_modified_time":"2025-10-29T16:41:28+00:00","twitter_card":"summary_large_image","twitter_misc":{"Est. reading time":"2 minutit"},"schema":{"@context":"https:\/\/schema.org","@graph":[{"@type":"WebPage","@id":"https:\/\/www.kliinikum.ee\/yhendlabor\/kasiraamat\/ainevahetushaiguste-uuringud\/aminohapped-seerumis-ja-uriinis\/","url":"https:\/\/www.kliinikum.ee\/yhendlabor\/kasiraamat\/ainevahetushaiguste-uuringud\/aminohapped-seerumis-ja-uriinis\/","name":"Aminohapped seerumis ja uriinis - \u00dchendlabor","isPartOf":{"@id":"https:\/\/www.kliinikum.ee\/yhendlabor\/#website"},"datePublished":"2025-04-29T06:55:50+00:00","dateModified":"2025-10-29T16:41:28+00:00","breadcrumb":{"@id":"https:\/\/www.kliinikum.ee\/yhendlabor\/kasiraamat\/ainevahetushaiguste-uuringud\/aminohapped-seerumis-ja-uriinis\/#breadcrumb"},"inLanguage":"et","potentialAction":[{"@type":"ReadAction","target":["https:\/\/www.kliinikum.ee\/yhendlabor\/kasiraamat\/ainevahetushaiguste-uuringud\/aminohapped-seerumis-ja-uriinis\/"]}]},{"@type":"BreadcrumbList","@id":"https:\/\/www.kliinikum.ee\/yhendlabor\/kasiraamat\/ainevahetushaiguste-uuringud\/aminohapped-seerumis-ja-uriinis\/#breadcrumb","itemListElement":[{"@type":"ListItem","position":1,"name":"Home","item":"https:\/\/www.kliinikum.ee\/yhendlabor\/"},{"@type":"ListItem","position":2,"name":"K\u00e4siraamat","item":"https:\/\/www.kliinikum.ee\/yhendlabor\/kasiraamat\/"},{"@type":"ListItem","position":3,"name":"Ainevahetushaiguste uuringud","item":"https:\/\/www.kliinikum.ee\/yhendlabor\/kasiraamat\/ainevahetushaiguste-uuringud\/"},{"@type":"ListItem","position":4,"name":"Aminohapped seerumis ja uriinis"}]},{"@type":"WebSite","@id":"https:\/\/www.kliinikum.ee\/yhendlabor\/#website","url":"https:\/\/www.kliinikum.ee\/yhendlabor\/","name":"\u00dchendlabor","description":"Hoolivus, Uuendusmeelsus, P\u00e4devus ja Usaldusv\u00e4\u00e4rsus","potentialAction":[{"@type":"SearchAction","target":{"@type":"EntryPoint","urlTemplate":"https:\/\/www.kliinikum.ee\/yhendlabor\/?s={search_term_string}"},"query-input":{"@type":"PropertyValueSpecification","valueRequired":true,"valueName":"search_term_string"}}],"inLanguage":"et"}]}},"uagb_featured_image_src":{"full":false,"thumbnail":false,"medium":false,"medium_large":false,"large":false,"1536x1536":false,"2048x2048":false},"uagb_author_info":{"display_name":"Kadi Siigur","author_link":"https:\/\/www.kliinikum.ee\/yhendlabor\/author\/kadisi\/"},"uagb_comment_info":0,"uagb_excerpt":"Geneetika ja personaalmeditsiini kliinik, laboratoorse geneetika osakond, ainevahetuslabor, tel. 731 9485, www.kliinikum.ee\/geneetika\/ Valgud koosnevad 20 erineva aminohappe kombinatsioonidest. Toitumise seisukohalt jagatakse aminohapped asendamatuteks (histidiin, isoleutsiin, leutsiin, l\u00fcsiin, metioniin, fen\u00fc\u00fclalaniin, treoniin, tr\u00fcptofaan, valiin) ja asendatavateks (alaniin, aspartaat, ts\u00fcsteiin, glutamaat, gl\u00fctsiin, proliin jt). Viimaseid suudab organism ka ise s\u00fcnteesida. Inimese organismis on igal aminohappel oma bioloogilised funktsioonid&hellip;","_links":{"self":[{"href":"https:\/\/www.kliinikum.ee\/yhendlabor\/wp-json\/wp\/v2\/pages\/11258","targetHints":{"allow":["GET"]}}],"collection":[{"href":"https:\/\/www.kliinikum.ee\/yhendlabor\/wp-json\/wp\/v2\/pages"}],"about":[{"href":"https:\/\/www.kliinikum.ee\/yhendlabor\/wp-json\/wp\/v2\/types\/page"}],"author":[{"embeddable":true,"href":"https:\/\/www.kliinikum.ee\/yhendlabor\/wp-json\/wp\/v2\/users\/38"}],"replies":[{"embeddable":true,"href":"https:\/\/www.kliinikum.ee\/yhendlabor\/wp-json\/wp\/v2\/comments?post=11258"}],"version-history":[{"count":0,"href":"https:\/\/www.kliinikum.ee\/yhendlabor\/wp-json\/wp\/v2\/pages\/11258\/revisions"}],"up":[{"embeddable":true,"href":"https:\/\/www.kliinikum.ee\/yhendlabor\/wp-json\/wp\/v2\/pages\/7015"}],"wp:attachment":[{"href":"https:\/\/www.kliinikum.ee\/yhendlabor\/wp-json\/wp\/v2\/media?parent=11258"}],"curies":[{"name":"wp","href":"https:\/\/api.w.org\/{rel}","templated":true}]}}