{"id":11271,"date":"2025-04-29T09:20:51","date_gmt":"2025-04-29T07:20:51","guid":{"rendered":"https:\/\/www.kliinikum.ee\/yhendlabor\/?page_id=11271"},"modified":"2025-10-29T18:49:18","modified_gmt":"2025-10-29T16:49:18","slug":"karnitiinid-seerumis","status":"publish","type":"page","link":"https:\/\/www.kliinikum.ee\/yhendlabor\/kasiraamat\/ainevahetushaiguste-uuringud\/karnitiinid-seerumis\/","title":{"rendered":"Karnitiinid seerumis"},"content":{"rendered":"\n<p><em>Geneetika ja personaalmeditsiini kliinik, laboratoorse geneetika osakond, ainevahetuslabor, tel. 731 9485, <a href=\"http:\/\/www.kliinikum.ee\/geneetika\/\">www.kliinikum.ee\/geneetika\/<\/a><\/em><\/p>\n\n\n\n<p>Rasvhapped lagundatakse mitokondriaalses maatriksis beetaoks\u00fcdatsiooni tulemusena ketokehadeks. Neis ainevahetuse etappides osalevad mitmed erinevad ens\u00fc\u00fcmid, mis on spetsiifilised rasvhapete s\u00fcsinikuahela pikkusele. Rasvhapete aktiivvorm on seotud ats\u00fc\u00fcl-koens\u00fc\u00fcm A-ga (ats\u00fc\u00fcl-CoA), mida transporditakse <strong>karnitiiniga <\/strong>seotult (ats\u00fc\u00fclkarnitiinid). Erineva pikkusega ats\u00fc\u00fclkarnitiine saab m\u00e4\u00e4rata tandem mass-spektromeetria (MS) anal\u00fc\u00fcsi abil. Ats\u00fc\u00fclkarnitiinide ja vaba karnitiini anal\u00fc\u00fcsi kasutatakse rasvhapete beetaoks\u00fcdatsioonidefektide ja karnitiini ainevahetush\u00e4irete diagnostikas.<\/p>\n\n\n\n<p>Rasvhapete oks\u00fcdatsioonidefektidele tuleks m\u00f5elda, kui patsiendil esinevad j\u00e4rgmised kliinilised tunnused: h\u00fcpoketootiline h\u00fcpogl\u00fckeemia, maksa d\u00fcsfunktsioon, rabdom\u00fcol\u00fc\u00fcs ja \u00e4ge entsefalopaatia. Kroonilise kulu korral esinevad kasvu- ja kaalupeetus, kardiom\u00fcopaatia, lihash\u00fcpotoonia\/m\u00fcopaatia, perifeerne neuropaatia ja\/v\u00f5i pigmentretiniit.<\/p>\n\n\n\n<p class=\"has-medium-font-size\"><strong>Uuritav materjal, selle v\u00f5tmine, saatmine ja s\u00e4ilitamine<\/strong><\/p>\n\n\n\n<figure class=\"wp-block-table is-style-stripes\"><table width=\"100%\"><tbody><tr><td width=\"1%\"><\/td><td width=\"20%\"><strong>Katsuti<\/strong><\/td><td width=\"79%\">H\u00fc\u00fcbimisaktivaatori ja geeliga katsuti (punane kork kollase r\u00f5ngaga v\u00f5i kollane kork)<\/td><\/tr><tr><td width=\"1%\"><\/td><td width=\"20%\"><strong>Anal\u00fc\u00fcsitav kogus<\/strong><\/td><td width=\"79%\">0,5\u20131 mL seerumit<\/td><\/tr><tr><td width=\"1%\"><\/td><td width=\"20%\"><strong>S\u00e4ilivus<\/strong><\/td><td width=\"79%\">Seerum toatemperatuuril 72 tundi, 2\u20138 \u00b0C 21 p\u00e4eva ja -20 \u00b0C 60 p\u00e4eva<\/td><\/tr><\/tbody><\/table><\/figure>\n\n\n\n<p class=\"has-medium-font-size\"><strong>Anal\u00fc\u00fcsi tegemise aeg: <\/strong>t\u00f6\u00f6p\u00e4eviti, uuringu valmimisaeg on kuni neli n\u00e4dalat alates laborisse saabumise kuup\u00e4evast. CITO anal\u00fc\u00fcsi tulemused saab 1\u20132 t\u00f6\u00f6p\u00e4eva jooksul.<\/p>\n\n\n\n<p class=\"has-medium-font-size\"><strong>Anal\u00fc\u00fcsimeetod: <\/strong>tandem mass-spektromeetria (MS\/MS)<\/p>\n\n\n\n<p class=\"has-medium-font-size\"><strong>Referentsv\u00e4\u00e4rtused<\/strong><\/p>\n\n\n\n<p>Ats\u00fc\u00fclkarnitiinide ja vaba karnitiini referentsv\u00e4\u00e4rtused s\u00f5ltuvad patsiendi vanusest. &nbsp;Igale vastusele lisatakse juurde interpretatsioon.<\/p>\n\n\n\n<figure class=\"wp-block-table\"><table width=\"100%\"><tbody><tr><td width=\"1%\"><\/td><td width=\"30%\"><strong>Karnitiin<\/strong><\/td><td width=\"23%\"><strong>&lt; 8 a<\/strong><\/td><td width=\"23%\"><strong>\u02c3 8 a<\/strong><\/td><td width=\"23%\"><strong>\u00dchik<\/strong><\/td><\/tr><tr><td><\/td><td>C0-karnitiin<\/td><td>10\u201360<\/td><td>10\u201360<\/td><td>\u00b5mol\/L<\/td><\/tr><tr><td><\/td><td>C10:1-karnitiin<\/td><td>0,01\u20130,21<\/td><td>0,01\u20130,23<\/td><td>\u00b5mol\/L<\/td><\/tr><tr><td><\/td><td>C10-karnitiin<\/td><td>0,01\u20130,51<\/td><td>0,01\u20130,64<\/td><td>\u00b5mol\/L<\/td><\/tr><tr><td><\/td><td>C12-karnitiin<\/td><td>0,01\u20130,19<\/td><td>0,01\u20130,19<\/td><td>\u00b5mol\/L<\/td><\/tr><tr><td><\/td><td>C14:1-karnitiin<\/td><td>0,01\u20130,2<\/td><td>0,01\u20130,19<\/td><td>\u00b5mol\/L<\/td><\/tr><tr><td><\/td><td>C14:2-karnitiin<\/td><td>&lt; 0,06<\/td><td>&lt; 0,06<\/td><td>\u00b5mol\/L<\/td><\/tr><tr><td><\/td><td>C14-karnitiin<\/td><td>0,01\u20130,08<\/td><td>0,01\u20130,09<\/td><td>\u00b5mol\/L<\/td><\/tr><tr><td><\/td><td>C14OH-karnitiin<\/td><td>&lt; 0,04<\/td><td>&lt; 0,03<\/td><td>\u00b5mol\/L<\/td><\/tr><tr><td><\/td><td>C16:1-karnitiin<\/td><td>0,01\u20130,07<\/td><td>&lt; 0,07<\/td><td>\u00b5mol\/L<\/td><\/tr><tr><td><\/td><td>C16:1OH-karnitiin<\/td><td>&lt; 0,03<\/td><td>&lt; 0,03<\/td><td>\u00b5mol\/L<\/td><\/tr><tr><td><\/td><td>C16-karnitiin<\/td><td>0,03\u20130,26<\/td><td>0,03\u20130,22<\/td><td>\u00b5mol\/L<\/td><\/tr><tr><td><\/td><td>C16OH-karnitiin<\/td><td>&lt; 0,03<\/td><td>&lt; 0,03<\/td><td>\u00b5mol\/L<\/td><\/tr><tr><td><\/td><td>C18:1-karnitiin<\/td><td>0,02\u20130,35<\/td><td>0,03\u20130,3<\/td><td>\u00b5mol\/L<\/td><\/tr><tr><td><\/td><td>C18:1OH-karnitiin<\/td><td>&lt; 0,03<\/td><td>&lt; 0,02<\/td><td>\u00b5mol\/L<\/td><\/tr><tr><td><\/td><td>C18:2OH-karnitiin<\/td><td>0,01\u20130,13<\/td><td>0,01\u20130,06<\/td><td>\u00b5mol\/L<\/td><\/tr><tr><td><\/td><td>C18-karnitiin<\/td><td>0,01\u20130,13<\/td><td>0,01\u20130,14<\/td><td>\u00b5mol\/L<\/td><\/tr><tr><td><\/td><td>C18OH-karnitiin<\/td><td>&lt; 0,01<\/td><td>&lt; 0,01<\/td><td>\u00b5mol\/L<\/td><\/tr><tr><td><\/td><td>C2-karnitiin<\/td><td>3,4\u201329,38<\/td><td>3,59\u201316,75<\/td><td>\u00b5mol\/L<\/td><\/tr><tr><td><\/td><td>C3-karnitiin<\/td><td>0,01\u20131,96<\/td><td>0,11\u20131,02<\/td><td>\u00b5mol\/L<\/td><\/tr><tr><td><\/td><td>C3DC-karnitiin<\/td><td>0,01\u20130,37<\/td><td>&lt; 0,30<\/td><td>\u00b5mol\/L<\/td><\/tr><tr><td><\/td><td>C4-karnitiin<\/td><td>0,03\u20130,79<\/td><td>0,06\u20130,81<\/td><td>\u00b5mol\/L<\/td><\/tr><tr><td><\/td><td>C4DC-karnitiin<\/td><td>&lt; 0,08<\/td><td>&lt; 0,06<\/td><td>\u00b5mol\/L<\/td><\/tr><tr><td><\/td><td>C4OH-karnitiin<\/td><td>&lt; 0,63<\/td><td>&lt; 0,14<\/td><td>\u00b5mol\/L<\/td><\/tr><tr><td><\/td><td>C5:1-karnitiin<\/td><td>&lt; 0,03<\/td><td>&lt; 0,03<\/td><td>\u00b5mol\/L<\/td><\/tr><tr><td><\/td><td>C5-karnitiin<\/td><td>&lt; 0,44<\/td><td>0,03\u20130,25<\/td><td>\u00b5mol\/L<\/td><\/tr><tr><td><\/td><td>C5DC-karnitiin<\/td><td>0,03\u20130,29<\/td><td>0,02\u20130,44<\/td><td>\u00b5mol\/L<\/td><\/tr><tr><td><\/td><td>C5OH-karnitiin<\/td><td>&lt; 0,1<\/td><td>0,01\u20130,05<\/td><td>\u00b5mol\/L<\/td><\/tr><tr><td><\/td><td>C6-karnitiin<\/td><td>&lt; 0,18<\/td><td>0,01\u20130,16<\/td><td>\u00b5mol\/L<\/td><\/tr><tr><td><\/td><td>C8:1-karnitiin<\/td><td>0,02\u20130,65<\/td><td>0,03\u20130,67<\/td><td>\u00b5mol\/L<\/td><\/tr><tr><td><\/td><td>C8-karnitiin<\/td><td>&lt; 0,31<\/td><td>0,01\u20130,36<\/td><td>\u00b5mol\/L<\/td><\/tr><\/tbody><\/table><\/figure>\n\n\n\n<p class=\"has-medium-font-size\"><strong>N\u00e4idustus ja kliiniline t\u00e4hendus<\/strong><\/p>\n\n\n\n<p>Rasvhapete beetaoks\u00fcdatsioonidefektide ja karnitiini ainevahetush\u00e4irete esmane diagnostika. L\u00f5plik diagnoosi kinnitamine toimub ens\u00fc\u00fcmanal\u00fc\u00fcsi ja\/v\u00f5i geenianal\u00fc\u00fcsi abil.<\/p>\n\n\n\n<p>Koostajad: Kadi K\u00fcnnapas, Karit Reinson<br>Muudetud 12.02.2024<\/p>\n\n\n\n<p><\/p>\n","protected":false},"excerpt":{"rendered":"<p>Geneetika ja personaalmeditsiini kliinik, laboratoorse geneetika osakond, ainevahetuslabor, tel. 731 9485, www.kliinikum.ee\/geneetika\/ Rasvhapped lagundatakse mitokondriaalses maatriksis beetaoks\u00fcdatsiooni tulemusena ketokehadeks. Neis ainevahetuse etappides osalevad mitmed erinevad ens\u00fc\u00fcmid, mis on spetsiifilised rasvhapete s\u00fcsinikuahela pikkusele. Rasvhapete aktiivvorm on seotud ats\u00fc\u00fcl-koens\u00fc\u00fcm A-ga (ats\u00fc\u00fcl-CoA), mida transporditakse karnitiiniga seotult (ats\u00fc\u00fclkarnitiinid). Erineva pikkusega ats\u00fc\u00fclkarnitiine saab m\u00e4\u00e4rata tandem mass-spektromeetria (MS) anal\u00fc\u00fcsi abil. Ats\u00fc\u00fclkarnitiinide [&hellip;]<\/p>\n","protected":false},"author":38,"featured_media":0,"parent":7015,"menu_order":0,"comment_status":"closed","ping_status":"closed","template":"","meta":{"_uag_custom_page_level_css":"","footnotes":""},"class_list":["post-11271","page","type-page","status-publish","hentry"],"acf":[],"yoast_head":"<!-- This site is optimized with the Yoast SEO plugin v27.3 - https:\/\/yoast.com\/product\/yoast-seo-wordpress\/ -->\n<title>Karnitiinid seerumis - \u00dchendlabor<\/title>\n<meta name=\"robots\" content=\"index, follow, max-snippet:-1, max-image-preview:large, max-video-preview:-1\" \/>\n<link rel=\"canonical\" href=\"https:\/\/www.kliinikum.ee\/yhendlabor\/kasiraamat\/ainevahetushaiguste-uuringud\/karnitiinid-seerumis\/\" \/>\n<meta property=\"og:locale\" content=\"et_EE\" \/>\n<meta property=\"og:type\" content=\"article\" \/>\n<meta property=\"og:title\" content=\"Karnitiinid seerumis - \u00dchendlabor\" \/>\n<meta property=\"og:description\" content=\"Geneetika ja personaalmeditsiini kliinik, laboratoorse geneetika osakond, ainevahetuslabor, tel. 731 9485, www.kliinikum.ee\/geneetika\/ Rasvhapped lagundatakse mitokondriaalses maatriksis beetaoks\u00fcdatsiooni tulemusena ketokehadeks. Neis ainevahetuse etappides osalevad mitmed erinevad ens\u00fc\u00fcmid, mis on spetsiifilised rasvhapete s\u00fcsinikuahela pikkusele. Rasvhapete aktiivvorm on seotud ats\u00fc\u00fcl-koens\u00fc\u00fcm A-ga (ats\u00fc\u00fcl-CoA), mida transporditakse karnitiiniga seotult (ats\u00fc\u00fclkarnitiinid). Erineva pikkusega ats\u00fc\u00fclkarnitiine saab m\u00e4\u00e4rata tandem mass-spektromeetria (MS) anal\u00fc\u00fcsi abil. Ats\u00fc\u00fclkarnitiinide [&hellip;]\" \/>\n<meta property=\"og:url\" content=\"https:\/\/www.kliinikum.ee\/yhendlabor\/kasiraamat\/ainevahetushaiguste-uuringud\/karnitiinid-seerumis\/\" \/>\n<meta property=\"og:site_name\" content=\"\u00dchendlabor\" \/>\n<meta property=\"article:modified_time\" content=\"2025-10-29T16:49:18+00:00\" \/>\n<meta name=\"twitter:card\" content=\"summary_large_image\" \/>\n<meta name=\"twitter:label1\" content=\"Est. reading time\" \/>\n\t<meta name=\"twitter:data1\" content=\"2 minutit\" \/>\n<script type=\"application\/ld+json\" class=\"yoast-schema-graph\">{\"@context\":\"https:\\\/\\\/schema.org\",\"@graph\":[{\"@type\":\"WebPage\",\"@id\":\"https:\\\/\\\/www.kliinikum.ee\\\/yhendlabor\\\/kasiraamat\\\/ainevahetushaiguste-uuringud\\\/karnitiinid-seerumis\\\/\",\"url\":\"https:\\\/\\\/www.kliinikum.ee\\\/yhendlabor\\\/kasiraamat\\\/ainevahetushaiguste-uuringud\\\/karnitiinid-seerumis\\\/\",\"name\":\"Karnitiinid seerumis - \u00dchendlabor\",\"isPartOf\":{\"@id\":\"https:\\\/\\\/www.kliinikum.ee\\\/yhendlabor\\\/#website\"},\"datePublished\":\"2025-04-29T07:20:51+00:00\",\"dateModified\":\"2025-10-29T16:49:18+00:00\",\"breadcrumb\":{\"@id\":\"https:\\\/\\\/www.kliinikum.ee\\\/yhendlabor\\\/kasiraamat\\\/ainevahetushaiguste-uuringud\\\/karnitiinid-seerumis\\\/#breadcrumb\"},\"inLanguage\":\"et\",\"potentialAction\":[{\"@type\":\"ReadAction\",\"target\":[\"https:\\\/\\\/www.kliinikum.ee\\\/yhendlabor\\\/kasiraamat\\\/ainevahetushaiguste-uuringud\\\/karnitiinid-seerumis\\\/\"]}]},{\"@type\":\"BreadcrumbList\",\"@id\":\"https:\\\/\\\/www.kliinikum.ee\\\/yhendlabor\\\/kasiraamat\\\/ainevahetushaiguste-uuringud\\\/karnitiinid-seerumis\\\/#breadcrumb\",\"itemListElement\":[{\"@type\":\"ListItem\",\"position\":1,\"name\":\"Home\",\"item\":\"https:\\\/\\\/www.kliinikum.ee\\\/yhendlabor\\\/\"},{\"@type\":\"ListItem\",\"position\":2,\"name\":\"K\u00e4siraamat\",\"item\":\"https:\\\/\\\/www.kliinikum.ee\\\/yhendlabor\\\/kasiraamat\\\/\"},{\"@type\":\"ListItem\",\"position\":3,\"name\":\"Ainevahetushaiguste uuringud\",\"item\":\"https:\\\/\\\/www.kliinikum.ee\\\/yhendlabor\\\/kasiraamat\\\/ainevahetushaiguste-uuringud\\\/\"},{\"@type\":\"ListItem\",\"position\":4,\"name\":\"Karnitiinid seerumis\"}]},{\"@type\":\"WebSite\",\"@id\":\"https:\\\/\\\/www.kliinikum.ee\\\/yhendlabor\\\/#website\",\"url\":\"https:\\\/\\\/www.kliinikum.ee\\\/yhendlabor\\\/\",\"name\":\"\u00dchendlabor\",\"description\":\"Hoolivus, Uuendusmeelsus, P\u00e4devus ja Usaldusv\u00e4\u00e4rsus\",\"potentialAction\":[{\"@type\":\"SearchAction\",\"target\":{\"@type\":\"EntryPoint\",\"urlTemplate\":\"https:\\\/\\\/www.kliinikum.ee\\\/yhendlabor\\\/?s={search_term_string}\"},\"query-input\":{\"@type\":\"PropertyValueSpecification\",\"valueRequired\":true,\"valueName\":\"search_term_string\"}}],\"inLanguage\":\"et\"}]}<\/script>\n<!-- \/ Yoast SEO plugin. -->","yoast_head_json":{"title":"Karnitiinid seerumis - \u00dchendlabor","robots":{"index":"index","follow":"follow","max-snippet":"max-snippet:-1","max-image-preview":"max-image-preview:large","max-video-preview":"max-video-preview:-1"},"canonical":"https:\/\/www.kliinikum.ee\/yhendlabor\/kasiraamat\/ainevahetushaiguste-uuringud\/karnitiinid-seerumis\/","og_locale":"et_EE","og_type":"article","og_title":"Karnitiinid seerumis - \u00dchendlabor","og_description":"Geneetika ja personaalmeditsiini kliinik, laboratoorse geneetika osakond, ainevahetuslabor, tel. 731 9485, www.kliinikum.ee\/geneetika\/ Rasvhapped lagundatakse mitokondriaalses maatriksis beetaoks\u00fcdatsiooni tulemusena ketokehadeks. Neis ainevahetuse etappides osalevad mitmed erinevad ens\u00fc\u00fcmid, mis on spetsiifilised rasvhapete s\u00fcsinikuahela pikkusele. Rasvhapete aktiivvorm on seotud ats\u00fc\u00fcl-koens\u00fc\u00fcm A-ga (ats\u00fc\u00fcl-CoA), mida transporditakse karnitiiniga seotult (ats\u00fc\u00fclkarnitiinid). Erineva pikkusega ats\u00fc\u00fclkarnitiine saab m\u00e4\u00e4rata tandem mass-spektromeetria (MS) anal\u00fc\u00fcsi abil. Ats\u00fc\u00fclkarnitiinide [&hellip;]","og_url":"https:\/\/www.kliinikum.ee\/yhendlabor\/kasiraamat\/ainevahetushaiguste-uuringud\/karnitiinid-seerumis\/","og_site_name":"\u00dchendlabor","article_modified_time":"2025-10-29T16:49:18+00:00","twitter_card":"summary_large_image","twitter_misc":{"Est. reading time":"2 minutit"},"schema":{"@context":"https:\/\/schema.org","@graph":[{"@type":"WebPage","@id":"https:\/\/www.kliinikum.ee\/yhendlabor\/kasiraamat\/ainevahetushaiguste-uuringud\/karnitiinid-seerumis\/","url":"https:\/\/www.kliinikum.ee\/yhendlabor\/kasiraamat\/ainevahetushaiguste-uuringud\/karnitiinid-seerumis\/","name":"Karnitiinid seerumis - \u00dchendlabor","isPartOf":{"@id":"https:\/\/www.kliinikum.ee\/yhendlabor\/#website"},"datePublished":"2025-04-29T07:20:51+00:00","dateModified":"2025-10-29T16:49:18+00:00","breadcrumb":{"@id":"https:\/\/www.kliinikum.ee\/yhendlabor\/kasiraamat\/ainevahetushaiguste-uuringud\/karnitiinid-seerumis\/#breadcrumb"},"inLanguage":"et","potentialAction":[{"@type":"ReadAction","target":["https:\/\/www.kliinikum.ee\/yhendlabor\/kasiraamat\/ainevahetushaiguste-uuringud\/karnitiinid-seerumis\/"]}]},{"@type":"BreadcrumbList","@id":"https:\/\/www.kliinikum.ee\/yhendlabor\/kasiraamat\/ainevahetushaiguste-uuringud\/karnitiinid-seerumis\/#breadcrumb","itemListElement":[{"@type":"ListItem","position":1,"name":"Home","item":"https:\/\/www.kliinikum.ee\/yhendlabor\/"},{"@type":"ListItem","position":2,"name":"K\u00e4siraamat","item":"https:\/\/www.kliinikum.ee\/yhendlabor\/kasiraamat\/"},{"@type":"ListItem","position":3,"name":"Ainevahetushaiguste uuringud","item":"https:\/\/www.kliinikum.ee\/yhendlabor\/kasiraamat\/ainevahetushaiguste-uuringud\/"},{"@type":"ListItem","position":4,"name":"Karnitiinid seerumis"}]},{"@type":"WebSite","@id":"https:\/\/www.kliinikum.ee\/yhendlabor\/#website","url":"https:\/\/www.kliinikum.ee\/yhendlabor\/","name":"\u00dchendlabor","description":"Hoolivus, Uuendusmeelsus, P\u00e4devus ja Usaldusv\u00e4\u00e4rsus","potentialAction":[{"@type":"SearchAction","target":{"@type":"EntryPoint","urlTemplate":"https:\/\/www.kliinikum.ee\/yhendlabor\/?s={search_term_string}"},"query-input":{"@type":"PropertyValueSpecification","valueRequired":true,"valueName":"search_term_string"}}],"inLanguage":"et"}]}},"uagb_featured_image_src":{"full":false,"thumbnail":false,"medium":false,"medium_large":false,"large":false,"1536x1536":false,"2048x2048":false},"uagb_author_info":{"display_name":"Kadi Siigur","author_link":"https:\/\/www.kliinikum.ee\/yhendlabor\/author\/kadisi\/"},"uagb_comment_info":0,"uagb_excerpt":"Geneetika ja personaalmeditsiini kliinik, laboratoorse geneetika osakond, ainevahetuslabor, tel. 731 9485, www.kliinikum.ee\/geneetika\/ Rasvhapped lagundatakse mitokondriaalses maatriksis beetaoks\u00fcdatsiooni tulemusena ketokehadeks. Neis ainevahetuse etappides osalevad mitmed erinevad ens\u00fc\u00fcmid, mis on spetsiifilised rasvhapete s\u00fcsinikuahela pikkusele. Rasvhapete aktiivvorm on seotud ats\u00fc\u00fcl-koens\u00fc\u00fcm A-ga (ats\u00fc\u00fcl-CoA), mida transporditakse karnitiiniga seotult (ats\u00fc\u00fclkarnitiinid). Erineva pikkusega ats\u00fc\u00fclkarnitiine saab m\u00e4\u00e4rata tandem mass-spektromeetria (MS) anal\u00fc\u00fcsi abil. Ats\u00fc\u00fclkarnitiinide&hellip;","_links":{"self":[{"href":"https:\/\/www.kliinikum.ee\/yhendlabor\/wp-json\/wp\/v2\/pages\/11271","targetHints":{"allow":["GET"]}}],"collection":[{"href":"https:\/\/www.kliinikum.ee\/yhendlabor\/wp-json\/wp\/v2\/pages"}],"about":[{"href":"https:\/\/www.kliinikum.ee\/yhendlabor\/wp-json\/wp\/v2\/types\/page"}],"author":[{"embeddable":true,"href":"https:\/\/www.kliinikum.ee\/yhendlabor\/wp-json\/wp\/v2\/users\/38"}],"replies":[{"embeddable":true,"href":"https:\/\/www.kliinikum.ee\/yhendlabor\/wp-json\/wp\/v2\/comments?post=11271"}],"version-history":[{"count":0,"href":"https:\/\/www.kliinikum.ee\/yhendlabor\/wp-json\/wp\/v2\/pages\/11271\/revisions"}],"up":[{"embeddable":true,"href":"https:\/\/www.kliinikum.ee\/yhendlabor\/wp-json\/wp\/v2\/pages\/7015"}],"wp:attachment":[{"href":"https:\/\/www.kliinikum.ee\/yhendlabor\/wp-json\/wp\/v2\/media?parent=11271"}],"curies":[{"name":"wp","href":"https:\/\/api.w.org\/{rel}","templated":true}]}}