{"id":11293,"date":"2025-04-29T10:00:31","date_gmt":"2025-04-29T08:00:31","guid":{"rendered":"https:\/\/www.kliinikum.ee\/yhendlabor\/?page_id=11293"},"modified":"2025-10-29T19:06:36","modified_gmt":"2025-10-29T17:06:36","slug":"orgaanilised-happed-seerumis-ja-uriinis","status":"publish","type":"page","link":"https:\/\/www.kliinikum.ee\/yhendlabor\/kasiraamat\/ainevahetushaiguste-uuringud\/orgaanilised-happed-seerumis-ja-uriinis\/","title":{"rendered":"Orgaanilised happed seerumis ja uriinis"},"content":{"rendered":"\n<p><em>Geneetika ja personaalmeditsiini kliinik, laboratoorse geneetika osakond, ainevahetuslabor, tel. 731 9485, <a href=\"http:\/\/www.kliinikum.ee\/geneetika\/\">www.kliinikum.ee\/geneetika\/<\/a><\/em><\/p>\n\n\n\n<p>Organismis leiduvad ja erituvad <strong>orgaanilised happed<\/strong> v\u00f5ivad olla kas organismi ainevahetuse vaheproduktid v\u00f5i siis eksogeenset p\u00e4ritolu. Orgaanilised happed osalevad aminohapete, s\u00fcsivesikute, rasvhapete, neurotransmitterite, kolesterooli, puriinide ja p\u00fcrimidiinide, mitokondrite ning bakterite ainevahetuses. Mitmed ravimid ja spetsiaalsed dieedid m\u00f5jutavad orgaaniliste hapete sisaldust organismis. Inimese uriinist on v\u00f5imalik gaasikromatograafia\/mass-spektromeetria meetodi abil m\u00e4\u00e4rata \u00fcle 100 erineva orgaanilise happe. Orgaanilisi happeid m\u00e4\u00e4rataksegi tavaliselt uriinist, kuna enamus orgaanilisi happeid eritub uriiniga. Teatud juhtudel v\u00f5ib uuringut teha ka seerumist, eriti kui soovitakse m\u00e4\u00e4rata laktaadi, p\u00fcruvaadi, ketokehade (atseetoatsetaat, 3-h\u00fcdroks\u00fcbut\u00fcraat), puriini ainevahetuse metaboliitide (t\u00fcmiin, uratsiil) v\u00f5i met\u00fc\u00fclmalonaadi kontsentratsiooni v\u00f5i siis m\u00f5ningate \u00fchendite, nt laktaadi ja p\u00fcruvaadi, kontsentratsioonide suhet.<\/p>\n\n\n\n<p>Kvantitatiivselt on meil praegu v\u00f5imalik m\u00e4\u00e4rata \u00fcle 40 t\u00e4htsama orgaanilise happe.<\/p>\n\n\n\n<p>\u00dclej\u00e4\u00e4nud orgaaniliste hapete gaasikromatograafilisel hindamisel kasutatakse meetodit, kus nende sisaldust proovis v\u00f5rreldakse teiste orgaaniliste hapete sisaldusega ja seel\u00e4bi otsustatakse, kas nende tase on normaalne v\u00f5i mitte.<\/p>\n\n\n\n<p class=\"has-medium-font-size\"><strong>Uuritav materjal, selle v\u00f5tmine, saatmine ja s\u00e4ilitamine<\/strong><\/p>\n\n\n\n<p>Uuritav materjal valitakse vastavalt kliinilisele diagnoosi h\u00fcpoteesile.<\/p>\n\n\n\n<p><em>Uriin:<\/em><\/p>\n\n\n\n<figure class=\"wp-block-table is-style-stripes\"><table width=\"100%\"><tbody><tr><td width=\"1%\"><\/td><td width=\"20%\"><strong>Proovin\u00f5u<\/strong><\/td><td width=\"79%\">&nbsp;Proovitops<\/td><\/tr><tr><td width=\"1%\"><\/td><td width=\"20%\"><strong>Anal\u00fc\u00fcsitav kogus<\/strong><\/td><td width=\"79%\">&nbsp;20 mL uriini<\/td><\/tr><tr><td width=\"1%\"><\/td><td width=\"20%\"><strong>S\u00e4ilivus<\/strong><\/td><td width=\"79%\">&nbsp;Uriin toatemperatuuril \u00fcks \u00f6\u00f6p\u00e4ev, +4 \u00b0C 14 p\u00e4eva, -20 \u00b0C \u00fcle \u00fche aasta<\/td><\/tr><\/tbody><\/table><\/figure>\n\n\n\n<p><em>Veri:<\/em><\/p>\n\n\n\n<figure class=\"wp-block-table is-style-stripes\"><table width=\"100%\"><tbody><tr><td width=\"1%\"><\/td><td width=\"20%\"><strong>Katsuti<\/strong><\/td><td width=\"79%\">&nbsp;Geeli ja h\u00fc\u00fcbimisaktivaatoriga katsuti (punane kollase r\u00f5ngaga kork v\u00f5i kollane kork)<\/td><\/tr><tr><td width=\"1%\"><\/td><td width=\"20%\"><strong>Anal\u00fc\u00fcsitav kogus<\/strong><\/td><td width=\"79%\">&nbsp;0,5\u20131 mL seerumit<\/td><\/tr><tr><td width=\"1%\"><\/td><td width=\"20%\"><strong>S\u00e4ilivus<\/strong><\/td><td width=\"79%\">&nbsp;Seerum toatemperatuuril 2\u20134 tundi, -20 \u00b0C 30 p\u00e4eva<\/td><\/tr><\/tbody><\/table><\/figure>\n\n\n\n<p class=\"has-medium-font-size\"><strong>Anal\u00fc\u00fcsi tegemise aeg:<\/strong> t\u00f6\u00f6p\u00e4eviti, uuringu valmimisaeg kuni neli n\u00e4dalat alates laborisse saabumise kuup\u00e4evast. <em>Cito<\/em> anal\u00fc\u00fcsi korral saab vastuse 1\u20132 t\u00f6\u00f6p\u00e4eva jooksul.<\/p>\n\n\n\n<p class=\"has-medium-font-size\"><strong>Anal\u00fc\u00fcsimeetod: <\/strong>gaasikromatograafia\/mass-spektromeetria (GC\/MS)<\/p>\n\n\n\n<p class=\"has-medium-font-size\"><strong>Referentsv\u00e4\u00e4rtused<\/strong><\/p>\n\n\n\n<p>Orgaaniliste hapete referentsv\u00e4\u00e4rtused s\u00f5ltuvad uuritavast materjalist, patsiendi vanusest, kaasnevatest haigustest ja ravist. Seet\u00f5ttu lisatakse igale vastusele eraldi vastavad referentsv\u00e4\u00e4rtused ja interpretatsioon.<\/p>\n\n\n\n<p class=\"has-medium-font-size\"><strong>N\u00e4idustus ja kliiniline t\u00e4hendus<\/strong><\/p>\n\n\n\n<p>Orgaaniliste atsiduuriate, rasvhapete beetaoks\u00fcdatsiooni defektide, s\u00fcsivesikute, laktaadi ja p\u00fcruvaadi ainevahetush\u00e4irete ning m\u00f5nede uurea ts\u00fckli defektide, puriinide, p\u00fcrimidiinide ja neurotransmitterite ainevahetush\u00e4irete diagnostika.<\/p>\n\n\n\n<p>Juhul kui tehakse esmast ainevahtushaiguste diagnostikat, on soovitav valida ainult uriini orgaaniliste hapete anal\u00fc\u00fcs. Seerumi orgaaniliste hapete anal\u00fc\u00fcsi n\u00e4idustuseks on kahtlus mitokondriaalsetele haigustele, laktaatatsideemiatele v\u00f5i p\u00fcruvaadi ainevahetuse h\u00e4iretele.<\/p>\n\n\n\n<p>Koostajad: Katrin \u00d5unap, Kadi K\u00fcnnapas<br>Muudetud 25.05.2023<\/p>\n\n\n\n<p><\/p>\n\n\n\n<p><\/p>\n","protected":false},"excerpt":{"rendered":"<p>Geneetika ja personaalmeditsiini kliinik, laboratoorse geneetika osakond, ainevahetuslabor, tel. 731 9485, www.kliinikum.ee\/geneetika\/ Organismis leiduvad ja erituvad orgaanilised happed v\u00f5ivad olla kas organismi ainevahetuse vaheproduktid v\u00f5i siis eksogeenset p\u00e4ritolu. Orgaanilised happed osalevad aminohapete, s\u00fcsivesikute, rasvhapete, neurotransmitterite, kolesterooli, puriinide ja p\u00fcrimidiinide, mitokondrite ning bakterite ainevahetuses. Mitmed ravimid ja spetsiaalsed dieedid m\u00f5jutavad orgaaniliste hapete sisaldust organismis. Inimese uriinist [&hellip;]<\/p>\n","protected":false},"author":38,"featured_media":0,"parent":7015,"menu_order":0,"comment_status":"closed","ping_status":"closed","template":"","meta":{"_uag_custom_page_level_css":"","footnotes":""},"class_list":["post-11293","page","type-page","status-publish","hentry"],"acf":[],"yoast_head":"<!-- This site is optimized with the Yoast SEO plugin v27.3 - https:\/\/yoast.com\/product\/yoast-seo-wordpress\/ -->\n<title>Orgaanilised happed seerumis ja uriinis - \u00dchendlabor<\/title>\n<meta name=\"robots\" content=\"index, follow, max-snippet:-1, max-image-preview:large, max-video-preview:-1\" \/>\n<link rel=\"canonical\" href=\"https:\/\/www.kliinikum.ee\/yhendlabor\/kasiraamat\/ainevahetushaiguste-uuringud\/orgaanilised-happed-seerumis-ja-uriinis\/\" \/>\n<meta property=\"og:locale\" content=\"et_EE\" \/>\n<meta property=\"og:type\" content=\"article\" \/>\n<meta property=\"og:title\" content=\"Orgaanilised happed seerumis ja uriinis - \u00dchendlabor\" \/>\n<meta property=\"og:description\" content=\"Geneetika ja personaalmeditsiini kliinik, laboratoorse geneetika osakond, ainevahetuslabor, tel. 731 9485, www.kliinikum.ee\/geneetika\/ Organismis leiduvad ja erituvad orgaanilised happed v\u00f5ivad olla kas organismi ainevahetuse vaheproduktid v\u00f5i siis eksogeenset p\u00e4ritolu. Orgaanilised happed osalevad aminohapete, s\u00fcsivesikute, rasvhapete, neurotransmitterite, kolesterooli, puriinide ja p\u00fcrimidiinide, mitokondrite ning bakterite ainevahetuses. Mitmed ravimid ja spetsiaalsed dieedid m\u00f5jutavad orgaaniliste hapete sisaldust organismis. Inimese uriinist [&hellip;]\" \/>\n<meta property=\"og:url\" content=\"https:\/\/www.kliinikum.ee\/yhendlabor\/kasiraamat\/ainevahetushaiguste-uuringud\/orgaanilised-happed-seerumis-ja-uriinis\/\" \/>\n<meta property=\"og:site_name\" content=\"\u00dchendlabor\" \/>\n<meta property=\"article:modified_time\" content=\"2025-10-29T17:06:36+00:00\" \/>\n<meta name=\"twitter:card\" content=\"summary_large_image\" \/>\n<meta name=\"twitter:label1\" content=\"Est. reading time\" \/>\n\t<meta name=\"twitter:data1\" content=\"2 minutit\" \/>\n<script type=\"application\/ld+json\" class=\"yoast-schema-graph\">{\"@context\":\"https:\\\/\\\/schema.org\",\"@graph\":[{\"@type\":\"WebPage\",\"@id\":\"https:\\\/\\\/www.kliinikum.ee\\\/yhendlabor\\\/kasiraamat\\\/ainevahetushaiguste-uuringud\\\/orgaanilised-happed-seerumis-ja-uriinis\\\/\",\"url\":\"https:\\\/\\\/www.kliinikum.ee\\\/yhendlabor\\\/kasiraamat\\\/ainevahetushaiguste-uuringud\\\/orgaanilised-happed-seerumis-ja-uriinis\\\/\",\"name\":\"Orgaanilised happed seerumis ja uriinis - \u00dchendlabor\",\"isPartOf\":{\"@id\":\"https:\\\/\\\/www.kliinikum.ee\\\/yhendlabor\\\/#website\"},\"datePublished\":\"2025-04-29T08:00:31+00:00\",\"dateModified\":\"2025-10-29T17:06:36+00:00\",\"breadcrumb\":{\"@id\":\"https:\\\/\\\/www.kliinikum.ee\\\/yhendlabor\\\/kasiraamat\\\/ainevahetushaiguste-uuringud\\\/orgaanilised-happed-seerumis-ja-uriinis\\\/#breadcrumb\"},\"inLanguage\":\"et\",\"potentialAction\":[{\"@type\":\"ReadAction\",\"target\":[\"https:\\\/\\\/www.kliinikum.ee\\\/yhendlabor\\\/kasiraamat\\\/ainevahetushaiguste-uuringud\\\/orgaanilised-happed-seerumis-ja-uriinis\\\/\"]}]},{\"@type\":\"BreadcrumbList\",\"@id\":\"https:\\\/\\\/www.kliinikum.ee\\\/yhendlabor\\\/kasiraamat\\\/ainevahetushaiguste-uuringud\\\/orgaanilised-happed-seerumis-ja-uriinis\\\/#breadcrumb\",\"itemListElement\":[{\"@type\":\"ListItem\",\"position\":1,\"name\":\"Home\",\"item\":\"https:\\\/\\\/www.kliinikum.ee\\\/yhendlabor\\\/\"},{\"@type\":\"ListItem\",\"position\":2,\"name\":\"K\u00e4siraamat\",\"item\":\"https:\\\/\\\/www.kliinikum.ee\\\/yhendlabor\\\/kasiraamat\\\/\"},{\"@type\":\"ListItem\",\"position\":3,\"name\":\"Ainevahetushaiguste uuringud\",\"item\":\"https:\\\/\\\/www.kliinikum.ee\\\/yhendlabor\\\/kasiraamat\\\/ainevahetushaiguste-uuringud\\\/\"},{\"@type\":\"ListItem\",\"position\":4,\"name\":\"Orgaanilised happed seerumis ja uriinis\"}]},{\"@type\":\"WebSite\",\"@id\":\"https:\\\/\\\/www.kliinikum.ee\\\/yhendlabor\\\/#website\",\"url\":\"https:\\\/\\\/www.kliinikum.ee\\\/yhendlabor\\\/\",\"name\":\"\u00dchendlabor\",\"description\":\"Hoolivus, Uuendusmeelsus, P\u00e4devus ja Usaldusv\u00e4\u00e4rsus\",\"potentialAction\":[{\"@type\":\"SearchAction\",\"target\":{\"@type\":\"EntryPoint\",\"urlTemplate\":\"https:\\\/\\\/www.kliinikum.ee\\\/yhendlabor\\\/?s={search_term_string}\"},\"query-input\":{\"@type\":\"PropertyValueSpecification\",\"valueRequired\":true,\"valueName\":\"search_term_string\"}}],\"inLanguage\":\"et\"}]}<\/script>\n<!-- \/ Yoast SEO plugin. -->","yoast_head_json":{"title":"Orgaanilised happed seerumis ja uriinis - \u00dchendlabor","robots":{"index":"index","follow":"follow","max-snippet":"max-snippet:-1","max-image-preview":"max-image-preview:large","max-video-preview":"max-video-preview:-1"},"canonical":"https:\/\/www.kliinikum.ee\/yhendlabor\/kasiraamat\/ainevahetushaiguste-uuringud\/orgaanilised-happed-seerumis-ja-uriinis\/","og_locale":"et_EE","og_type":"article","og_title":"Orgaanilised happed seerumis ja uriinis - \u00dchendlabor","og_description":"Geneetika ja personaalmeditsiini kliinik, laboratoorse geneetika osakond, ainevahetuslabor, tel. 731 9485, www.kliinikum.ee\/geneetika\/ Organismis leiduvad ja erituvad orgaanilised happed v\u00f5ivad olla kas organismi ainevahetuse vaheproduktid v\u00f5i siis eksogeenset p\u00e4ritolu. Orgaanilised happed osalevad aminohapete, s\u00fcsivesikute, rasvhapete, neurotransmitterite, kolesterooli, puriinide ja p\u00fcrimidiinide, mitokondrite ning bakterite ainevahetuses. Mitmed ravimid ja spetsiaalsed dieedid m\u00f5jutavad orgaaniliste hapete sisaldust organismis. Inimese uriinist [&hellip;]","og_url":"https:\/\/www.kliinikum.ee\/yhendlabor\/kasiraamat\/ainevahetushaiguste-uuringud\/orgaanilised-happed-seerumis-ja-uriinis\/","og_site_name":"\u00dchendlabor","article_modified_time":"2025-10-29T17:06:36+00:00","twitter_card":"summary_large_image","twitter_misc":{"Est. reading time":"2 minutit"},"schema":{"@context":"https:\/\/schema.org","@graph":[{"@type":"WebPage","@id":"https:\/\/www.kliinikum.ee\/yhendlabor\/kasiraamat\/ainevahetushaiguste-uuringud\/orgaanilised-happed-seerumis-ja-uriinis\/","url":"https:\/\/www.kliinikum.ee\/yhendlabor\/kasiraamat\/ainevahetushaiguste-uuringud\/orgaanilised-happed-seerumis-ja-uriinis\/","name":"Orgaanilised happed seerumis ja uriinis - \u00dchendlabor","isPartOf":{"@id":"https:\/\/www.kliinikum.ee\/yhendlabor\/#website"},"datePublished":"2025-04-29T08:00:31+00:00","dateModified":"2025-10-29T17:06:36+00:00","breadcrumb":{"@id":"https:\/\/www.kliinikum.ee\/yhendlabor\/kasiraamat\/ainevahetushaiguste-uuringud\/orgaanilised-happed-seerumis-ja-uriinis\/#breadcrumb"},"inLanguage":"et","potentialAction":[{"@type":"ReadAction","target":["https:\/\/www.kliinikum.ee\/yhendlabor\/kasiraamat\/ainevahetushaiguste-uuringud\/orgaanilised-happed-seerumis-ja-uriinis\/"]}]},{"@type":"BreadcrumbList","@id":"https:\/\/www.kliinikum.ee\/yhendlabor\/kasiraamat\/ainevahetushaiguste-uuringud\/orgaanilised-happed-seerumis-ja-uriinis\/#breadcrumb","itemListElement":[{"@type":"ListItem","position":1,"name":"Home","item":"https:\/\/www.kliinikum.ee\/yhendlabor\/"},{"@type":"ListItem","position":2,"name":"K\u00e4siraamat","item":"https:\/\/www.kliinikum.ee\/yhendlabor\/kasiraamat\/"},{"@type":"ListItem","position":3,"name":"Ainevahetushaiguste uuringud","item":"https:\/\/www.kliinikum.ee\/yhendlabor\/kasiraamat\/ainevahetushaiguste-uuringud\/"},{"@type":"ListItem","position":4,"name":"Orgaanilised happed seerumis ja uriinis"}]},{"@type":"WebSite","@id":"https:\/\/www.kliinikum.ee\/yhendlabor\/#website","url":"https:\/\/www.kliinikum.ee\/yhendlabor\/","name":"\u00dchendlabor","description":"Hoolivus, Uuendusmeelsus, P\u00e4devus ja Usaldusv\u00e4\u00e4rsus","potentialAction":[{"@type":"SearchAction","target":{"@type":"EntryPoint","urlTemplate":"https:\/\/www.kliinikum.ee\/yhendlabor\/?s={search_term_string}"},"query-input":{"@type":"PropertyValueSpecification","valueRequired":true,"valueName":"search_term_string"}}],"inLanguage":"et"}]}},"uagb_featured_image_src":{"full":false,"thumbnail":false,"medium":false,"medium_large":false,"large":false,"1536x1536":false,"2048x2048":false},"uagb_author_info":{"display_name":"Kadi Siigur","author_link":"https:\/\/www.kliinikum.ee\/yhendlabor\/author\/kadisi\/"},"uagb_comment_info":0,"uagb_excerpt":"Geneetika ja personaalmeditsiini kliinik, laboratoorse geneetika osakond, ainevahetuslabor, tel. 731 9485, www.kliinikum.ee\/geneetika\/ Organismis leiduvad ja erituvad orgaanilised happed v\u00f5ivad olla kas organismi ainevahetuse vaheproduktid v\u00f5i siis eksogeenset p\u00e4ritolu. Orgaanilised happed osalevad aminohapete, s\u00fcsivesikute, rasvhapete, neurotransmitterite, kolesterooli, puriinide ja p\u00fcrimidiinide, mitokondrite ning bakterite ainevahetuses. Mitmed ravimid ja spetsiaalsed dieedid m\u00f5jutavad orgaaniliste hapete sisaldust organismis. Inimese uriinist&hellip;","_links":{"self":[{"href":"https:\/\/www.kliinikum.ee\/yhendlabor\/wp-json\/wp\/v2\/pages\/11293","targetHints":{"allow":["GET"]}}],"collection":[{"href":"https:\/\/www.kliinikum.ee\/yhendlabor\/wp-json\/wp\/v2\/pages"}],"about":[{"href":"https:\/\/www.kliinikum.ee\/yhendlabor\/wp-json\/wp\/v2\/types\/page"}],"author":[{"embeddable":true,"href":"https:\/\/www.kliinikum.ee\/yhendlabor\/wp-json\/wp\/v2\/users\/38"}],"replies":[{"embeddable":true,"href":"https:\/\/www.kliinikum.ee\/yhendlabor\/wp-json\/wp\/v2\/comments?post=11293"}],"version-history":[{"count":0,"href":"https:\/\/www.kliinikum.ee\/yhendlabor\/wp-json\/wp\/v2\/pages\/11293\/revisions"}],"up":[{"embeddable":true,"href":"https:\/\/www.kliinikum.ee\/yhendlabor\/wp-json\/wp\/v2\/pages\/7015"}],"wp:attachment":[{"href":"https:\/\/www.kliinikum.ee\/yhendlabor\/wp-json\/wp\/v2\/media?parent=11293"}],"curies":[{"name":"wp","href":"https:\/\/api.w.org\/{rel}","templated":true}]}}