{"id":11367,"date":"2025-05-26T15:02:10","date_gmt":"2025-05-26T13:02:10","guid":{"rendered":"https:\/\/www.kliinikum.ee\/yhendlabor\/?page_id=11367"},"modified":"2025-10-29T19:09:48","modified_gmt":"2025-10-29T17:09:48","slug":"siaalhappe-paneel-uriinis","status":"publish","type":"page","link":"https:\/\/www.kliinikum.ee\/yhendlabor\/kasiraamat\/ainevahetushaiguste-uuringud\/siaalhappe-paneel-uriinis\/","title":{"rendered":"Siaalhappe paneel uriinis"},"content":{"rendered":"\n<p><em>Geneetika ja personaalmeditsiini kliinik, laboratoorse geneetika osakond, ainevahetuslabor, tel. 731 9485, <a href=\"http:\/\/www.kliinikum.ee\/geneetika\/\">www.kliinikum.ee\/geneetika\/<\/a><\/em><\/p>\n\n\n\n<p><strong>Siaalhapet <\/strong>sisaldavad ligikaudu 40 erinevat neuramiinhappe derivaati. Need monokarboks\u00fc\u00fcl- ja N-r\u00fchmaga monosahhariidid on oluliseks \u00fclesehituskomponendiks oligosahhariididele. Oligosahhariidid on omakorda gl\u00fckoproteiinide ja gangliosiidide \u00fcheks komponendiks, osalevad olulistes metaboolsetes funktsioonides, nagu immunoloogilised protsessid, hormonaalsed vastusreaktsioonid, neuronite signaali\u00fclekanne, rakkude adhesioon ja kaitsemehhanismid.<\/p>\n\n\n\n<p>Tervetel indiviididel on ainult v\u00e4ike osa siaalhappest m\u00e4\u00e4ratav erinevates kehavedelikes. Siaalhape esineb peamiselt seotud vormina.<\/p>\n\n\n\n<p>Teada on kolm erinevat p\u00e4rilikku ainevahetushaigust, mille korral siaalhappe metabolism on h\u00e4iritud:<\/p>\n\n\n\n<ol class=\"wp-block-list\">\n<li>vaba siaalhappe ladestushaigus \u2013 l\u00fcsosomaalse membraani transportvalgu defekt. Siia alla kuuluvad hilise algusega Salla haigus ehk Soome t\u00fc\u00fcpi sialuuria (OMIM#604369) ja infantiilse algusega vaba siaalhappe ladestushaigus (OMIM#269920);<\/li>\n\n\n\n<li>sialuuria \u2013 siaalhappe bios\u00fcnteesi inhibitsiooni defekt;<\/li>\n\n\n\n<li>sialidoos \u2013 sialidaasi puudulikkus.<\/li>\n<\/ol>\n\n\n\n<p>Siaalhappe (vaba ja seotud) anal\u00fc\u00fcs tuleks teha patsiendil, kellel on ladestushaiguse kliiniline pilt. Iseloomulikud tunnused on progresseeruv arenguh\u00e4ire, omandatud oskuste kadu, krambid, lihash\u00fcpotoonia, ataksia, n\u00fcstagmid, maksa\/p\u00f5rna suurenemine ja\/v\u00f5i luude d\u00fcsostoos.<\/p>\n\n\n\n<p class=\"has-medium-font-size\"><strong>Uuritav materjal, selle v\u00f5tmine, saatmine ja s\u00e4ilitamine<\/strong><\/p>\n\n\n\n<figure class=\"wp-block-table is-style-stripes\"><table width=\"100%\"><tbody><tr><td width=\"1%\"><\/td><td width=\"20%\"><strong>Proovin\u00f5u<\/strong><\/td><td width=\"79%\">Proovitops<\/td><\/tr><tr><td width=\"1%\"><\/td><td width=\"20%\"><strong>Anal\u00fc\u00fcsitav kogus<\/strong><\/td><td width=\"79%\">20 mL uriini<\/td><\/tr><tr><td width=\"1%\"><\/td><td width=\"20%\"><strong>S\u00e4ilivus<\/strong><\/td><td width=\"79%\">Uriin toatemperatuuril 2\u20134 tundi<\/td><\/tr><\/tbody><\/table><\/figure>\n\n\n\n<p class=\"has-medium-font-size\"><strong>Anal\u00fc\u00fcsi tegemise aeg: <\/strong>t\u00f6\u00f6p\u00e4eviti. Anal\u00fc\u00fcs teostatakse Terviseameti Rahvatervise laboris. Uuringu valmimisaeg kuni neli n\u00e4dalat alates laborisse saabumise kuup\u00e4evast.<\/p>\n\n\n\n<p class=\"has-medium-font-size\"><strong>Anal\u00fc\u00fcsimeetod: <\/strong>vedelikkromatograafia<\/p>\n\n\n\n<p class=\"has-medium-font-size\"><strong>Referentsv\u00e4\u00e4rtus<\/strong><\/p>\n\n\n\n<figure class=\"wp-block-table\"><table width=\"100%\"><tbody><tr><td width=\"1%\"><\/td><td width=\"24%\">&nbsp;<\/td><td width=\"15%\"><strong>&lt; 2 a<\/strong><\/td><td width=\"15%\"><strong>2 a \u2013 &lt; 4 a<\/strong><\/td><td width=\"15%\"><strong>4 a \u2013 &lt; 6 a<\/strong><\/td><td width=\"15%\"><strong>6 a \u2013 &lt; 8 a<\/strong><\/td><td width=\"15%\"><strong>\u2265 8 a<\/strong><\/td><\/tr><tr><td width=\"1%\"><\/td><td width=\"24%\">Vaba siaalhape\/kreatiniin (mmol\/mol)<\/td><td width=\"15%\">20\u2013130<\/td><td width=\"15%\">20\u201375<\/td><td width=\"15%\">20\u201360<\/td><td width=\"15%\">20\u201350<\/td><td width=\"15%\">10\u201330<\/td><\/tr><tr><td width=\"1%\"><\/td><td width=\"24%\">Seotud siaalhape\/kreatiniin<br>(mmol\/mol)<\/td><td width=\"15%\">15\u2013260<\/td><td width=\"15%\">25\u2013150<\/td><td width=\"15%\">30\u2013100<\/td><td width=\"15%\">20\u201360<\/td><td width=\"15%\">15\u201350<\/td><\/tr><\/tbody><\/table><\/figure>\n\n\n\n<p class=\"has-medium-font-size\"><strong>N\u00e4idustus ja kliiniline t\u00e4hendus<\/strong><\/p>\n\n\n\n<p>Siaalhappe metabolismi h\u00e4irete biokeemiline diagnostika. Patoloogiline t\u00e4hendus on siaalhappe suurenenud eritusel uriiniga. V\u00f5ib esineda:<\/p>\n\n\n\n<ol class=\"wp-block-list\">\n<li>seotud siaalhappe erituse suurenemine, mis on iseloomulik sialidoosile;<\/li>\n\n\n\n<li>vaba siaalhappe erituse suurenemine, mis on iseloomulik vaba siaalhappe ladestushaigusele ja sialuuriale.<\/li>\n<\/ol>\n\n\n\n<p>Kuna kliiniliselt ei ole v\u00f5imalik eristada ladestushaigusi, s.t mukopol\u00fcsahharidoose, oligosahharidoose ja siaalhappe metabolismi h\u00e4ireid, siis tehakse siaalhappe anal\u00fc\u00fcs alati koos mukopol\u00fcsahhariidide ja v\u00f5imalusel koos oligosahhariidide anal\u00fc\u00fcsiga.<\/p>\n\n\n\n<p>Koostajad: Katrin \u00d5unap, Kadi K\u00fcnnapas<br>Muudetud 25.05.2023<\/p>\n\n\n\n<p><\/p>\n\n\n\n<p><\/p>\n\n\n\n<p><\/p>\n","protected":false},"excerpt":{"rendered":"<p>Geneetika ja personaalmeditsiini kliinik, laboratoorse geneetika osakond, ainevahetuslabor, tel. 731 9485, www.kliinikum.ee\/geneetika\/ Siaalhapet sisaldavad ligikaudu 40 erinevat neuramiinhappe derivaati. Need monokarboks\u00fc\u00fcl- ja N-r\u00fchmaga monosahhariidid on oluliseks \u00fclesehituskomponendiks oligosahhariididele. Oligosahhariidid on omakorda gl\u00fckoproteiinide ja gangliosiidide \u00fcheks komponendiks, osalevad olulistes metaboolsetes funktsioonides, nagu immunoloogilised protsessid, hormonaalsed vastusreaktsioonid, neuronite signaali\u00fclekanne, rakkude adhesioon ja kaitsemehhanismid. Tervetel indiviididel on ainult [&hellip;]<\/p>\n","protected":false},"author":38,"featured_media":0,"parent":7015,"menu_order":0,"comment_status":"closed","ping_status":"closed","template":"","meta":{"_uag_custom_page_level_css":"","footnotes":""},"class_list":["post-11367","page","type-page","status-publish","hentry"],"acf":[],"yoast_head":"<!-- This site is optimized with the Yoast SEO plugin v27.3 - https:\/\/yoast.com\/product\/yoast-seo-wordpress\/ -->\n<title>Siaalhappe paneel uriinis - \u00dchendlabor<\/title>\n<meta name=\"robots\" content=\"index, follow, max-snippet:-1, max-image-preview:large, max-video-preview:-1\" \/>\n<link rel=\"canonical\" href=\"https:\/\/www.kliinikum.ee\/yhendlabor\/kasiraamat\/ainevahetushaiguste-uuringud\/siaalhappe-paneel-uriinis\/\" \/>\n<meta property=\"og:locale\" content=\"et_EE\" \/>\n<meta property=\"og:type\" content=\"article\" \/>\n<meta property=\"og:title\" content=\"Siaalhappe paneel uriinis - \u00dchendlabor\" \/>\n<meta property=\"og:description\" content=\"Geneetika ja personaalmeditsiini kliinik, laboratoorse geneetika osakond, ainevahetuslabor, tel. 731 9485, www.kliinikum.ee\/geneetika\/ Siaalhapet sisaldavad ligikaudu 40 erinevat neuramiinhappe derivaati. Need monokarboks\u00fc\u00fcl- ja N-r\u00fchmaga monosahhariidid on oluliseks \u00fclesehituskomponendiks oligosahhariididele. Oligosahhariidid on omakorda gl\u00fckoproteiinide ja gangliosiidide \u00fcheks komponendiks, osalevad olulistes metaboolsetes funktsioonides, nagu immunoloogilised protsessid, hormonaalsed vastusreaktsioonid, neuronite signaali\u00fclekanne, rakkude adhesioon ja kaitsemehhanismid. Tervetel indiviididel on ainult [&hellip;]\" \/>\n<meta property=\"og:url\" content=\"https:\/\/www.kliinikum.ee\/yhendlabor\/kasiraamat\/ainevahetushaiguste-uuringud\/siaalhappe-paneel-uriinis\/\" \/>\n<meta property=\"og:site_name\" content=\"\u00dchendlabor\" \/>\n<meta property=\"article:modified_time\" content=\"2025-10-29T17:09:48+00:00\" \/>\n<meta name=\"twitter:card\" content=\"summary_large_image\" \/>\n<meta name=\"twitter:label1\" content=\"Est. reading time\" \/>\n\t<meta name=\"twitter:data1\" content=\"2 minutit\" \/>\n<script type=\"application\/ld+json\" class=\"yoast-schema-graph\">{\"@context\":\"https:\\\/\\\/schema.org\",\"@graph\":[{\"@type\":\"WebPage\",\"@id\":\"https:\\\/\\\/www.kliinikum.ee\\\/yhendlabor\\\/kasiraamat\\\/ainevahetushaiguste-uuringud\\\/siaalhappe-paneel-uriinis\\\/\",\"url\":\"https:\\\/\\\/www.kliinikum.ee\\\/yhendlabor\\\/kasiraamat\\\/ainevahetushaiguste-uuringud\\\/siaalhappe-paneel-uriinis\\\/\",\"name\":\"Siaalhappe paneel uriinis - \u00dchendlabor\",\"isPartOf\":{\"@id\":\"https:\\\/\\\/www.kliinikum.ee\\\/yhendlabor\\\/#website\"},\"datePublished\":\"2025-05-26T13:02:10+00:00\",\"dateModified\":\"2025-10-29T17:09:48+00:00\",\"breadcrumb\":{\"@id\":\"https:\\\/\\\/www.kliinikum.ee\\\/yhendlabor\\\/kasiraamat\\\/ainevahetushaiguste-uuringud\\\/siaalhappe-paneel-uriinis\\\/#breadcrumb\"},\"inLanguage\":\"et\",\"potentialAction\":[{\"@type\":\"ReadAction\",\"target\":[\"https:\\\/\\\/www.kliinikum.ee\\\/yhendlabor\\\/kasiraamat\\\/ainevahetushaiguste-uuringud\\\/siaalhappe-paneel-uriinis\\\/\"]}]},{\"@type\":\"BreadcrumbList\",\"@id\":\"https:\\\/\\\/www.kliinikum.ee\\\/yhendlabor\\\/kasiraamat\\\/ainevahetushaiguste-uuringud\\\/siaalhappe-paneel-uriinis\\\/#breadcrumb\",\"itemListElement\":[{\"@type\":\"ListItem\",\"position\":1,\"name\":\"Home\",\"item\":\"https:\\\/\\\/www.kliinikum.ee\\\/yhendlabor\\\/\"},{\"@type\":\"ListItem\",\"position\":2,\"name\":\"K\u00e4siraamat\",\"item\":\"https:\\\/\\\/www.kliinikum.ee\\\/yhendlabor\\\/kasiraamat\\\/\"},{\"@type\":\"ListItem\",\"position\":3,\"name\":\"Ainevahetushaiguste uuringud\",\"item\":\"https:\\\/\\\/www.kliinikum.ee\\\/yhendlabor\\\/kasiraamat\\\/ainevahetushaiguste-uuringud\\\/\"},{\"@type\":\"ListItem\",\"position\":4,\"name\":\"Siaalhappe paneel uriinis\"}]},{\"@type\":\"WebSite\",\"@id\":\"https:\\\/\\\/www.kliinikum.ee\\\/yhendlabor\\\/#website\",\"url\":\"https:\\\/\\\/www.kliinikum.ee\\\/yhendlabor\\\/\",\"name\":\"\u00dchendlabor\",\"description\":\"Hoolivus, Uuendusmeelsus, P\u00e4devus ja Usaldusv\u00e4\u00e4rsus\",\"potentialAction\":[{\"@type\":\"SearchAction\",\"target\":{\"@type\":\"EntryPoint\",\"urlTemplate\":\"https:\\\/\\\/www.kliinikum.ee\\\/yhendlabor\\\/?s={search_term_string}\"},\"query-input\":{\"@type\":\"PropertyValueSpecification\",\"valueRequired\":true,\"valueName\":\"search_term_string\"}}],\"inLanguage\":\"et\"}]}<\/script>\n<!-- \/ Yoast SEO plugin. -->","yoast_head_json":{"title":"Siaalhappe paneel uriinis - \u00dchendlabor","robots":{"index":"index","follow":"follow","max-snippet":"max-snippet:-1","max-image-preview":"max-image-preview:large","max-video-preview":"max-video-preview:-1"},"canonical":"https:\/\/www.kliinikum.ee\/yhendlabor\/kasiraamat\/ainevahetushaiguste-uuringud\/siaalhappe-paneel-uriinis\/","og_locale":"et_EE","og_type":"article","og_title":"Siaalhappe paneel uriinis - \u00dchendlabor","og_description":"Geneetika ja personaalmeditsiini kliinik, laboratoorse geneetika osakond, ainevahetuslabor, tel. 731 9485, www.kliinikum.ee\/geneetika\/ Siaalhapet sisaldavad ligikaudu 40 erinevat neuramiinhappe derivaati. Need monokarboks\u00fc\u00fcl- ja N-r\u00fchmaga monosahhariidid on oluliseks \u00fclesehituskomponendiks oligosahhariididele. Oligosahhariidid on omakorda gl\u00fckoproteiinide ja gangliosiidide \u00fcheks komponendiks, osalevad olulistes metaboolsetes funktsioonides, nagu immunoloogilised protsessid, hormonaalsed vastusreaktsioonid, neuronite signaali\u00fclekanne, rakkude adhesioon ja kaitsemehhanismid. Tervetel indiviididel on ainult [&hellip;]","og_url":"https:\/\/www.kliinikum.ee\/yhendlabor\/kasiraamat\/ainevahetushaiguste-uuringud\/siaalhappe-paneel-uriinis\/","og_site_name":"\u00dchendlabor","article_modified_time":"2025-10-29T17:09:48+00:00","twitter_card":"summary_large_image","twitter_misc":{"Est. reading time":"2 minutit"},"schema":{"@context":"https:\/\/schema.org","@graph":[{"@type":"WebPage","@id":"https:\/\/www.kliinikum.ee\/yhendlabor\/kasiraamat\/ainevahetushaiguste-uuringud\/siaalhappe-paneel-uriinis\/","url":"https:\/\/www.kliinikum.ee\/yhendlabor\/kasiraamat\/ainevahetushaiguste-uuringud\/siaalhappe-paneel-uriinis\/","name":"Siaalhappe paneel uriinis - \u00dchendlabor","isPartOf":{"@id":"https:\/\/www.kliinikum.ee\/yhendlabor\/#website"},"datePublished":"2025-05-26T13:02:10+00:00","dateModified":"2025-10-29T17:09:48+00:00","breadcrumb":{"@id":"https:\/\/www.kliinikum.ee\/yhendlabor\/kasiraamat\/ainevahetushaiguste-uuringud\/siaalhappe-paneel-uriinis\/#breadcrumb"},"inLanguage":"et","potentialAction":[{"@type":"ReadAction","target":["https:\/\/www.kliinikum.ee\/yhendlabor\/kasiraamat\/ainevahetushaiguste-uuringud\/siaalhappe-paneel-uriinis\/"]}]},{"@type":"BreadcrumbList","@id":"https:\/\/www.kliinikum.ee\/yhendlabor\/kasiraamat\/ainevahetushaiguste-uuringud\/siaalhappe-paneel-uriinis\/#breadcrumb","itemListElement":[{"@type":"ListItem","position":1,"name":"Home","item":"https:\/\/www.kliinikum.ee\/yhendlabor\/"},{"@type":"ListItem","position":2,"name":"K\u00e4siraamat","item":"https:\/\/www.kliinikum.ee\/yhendlabor\/kasiraamat\/"},{"@type":"ListItem","position":3,"name":"Ainevahetushaiguste uuringud","item":"https:\/\/www.kliinikum.ee\/yhendlabor\/kasiraamat\/ainevahetushaiguste-uuringud\/"},{"@type":"ListItem","position":4,"name":"Siaalhappe paneel uriinis"}]},{"@type":"WebSite","@id":"https:\/\/www.kliinikum.ee\/yhendlabor\/#website","url":"https:\/\/www.kliinikum.ee\/yhendlabor\/","name":"\u00dchendlabor","description":"Hoolivus, Uuendusmeelsus, P\u00e4devus ja Usaldusv\u00e4\u00e4rsus","potentialAction":[{"@type":"SearchAction","target":{"@type":"EntryPoint","urlTemplate":"https:\/\/www.kliinikum.ee\/yhendlabor\/?s={search_term_string}"},"query-input":{"@type":"PropertyValueSpecification","valueRequired":true,"valueName":"search_term_string"}}],"inLanguage":"et"}]}},"uagb_featured_image_src":{"full":false,"thumbnail":false,"medium":false,"medium_large":false,"large":false,"1536x1536":false,"2048x2048":false},"uagb_author_info":{"display_name":"Kadi Siigur","author_link":"https:\/\/www.kliinikum.ee\/yhendlabor\/author\/kadisi\/"},"uagb_comment_info":0,"uagb_excerpt":"Geneetika ja personaalmeditsiini kliinik, laboratoorse geneetika osakond, ainevahetuslabor, tel. 731 9485, www.kliinikum.ee\/geneetika\/ Siaalhapet sisaldavad ligikaudu 40 erinevat neuramiinhappe derivaati. Need monokarboks\u00fc\u00fcl- ja N-r\u00fchmaga monosahhariidid on oluliseks \u00fclesehituskomponendiks oligosahhariididele. Oligosahhariidid on omakorda gl\u00fckoproteiinide ja gangliosiidide \u00fcheks komponendiks, osalevad olulistes metaboolsetes funktsioonides, nagu immunoloogilised protsessid, hormonaalsed vastusreaktsioonid, neuronite signaali\u00fclekanne, rakkude adhesioon ja kaitsemehhanismid. Tervetel indiviididel on ainult&hellip;","_links":{"self":[{"href":"https:\/\/www.kliinikum.ee\/yhendlabor\/wp-json\/wp\/v2\/pages\/11367","targetHints":{"allow":["GET"]}}],"collection":[{"href":"https:\/\/www.kliinikum.ee\/yhendlabor\/wp-json\/wp\/v2\/pages"}],"about":[{"href":"https:\/\/www.kliinikum.ee\/yhendlabor\/wp-json\/wp\/v2\/types\/page"}],"author":[{"embeddable":true,"href":"https:\/\/www.kliinikum.ee\/yhendlabor\/wp-json\/wp\/v2\/users\/38"}],"replies":[{"embeddable":true,"href":"https:\/\/www.kliinikum.ee\/yhendlabor\/wp-json\/wp\/v2\/comments?post=11367"}],"version-history":[{"count":0,"href":"https:\/\/www.kliinikum.ee\/yhendlabor\/wp-json\/wp\/v2\/pages\/11367\/revisions"}],"up":[{"embeddable":true,"href":"https:\/\/www.kliinikum.ee\/yhendlabor\/wp-json\/wp\/v2\/pages\/7015"}],"wp:attachment":[{"href":"https:\/\/www.kliinikum.ee\/yhendlabor\/wp-json\/wp\/v2\/media?parent=11367"}],"curies":[{"name":"wp","href":"https:\/\/api.w.org\/{rel}","templated":true}]}}