{"id":11385,"date":"2025-05-26T15:24:17","date_gmt":"2025-05-26T13:24:17","guid":{"rendered":"https:\/\/www.kliinikum.ee\/yhendlabor\/?page_id=11385"},"modified":"2025-10-29T19:15:32","modified_gmt":"2025-10-29T17:15:32","slug":"vaga-pika-ahelaga-rasvhapped-seerumis","status":"publish","type":"page","link":"https:\/\/www.kliinikum.ee\/yhendlabor\/kasiraamat\/ainevahetushaiguste-uuringud\/vaga-pika-ahelaga-rasvhapped-seerumis\/","title":{"rendered":"V\u00e4ga pika ahelaga rasvhapped seerumis"},"content":{"rendered":"\n<p><em>Geneetika ja personaalmeditsiini kliinik, laboratoorse geneetika osakond, ainevahetuslabor, tel. 731 9485, <a href=\"http:\/\/www.kliinikum.ee\/geneetika\/\">www.kliinikum.ee\/geneetika\/<\/a><\/em><\/p>\n\n\n\n<p><strong>V\u00e4ga pika ahelaga rasvhapete<\/strong> (C<sub>24<\/sub>\u2013C<sub>26<\/sub> ahela pikkusega rasvhapped) ja hargneva ahelaga rasvhapete (f\u00fctaanhape) kvantitatiivset anal\u00fc\u00fcsi kasutatakse peroks\u00fcsomaalsete haiguste esmaseks diagnostikaks. K\u00f5ik m\u00e4\u00e4ratavad v\u00e4ga pika ahelaga v\u00f5i hargneva ahelaga rasvhapped osalevad peroks\u00fcsomaalses beetaoks\u00fcdatsiooni protsessis. Nad on organismis kas lipiidide v\u00f5i valguga seotud, mist\u00f5ttu neid saab m\u00e4\u00e4rata ainult seerumist ja mitte uriinist.<\/p>\n\n\n\n<p>Peroks\u00fcsomaalne ainevahetus on stabiilne ja ei ole m\u00f5jutatav toitumisest, n\u00e4lgimisest v\u00f5i f\u00fc\u00fcsilisest koormusest. Erandiks on f\u00fctaanhappe ainevahetus, sest f\u00fctaanhapet saadakse peamiselt toidust ja seda sisaldavate toiduainete (loomaliha ja rasvad) s\u00f6\u00f6mine v\u00f5ib m\u00f5jutada anal\u00fc\u00fcsi tulemust.<\/p>\n\n\n\n<p>Peroks\u00fcsomaalsete haiguste esmane kahtlus tekib kliinilise pildi alusel. Patsiendil v\u00f5ivad esineda iseloomulikud tunnused nagu d\u00fcsmorfne n\u00e4gu, laialt avatud suur l\u00f5ge, v\u00e4ljendunud lihash\u00fcpotoonia, maksakahjustus ja neeru ts\u00fcstid. Need on iseloomulikeks tunnusteks just klassikalisele perok\u00fcsomaalsele haigusele \u2013 Zellwegeri s\u00fcndroomile. Risomeelse t\u00e4pja kondrod\u00fcsplaasia (<em>rhizomelic chondrodysplasia punctata<\/em>) korral esineb ka d\u00fcsproportsionaalne kasvupeetus, mis meenutab teisi kondrod\u00fcstroofiaid. Kergematel juhtudel v\u00f5ib aga esineda ainult pigmentretiniit ja\/v\u00f5i kuulmise langus.<\/p>\n\n\n\n<p class=\"has-medium-font-size\"><strong>Uuritav materjal, selle v\u00f5tmine, saatmine ja s\u00e4ilitamine<\/strong><\/p>\n\n\n\n<p>Soovitav on proov anda hommikul t\u00fchja k\u00f5huga.<\/p>\n\n\n\n<figure class=\"wp-block-table is-style-stripes\"><table width=\"100%\"><tbody><tr><td width=\"1%\"><\/td><td width=\"20%\"><strong>Katsuti<\/strong><\/td><td width=\"79%\">Geeli ja h\u00fc\u00fcbimisaktivaatoriga katsuti (punane kollase r\u00f5ngaga kork v\u00f5i kollane kork)<\/td><\/tr><tr><td width=\"1%\"><\/td><td width=\"20%\"><strong>Anal\u00fc\u00fcsitav kogus<\/strong><\/td><td width=\"79%\">0,5\u20131 mL seerumit<\/td><\/tr><tr><td width=\"1%\"><\/td><td width=\"20%\"><strong>S\u00e4ilivus<\/strong><\/td><td width=\"79%\">Seerum toatemperatuuril 2\u20134 tundi, +4 \u00b0C 15 p\u00e4eva, -20 \u00b0C 92 p\u00e4eva<\/td><\/tr><\/tbody><\/table><\/figure>\n\n\n\n<p class=\"has-medium-font-size\"><strong>Anal\u00fc\u00fcsi tegemise aeg: <\/strong>t\u00f6\u00f6p\u00e4eviti, proovide ettevalmistamine ja tulemuste hindamine toimub geneetika ja personaalmeditsiini kliinikus, anal\u00fc\u00fcs teostatakse Terviseameti Rahvatervise laboris. Uuringu valmimisaeg kuni neli n\u00e4dalat alates laborisse saabumise kuup\u00e4evast. <em>Cito<\/em> anal\u00fc\u00fcsi korral saab vastuse 1\u20132 t\u00f6\u00f6p\u00e4eva jooksul.<\/p>\n\n\n\n<p class=\"has-medium-font-size\"><strong>Anal\u00fc\u00fcsimeetod: <\/strong>gaaskromatograafia-massispektromeetria (GC\/MS)<\/p>\n\n\n\n<p class=\"has-medium-font-size\"><strong>Referentsv\u00e4\u00e4rtused<\/strong><\/p>\n\n\n\n<p>Igale vastusele lisatakse eraldi vastavad referentsv\u00e4\u00e4rtused ja interpretatsioon.<\/p>\n\n\n\n<figure class=\"wp-block-table\"><table width=\"100%\"><tbody><tr><td width=\"1%\"><\/td><td width=\"24%\">&nbsp;<\/td><td width=\"15%\"><strong>&lt; 4 k<\/strong><\/td><td width=\"15%\"><strong>4 k \u2013 &lt; 8 k<\/strong><\/td><td width=\"15%\"><strong>8 k \u2013 &lt; 1 a<\/strong><\/td><td width=\"15%\"><strong>1 a \u2013 &lt; 2 a<\/strong><\/td><td width=\"15%\"><strong>\u2265 2 a<\/strong><\/td><\/tr><tr><td width=\"1%\"><\/td><td width=\"24%\">Pristaanhape (\u00b5mol\/L)<\/td><td width=\"15%\">0,01\u20130,6<\/td><td width=\"15%\">0,01\u20130,84<\/td><td width=\"15%\">0,01\u20130,77<\/td><td width=\"15%\">0,12\u20131,47<\/td><td width=\"15%\">0,12\u20132,98<\/td><\/tr><tr><td width=\"1%\"><\/td><td width=\"24%\">F\u00fctaanhape (\u00b5mol\/L)<\/td><td width=\"15%\">0,04\u20135,28<\/td><td width=\"15%\">0,21\u20135,7<\/td><td width=\"15%\">0,38\u20134,4<\/td><td width=\"15%\">1,34\u20138,62<\/td><td width=\"15%\">0,49\u20139,88<\/td><\/tr><tr><td width=\"1%\"><\/td><td width=\"24%\">C22 (\u00b5mol\/L)<\/td><td width=\"15%\">40\u2013119<\/td><td width=\"15%\">40\u2013119<\/td><td width=\"15%\">40\u2013119<\/td><td width=\"15%\">40\u2013119<\/td><td width=\"15%\">40\u2013119<\/td><\/tr><tr><td width=\"1%\"><\/td><td width=\"24%\">C24 (\u00b5mol\/L)<\/td><td width=\"15%\">33\u201384<\/td><td width=\"15%\">33\u201384<\/td><td width=\"15%\">33\u201384<\/td><td width=\"15%\">33\u201384<\/td><td width=\"15%\">33\u201384<\/td><\/tr><tr><td width=\"1%\"><\/td><td width=\"24%\">C26 (\u00b5mol\/L)<\/td><td width=\"15%\">0,45\u20131,32<\/td><td width=\"15%\">0,45\u20131,32<\/td><td width=\"15%\">0,45\u20131,32<\/td><td width=\"15%\">0,45\u20131,32<\/td><td width=\"15%\">0,45\u20131,32<\/td><\/tr><tr><td width=\"1%\"><\/td><td width=\"24%\">C24\/C22<\/td><td width=\"15%\">0,57\u20130,92<\/td><td width=\"15%\">0,57\u20130,92<\/td><td width=\"15%\">0,57\u20130,92<\/td><td width=\"15%\">0,57\u20130,92<\/td><td width=\"15%\">0,57\u20130,92<\/td><\/tr><tr><td width=\"1%\"><\/td><td width=\"24%\">C26\/C22<\/td><td width=\"15%\">0,01\u20130,02<\/td><td width=\"15%\">0,01\u20130,02<\/td><td width=\"15%\">0,01\u20130,02<\/td><td width=\"15%\">0,01\u20130,02<\/td><td width=\"15%\">0,01\u20130,02<\/td><\/tr><\/tbody><\/table><\/figure>\n\n\n\n<p class=\"has-medium-font-size\"><strong>N\u00e4idustus ja kliiniline t\u00e4hendus<\/strong><\/p>\n\n\n\n<p>Peroks\u00fcsomaalsete haiguste esmane diagnostika.<\/p>\n\n\n\n<p>Suurenenud v\u00e4ga pika ahelaga rasvhapete sisaldus viitab p\u00e4rilikele peroks\u00fcsomaalsetele haigustele nagu Zellwegeri s\u00fcndroom, neonataalne adrenoleukod\u00fcstroofia, risomeelne t\u00e4pjas kondrod\u00fcsplaasia jt. Refsumi t\u00f5ve ja risomeelse t\u00e4pja kondrod\u00fcsplaasia korral esineb ainult f\u00fctaanhappe sisalduse suurenemine. L\u00f5plik diagnoosi kinnitamine toimub ens\u00fc\u00fcmanal\u00fc\u00fcsi abil.<\/p>\n\n\n\n<p>Mitteperoks\u00fcsomaalse p\u00e4ritoluga v\u00e4ga pika ahelaga rasvhapete sisalduse suurenemist seerumis esineb v\u00e4ga harva.<\/p>\n\n\n\n<p>Koostajad: Katrin \u00d5unap, Kadi K\u00fcnnapas<br>Muudetud 25.05.2023<\/p>\n\n\n\n<p><\/p>\n\n\n\n<p><\/p>\n","protected":false},"excerpt":{"rendered":"<p>Geneetika ja personaalmeditsiini kliinik, laboratoorse geneetika osakond, ainevahetuslabor, tel. 731 9485, www.kliinikum.ee\/geneetika\/ V\u00e4ga pika ahelaga rasvhapete (C24\u2013C26 ahela pikkusega rasvhapped) ja hargneva ahelaga rasvhapete (f\u00fctaanhape) kvantitatiivset anal\u00fc\u00fcsi kasutatakse peroks\u00fcsomaalsete haiguste esmaseks diagnostikaks. K\u00f5ik m\u00e4\u00e4ratavad v\u00e4ga pika ahelaga v\u00f5i hargneva ahelaga rasvhapped osalevad peroks\u00fcsomaalses beetaoks\u00fcdatsiooni protsessis. Nad on organismis kas lipiidide v\u00f5i valguga seotud, mist\u00f5ttu neid [&hellip;]<\/p>\n","protected":false},"author":38,"featured_media":0,"parent":7015,"menu_order":0,"comment_status":"closed","ping_status":"closed","template":"","meta":{"_uag_custom_page_level_css":"","footnotes":""},"class_list":["post-11385","page","type-page","status-publish","hentry"],"acf":[],"yoast_head":"<!-- This site is optimized with the Yoast SEO plugin v27.3 - https:\/\/yoast.com\/product\/yoast-seo-wordpress\/ -->\n<title>V\u00e4ga pika ahelaga rasvhapped seerumis - \u00dchendlabor<\/title>\n<meta name=\"robots\" content=\"index, follow, max-snippet:-1, max-image-preview:large, max-video-preview:-1\" \/>\n<link rel=\"canonical\" href=\"https:\/\/www.kliinikum.ee\/yhendlabor\/kasiraamat\/ainevahetushaiguste-uuringud\/vaga-pika-ahelaga-rasvhapped-seerumis\/\" \/>\n<meta property=\"og:locale\" content=\"et_EE\" \/>\n<meta property=\"og:type\" content=\"article\" \/>\n<meta property=\"og:title\" content=\"V\u00e4ga pika ahelaga rasvhapped seerumis - \u00dchendlabor\" \/>\n<meta property=\"og:description\" content=\"Geneetika ja personaalmeditsiini kliinik, laboratoorse geneetika osakond, ainevahetuslabor, tel. 731 9485, www.kliinikum.ee\/geneetika\/ V\u00e4ga pika ahelaga rasvhapete (C24\u2013C26 ahela pikkusega rasvhapped) ja hargneva ahelaga rasvhapete (f\u00fctaanhape) kvantitatiivset anal\u00fc\u00fcsi kasutatakse peroks\u00fcsomaalsete haiguste esmaseks diagnostikaks. K\u00f5ik m\u00e4\u00e4ratavad v\u00e4ga pika ahelaga v\u00f5i hargneva ahelaga rasvhapped osalevad peroks\u00fcsomaalses beetaoks\u00fcdatsiooni protsessis. Nad on organismis kas lipiidide v\u00f5i valguga seotud, mist\u00f5ttu neid [&hellip;]\" \/>\n<meta property=\"og:url\" content=\"https:\/\/www.kliinikum.ee\/yhendlabor\/kasiraamat\/ainevahetushaiguste-uuringud\/vaga-pika-ahelaga-rasvhapped-seerumis\/\" \/>\n<meta property=\"og:site_name\" content=\"\u00dchendlabor\" \/>\n<meta property=\"article:modified_time\" content=\"2025-10-29T17:15:32+00:00\" \/>\n<meta name=\"twitter:card\" content=\"summary_large_image\" \/>\n<meta name=\"twitter:label1\" content=\"Est. reading time\" \/>\n\t<meta name=\"twitter:data1\" content=\"3 minutit\" \/>\n<script type=\"application\/ld+json\" class=\"yoast-schema-graph\">{\"@context\":\"https:\\\/\\\/schema.org\",\"@graph\":[{\"@type\":\"WebPage\",\"@id\":\"https:\\\/\\\/www.kliinikum.ee\\\/yhendlabor\\\/kasiraamat\\\/ainevahetushaiguste-uuringud\\\/vaga-pika-ahelaga-rasvhapped-seerumis\\\/\",\"url\":\"https:\\\/\\\/www.kliinikum.ee\\\/yhendlabor\\\/kasiraamat\\\/ainevahetushaiguste-uuringud\\\/vaga-pika-ahelaga-rasvhapped-seerumis\\\/\",\"name\":\"V\u00e4ga pika ahelaga rasvhapped seerumis - \u00dchendlabor\",\"isPartOf\":{\"@id\":\"https:\\\/\\\/www.kliinikum.ee\\\/yhendlabor\\\/#website\"},\"datePublished\":\"2025-05-26T13:24:17+00:00\",\"dateModified\":\"2025-10-29T17:15:32+00:00\",\"breadcrumb\":{\"@id\":\"https:\\\/\\\/www.kliinikum.ee\\\/yhendlabor\\\/kasiraamat\\\/ainevahetushaiguste-uuringud\\\/vaga-pika-ahelaga-rasvhapped-seerumis\\\/#breadcrumb\"},\"inLanguage\":\"et\",\"potentialAction\":[{\"@type\":\"ReadAction\",\"target\":[\"https:\\\/\\\/www.kliinikum.ee\\\/yhendlabor\\\/kasiraamat\\\/ainevahetushaiguste-uuringud\\\/vaga-pika-ahelaga-rasvhapped-seerumis\\\/\"]}]},{\"@type\":\"BreadcrumbList\",\"@id\":\"https:\\\/\\\/www.kliinikum.ee\\\/yhendlabor\\\/kasiraamat\\\/ainevahetushaiguste-uuringud\\\/vaga-pika-ahelaga-rasvhapped-seerumis\\\/#breadcrumb\",\"itemListElement\":[{\"@type\":\"ListItem\",\"position\":1,\"name\":\"Home\",\"item\":\"https:\\\/\\\/www.kliinikum.ee\\\/yhendlabor\\\/\"},{\"@type\":\"ListItem\",\"position\":2,\"name\":\"K\u00e4siraamat\",\"item\":\"https:\\\/\\\/www.kliinikum.ee\\\/yhendlabor\\\/kasiraamat\\\/\"},{\"@type\":\"ListItem\",\"position\":3,\"name\":\"Ainevahetushaiguste uuringud\",\"item\":\"https:\\\/\\\/www.kliinikum.ee\\\/yhendlabor\\\/kasiraamat\\\/ainevahetushaiguste-uuringud\\\/\"},{\"@type\":\"ListItem\",\"position\":4,\"name\":\"V\u00e4ga pika ahelaga rasvhapped seerumis\"}]},{\"@type\":\"WebSite\",\"@id\":\"https:\\\/\\\/www.kliinikum.ee\\\/yhendlabor\\\/#website\",\"url\":\"https:\\\/\\\/www.kliinikum.ee\\\/yhendlabor\\\/\",\"name\":\"\u00dchendlabor\",\"description\":\"Hoolivus, Uuendusmeelsus, P\u00e4devus ja Usaldusv\u00e4\u00e4rsus\",\"potentialAction\":[{\"@type\":\"SearchAction\",\"target\":{\"@type\":\"EntryPoint\",\"urlTemplate\":\"https:\\\/\\\/www.kliinikum.ee\\\/yhendlabor\\\/?s={search_term_string}\"},\"query-input\":{\"@type\":\"PropertyValueSpecification\",\"valueRequired\":true,\"valueName\":\"search_term_string\"}}],\"inLanguage\":\"et\"}]}<\/script>\n<!-- \/ Yoast SEO plugin. -->","yoast_head_json":{"title":"V\u00e4ga pika ahelaga rasvhapped seerumis - \u00dchendlabor","robots":{"index":"index","follow":"follow","max-snippet":"max-snippet:-1","max-image-preview":"max-image-preview:large","max-video-preview":"max-video-preview:-1"},"canonical":"https:\/\/www.kliinikum.ee\/yhendlabor\/kasiraamat\/ainevahetushaiguste-uuringud\/vaga-pika-ahelaga-rasvhapped-seerumis\/","og_locale":"et_EE","og_type":"article","og_title":"V\u00e4ga pika ahelaga rasvhapped seerumis - \u00dchendlabor","og_description":"Geneetika ja personaalmeditsiini kliinik, laboratoorse geneetika osakond, ainevahetuslabor, tel. 731 9485, www.kliinikum.ee\/geneetika\/ V\u00e4ga pika ahelaga rasvhapete (C24\u2013C26 ahela pikkusega rasvhapped) ja hargneva ahelaga rasvhapete (f\u00fctaanhape) kvantitatiivset anal\u00fc\u00fcsi kasutatakse peroks\u00fcsomaalsete haiguste esmaseks diagnostikaks. K\u00f5ik m\u00e4\u00e4ratavad v\u00e4ga pika ahelaga v\u00f5i hargneva ahelaga rasvhapped osalevad peroks\u00fcsomaalses beetaoks\u00fcdatsiooni protsessis. Nad on organismis kas lipiidide v\u00f5i valguga seotud, mist\u00f5ttu neid [&hellip;]","og_url":"https:\/\/www.kliinikum.ee\/yhendlabor\/kasiraamat\/ainevahetushaiguste-uuringud\/vaga-pika-ahelaga-rasvhapped-seerumis\/","og_site_name":"\u00dchendlabor","article_modified_time":"2025-10-29T17:15:32+00:00","twitter_card":"summary_large_image","twitter_misc":{"Est. reading time":"3 minutit"},"schema":{"@context":"https:\/\/schema.org","@graph":[{"@type":"WebPage","@id":"https:\/\/www.kliinikum.ee\/yhendlabor\/kasiraamat\/ainevahetushaiguste-uuringud\/vaga-pika-ahelaga-rasvhapped-seerumis\/","url":"https:\/\/www.kliinikum.ee\/yhendlabor\/kasiraamat\/ainevahetushaiguste-uuringud\/vaga-pika-ahelaga-rasvhapped-seerumis\/","name":"V\u00e4ga pika ahelaga rasvhapped seerumis - \u00dchendlabor","isPartOf":{"@id":"https:\/\/www.kliinikum.ee\/yhendlabor\/#website"},"datePublished":"2025-05-26T13:24:17+00:00","dateModified":"2025-10-29T17:15:32+00:00","breadcrumb":{"@id":"https:\/\/www.kliinikum.ee\/yhendlabor\/kasiraamat\/ainevahetushaiguste-uuringud\/vaga-pika-ahelaga-rasvhapped-seerumis\/#breadcrumb"},"inLanguage":"et","potentialAction":[{"@type":"ReadAction","target":["https:\/\/www.kliinikum.ee\/yhendlabor\/kasiraamat\/ainevahetushaiguste-uuringud\/vaga-pika-ahelaga-rasvhapped-seerumis\/"]}]},{"@type":"BreadcrumbList","@id":"https:\/\/www.kliinikum.ee\/yhendlabor\/kasiraamat\/ainevahetushaiguste-uuringud\/vaga-pika-ahelaga-rasvhapped-seerumis\/#breadcrumb","itemListElement":[{"@type":"ListItem","position":1,"name":"Home","item":"https:\/\/www.kliinikum.ee\/yhendlabor\/"},{"@type":"ListItem","position":2,"name":"K\u00e4siraamat","item":"https:\/\/www.kliinikum.ee\/yhendlabor\/kasiraamat\/"},{"@type":"ListItem","position":3,"name":"Ainevahetushaiguste uuringud","item":"https:\/\/www.kliinikum.ee\/yhendlabor\/kasiraamat\/ainevahetushaiguste-uuringud\/"},{"@type":"ListItem","position":4,"name":"V\u00e4ga pika ahelaga rasvhapped seerumis"}]},{"@type":"WebSite","@id":"https:\/\/www.kliinikum.ee\/yhendlabor\/#website","url":"https:\/\/www.kliinikum.ee\/yhendlabor\/","name":"\u00dchendlabor","description":"Hoolivus, Uuendusmeelsus, P\u00e4devus ja Usaldusv\u00e4\u00e4rsus","potentialAction":[{"@type":"SearchAction","target":{"@type":"EntryPoint","urlTemplate":"https:\/\/www.kliinikum.ee\/yhendlabor\/?s={search_term_string}"},"query-input":{"@type":"PropertyValueSpecification","valueRequired":true,"valueName":"search_term_string"}}],"inLanguage":"et"}]}},"uagb_featured_image_src":{"full":false,"thumbnail":false,"medium":false,"medium_large":false,"large":false,"1536x1536":false,"2048x2048":false},"uagb_author_info":{"display_name":"Kadi Siigur","author_link":"https:\/\/www.kliinikum.ee\/yhendlabor\/author\/kadisi\/"},"uagb_comment_info":0,"uagb_excerpt":"Geneetika ja personaalmeditsiini kliinik, laboratoorse geneetika osakond, ainevahetuslabor, tel. 731 9485, www.kliinikum.ee\/geneetika\/ V\u00e4ga pika ahelaga rasvhapete (C24\u2013C26 ahela pikkusega rasvhapped) ja hargneva ahelaga rasvhapete (f\u00fctaanhape) kvantitatiivset anal\u00fc\u00fcsi kasutatakse peroks\u00fcsomaalsete haiguste esmaseks diagnostikaks. K\u00f5ik m\u00e4\u00e4ratavad v\u00e4ga pika ahelaga v\u00f5i hargneva ahelaga rasvhapped osalevad peroks\u00fcsomaalses beetaoks\u00fcdatsiooni protsessis. Nad on organismis kas lipiidide v\u00f5i valguga seotud, mist\u00f5ttu neid&hellip;","_links":{"self":[{"href":"https:\/\/www.kliinikum.ee\/yhendlabor\/wp-json\/wp\/v2\/pages\/11385","targetHints":{"allow":["GET"]}}],"collection":[{"href":"https:\/\/www.kliinikum.ee\/yhendlabor\/wp-json\/wp\/v2\/pages"}],"about":[{"href":"https:\/\/www.kliinikum.ee\/yhendlabor\/wp-json\/wp\/v2\/types\/page"}],"author":[{"embeddable":true,"href":"https:\/\/www.kliinikum.ee\/yhendlabor\/wp-json\/wp\/v2\/users\/38"}],"replies":[{"embeddable":true,"href":"https:\/\/www.kliinikum.ee\/yhendlabor\/wp-json\/wp\/v2\/comments?post=11385"}],"version-history":[{"count":0,"href":"https:\/\/www.kliinikum.ee\/yhendlabor\/wp-json\/wp\/v2\/pages\/11385\/revisions"}],"up":[{"embeddable":true,"href":"https:\/\/www.kliinikum.ee\/yhendlabor\/wp-json\/wp\/v2\/pages\/7015"}],"wp:attachment":[{"href":"https:\/\/www.kliinikum.ee\/yhendlabor\/wp-json\/wp\/v2\/media?parent=11385"}],"curies":[{"name":"wp","href":"https:\/\/api.w.org\/{rel}","templated":true}]}}