{"id":11474,"date":"2025-05-26T18:49:06","date_gmt":"2025-05-26T16:49:06","guid":{"rendered":"https:\/\/www.kliinikum.ee\/yhendlabor\/?page_id=11474"},"modified":"2025-12-21T17:50:57","modified_gmt":"2025-12-21T15:50:57","slug":"tureoglobuliinivastane-igg-s-tg-igg","status":"publish","type":"page","link":"https:\/\/www.kliinikum.ee\/yhendlabor\/kasiraamat\/autoimmuunuuringud\/tureoglobuliinivastane-igg-s-tg-igg\/","title":{"rendered":"T\u00fcreoglobuliinivastane IgG (S-TG IgG)"},"content":{"rendered":"\n<p><em>Kliinilise keemia ja laboratoorse hematoloogia osakond<\/em><\/p>\n\n\n\n<p>Kilpn\u00e4\u00e4rmekoe destruktsiooni puhul verre sattuv t\u00fcreoglobuliin v\u00f5ib p\u00f5hjustada <strong>t\u00fcreoglobuliinivastaste autoantikehade (TG Ab)<\/strong> teket.<\/p>\n\n\n\n<p class=\"has-medium-font-size\"><strong>Uuritav materjal, selle v\u00f5tmine, saatmine ja s\u00e4ilitamine<\/strong><\/p>\n\n\n\n<figure class=\"wp-block-table is-style-stripes\"><table width=\"100%\"><tbody><tr><td width=\"1%\"><\/td><td width=\"15%\"><strong>Katsuti<\/strong><\/td><td width=\"84%\">Geeli ja h\u00fc\u00fcbimisaktivaatoriga katsuti (punane kollase r\u00f5ngaga v\u00f5i kollane kork)<\/td><\/tr><tr><td width=\"1%\"><\/td><td width=\"15%\"><strong>S\u00e4ilivus<\/strong><\/td><td width=\"84%\">Seerum toatemperatuuril ja +4 \u00b0C neli p\u00e4eva, -20 \u00b0C kaks kuud<\/td><\/tr><\/tbody><\/table><\/figure>\n\n\n\n<p class=\"has-medium-font-size\"><strong>Anal\u00fc\u00fcsi tegemise aeg: <\/strong>t\u00f6\u00f6p\u00e4eviti<\/p>\n\n\n\n<p class=\"has-medium-font-size\"><strong>Anal\u00fc\u00fcsimeetod: <\/strong>elektrokemoluminestsents-immuunmeetod (ECLIA)<\/p>\n\n\n\n<p class=\"has-medium-font-size\"><strong>Referentsv\u00e4\u00e4rtused<\/strong><\/p>\n\n\n\n<figure class=\"wp-block-table\"><table width=\"100%\"><tbody><tr><td width=\"1%\"><\/td><td width=\"30%\"><strong>&lt; 6 p<\/strong><\/td><td width=\"69%\">&lt; 134 kU\/L<\/td><\/tr><tr><td width=\"1%\"><\/td><td width=\"30%\"><strong>6 p \u2013 &lt; 4 k<\/strong><\/td><td width=\"69%\">&lt; 146 kU\/L<\/td><\/tr><tr><td width=\"1%\"><\/td><td width=\"30%\"><strong>4 k \u2013 &lt; 1 a<\/strong><\/td><td width=\"69%\">&lt; 130 kU\/L<\/td><\/tr><tr><td width=\"1%\"><\/td><td width=\"30%\"><strong>1 a \u2013 &lt; 7 a<\/strong><\/td><td width=\"69%\">&lt; 38 kU\/L<\/td><\/tr><tr><td width=\"1%\"><\/td><td width=\"30%\"><strong>7 a \u2013 &lt; 12 a<\/strong><\/td><td width=\"69%\">&lt; 37 kU\/L<\/td><\/tr><tr><td width=\"1%\"><\/td><td width=\"30%\"><strong>12 a \u2013 &lt; 21 a<\/strong><\/td><td width=\"69%\">&lt; 64 kU\/L<\/td><\/tr><tr><td width=\"1%\"><\/td><td width=\"30%\"><strong>\u2265 21 a<\/strong><\/td><td width=\"69%\">&lt; 115 kU\/L<\/td><\/tr><\/tbody><\/table><\/figure>\n\n\n\n<p class=\"has-medium-font-size\"><strong>N\u00e4idustus ja kliiniline t\u00e4hendus<\/strong><\/p>\n\n\n\n<p>K\u00f5rgelt diferentseerunud kilpn\u00e4\u00e4rmev\u00e4hkide operatiivse ja joodablatsioonravi j\u00e4rgne monitooring.<\/p>\n\n\n\n<p>T\u00fcreoglobuliinivastaste antikehade esinemise korral on t\u00fcreoglobuliini (TG) taseme m\u00e4\u00e4ramine kasutu.<\/p>\n\n\n\n<p>T\u00fcreoglobuliinivastased antikehad v\u00f5ivad esineda autoimmuunsete kilpn\u00e4\u00e4rmehaiguste korral, kuid mitte alati ja kuna TG Ab tase v\u00f5ib neil puhkudel olla v\u00e4ga k\u00f5ikuv, on autoimmuunsete protsesside diagnoosimisel informatiivsem m\u00e4\u00e4rata t\u00fcreoidperoks\u00fcdaasivastaste antikehade (TPO IgG) ja t\u00fcreotropiini retseptorit stimuleerivate antikehade (TSI) taset.<\/p>\n\n\n\n<p>Vt ka: <a href=\"https:\/\/www.kliinikum.ee\/yhendlabor\/kasiraamat\/kasvajamarkerite-uuringud\/tureoglobuliin-sp-tg\/\">T\u00fcreoglobuliin<\/a><\/p>\n\n\n\n<p>Koostajad: Rain Lehtme, Kaja Vaagen<br>Muudetud 06.09.2023<\/p>\n","protected":false},"excerpt":{"rendered":"<p>Kliinilise keemia ja laboratoorse hematoloogia osakond Kilpn\u00e4\u00e4rmekoe destruktsiooni puhul verre sattuv t\u00fcreoglobuliin v\u00f5ib p\u00f5hjustada t\u00fcreoglobuliinivastaste autoantikehade (TG Ab) teket. Uuritav materjal, selle v\u00f5tmine, saatmine ja s\u00e4ilitamine Katsuti Geeli ja h\u00fc\u00fcbimisaktivaatoriga katsuti (punane kollase r\u00f5ngaga v\u00f5i kollane kork) S\u00e4ilivus Seerum toatemperatuuril ja +4 \u00b0C neli p\u00e4eva, -20 \u00b0C kaks kuud Anal\u00fc\u00fcsi tegemise aeg: t\u00f6\u00f6p\u00e4eviti Anal\u00fc\u00fcsimeetod: elektrokemoluminestsents-immuunmeetod [&hellip;]<\/p>\n","protected":false},"author":38,"featured_media":0,"parent":7253,"menu_order":18,"comment_status":"closed","ping_status":"closed","template":"","meta":{"_uag_custom_page_level_css":"","footnotes":""},"class_list":["post-11474","page","type-page","status-publish","hentry"],"acf":[],"yoast_head":"<!-- This site is optimized with the Yoast SEO plugin v27.3 - https:\/\/yoast.com\/product\/yoast-seo-wordpress\/ -->\n<title>T\u00fcreoglobuliinivastane IgG (S-TG IgG) - \u00dchendlabor<\/title>\n<meta name=\"robots\" content=\"index, follow, max-snippet:-1, max-image-preview:large, max-video-preview:-1\" \/>\n<link rel=\"canonical\" href=\"https:\/\/www.kliinikum.ee\/yhendlabor\/kasiraamat\/autoimmuunuuringud\/tureoglobuliinivastane-igg-s-tg-igg\/\" \/>\n<meta property=\"og:locale\" content=\"et_EE\" \/>\n<meta property=\"og:type\" content=\"article\" \/>\n<meta property=\"og:title\" content=\"T\u00fcreoglobuliinivastane IgG (S-TG IgG) - \u00dchendlabor\" \/>\n<meta property=\"og:description\" content=\"Kliinilise keemia ja laboratoorse hematoloogia osakond Kilpn\u00e4\u00e4rmekoe destruktsiooni puhul verre sattuv t\u00fcreoglobuliin v\u00f5ib p\u00f5hjustada t\u00fcreoglobuliinivastaste autoantikehade (TG Ab) teket. Uuritav materjal, selle v\u00f5tmine, saatmine ja s\u00e4ilitamine Katsuti Geeli ja h\u00fc\u00fcbimisaktivaatoriga katsuti (punane kollase r\u00f5ngaga v\u00f5i kollane kork) S\u00e4ilivus Seerum toatemperatuuril ja +4 \u00b0C neli p\u00e4eva, -20 \u00b0C kaks kuud Anal\u00fc\u00fcsi tegemise aeg: t\u00f6\u00f6p\u00e4eviti Anal\u00fc\u00fcsimeetod: elektrokemoluminestsents-immuunmeetod [&hellip;]\" \/>\n<meta property=\"og:url\" content=\"https:\/\/www.kliinikum.ee\/yhendlabor\/kasiraamat\/autoimmuunuuringud\/tureoglobuliinivastane-igg-s-tg-igg\/\" \/>\n<meta property=\"og:site_name\" content=\"\u00dchendlabor\" \/>\n<meta property=\"article:modified_time\" content=\"2025-12-21T15:50:57+00:00\" \/>\n<meta name=\"twitter:card\" content=\"summary_large_image\" \/>\n<meta name=\"twitter:label1\" content=\"Est. reading time\" \/>\n\t<meta name=\"twitter:data1\" content=\"1 minut\" \/>\n<script type=\"application\/ld+json\" class=\"yoast-schema-graph\">{\"@context\":\"https:\\\/\\\/schema.org\",\"@graph\":[{\"@type\":\"WebPage\",\"@id\":\"https:\\\/\\\/www.kliinikum.ee\\\/yhendlabor\\\/kasiraamat\\\/autoimmuunuuringud\\\/tureoglobuliinivastane-igg-s-tg-igg\\\/\",\"url\":\"https:\\\/\\\/www.kliinikum.ee\\\/yhendlabor\\\/kasiraamat\\\/autoimmuunuuringud\\\/tureoglobuliinivastane-igg-s-tg-igg\\\/\",\"name\":\"T\u00fcreoglobuliinivastane IgG (S-TG IgG) - \u00dchendlabor\",\"isPartOf\":{\"@id\":\"https:\\\/\\\/www.kliinikum.ee\\\/yhendlabor\\\/#website\"},\"datePublished\":\"2025-05-26T16:49:06+00:00\",\"dateModified\":\"2025-12-21T15:50:57+00:00\",\"breadcrumb\":{\"@id\":\"https:\\\/\\\/www.kliinikum.ee\\\/yhendlabor\\\/kasiraamat\\\/autoimmuunuuringud\\\/tureoglobuliinivastane-igg-s-tg-igg\\\/#breadcrumb\"},\"inLanguage\":\"et\",\"potentialAction\":[{\"@type\":\"ReadAction\",\"target\":[\"https:\\\/\\\/www.kliinikum.ee\\\/yhendlabor\\\/kasiraamat\\\/autoimmuunuuringud\\\/tureoglobuliinivastane-igg-s-tg-igg\\\/\"]}]},{\"@type\":\"BreadcrumbList\",\"@id\":\"https:\\\/\\\/www.kliinikum.ee\\\/yhendlabor\\\/kasiraamat\\\/autoimmuunuuringud\\\/tureoglobuliinivastane-igg-s-tg-igg\\\/#breadcrumb\",\"itemListElement\":[{\"@type\":\"ListItem\",\"position\":1,\"name\":\"Home\",\"item\":\"https:\\\/\\\/www.kliinikum.ee\\\/yhendlabor\\\/\"},{\"@type\":\"ListItem\",\"position\":2,\"name\":\"K\u00e4siraamat\",\"item\":\"https:\\\/\\\/www.kliinikum.ee\\\/yhendlabor\\\/kasiraamat\\\/\"},{\"@type\":\"ListItem\",\"position\":3,\"name\":\"Autoimmuunuuringud\",\"item\":\"https:\\\/\\\/www.kliinikum.ee\\\/yhendlabor\\\/kasiraamat\\\/autoimmuunuuringud\\\/\"},{\"@type\":\"ListItem\",\"position\":4,\"name\":\"T\u00fcreoglobuliinivastane IgG (S-TG IgG)\"}]},{\"@type\":\"WebSite\",\"@id\":\"https:\\\/\\\/www.kliinikum.ee\\\/yhendlabor\\\/#website\",\"url\":\"https:\\\/\\\/www.kliinikum.ee\\\/yhendlabor\\\/\",\"name\":\"\u00dchendlabor\",\"description\":\"Hoolivus, Uuendusmeelsus, P\u00e4devus ja Usaldusv\u00e4\u00e4rsus\",\"potentialAction\":[{\"@type\":\"SearchAction\",\"target\":{\"@type\":\"EntryPoint\",\"urlTemplate\":\"https:\\\/\\\/www.kliinikum.ee\\\/yhendlabor\\\/?s={search_term_string}\"},\"query-input\":{\"@type\":\"PropertyValueSpecification\",\"valueRequired\":true,\"valueName\":\"search_term_string\"}}],\"inLanguage\":\"et\"}]}<\/script>\n<!-- \/ Yoast SEO plugin. -->","yoast_head_json":{"title":"T\u00fcreoglobuliinivastane IgG (S-TG IgG) - \u00dchendlabor","robots":{"index":"index","follow":"follow","max-snippet":"max-snippet:-1","max-image-preview":"max-image-preview:large","max-video-preview":"max-video-preview:-1"},"canonical":"https:\/\/www.kliinikum.ee\/yhendlabor\/kasiraamat\/autoimmuunuuringud\/tureoglobuliinivastane-igg-s-tg-igg\/","og_locale":"et_EE","og_type":"article","og_title":"T\u00fcreoglobuliinivastane IgG (S-TG IgG) - \u00dchendlabor","og_description":"Kliinilise keemia ja laboratoorse hematoloogia osakond Kilpn\u00e4\u00e4rmekoe destruktsiooni puhul verre sattuv t\u00fcreoglobuliin v\u00f5ib p\u00f5hjustada t\u00fcreoglobuliinivastaste autoantikehade (TG Ab) teket. Uuritav materjal, selle v\u00f5tmine, saatmine ja s\u00e4ilitamine Katsuti Geeli ja h\u00fc\u00fcbimisaktivaatoriga katsuti (punane kollase r\u00f5ngaga v\u00f5i kollane kork) S\u00e4ilivus Seerum toatemperatuuril ja +4 \u00b0C neli p\u00e4eva, -20 \u00b0C kaks kuud Anal\u00fc\u00fcsi tegemise aeg: t\u00f6\u00f6p\u00e4eviti Anal\u00fc\u00fcsimeetod: elektrokemoluminestsents-immuunmeetod [&hellip;]","og_url":"https:\/\/www.kliinikum.ee\/yhendlabor\/kasiraamat\/autoimmuunuuringud\/tureoglobuliinivastane-igg-s-tg-igg\/","og_site_name":"\u00dchendlabor","article_modified_time":"2025-12-21T15:50:57+00:00","twitter_card":"summary_large_image","twitter_misc":{"Est. reading time":"1 minut"},"schema":{"@context":"https:\/\/schema.org","@graph":[{"@type":"WebPage","@id":"https:\/\/www.kliinikum.ee\/yhendlabor\/kasiraamat\/autoimmuunuuringud\/tureoglobuliinivastane-igg-s-tg-igg\/","url":"https:\/\/www.kliinikum.ee\/yhendlabor\/kasiraamat\/autoimmuunuuringud\/tureoglobuliinivastane-igg-s-tg-igg\/","name":"T\u00fcreoglobuliinivastane IgG (S-TG IgG) - \u00dchendlabor","isPartOf":{"@id":"https:\/\/www.kliinikum.ee\/yhendlabor\/#website"},"datePublished":"2025-05-26T16:49:06+00:00","dateModified":"2025-12-21T15:50:57+00:00","breadcrumb":{"@id":"https:\/\/www.kliinikum.ee\/yhendlabor\/kasiraamat\/autoimmuunuuringud\/tureoglobuliinivastane-igg-s-tg-igg\/#breadcrumb"},"inLanguage":"et","potentialAction":[{"@type":"ReadAction","target":["https:\/\/www.kliinikum.ee\/yhendlabor\/kasiraamat\/autoimmuunuuringud\/tureoglobuliinivastane-igg-s-tg-igg\/"]}]},{"@type":"BreadcrumbList","@id":"https:\/\/www.kliinikum.ee\/yhendlabor\/kasiraamat\/autoimmuunuuringud\/tureoglobuliinivastane-igg-s-tg-igg\/#breadcrumb","itemListElement":[{"@type":"ListItem","position":1,"name":"Home","item":"https:\/\/www.kliinikum.ee\/yhendlabor\/"},{"@type":"ListItem","position":2,"name":"K\u00e4siraamat","item":"https:\/\/www.kliinikum.ee\/yhendlabor\/kasiraamat\/"},{"@type":"ListItem","position":3,"name":"Autoimmuunuuringud","item":"https:\/\/www.kliinikum.ee\/yhendlabor\/kasiraamat\/autoimmuunuuringud\/"},{"@type":"ListItem","position":4,"name":"T\u00fcreoglobuliinivastane IgG (S-TG IgG)"}]},{"@type":"WebSite","@id":"https:\/\/www.kliinikum.ee\/yhendlabor\/#website","url":"https:\/\/www.kliinikum.ee\/yhendlabor\/","name":"\u00dchendlabor","description":"Hoolivus, Uuendusmeelsus, P\u00e4devus ja Usaldusv\u00e4\u00e4rsus","potentialAction":[{"@type":"SearchAction","target":{"@type":"EntryPoint","urlTemplate":"https:\/\/www.kliinikum.ee\/yhendlabor\/?s={search_term_string}"},"query-input":{"@type":"PropertyValueSpecification","valueRequired":true,"valueName":"search_term_string"}}],"inLanguage":"et"}]}},"uagb_featured_image_src":{"full":false,"thumbnail":false,"medium":false,"medium_large":false,"large":false,"1536x1536":false,"2048x2048":false},"uagb_author_info":{"display_name":"Kadi Siigur","author_link":"https:\/\/www.kliinikum.ee\/yhendlabor\/author\/kadisi\/"},"uagb_comment_info":0,"uagb_excerpt":"Kliinilise keemia ja laboratoorse hematoloogia osakond Kilpn\u00e4\u00e4rmekoe destruktsiooni puhul verre sattuv t\u00fcreoglobuliin v\u00f5ib p\u00f5hjustada t\u00fcreoglobuliinivastaste autoantikehade (TG Ab) teket. Uuritav materjal, selle v\u00f5tmine, saatmine ja s\u00e4ilitamine Katsuti Geeli ja h\u00fc\u00fcbimisaktivaatoriga katsuti (punane kollase r\u00f5ngaga v\u00f5i kollane kork) S\u00e4ilivus Seerum toatemperatuuril ja +4 \u00b0C neli p\u00e4eva, -20 \u00b0C kaks kuud Anal\u00fc\u00fcsi tegemise aeg: t\u00f6\u00f6p\u00e4eviti Anal\u00fc\u00fcsimeetod: elektrokemoluminestsents-immuunmeetod&hellip;","_links":{"self":[{"href":"https:\/\/www.kliinikum.ee\/yhendlabor\/wp-json\/wp\/v2\/pages\/11474","targetHints":{"allow":["GET"]}}],"collection":[{"href":"https:\/\/www.kliinikum.ee\/yhendlabor\/wp-json\/wp\/v2\/pages"}],"about":[{"href":"https:\/\/www.kliinikum.ee\/yhendlabor\/wp-json\/wp\/v2\/types\/page"}],"author":[{"embeddable":true,"href":"https:\/\/www.kliinikum.ee\/yhendlabor\/wp-json\/wp\/v2\/users\/38"}],"replies":[{"embeddable":true,"href":"https:\/\/www.kliinikum.ee\/yhendlabor\/wp-json\/wp\/v2\/comments?post=11474"}],"version-history":[{"count":0,"href":"https:\/\/www.kliinikum.ee\/yhendlabor\/wp-json\/wp\/v2\/pages\/11474\/revisions"}],"up":[{"embeddable":true,"href":"https:\/\/www.kliinikum.ee\/yhendlabor\/wp-json\/wp\/v2\/pages\/7253"}],"wp:attachment":[{"href":"https:\/\/www.kliinikum.ee\/yhendlabor\/wp-json\/wp\/v2\/media?parent=11474"}],"curies":[{"name":"wp","href":"https:\/\/api.w.org\/{rel}","templated":true}]}}