{"id":11853,"date":"2025-06-22T20:47:09","date_gmt":"2025-06-22T18:47:09","guid":{"rendered":"https:\/\/www.kliinikum.ee\/yhendlabor\/?page_id=11853"},"modified":"2025-11-20T01:02:37","modified_gmt":"2025-11-19T23:02:37","slug":"kloriid-sp-cl","status":"publish","type":"page","link":"https:\/\/www.kliinikum.ee\/yhendlabor\/kasiraamat\/elektroluutide-uuringud\/kloriid-sp-cl\/","title":{"rendered":"Kloriid (S,P-Cl)"},"content":{"rendered":"\n<p><em>Kliinilise keemia ja laboratoorse hematoloogia osakond<\/em><\/p>\n\n\n\n<p><strong>Kloriidioon <\/strong>on organismi t\u00e4htsaim anioon. Koos naatrium- ja kaaliumiooniga tagab ta organismi osmoregulatsiooni, rakkude normaalse membraanipotentsiaali, happe-aluse tasakaalu; omab t\u00e4htsust vedelikuvahetuses raku ja rakuv\u00e4lise ruumi vahel ning mitmete biomolekulide imendumisel. Kasutatakse soolhappe s\u00fcnteesil maos. Saadakse rohkesti toidus sisalduva keedusoolaga. Imendub peensooles, eritub peamiselt neerude kaudu, aga ka soole kaudu ja higiga.<\/p>\n\n\n\n<p class=\"has-medium-font-size\"><strong>Uuritav materjal, selle v\u00f5tmine, saatmine ja s\u00e4ilitamine<\/strong><\/p>\n\n\n\n<figure class=\"wp-block-table is-style-stripes\"><table width=\"100%\"><tbody><tr><td width=\"1%\"><\/td><td width=\"15%\"><strong>Katsuti<\/strong><\/td><td width=\"84%\">Geeli ja h\u00fc\u00fcbimisaktivaatoriga katsuti (kollane kork) v\u00f5i geeliga LH-katsuti (heleroheline kork); LH-s\u00fcstal v\u00f5i LH-kapillaar (happe-aluse tasakaalu uuringu raames m\u00e4\u00e4ramisel)<\/td><\/tr><tr><td><\/td><td><strong>S\u00e4ilivus<\/strong><\/td><td>Seerum\/plasma toatemperatuuril ja +4 \u00b0C \u00fcks n\u00e4dal, -20 \u00b0C pikemat aega; veri LH-s\u00fcstlas toatemperatuuril 30 minutit<\/td><\/tr><\/tbody><\/table><\/figure>\n\n\n\n<p class=\"has-medium-font-size\"><strong>Anal\u00fc\u00fcsi tegemise aeg:<\/strong> t\u00f6\u00f6p\u00e4eviti<\/p>\n\n\n\n<p class=\"has-medium-font-size\"><strong>Anal\u00fc\u00fcsimeetod:<\/strong> ioonselektiivsed elektroodid, indirektne meetod<\/p>\n\n\n\n<p class=\"has-medium-font-size\"><strong>Referentsv\u00e4\u00e4rtused<\/strong><\/p>\n\n\n\n<figure class=\"wp-block-table\"><table width=\"100%\"><tbody><tr><td width=\"1%\"><\/td><td width=\"30%\"><strong>1 p \u2013 &lt; 7 k<\/strong><\/td><td width=\"69%\">97\u2013108 mmol\/L<\/td><\/tr><tr><td><\/td><td><strong>7 k \u2013 &lt; 1 a<\/strong><\/td><td>97\u2013106 mmol\/L<\/td><\/tr><tr><td><\/td><td><strong>1 a \u2013 &lt; 18 a<\/strong><\/td><td>97\u2013107 \u00a0mmol\/L<\/td><\/tr><tr><td><\/td><td><strong>\u2265 18 a<\/strong><\/td><td>98\u2013107 mmol\/L<\/td><\/tr><\/tbody><\/table><\/figure>\n\n\n\n<p class=\"has-medium-font-size\"><strong>N\u00e4idustus ja kliiniline t\u00e4hendus<\/strong><\/p>\n\n\n\n<p><em>H\u00fcperkloreemia<\/em> kaasneb tavaliselt h\u00fcpernatreemiaga, v.a erineva geneesiga happe-aluse tasakaalu muutuste puhul, kus kloriidiooni kontsentratsioon v\u00f5ib olla normaalne, suurenenud v\u00f5i v\u00e4henenud. H\u00fcperkloreemiaga kulgevad renaalne tubulaarne atsidoos, vesinikkarbonaatide kaotusest tingitud metaboolne atsidoos (nt pikaajalise k\u00f5hulahtisuse puhul) ning atsidoos m\u00f5ningatest ravimim\u00fcrgistustest (salits\u00fclaadid, glaukoomi ravim atsetasolamiid). H\u00fcperkloreemia p\u00f5hjustajaks on ka h\u00fcperparat\u00fcreoos, magediabeet, soolefistlid.<\/p>\n\n\n\n<p><em>H\u00fcpokloreemia<\/em> p\u00f5hjuseks v\u00f5ib olla kloriidide kaotus mao-sooltrakti (nt nasogastraalsond, kauakestev oksendamine, p\u00fclorostenoos) v\u00f5i neerude kaudu (nt diureetikumide pikaajaline tarvitamine, tuubuluste funktsioonih\u00e4ired, neerupealise koore alatalitlus). Samuti p\u00f5hjustavad h\u00fcpokloreemiat krooniline respiratoorne atsidoos, primaarne h\u00fcperaldosteronism, p\u00f5letused ja ravimid (furosemiid, tiasiidid, pikaajaline lahtistite tarvitamine, kortikosteroidid).<\/p>\n\n\n\n<p>Koostaja: Kaja Kallion<\/p>\n","protected":false},"excerpt":{"rendered":"<p>Kliinilise keemia ja laboratoorse hematoloogia osakond Kloriidioon on organismi t\u00e4htsaim anioon. Koos naatrium- ja kaaliumiooniga tagab ta organismi osmoregulatsiooni, rakkude normaalse membraanipotentsiaali, happe-aluse tasakaalu; omab t\u00e4htsust vedelikuvahetuses raku ja rakuv\u00e4lise ruumi vahel ning mitmete biomolekulide imendumisel. Kasutatakse soolhappe s\u00fcnteesil maos. Saadakse rohkesti toidus sisalduva keedusoolaga. Imendub peensooles, eritub peamiselt neerude kaudu, aga ka soole kaudu [&hellip;]<\/p>\n","protected":false},"author":38,"featured_media":0,"parent":7256,"menu_order":0,"comment_status":"closed","ping_status":"closed","template":"","meta":{"_uag_custom_page_level_css":"","footnotes":""},"class_list":["post-11853","page","type-page","status-publish","hentry"],"acf":[],"yoast_head":"<!-- This site is optimized with the Yoast SEO plugin v27.3 - https:\/\/yoast.com\/product\/yoast-seo-wordpress\/ -->\n<title>Kloriid (S,P-Cl) - \u00dchendlabor<\/title>\n<meta name=\"robots\" content=\"index, follow, max-snippet:-1, max-image-preview:large, max-video-preview:-1\" \/>\n<link rel=\"canonical\" href=\"https:\/\/www.kliinikum.ee\/yhendlabor\/kasiraamat\/elektroluutide-uuringud\/kloriid-sp-cl\/\" \/>\n<meta property=\"og:locale\" content=\"et_EE\" \/>\n<meta property=\"og:type\" content=\"article\" \/>\n<meta property=\"og:title\" content=\"Kloriid (S,P-Cl) - \u00dchendlabor\" \/>\n<meta property=\"og:description\" content=\"Kliinilise keemia ja laboratoorse hematoloogia osakond Kloriidioon on organismi t\u00e4htsaim anioon. Koos naatrium- ja kaaliumiooniga tagab ta organismi osmoregulatsiooni, rakkude normaalse membraanipotentsiaali, happe-aluse tasakaalu; omab t\u00e4htsust vedelikuvahetuses raku ja rakuv\u00e4lise ruumi vahel ning mitmete biomolekulide imendumisel. Kasutatakse soolhappe s\u00fcnteesil maos. Saadakse rohkesti toidus sisalduva keedusoolaga. Imendub peensooles, eritub peamiselt neerude kaudu, aga ka soole kaudu [&hellip;]\" \/>\n<meta property=\"og:url\" content=\"https:\/\/www.kliinikum.ee\/yhendlabor\/kasiraamat\/elektroluutide-uuringud\/kloriid-sp-cl\/\" \/>\n<meta property=\"og:site_name\" content=\"\u00dchendlabor\" \/>\n<meta property=\"article:modified_time\" content=\"2025-11-19T23:02:37+00:00\" \/>\n<meta name=\"twitter:card\" content=\"summary_large_image\" \/>\n<meta name=\"twitter:label1\" content=\"Est. reading time\" \/>\n\t<meta name=\"twitter:data1\" content=\"2 minutit\" \/>\n<script type=\"application\/ld+json\" class=\"yoast-schema-graph\">{\"@context\":\"https:\\\/\\\/schema.org\",\"@graph\":[{\"@type\":\"WebPage\",\"@id\":\"https:\\\/\\\/www.kliinikum.ee\\\/yhendlabor\\\/kasiraamat\\\/elektroluutide-uuringud\\\/kloriid-sp-cl\\\/\",\"url\":\"https:\\\/\\\/www.kliinikum.ee\\\/yhendlabor\\\/kasiraamat\\\/elektroluutide-uuringud\\\/kloriid-sp-cl\\\/\",\"name\":\"Kloriid (S,P-Cl) - \u00dchendlabor\",\"isPartOf\":{\"@id\":\"https:\\\/\\\/www.kliinikum.ee\\\/yhendlabor\\\/#website\"},\"datePublished\":\"2025-06-22T18:47:09+00:00\",\"dateModified\":\"2025-11-19T23:02:37+00:00\",\"breadcrumb\":{\"@id\":\"https:\\\/\\\/www.kliinikum.ee\\\/yhendlabor\\\/kasiraamat\\\/elektroluutide-uuringud\\\/kloriid-sp-cl\\\/#breadcrumb\"},\"inLanguage\":\"et\",\"potentialAction\":[{\"@type\":\"ReadAction\",\"target\":[\"https:\\\/\\\/www.kliinikum.ee\\\/yhendlabor\\\/kasiraamat\\\/elektroluutide-uuringud\\\/kloriid-sp-cl\\\/\"]}]},{\"@type\":\"BreadcrumbList\",\"@id\":\"https:\\\/\\\/www.kliinikum.ee\\\/yhendlabor\\\/kasiraamat\\\/elektroluutide-uuringud\\\/kloriid-sp-cl\\\/#breadcrumb\",\"itemListElement\":[{\"@type\":\"ListItem\",\"position\":1,\"name\":\"Home\",\"item\":\"https:\\\/\\\/www.kliinikum.ee\\\/yhendlabor\\\/\"},{\"@type\":\"ListItem\",\"position\":2,\"name\":\"K\u00e4siraamat\",\"item\":\"https:\\\/\\\/www.kliinikum.ee\\\/yhendlabor\\\/kasiraamat\\\/\"},{\"@type\":\"ListItem\",\"position\":3,\"name\":\"Elektrol\u00fc\u00fctide uuringud\",\"item\":\"https:\\\/\\\/www.kliinikum.ee\\\/yhendlabor\\\/kasiraamat\\\/elektroluutide-uuringud\\\/\"},{\"@type\":\"ListItem\",\"position\":4,\"name\":\"Kloriid (S,P-Cl)\"}]},{\"@type\":\"WebSite\",\"@id\":\"https:\\\/\\\/www.kliinikum.ee\\\/yhendlabor\\\/#website\",\"url\":\"https:\\\/\\\/www.kliinikum.ee\\\/yhendlabor\\\/\",\"name\":\"\u00dchendlabor\",\"description\":\"Hoolivus, Uuendusmeelsus, P\u00e4devus ja Usaldusv\u00e4\u00e4rsus\",\"potentialAction\":[{\"@type\":\"SearchAction\",\"target\":{\"@type\":\"EntryPoint\",\"urlTemplate\":\"https:\\\/\\\/www.kliinikum.ee\\\/yhendlabor\\\/?s={search_term_string}\"},\"query-input\":{\"@type\":\"PropertyValueSpecification\",\"valueRequired\":true,\"valueName\":\"search_term_string\"}}],\"inLanguage\":\"et\"}]}<\/script>\n<!-- \/ Yoast SEO plugin. -->","yoast_head_json":{"title":"Kloriid (S,P-Cl) - \u00dchendlabor","robots":{"index":"index","follow":"follow","max-snippet":"max-snippet:-1","max-image-preview":"max-image-preview:large","max-video-preview":"max-video-preview:-1"},"canonical":"https:\/\/www.kliinikum.ee\/yhendlabor\/kasiraamat\/elektroluutide-uuringud\/kloriid-sp-cl\/","og_locale":"et_EE","og_type":"article","og_title":"Kloriid (S,P-Cl) - \u00dchendlabor","og_description":"Kliinilise keemia ja laboratoorse hematoloogia osakond Kloriidioon on organismi t\u00e4htsaim anioon. Koos naatrium- ja kaaliumiooniga tagab ta organismi osmoregulatsiooni, rakkude normaalse membraanipotentsiaali, happe-aluse tasakaalu; omab t\u00e4htsust vedelikuvahetuses raku ja rakuv\u00e4lise ruumi vahel ning mitmete biomolekulide imendumisel. Kasutatakse soolhappe s\u00fcnteesil maos. Saadakse rohkesti toidus sisalduva keedusoolaga. Imendub peensooles, eritub peamiselt neerude kaudu, aga ka soole kaudu [&hellip;]","og_url":"https:\/\/www.kliinikum.ee\/yhendlabor\/kasiraamat\/elektroluutide-uuringud\/kloriid-sp-cl\/","og_site_name":"\u00dchendlabor","article_modified_time":"2025-11-19T23:02:37+00:00","twitter_card":"summary_large_image","twitter_misc":{"Est. reading time":"2 minutit"},"schema":{"@context":"https:\/\/schema.org","@graph":[{"@type":"WebPage","@id":"https:\/\/www.kliinikum.ee\/yhendlabor\/kasiraamat\/elektroluutide-uuringud\/kloriid-sp-cl\/","url":"https:\/\/www.kliinikum.ee\/yhendlabor\/kasiraamat\/elektroluutide-uuringud\/kloriid-sp-cl\/","name":"Kloriid (S,P-Cl) - \u00dchendlabor","isPartOf":{"@id":"https:\/\/www.kliinikum.ee\/yhendlabor\/#website"},"datePublished":"2025-06-22T18:47:09+00:00","dateModified":"2025-11-19T23:02:37+00:00","breadcrumb":{"@id":"https:\/\/www.kliinikum.ee\/yhendlabor\/kasiraamat\/elektroluutide-uuringud\/kloriid-sp-cl\/#breadcrumb"},"inLanguage":"et","potentialAction":[{"@type":"ReadAction","target":["https:\/\/www.kliinikum.ee\/yhendlabor\/kasiraamat\/elektroluutide-uuringud\/kloriid-sp-cl\/"]}]},{"@type":"BreadcrumbList","@id":"https:\/\/www.kliinikum.ee\/yhendlabor\/kasiraamat\/elektroluutide-uuringud\/kloriid-sp-cl\/#breadcrumb","itemListElement":[{"@type":"ListItem","position":1,"name":"Home","item":"https:\/\/www.kliinikum.ee\/yhendlabor\/"},{"@type":"ListItem","position":2,"name":"K\u00e4siraamat","item":"https:\/\/www.kliinikum.ee\/yhendlabor\/kasiraamat\/"},{"@type":"ListItem","position":3,"name":"Elektrol\u00fc\u00fctide uuringud","item":"https:\/\/www.kliinikum.ee\/yhendlabor\/kasiraamat\/elektroluutide-uuringud\/"},{"@type":"ListItem","position":4,"name":"Kloriid (S,P-Cl)"}]},{"@type":"WebSite","@id":"https:\/\/www.kliinikum.ee\/yhendlabor\/#website","url":"https:\/\/www.kliinikum.ee\/yhendlabor\/","name":"\u00dchendlabor","description":"Hoolivus, Uuendusmeelsus, P\u00e4devus ja Usaldusv\u00e4\u00e4rsus","potentialAction":[{"@type":"SearchAction","target":{"@type":"EntryPoint","urlTemplate":"https:\/\/www.kliinikum.ee\/yhendlabor\/?s={search_term_string}"},"query-input":{"@type":"PropertyValueSpecification","valueRequired":true,"valueName":"search_term_string"}}],"inLanguage":"et"}]}},"uagb_featured_image_src":{"full":false,"thumbnail":false,"medium":false,"medium_large":false,"large":false,"1536x1536":false,"2048x2048":false},"uagb_author_info":{"display_name":"Kadi Siigur","author_link":"https:\/\/www.kliinikum.ee\/yhendlabor\/author\/kadisi\/"},"uagb_comment_info":0,"uagb_excerpt":"Kliinilise keemia ja laboratoorse hematoloogia osakond Kloriidioon on organismi t\u00e4htsaim anioon. Koos naatrium- ja kaaliumiooniga tagab ta organismi osmoregulatsiooni, rakkude normaalse membraanipotentsiaali, happe-aluse tasakaalu; omab t\u00e4htsust vedelikuvahetuses raku ja rakuv\u00e4lise ruumi vahel ning mitmete biomolekulide imendumisel. Kasutatakse soolhappe s\u00fcnteesil maos. Saadakse rohkesti toidus sisalduva keedusoolaga. Imendub peensooles, eritub peamiselt neerude kaudu, aga ka soole kaudu&hellip;","_links":{"self":[{"href":"https:\/\/www.kliinikum.ee\/yhendlabor\/wp-json\/wp\/v2\/pages\/11853","targetHints":{"allow":["GET"]}}],"collection":[{"href":"https:\/\/www.kliinikum.ee\/yhendlabor\/wp-json\/wp\/v2\/pages"}],"about":[{"href":"https:\/\/www.kliinikum.ee\/yhendlabor\/wp-json\/wp\/v2\/types\/page"}],"author":[{"embeddable":true,"href":"https:\/\/www.kliinikum.ee\/yhendlabor\/wp-json\/wp\/v2\/users\/38"}],"replies":[{"embeddable":true,"href":"https:\/\/www.kliinikum.ee\/yhendlabor\/wp-json\/wp\/v2\/comments?post=11853"}],"version-history":[{"count":0,"href":"https:\/\/www.kliinikum.ee\/yhendlabor\/wp-json\/wp\/v2\/pages\/11853\/revisions"}],"up":[{"embeddable":true,"href":"https:\/\/www.kliinikum.ee\/yhendlabor\/wp-json\/wp\/v2\/pages\/7256"}],"wp:attachment":[{"href":"https:\/\/www.kliinikum.ee\/yhendlabor\/wp-json\/wp\/v2\/media?parent=11853"}],"curies":[{"name":"wp","href":"https:\/\/api.w.org\/{rel}","templated":true}]}}