{"id":11857,"date":"2025-06-22T20:55:06","date_gmt":"2025-06-22T18:55:06","guid":{"rendered":"https:\/\/www.kliinikum.ee\/yhendlabor\/?page_id=11857"},"modified":"2025-11-20T01:03:59","modified_gmt":"2025-11-19T23:03:59","slug":"magneesium-sp-mg","status":"publish","type":"page","link":"https:\/\/www.kliinikum.ee\/yhendlabor\/kasiraamat\/elektroluutide-uuringud\/magneesium-sp-mg\/","title":{"rendered":"Magneesium (S,P-Mg)"},"content":{"rendered":"\n<p><em>Kliinilise keemia ja laboratoorse hematoloogia osakond<\/em><\/p>\n\n\n\n<p><strong>Magneesium <\/strong>on kaaliumi j\u00e4rel hulgalt teine intratsellulaarne katioon, millest ligikaudu 60% on luukoes, 20% skeletilihastes, 19% teistes rakkudes ja 1% ekstratsellulaarselt. Plasmas on suurem osa (ligikaudu 60\u201370%) magneesiumist vabade ioonidena v\u00f5i hajuvate kompleksidena, \u00fclej\u00e4\u00e4nu on seotud valkudega. Magneesium on vajalik ATP kasutamiseks energiaallikana, seet\u00f5ttu on ta oluline paljude ens\u00fc\u00fcms\u00fcsteemide funktsioneerimisel, s\u00fcsivesikute ainevahetuses, valkude ja nukleiinhapete s\u00fcnteesis ning lihaste kontraktsioonil, samuti luukoe tekkes. Koos naatrium-, kaalium- ja kaltsiumioonidega osaleb magneesiumioon ka neuromuskulaarses erutusjuhtes ning h\u00fc\u00fcbimismehhanismides. Normaalselt imendub kuni pool toiduga saadavast magneesiumist peensooles ning eritumine toimub glomerulaarfiltratsiooni ning j\u00e4rgneva osalise tubulaarse reabsorptsiooni teel. Eritus neerude kaudu on t\u00e4htsaim magneesiumi tasakaalu kindlustaja organismis. Magneesiumi kontsentratsioon seerumis ei peegelda intratsellulaarset magneesiumitaset kudedes. Tavalise toiduga saadakse magneesiumi piisavalt, defitsiiti kohtab vaid dieedivigade puhul ja olukorras, kus magneesiumi omastamine on takistatud v\u00f5i eritus suurenenud. Magneesiumi defitsiidi korral v\u00e4heneb eritus uriiniga enne kui kontsentratsioon seerumis. V\u00e4hene magneesiumi eritus\u00a0 on organismi magneesiumivaeguse n\u00e4itaja, kui patsiendil ei ole neeruhaigust ja patsient ei kasuta diureetikume.<\/p>\n\n\n\n<p class=\"has-medium-font-size\"><strong>Uuritav materjal, selle v\u00f5tmine, saatmine ja s\u00e4ilitamine<\/strong><\/p>\n\n\n\n<figure class=\"wp-block-table is-style-stripes\"><table width=\"100%\"><tbody><tr><td width=\"1%\"><\/td><td width=\"15%\"><strong>Katsuti<\/strong><\/td><td width=\"84%\">Geeli ja h\u00fc\u00fcbimisaktivaatoriga katsuti (punane kollase r\u00f5ngaga v\u00f5i kollane kork) v\u00f5i geeliga LH-katsuti (roheline kollase r\u00f5ngaga v\u00f5i heleroheline kork)<\/td><\/tr><tr><td><\/td><td><strong>S\u00e4ilivus<\/strong><\/td><td>Seerum\/plasma toatemperatuuril ja +4 \u00b0C \u00fcks n\u00e4dal, -20 \u00b0C \u00fcks aasta<\/td><\/tr><\/tbody><\/table><\/figure>\n\n\n\n<p class=\"has-medium-font-size\"><strong>Anal\u00fc\u00fcsi tegemise aeg:<\/strong> \u00f6\u00f6p\u00e4evaringselt<\/p>\n\n\n\n<p class=\"has-medium-font-size\"><strong>Anal\u00fc\u00fcsimeetod:<\/strong> kolorimeetriline meetod<\/p>\n\n\n\n<p class=\"has-medium-font-size\"><strong>Referentsv\u00e4\u00e4rtused<\/strong><\/p>\n\n\n\n<figure class=\"wp-block-table\"><table width=\"100%\"><tbody><tr><td width=\"1%\"><\/td><td width=\"30%\"><strong>2 p \u2013 &lt; 4 p<\/strong><\/td><td width=\"69%\">0,62\u20130,91 mmol\/L<\/td><\/tr><tr><td><\/td><td><strong>5 k \u2013 &lt; 6 a<\/strong><\/td><td>0,70\u20130,95 mmol\/L<\/td><\/tr><tr><td><\/td><td><strong>6 a \u2013 &lt; 12 a<\/strong><\/td><td>0,70\u20130,86 mmol\/L<\/td><\/tr><tr><td><\/td><td><strong>12 a \u2013 &lt; 20 a<\/strong><\/td><td>0,70\u20130,91 mmol\/L<\/td><\/tr><tr><td><\/td><td><strong>20 a \u2013 &lt; 60 a<\/strong><\/td><td>0,66\u20131,07 mmol\/L<\/td><\/tr><tr><td><\/td><td><strong>60 a \u2013 &lt; 90 a<\/strong><\/td><td>0,66\u20130,99 mmol\/L<\/td><\/tr><tr><td><\/td><td><strong>\u2265 90 a<\/strong><\/td><td>0,70\u20130,95 mmol\/L<\/td><\/tr><\/tbody><\/table><\/figure>\n\n\n\n<p class=\"has-medium-font-size\"><strong>N\u00e4idustus ja kliiniline t\u00e4hendus<\/strong><\/p>\n\n\n\n<p>Magneesiumi tasakaalu j\u00e4lgimine neerupuudulikkuse, gastrointestinaalsete haiguste, infusioonravi ja parenteraalse toitmise puhul. Ebaselged v\u00e4simus-, tetaania- ja krambiseisundid.<\/p>\n\n\n\n<p><em>H\u00fcpermagneseemia<\/em><\/p>\n\n\n\n<p>Esineb suhteliselt harva ja on tavaliselt jatrogeenne (eriti kaasneva neerupuudulikkuse korral).<\/p>\n\n\n\n<ul class=\"wp-block-list\">\n<li>Diureetikumide (furosemiid, tiasiidid), antatsiidide, lahtistite kuritarvitamine, parenteraalne toitmine, liitiumkarbonaadi intoksikatsioon<\/li>\n\n\n\n<li>V\u00e4henenud eritus, nt seoses neerupuudulikkusega (glomerulaarfiltratsiooni kiirus &lt; 39 mL\/min), kusjuures kaasnev atsidoos suurendab Mg liikumist rakkudest v\u00e4lja<\/li>\n\n\n\n<li>Perekondlik h\u00fcpokaltsiuurinline h\u00fcperkaltseemia<\/li>\n<\/ul>\n\n\n\n<p><em>H\u00fcpomagneseemia<\/em><\/p>\n\n\n\n<ul class=\"wp-block-list\">\n<li>V\u00e4henenud lisandumine (n\u00e4lgus; malabsorptsioon \u2013 ts\u00f6liaakia, peensoole resektsioon, soolefistlid, k\u00f5hupiirkonna kiiritus; kestev parenteraalne toitmine ilma magneesiumi substitutsioonita; alkoholism)<\/li>\n\n\n\n<li>Suurenenud kaotus gastrointestinaaltrakti kaudu (oksendamine, k\u00f5hulahtisus, j\u00e4mesoole kartsinoom, haavandiline koliit, Crohni t\u00f5bi, lahtistite tarvitamine)<\/li>\n\n\n\n<li>Suurenenud kaotus neerude kaudu (krooniine glomerulonefriit, krooniline p\u00fcelonefriit, renaalne tubulaarne atsidoos, \u00e4geda tubulaarnekroosi diureetiline faas)<\/li>\n\n\n\n<li>H\u00fcpert\u00fcreoidism, primaarne ja sekundaarne h\u00fcperaldosteronism, h\u00fcperparat\u00fcreoidism, h\u00fcpoparat\u00fcreoidism, diabeetiline atsidoos<\/li>\n\n\n\n<li>Ravimid (lingudiureetikumid, aminogl\u00fckosiidid, amfoteritsiin, digoksiin tsisplatiin, ts\u00fcklosporiin jpt)<\/li>\n\n\n\n<li>Maksatsirroos<\/li>\n\n\n\n<li>Alkoholism<\/li>\n\n\n\n<li>\u00c4ge\/krooniline pankreatiit<\/li>\n\n\n\n<li>Geneetilised defektid (perekondlikud h\u00fcpomagneseemiad, Bartteri s\u00fcndroom, Gittelmani s\u00fcndroom jt).<\/li>\n<\/ul>\n\n\n\n<p>H\u00fcpomagneseemiaga kaasneb sageli ka h\u00fcpokaltseemia v\u00f5i h\u00fcpokaleemia. H\u00fcpomagneseemia (koos h\u00fcpokaleemiaga) p\u00f5hjustab s\u00fcdamepuudulikkusega haigetel tundlikkuse t\u00f5usu digitaalispreparaatidele.<\/p>\n\n\n\n<p>Koostaja: Kaja Vaagen<br>Muudetud 28.07.2023<\/p>\n","protected":false},"excerpt":{"rendered":"<p>Kliinilise keemia ja laboratoorse hematoloogia osakond Magneesium on kaaliumi j\u00e4rel hulgalt teine intratsellulaarne katioon, millest ligikaudu 60% on luukoes, 20% skeletilihastes, 19% teistes rakkudes ja 1% ekstratsellulaarselt. Plasmas on suurem osa (ligikaudu 60\u201370%) magneesiumist vabade ioonidena v\u00f5i hajuvate kompleksidena, \u00fclej\u00e4\u00e4nu on seotud valkudega. Magneesium on vajalik ATP kasutamiseks energiaallikana, seet\u00f5ttu on ta oluline paljude ens\u00fc\u00fcms\u00fcsteemide [&hellip;]<\/p>\n","protected":false},"author":38,"featured_media":0,"parent":7256,"menu_order":0,"comment_status":"closed","ping_status":"closed","template":"","meta":{"_uag_custom_page_level_css":"","footnotes":""},"class_list":["post-11857","page","type-page","status-publish","hentry"],"acf":[],"yoast_head":"<!-- This site is optimized with the Yoast SEO plugin v27.3 - https:\/\/yoast.com\/product\/yoast-seo-wordpress\/ -->\n<title>Magneesium (S,P-Mg) - \u00dchendlabor<\/title>\n<meta name=\"robots\" content=\"index, follow, max-snippet:-1, max-image-preview:large, max-video-preview:-1\" \/>\n<link rel=\"canonical\" href=\"https:\/\/www.kliinikum.ee\/yhendlabor\/kasiraamat\/elektroluutide-uuringud\/magneesium-sp-mg\/\" \/>\n<meta property=\"og:locale\" content=\"et_EE\" \/>\n<meta property=\"og:type\" content=\"article\" \/>\n<meta property=\"og:title\" content=\"Magneesium (S,P-Mg) - \u00dchendlabor\" \/>\n<meta property=\"og:description\" content=\"Kliinilise keemia ja laboratoorse hematoloogia osakond Magneesium on kaaliumi j\u00e4rel hulgalt teine intratsellulaarne katioon, millest ligikaudu 60% on luukoes, 20% skeletilihastes, 19% teistes rakkudes ja 1% ekstratsellulaarselt. Plasmas on suurem osa (ligikaudu 60\u201370%) magneesiumist vabade ioonidena v\u00f5i hajuvate kompleksidena, \u00fclej\u00e4\u00e4nu on seotud valkudega. Magneesium on vajalik ATP kasutamiseks energiaallikana, seet\u00f5ttu on ta oluline paljude ens\u00fc\u00fcms\u00fcsteemide [&hellip;]\" \/>\n<meta property=\"og:url\" content=\"https:\/\/www.kliinikum.ee\/yhendlabor\/kasiraamat\/elektroluutide-uuringud\/magneesium-sp-mg\/\" \/>\n<meta property=\"og:site_name\" content=\"\u00dchendlabor\" \/>\n<meta property=\"article:modified_time\" content=\"2025-11-19T23:03:59+00:00\" \/>\n<meta name=\"twitter:card\" content=\"summary_large_image\" \/>\n<meta name=\"twitter:label1\" content=\"Est. reading time\" \/>\n\t<meta name=\"twitter:data1\" content=\"3 minutit\" \/>\n<script type=\"application\/ld+json\" class=\"yoast-schema-graph\">{\"@context\":\"https:\\\/\\\/schema.org\",\"@graph\":[{\"@type\":\"WebPage\",\"@id\":\"https:\\\/\\\/www.kliinikum.ee\\\/yhendlabor\\\/kasiraamat\\\/elektroluutide-uuringud\\\/magneesium-sp-mg\\\/\",\"url\":\"https:\\\/\\\/www.kliinikum.ee\\\/yhendlabor\\\/kasiraamat\\\/elektroluutide-uuringud\\\/magneesium-sp-mg\\\/\",\"name\":\"Magneesium (S,P-Mg) - \u00dchendlabor\",\"isPartOf\":{\"@id\":\"https:\\\/\\\/www.kliinikum.ee\\\/yhendlabor\\\/#website\"},\"datePublished\":\"2025-06-22T18:55:06+00:00\",\"dateModified\":\"2025-11-19T23:03:59+00:00\",\"breadcrumb\":{\"@id\":\"https:\\\/\\\/www.kliinikum.ee\\\/yhendlabor\\\/kasiraamat\\\/elektroluutide-uuringud\\\/magneesium-sp-mg\\\/#breadcrumb\"},\"inLanguage\":\"et\",\"potentialAction\":[{\"@type\":\"ReadAction\",\"target\":[\"https:\\\/\\\/www.kliinikum.ee\\\/yhendlabor\\\/kasiraamat\\\/elektroluutide-uuringud\\\/magneesium-sp-mg\\\/\"]}]},{\"@type\":\"BreadcrumbList\",\"@id\":\"https:\\\/\\\/www.kliinikum.ee\\\/yhendlabor\\\/kasiraamat\\\/elektroluutide-uuringud\\\/magneesium-sp-mg\\\/#breadcrumb\",\"itemListElement\":[{\"@type\":\"ListItem\",\"position\":1,\"name\":\"Home\",\"item\":\"https:\\\/\\\/www.kliinikum.ee\\\/yhendlabor\\\/\"},{\"@type\":\"ListItem\",\"position\":2,\"name\":\"K\u00e4siraamat\",\"item\":\"https:\\\/\\\/www.kliinikum.ee\\\/yhendlabor\\\/kasiraamat\\\/\"},{\"@type\":\"ListItem\",\"position\":3,\"name\":\"Elektrol\u00fc\u00fctide uuringud\",\"item\":\"https:\\\/\\\/www.kliinikum.ee\\\/yhendlabor\\\/kasiraamat\\\/elektroluutide-uuringud\\\/\"},{\"@type\":\"ListItem\",\"position\":4,\"name\":\"Magneesium (S,P-Mg)\"}]},{\"@type\":\"WebSite\",\"@id\":\"https:\\\/\\\/www.kliinikum.ee\\\/yhendlabor\\\/#website\",\"url\":\"https:\\\/\\\/www.kliinikum.ee\\\/yhendlabor\\\/\",\"name\":\"\u00dchendlabor\",\"description\":\"Hoolivus, Uuendusmeelsus, P\u00e4devus ja Usaldusv\u00e4\u00e4rsus\",\"potentialAction\":[{\"@type\":\"SearchAction\",\"target\":{\"@type\":\"EntryPoint\",\"urlTemplate\":\"https:\\\/\\\/www.kliinikum.ee\\\/yhendlabor\\\/?s={search_term_string}\"},\"query-input\":{\"@type\":\"PropertyValueSpecification\",\"valueRequired\":true,\"valueName\":\"search_term_string\"}}],\"inLanguage\":\"et\"}]}<\/script>\n<!-- \/ Yoast SEO plugin. -->","yoast_head_json":{"title":"Magneesium (S,P-Mg) - \u00dchendlabor","robots":{"index":"index","follow":"follow","max-snippet":"max-snippet:-1","max-image-preview":"max-image-preview:large","max-video-preview":"max-video-preview:-1"},"canonical":"https:\/\/www.kliinikum.ee\/yhendlabor\/kasiraamat\/elektroluutide-uuringud\/magneesium-sp-mg\/","og_locale":"et_EE","og_type":"article","og_title":"Magneesium (S,P-Mg) - \u00dchendlabor","og_description":"Kliinilise keemia ja laboratoorse hematoloogia osakond Magneesium on kaaliumi j\u00e4rel hulgalt teine intratsellulaarne katioon, millest ligikaudu 60% on luukoes, 20% skeletilihastes, 19% teistes rakkudes ja 1% ekstratsellulaarselt. Plasmas on suurem osa (ligikaudu 60\u201370%) magneesiumist vabade ioonidena v\u00f5i hajuvate kompleksidena, \u00fclej\u00e4\u00e4nu on seotud valkudega. Magneesium on vajalik ATP kasutamiseks energiaallikana, seet\u00f5ttu on ta oluline paljude ens\u00fc\u00fcms\u00fcsteemide [&hellip;]","og_url":"https:\/\/www.kliinikum.ee\/yhendlabor\/kasiraamat\/elektroluutide-uuringud\/magneesium-sp-mg\/","og_site_name":"\u00dchendlabor","article_modified_time":"2025-11-19T23:03:59+00:00","twitter_card":"summary_large_image","twitter_misc":{"Est. reading time":"3 minutit"},"schema":{"@context":"https:\/\/schema.org","@graph":[{"@type":"WebPage","@id":"https:\/\/www.kliinikum.ee\/yhendlabor\/kasiraamat\/elektroluutide-uuringud\/magneesium-sp-mg\/","url":"https:\/\/www.kliinikum.ee\/yhendlabor\/kasiraamat\/elektroluutide-uuringud\/magneesium-sp-mg\/","name":"Magneesium (S,P-Mg) - \u00dchendlabor","isPartOf":{"@id":"https:\/\/www.kliinikum.ee\/yhendlabor\/#website"},"datePublished":"2025-06-22T18:55:06+00:00","dateModified":"2025-11-19T23:03:59+00:00","breadcrumb":{"@id":"https:\/\/www.kliinikum.ee\/yhendlabor\/kasiraamat\/elektroluutide-uuringud\/magneesium-sp-mg\/#breadcrumb"},"inLanguage":"et","potentialAction":[{"@type":"ReadAction","target":["https:\/\/www.kliinikum.ee\/yhendlabor\/kasiraamat\/elektroluutide-uuringud\/magneesium-sp-mg\/"]}]},{"@type":"BreadcrumbList","@id":"https:\/\/www.kliinikum.ee\/yhendlabor\/kasiraamat\/elektroluutide-uuringud\/magneesium-sp-mg\/#breadcrumb","itemListElement":[{"@type":"ListItem","position":1,"name":"Home","item":"https:\/\/www.kliinikum.ee\/yhendlabor\/"},{"@type":"ListItem","position":2,"name":"K\u00e4siraamat","item":"https:\/\/www.kliinikum.ee\/yhendlabor\/kasiraamat\/"},{"@type":"ListItem","position":3,"name":"Elektrol\u00fc\u00fctide uuringud","item":"https:\/\/www.kliinikum.ee\/yhendlabor\/kasiraamat\/elektroluutide-uuringud\/"},{"@type":"ListItem","position":4,"name":"Magneesium (S,P-Mg)"}]},{"@type":"WebSite","@id":"https:\/\/www.kliinikum.ee\/yhendlabor\/#website","url":"https:\/\/www.kliinikum.ee\/yhendlabor\/","name":"\u00dchendlabor","description":"Hoolivus, Uuendusmeelsus, P\u00e4devus ja Usaldusv\u00e4\u00e4rsus","potentialAction":[{"@type":"SearchAction","target":{"@type":"EntryPoint","urlTemplate":"https:\/\/www.kliinikum.ee\/yhendlabor\/?s={search_term_string}"},"query-input":{"@type":"PropertyValueSpecification","valueRequired":true,"valueName":"search_term_string"}}],"inLanguage":"et"}]}},"uagb_featured_image_src":{"full":false,"thumbnail":false,"medium":false,"medium_large":false,"large":false,"1536x1536":false,"2048x2048":false},"uagb_author_info":{"display_name":"Kadi Siigur","author_link":"https:\/\/www.kliinikum.ee\/yhendlabor\/author\/kadisi\/"},"uagb_comment_info":0,"uagb_excerpt":"Kliinilise keemia ja laboratoorse hematoloogia osakond Magneesium on kaaliumi j\u00e4rel hulgalt teine intratsellulaarne katioon, millest ligikaudu 60% on luukoes, 20% skeletilihastes, 19% teistes rakkudes ja 1% ekstratsellulaarselt. Plasmas on suurem osa (ligikaudu 60\u201370%) magneesiumist vabade ioonidena v\u00f5i hajuvate kompleksidena, \u00fclej\u00e4\u00e4nu on seotud valkudega. Magneesium on vajalik ATP kasutamiseks energiaallikana, seet\u00f5ttu on ta oluline paljude ens\u00fc\u00fcms\u00fcsteemide&hellip;","_links":{"self":[{"href":"https:\/\/www.kliinikum.ee\/yhendlabor\/wp-json\/wp\/v2\/pages\/11857","targetHints":{"allow":["GET"]}}],"collection":[{"href":"https:\/\/www.kliinikum.ee\/yhendlabor\/wp-json\/wp\/v2\/pages"}],"about":[{"href":"https:\/\/www.kliinikum.ee\/yhendlabor\/wp-json\/wp\/v2\/types\/page"}],"author":[{"embeddable":true,"href":"https:\/\/www.kliinikum.ee\/yhendlabor\/wp-json\/wp\/v2\/users\/38"}],"replies":[{"embeddable":true,"href":"https:\/\/www.kliinikum.ee\/yhendlabor\/wp-json\/wp\/v2\/comments?post=11857"}],"version-history":[{"count":0,"href":"https:\/\/www.kliinikum.ee\/yhendlabor\/wp-json\/wp\/v2\/pages\/11857\/revisions"}],"up":[{"embeddable":true,"href":"https:\/\/www.kliinikum.ee\/yhendlabor\/wp-json\/wp\/v2\/pages\/7256"}],"wp:attachment":[{"href":"https:\/\/www.kliinikum.ee\/yhendlabor\/wp-json\/wp\/v2\/media?parent=11857"}],"curies":[{"name":"wp","href":"https:\/\/api.w.org\/{rel}","templated":true}]}}