{"id":11881,"date":"2025-06-23T11:38:45","date_gmt":"2025-06-23T09:38:45","guid":{"rendered":"https:\/\/www.kliinikum.ee\/yhendlabor\/?page_id=11881"},"modified":"2025-11-20T01:23:48","modified_gmt":"2025-11-19T23:23:48","slug":"hapniku-osarohk-ab-po2-cb-po2-mvb-po2","status":"publish","type":"page","link":"https:\/\/www.kliinikum.ee\/yhendlabor\/kasiraamat\/happe-aluse-tasakaalu-uuringud\/hapniku-osarohk-ab-po2-cb-po2-mvb-po2\/","title":{"rendered":"Hapniku osar\u00f5hk (aB-pO2, cB-pO2, mvB-pO2)"},"content":{"rendered":"\n<p><em>Kliinilise keemia ja laboratoorse hematoloogia osakond<\/em><\/p>\n\n\n\n<p>Hingamine ja vereringe varustavad kudesid hapnikuga ja eemaldavad organismist s\u00fcsinikdioksiidi, seejuures seonduvad hingamisfunktsiooni ja happe-aluse tasakaalu regulatsioon tugevasti teineteisega.<\/p>\n\n\n\n<p>Haigusseisundid m\u00f5jutavad gaasivahetust arteriaalse vere oks\u00fcgenisatsiooni ja s\u00fcsihappe eliminatsiooni osas erinevalt. S\u00fcsihappe eliminatsioon s\u00f5ltub esmajoones kopsualveoolide ventilatsioonist. <strong>Arteriaalse vere hapniku osar\u00f5hk<\/strong> s\u00f5ltub aga lisaks sissehingatava \u00f5hu hapnikusisaldusele ja alveolaarventilatsioonile veel ventilatsiooni ja perfusiooni vahekorrast kopsudes, difusioonist ja venoosse segavere hapnikuk\u00fcllastusest. Seega on hapniku osar\u00f5hk kopsuparenh\u00fc\u00fcmi funktsionaalse seisundi tundlik n\u00e4itaja. Selle langus peegeldab nn parenh\u00fcmatoosset kopsupuudulikkust mitte ventilatsiooni seisundit, mida n\u00e4itab aB-pCO<sub>2<\/sub>.<\/p>\n\n\n\n<p class=\"has-medium-font-size\"><strong>Uuritav materjal, selle v\u00f5tmine, saatmine ja s\u00e4ilitamine<\/strong><\/p>\n\n\n\n<p>M\u00e4\u00e4ratakse arteriaalsest (aB), kapillaarsest (cB) v\u00f5i segunenud venoossest verest (mvB). Venoosset verd ei kasutata, kuna see ei peegelda kudede oks\u00fcgenisatsiooni. Kapillaarveri on kasutatav ainult naha v\u00e4ga hea verevarustuse korral, seega <em>tuleb raskes \u00fcldseisundis oleval haigel v\u00f5tta alati arteriaalne veri!<\/em> Arteriaalne proov kogutakse kas punkteerimise teel v\u00f5i v\u00f5etakse arteri kateetrist.<\/p>\n\n\n\n<figure class=\"wp-block-table is-style-stripes\"><table width=\"100%\"><tbody><tr><td width=\"1%\"><\/td><td width=\"15%\"><strong>Katsuti<\/strong><\/td><td width=\"84%\"><em>Arteriaalne v\u00f5i segunenud venoosne veri:<\/em> spetsiaalne happe-aluse \u00a0tasakaalu ja veregaaside m\u00e4\u00e4ramiseks m\u00f5eldud LH-s\u00fcstal <br><em>Kapillaarne veri<\/em> (v\u00f5tab laborant): spetsiaalne happe-aluse tasakaalu m\u00e4\u00e4ramiseks m\u00f5eldud LH-kapillaar<\/td><\/tr><tr><td><\/td><td><strong>S\u00e4ilivus<\/strong><\/td><td>Veri LH-s\u00fcstlas toatemperatuuril kuni 30 minutit <br>Veri LH-kapillaaris toatemperatuuril 10 minutit v\u00f5i +4 \u00b0C 30 minutit<\/td><\/tr><\/tbody><\/table><\/figure>\n\n\n\n<p class=\"has-medium-font-size\"><strong>Anal\u00fc\u00fcsi tegemise aeg:<\/strong> \u00f6\u00f6p\u00e4evaringselt<\/p>\n\n\n\n<p class=\"has-medium-font-size\"><strong>Anal\u00fc\u00fcsimeetod: <\/strong>amperomeetria<\/p>\n\n\n\n<p class=\"has-medium-font-size\"><strong>Referentsv\u00e4\u00e4rtused<\/strong><\/p>\n\n\n\n<figure class=\"wp-block-table is-style-stripes\"><table width=\"100%\"><tbody><tr><td width=\"1%\"><\/td><td width=\"30%\"><strong>aB-pO<sub>2<\/sub><\/strong><\/td><td width=\"35%\">\u2265 1 p<\/td><td width=\"34%\">83\u2013108 mmHg<\/td><\/tr><\/tbody><\/table><\/figure>\n\n\n\n<p class=\"has-medium-font-size\"><strong>N\u00e4idustus ja kliiniline t\u00e4hendus<\/strong><\/p>\n\n\n\n<p>Koos happe-aluse tasakaalu uuringuga hingamisfunktsiooni hindamiseks anesteesia ajal, intensiivravis, \u00e4geda ja kroonilise hingamispuudulikkuse diagnostikas, hapnikravi ja kopsude juhitava hingamise l\u00e4biviimisel. Sellistes tingimustes on v\u00f5imalik nii h\u00fcperokseemia kui h\u00fcpokseemia arenemine.<\/p>\n\n\n\n<p>V\u00f5rreldes pulssoks\u00fcmeetriaga, mis peegeldab arteriaalse vere hapnikuk\u00fcllastust e saturatsiooni, v\u00f5imaldab aB-pO<sub>2<\/sub> hinnata vere oks\u00fcgenisatsioonitaset t\u00e4psemalt, eriti v\u00e4ga madala v\u00f5i k\u00f5rge oks\u00fcgenisatsiooni korral.<\/p>\n\n\n\n<p>Vt ka: <a href=\"https:\/\/www.kliinikum.ee\/yhendlabor\/kasiraamat\/happe-aluse-tasakaalu-uuringud\/happe-aluse-tasakaalu-uuring-ab-abb-cb-abb\/\">Happe-aluse tasakaalu uuring<\/a><\/p>\n\n\n\n<p>Koostaja: Aivar Orav<br>Muudetud 17.03.2021<\/p>\n","protected":false},"excerpt":{"rendered":"<p>Kliinilise keemia ja laboratoorse hematoloogia osakond Hingamine ja vereringe varustavad kudesid hapnikuga ja eemaldavad organismist s\u00fcsinikdioksiidi, seejuures seonduvad hingamisfunktsiooni ja happe-aluse tasakaalu regulatsioon tugevasti teineteisega. Haigusseisundid m\u00f5jutavad gaasivahetust arteriaalse vere oks\u00fcgenisatsiooni ja s\u00fcsihappe eliminatsiooni osas erinevalt. S\u00fcsihappe eliminatsioon s\u00f5ltub esmajoones kopsualveoolide ventilatsioonist. Arteriaalse vere hapniku osar\u00f5hk s\u00f5ltub aga lisaks sissehingatava \u00f5hu hapnikusisaldusele ja alveolaarventilatsioonile veel [&hellip;]<\/p>\n","protected":false},"author":38,"featured_media":0,"parent":7262,"menu_order":0,"comment_status":"closed","ping_status":"closed","template":"","meta":{"_uag_custom_page_level_css":"","footnotes":""},"class_list":["post-11881","page","type-page","status-publish","hentry"],"acf":[],"yoast_head":"<!-- This site is optimized with the Yoast SEO plugin v27.5 - https:\/\/yoast.com\/product\/yoast-seo-wordpress\/ -->\n<title>Hapniku osar\u00f5hk (aB-pO2, cB-pO2, mvB-pO2) - \u00dchendlabor<\/title>\n<meta name=\"robots\" content=\"index, follow, max-snippet:-1, max-image-preview:large, max-video-preview:-1\" \/>\n<link rel=\"canonical\" href=\"https:\/\/www.kliinikum.ee\/yhendlabor\/kasiraamat\/happe-aluse-tasakaalu-uuringud\/hapniku-osarohk-ab-po2-cb-po2-mvb-po2\/\" \/>\n<meta property=\"og:locale\" content=\"et_EE\" \/>\n<meta property=\"og:type\" content=\"article\" \/>\n<meta property=\"og:title\" content=\"Hapniku osar\u00f5hk (aB-pO2, cB-pO2, mvB-pO2) - \u00dchendlabor\" \/>\n<meta property=\"og:description\" content=\"Kliinilise keemia ja laboratoorse hematoloogia osakond Hingamine ja vereringe varustavad kudesid hapnikuga ja eemaldavad organismist s\u00fcsinikdioksiidi, seejuures seonduvad hingamisfunktsiooni ja happe-aluse tasakaalu regulatsioon tugevasti teineteisega. Haigusseisundid m\u00f5jutavad gaasivahetust arteriaalse vere oks\u00fcgenisatsiooni ja s\u00fcsihappe eliminatsiooni osas erinevalt. S\u00fcsihappe eliminatsioon s\u00f5ltub esmajoones kopsualveoolide ventilatsioonist. Arteriaalse vere hapniku osar\u00f5hk s\u00f5ltub aga lisaks sissehingatava \u00f5hu hapnikusisaldusele ja alveolaarventilatsioonile veel [&hellip;]\" \/>\n<meta property=\"og:url\" content=\"https:\/\/www.kliinikum.ee\/yhendlabor\/kasiraamat\/happe-aluse-tasakaalu-uuringud\/hapniku-osarohk-ab-po2-cb-po2-mvb-po2\/\" \/>\n<meta property=\"og:site_name\" content=\"\u00dchendlabor\" \/>\n<meta property=\"article:modified_time\" content=\"2025-11-19T23:23:48+00:00\" \/>\n<meta name=\"twitter:card\" content=\"summary_large_image\" \/>\n<meta name=\"twitter:label1\" content=\"Est. reading time\" \/>\n\t<meta name=\"twitter:data1\" content=\"2 minutit\" \/>\n<script type=\"application\/ld+json\" class=\"yoast-schema-graph\">{\"@context\":\"https:\\\/\\\/schema.org\",\"@graph\":[{\"@type\":\"WebPage\",\"@id\":\"https:\\\/\\\/www.kliinikum.ee\\\/yhendlabor\\\/kasiraamat\\\/happe-aluse-tasakaalu-uuringud\\\/hapniku-osarohk-ab-po2-cb-po2-mvb-po2\\\/\",\"url\":\"https:\\\/\\\/www.kliinikum.ee\\\/yhendlabor\\\/kasiraamat\\\/happe-aluse-tasakaalu-uuringud\\\/hapniku-osarohk-ab-po2-cb-po2-mvb-po2\\\/\",\"name\":\"Hapniku osar\u00f5hk (aB-pO2, cB-pO2, mvB-pO2) - \u00dchendlabor\",\"isPartOf\":{\"@id\":\"https:\\\/\\\/www.kliinikum.ee\\\/yhendlabor\\\/#website\"},\"datePublished\":\"2025-06-23T09:38:45+00:00\",\"dateModified\":\"2025-11-19T23:23:48+00:00\",\"breadcrumb\":{\"@id\":\"https:\\\/\\\/www.kliinikum.ee\\\/yhendlabor\\\/kasiraamat\\\/happe-aluse-tasakaalu-uuringud\\\/hapniku-osarohk-ab-po2-cb-po2-mvb-po2\\\/#breadcrumb\"},\"inLanguage\":\"et\",\"potentialAction\":[{\"@type\":\"ReadAction\",\"target\":[\"https:\\\/\\\/www.kliinikum.ee\\\/yhendlabor\\\/kasiraamat\\\/happe-aluse-tasakaalu-uuringud\\\/hapniku-osarohk-ab-po2-cb-po2-mvb-po2\\\/\"]}]},{\"@type\":\"BreadcrumbList\",\"@id\":\"https:\\\/\\\/www.kliinikum.ee\\\/yhendlabor\\\/kasiraamat\\\/happe-aluse-tasakaalu-uuringud\\\/hapniku-osarohk-ab-po2-cb-po2-mvb-po2\\\/#breadcrumb\",\"itemListElement\":[{\"@type\":\"ListItem\",\"position\":1,\"name\":\"Home\",\"item\":\"https:\\\/\\\/www.kliinikum.ee\\\/yhendlabor\\\/\"},{\"@type\":\"ListItem\",\"position\":2,\"name\":\"K\u00e4siraamat\",\"item\":\"https:\\\/\\\/www.kliinikum.ee\\\/yhendlabor\\\/kasiraamat\\\/\"},{\"@type\":\"ListItem\",\"position\":3,\"name\":\"Happe-aluse tasakaalu uuringud\",\"item\":\"https:\\\/\\\/www.kliinikum.ee\\\/yhendlabor\\\/kasiraamat\\\/happe-aluse-tasakaalu-uuringud\\\/\"},{\"@type\":\"ListItem\",\"position\":4,\"name\":\"Hapniku osar\u00f5hk (aB-pO2, cB-pO2, mvB-pO2)\"}]},{\"@type\":\"WebSite\",\"@id\":\"https:\\\/\\\/www.kliinikum.ee\\\/yhendlabor\\\/#website\",\"url\":\"https:\\\/\\\/www.kliinikum.ee\\\/yhendlabor\\\/\",\"name\":\"\u00dchendlabor\",\"description\":\"Hoolivus, Uuendusmeelsus, P\u00e4devus ja Usaldusv\u00e4\u00e4rsus\",\"potentialAction\":[{\"@type\":\"SearchAction\",\"target\":{\"@type\":\"EntryPoint\",\"urlTemplate\":\"https:\\\/\\\/www.kliinikum.ee\\\/yhendlabor\\\/?s={search_term_string}\"},\"query-input\":{\"@type\":\"PropertyValueSpecification\",\"valueRequired\":true,\"valueName\":\"search_term_string\"}}],\"inLanguage\":\"et\"}]}<\/script>\n<!-- \/ Yoast SEO plugin. -->","yoast_head_json":{"title":"Hapniku osar\u00f5hk (aB-pO2, cB-pO2, mvB-pO2) - \u00dchendlabor","robots":{"index":"index","follow":"follow","max-snippet":"max-snippet:-1","max-image-preview":"max-image-preview:large","max-video-preview":"max-video-preview:-1"},"canonical":"https:\/\/www.kliinikum.ee\/yhendlabor\/kasiraamat\/happe-aluse-tasakaalu-uuringud\/hapniku-osarohk-ab-po2-cb-po2-mvb-po2\/","og_locale":"et_EE","og_type":"article","og_title":"Hapniku osar\u00f5hk (aB-pO2, cB-pO2, mvB-pO2) - \u00dchendlabor","og_description":"Kliinilise keemia ja laboratoorse hematoloogia osakond Hingamine ja vereringe varustavad kudesid hapnikuga ja eemaldavad organismist s\u00fcsinikdioksiidi, seejuures seonduvad hingamisfunktsiooni ja happe-aluse tasakaalu regulatsioon tugevasti teineteisega. Haigusseisundid m\u00f5jutavad gaasivahetust arteriaalse vere oks\u00fcgenisatsiooni ja s\u00fcsihappe eliminatsiooni osas erinevalt. S\u00fcsihappe eliminatsioon s\u00f5ltub esmajoones kopsualveoolide ventilatsioonist. Arteriaalse vere hapniku osar\u00f5hk s\u00f5ltub aga lisaks sissehingatava \u00f5hu hapnikusisaldusele ja alveolaarventilatsioonile veel [&hellip;]","og_url":"https:\/\/www.kliinikum.ee\/yhendlabor\/kasiraamat\/happe-aluse-tasakaalu-uuringud\/hapniku-osarohk-ab-po2-cb-po2-mvb-po2\/","og_site_name":"\u00dchendlabor","article_modified_time":"2025-11-19T23:23:48+00:00","twitter_card":"summary_large_image","twitter_misc":{"Est. reading time":"2 minutit"},"schema":{"@context":"https:\/\/schema.org","@graph":[{"@type":"WebPage","@id":"https:\/\/www.kliinikum.ee\/yhendlabor\/kasiraamat\/happe-aluse-tasakaalu-uuringud\/hapniku-osarohk-ab-po2-cb-po2-mvb-po2\/","url":"https:\/\/www.kliinikum.ee\/yhendlabor\/kasiraamat\/happe-aluse-tasakaalu-uuringud\/hapniku-osarohk-ab-po2-cb-po2-mvb-po2\/","name":"Hapniku osar\u00f5hk (aB-pO2, cB-pO2, mvB-pO2) - \u00dchendlabor","isPartOf":{"@id":"https:\/\/www.kliinikum.ee\/yhendlabor\/#website"},"datePublished":"2025-06-23T09:38:45+00:00","dateModified":"2025-11-19T23:23:48+00:00","breadcrumb":{"@id":"https:\/\/www.kliinikum.ee\/yhendlabor\/kasiraamat\/happe-aluse-tasakaalu-uuringud\/hapniku-osarohk-ab-po2-cb-po2-mvb-po2\/#breadcrumb"},"inLanguage":"et","potentialAction":[{"@type":"ReadAction","target":["https:\/\/www.kliinikum.ee\/yhendlabor\/kasiraamat\/happe-aluse-tasakaalu-uuringud\/hapniku-osarohk-ab-po2-cb-po2-mvb-po2\/"]}]},{"@type":"BreadcrumbList","@id":"https:\/\/www.kliinikum.ee\/yhendlabor\/kasiraamat\/happe-aluse-tasakaalu-uuringud\/hapniku-osarohk-ab-po2-cb-po2-mvb-po2\/#breadcrumb","itemListElement":[{"@type":"ListItem","position":1,"name":"Home","item":"https:\/\/www.kliinikum.ee\/yhendlabor\/"},{"@type":"ListItem","position":2,"name":"K\u00e4siraamat","item":"https:\/\/www.kliinikum.ee\/yhendlabor\/kasiraamat\/"},{"@type":"ListItem","position":3,"name":"Happe-aluse tasakaalu uuringud","item":"https:\/\/www.kliinikum.ee\/yhendlabor\/kasiraamat\/happe-aluse-tasakaalu-uuringud\/"},{"@type":"ListItem","position":4,"name":"Hapniku osar\u00f5hk (aB-pO2, cB-pO2, mvB-pO2)"}]},{"@type":"WebSite","@id":"https:\/\/www.kliinikum.ee\/yhendlabor\/#website","url":"https:\/\/www.kliinikum.ee\/yhendlabor\/","name":"\u00dchendlabor","description":"Hoolivus, Uuendusmeelsus, P\u00e4devus ja Usaldusv\u00e4\u00e4rsus","potentialAction":[{"@type":"SearchAction","target":{"@type":"EntryPoint","urlTemplate":"https:\/\/www.kliinikum.ee\/yhendlabor\/?s={search_term_string}"},"query-input":{"@type":"PropertyValueSpecification","valueRequired":true,"valueName":"search_term_string"}}],"inLanguage":"et"}]}},"uagb_featured_image_src":{"full":false,"thumbnail":false,"medium":false,"medium_large":false,"large":false,"1536x1536":false,"2048x2048":false},"uagb_author_info":{"display_name":"Kadi Siigur","author_link":"https:\/\/www.kliinikum.ee\/yhendlabor\/author\/kadisi\/"},"uagb_comment_info":0,"uagb_excerpt":"Kliinilise keemia ja laboratoorse hematoloogia osakond Hingamine ja vereringe varustavad kudesid hapnikuga ja eemaldavad organismist s\u00fcsinikdioksiidi, seejuures seonduvad hingamisfunktsiooni ja happe-aluse tasakaalu regulatsioon tugevasti teineteisega. Haigusseisundid m\u00f5jutavad gaasivahetust arteriaalse vere oks\u00fcgenisatsiooni ja s\u00fcsihappe eliminatsiooni osas erinevalt. S\u00fcsihappe eliminatsioon s\u00f5ltub esmajoones kopsualveoolide ventilatsioonist. Arteriaalse vere hapniku osar\u00f5hk s\u00f5ltub aga lisaks sissehingatava \u00f5hu hapnikusisaldusele ja alveolaarventilatsioonile veel&hellip;","_links":{"self":[{"href":"https:\/\/www.kliinikum.ee\/yhendlabor\/wp-json\/wp\/v2\/pages\/11881","targetHints":{"allow":["GET"]}}],"collection":[{"href":"https:\/\/www.kliinikum.ee\/yhendlabor\/wp-json\/wp\/v2\/pages"}],"about":[{"href":"https:\/\/www.kliinikum.ee\/yhendlabor\/wp-json\/wp\/v2\/types\/page"}],"author":[{"embeddable":true,"href":"https:\/\/www.kliinikum.ee\/yhendlabor\/wp-json\/wp\/v2\/users\/38"}],"replies":[{"embeddable":true,"href":"https:\/\/www.kliinikum.ee\/yhendlabor\/wp-json\/wp\/v2\/comments?post=11881"}],"version-history":[{"count":0,"href":"https:\/\/www.kliinikum.ee\/yhendlabor\/wp-json\/wp\/v2\/pages\/11881\/revisions"}],"up":[{"embeddable":true,"href":"https:\/\/www.kliinikum.ee\/yhendlabor\/wp-json\/wp\/v2\/pages\/7262"}],"wp:attachment":[{"href":"https:\/\/www.kliinikum.ee\/yhendlabor\/wp-json\/wp\/v2\/media?parent=11881"}],"curies":[{"name":"wp","href":"https:\/\/api.w.org\/{rel}","templated":true}]}}