{"id":11886,"date":"2025-06-23T11:53:50","date_gmt":"2025-06-23T09:53:50","guid":{"rendered":"https:\/\/www.kliinikum.ee\/yhendlabor\/?page_id=11886"},"modified":"2025-11-20T01:26:17","modified_gmt":"2025-11-19T23:26:17","slug":"happe-aluse-tasakaalu-uuring-ab-abb-cb-abb","status":"publish","type":"page","link":"https:\/\/www.kliinikum.ee\/yhendlabor\/kasiraamat\/happe-aluse-tasakaalu-uuringud\/happe-aluse-tasakaalu-uuring-ab-abb-cb-abb\/","title":{"rendered":"Happe-aluse tasakaalu uuring (aB-ABB, cB-ABB)"},"content":{"rendered":"\n<p><em>Kliinilise keemia ja laboratoorse hematoloogia osakond<\/em><\/p>\n\n\n\n<p class=\"has-medium-font-size\"><strong>Anal\u00fc\u00fcsid:<\/strong><\/p>\n\n\n\n<figure class=\"wp-block-table is-style-stripes\"><table width=\"100%\"><tbody><tr><td width=\"1%\"><\/td><td width=\"69%\">pH arteriaalses veres\/kapillaarses veres<\/td><td width=\"30%\">aB-pH, cB-pH<\/td><\/tr><tr><td><\/td><td>S\u00fcsinikdioksiidi osar\u00f5hk arteriaalses veres\/kapillaarses veres<\/td><td>aB-pCO<sub>2<\/sub>, cB-pCO<sub>2<\/sub><\/td><\/tr><tr><td><\/td><td>Vesinikkarbonaat arteriaalses veres\/kapillaarses veres\/plasmas<\/td><td>aB-HCO<sub>3<\/sub>, cB-HCO<sub>3<\/sub>, P-HCO<sub>3<\/sub><\/td><\/tr><tr><td><\/td><td>Aluste liig arteriaalses veres\/kapillaarses veres<\/td><td>aB-BE, cB-BE<\/td><\/tr><\/tbody><\/table><\/figure>\n\n\n\n<p>Organismis s\u00e4ilitatakse vere pH erinevate f\u00fcsioloogiliste mehhanismide varal k\u00fcllaltki kitsas vahemikus. Nendeks mehhanismideks on hingamisfunktsioon, vere puhvers\u00fcsteem ja neerude eritusv\u00f5ime. Vere puhvers\u00fcsteemi moodustavad s\u00fcsihappe-vesinikkarbonaatpuhver, hemoglobiin, plasma valgud ja fosfaatpuhver.<\/p>\n\n\n\n<p>Organismi ainevahetuse tulemusena tekib organismis pidevalt happelisi \u00fchendeid, milleks on lenduv hape HCO<sub>3<\/sub> (eemaldatav kopsude kaudu CO<sub>2<\/sub>-na) ja mittelenduvad happed (eritatakse neerude kaudu). Hingamispuudulikkuse tekkimisel kasvab s\u00fcsihappe hulk organismis, pH v\u00e4heneb ja areneb respiratoorne atsidoos. Kopsude h\u00fcperventilatsioonil eemaldatakse CO<sub>2<\/sub>-te organismist normaalsest efektiivsemalt, pH t\u00f5useb ja areneb respiratoorne alkaloos.<\/p>\n\n\n\n<p>Ainevahetush\u00e4irete puhul suureneb mittelenduvate hapete hulk ja areneb metaboolne atsidoos. Metaboolne alkaloos areneb mittelenduvate hapete (peamiselt maomahla soolhappe) \u00fclem\u00e4\u00e4rase eritumise t\u00f5ttu organismist v\u00f5i aluseliste \u00fchendite (vesinikkarbonaadi v\u00f5i selle prekursorite \u2013 orgaaniliste hapete naatriumi- v\u00f5i kaaliumisoolade) liigsel manustamisel. Organism p\u00fc\u00fcab kompenseerida metaboolseid h\u00e4ireid suhteliselt kiiresti respiratoorse s\u00fcsteemi abil. Respiratoorsete h\u00e4irete kompensatsioon toimub tunduvalt aeglasemalt renaalsel teel. S\u00f5ltuvalt resulteeruvast pH v\u00e4\u00e4rtusest v\u00f5ivad atsidoos ja alkaloos olla kas kompenseeritud v\u00f5i dekompenseeritud.<\/p>\n\n\n\n<p class=\"has-medium-font-size\"><strong>Uuritav materjal, selle v\u00f5tmine, saatmine ja s\u00e4ilitamine<\/strong><\/p>\n\n\n\n<p>M\u00e4\u00e4ratakse arteriaalsest (aB) v\u00f5i kapillaarsest (cB) verest. Kapillaarveri on kasutatav ainult naha v\u00e4ga hea verevarustuse korral, seega <em>tuleb raskes \u00fcldseisundis oleval haigel v\u00f5tta alati arteriaalne veri!<\/em> Arteriaalne proov kogutakse kas arteri punkteerimisel v\u00f5i v\u00f5etakse arteri kateetrist. Vesinikkarbonaati v\u00f5ib m\u00e4\u00e4rata ka venoossest verest (katsutit ei tohi avada!).<\/p>\n\n\n\n<figure class=\"wp-block-table is-style-stripes\"><table width=\"100%\"><tbody><tr><td width=\"1%\"><\/td><td width=\"15%\"><strong>Katsuti<\/strong><\/td><td width=\"84%\"><em>Arteriaalne veri<\/em>: spetsiaalne happe-aluse tasakaalu ja veregaaside m\u00e4\u00e4ramiseks m\u00f5eldud LH-s\u00fcstal <br><em>Venoosne veri (P-HCO<sub>3<\/sub>):<\/em> geeliga LH-katsuti (roheline kollase r\u00f5ngaga v\u00f5i heleroheline kork) <br><em>Kapillaarne veri<\/em> (v\u00f5tab laborant): spetsiaalne happe-aluse tasakaalu m\u00e4\u00e4ramiseks m\u00f5eldud LH-kapillaar<\/td><\/tr><tr><td><\/td><td><strong>S\u00e4ilivus<\/strong><\/td><td>Veri LH-s\u00fcstlas toatemperatuuril kuni 30 minutit. <br>Veri LH-kapillaaris toatemperatuuril 10 minutit v\u00f5i +4 \u00b0C 30 minutit. <br>Veri geeliga LH-katsutis tsentrifuugida nii kiiresti kui v\u00f5imalik (tuua kohe laborisse!), s\u00e4ilivus tsentrifuugitud ja <em>avamata <\/em>katsutis toatemperatuuril 40 tundi, +4 \u00b0C \u00fcks n\u00e4dal, -20 \u00baC kuus kuud.<\/td><\/tr><\/tbody><\/table><\/figure>\n\n\n\n<p class=\"has-medium-font-size\"><strong>Anal\u00fc\u00fcsi tegemise aeg:<\/strong> \u00f6\u00f6p\u00e4evaringselt<\/p>\n\n\n\n<p class=\"has-medium-font-size\"><strong>Anal\u00fc\u00fcsimeetod: <\/strong>amperomeetria; P-HCO<sub>3 <\/sub>puhul ens\u00fcmaatiline meetod fosfoen\u00fc\u00fcl\u00adp\u00fcruvaadiga <sup>&nbsp;<\/sup><\/p>\n\n\n\n<p class=\"has-medium-font-size\"><strong>Referentsv\u00e4\u00e4rtused<\/strong><\/p>\n\n\n\n<figure class=\"wp-block-table\"><table width=\"100%\"><tbody><tr><td width=\"1%\"><\/td><td width=\"29%\"><strong>aB-pH<\/strong><\/td><td width=\"20%\">\u2265 1 p<\/td><td width=\"20%\"><\/td><td width=\"30%\">7,35\u20137,45<\/td><\/tr><tr><td><\/td><td><strong>aB-pO2<\/strong><\/td><td>\u2265 1 p<\/td><td><\/td><td>83\u2013108 mmHg<\/td><\/tr><tr><td><\/td><td><strong>aB-pCO<sub>2<\/sub><\/strong><\/td><td>\u2265 18 a<\/td><td>M<br>N<\/td><td>35\u201348 mmHg <br>32\u201345 mmHg<\/td><\/tr><tr><td><\/td><td><strong>aB-HCO<sub>3<\/sub><\/strong><\/td><td>\u2265 18 a<\/td><td>M<br>N<\/td><td>24\u201331 mmol\/L <br>22\u201331 mmol\/L<\/td><\/tr><tr><td><\/td><td><strong>P-HCO<sub>3<\/sub><\/strong><\/td><td>\u2265 18 a<\/td><td><\/td><td>22\u201329 mmol\/L<\/td><\/tr><tr><td><\/td><td><strong>aB-BE<\/strong><\/td><td>\u2265 18 a<\/td><td>M<br>N<\/td><td>(-2,7)\u2013(+2,5) mmol\/L <br>(-3,4)\u2013(+1,4) mmol\/L<\/td><\/tr><\/tbody><\/table><\/figure>\n\n\n\n<p class=\"has-medium-font-size\"><strong>N\u00e4idustus ja kliiniline t\u00e4hendus<\/strong><\/p>\n\n\n\n<p>Happe-aluse tasakaalu h\u00e4irete diagnoosimine ja ravi j\u00e4lgimine. Ainult plasma vesinikkarbonaatide m\u00e4\u00e4ramine on n\u00e4idustatud kroonilise neeruhaigusega patsientidel metaboolse atsidoosi hindamiseks ning v\u00f5imaldab koos teiste elektrol\u00fc\u00fctide m\u00e4\u00e4ramisega arvutada anioonide vaegust.<\/p>\n\n\n\n<p><em>Respiratoorse atsidoosi<\/em> p\u00f5hjuseks on v\u00e4henenud alveolaarne ventilatsioon, mis v\u00f5ib olla tingitud hingamiskeskuse p\u00e4rssimisest (ravimid, intoksikatsioonid, trauma), hingamisteede obstruktsioonist (bronhiit, emf\u00fcseem, astma), krooniliselt suurenenud hingamist\u00f6\u00f6st, rindkere- v\u00f5i hingamislihaste funktsiooni h\u00e4irest.<\/p>\n\n\n\n<p><em>Respiratoorse alkaloosi <\/em>p\u00f5hjuseks on alveolaarse ventilatsiooni suurenemine, mis omakorda v\u00f5ib olla tingitud h\u00fcpoksiast, kopsukoe venitatavuse v\u00e4henemisest, verepaisust kopsudes (kopsu- ja s\u00fcdamehaigused), keskn\u00e4rvis\u00fcsteemi h\u00e4iretest (trauma, p\u00f5letik, verevalandus metaboolse atsidoosiga ajukoes), salits\u00fclaatide m\u00fcrgistusest ja mitmesugustest muudest seisunditest (nt septitseemia, valus\u00fcndroom, \u0161okk), samuti \u00fclehingatamisest kopsude juhitava ventilatsiooni korral.<\/p>\n\n\n\n<p><em>Metaboolse atsidoosi<\/em> tekke peamisteks mehhanismideks on mittelenduvate hapete kuhjumine (diabeetiline ketoatsidoos, laktatsidoos), hapete v\u00e4henenud ekskretsioon uriiniga ja\/v\u00f5i aluste \u00e4rakasutamine (krooniline neerupuudulikkus), tunduv vesinikkarbonaadi kaotus mao-sooltraktist (k\u00f5hulahtisus) ning hapete \u00fclem\u00e4\u00e4rane manustamine v\u00e4ljastpoolt (nt salits\u00fclaatide m\u00fcrgistus).<\/p>\n\n\n\n<p><em>Metaboolse alkaloosi<\/em> peamised p\u00f5hjused on vesinikioonide kaotus mao-sooltrakti (oksendamine, nasogastraalsond) v\u00f5i neerude kaudu (sel puhul lisandub ka vesinikkarbonaadi suurenenud reabsorptsioon) ja aluseliste substantside liigne manustamine. Metaboolne alkaloos v\u00f5ib tekkida ka Cushingi s\u00fcndroomi, aldosteronismi ja mineralokortikoidide manustamise puhul.<\/p>\n\n\n\n<p>Pole sugugi erandlik n\u00e4htus, et patsiendil on \u00fcheaegselt kaks happe-aluse tasakaalu primaarset h\u00e4iret. Sellisel juhul on tegemist segah\u00e4irega (<em>mixed acid-base disorder<\/em>). Segah\u00e4irete alla ei loeta neid situatsioone, kus on tekkinud respiratoorne v\u00f5i metaboolne k\u00f5rvalekalle primaarse h\u00e4ire kompenseerimise k\u00e4igus.<\/p>\n\n\n\n<p>Vt ka: <a href=\"https:\/\/www.kliinikum.ee\/yhendlabor\/kasiraamat\/happe-aluse-tasakaalu-uuringud\/hapniku-osarohk-ab-po2-cb-po2-mvb-po2\/\">Hapniku osar\u00f5hk<\/a><\/p>\n\n\n\n<p>Koostaja: Aivar Orav<br>Muudetud 18.08.2023<\/p>\n","protected":false},"excerpt":{"rendered":"<p>Kliinilise keemia ja laboratoorse hematoloogia osakond Anal\u00fc\u00fcsid: pH arteriaalses veres\/kapillaarses veres aB-pH, cB-pH S\u00fcsinikdioksiidi osar\u00f5hk arteriaalses veres\/kapillaarses veres aB-pCO2, cB-pCO2 Vesinikkarbonaat arteriaalses veres\/kapillaarses veres\/plasmas aB-HCO3, cB-HCO3, P-HCO3 Aluste liig arteriaalses veres\/kapillaarses veres aB-BE, cB-BE Organismis s\u00e4ilitatakse vere pH erinevate f\u00fcsioloogiliste mehhanismide varal k\u00fcllaltki kitsas vahemikus. Nendeks mehhanismideks on hingamisfunktsioon, vere puhvers\u00fcsteem ja neerude eritusv\u00f5ime. Vere [&hellip;]<\/p>\n","protected":false},"author":38,"featured_media":0,"parent":7262,"menu_order":0,"comment_status":"closed","ping_status":"closed","template":"","meta":{"_uag_custom_page_level_css":"","footnotes":""},"class_list":["post-11886","page","type-page","status-publish","hentry"],"acf":[],"yoast_head":"<!-- This site is optimized with the Yoast SEO plugin v27.5 - https:\/\/yoast.com\/product\/yoast-seo-wordpress\/ -->\n<title>Happe-aluse tasakaalu uuring (aB-ABB, cB-ABB) - \u00dchendlabor<\/title>\n<meta name=\"robots\" content=\"index, follow, max-snippet:-1, max-image-preview:large, max-video-preview:-1\" \/>\n<link rel=\"canonical\" href=\"https:\/\/www.kliinikum.ee\/yhendlabor\/kasiraamat\/happe-aluse-tasakaalu-uuringud\/happe-aluse-tasakaalu-uuring-ab-abb-cb-abb\/\" \/>\n<meta property=\"og:locale\" content=\"et_EE\" \/>\n<meta property=\"og:type\" content=\"article\" \/>\n<meta property=\"og:title\" content=\"Happe-aluse tasakaalu uuring (aB-ABB, cB-ABB) - \u00dchendlabor\" \/>\n<meta property=\"og:description\" content=\"Kliinilise keemia ja laboratoorse hematoloogia osakond Anal\u00fc\u00fcsid: pH arteriaalses veres\/kapillaarses veres aB-pH, cB-pH S\u00fcsinikdioksiidi osar\u00f5hk arteriaalses veres\/kapillaarses veres aB-pCO2, cB-pCO2 Vesinikkarbonaat arteriaalses veres\/kapillaarses veres\/plasmas aB-HCO3, cB-HCO3, P-HCO3 Aluste liig arteriaalses veres\/kapillaarses veres aB-BE, cB-BE Organismis s\u00e4ilitatakse vere pH erinevate f\u00fcsioloogiliste mehhanismide varal k\u00fcllaltki kitsas vahemikus. Nendeks mehhanismideks on hingamisfunktsioon, vere puhvers\u00fcsteem ja neerude eritusv\u00f5ime. Vere [&hellip;]\" \/>\n<meta property=\"og:url\" content=\"https:\/\/www.kliinikum.ee\/yhendlabor\/kasiraamat\/happe-aluse-tasakaalu-uuringud\/happe-aluse-tasakaalu-uuring-ab-abb-cb-abb\/\" \/>\n<meta property=\"og:site_name\" content=\"\u00dchendlabor\" \/>\n<meta property=\"article:modified_time\" content=\"2025-11-19T23:26:17+00:00\" \/>\n<meta name=\"twitter:card\" content=\"summary_large_image\" \/>\n<meta name=\"twitter:label1\" content=\"Est. reading time\" \/>\n\t<meta name=\"twitter:data1\" content=\"4 minutit\" \/>\n<script type=\"application\/ld+json\" class=\"yoast-schema-graph\">{\"@context\":\"https:\\\/\\\/schema.org\",\"@graph\":[{\"@type\":\"WebPage\",\"@id\":\"https:\\\/\\\/www.kliinikum.ee\\\/yhendlabor\\\/kasiraamat\\\/happe-aluse-tasakaalu-uuringud\\\/happe-aluse-tasakaalu-uuring-ab-abb-cb-abb\\\/\",\"url\":\"https:\\\/\\\/www.kliinikum.ee\\\/yhendlabor\\\/kasiraamat\\\/happe-aluse-tasakaalu-uuringud\\\/happe-aluse-tasakaalu-uuring-ab-abb-cb-abb\\\/\",\"name\":\"Happe-aluse tasakaalu uuring (aB-ABB, cB-ABB) - \u00dchendlabor\",\"isPartOf\":{\"@id\":\"https:\\\/\\\/www.kliinikum.ee\\\/yhendlabor\\\/#website\"},\"datePublished\":\"2025-06-23T09:53:50+00:00\",\"dateModified\":\"2025-11-19T23:26:17+00:00\",\"breadcrumb\":{\"@id\":\"https:\\\/\\\/www.kliinikum.ee\\\/yhendlabor\\\/kasiraamat\\\/happe-aluse-tasakaalu-uuringud\\\/happe-aluse-tasakaalu-uuring-ab-abb-cb-abb\\\/#breadcrumb\"},\"inLanguage\":\"et\",\"potentialAction\":[{\"@type\":\"ReadAction\",\"target\":[\"https:\\\/\\\/www.kliinikum.ee\\\/yhendlabor\\\/kasiraamat\\\/happe-aluse-tasakaalu-uuringud\\\/happe-aluse-tasakaalu-uuring-ab-abb-cb-abb\\\/\"]}]},{\"@type\":\"BreadcrumbList\",\"@id\":\"https:\\\/\\\/www.kliinikum.ee\\\/yhendlabor\\\/kasiraamat\\\/happe-aluse-tasakaalu-uuringud\\\/happe-aluse-tasakaalu-uuring-ab-abb-cb-abb\\\/#breadcrumb\",\"itemListElement\":[{\"@type\":\"ListItem\",\"position\":1,\"name\":\"Home\",\"item\":\"https:\\\/\\\/www.kliinikum.ee\\\/yhendlabor\\\/\"},{\"@type\":\"ListItem\",\"position\":2,\"name\":\"K\u00e4siraamat\",\"item\":\"https:\\\/\\\/www.kliinikum.ee\\\/yhendlabor\\\/kasiraamat\\\/\"},{\"@type\":\"ListItem\",\"position\":3,\"name\":\"Happe-aluse tasakaalu uuringud\",\"item\":\"https:\\\/\\\/www.kliinikum.ee\\\/yhendlabor\\\/kasiraamat\\\/happe-aluse-tasakaalu-uuringud\\\/\"},{\"@type\":\"ListItem\",\"position\":4,\"name\":\"Happe-aluse tasakaalu uuring (aB-ABB, cB-ABB)\"}]},{\"@type\":\"WebSite\",\"@id\":\"https:\\\/\\\/www.kliinikum.ee\\\/yhendlabor\\\/#website\",\"url\":\"https:\\\/\\\/www.kliinikum.ee\\\/yhendlabor\\\/\",\"name\":\"\u00dchendlabor\",\"description\":\"Hoolivus, Uuendusmeelsus, P\u00e4devus ja Usaldusv\u00e4\u00e4rsus\",\"potentialAction\":[{\"@type\":\"SearchAction\",\"target\":{\"@type\":\"EntryPoint\",\"urlTemplate\":\"https:\\\/\\\/www.kliinikum.ee\\\/yhendlabor\\\/?s={search_term_string}\"},\"query-input\":{\"@type\":\"PropertyValueSpecification\",\"valueRequired\":true,\"valueName\":\"search_term_string\"}}],\"inLanguage\":\"et\"}]}<\/script>\n<!-- \/ Yoast SEO plugin. -->","yoast_head_json":{"title":"Happe-aluse tasakaalu uuring (aB-ABB, cB-ABB) - \u00dchendlabor","robots":{"index":"index","follow":"follow","max-snippet":"max-snippet:-1","max-image-preview":"max-image-preview:large","max-video-preview":"max-video-preview:-1"},"canonical":"https:\/\/www.kliinikum.ee\/yhendlabor\/kasiraamat\/happe-aluse-tasakaalu-uuringud\/happe-aluse-tasakaalu-uuring-ab-abb-cb-abb\/","og_locale":"et_EE","og_type":"article","og_title":"Happe-aluse tasakaalu uuring (aB-ABB, cB-ABB) - \u00dchendlabor","og_description":"Kliinilise keemia ja laboratoorse hematoloogia osakond Anal\u00fc\u00fcsid: pH arteriaalses veres\/kapillaarses veres aB-pH, cB-pH S\u00fcsinikdioksiidi osar\u00f5hk arteriaalses veres\/kapillaarses veres aB-pCO2, cB-pCO2 Vesinikkarbonaat arteriaalses veres\/kapillaarses veres\/plasmas aB-HCO3, cB-HCO3, P-HCO3 Aluste liig arteriaalses veres\/kapillaarses veres aB-BE, cB-BE Organismis s\u00e4ilitatakse vere pH erinevate f\u00fcsioloogiliste mehhanismide varal k\u00fcllaltki kitsas vahemikus. Nendeks mehhanismideks on hingamisfunktsioon, vere puhvers\u00fcsteem ja neerude eritusv\u00f5ime. Vere [&hellip;]","og_url":"https:\/\/www.kliinikum.ee\/yhendlabor\/kasiraamat\/happe-aluse-tasakaalu-uuringud\/happe-aluse-tasakaalu-uuring-ab-abb-cb-abb\/","og_site_name":"\u00dchendlabor","article_modified_time":"2025-11-19T23:26:17+00:00","twitter_card":"summary_large_image","twitter_misc":{"Est. reading time":"4 minutit"},"schema":{"@context":"https:\/\/schema.org","@graph":[{"@type":"WebPage","@id":"https:\/\/www.kliinikum.ee\/yhendlabor\/kasiraamat\/happe-aluse-tasakaalu-uuringud\/happe-aluse-tasakaalu-uuring-ab-abb-cb-abb\/","url":"https:\/\/www.kliinikum.ee\/yhendlabor\/kasiraamat\/happe-aluse-tasakaalu-uuringud\/happe-aluse-tasakaalu-uuring-ab-abb-cb-abb\/","name":"Happe-aluse tasakaalu uuring (aB-ABB, cB-ABB) - \u00dchendlabor","isPartOf":{"@id":"https:\/\/www.kliinikum.ee\/yhendlabor\/#website"},"datePublished":"2025-06-23T09:53:50+00:00","dateModified":"2025-11-19T23:26:17+00:00","breadcrumb":{"@id":"https:\/\/www.kliinikum.ee\/yhendlabor\/kasiraamat\/happe-aluse-tasakaalu-uuringud\/happe-aluse-tasakaalu-uuring-ab-abb-cb-abb\/#breadcrumb"},"inLanguage":"et","potentialAction":[{"@type":"ReadAction","target":["https:\/\/www.kliinikum.ee\/yhendlabor\/kasiraamat\/happe-aluse-tasakaalu-uuringud\/happe-aluse-tasakaalu-uuring-ab-abb-cb-abb\/"]}]},{"@type":"BreadcrumbList","@id":"https:\/\/www.kliinikum.ee\/yhendlabor\/kasiraamat\/happe-aluse-tasakaalu-uuringud\/happe-aluse-tasakaalu-uuring-ab-abb-cb-abb\/#breadcrumb","itemListElement":[{"@type":"ListItem","position":1,"name":"Home","item":"https:\/\/www.kliinikum.ee\/yhendlabor\/"},{"@type":"ListItem","position":2,"name":"K\u00e4siraamat","item":"https:\/\/www.kliinikum.ee\/yhendlabor\/kasiraamat\/"},{"@type":"ListItem","position":3,"name":"Happe-aluse tasakaalu uuringud","item":"https:\/\/www.kliinikum.ee\/yhendlabor\/kasiraamat\/happe-aluse-tasakaalu-uuringud\/"},{"@type":"ListItem","position":4,"name":"Happe-aluse tasakaalu uuring (aB-ABB, cB-ABB)"}]},{"@type":"WebSite","@id":"https:\/\/www.kliinikum.ee\/yhendlabor\/#website","url":"https:\/\/www.kliinikum.ee\/yhendlabor\/","name":"\u00dchendlabor","description":"Hoolivus, Uuendusmeelsus, P\u00e4devus ja Usaldusv\u00e4\u00e4rsus","potentialAction":[{"@type":"SearchAction","target":{"@type":"EntryPoint","urlTemplate":"https:\/\/www.kliinikum.ee\/yhendlabor\/?s={search_term_string}"},"query-input":{"@type":"PropertyValueSpecification","valueRequired":true,"valueName":"search_term_string"}}],"inLanguage":"et"}]}},"uagb_featured_image_src":{"full":false,"thumbnail":false,"medium":false,"medium_large":false,"large":false,"1536x1536":false,"2048x2048":false},"uagb_author_info":{"display_name":"Kadi Siigur","author_link":"https:\/\/www.kliinikum.ee\/yhendlabor\/author\/kadisi\/"},"uagb_comment_info":0,"uagb_excerpt":"Kliinilise keemia ja laboratoorse hematoloogia osakond Anal\u00fc\u00fcsid: pH arteriaalses veres\/kapillaarses veres aB-pH, cB-pH S\u00fcsinikdioksiidi osar\u00f5hk arteriaalses veres\/kapillaarses veres aB-pCO2, cB-pCO2 Vesinikkarbonaat arteriaalses veres\/kapillaarses veres\/plasmas aB-HCO3, cB-HCO3, P-HCO3 Aluste liig arteriaalses veres\/kapillaarses veres aB-BE, cB-BE Organismis s\u00e4ilitatakse vere pH erinevate f\u00fcsioloogiliste mehhanismide varal k\u00fcllaltki kitsas vahemikus. Nendeks mehhanismideks on hingamisfunktsioon, vere puhvers\u00fcsteem ja neerude eritusv\u00f5ime. Vere&hellip;","_links":{"self":[{"href":"https:\/\/www.kliinikum.ee\/yhendlabor\/wp-json\/wp\/v2\/pages\/11886","targetHints":{"allow":["GET"]}}],"collection":[{"href":"https:\/\/www.kliinikum.ee\/yhendlabor\/wp-json\/wp\/v2\/pages"}],"about":[{"href":"https:\/\/www.kliinikum.ee\/yhendlabor\/wp-json\/wp\/v2\/types\/page"}],"author":[{"embeddable":true,"href":"https:\/\/www.kliinikum.ee\/yhendlabor\/wp-json\/wp\/v2\/users\/38"}],"replies":[{"embeddable":true,"href":"https:\/\/www.kliinikum.ee\/yhendlabor\/wp-json\/wp\/v2\/comments?post=11886"}],"version-history":[{"count":0,"href":"https:\/\/www.kliinikum.ee\/yhendlabor\/wp-json\/wp\/v2\/pages\/11886\/revisions"}],"up":[{"embeddable":true,"href":"https:\/\/www.kliinikum.ee\/yhendlabor\/wp-json\/wp\/v2\/pages\/7262"}],"wp:attachment":[{"href":"https:\/\/www.kliinikum.ee\/yhendlabor\/wp-json\/wp\/v2\/media?parent=11886"}],"curies":[{"name":"wp","href":"https:\/\/api.w.org\/{rel}","templated":true}]}}