{"id":11909,"date":"2025-06-23T12:38:28","date_gmt":"2025-06-23T10:38:28","guid":{"rendered":"https:\/\/www.kliinikum.ee\/yhendlabor\/?page_id=11909"},"modified":"2025-11-20T01:39:46","modified_gmt":"2025-11-19T23:39:46","slug":"erutrotsuutide-settekiirus-b-esr","status":"publish","type":"page","link":"https:\/\/www.kliinikum.ee\/yhendlabor\/kasiraamat\/hematoloogilised-uuringud\/erutrotsuutide-settekiirus-b-esr\/","title":{"rendered":"Er\u00fctrots\u00fc\u00fctide settekiirus (B-ESR)"},"content":{"rendered":"\n<p><em>Kliinilise keemia ja laboratoorse hematoloogia osakond<\/em><\/p>\n\n\n\n<p><strong>Er\u00fctrots\u00fc\u00fctide settekiirus (ESR)<\/strong> on mittespetsiifiline test, mida kasutatakse p\u00f5letiku olemasolu ja ulatuse hindamiseks organismis. ESR s\u00f5ltub plasma valkude kontsentratsioonist ja er\u00fctrots\u00fc\u00fctide omadustest. ESR kiiruse m\u00e4\u00e4rab p\u00f5hiliselt suure molekulkaaluga \u00e4geda faasi valkude kontsentrat\u00adsioon veres: fibrinogeen, \u03b1<sub>2<\/sub>-makroglobuliin, immuunglobuliinid, p\u00f6\u00f6rdv\u00f5rdeliselt albumiin.<strong> <\/strong>\u00a0Tulemuse hindamiseks m\u00f5\u00f5detakse er\u00fctrots\u00fc\u00fctidevaba plasmaosa k\u00f5rgust, mis on tekkinud \u00fche tunni jooksul vertikaalselt seisnud katsutist. Laboris on kasutusel modifitseeritud meetod, mis annab tulemuse 20 minuti jooksul.<\/p>\n\n\n\n<p class=\"has-medium-font-size\"><strong>&nbsp;Uuritav materjal, selle v\u00f5tmine, saatmine ja s\u00e4ilitamine<\/strong><\/p>\n\n\n\n<figure class=\"wp-block-table is-style-stripes\"><table width=\"100%\"><tbody><tr><td width=\"1%\"><\/td><td width=\"15%\"><strong>Katsuti<\/strong><\/td><td width=\"84%\">Veeniveri: K2E\/K3E-katsuti (lilla kork)<\/td><\/tr><tr><td><\/td><td><strong>S\u00e4ilivus<\/strong><\/td><td>Veri toatemperatuuril neli tundi, 2-8 \u00b0C 24 tundi<\/td><\/tr><\/tbody><\/table><\/figure>\n\n\n\n<p class=\"has-medium-font-size\"><strong>Anal\u00fc\u00fcsi tegemise aeg:<\/strong> \u00f6\u00f6p\u00e4evaringselt<\/p>\n\n\n\n<p class=\"has-medium-font-size\"><strong>Anal\u00fc\u00fcsimeetod:<\/strong> modifitseeritud Westergreni meetod anal\u00fcsaatoril<\/p>\n\n\n\n<p class=\"has-medium-font-size\"><strong>Referentsv\u00e4\u00e4rtused<\/strong><\/p>\n\n\n\n<figure class=\"wp-block-table\"><table width=\"100%\"><tbody><tr><td width=\"1%\"><\/td><td width=\"30%\"><strong>17 a \u2013 &lt; 51 a<\/strong><\/td><td width=\"35%\">M<\/td><td width=\"34%\">&lt; 11 mm\/h<\/td><\/tr><tr><td><\/td><td><\/td><td>N<\/td><td>&lt; 13 mm\/h<\/td><\/tr><tr><td><\/td><td><strong>51 a \u2013 &lt; 61 a<\/strong><\/td><td>M<\/td><td>&lt; 13 mm\/h<\/td><\/tr><tr><td><\/td><td><\/td><td>N<\/td><td>&lt; 20 mm\/h<\/td><\/tr><tr><td><\/td><td><strong>61 a \u2013 &lt; 70 a<\/strong><\/td><td>M<\/td><td>&lt; 15mm\/h<\/td><\/tr><tr><td><\/td><td><\/td><td>N<\/td><td>&lt; 21 mm\/h<\/td><\/tr><tr><td><\/td><td><strong>\u2265 70 a<\/strong><\/td><td>M<\/td><td>&lt; 31 mm\/h<\/td><\/tr><tr><td><\/td><td><\/td><td>N<\/td><td>&lt; 36 mm\/h<\/td><\/tr><\/tbody><\/table><\/figure>\n\n\n\n<p class=\"has-medium-font-size\"><strong>N\u00e4idustus ja kliiniline t\u00e4hendus<\/strong><\/p>\n\n\n\n<p>Krooniliste p\u00f5letikuliste haiguste diagnostika ja haiguskulu j\u00e4lgimine.<\/p>\n\n\n\n<p>Settekiirus on t\u00f5usnud hulgim\u00fceloomi, s\u00fcsteemsete sidekoehaiguste, maliigsete protsesside, m\u00f5nede maksahaiguste ja koekahjustuste (nt m\u00fcokardiinfarkt) puhul. Ka rasedusepuhused muutused plasmavalkudes p\u00f5hjustavad settekiiruse t\u00f5usu.<\/p>\n\n\n\n<p>Er\u00fctrots\u00fc\u00fctide arvu languse puhul on nn raharullide moodustumine kiirem, mille t\u00f5ttu aneemiaga kaasneb enamasti settekiiruse t\u00f5us. Samas on pol\u00fcts\u00fcteemia korral er\u00fctrots\u00fc\u00fctide settekiirus sageli normaalne ka juhul, kui kaasneb p\u00f5letikuline protsess. K\u00fclmaaglutiniinide esinemine v\u00f5ib p\u00f5hjustada er\u00fctrots\u00fc\u00fctide settekiiruse v\u00e4ga olulist t\u00f5usu. Kr\u00fcoglobuliinid\/kr\u00fcofibrinogeen v\u00f5ivad p\u00f5hjustada proovi geelistumise kohe m\u00f5\u00f5tmisaja alguses, mist\u00f5ttu saadakse v\u00e4ga v\u00e4ike er\u00fctrots\u00fc\u00fctide settekiiruse tulemus. Plasmaasendajad t\u00f5stavad er\u00fctrots\u00fc\u00fctide settekiirust.<\/p>\n\n\n\n<p>Koostaja: Piret Mihkelson<br>Muudetud 24.04.2024<\/p>\n","protected":false},"excerpt":{"rendered":"<p>Kliinilise keemia ja laboratoorse hematoloogia osakond Er\u00fctrots\u00fc\u00fctide settekiirus (ESR) on mittespetsiifiline test, mida kasutatakse p\u00f5letiku olemasolu ja ulatuse hindamiseks organismis. ESR s\u00f5ltub plasma valkude kontsentratsioonist ja er\u00fctrots\u00fc\u00fctide omadustest. ESR kiiruse m\u00e4\u00e4rab p\u00f5hiliselt suure molekulkaaluga \u00e4geda faasi valkude kontsentrat\u00adsioon veres: fibrinogeen, \u03b12-makroglobuliin, immuunglobuliinid, p\u00f6\u00f6rdv\u00f5rdeliselt albumiin. \u00a0Tulemuse hindamiseks m\u00f5\u00f5detakse er\u00fctrots\u00fc\u00fctidevaba plasmaosa k\u00f5rgust, mis on tekkinud \u00fche tunni [&hellip;]<\/p>\n","protected":false},"author":38,"featured_media":0,"parent":7265,"menu_order":0,"comment_status":"closed","ping_status":"closed","template":"","meta":{"_uag_custom_page_level_css":"","footnotes":""},"class_list":["post-11909","page","type-page","status-publish","hentry"],"acf":[],"yoast_head":"<!-- This site is optimized with the Yoast SEO plugin v27.3 - https:\/\/yoast.com\/product\/yoast-seo-wordpress\/ -->\n<title>Er\u00fctrots\u00fc\u00fctide settekiirus (B-ESR) - \u00dchendlabor<\/title>\n<meta name=\"robots\" content=\"index, follow, max-snippet:-1, max-image-preview:large, max-video-preview:-1\" \/>\n<link rel=\"canonical\" href=\"https:\/\/www.kliinikum.ee\/yhendlabor\/kasiraamat\/hematoloogilised-uuringud\/erutrotsuutide-settekiirus-b-esr\/\" \/>\n<meta property=\"og:locale\" content=\"et_EE\" \/>\n<meta property=\"og:type\" content=\"article\" \/>\n<meta property=\"og:title\" content=\"Er\u00fctrots\u00fc\u00fctide settekiirus (B-ESR) - \u00dchendlabor\" \/>\n<meta property=\"og:description\" content=\"Kliinilise keemia ja laboratoorse hematoloogia osakond Er\u00fctrots\u00fc\u00fctide settekiirus (ESR) on mittespetsiifiline test, mida kasutatakse p\u00f5letiku olemasolu ja ulatuse hindamiseks organismis. ESR s\u00f5ltub plasma valkude kontsentratsioonist ja er\u00fctrots\u00fc\u00fctide omadustest. ESR kiiruse m\u00e4\u00e4rab p\u00f5hiliselt suure molekulkaaluga \u00e4geda faasi valkude kontsentrat\u00adsioon veres: fibrinogeen, \u03b12-makroglobuliin, immuunglobuliinid, p\u00f6\u00f6rdv\u00f5rdeliselt albumiin. \u00a0Tulemuse hindamiseks m\u00f5\u00f5detakse er\u00fctrots\u00fc\u00fctidevaba plasmaosa k\u00f5rgust, mis on tekkinud \u00fche tunni [&hellip;]\" \/>\n<meta property=\"og:url\" content=\"https:\/\/www.kliinikum.ee\/yhendlabor\/kasiraamat\/hematoloogilised-uuringud\/erutrotsuutide-settekiirus-b-esr\/\" \/>\n<meta property=\"og:site_name\" content=\"\u00dchendlabor\" \/>\n<meta property=\"article:modified_time\" content=\"2025-11-19T23:39:46+00:00\" \/>\n<meta name=\"twitter:card\" content=\"summary_large_image\" \/>\n<meta name=\"twitter:label1\" content=\"Est. reading time\" \/>\n\t<meta name=\"twitter:data1\" content=\"2 minutit\" \/>\n<script type=\"application\/ld+json\" class=\"yoast-schema-graph\">{\"@context\":\"https:\\\/\\\/schema.org\",\"@graph\":[{\"@type\":\"WebPage\",\"@id\":\"https:\\\/\\\/www.kliinikum.ee\\\/yhendlabor\\\/kasiraamat\\\/hematoloogilised-uuringud\\\/erutrotsuutide-settekiirus-b-esr\\\/\",\"url\":\"https:\\\/\\\/www.kliinikum.ee\\\/yhendlabor\\\/kasiraamat\\\/hematoloogilised-uuringud\\\/erutrotsuutide-settekiirus-b-esr\\\/\",\"name\":\"Er\u00fctrots\u00fc\u00fctide settekiirus (B-ESR) - \u00dchendlabor\",\"isPartOf\":{\"@id\":\"https:\\\/\\\/www.kliinikum.ee\\\/yhendlabor\\\/#website\"},\"datePublished\":\"2025-06-23T10:38:28+00:00\",\"dateModified\":\"2025-11-19T23:39:46+00:00\",\"breadcrumb\":{\"@id\":\"https:\\\/\\\/www.kliinikum.ee\\\/yhendlabor\\\/kasiraamat\\\/hematoloogilised-uuringud\\\/erutrotsuutide-settekiirus-b-esr\\\/#breadcrumb\"},\"inLanguage\":\"et\",\"potentialAction\":[{\"@type\":\"ReadAction\",\"target\":[\"https:\\\/\\\/www.kliinikum.ee\\\/yhendlabor\\\/kasiraamat\\\/hematoloogilised-uuringud\\\/erutrotsuutide-settekiirus-b-esr\\\/\"]}]},{\"@type\":\"BreadcrumbList\",\"@id\":\"https:\\\/\\\/www.kliinikum.ee\\\/yhendlabor\\\/kasiraamat\\\/hematoloogilised-uuringud\\\/erutrotsuutide-settekiirus-b-esr\\\/#breadcrumb\",\"itemListElement\":[{\"@type\":\"ListItem\",\"position\":1,\"name\":\"Home\",\"item\":\"https:\\\/\\\/www.kliinikum.ee\\\/yhendlabor\\\/\"},{\"@type\":\"ListItem\",\"position\":2,\"name\":\"K\u00e4siraamat\",\"item\":\"https:\\\/\\\/www.kliinikum.ee\\\/yhendlabor\\\/kasiraamat\\\/\"},{\"@type\":\"ListItem\",\"position\":3,\"name\":\"Hematoloogilised uuringud\",\"item\":\"https:\\\/\\\/www.kliinikum.ee\\\/yhendlabor\\\/kasiraamat\\\/hematoloogilised-uuringud\\\/\"},{\"@type\":\"ListItem\",\"position\":4,\"name\":\"Er\u00fctrots\u00fc\u00fctide settekiirus (B-ESR)\"}]},{\"@type\":\"WebSite\",\"@id\":\"https:\\\/\\\/www.kliinikum.ee\\\/yhendlabor\\\/#website\",\"url\":\"https:\\\/\\\/www.kliinikum.ee\\\/yhendlabor\\\/\",\"name\":\"\u00dchendlabor\",\"description\":\"Hoolivus, Uuendusmeelsus, P\u00e4devus ja Usaldusv\u00e4\u00e4rsus\",\"potentialAction\":[{\"@type\":\"SearchAction\",\"target\":{\"@type\":\"EntryPoint\",\"urlTemplate\":\"https:\\\/\\\/www.kliinikum.ee\\\/yhendlabor\\\/?s={search_term_string}\"},\"query-input\":{\"@type\":\"PropertyValueSpecification\",\"valueRequired\":true,\"valueName\":\"search_term_string\"}}],\"inLanguage\":\"et\"}]}<\/script>\n<!-- \/ Yoast SEO plugin. -->","yoast_head_json":{"title":"Er\u00fctrots\u00fc\u00fctide settekiirus (B-ESR) - \u00dchendlabor","robots":{"index":"index","follow":"follow","max-snippet":"max-snippet:-1","max-image-preview":"max-image-preview:large","max-video-preview":"max-video-preview:-1"},"canonical":"https:\/\/www.kliinikum.ee\/yhendlabor\/kasiraamat\/hematoloogilised-uuringud\/erutrotsuutide-settekiirus-b-esr\/","og_locale":"et_EE","og_type":"article","og_title":"Er\u00fctrots\u00fc\u00fctide settekiirus (B-ESR) - \u00dchendlabor","og_description":"Kliinilise keemia ja laboratoorse hematoloogia osakond Er\u00fctrots\u00fc\u00fctide settekiirus (ESR) on mittespetsiifiline test, mida kasutatakse p\u00f5letiku olemasolu ja ulatuse hindamiseks organismis. ESR s\u00f5ltub plasma valkude kontsentratsioonist ja er\u00fctrots\u00fc\u00fctide omadustest. ESR kiiruse m\u00e4\u00e4rab p\u00f5hiliselt suure molekulkaaluga \u00e4geda faasi valkude kontsentrat\u00adsioon veres: fibrinogeen, \u03b12-makroglobuliin, immuunglobuliinid, p\u00f6\u00f6rdv\u00f5rdeliselt albumiin. \u00a0Tulemuse hindamiseks m\u00f5\u00f5detakse er\u00fctrots\u00fc\u00fctidevaba plasmaosa k\u00f5rgust, mis on tekkinud \u00fche tunni [&hellip;]","og_url":"https:\/\/www.kliinikum.ee\/yhendlabor\/kasiraamat\/hematoloogilised-uuringud\/erutrotsuutide-settekiirus-b-esr\/","og_site_name":"\u00dchendlabor","article_modified_time":"2025-11-19T23:39:46+00:00","twitter_card":"summary_large_image","twitter_misc":{"Est. reading time":"2 minutit"},"schema":{"@context":"https:\/\/schema.org","@graph":[{"@type":"WebPage","@id":"https:\/\/www.kliinikum.ee\/yhendlabor\/kasiraamat\/hematoloogilised-uuringud\/erutrotsuutide-settekiirus-b-esr\/","url":"https:\/\/www.kliinikum.ee\/yhendlabor\/kasiraamat\/hematoloogilised-uuringud\/erutrotsuutide-settekiirus-b-esr\/","name":"Er\u00fctrots\u00fc\u00fctide settekiirus (B-ESR) - \u00dchendlabor","isPartOf":{"@id":"https:\/\/www.kliinikum.ee\/yhendlabor\/#website"},"datePublished":"2025-06-23T10:38:28+00:00","dateModified":"2025-11-19T23:39:46+00:00","breadcrumb":{"@id":"https:\/\/www.kliinikum.ee\/yhendlabor\/kasiraamat\/hematoloogilised-uuringud\/erutrotsuutide-settekiirus-b-esr\/#breadcrumb"},"inLanguage":"et","potentialAction":[{"@type":"ReadAction","target":["https:\/\/www.kliinikum.ee\/yhendlabor\/kasiraamat\/hematoloogilised-uuringud\/erutrotsuutide-settekiirus-b-esr\/"]}]},{"@type":"BreadcrumbList","@id":"https:\/\/www.kliinikum.ee\/yhendlabor\/kasiraamat\/hematoloogilised-uuringud\/erutrotsuutide-settekiirus-b-esr\/#breadcrumb","itemListElement":[{"@type":"ListItem","position":1,"name":"Home","item":"https:\/\/www.kliinikum.ee\/yhendlabor\/"},{"@type":"ListItem","position":2,"name":"K\u00e4siraamat","item":"https:\/\/www.kliinikum.ee\/yhendlabor\/kasiraamat\/"},{"@type":"ListItem","position":3,"name":"Hematoloogilised uuringud","item":"https:\/\/www.kliinikum.ee\/yhendlabor\/kasiraamat\/hematoloogilised-uuringud\/"},{"@type":"ListItem","position":4,"name":"Er\u00fctrots\u00fc\u00fctide settekiirus (B-ESR)"}]},{"@type":"WebSite","@id":"https:\/\/www.kliinikum.ee\/yhendlabor\/#website","url":"https:\/\/www.kliinikum.ee\/yhendlabor\/","name":"\u00dchendlabor","description":"Hoolivus, Uuendusmeelsus, P\u00e4devus ja Usaldusv\u00e4\u00e4rsus","potentialAction":[{"@type":"SearchAction","target":{"@type":"EntryPoint","urlTemplate":"https:\/\/www.kliinikum.ee\/yhendlabor\/?s={search_term_string}"},"query-input":{"@type":"PropertyValueSpecification","valueRequired":true,"valueName":"search_term_string"}}],"inLanguage":"et"}]}},"uagb_featured_image_src":{"full":false,"thumbnail":false,"medium":false,"medium_large":false,"large":false,"1536x1536":false,"2048x2048":false},"uagb_author_info":{"display_name":"Kadi Siigur","author_link":"https:\/\/www.kliinikum.ee\/yhendlabor\/author\/kadisi\/"},"uagb_comment_info":0,"uagb_excerpt":"Kliinilise keemia ja laboratoorse hematoloogia osakond Er\u00fctrots\u00fc\u00fctide settekiirus (ESR) on mittespetsiifiline test, mida kasutatakse p\u00f5letiku olemasolu ja ulatuse hindamiseks organismis. ESR s\u00f5ltub plasma valkude kontsentratsioonist ja er\u00fctrots\u00fc\u00fctide omadustest. ESR kiiruse m\u00e4\u00e4rab p\u00f5hiliselt suure molekulkaaluga \u00e4geda faasi valkude kontsentrat\u00adsioon veres: fibrinogeen, \u03b12-makroglobuliin, immuunglobuliinid, p\u00f6\u00f6rdv\u00f5rdeliselt albumiin. \u00a0Tulemuse hindamiseks m\u00f5\u00f5detakse er\u00fctrots\u00fc\u00fctidevaba plasmaosa k\u00f5rgust, mis on tekkinud \u00fche tunni&hellip;","_links":{"self":[{"href":"https:\/\/www.kliinikum.ee\/yhendlabor\/wp-json\/wp\/v2\/pages\/11909","targetHints":{"allow":["GET"]}}],"collection":[{"href":"https:\/\/www.kliinikum.ee\/yhendlabor\/wp-json\/wp\/v2\/pages"}],"about":[{"href":"https:\/\/www.kliinikum.ee\/yhendlabor\/wp-json\/wp\/v2\/types\/page"}],"author":[{"embeddable":true,"href":"https:\/\/www.kliinikum.ee\/yhendlabor\/wp-json\/wp\/v2\/users\/38"}],"replies":[{"embeddable":true,"href":"https:\/\/www.kliinikum.ee\/yhendlabor\/wp-json\/wp\/v2\/comments?post=11909"}],"version-history":[{"count":0,"href":"https:\/\/www.kliinikum.ee\/yhendlabor\/wp-json\/wp\/v2\/pages\/11909\/revisions"}],"up":[{"embeddable":true,"href":"https:\/\/www.kliinikum.ee\/yhendlabor\/wp-json\/wp\/v2\/pages\/7265"}],"wp:attachment":[{"href":"https:\/\/www.kliinikum.ee\/yhendlabor\/wp-json\/wp\/v2\/media?parent=11909"}],"curies":[{"name":"wp","href":"https:\/\/api.w.org\/{rel}","templated":true}]}}