{"id":11959,"date":"2025-07-01T12:07:01","date_gmt":"2025-07-01T10:07:01","guid":{"rendered":"https:\/\/www.kliinikum.ee\/yhendlabor\/?page_id=11959"},"modified":"2025-11-20T01:47:40","modified_gmt":"2025-11-19T23:47:40","slug":"loote-vere-maht-ema-veres-voolutsutomeetria","status":"publish","type":"page","link":"https:\/\/www.kliinikum.ee\/yhendlabor\/kasiraamat\/hematoloogilised-uuringud\/loote-vere-maht-ema-veres-voolutsutomeetria\/","title":{"rendered":"Loote vere maht ema veres (vooluts\u00fctomeetria)"},"content":{"rendered":"\n<p><em>Immuunanal\u00fc\u00fcsi osakond<\/em><\/p>\n\n\n\n<p><strong>Fetomaternaalse hemorraagia (FMH)<\/strong> p\u00f5hjuseks on platsenta rakulise barj\u00e4\u00e4ri h\u00e4irumine, mille t\u00f5ttu loote veri satub ema vereringesse. V\u00e4hesel m\u00e4\u00e4ral esineb FMH k\u00f5ikidel rasedatel. Kolmandal rasedustrimestril on 96%-l rasedatest leitud kuni 1 mL fetomaternaalset hemorraagiat. FMH suurus ei s\u00f5ltu gestatsiooniajast, vaid pigem platsenta kasvust ja asetusest. FMH riski t\u00f5stavad platsenta traumad, invasiivne prenataalne diagnostika, s\u00fcnnitusabiga seotud manipulatsioonid (nt loote v\u00e4line p\u00f6\u00f6re), invasiivsed ravitoimingud lootel.<\/p>\n\n\n\n<p>FMH tagaj\u00e4rjel toimub loote ja ema veregruppide sobimatusel ema alloimmunisatsioon. Emal tekivad loote er\u00fctrots\u00fc\u00fctide suhtes antikehad, mis platsenta l\u00e4bimisel v\u00f5ivad h\u00e4vitada loote er\u00fctrots\u00fc\u00fcdid, p\u00f5hjustades lootel ja vasts\u00fcndinul hemol\u00fc\u00fctilist haigust. K\u00f5ige levinum ja immunogeensem er\u00fctrots\u00fctaarne antigeen on RhD, mis tekitab RhD-negatiivsel emal antikehasid RhD-positiivse loote er\u00fctrots\u00fc\u00fctide vastu. RhD antigeeni poolt esile kutsutud immuunvastus on indiviiditi erinev, s\u00f5ltudes mitmetest faktoritest, n\u00e4iteks loote er\u00fctrots\u00fc\u00fctide immuunogeensusest (homos\u00fcgootidel k\u00f5rgem antigeenide tase kui heteros\u00fcgootidel), fetomaternaalse hemorraagia suurusest, AB0-sobivusest. Seet\u00f5ttu varieerub ka hemol\u00fc\u00fctilise haiguse kliiniline pilt.<\/p>\n\n\n\n<p>FMH vooluts\u00fctomeetriline m\u00e4\u00e4ramine p\u00f5hineb lootele iseloomulikku hemoglobiin F (HbF) sisaldavate er\u00fctrots\u00fc\u00fctide tuvastamisel. HbF asendub t\u00e4iskasvanu HbA-ga umbes kuuendaks elukuuks, v.a m\u00f5ningate hemoglobiini s\u00fcnteesi h\u00e4irete korral. V\u00e4ga v\u00e4ikeses koguses (kuni 0,1%) v\u00f5ib HbF leiduda ka t\u00e4iskasvanueas (F-rakud).<\/p>\n\n\n\n<p class=\"has-medium-font-size\"><strong>Uuritav materjal, selle v\u00f5tmine, saatmine ja s\u00e4ilitamine<\/strong><\/p>\n\n\n\n<figure class=\"wp-block-table is-style-stripes\"><table width=\"100%\"><tbody><tr><td width=\"1%\"><\/td><td width=\"20%\"><strong>Katsuti<\/strong><\/td><td width=\"79%\">K2E\/K3E-katsuti (lilla kork) \u00a0 Materjal koguda 30\u2013120 minuti jooksul p\u00e4rast sensibiliseerumist p\u00f5hjustanud s\u00fcndmust (s.h s\u00fcnnitus). Hiljem kogutud materjali korral ei ole tulemused usaldusv\u00e4\u00e4rsed loote hemoglobiini lagunemise t\u00f5ttu.<\/td><\/tr><tr><td><\/td><td><strong>Anal\u00fc\u00fcsitav kogus<\/strong><\/td><td>3 mL verd<\/td><\/tr><tr><td><\/td><td><strong>S\u00e4ilivus<\/strong><\/td><td>Toatemperatuuril kuni 12 tundi, 4 \u00b0C kuni 72 tundi. Mitte k\u00fclmutada!<\/td><\/tr><\/tbody><\/table><\/figure>\n\n\n\n<p class=\"has-medium-font-size\"><strong>Anal\u00fc\u00fcsi tegemise aeg: <\/strong>t\u00f6\u00f6p\u00e4eviti<\/p>\n\n\n\n<p>Materjali saabumisel laborisse enne k 13.00 vastus samal t\u00f6\u00f6p\u00e4eval, materjali saabumisel p\u00e4rast k 13.00 vastus j\u00e4rgmisel t\u00f6\u00f6p\u00e4eval. Reedel p\u00e4rast k 13.00 saabunud materjalile vastus samal p\u00e4eval.<\/p>\n\n\n\n<p class=\"has-medium-font-size\"><strong>Anal\u00fc\u00fcsimeetod: <\/strong>l\u00e4bivooluts\u00fctomeetria loote hemoglobiini (<em>fetal hemoglobin<\/em>, HbF) ja s\u00fcsiniku anh\u00fcdraasi (<em>carbonic anhydrase<\/em>, CA) vastaste antikehadega. HbF on iseloomulik loote er\u00fctrots\u00fc\u00fctidele ja v\u00e4hestele t\u00e4iskasvanu er\u00fctrots\u00fc\u00fctidele ehk F-rakkudele. CA avaldub t\u00e4iskasvanu ja v\u00e4ga hilises staadiumis loote er\u00fctrots\u00fc\u00fctides.<\/p>\n\n\n\n<p class=\"has-medium-font-size\"><strong>Vastuse vorm: <\/strong>loote vere maht ema veres (mL)<\/p>\n\n\n\n<p>Loote vere mahu arvutamisel l\u00e4htutakse loote normaalsest hematokritist (50%) ja Mollison\u2019i valemist (Mollison, P.L. (1972), BCSH FMH Guidelines 2009), mille kohaselt ema RBC maht on 1800 mL.<\/p>\n\n\n\n<p class=\"has-medium-font-size\"><strong>Referentsv\u00e4\u00e4rtus: <\/strong>&lt;2 mL<\/p>\n\n\n\n<p class=\"has-medium-font-size\"><strong>N\u00e4idustus ja kliiniline t\u00e4hendus<\/strong><\/p>\n\n\n\n<ul class=\"wp-block-list\">\n<li>Anti-D immuunglobuliini doosi m\u00e4\u00e4ramine v\u00f5i korrigeerimine RhD-negatiivse ema ja RhD-positiivse (D, D-n\u00f5rk, D-osaline) lapse korral<br>1 mL RhD-positiivse vere neutraliseerimiseks kulub ~50 U (10 mikrogrammi) anti-D immuunglobuliini. Kliinilises praktikas kasutatakse s\u00fcnnituse j\u00e4rgselt anti-D Ig 1250 U (250 mikrogrammi), millest piisab sensibilisatsiooni \u00e4rahoidmiseks, kui fetomaternaalne hemorraagia on &lt; 25 mL<br><\/li>\n\n\n\n<li>Loote\/vasts\u00fcndinu aneemia diagnostika. Vasts\u00fcndinu verekaotuse hindamiseks jagatakse ema verest tuvastatud loote vere maht (mL) lapse kehakaaluga (kg). Loote verekaotus &gt; 10 mL\/kg on oluline kriteerium kaasas\u00fcndinud aneemia p\u00f5hjuse selgitamisel, massiivseks hemorraagiaks loetakse verekaotust &gt; 20 mL\/kg.<\/li>\n<\/ul>\n\n\n\n<ul class=\"wp-block-list\">\n<li>Prenataalse invasiivse diagnostika, kukkumise, abdominaalse trauma, s\u00fcnnitusabiga seotud manipulatsioonide (nt loote v\u00e4line p\u00f6\u00f6re) jms. k\u00e4igus lootele tekkinud trauma hindamine.<\/li>\n<\/ul>\n\n\n\n<ul class=\"wp-block-list\">\n<li>Fetomaternaalse hemorraagia kahtlus:<ul><li>preeklampsia (enne 34. rasedusn\u00e4dalat);<\/li><\/ul><ul><li>ebaselge rasedusaegne verejooks;<\/li><\/ul><ul><li>verine lootevesi;<\/li><\/ul><ul><li>platsenta irdumine v\u00f5i selle kahtlus;<\/li><\/ul>\n<ul class=\"wp-block-list\">\n<li>loote \u00fcsasisene surm.<\/li>\n<\/ul>\n<\/li>\n<\/ul>\n\n\n\n<p>Ema beetatalasseemia ja sirprakulise aneemia korral v\u00f5ib tulemus olla \u00fclehinnatud v\u00f5i valepositiivne.<\/p>\n\n\n\n<p>Uuring ei sobi hemoglobiini s\u00fcnteesi h\u00e4irete diagnostikaks.<\/p>\n\n\n\n<p class=\"has-text-align-left\">Koostaja: Eva Reinmaa<br>Koostatud 28.12.2021<\/p>\n","protected":false},"excerpt":{"rendered":"<p>Immuunanal\u00fc\u00fcsi osakond Fetomaternaalse hemorraagia (FMH) p\u00f5hjuseks on platsenta rakulise barj\u00e4\u00e4ri h\u00e4irumine, mille t\u00f5ttu loote veri satub ema vereringesse. V\u00e4hesel m\u00e4\u00e4ral esineb FMH k\u00f5ikidel rasedatel. Kolmandal rasedustrimestril on 96%-l rasedatest leitud kuni 1 mL fetomaternaalset hemorraagiat. FMH suurus ei s\u00f5ltu gestatsiooniajast, vaid pigem platsenta kasvust ja asetusest. FMH riski t\u00f5stavad platsenta traumad, invasiivne prenataalne diagnostika, s\u00fcnnitusabiga [&hellip;]<\/p>\n","protected":false},"author":38,"featured_media":0,"parent":7265,"menu_order":3,"comment_status":"closed","ping_status":"closed","template":"","meta":{"_uag_custom_page_level_css":"","footnotes":""},"class_list":["post-11959","page","type-page","status-publish","hentry"],"acf":[],"yoast_head":"<!-- This site is optimized with the Yoast SEO plugin v27.3 - https:\/\/yoast.com\/product\/yoast-seo-wordpress\/ -->\n<title>Loote vere maht ema veres (vooluts\u00fctomeetria) - \u00dchendlabor<\/title>\n<meta name=\"robots\" content=\"index, follow, max-snippet:-1, max-image-preview:large, max-video-preview:-1\" \/>\n<link rel=\"canonical\" href=\"https:\/\/www.kliinikum.ee\/yhendlabor\/kasiraamat\/hematoloogilised-uuringud\/loote-vere-maht-ema-veres-voolutsutomeetria\/\" \/>\n<meta property=\"og:locale\" content=\"et_EE\" \/>\n<meta property=\"og:type\" content=\"article\" \/>\n<meta property=\"og:title\" content=\"Loote vere maht ema veres (vooluts\u00fctomeetria) - \u00dchendlabor\" \/>\n<meta property=\"og:description\" content=\"Immuunanal\u00fc\u00fcsi osakond Fetomaternaalse hemorraagia (FMH) p\u00f5hjuseks on platsenta rakulise barj\u00e4\u00e4ri h\u00e4irumine, mille t\u00f5ttu loote veri satub ema vereringesse. V\u00e4hesel m\u00e4\u00e4ral esineb FMH k\u00f5ikidel rasedatel. Kolmandal rasedustrimestril on 96%-l rasedatest leitud kuni 1 mL fetomaternaalset hemorraagiat. FMH suurus ei s\u00f5ltu gestatsiooniajast, vaid pigem platsenta kasvust ja asetusest. FMH riski t\u00f5stavad platsenta traumad, invasiivne prenataalne diagnostika, s\u00fcnnitusabiga [&hellip;]\" \/>\n<meta property=\"og:url\" content=\"https:\/\/www.kliinikum.ee\/yhendlabor\/kasiraamat\/hematoloogilised-uuringud\/loote-vere-maht-ema-veres-voolutsutomeetria\/\" \/>\n<meta property=\"og:site_name\" content=\"\u00dchendlabor\" \/>\n<meta property=\"article:modified_time\" content=\"2025-11-19T23:47:40+00:00\" \/>\n<meta name=\"twitter:card\" content=\"summary_large_image\" \/>\n<meta name=\"twitter:label1\" content=\"Est. reading time\" \/>\n\t<meta name=\"twitter:data1\" content=\"3 minutit\" \/>\n<script type=\"application\/ld+json\" class=\"yoast-schema-graph\">{\"@context\":\"https:\\\/\\\/schema.org\",\"@graph\":[{\"@type\":\"WebPage\",\"@id\":\"https:\\\/\\\/www.kliinikum.ee\\\/yhendlabor\\\/kasiraamat\\\/hematoloogilised-uuringud\\\/loote-vere-maht-ema-veres-voolutsutomeetria\\\/\",\"url\":\"https:\\\/\\\/www.kliinikum.ee\\\/yhendlabor\\\/kasiraamat\\\/hematoloogilised-uuringud\\\/loote-vere-maht-ema-veres-voolutsutomeetria\\\/\",\"name\":\"Loote vere maht ema veres (vooluts\u00fctomeetria) - \u00dchendlabor\",\"isPartOf\":{\"@id\":\"https:\\\/\\\/www.kliinikum.ee\\\/yhendlabor\\\/#website\"},\"datePublished\":\"2025-07-01T10:07:01+00:00\",\"dateModified\":\"2025-11-19T23:47:40+00:00\",\"breadcrumb\":{\"@id\":\"https:\\\/\\\/www.kliinikum.ee\\\/yhendlabor\\\/kasiraamat\\\/hematoloogilised-uuringud\\\/loote-vere-maht-ema-veres-voolutsutomeetria\\\/#breadcrumb\"},\"inLanguage\":\"et\",\"potentialAction\":[{\"@type\":\"ReadAction\",\"target\":[\"https:\\\/\\\/www.kliinikum.ee\\\/yhendlabor\\\/kasiraamat\\\/hematoloogilised-uuringud\\\/loote-vere-maht-ema-veres-voolutsutomeetria\\\/\"]}]},{\"@type\":\"BreadcrumbList\",\"@id\":\"https:\\\/\\\/www.kliinikum.ee\\\/yhendlabor\\\/kasiraamat\\\/hematoloogilised-uuringud\\\/loote-vere-maht-ema-veres-voolutsutomeetria\\\/#breadcrumb\",\"itemListElement\":[{\"@type\":\"ListItem\",\"position\":1,\"name\":\"Home\",\"item\":\"https:\\\/\\\/www.kliinikum.ee\\\/yhendlabor\\\/\"},{\"@type\":\"ListItem\",\"position\":2,\"name\":\"K\u00e4siraamat\",\"item\":\"https:\\\/\\\/www.kliinikum.ee\\\/yhendlabor\\\/kasiraamat\\\/\"},{\"@type\":\"ListItem\",\"position\":3,\"name\":\"Hematoloogilised uuringud\",\"item\":\"https:\\\/\\\/www.kliinikum.ee\\\/yhendlabor\\\/kasiraamat\\\/hematoloogilised-uuringud\\\/\"},{\"@type\":\"ListItem\",\"position\":4,\"name\":\"Loote vere maht ema veres (vooluts\u00fctomeetria)\"}]},{\"@type\":\"WebSite\",\"@id\":\"https:\\\/\\\/www.kliinikum.ee\\\/yhendlabor\\\/#website\",\"url\":\"https:\\\/\\\/www.kliinikum.ee\\\/yhendlabor\\\/\",\"name\":\"\u00dchendlabor\",\"description\":\"Hoolivus, Uuendusmeelsus, P\u00e4devus ja Usaldusv\u00e4\u00e4rsus\",\"potentialAction\":[{\"@type\":\"SearchAction\",\"target\":{\"@type\":\"EntryPoint\",\"urlTemplate\":\"https:\\\/\\\/www.kliinikum.ee\\\/yhendlabor\\\/?s={search_term_string}\"},\"query-input\":{\"@type\":\"PropertyValueSpecification\",\"valueRequired\":true,\"valueName\":\"search_term_string\"}}],\"inLanguage\":\"et\"}]}<\/script>\n<!-- \/ Yoast SEO plugin. -->","yoast_head_json":{"title":"Loote vere maht ema veres (vooluts\u00fctomeetria) - \u00dchendlabor","robots":{"index":"index","follow":"follow","max-snippet":"max-snippet:-1","max-image-preview":"max-image-preview:large","max-video-preview":"max-video-preview:-1"},"canonical":"https:\/\/www.kliinikum.ee\/yhendlabor\/kasiraamat\/hematoloogilised-uuringud\/loote-vere-maht-ema-veres-voolutsutomeetria\/","og_locale":"et_EE","og_type":"article","og_title":"Loote vere maht ema veres (vooluts\u00fctomeetria) - \u00dchendlabor","og_description":"Immuunanal\u00fc\u00fcsi osakond Fetomaternaalse hemorraagia (FMH) p\u00f5hjuseks on platsenta rakulise barj\u00e4\u00e4ri h\u00e4irumine, mille t\u00f5ttu loote veri satub ema vereringesse. V\u00e4hesel m\u00e4\u00e4ral esineb FMH k\u00f5ikidel rasedatel. Kolmandal rasedustrimestril on 96%-l rasedatest leitud kuni 1 mL fetomaternaalset hemorraagiat. FMH suurus ei s\u00f5ltu gestatsiooniajast, vaid pigem platsenta kasvust ja asetusest. FMH riski t\u00f5stavad platsenta traumad, invasiivne prenataalne diagnostika, s\u00fcnnitusabiga [&hellip;]","og_url":"https:\/\/www.kliinikum.ee\/yhendlabor\/kasiraamat\/hematoloogilised-uuringud\/loote-vere-maht-ema-veres-voolutsutomeetria\/","og_site_name":"\u00dchendlabor","article_modified_time":"2025-11-19T23:47:40+00:00","twitter_card":"summary_large_image","twitter_misc":{"Est. reading time":"3 minutit"},"schema":{"@context":"https:\/\/schema.org","@graph":[{"@type":"WebPage","@id":"https:\/\/www.kliinikum.ee\/yhendlabor\/kasiraamat\/hematoloogilised-uuringud\/loote-vere-maht-ema-veres-voolutsutomeetria\/","url":"https:\/\/www.kliinikum.ee\/yhendlabor\/kasiraamat\/hematoloogilised-uuringud\/loote-vere-maht-ema-veres-voolutsutomeetria\/","name":"Loote vere maht ema veres (vooluts\u00fctomeetria) - \u00dchendlabor","isPartOf":{"@id":"https:\/\/www.kliinikum.ee\/yhendlabor\/#website"},"datePublished":"2025-07-01T10:07:01+00:00","dateModified":"2025-11-19T23:47:40+00:00","breadcrumb":{"@id":"https:\/\/www.kliinikum.ee\/yhendlabor\/kasiraamat\/hematoloogilised-uuringud\/loote-vere-maht-ema-veres-voolutsutomeetria\/#breadcrumb"},"inLanguage":"et","potentialAction":[{"@type":"ReadAction","target":["https:\/\/www.kliinikum.ee\/yhendlabor\/kasiraamat\/hematoloogilised-uuringud\/loote-vere-maht-ema-veres-voolutsutomeetria\/"]}]},{"@type":"BreadcrumbList","@id":"https:\/\/www.kliinikum.ee\/yhendlabor\/kasiraamat\/hematoloogilised-uuringud\/loote-vere-maht-ema-veres-voolutsutomeetria\/#breadcrumb","itemListElement":[{"@type":"ListItem","position":1,"name":"Home","item":"https:\/\/www.kliinikum.ee\/yhendlabor\/"},{"@type":"ListItem","position":2,"name":"K\u00e4siraamat","item":"https:\/\/www.kliinikum.ee\/yhendlabor\/kasiraamat\/"},{"@type":"ListItem","position":3,"name":"Hematoloogilised uuringud","item":"https:\/\/www.kliinikum.ee\/yhendlabor\/kasiraamat\/hematoloogilised-uuringud\/"},{"@type":"ListItem","position":4,"name":"Loote vere maht ema veres (vooluts\u00fctomeetria)"}]},{"@type":"WebSite","@id":"https:\/\/www.kliinikum.ee\/yhendlabor\/#website","url":"https:\/\/www.kliinikum.ee\/yhendlabor\/","name":"\u00dchendlabor","description":"Hoolivus, Uuendusmeelsus, P\u00e4devus ja Usaldusv\u00e4\u00e4rsus","potentialAction":[{"@type":"SearchAction","target":{"@type":"EntryPoint","urlTemplate":"https:\/\/www.kliinikum.ee\/yhendlabor\/?s={search_term_string}"},"query-input":{"@type":"PropertyValueSpecification","valueRequired":true,"valueName":"search_term_string"}}],"inLanguage":"et"}]}},"uagb_featured_image_src":{"full":false,"thumbnail":false,"medium":false,"medium_large":false,"large":false,"1536x1536":false,"2048x2048":false},"uagb_author_info":{"display_name":"Kadi Siigur","author_link":"https:\/\/www.kliinikum.ee\/yhendlabor\/author\/kadisi\/"},"uagb_comment_info":0,"uagb_excerpt":"Immuunanal\u00fc\u00fcsi osakond Fetomaternaalse hemorraagia (FMH) p\u00f5hjuseks on platsenta rakulise barj\u00e4\u00e4ri h\u00e4irumine, mille t\u00f5ttu loote veri satub ema vereringesse. V\u00e4hesel m\u00e4\u00e4ral esineb FMH k\u00f5ikidel rasedatel. Kolmandal rasedustrimestril on 96%-l rasedatest leitud kuni 1 mL fetomaternaalset hemorraagiat. FMH suurus ei s\u00f5ltu gestatsiooniajast, vaid pigem platsenta kasvust ja asetusest. FMH riski t\u00f5stavad platsenta traumad, invasiivne prenataalne diagnostika, s\u00fcnnitusabiga&hellip;","_links":{"self":[{"href":"https:\/\/www.kliinikum.ee\/yhendlabor\/wp-json\/wp\/v2\/pages\/11959","targetHints":{"allow":["GET"]}}],"collection":[{"href":"https:\/\/www.kliinikum.ee\/yhendlabor\/wp-json\/wp\/v2\/pages"}],"about":[{"href":"https:\/\/www.kliinikum.ee\/yhendlabor\/wp-json\/wp\/v2\/types\/page"}],"author":[{"embeddable":true,"href":"https:\/\/www.kliinikum.ee\/yhendlabor\/wp-json\/wp\/v2\/users\/38"}],"replies":[{"embeddable":true,"href":"https:\/\/www.kliinikum.ee\/yhendlabor\/wp-json\/wp\/v2\/comments?post=11959"}],"version-history":[{"count":0,"href":"https:\/\/www.kliinikum.ee\/yhendlabor\/wp-json\/wp\/v2\/pages\/11959\/revisions"}],"up":[{"embeddable":true,"href":"https:\/\/www.kliinikum.ee\/yhendlabor\/wp-json\/wp\/v2\/pages\/7265"}],"wp:attachment":[{"href":"https:\/\/www.kliinikum.ee\/yhendlabor\/wp-json\/wp\/v2\/media?parent=11959"}],"curies":[{"name":"wp","href":"https:\/\/api.w.org\/{rel}","templated":true}]}}