{"id":11982,"date":"2025-07-01T13:15:16","date_gmt":"2025-07-01T11:15:16","guid":{"rendered":"https:\/\/www.kliinikum.ee\/yhendlabor\/?page_id=11982"},"modified":"2025-11-26T18:09:30","modified_gmt":"2025-11-26T16:09:30","slug":"ristsobivustest-b-s-xm","status":"publish","type":"page","link":"https:\/\/www.kliinikum.ee\/yhendlabor\/kasiraamat\/hla-ja-koesobivusuuringud\/ristsobivustest-b-s-xm\/","title":{"rendered":"Ristsobivustest (B-S-Xm)"},"content":{"rendered":"\n<p><em>Immuunanal\u00fc\u00fcsi osakond<\/em><\/p>\n\n\n\n<p class=\"has-medium-font-size\"><strong>Anal\u00fc\u00fcsid:<\/strong><\/p>\n\n\n\n<figure class=\"wp-block-table is-style-stripes\"><table width=\"100%\"><tbody><tr><td width=\"1%\"><\/td><td width=\"99%\">Autoloogne ristsobivustest (CDC)<\/td><\/tr><tr><td><\/td><td>Ristsobivustest (T\/B CDC; DTT-\/+)<\/td><\/tr><tr><td><\/td><td>Andmestikup\u00f5hine ristsobivustest<\/td><\/tr><\/tbody><\/table><\/figure>\n\n\n\n<p>L\u00fcmfots\u00fctotoksilisel meetodil teostatud <strong>ristsobivustest <\/strong>v\u00f5imaldab elundisiirdamise eel tuvastada retsipiendi veres esinevaid doonori HLA antigeenide vastu suunatud ts\u00fctotoksilisi antikehi. Doonorspetsiifiliste antikehade esinemine on elundisiirdamisel \u00fcli\u00e4geda ja \u00e4geda \u00e4rat\u00f5ukereaktsiooni oluliseks riskifaktoriks. Allogeense ristsobivustesti teostamiseks kasutatakse retsipiendi seerumit ning m\u00e4rklaudrakkudena doonori perifeersest verest eraldatud T- ja B-l\u00fcmfots\u00fc\u00fcte. Teatud juhtudel kasutatakse m\u00e4rklaudrakkudena ka doonori p\u00f5rnast eraldatud T- ja B-l\u00fcmfots\u00fc\u00fcte.<\/p>\n\n\n\n<p>Autoloogne ristsobivustest teostatakse k\u00f5igil elundisiirdamise ootelehel olevatel patsientidel, tuvastamaks v\u00f5imalike autoantikehade esinemist, mis v\u00f5ivad anda allogeensel ristsobivustestil valepositiivse tulemuse. Autoloogne ristsobivustest teostatakse \u00fche ja sama isiku seerumi ja perifeerse vere l\u00fcmfots\u00fc\u00fctidega.<\/p>\n\n\n\n<p>Andmestikup\u00f5hine ristsobivustest on vahetult siirdamise eel teostatav virtuaalne koesobivusanal\u00fc\u00fcs, mille eesm\u00e4rk on tuvastada retsipiendi veres olevad doonori HLA antigeenide vastased antikehad.<\/p>\n\n\n\n<p class=\"has-medium-font-size\"><strong>Uuritav materjal, selle v\u00f5tmine, saatmine ja s\u00e4ilitamine<\/strong><\/p>\n\n\n\n<p>Retsipientide seerumid on olemas labori seerumpangas, s\u00e4ilivus k\u00fclmutatuna kolm kuud.<\/p>\n\n\n\n<p><em>Surnud doonor:<\/em><\/p>\n\n\n\n<figure class=\"wp-block-table is-style-stripes\"><table width=\"100%\"><tbody><tr><td width=\"1%\"><\/td><td width=\"20%\"><strong>Katsuti<\/strong><\/td><td width=\"79%\">Veri: ACD-katsuti (helekollane kork) &nbsp;<\/td><\/tr><tr><td><\/td><td><strong>Anal\u00fc\u00fcsitav kogus<\/strong><\/td><td>Veri: kogus t\u00e4psustada laborist (s\u00f5ltub potentsiaalsete retsipientide arvust) <br>P\u00f5rn: 3x3 cm\u00b3 t\u00fckk<\/td><\/tr><tr><td><\/td><td><strong>S\u00e4ilivus<\/strong><\/td><td>Veri: toatemperatuuril maksimaalselt 8\u201312 tundi, erandjuhtudel <br>Scandiatransplant\u2019i doonori korral kuni 24 tundi <br>P\u00f5rn: +4 \u00b0C maksimaalselt 24 tundi<\/td><\/tr><\/tbody><\/table><\/figure>\n\n\n\n<p><em>Elusdoonor:<\/em><\/p>\n\n\n\n<figure class=\"wp-block-table is-style-stripes\"><table width=\"100%\"><tbody><tr><td width=\"1%\"><\/td><td width=\"20%\"><strong>Katsuti<\/strong><\/td><td width=\"79%\">ACD-katsuti (helekollane kork)<\/td><\/tr><tr><td><\/td><td><strong>Anal\u00fc\u00fcsitav kogus<\/strong><\/td><td>2 x 8,5 mL verd<\/td><\/tr><tr><td><\/td><td><strong>S\u00e4ilivus<\/strong><\/td><td>Veri toatemperatuuril maksimaalselt 48 tundi<\/td><\/tr><\/tbody><\/table><\/figure>\n\n\n\n<p><em>Retsipient (autoloogseks ristsobivustestiks):<\/em><\/p>\n\n\n\n<figure class=\"wp-block-table is-style-stripes\"><table width=\"100%\"><tbody><tr><td width=\"1%\"><\/td><td width=\"20%\"><strong>Katsuti<\/strong><\/td><td width=\"79%\">ACD-katsuti (helekollane kork)<\/td><\/tr><tr><td><\/td><td><strong>Anal\u00fc\u00fcsitav kogus<\/strong><\/td><td>8,5 mL verd<\/td><\/tr><tr><td><\/td><td><strong>S\u00e4ilivus<\/strong><\/td><td>Veri toatemperatuuril maksimaalselt 36 tundi<\/td><\/tr><\/tbody><\/table><\/figure>\n\n\n\n<p class=\"has-medium-font-size\"><strong>Anal\u00fc\u00fcsi tegemise aeg<\/strong><\/p>\n\n\n\n<p>Allogeenne ristsobivustest elusdoonoriga ning autoloogne ristsobivustest organsiirdamise ootelehel olevale patsiendile: t\u00f6\u00f6p\u00e4eviti.<\/p>\n\n\n\n<p>Allogeenne ristsobivustest surnud doonoriga: \u00f6\u00f6p\u00e4evaringselt, anal\u00fc\u00fcs teostatakse vahetult enne siirdamist v\u00e4ljakutsega, tel. 5331 9324<\/p>\n\n\n\n<p>Esmalt teostatakse k\u00f5ikide doonor-retsipiendi paaride puhul andmestikup\u00f5hine ristsobivustest.<\/p>\n\n\n\n<p class=\"has-medium-font-size\"><strong>Anal\u00fc\u00fcsimeetod<\/strong><\/p>\n\n\n\n<p>Komplemendist s\u00f5ltuv l\u00fcmfots\u00fctotoksiline meetod (CDC)<\/p>\n\n\n\n<p>Virtuaalne ristsobivustest seisneb doonorspetsiifiliste antikehade otsingus Fusion programmi abil (programm, mida kasutatakse xMAP tehnoloogias saadud tulemuste interpreteerimiseks).<\/p>\n\n\n\n<p class=\"has-medium-font-size\"><strong>Vastuse vorm<\/strong><\/p>\n\n\n\n<p><em>Autoloogne ristsobivustest (CDC)<\/em><br>Positiivne (%)\/negatiivne<\/p>\n\n\n\n<p><em>Ristsobivustest (T\/B CDC; DTT-\/+)<\/em><br>Positiivne\/negatiivne<\/p>\n\n\n\n<p><em>Andmestikup\u00f5hine ristsobivustest<\/em><br>Doonorspetsiifiliste antikehade esinemise korral nende loetelu koos tasemega<\/p>\n\n\n\n<p class=\"has-medium-font-size\"><strong>N\u00e4idustus ja kliiniline t\u00e4hendus<\/strong><\/p>\n\n\n\n<p>Vahetu siirdamiseelne ristsobivustest teostatakse aktiivsel ootelehel elundisiirdamist ootavatele patsientidele. Patsientide valik tehakse valvekirurgi poolt vastavalt kehtivatele allokatsioonikriteeriumitele arvestades andmestikup\u00f5hise ristsobivustesti tulemusi.<\/p>\n\n\n\n<p><em>Neeru, pankrease ja rindkereorganite siirdamine<\/em><br>Positiivne l\u00fcmfots\u00fctotoksilisel meetodil teostatud ristsobivustesti tulemus on vastun\u00e4idustuseks siirdamisel.<\/p>\n\n\n\n<p><em>Maksa siirdamine<\/em><br>Positiivne l\u00fcmfots\u00fctotoksilisel meetodil teostatud ristsobivustesti tulemus ei ole vastun\u00e4idustuseks siirdamisel. L\u00f5pliku otsuse siirdamise kohta teeb valvekirurg.<\/p>\n\n\n\n<p><em>Autoloogne ristsobivustest<\/em> teostatakse k\u00f5igil elundisiirdamise ootelehele tulevatele patsientidele \u00fchekordselt, tuvastamaks v\u00f5imalike autoantikehade esinemist.<\/p>\n\n\n\n<p>Elundi sobivuse konkreetsele retsipiendile otsustab l\u00f5plikult valvekirurg.<\/p>\n\n\n\n<p>Vt ka: <a href=\"https:\/\/www.kliinikum.ee\/yhendlabor\/kasiraamat\/hla-ja-koesobivusuuringud\/hla-klass-i-ja-ii-antikehad-s-hla-class-i-ii-ab\/\">HLA klass I ja II antikehad<\/a><br>JKL-225 \u201eKoesobivusanal\u00fc\u00fcside teostamine neeru, pankrease, kombineeritud neeru-pankrease ja maksa siirdamisel\u201c<br>JKL-226 \u201eKoesobivusanal\u00fc\u00fcside teostamine rindkereorganite siirdamisel\u201c<\/p>\n\n\n\n<p>Koostajad: Astra V\u00e4strik, Kaie Lokk<br>Muudetud 19.07.2022<\/p>\n","protected":false},"excerpt":{"rendered":"<p>Immuunanal\u00fc\u00fcsi osakond Anal\u00fc\u00fcsid: Autoloogne ristsobivustest (CDC) Ristsobivustest (T\/B CDC; DTT-\/+) Andmestikup\u00f5hine ristsobivustest L\u00fcmfots\u00fctotoksilisel meetodil teostatud ristsobivustest v\u00f5imaldab elundisiirdamise eel tuvastada retsipiendi veres esinevaid doonori HLA antigeenide vastu suunatud ts\u00fctotoksilisi antikehi. Doonorspetsiifiliste antikehade esinemine on elundisiirdamisel \u00fcli\u00e4geda ja \u00e4geda \u00e4rat\u00f5ukereaktsiooni oluliseks riskifaktoriks. Allogeense ristsobivustesti teostamiseks kasutatakse retsipiendi seerumit ning m\u00e4rklaudrakkudena doonori perifeersest verest eraldatud T- ja [&hellip;]<\/p>\n","protected":false},"author":38,"featured_media":0,"parent":7268,"menu_order":6,"comment_status":"closed","ping_status":"closed","template":"","meta":{"_uag_custom_page_level_css":"","footnotes":""},"class_list":["post-11982","page","type-page","status-publish","hentry"],"acf":[],"yoast_head":"<!-- This site is optimized with the Yoast SEO plugin v27.3 - https:\/\/yoast.com\/product\/yoast-seo-wordpress\/ -->\n<title>Ristsobivustest (B-S-Xm) - \u00dchendlabor<\/title>\n<meta name=\"robots\" content=\"index, follow, max-snippet:-1, max-image-preview:large, max-video-preview:-1\" \/>\n<link rel=\"canonical\" href=\"https:\/\/www.kliinikum.ee\/yhendlabor\/kasiraamat\/hla-ja-koesobivusuuringud\/ristsobivustest-b-s-xm\/\" \/>\n<meta property=\"og:locale\" content=\"et_EE\" \/>\n<meta property=\"og:type\" content=\"article\" \/>\n<meta property=\"og:title\" content=\"Ristsobivustest (B-S-Xm) - \u00dchendlabor\" \/>\n<meta property=\"og:description\" content=\"Immuunanal\u00fc\u00fcsi osakond Anal\u00fc\u00fcsid: Autoloogne ristsobivustest (CDC) Ristsobivustest (T\/B CDC; DTT-\/+) Andmestikup\u00f5hine ristsobivustest L\u00fcmfots\u00fctotoksilisel meetodil teostatud ristsobivustest v\u00f5imaldab elundisiirdamise eel tuvastada retsipiendi veres esinevaid doonori HLA antigeenide vastu suunatud ts\u00fctotoksilisi antikehi. Doonorspetsiifiliste antikehade esinemine on elundisiirdamisel \u00fcli\u00e4geda ja \u00e4geda \u00e4rat\u00f5ukereaktsiooni oluliseks riskifaktoriks. Allogeense ristsobivustesti teostamiseks kasutatakse retsipiendi seerumit ning m\u00e4rklaudrakkudena doonori perifeersest verest eraldatud T- ja [&hellip;]\" \/>\n<meta property=\"og:url\" content=\"https:\/\/www.kliinikum.ee\/yhendlabor\/kasiraamat\/hla-ja-koesobivusuuringud\/ristsobivustest-b-s-xm\/\" \/>\n<meta property=\"og:site_name\" content=\"\u00dchendlabor\" \/>\n<meta property=\"article:modified_time\" content=\"2025-11-26T16:09:30+00:00\" \/>\n<meta name=\"twitter:card\" content=\"summary_large_image\" \/>\n<meta name=\"twitter:label1\" content=\"Est. reading time\" \/>\n\t<meta name=\"twitter:data1\" content=\"3 minutit\" \/>\n<script type=\"application\/ld+json\" class=\"yoast-schema-graph\">{\"@context\":\"https:\\\/\\\/schema.org\",\"@graph\":[{\"@type\":\"WebPage\",\"@id\":\"https:\\\/\\\/www.kliinikum.ee\\\/yhendlabor\\\/kasiraamat\\\/hla-ja-koesobivusuuringud\\\/ristsobivustest-b-s-xm\\\/\",\"url\":\"https:\\\/\\\/www.kliinikum.ee\\\/yhendlabor\\\/kasiraamat\\\/hla-ja-koesobivusuuringud\\\/ristsobivustest-b-s-xm\\\/\",\"name\":\"Ristsobivustest (B-S-Xm) - \u00dchendlabor\",\"isPartOf\":{\"@id\":\"https:\\\/\\\/www.kliinikum.ee\\\/yhendlabor\\\/#website\"},\"datePublished\":\"2025-07-01T11:15:16+00:00\",\"dateModified\":\"2025-11-26T16:09:30+00:00\",\"breadcrumb\":{\"@id\":\"https:\\\/\\\/www.kliinikum.ee\\\/yhendlabor\\\/kasiraamat\\\/hla-ja-koesobivusuuringud\\\/ristsobivustest-b-s-xm\\\/#breadcrumb\"},\"inLanguage\":\"et\",\"potentialAction\":[{\"@type\":\"ReadAction\",\"target\":[\"https:\\\/\\\/www.kliinikum.ee\\\/yhendlabor\\\/kasiraamat\\\/hla-ja-koesobivusuuringud\\\/ristsobivustest-b-s-xm\\\/\"]}]},{\"@type\":\"BreadcrumbList\",\"@id\":\"https:\\\/\\\/www.kliinikum.ee\\\/yhendlabor\\\/kasiraamat\\\/hla-ja-koesobivusuuringud\\\/ristsobivustest-b-s-xm\\\/#breadcrumb\",\"itemListElement\":[{\"@type\":\"ListItem\",\"position\":1,\"name\":\"Home\",\"item\":\"https:\\\/\\\/www.kliinikum.ee\\\/yhendlabor\\\/\"},{\"@type\":\"ListItem\",\"position\":2,\"name\":\"K\u00e4siraamat\",\"item\":\"https:\\\/\\\/www.kliinikum.ee\\\/yhendlabor\\\/kasiraamat\\\/\"},{\"@type\":\"ListItem\",\"position\":3,\"name\":\"HLA ja koesobivusuuringud\",\"item\":\"https:\\\/\\\/www.kliinikum.ee\\\/yhendlabor\\\/kasiraamat\\\/hla-ja-koesobivusuuringud\\\/\"},{\"@type\":\"ListItem\",\"position\":4,\"name\":\"Ristsobivustest (B-S-Xm)\"}]},{\"@type\":\"WebSite\",\"@id\":\"https:\\\/\\\/www.kliinikum.ee\\\/yhendlabor\\\/#website\",\"url\":\"https:\\\/\\\/www.kliinikum.ee\\\/yhendlabor\\\/\",\"name\":\"\u00dchendlabor\",\"description\":\"Hoolivus, Uuendusmeelsus, P\u00e4devus ja Usaldusv\u00e4\u00e4rsus\",\"potentialAction\":[{\"@type\":\"SearchAction\",\"target\":{\"@type\":\"EntryPoint\",\"urlTemplate\":\"https:\\\/\\\/www.kliinikum.ee\\\/yhendlabor\\\/?s={search_term_string}\"},\"query-input\":{\"@type\":\"PropertyValueSpecification\",\"valueRequired\":true,\"valueName\":\"search_term_string\"}}],\"inLanguage\":\"et\"}]}<\/script>\n<!-- \/ Yoast SEO plugin. -->","yoast_head_json":{"title":"Ristsobivustest (B-S-Xm) - \u00dchendlabor","robots":{"index":"index","follow":"follow","max-snippet":"max-snippet:-1","max-image-preview":"max-image-preview:large","max-video-preview":"max-video-preview:-1"},"canonical":"https:\/\/www.kliinikum.ee\/yhendlabor\/kasiraamat\/hla-ja-koesobivusuuringud\/ristsobivustest-b-s-xm\/","og_locale":"et_EE","og_type":"article","og_title":"Ristsobivustest (B-S-Xm) - \u00dchendlabor","og_description":"Immuunanal\u00fc\u00fcsi osakond Anal\u00fc\u00fcsid: Autoloogne ristsobivustest (CDC) Ristsobivustest (T\/B CDC; DTT-\/+) Andmestikup\u00f5hine ristsobivustest L\u00fcmfots\u00fctotoksilisel meetodil teostatud ristsobivustest v\u00f5imaldab elundisiirdamise eel tuvastada retsipiendi veres esinevaid doonori HLA antigeenide vastu suunatud ts\u00fctotoksilisi antikehi. Doonorspetsiifiliste antikehade esinemine on elundisiirdamisel \u00fcli\u00e4geda ja \u00e4geda \u00e4rat\u00f5ukereaktsiooni oluliseks riskifaktoriks. Allogeense ristsobivustesti teostamiseks kasutatakse retsipiendi seerumit ning m\u00e4rklaudrakkudena doonori perifeersest verest eraldatud T- ja [&hellip;]","og_url":"https:\/\/www.kliinikum.ee\/yhendlabor\/kasiraamat\/hla-ja-koesobivusuuringud\/ristsobivustest-b-s-xm\/","og_site_name":"\u00dchendlabor","article_modified_time":"2025-11-26T16:09:30+00:00","twitter_card":"summary_large_image","twitter_misc":{"Est. reading time":"3 minutit"},"schema":{"@context":"https:\/\/schema.org","@graph":[{"@type":"WebPage","@id":"https:\/\/www.kliinikum.ee\/yhendlabor\/kasiraamat\/hla-ja-koesobivusuuringud\/ristsobivustest-b-s-xm\/","url":"https:\/\/www.kliinikum.ee\/yhendlabor\/kasiraamat\/hla-ja-koesobivusuuringud\/ristsobivustest-b-s-xm\/","name":"Ristsobivustest (B-S-Xm) - \u00dchendlabor","isPartOf":{"@id":"https:\/\/www.kliinikum.ee\/yhendlabor\/#website"},"datePublished":"2025-07-01T11:15:16+00:00","dateModified":"2025-11-26T16:09:30+00:00","breadcrumb":{"@id":"https:\/\/www.kliinikum.ee\/yhendlabor\/kasiraamat\/hla-ja-koesobivusuuringud\/ristsobivustest-b-s-xm\/#breadcrumb"},"inLanguage":"et","potentialAction":[{"@type":"ReadAction","target":["https:\/\/www.kliinikum.ee\/yhendlabor\/kasiraamat\/hla-ja-koesobivusuuringud\/ristsobivustest-b-s-xm\/"]}]},{"@type":"BreadcrumbList","@id":"https:\/\/www.kliinikum.ee\/yhendlabor\/kasiraamat\/hla-ja-koesobivusuuringud\/ristsobivustest-b-s-xm\/#breadcrumb","itemListElement":[{"@type":"ListItem","position":1,"name":"Home","item":"https:\/\/www.kliinikum.ee\/yhendlabor\/"},{"@type":"ListItem","position":2,"name":"K\u00e4siraamat","item":"https:\/\/www.kliinikum.ee\/yhendlabor\/kasiraamat\/"},{"@type":"ListItem","position":3,"name":"HLA ja koesobivusuuringud","item":"https:\/\/www.kliinikum.ee\/yhendlabor\/kasiraamat\/hla-ja-koesobivusuuringud\/"},{"@type":"ListItem","position":4,"name":"Ristsobivustest (B-S-Xm)"}]},{"@type":"WebSite","@id":"https:\/\/www.kliinikum.ee\/yhendlabor\/#website","url":"https:\/\/www.kliinikum.ee\/yhendlabor\/","name":"\u00dchendlabor","description":"Hoolivus, Uuendusmeelsus, P\u00e4devus ja Usaldusv\u00e4\u00e4rsus","potentialAction":[{"@type":"SearchAction","target":{"@type":"EntryPoint","urlTemplate":"https:\/\/www.kliinikum.ee\/yhendlabor\/?s={search_term_string}"},"query-input":{"@type":"PropertyValueSpecification","valueRequired":true,"valueName":"search_term_string"}}],"inLanguage":"et"}]}},"uagb_featured_image_src":{"full":false,"thumbnail":false,"medium":false,"medium_large":false,"large":false,"1536x1536":false,"2048x2048":false},"uagb_author_info":{"display_name":"Kadi Siigur","author_link":"https:\/\/www.kliinikum.ee\/yhendlabor\/author\/kadisi\/"},"uagb_comment_info":0,"uagb_excerpt":"Immuunanal\u00fc\u00fcsi osakond Anal\u00fc\u00fcsid: Autoloogne ristsobivustest (CDC) Ristsobivustest (T\/B CDC; DTT-\/+) Andmestikup\u00f5hine ristsobivustest L\u00fcmfots\u00fctotoksilisel meetodil teostatud ristsobivustest v\u00f5imaldab elundisiirdamise eel tuvastada retsipiendi veres esinevaid doonori HLA antigeenide vastu suunatud ts\u00fctotoksilisi antikehi. Doonorspetsiifiliste antikehade esinemine on elundisiirdamisel \u00fcli\u00e4geda ja \u00e4geda \u00e4rat\u00f5ukereaktsiooni oluliseks riskifaktoriks. Allogeense ristsobivustesti teostamiseks kasutatakse retsipiendi seerumit ning m\u00e4rklaudrakkudena doonori perifeersest verest eraldatud T- ja&hellip;","_links":{"self":[{"href":"https:\/\/www.kliinikum.ee\/yhendlabor\/wp-json\/wp\/v2\/pages\/11982","targetHints":{"allow":["GET"]}}],"collection":[{"href":"https:\/\/www.kliinikum.ee\/yhendlabor\/wp-json\/wp\/v2\/pages"}],"about":[{"href":"https:\/\/www.kliinikum.ee\/yhendlabor\/wp-json\/wp\/v2\/types\/page"}],"author":[{"embeddable":true,"href":"https:\/\/www.kliinikum.ee\/yhendlabor\/wp-json\/wp\/v2\/users\/38"}],"replies":[{"embeddable":true,"href":"https:\/\/www.kliinikum.ee\/yhendlabor\/wp-json\/wp\/v2\/comments?post=11982"}],"version-history":[{"count":0,"href":"https:\/\/www.kliinikum.ee\/yhendlabor\/wp-json\/wp\/v2\/pages\/11982\/revisions"}],"up":[{"embeddable":true,"href":"https:\/\/www.kliinikum.ee\/yhendlabor\/wp-json\/wp\/v2\/pages\/7268"}],"wp:attachment":[{"href":"https:\/\/www.kliinikum.ee\/yhendlabor\/wp-json\/wp\/v2\/media?parent=11982"}],"curies":[{"name":"wp","href":"https:\/\/api.w.org\/{rel}","templated":true}]}}