{"id":12004,"date":"2025-07-01T13:44:18","date_gmt":"2025-07-01T11:44:18","guid":{"rendered":"https:\/\/www.kliinikum.ee\/yhendlabor\/?page_id=12004"},"modified":"2025-11-26T18:12:09","modified_gmt":"2025-11-26T16:12:09","slug":"tsoliaakia-hla-antigeenide-paneel","status":"publish","type":"page","link":"https:\/\/www.kliinikum.ee\/yhendlabor\/kasiraamat\/hla-ja-koesobivusuuringud\/tsoliaakia-hla-antigeenide-paneel\/","title":{"rendered":"Ts\u00f6liaakia \u2013 HLA antigeenide paneel"},"content":{"rendered":"\n<p><em>Immuunanal\u00fc\u00fcsi osakond<\/em><\/p>\n\n\n\n<p><strong>Ts\u00f6liaakia <\/strong>on multigeenne HLA-seoseline haigus, mis on seotud DQ antigeenidega. Suurem osa ts\u00f6liaakia patsiente kannab HLA antigeene DQ2 ja\/v\u00f5i DQ8, mis p\u00e4randuvad perekondlikult.<\/p>\n\n\n\n<p>HLA-DQ on antigeene presenteerivate rakkude retseptorvalk, mis osaleb immuunreaktsioonides. See on heterodimeerne molekul, mille \u03b1-ahel m\u00e4\u00e4ratakse \u00e4ra HLA-DQA1 ja \u03b2-ahel HLA-DQB1 alleelide poolt. Esineb mitmeid HLA-DQA1 ja HLA-DQB1 alleele, mille kombineerumisel tekib erinevaid HLA-DQ molekule.<\/p>\n\n\n\n<p><em>Ts\u00f6liaakia-seoselised antigeenid<\/em><\/p>\n\n\n\n<figure class=\"wp-block-table\"><table width=\"100%\"><tbody><tr><td width=\"1%\"><\/td><td colspan=\"2\" width=\"29%\"><strong>Antigeen<\/strong><\/td><td width=\"20%\"><strong>DQA1 alleelid<\/strong><\/td><td width=\"20%\"><strong>DQB1 alleelid<\/strong><\/td><td width=\"30%\"><strong>Esinemissagedus ts\u00f6liaakia patsientidel<\/strong><\/td><\/tr><tr><td width=\"1%\"><\/td><td rowspan=\"2\" width=\"14%\">DQ2<\/td><td width=\"15%\">DQ2.2<\/td><td width=\"20%\">*02<\/td><td width=\"20%\">*02<\/td><td width=\"30%\">1%<\/td><\/tr><tr><td><\/td><td>DQ2.5<\/td><td>*05<\/td><td>*02<\/td><td>~90 %<\/td><\/tr><tr><td><\/td><td colspan=\"2\">DQ8<\/td><td>*03<\/td><td>*03:02<\/td><td>Pole teada<\/td><\/tr><\/tbody><\/table><\/figure>\n\n\n\n<p>Antud antigeenid suurendavad ts\u00f6liaakiasse haigestumise riski, sest nende poolt kodeeritud antigeene presenteerivad retseptorid (DQ2, DQ8) seonduvad gliadiini valkudega oluliselt tugevamini kui teiste retseptorite molekulid. Seet\u00f5ttu aktiveeritakse T-l\u00fcmfots\u00fc\u00fcte suurema t\u00f5en\u00e4osusega ning algatatakse autoimmuunne protsess.<\/p>\n\n\n\n<p>HLA-DQ2.2, -DQ2.5 ja -DQ8 molekulide olemasolu on vajalik, aga mitte piisav ts\u00f6liaakia v\u00e4ljakujunemiseks. HLA osakaal moodustab umbes 50% ts\u00f6liaakia geneetilisest tagap\u00f5hjast ning HLA-DQ2 ja -DQ8 antigeenid esinevad ka 30%-l tervete populatsioonil, kellest vaid 1%-l areneb v\u00e4lja ts\u00f6liaakia.<\/p>\n\n\n\n<p>\u00dchendlaboris m\u00e4\u00e4ratakse kompleksanal\u00fc\u00fcsina j\u00e4rgmiste ts\u00f6liaakiaseoseliste HLA antigeenide olemasolu: DQ2.2 (DQA1*02, DQB1*02), DQ2.5 (DQA1*05, DQB1*02) ja DQ8 (DQA1*03, DQB1*03:02).<\/p>\n\n\n\n<figure class=\"wp-block-table is-style-stripes\"><table width=\"100%\"><tbody><tr><td width=\"1%\"><\/td><td width=\"20%\"><strong>Katsuti<\/strong><\/td><td width=\"79%\">K2E\/K3E-katsuti (lilla kork)<\/td><\/tr><tr><td><\/td><td><strong>Anal\u00fc\u00fcsitav kogus<\/strong><\/td><td>1 mL<\/td><\/tr><tr><td><\/td><td><strong>S\u00e4ilivus<\/strong><\/td><td>Veri toatemperatuuril kuus tundi, +4 \u00b0C \u00fcks n\u00e4dal<\/td><\/tr><\/tbody><\/table><\/figure>\n\n\n\n<p class=\"has-medium-font-size\"><strong>Anal\u00fc\u00fcsi tegemise aeg:<\/strong> t\u00f6\u00f6p\u00e4eviti, \u00fcks kord n\u00e4dalas<\/p>\n\n\n\n<p class=\"has-medium-font-size\"><strong>Anal\u00fc\u00fcsimeetod:<\/strong> j\u00e4rjestusspetsiifiline pol\u00fcmeraasi ahelreaktsioon ja j\u00e4rjestusspetsiifiliste oligonukleotiidproovidega h\u00fcbridisatsioon (SSO)<\/p>\n\n\n\n<p class=\"has-medium-font-size\"><strong>Vastuse vorm<\/strong><\/p>\n\n\n\n<p>Vastavate ts\u00f6liaakia-seoseliste HLA antigeenide esinemine v\u00f5i puudumine:<\/p>\n\n\n\n<p>HLA-DQ2.5 (DQA1*05, DQB1*02)&nbsp;&nbsp; Positiivne\/negatiivne<\/p>\n\n\n\n<p>HLA-DQ2.2 (DQA1*02, DQB1*02)&nbsp;&nbsp; Positiivne\/negatiivne<\/p>\n\n\n\n<p>HLA-DQ8 (DQA1*03, DQB1*03:02) Positiivne\/negatiivne<\/p>\n\n\n\n<p class=\"has-medium-font-size\"><strong>N\u00e4idustus ja kliiniline t\u00e4hendus<\/strong><\/p>\n\n\n\n<p>Kahtlus ts\u00f6liaakia esinemisele. Ts\u00f6liaakia-seoseliste HLA antigeenide puudumine on oluline ts\u00f6liaakia esinemise v\u00e4listamiseks, nende olemasolu aga ei anna otsest alust ts\u00f6liaakia diagnoosiks.<\/p>\n\n\n\n<p>Koostajad: Kadri Raudsepp, Ingrid Tagen<br>Muudetud 11.09.2017<\/p>\n","protected":false},"excerpt":{"rendered":"<p>Immuunanal\u00fc\u00fcsi osakond Ts\u00f6liaakia on multigeenne HLA-seoseline haigus, mis on seotud DQ antigeenidega. Suurem osa ts\u00f6liaakia patsiente kannab HLA antigeene DQ2 ja\/v\u00f5i DQ8, mis p\u00e4randuvad perekondlikult. HLA-DQ on antigeene presenteerivate rakkude retseptorvalk, mis osaleb immuunreaktsioonides. See on heterodimeerne molekul, mille \u03b1-ahel m\u00e4\u00e4ratakse \u00e4ra HLA-DQA1 ja \u03b2-ahel HLA-DQB1 alleelide poolt. Esineb mitmeid HLA-DQA1 ja HLA-DQB1 alleele, mille [&hellip;]<\/p>\n","protected":false},"author":38,"featured_media":0,"parent":7268,"menu_order":7,"comment_status":"closed","ping_status":"closed","template":"","meta":{"_uag_custom_page_level_css":"","footnotes":""},"class_list":["post-12004","page","type-page","status-publish","hentry"],"acf":[],"yoast_head":"<!-- This site is optimized with the Yoast SEO plugin v27.3 - https:\/\/yoast.com\/product\/yoast-seo-wordpress\/ -->\n<title>Ts\u00f6liaakia \u2013 HLA antigeenide paneel - \u00dchendlabor<\/title>\n<meta name=\"robots\" content=\"index, follow, max-snippet:-1, max-image-preview:large, max-video-preview:-1\" \/>\n<link rel=\"canonical\" href=\"https:\/\/www.kliinikum.ee\/yhendlabor\/kasiraamat\/hla-ja-koesobivusuuringud\/tsoliaakia-hla-antigeenide-paneel\/\" \/>\n<meta property=\"og:locale\" content=\"et_EE\" \/>\n<meta property=\"og:type\" content=\"article\" \/>\n<meta property=\"og:title\" content=\"Ts\u00f6liaakia \u2013 HLA antigeenide paneel - \u00dchendlabor\" \/>\n<meta property=\"og:description\" content=\"Immuunanal\u00fc\u00fcsi osakond Ts\u00f6liaakia on multigeenne HLA-seoseline haigus, mis on seotud DQ antigeenidega. Suurem osa ts\u00f6liaakia patsiente kannab HLA antigeene DQ2 ja\/v\u00f5i DQ8, mis p\u00e4randuvad perekondlikult. HLA-DQ on antigeene presenteerivate rakkude retseptorvalk, mis osaleb immuunreaktsioonides. See on heterodimeerne molekul, mille \u03b1-ahel m\u00e4\u00e4ratakse \u00e4ra HLA-DQA1 ja \u03b2-ahel HLA-DQB1 alleelide poolt. Esineb mitmeid HLA-DQA1 ja HLA-DQB1 alleele, mille [&hellip;]\" \/>\n<meta property=\"og:url\" content=\"https:\/\/www.kliinikum.ee\/yhendlabor\/kasiraamat\/hla-ja-koesobivusuuringud\/tsoliaakia-hla-antigeenide-paneel\/\" \/>\n<meta property=\"og:site_name\" content=\"\u00dchendlabor\" \/>\n<meta property=\"article:modified_time\" content=\"2025-11-26T16:12:09+00:00\" \/>\n<meta name=\"twitter:card\" content=\"summary_large_image\" \/>\n<meta name=\"twitter:label1\" content=\"Est. reading time\" \/>\n\t<meta name=\"twitter:data1\" content=\"2 minutit\" \/>\n<script type=\"application\/ld+json\" class=\"yoast-schema-graph\">{\"@context\":\"https:\\\/\\\/schema.org\",\"@graph\":[{\"@type\":\"WebPage\",\"@id\":\"https:\\\/\\\/www.kliinikum.ee\\\/yhendlabor\\\/kasiraamat\\\/hla-ja-koesobivusuuringud\\\/tsoliaakia-hla-antigeenide-paneel\\\/\",\"url\":\"https:\\\/\\\/www.kliinikum.ee\\\/yhendlabor\\\/kasiraamat\\\/hla-ja-koesobivusuuringud\\\/tsoliaakia-hla-antigeenide-paneel\\\/\",\"name\":\"Ts\u00f6liaakia \u2013 HLA antigeenide paneel - \u00dchendlabor\",\"isPartOf\":{\"@id\":\"https:\\\/\\\/www.kliinikum.ee\\\/yhendlabor\\\/#website\"},\"datePublished\":\"2025-07-01T11:44:18+00:00\",\"dateModified\":\"2025-11-26T16:12:09+00:00\",\"breadcrumb\":{\"@id\":\"https:\\\/\\\/www.kliinikum.ee\\\/yhendlabor\\\/kasiraamat\\\/hla-ja-koesobivusuuringud\\\/tsoliaakia-hla-antigeenide-paneel\\\/#breadcrumb\"},\"inLanguage\":\"et\",\"potentialAction\":[{\"@type\":\"ReadAction\",\"target\":[\"https:\\\/\\\/www.kliinikum.ee\\\/yhendlabor\\\/kasiraamat\\\/hla-ja-koesobivusuuringud\\\/tsoliaakia-hla-antigeenide-paneel\\\/\"]}]},{\"@type\":\"BreadcrumbList\",\"@id\":\"https:\\\/\\\/www.kliinikum.ee\\\/yhendlabor\\\/kasiraamat\\\/hla-ja-koesobivusuuringud\\\/tsoliaakia-hla-antigeenide-paneel\\\/#breadcrumb\",\"itemListElement\":[{\"@type\":\"ListItem\",\"position\":1,\"name\":\"Home\",\"item\":\"https:\\\/\\\/www.kliinikum.ee\\\/yhendlabor\\\/\"},{\"@type\":\"ListItem\",\"position\":2,\"name\":\"K\u00e4siraamat\",\"item\":\"https:\\\/\\\/www.kliinikum.ee\\\/yhendlabor\\\/kasiraamat\\\/\"},{\"@type\":\"ListItem\",\"position\":3,\"name\":\"HLA ja koesobivusuuringud\",\"item\":\"https:\\\/\\\/www.kliinikum.ee\\\/yhendlabor\\\/kasiraamat\\\/hla-ja-koesobivusuuringud\\\/\"},{\"@type\":\"ListItem\",\"position\":4,\"name\":\"Ts\u00f6liaakia \u2013 HLA antigeenide paneel\"}]},{\"@type\":\"WebSite\",\"@id\":\"https:\\\/\\\/www.kliinikum.ee\\\/yhendlabor\\\/#website\",\"url\":\"https:\\\/\\\/www.kliinikum.ee\\\/yhendlabor\\\/\",\"name\":\"\u00dchendlabor\",\"description\":\"Hoolivus, Uuendusmeelsus, P\u00e4devus ja Usaldusv\u00e4\u00e4rsus\",\"potentialAction\":[{\"@type\":\"SearchAction\",\"target\":{\"@type\":\"EntryPoint\",\"urlTemplate\":\"https:\\\/\\\/www.kliinikum.ee\\\/yhendlabor\\\/?s={search_term_string}\"},\"query-input\":{\"@type\":\"PropertyValueSpecification\",\"valueRequired\":true,\"valueName\":\"search_term_string\"}}],\"inLanguage\":\"et\"}]}<\/script>\n<!-- \/ Yoast SEO plugin. -->","yoast_head_json":{"title":"Ts\u00f6liaakia \u2013 HLA antigeenide paneel - \u00dchendlabor","robots":{"index":"index","follow":"follow","max-snippet":"max-snippet:-1","max-image-preview":"max-image-preview:large","max-video-preview":"max-video-preview:-1"},"canonical":"https:\/\/www.kliinikum.ee\/yhendlabor\/kasiraamat\/hla-ja-koesobivusuuringud\/tsoliaakia-hla-antigeenide-paneel\/","og_locale":"et_EE","og_type":"article","og_title":"Ts\u00f6liaakia \u2013 HLA antigeenide paneel - \u00dchendlabor","og_description":"Immuunanal\u00fc\u00fcsi osakond Ts\u00f6liaakia on multigeenne HLA-seoseline haigus, mis on seotud DQ antigeenidega. Suurem osa ts\u00f6liaakia patsiente kannab HLA antigeene DQ2 ja\/v\u00f5i DQ8, mis p\u00e4randuvad perekondlikult. HLA-DQ on antigeene presenteerivate rakkude retseptorvalk, mis osaleb immuunreaktsioonides. See on heterodimeerne molekul, mille \u03b1-ahel m\u00e4\u00e4ratakse \u00e4ra HLA-DQA1 ja \u03b2-ahel HLA-DQB1 alleelide poolt. Esineb mitmeid HLA-DQA1 ja HLA-DQB1 alleele, mille [&hellip;]","og_url":"https:\/\/www.kliinikum.ee\/yhendlabor\/kasiraamat\/hla-ja-koesobivusuuringud\/tsoliaakia-hla-antigeenide-paneel\/","og_site_name":"\u00dchendlabor","article_modified_time":"2025-11-26T16:12:09+00:00","twitter_card":"summary_large_image","twitter_misc":{"Est. reading time":"2 minutit"},"schema":{"@context":"https:\/\/schema.org","@graph":[{"@type":"WebPage","@id":"https:\/\/www.kliinikum.ee\/yhendlabor\/kasiraamat\/hla-ja-koesobivusuuringud\/tsoliaakia-hla-antigeenide-paneel\/","url":"https:\/\/www.kliinikum.ee\/yhendlabor\/kasiraamat\/hla-ja-koesobivusuuringud\/tsoliaakia-hla-antigeenide-paneel\/","name":"Ts\u00f6liaakia \u2013 HLA antigeenide paneel - \u00dchendlabor","isPartOf":{"@id":"https:\/\/www.kliinikum.ee\/yhendlabor\/#website"},"datePublished":"2025-07-01T11:44:18+00:00","dateModified":"2025-11-26T16:12:09+00:00","breadcrumb":{"@id":"https:\/\/www.kliinikum.ee\/yhendlabor\/kasiraamat\/hla-ja-koesobivusuuringud\/tsoliaakia-hla-antigeenide-paneel\/#breadcrumb"},"inLanguage":"et","potentialAction":[{"@type":"ReadAction","target":["https:\/\/www.kliinikum.ee\/yhendlabor\/kasiraamat\/hla-ja-koesobivusuuringud\/tsoliaakia-hla-antigeenide-paneel\/"]}]},{"@type":"BreadcrumbList","@id":"https:\/\/www.kliinikum.ee\/yhendlabor\/kasiraamat\/hla-ja-koesobivusuuringud\/tsoliaakia-hla-antigeenide-paneel\/#breadcrumb","itemListElement":[{"@type":"ListItem","position":1,"name":"Home","item":"https:\/\/www.kliinikum.ee\/yhendlabor\/"},{"@type":"ListItem","position":2,"name":"K\u00e4siraamat","item":"https:\/\/www.kliinikum.ee\/yhendlabor\/kasiraamat\/"},{"@type":"ListItem","position":3,"name":"HLA ja koesobivusuuringud","item":"https:\/\/www.kliinikum.ee\/yhendlabor\/kasiraamat\/hla-ja-koesobivusuuringud\/"},{"@type":"ListItem","position":4,"name":"Ts\u00f6liaakia \u2013 HLA antigeenide paneel"}]},{"@type":"WebSite","@id":"https:\/\/www.kliinikum.ee\/yhendlabor\/#website","url":"https:\/\/www.kliinikum.ee\/yhendlabor\/","name":"\u00dchendlabor","description":"Hoolivus, Uuendusmeelsus, P\u00e4devus ja Usaldusv\u00e4\u00e4rsus","potentialAction":[{"@type":"SearchAction","target":{"@type":"EntryPoint","urlTemplate":"https:\/\/www.kliinikum.ee\/yhendlabor\/?s={search_term_string}"},"query-input":{"@type":"PropertyValueSpecification","valueRequired":true,"valueName":"search_term_string"}}],"inLanguage":"et"}]}},"uagb_featured_image_src":{"full":false,"thumbnail":false,"medium":false,"medium_large":false,"large":false,"1536x1536":false,"2048x2048":false},"uagb_author_info":{"display_name":"Kadi Siigur","author_link":"https:\/\/www.kliinikum.ee\/yhendlabor\/author\/kadisi\/"},"uagb_comment_info":0,"uagb_excerpt":"Immuunanal\u00fc\u00fcsi osakond Ts\u00f6liaakia on multigeenne HLA-seoseline haigus, mis on seotud DQ antigeenidega. Suurem osa ts\u00f6liaakia patsiente kannab HLA antigeene DQ2 ja\/v\u00f5i DQ8, mis p\u00e4randuvad perekondlikult. HLA-DQ on antigeene presenteerivate rakkude retseptorvalk, mis osaleb immuunreaktsioonides. See on heterodimeerne molekul, mille \u03b1-ahel m\u00e4\u00e4ratakse \u00e4ra HLA-DQA1 ja \u03b2-ahel HLA-DQB1 alleelide poolt. Esineb mitmeid HLA-DQA1 ja HLA-DQB1 alleele, mille&hellip;","_links":{"self":[{"href":"https:\/\/www.kliinikum.ee\/yhendlabor\/wp-json\/wp\/v2\/pages\/12004","targetHints":{"allow":["GET"]}}],"collection":[{"href":"https:\/\/www.kliinikum.ee\/yhendlabor\/wp-json\/wp\/v2\/pages"}],"about":[{"href":"https:\/\/www.kliinikum.ee\/yhendlabor\/wp-json\/wp\/v2\/types\/page"}],"author":[{"embeddable":true,"href":"https:\/\/www.kliinikum.ee\/yhendlabor\/wp-json\/wp\/v2\/users\/38"}],"replies":[{"embeddable":true,"href":"https:\/\/www.kliinikum.ee\/yhendlabor\/wp-json\/wp\/v2\/comments?post=12004"}],"version-history":[{"count":0,"href":"https:\/\/www.kliinikum.ee\/yhendlabor\/wp-json\/wp\/v2\/pages\/12004\/revisions"}],"up":[{"embeddable":true,"href":"https:\/\/www.kliinikum.ee\/yhendlabor\/wp-json\/wp\/v2\/pages\/7268"}],"wp:attachment":[{"href":"https:\/\/www.kliinikum.ee\/yhendlabor\/wp-json\/wp\/v2\/media?parent=12004"}],"curies":[{"name":"wp","href":"https:\/\/api.w.org\/{rel}","templated":true}]}}