{"id":12008,"date":"2025-07-01T14:40:41","date_gmt":"2025-07-01T12:40:41","guid":{"rendered":"https:\/\/www.kliinikum.ee\/yhendlabor\/?page_id=12008"},"modified":"2025-11-26T18:19:34","modified_gmt":"2025-11-26T16:19:34","slug":"adrenokortikotroopne-hormoon-p-acth","status":"publish","type":"page","link":"https:\/\/www.kliinikum.ee\/yhendlabor\/kasiraamat\/hormoonid-jm-immuunuuringud\/adrenokortikotroopne-hormoon-p-acth\/","title":{"rendered":"Adrenokortikotroopne hormoon (P-ACTH)"},"content":{"rendered":"\n<p><em>Kliinilise keemia ja laboratoorse hematoloogia osakond<\/em><\/p>\n\n\n\n<p><strong>Adrenokortikotroopne hormoon (kortikotropiin)<\/strong> on h\u00fcpof\u00fc\u00fcsi eessagaras s\u00fcnteesitav peptiidhormoon, mis koosneb 39 aminohappest. Sekretsiooni stimuleerib h\u00fcpotalamuse kortikotropiini vabastav hormoon (CRH), teatud m\u00e4\u00e4ral ka f\u00fc\u00fcsiline treening, stress ja valu. ACTH sekretsioon on episoodiline ja varieerub \u00f6\u00f6p\u00e4eva jooksul, olles maksimaalne hommikul kell 6.00\u20138.00 ja minimaalne \u00f5htul. Kortikotropiin stimuleerib neerupealiste koores kortikosteroidide (eesk\u00e4tt kortisooli) s\u00fcnteesi ja sekretsiooni. Kortisool inhibeerib omakorda negatiivse tagasiside kaudu nii CRH kui ka ACTH vabanemist.<\/p>\n\n\n\n<p class=\"has-medium-font-size\"><strong>Uuritav materjal, selle v\u00f5tmine, saatmine ja s\u00e4ilitamine<\/strong><\/p>\n\n\n\n<p>Proov v\u00f5tta eeljahutatud katsutisse (k\u00fcsida laborist) ja transportida kohe eeljahutatud konteineris (k\u00fcsida laborist) laborisse!<\/p>\n\n\n\n<figure class=\"wp-block-table is-style-stripes\"><table width=\"100%\"><tbody><tr><td width=\"1%\"><\/td><td width=\"15%\"><strong>Katsuti<\/strong><\/td><td width=\"84%\">K2E\/K3E-katsuti (lilla kork)<\/td><\/tr><tr><td><\/td><td><strong>S\u00e4ilivus<\/strong><\/td><td>Veri tsentrifuugida jahutusega tsentrifuugis. <br>Plasma +4 \u00b0C kolm tundi, -20 \u00b0C k\u00fcmme n\u00e4dalat.<\/td><\/tr><\/tbody><\/table><\/figure>\n\n\n\n<p class=\"has-medium-font-size\"><strong>Anal\u00fc\u00fcsi tegemise aeg:<\/strong> \u00f6\u00f6p\u00e4evaringselt<\/p>\n\n\n\n<p class=\"has-medium-font-size\"><strong>Anal\u00fc\u00fcsimeetod: <\/strong>elektrokemoluminestsents-immuunmeetod (ECLIA)<\/p>\n\n\n\n<p class=\"has-medium-font-size\"><strong>Referentsv\u00e4\u00e4rtused<\/strong><\/p>\n\n\n\n<figure class=\"wp-block-table\"><table width=\"100%\"><tbody><tr><td width=\"1%\"><\/td><td width=\"49%\"><strong>\u00a0\u2265 18 a (hommikul k 7.00\u201310.00)<\/strong><\/td><td width=\"50%\">&nbsp;1,6\u201313,9 pmol\/L<\/td><\/tr><\/tbody><\/table><\/figure>\n\n\n\n<p class=\"has-medium-font-size\"><strong>N\u00e4idustus ja kliiniline t\u00e4hendus<\/strong><\/p>\n\n\n\n<p>ACTH m\u00e4\u00e4ramine on vajalik ACTH ja kortisooli sekretsiooni h\u00e4irete avastamiseks, diagnoosimiseks ja monitoorimiseks.<\/p>\n\n\n\n<p>ACTH \u2191\u00ad\u00ad, kortisool \u2191\u00ad: Cushingi t\u00f5ve korral on h\u00fcpof\u00fcsaarse ACTH-d produtseeriva tuumori m\u00f5jul t\u00f5usnud nii ACTH, kui kortisooli tase. Lisaks esineb suurenenud ACTH sisaldus ektoopilise ACTH produktsiooni korral, mida p\u00f5hjustavad mitmed kasvajad. Selline &nbsp;sekretsioon ei allu \u00f6\u00f6p\u00e4evasele r\u00fctmile ega enamasti ka supressioonile s\u00fcnteetiliste analoogidega (vt deksametasoonitest artiklist Kortisool).<\/p>\n\n\n\n<p>ACTH \u2191\u00ad, kortisool \u2193: Addisoni t\u00f5ve (neerupealise koore primaarne puudulikkus) ja neerupealise kongenitaalse h\u00fcperplaasia korral on ACTH tase k\u00f5rge ja kortisooli tase madal. Addisoni t\u00f5ve korral ei t\u00f5use tase ka s\u00fcnakteenitesti tulemusena (vt s\u00fcnakteenitest artiklist Kortisool).<\/p>\n\n\n\n<p>ACTH \u2193, kortisool \u2191\u00ad: Madal ACTH tase v\u00f5ib tuleneda kortisooli produtseerivast neerupealise koore tuumorist, mille puhul on nii ACTH kui ka CRH sekretsioon pidurdatud, kortisooli tase aga k\u00f5rge. Sekretsioon ei allu \u00f6\u00f6p\u00e4evasele r\u00fctmile ega supressioonile s\u00fcnteetiliste analoogidega.<\/p>\n\n\n\n<p>ACTH \u2193, kortisool \u2193: H\u00fcpof\u00fc\u00fcsi v\u00f5i h\u00fcpotalamuse funktsiooni h\u00e4irete korral on nii ACTH kui kortisooli tase veres madalad.<\/p>\n\n\n\n<p>ACTH taset v\u00f5ivad t\u00f5sta f\u00fc\u00fcsiline koormus, h\u00fcpogl\u00fckeemia, stress, rasedus, alkoholi liigtarbimine ja mitmed ravimid (amfetamiinid, insuliin, levodopa, metoklopramiid, \u00f6strogeenid, liitium jt). Madalamaid tulemusi v\u00f5ivad p\u00f5hjustada gl\u00fckokortikoidid.<\/p>\n\n\n\n<p>Koostajad: Rain Lehtme, Kaja Vaagen<br>Muudetud 17.01.2023<\/p>\n","protected":false},"excerpt":{"rendered":"<p>Kliinilise keemia ja laboratoorse hematoloogia osakond Adrenokortikotroopne hormoon (kortikotropiin) on h\u00fcpof\u00fc\u00fcsi eessagaras s\u00fcnteesitav peptiidhormoon, mis koosneb 39 aminohappest. Sekretsiooni stimuleerib h\u00fcpotalamuse kortikotropiini vabastav hormoon (CRH), teatud m\u00e4\u00e4ral ka f\u00fc\u00fcsiline treening, stress ja valu. ACTH sekretsioon on episoodiline ja varieerub \u00f6\u00f6p\u00e4eva jooksul, olles maksimaalne hommikul kell 6.00\u20138.00 ja minimaalne \u00f5htul. Kortikotropiin stimuleerib neerupealiste koores kortikosteroidide (eesk\u00e4tt [&hellip;]<\/p>\n","protected":false},"author":38,"featured_media":0,"parent":7271,"menu_order":0,"comment_status":"closed","ping_status":"closed","template":"","meta":{"_uag_custom_page_level_css":"","footnotes":""},"class_list":["post-12008","page","type-page","status-publish","hentry"],"acf":[],"yoast_head":"<!-- This site is optimized with the Yoast SEO plugin v27.3 - https:\/\/yoast.com\/product\/yoast-seo-wordpress\/ -->\n<title>Adrenokortikotroopne hormoon (P-ACTH) - \u00dchendlabor<\/title>\n<meta name=\"robots\" content=\"index, follow, max-snippet:-1, max-image-preview:large, max-video-preview:-1\" \/>\n<link rel=\"canonical\" href=\"https:\/\/www.kliinikum.ee\/yhendlabor\/kasiraamat\/hormoonid-jm-immuunuuringud\/adrenokortikotroopne-hormoon-p-acth\/\" \/>\n<meta property=\"og:locale\" content=\"et_EE\" \/>\n<meta property=\"og:type\" content=\"article\" \/>\n<meta property=\"og:title\" content=\"Adrenokortikotroopne hormoon (P-ACTH) - \u00dchendlabor\" \/>\n<meta property=\"og:description\" content=\"Kliinilise keemia ja laboratoorse hematoloogia osakond Adrenokortikotroopne hormoon (kortikotropiin) on h\u00fcpof\u00fc\u00fcsi eessagaras s\u00fcnteesitav peptiidhormoon, mis koosneb 39 aminohappest. Sekretsiooni stimuleerib h\u00fcpotalamuse kortikotropiini vabastav hormoon (CRH), teatud m\u00e4\u00e4ral ka f\u00fc\u00fcsiline treening, stress ja valu. ACTH sekretsioon on episoodiline ja varieerub \u00f6\u00f6p\u00e4eva jooksul, olles maksimaalne hommikul kell 6.00\u20138.00 ja minimaalne \u00f5htul. Kortikotropiin stimuleerib neerupealiste koores kortikosteroidide (eesk\u00e4tt [&hellip;]\" \/>\n<meta property=\"og:url\" content=\"https:\/\/www.kliinikum.ee\/yhendlabor\/kasiraamat\/hormoonid-jm-immuunuuringud\/adrenokortikotroopne-hormoon-p-acth\/\" \/>\n<meta property=\"og:site_name\" content=\"\u00dchendlabor\" \/>\n<meta property=\"article:modified_time\" content=\"2025-11-26T16:19:34+00:00\" \/>\n<meta name=\"twitter:card\" content=\"summary_large_image\" \/>\n<meta name=\"twitter:label1\" content=\"Est. reading time\" \/>\n\t<meta name=\"twitter:data1\" content=\"2 minutit\" \/>\n<script type=\"application\/ld+json\" class=\"yoast-schema-graph\">{\"@context\":\"https:\\\/\\\/schema.org\",\"@graph\":[{\"@type\":\"WebPage\",\"@id\":\"https:\\\/\\\/www.kliinikum.ee\\\/yhendlabor\\\/kasiraamat\\\/hormoonid-jm-immuunuuringud\\\/adrenokortikotroopne-hormoon-p-acth\\\/\",\"url\":\"https:\\\/\\\/www.kliinikum.ee\\\/yhendlabor\\\/kasiraamat\\\/hormoonid-jm-immuunuuringud\\\/adrenokortikotroopne-hormoon-p-acth\\\/\",\"name\":\"Adrenokortikotroopne hormoon (P-ACTH) - \u00dchendlabor\",\"isPartOf\":{\"@id\":\"https:\\\/\\\/www.kliinikum.ee\\\/yhendlabor\\\/#website\"},\"datePublished\":\"2025-07-01T12:40:41+00:00\",\"dateModified\":\"2025-11-26T16:19:34+00:00\",\"breadcrumb\":{\"@id\":\"https:\\\/\\\/www.kliinikum.ee\\\/yhendlabor\\\/kasiraamat\\\/hormoonid-jm-immuunuuringud\\\/adrenokortikotroopne-hormoon-p-acth\\\/#breadcrumb\"},\"inLanguage\":\"et\",\"potentialAction\":[{\"@type\":\"ReadAction\",\"target\":[\"https:\\\/\\\/www.kliinikum.ee\\\/yhendlabor\\\/kasiraamat\\\/hormoonid-jm-immuunuuringud\\\/adrenokortikotroopne-hormoon-p-acth\\\/\"]}]},{\"@type\":\"BreadcrumbList\",\"@id\":\"https:\\\/\\\/www.kliinikum.ee\\\/yhendlabor\\\/kasiraamat\\\/hormoonid-jm-immuunuuringud\\\/adrenokortikotroopne-hormoon-p-acth\\\/#breadcrumb\",\"itemListElement\":[{\"@type\":\"ListItem\",\"position\":1,\"name\":\"Home\",\"item\":\"https:\\\/\\\/www.kliinikum.ee\\\/yhendlabor\\\/\"},{\"@type\":\"ListItem\",\"position\":2,\"name\":\"K\u00e4siraamat\",\"item\":\"https:\\\/\\\/www.kliinikum.ee\\\/yhendlabor\\\/kasiraamat\\\/\"},{\"@type\":\"ListItem\",\"position\":3,\"name\":\"Hormoonid jm immuunuuringud\",\"item\":\"https:\\\/\\\/www.kliinikum.ee\\\/yhendlabor\\\/kasiraamat\\\/hormoonid-jm-immuunuuringud\\\/\"},{\"@type\":\"ListItem\",\"position\":4,\"name\":\"Adrenokortikotroopne hormoon (P-ACTH)\"}]},{\"@type\":\"WebSite\",\"@id\":\"https:\\\/\\\/www.kliinikum.ee\\\/yhendlabor\\\/#website\",\"url\":\"https:\\\/\\\/www.kliinikum.ee\\\/yhendlabor\\\/\",\"name\":\"\u00dchendlabor\",\"description\":\"Hoolivus, Uuendusmeelsus, P\u00e4devus ja Usaldusv\u00e4\u00e4rsus\",\"potentialAction\":[{\"@type\":\"SearchAction\",\"target\":{\"@type\":\"EntryPoint\",\"urlTemplate\":\"https:\\\/\\\/www.kliinikum.ee\\\/yhendlabor\\\/?s={search_term_string}\"},\"query-input\":{\"@type\":\"PropertyValueSpecification\",\"valueRequired\":true,\"valueName\":\"search_term_string\"}}],\"inLanguage\":\"et\"}]}<\/script>\n<!-- \/ Yoast SEO plugin. -->","yoast_head_json":{"title":"Adrenokortikotroopne hormoon (P-ACTH) - \u00dchendlabor","robots":{"index":"index","follow":"follow","max-snippet":"max-snippet:-1","max-image-preview":"max-image-preview:large","max-video-preview":"max-video-preview:-1"},"canonical":"https:\/\/www.kliinikum.ee\/yhendlabor\/kasiraamat\/hormoonid-jm-immuunuuringud\/adrenokortikotroopne-hormoon-p-acth\/","og_locale":"et_EE","og_type":"article","og_title":"Adrenokortikotroopne hormoon (P-ACTH) - \u00dchendlabor","og_description":"Kliinilise keemia ja laboratoorse hematoloogia osakond Adrenokortikotroopne hormoon (kortikotropiin) on h\u00fcpof\u00fc\u00fcsi eessagaras s\u00fcnteesitav peptiidhormoon, mis koosneb 39 aminohappest. Sekretsiooni stimuleerib h\u00fcpotalamuse kortikotropiini vabastav hormoon (CRH), teatud m\u00e4\u00e4ral ka f\u00fc\u00fcsiline treening, stress ja valu. ACTH sekretsioon on episoodiline ja varieerub \u00f6\u00f6p\u00e4eva jooksul, olles maksimaalne hommikul kell 6.00\u20138.00 ja minimaalne \u00f5htul. Kortikotropiin stimuleerib neerupealiste koores kortikosteroidide (eesk\u00e4tt [&hellip;]","og_url":"https:\/\/www.kliinikum.ee\/yhendlabor\/kasiraamat\/hormoonid-jm-immuunuuringud\/adrenokortikotroopne-hormoon-p-acth\/","og_site_name":"\u00dchendlabor","article_modified_time":"2025-11-26T16:19:34+00:00","twitter_card":"summary_large_image","twitter_misc":{"Est. reading time":"2 minutit"},"schema":{"@context":"https:\/\/schema.org","@graph":[{"@type":"WebPage","@id":"https:\/\/www.kliinikum.ee\/yhendlabor\/kasiraamat\/hormoonid-jm-immuunuuringud\/adrenokortikotroopne-hormoon-p-acth\/","url":"https:\/\/www.kliinikum.ee\/yhendlabor\/kasiraamat\/hormoonid-jm-immuunuuringud\/adrenokortikotroopne-hormoon-p-acth\/","name":"Adrenokortikotroopne hormoon (P-ACTH) - \u00dchendlabor","isPartOf":{"@id":"https:\/\/www.kliinikum.ee\/yhendlabor\/#website"},"datePublished":"2025-07-01T12:40:41+00:00","dateModified":"2025-11-26T16:19:34+00:00","breadcrumb":{"@id":"https:\/\/www.kliinikum.ee\/yhendlabor\/kasiraamat\/hormoonid-jm-immuunuuringud\/adrenokortikotroopne-hormoon-p-acth\/#breadcrumb"},"inLanguage":"et","potentialAction":[{"@type":"ReadAction","target":["https:\/\/www.kliinikum.ee\/yhendlabor\/kasiraamat\/hormoonid-jm-immuunuuringud\/adrenokortikotroopne-hormoon-p-acth\/"]}]},{"@type":"BreadcrumbList","@id":"https:\/\/www.kliinikum.ee\/yhendlabor\/kasiraamat\/hormoonid-jm-immuunuuringud\/adrenokortikotroopne-hormoon-p-acth\/#breadcrumb","itemListElement":[{"@type":"ListItem","position":1,"name":"Home","item":"https:\/\/www.kliinikum.ee\/yhendlabor\/"},{"@type":"ListItem","position":2,"name":"K\u00e4siraamat","item":"https:\/\/www.kliinikum.ee\/yhendlabor\/kasiraamat\/"},{"@type":"ListItem","position":3,"name":"Hormoonid jm immuunuuringud","item":"https:\/\/www.kliinikum.ee\/yhendlabor\/kasiraamat\/hormoonid-jm-immuunuuringud\/"},{"@type":"ListItem","position":4,"name":"Adrenokortikotroopne hormoon (P-ACTH)"}]},{"@type":"WebSite","@id":"https:\/\/www.kliinikum.ee\/yhendlabor\/#website","url":"https:\/\/www.kliinikum.ee\/yhendlabor\/","name":"\u00dchendlabor","description":"Hoolivus, Uuendusmeelsus, P\u00e4devus ja Usaldusv\u00e4\u00e4rsus","potentialAction":[{"@type":"SearchAction","target":{"@type":"EntryPoint","urlTemplate":"https:\/\/www.kliinikum.ee\/yhendlabor\/?s={search_term_string}"},"query-input":{"@type":"PropertyValueSpecification","valueRequired":true,"valueName":"search_term_string"}}],"inLanguage":"et"}]}},"uagb_featured_image_src":{"full":false,"thumbnail":false,"medium":false,"medium_large":false,"large":false,"1536x1536":false,"2048x2048":false},"uagb_author_info":{"display_name":"Kadi Siigur","author_link":"https:\/\/www.kliinikum.ee\/yhendlabor\/author\/kadisi\/"},"uagb_comment_info":0,"uagb_excerpt":"Kliinilise keemia ja laboratoorse hematoloogia osakond Adrenokortikotroopne hormoon (kortikotropiin) on h\u00fcpof\u00fc\u00fcsi eessagaras s\u00fcnteesitav peptiidhormoon, mis koosneb 39 aminohappest. Sekretsiooni stimuleerib h\u00fcpotalamuse kortikotropiini vabastav hormoon (CRH), teatud m\u00e4\u00e4ral ka f\u00fc\u00fcsiline treening, stress ja valu. ACTH sekretsioon on episoodiline ja varieerub \u00f6\u00f6p\u00e4eva jooksul, olles maksimaalne hommikul kell 6.00\u20138.00 ja minimaalne \u00f5htul. Kortikotropiin stimuleerib neerupealiste koores kortikosteroidide (eesk\u00e4tt&hellip;","_links":{"self":[{"href":"https:\/\/www.kliinikum.ee\/yhendlabor\/wp-json\/wp\/v2\/pages\/12008","targetHints":{"allow":["GET"]}}],"collection":[{"href":"https:\/\/www.kliinikum.ee\/yhendlabor\/wp-json\/wp\/v2\/pages"}],"about":[{"href":"https:\/\/www.kliinikum.ee\/yhendlabor\/wp-json\/wp\/v2\/types\/page"}],"author":[{"embeddable":true,"href":"https:\/\/www.kliinikum.ee\/yhendlabor\/wp-json\/wp\/v2\/users\/38"}],"replies":[{"embeddable":true,"href":"https:\/\/www.kliinikum.ee\/yhendlabor\/wp-json\/wp\/v2\/comments?post=12008"}],"version-history":[{"count":0,"href":"https:\/\/www.kliinikum.ee\/yhendlabor\/wp-json\/wp\/v2\/pages\/12008\/revisions"}],"up":[{"embeddable":true,"href":"https:\/\/www.kliinikum.ee\/yhendlabor\/wp-json\/wp\/v2\/pages\/7271"}],"wp:attachment":[{"href":"https:\/\/www.kliinikum.ee\/yhendlabor\/wp-json\/wp\/v2\/media?parent=12008"}],"curies":[{"name":"wp","href":"https:\/\/api.w.org\/{rel}","templated":true}]}}