{"id":12012,"date":"2025-07-01T14:50:34","date_gmt":"2025-07-01T12:50:34","guid":{"rendered":"https:\/\/www.kliinikum.ee\/yhendlabor\/?page_id=12012"},"modified":"2025-11-26T18:21:53","modified_gmt":"2025-11-26T16:21:53","slug":"aldosteroon-p-aldo-aldosterooni-ja-reniini-suhe-p-aldo-p-renin","status":"publish","type":"page","link":"https:\/\/www.kliinikum.ee\/yhendlabor\/kasiraamat\/hormoonid-jm-immuunuuringud\/aldosteroon-p-aldo-aldosterooni-ja-reniini-suhe-p-aldo-p-renin\/","title":{"rendered":"Aldosteroon (P-Aldo). Aldosterooni ja reniini suhe (P-Aldo\/P-Renin)"},"content":{"rendered":"\n<p><em>Kliinilise keemia ja laboratoorse hematoloogia osakond<\/em><\/p>\n\n\n\n<p><strong>Aldosteroon <\/strong>on neerupealiste koores produtseeritav mineralokortikoid. Vaid 30\u201350% hormoonist esineb seerumis vaba vormina, \u00fclej\u00e4\u00e4nu on seotud valkudega, p\u00f5hiliselt albumiiniga. Peamised aldosterooni s\u00fcnteesi m\u00f5jutavad tegurid on reniin-angiotensiin-aldosterooni s\u00fcsteem (RAAS) ja seerumi kaaliumi sisaldus. RAAS-s\u00fcsteemi aktivatsiooni korral muundab reniin angiotensinogeeni angiotensiin I-ks, mis omakorda konverteeritakse angiotensiini konverteeriva ens\u00fc\u00fcmi (ACE) abil angiotensiin II-ks. Angiotensiin II p\u00f5hjustab tugeva vasokonstriktsiooni ning koost\u00f6\u00f6s adrenokortikotroopse hormooni (ACTH) ja kaaliumiga stimuleerib aldosterooni s\u00fcnteesi. Aldosteroon soodustab naatriumi ja vee reabsorptsiooni ja kaaliumi eritumist. Selle tulemusena t\u00f5usevad plasma maht ja verer\u00f5hk, plasma naatriumisisaldus suureneb, kaaliumisisaldus v\u00e4heneb. Aldosterooni sekretsiooni aktiivsus on s\u00f5ltuv inimese kehaasendist ning v\u00f5ib p\u00fcstiasendi puhul suureneda isegi \u00fcle kahe korra v\u00f5rreldes lamamisasendiga. Uuemate soovituste kohaselt ei v\u00f5eta enam \u201ep\u00fcsti\u201c ja \u201epikali\u201c proove, k\u00f5ige parem tulemus saadakse kui proov on v\u00f5etud hommikul peale v\u00e4hemalt 2-tunnist \u00e4rkvelolekut (Vt Uuritav materjal, selle v\u00f5tmine, saatmine ja s\u00e4ilitamine).<\/p>\n\n\n\n<p>H\u00e4ired RAAS-s\u00fcsteemi toimimises on sekundaarse h\u00fcpertensiooni kahe peamise vormi \u2013 renovaskulaarse h\u00fcpertensiooni (RVH) ja primaarse h\u00fcperaldosteronismi (PA) \u2013 p\u00f5hjustajaks. RVH ja PA moodustavad 15\u221220% k\u00f5igist h\u00fcpertensiooni p\u00f5hjustest. RVH p\u00f5hjuseks on \u00fche v\u00f5i m\u00f5lema neeruarteri ahenemine ateroskleroosi v\u00f5i fibromuskulaarse d\u00fcsplaasia t\u00f5ttu. PA p\u00f5hjusteks on neerupealise adenoom v\u00f5i neerupealis(t)e h\u00fcperplaasia, harva on p\u00f5hjuseks p\u00e4rilik gl\u00fckokortikoid-s\u00f5ltuv aldosteronism.<\/p>\n\n\n\n<p class=\"has-medium-font-size\"><strong>Uuritav materjal, selle v\u00f5tmine, saatmine ja s\u00e4ilitamine<\/strong><\/p>\n\n\n\n<p>Soovitav on proov v\u00f5tta hommikul v\u00e4hemalt 2 tundi peale patsiendi \u00e4rkamist (patsient on olnud p\u00fcstiasendis). Enne prooviv\u00f5ttu peab patsient 5\u221215 minutit istuma (<em>An Endocrine Society Clinical Practice Guideline<\/em>, 2008).<\/p>\n\n\n\n<p>Kui aldosterooni m\u00e4\u00e4ratakse koos reniiniga, siis tuleb proov kr\u00fcoaktivatsiooni v\u00e4ltimiseks v\u00f5tta, tsentrifuugida ja s\u00e4ilitada <em>toatemperatuuril <\/em>(<em>ei tohi <\/em>hoida 2\u20138 \u00b0C juures).<\/p>\n\n\n\n<figure class=\"wp-block-table is-style-stripes\"><table width=\"100%\"><tbody><tr><td width=\"1%\"><\/td><td width=\"20%\"><strong>Katsuti<\/strong><\/td><td width=\"79%\">K2E\/K3E-katsuti (lilla kork)<\/td><\/tr><tr><td><\/td><td><strong>Anal\u00fc\u00fcsitav kogus<\/strong><\/td><td>V\u00e4hemalt 0,5 mL plasmat (piisab nii aldosterooni kui reniini m\u00e4\u00e4ramiseks)<\/td><\/tr><tr><td><\/td><td><strong>S\u00e4ilivus<\/strong><\/td><td>Plasma toatemperatuuril \u00fcks p\u00e4ev, -20 \u00b0C pikemat aega<\/td><\/tr><\/tbody><\/table><\/figure>\n\n\n\n<p class=\"has-medium-font-size\"><strong>Anal\u00fc\u00fcsi tegemise aeg:<\/strong> \u00fcks kord n\u00e4dalas (reedeti)<\/p>\n\n\n\n<p class=\"has-medium-font-size\"><strong>Anal\u00fc\u00fcsimeetod: <\/strong>kemoluminestsentsmeetod (CLIA)<\/p>\n\n\n\n<p class=\"has-medium-font-size\"><strong>Referentsv\u00e4\u00e4rtused<\/strong><\/p>\n\n\n\n<figure class=\"wp-block-table\"><table width=\"100%\"><tbody><tr><td width=\"1%\"><\/td><td width=\"30%\">&nbsp;<\/td><td width=\"69%\">P\u00fcsti<\/td><\/tr><tr><td><\/td><td><strong>4 p \u2013 &lt; 8 p<\/strong><\/td><td>5,0\u2013175,0 ng\/dL*<\/td><\/tr><tr><td><\/td><td><strong>1 k \u2013 &lt; 1 a<\/strong><\/td><td>5,0\u201390,0 ng\/dL*<\/td><\/tr><tr><td><\/td><td><strong>1 a \u2013 &lt; 2 a<\/strong><\/td><td>7,0\u201354,0 ng\/dL*<\/td><\/tr><tr><td><\/td><td><strong>2 a \u2013 &lt; 10 a<\/strong><\/td><td>5,0\u201380,0 ng\/dL<\/td><\/tr><tr><td><\/td><td><strong>10 a \u2013 &lt; 15 a<\/strong><\/td><td>4,0\u201348,0 ng\/dL<\/td><\/tr><tr><td><\/td><td><strong>15 a \u2013 &lt; 66 a<\/strong><\/td><td>3,7\u221243,2 ng\/dL<\/td><\/tr><\/tbody><\/table><\/figure>\n\n\n\n<p>*Kuni 2-aastastel lastel on referentsv\u00e4\u00e4rtused pikaliasendi jaoks<\/p>\n\n\n\n<p class=\"has-medium-font-size\"><strong>N\u00e4idustus ja kliiniline t\u00e4hendus<\/strong><\/p>\n\n\n\n<p>Sekundaarse h\u00fcpertensiooni diferentsiaaldiagnostika.<\/p>\n\n\n\n<p>Aldosterooni tase on t\u00f5usnud nii PA (reniini tase madal) kui RVH korral (reniini tase k\u00f5rge). Aldosterooni sisaldust suurendavad veel h\u00fcperkaleemia, soola v\u00e4hesus toidus, rasedus.<\/p>\n\n\n\n<p>PA suhtes tuleks teha anal\u00fc\u00fcsid j\u00e4rgmistel juhtudel: h\u00fcpertensiooni 2. (RR 160-179\/100-109) ja 3. staadium (RR &gt; 180\/110); ravile allumatu h\u00fcpertensioon; h\u00fcpertensioon koos h\u00fcpokaleemiaga; h\u00fcpertensioon koos intsidentaloomiga; h\u00fcpertensioon ja perekonnaanamneesis varase algusega (&lt; 40 a) h\u00fcpertensioon v\u00f5i tserebrovaskulaarne s\u00fcndmus; PA-ga patsientide h\u00fcpertensiivsed esimese astme sugulased. Varane diagnoosimine parandab tunduvalt PA ravitulemusi. K\u00f5ige tundlikum s\u00f5eltest PA tuvastamiseks on aldosterooni ja reniini suhe (ARR). ARR suureneb PA korral, otsustuspiir PA diagnoosimiseks t\u00e4iskasvanutel on &gt; 0,9. ARR on kasutatav ainult s\u00f5eltestina, kuna esineb rohkelt valepositiivseid ja valenegatiivseid tulemusi. Valepositiivseid tulemusi p\u00f5hjustavad \u03b2-blokaatorid, \u03b12-agonistid, NSAIDid, s\u00fcnteetilised \u00f6strogeeni preparaadid, h\u00fcperkaleemia, suur soola tarbimine, neerupuudulikkus. Valenegatiivseid tulemusi p\u00f5hjustavad diureetikumid, ACE-inhibiitorid, angiotensiini retseptori blokaatorid, h\u00fcpokaleemia, v\u00e4hene soola tarbimine, rasedus. Positiivse tulemuse korral peab diagnoosi kinnitama NaCl-infusioonitesti (nn mahukoormustesti) v\u00f5i kaptopriiltestiga (vt allpool).<\/p>\n\n\n\n<p>Aldosterooni tase on langenud primaarse neerupealiste puudulikkuse (Addisoni t\u00f5ve), h\u00fcporeniinilise h\u00fcpoaldosteronismi korral. Aldosterooni sisaldust v\u00e4hendavad veel \u03b2-blokaatorid, \u03b12-agonstid, NSAIDid, ACE-inhibiitorid, ARB, h\u00fcpokaleemia, toidu suur soolasisaldus, s\u00fcnteetilised gl\u00fckokortikosteroidid.<\/p>\n\n\n\n<p class=\"has-large-font-size\"><strong>NaCl-infusioonitest (mahukoormustest)<\/strong><\/p>\n\n\n\n<p class=\"has-medium-font-size\"><strong>Protseduur<\/strong><\/p>\n\n\n\n<p>Tund enne protseduuri algust ja selle ajal peab patsient olema rahuolekus. Patsiendile infundeeritakse 2 L isotoonilist NaCl lahust nelja tunni jooksul (500 mL\/h). Veri aldosterooni m\u00e4\u00e4ramiseks v\u00f5etakse enne infusiooni algust ja peale infusiooni l\u00f5ppu, st 4 tunni m\u00f6\u00f6dudes.<\/p>\n\n\n\n<p class=\"has-medium-font-size\"><strong>N\u00e4idustus ja kliiniline t\u00e4hendus<\/strong><\/p>\n\n\n\n<p>PA kahtlus, kinnitav test positiivse ARR tulemuse korral.<\/p>\n\n\n\n<p>Infusioonij\u00e4rgne aldosterooni tase &lt; 5 ng\/dL muudab PA diagnoosi ebat\u00f5en\u00e4oliseks, tulemus &gt; 10 ng\/dL viitab PA-le. Vahemikus 5\u221210 ng\/dL j\u00e4\u00e4b tulemus ebaselgeks.<\/p>\n\n\n\n<p class=\"has-medium-font-size\"><strong>NB!<\/strong><\/p>\n\n\n\n<p>Testi ei tohi teha v\u00e4ljendunud s\u00fcdame- ja neerupuudulikkuse, kontrollimatu h\u00fcpertensiooni, s\u00fcdame r\u00fctmih\u00e4irete ja v\u00e4ljendunud h\u00fcpokaleemia korral.<\/p>\n\n\n\n<p class=\"has-large-font-size\"><strong>Kaptopriiltest<\/strong><\/p>\n\n\n\n<p>Kaptopriil on angiotensiini konverteeriva ens\u00fc\u00fcmi inhibiitor, mis blokeerib angiotensiin II produktsiooni, v\u00e4hendades sellega aldosterooni sekretsiooni.<\/p>\n\n\n\n<p class=\"has-medium-font-size\"><strong>Protseduur<\/strong><\/p>\n\n\n\n<p>Patsient peab enne proovi v\u00e4hemalt 1 tunni istuma v\u00f5i seisma ja j\u00e4\u00e4ma istuvasse asendisse kogu proovi ajaks. Manustatakse suukaudselt 25\u221250 mg kaptopriili. Enne kaptopriili manustamist ning \u00fcks ja kaks tundi peale seda v\u00f5etakse veenist veri plasma reniini, aldosterooni ja kortisooli m\u00e4\u00e4ramiseks.<\/p>\n\n\n\n<p class=\"has-medium-font-size\"><strong>N\u00e4idustus ja kliiniline t\u00e4hendus<\/strong><\/p>\n\n\n\n<p>PA kahtlus, kinnitav test positiivse ARR tulemuse korral.<\/p>\n\n\n\n<p>Normaalse reageeringu puhul v\u00e4heneb aldosterooni tase &gt; 30%. PA korral aldosterooni sisaldus ei v\u00e4hene ja ka reniini tase j\u00e4\u00e4b madalaks.<\/p>\n\n\n\n<p>Koostaja: Kaja Vaagen<br>Muudetud 05.09.2022<\/p>\n\n\n\n<p><\/p>\n","protected":false},"excerpt":{"rendered":"<p>Kliinilise keemia ja laboratoorse hematoloogia osakond Aldosteroon on neerupealiste koores produtseeritav mineralokortikoid. Vaid 30\u201350% hormoonist esineb seerumis vaba vormina, \u00fclej\u00e4\u00e4nu on seotud valkudega, p\u00f5hiliselt albumiiniga. Peamised aldosterooni s\u00fcnteesi m\u00f5jutavad tegurid on reniin-angiotensiin-aldosterooni s\u00fcsteem (RAAS) ja seerumi kaaliumi sisaldus. RAAS-s\u00fcsteemi aktivatsiooni korral muundab reniin angiotensinogeeni angiotensiin I-ks, mis omakorda konverteeritakse angiotensiini konverteeriva ens\u00fc\u00fcmi (ACE) abil angiotensiin [&hellip;]<\/p>\n","protected":false},"author":38,"featured_media":0,"parent":7271,"menu_order":0,"comment_status":"closed","ping_status":"closed","template":"","meta":{"_uag_custom_page_level_css":"","footnotes":""},"class_list":["post-12012","page","type-page","status-publish","hentry"],"acf":[],"yoast_head":"<!-- This site is optimized with the Yoast SEO plugin v27.3 - https:\/\/yoast.com\/product\/yoast-seo-wordpress\/ -->\n<title>Aldosteroon (P-Aldo). Aldosterooni ja reniini suhe (P-Aldo\/P-Renin) - \u00dchendlabor<\/title>\n<meta name=\"robots\" content=\"index, follow, max-snippet:-1, max-image-preview:large, max-video-preview:-1\" \/>\n<link rel=\"canonical\" href=\"https:\/\/www.kliinikum.ee\/yhendlabor\/kasiraamat\/hormoonid-jm-immuunuuringud\/aldosteroon-p-aldo-aldosterooni-ja-reniini-suhe-p-aldo-p-renin\/\" \/>\n<meta property=\"og:locale\" content=\"et_EE\" \/>\n<meta property=\"og:type\" content=\"article\" \/>\n<meta property=\"og:title\" content=\"Aldosteroon (P-Aldo). Aldosterooni ja reniini suhe (P-Aldo\/P-Renin) - \u00dchendlabor\" \/>\n<meta property=\"og:description\" content=\"Kliinilise keemia ja laboratoorse hematoloogia osakond Aldosteroon on neerupealiste koores produtseeritav mineralokortikoid. Vaid 30\u201350% hormoonist esineb seerumis vaba vormina, \u00fclej\u00e4\u00e4nu on seotud valkudega, p\u00f5hiliselt albumiiniga. Peamised aldosterooni s\u00fcnteesi m\u00f5jutavad tegurid on reniin-angiotensiin-aldosterooni s\u00fcsteem (RAAS) ja seerumi kaaliumi sisaldus. RAAS-s\u00fcsteemi aktivatsiooni korral muundab reniin angiotensinogeeni angiotensiin I-ks, mis omakorda konverteeritakse angiotensiini konverteeriva ens\u00fc\u00fcmi (ACE) abil angiotensiin [&hellip;]\" \/>\n<meta property=\"og:url\" content=\"https:\/\/www.kliinikum.ee\/yhendlabor\/kasiraamat\/hormoonid-jm-immuunuuringud\/aldosteroon-p-aldo-aldosterooni-ja-reniini-suhe-p-aldo-p-renin\/\" \/>\n<meta property=\"og:site_name\" content=\"\u00dchendlabor\" \/>\n<meta property=\"article:modified_time\" content=\"2025-11-26T16:21:53+00:00\" \/>\n<meta name=\"twitter:card\" content=\"summary_large_image\" \/>\n<meta name=\"twitter:label1\" content=\"Est. reading time\" \/>\n\t<meta name=\"twitter:data1\" content=\"4 minutit\" \/>\n<script type=\"application\/ld+json\" class=\"yoast-schema-graph\">{\"@context\":\"https:\\\/\\\/schema.org\",\"@graph\":[{\"@type\":\"WebPage\",\"@id\":\"https:\\\/\\\/www.kliinikum.ee\\\/yhendlabor\\\/kasiraamat\\\/hormoonid-jm-immuunuuringud\\\/aldosteroon-p-aldo-aldosterooni-ja-reniini-suhe-p-aldo-p-renin\\\/\",\"url\":\"https:\\\/\\\/www.kliinikum.ee\\\/yhendlabor\\\/kasiraamat\\\/hormoonid-jm-immuunuuringud\\\/aldosteroon-p-aldo-aldosterooni-ja-reniini-suhe-p-aldo-p-renin\\\/\",\"name\":\"Aldosteroon (P-Aldo). Aldosterooni ja reniini suhe (P-Aldo\\\/P-Renin) - \u00dchendlabor\",\"isPartOf\":{\"@id\":\"https:\\\/\\\/www.kliinikum.ee\\\/yhendlabor\\\/#website\"},\"datePublished\":\"2025-07-01T12:50:34+00:00\",\"dateModified\":\"2025-11-26T16:21:53+00:00\",\"breadcrumb\":{\"@id\":\"https:\\\/\\\/www.kliinikum.ee\\\/yhendlabor\\\/kasiraamat\\\/hormoonid-jm-immuunuuringud\\\/aldosteroon-p-aldo-aldosterooni-ja-reniini-suhe-p-aldo-p-renin\\\/#breadcrumb\"},\"inLanguage\":\"et\",\"potentialAction\":[{\"@type\":\"ReadAction\",\"target\":[\"https:\\\/\\\/www.kliinikum.ee\\\/yhendlabor\\\/kasiraamat\\\/hormoonid-jm-immuunuuringud\\\/aldosteroon-p-aldo-aldosterooni-ja-reniini-suhe-p-aldo-p-renin\\\/\"]}]},{\"@type\":\"BreadcrumbList\",\"@id\":\"https:\\\/\\\/www.kliinikum.ee\\\/yhendlabor\\\/kasiraamat\\\/hormoonid-jm-immuunuuringud\\\/aldosteroon-p-aldo-aldosterooni-ja-reniini-suhe-p-aldo-p-renin\\\/#breadcrumb\",\"itemListElement\":[{\"@type\":\"ListItem\",\"position\":1,\"name\":\"Home\",\"item\":\"https:\\\/\\\/www.kliinikum.ee\\\/yhendlabor\\\/\"},{\"@type\":\"ListItem\",\"position\":2,\"name\":\"K\u00e4siraamat\",\"item\":\"https:\\\/\\\/www.kliinikum.ee\\\/yhendlabor\\\/kasiraamat\\\/\"},{\"@type\":\"ListItem\",\"position\":3,\"name\":\"Hormoonid jm immuunuuringud\",\"item\":\"https:\\\/\\\/www.kliinikum.ee\\\/yhendlabor\\\/kasiraamat\\\/hormoonid-jm-immuunuuringud\\\/\"},{\"@type\":\"ListItem\",\"position\":4,\"name\":\"Aldosteroon (P-Aldo). Aldosterooni ja reniini suhe (P-Aldo\\\/P-Renin)\"}]},{\"@type\":\"WebSite\",\"@id\":\"https:\\\/\\\/www.kliinikum.ee\\\/yhendlabor\\\/#website\",\"url\":\"https:\\\/\\\/www.kliinikum.ee\\\/yhendlabor\\\/\",\"name\":\"\u00dchendlabor\",\"description\":\"Hoolivus, Uuendusmeelsus, P\u00e4devus ja Usaldusv\u00e4\u00e4rsus\",\"potentialAction\":[{\"@type\":\"SearchAction\",\"target\":{\"@type\":\"EntryPoint\",\"urlTemplate\":\"https:\\\/\\\/www.kliinikum.ee\\\/yhendlabor\\\/?s={search_term_string}\"},\"query-input\":{\"@type\":\"PropertyValueSpecification\",\"valueRequired\":true,\"valueName\":\"search_term_string\"}}],\"inLanguage\":\"et\"}]}<\/script>\n<!-- \/ Yoast SEO plugin. -->","yoast_head_json":{"title":"Aldosteroon (P-Aldo). Aldosterooni ja reniini suhe (P-Aldo\/P-Renin) - \u00dchendlabor","robots":{"index":"index","follow":"follow","max-snippet":"max-snippet:-1","max-image-preview":"max-image-preview:large","max-video-preview":"max-video-preview:-1"},"canonical":"https:\/\/www.kliinikum.ee\/yhendlabor\/kasiraamat\/hormoonid-jm-immuunuuringud\/aldosteroon-p-aldo-aldosterooni-ja-reniini-suhe-p-aldo-p-renin\/","og_locale":"et_EE","og_type":"article","og_title":"Aldosteroon (P-Aldo). Aldosterooni ja reniini suhe (P-Aldo\/P-Renin) - \u00dchendlabor","og_description":"Kliinilise keemia ja laboratoorse hematoloogia osakond Aldosteroon on neerupealiste koores produtseeritav mineralokortikoid. Vaid 30\u201350% hormoonist esineb seerumis vaba vormina, \u00fclej\u00e4\u00e4nu on seotud valkudega, p\u00f5hiliselt albumiiniga. Peamised aldosterooni s\u00fcnteesi m\u00f5jutavad tegurid on reniin-angiotensiin-aldosterooni s\u00fcsteem (RAAS) ja seerumi kaaliumi sisaldus. RAAS-s\u00fcsteemi aktivatsiooni korral muundab reniin angiotensinogeeni angiotensiin I-ks, mis omakorda konverteeritakse angiotensiini konverteeriva ens\u00fc\u00fcmi (ACE) abil angiotensiin [&hellip;]","og_url":"https:\/\/www.kliinikum.ee\/yhendlabor\/kasiraamat\/hormoonid-jm-immuunuuringud\/aldosteroon-p-aldo-aldosterooni-ja-reniini-suhe-p-aldo-p-renin\/","og_site_name":"\u00dchendlabor","article_modified_time":"2025-11-26T16:21:53+00:00","twitter_card":"summary_large_image","twitter_misc":{"Est. reading time":"4 minutit"},"schema":{"@context":"https:\/\/schema.org","@graph":[{"@type":"WebPage","@id":"https:\/\/www.kliinikum.ee\/yhendlabor\/kasiraamat\/hormoonid-jm-immuunuuringud\/aldosteroon-p-aldo-aldosterooni-ja-reniini-suhe-p-aldo-p-renin\/","url":"https:\/\/www.kliinikum.ee\/yhendlabor\/kasiraamat\/hormoonid-jm-immuunuuringud\/aldosteroon-p-aldo-aldosterooni-ja-reniini-suhe-p-aldo-p-renin\/","name":"Aldosteroon (P-Aldo). Aldosterooni ja reniini suhe (P-Aldo\/P-Renin) - \u00dchendlabor","isPartOf":{"@id":"https:\/\/www.kliinikum.ee\/yhendlabor\/#website"},"datePublished":"2025-07-01T12:50:34+00:00","dateModified":"2025-11-26T16:21:53+00:00","breadcrumb":{"@id":"https:\/\/www.kliinikum.ee\/yhendlabor\/kasiraamat\/hormoonid-jm-immuunuuringud\/aldosteroon-p-aldo-aldosterooni-ja-reniini-suhe-p-aldo-p-renin\/#breadcrumb"},"inLanguage":"et","potentialAction":[{"@type":"ReadAction","target":["https:\/\/www.kliinikum.ee\/yhendlabor\/kasiraamat\/hormoonid-jm-immuunuuringud\/aldosteroon-p-aldo-aldosterooni-ja-reniini-suhe-p-aldo-p-renin\/"]}]},{"@type":"BreadcrumbList","@id":"https:\/\/www.kliinikum.ee\/yhendlabor\/kasiraamat\/hormoonid-jm-immuunuuringud\/aldosteroon-p-aldo-aldosterooni-ja-reniini-suhe-p-aldo-p-renin\/#breadcrumb","itemListElement":[{"@type":"ListItem","position":1,"name":"Home","item":"https:\/\/www.kliinikum.ee\/yhendlabor\/"},{"@type":"ListItem","position":2,"name":"K\u00e4siraamat","item":"https:\/\/www.kliinikum.ee\/yhendlabor\/kasiraamat\/"},{"@type":"ListItem","position":3,"name":"Hormoonid jm immuunuuringud","item":"https:\/\/www.kliinikum.ee\/yhendlabor\/kasiraamat\/hormoonid-jm-immuunuuringud\/"},{"@type":"ListItem","position":4,"name":"Aldosteroon (P-Aldo). Aldosterooni ja reniini suhe (P-Aldo\/P-Renin)"}]},{"@type":"WebSite","@id":"https:\/\/www.kliinikum.ee\/yhendlabor\/#website","url":"https:\/\/www.kliinikum.ee\/yhendlabor\/","name":"\u00dchendlabor","description":"Hoolivus, Uuendusmeelsus, P\u00e4devus ja Usaldusv\u00e4\u00e4rsus","potentialAction":[{"@type":"SearchAction","target":{"@type":"EntryPoint","urlTemplate":"https:\/\/www.kliinikum.ee\/yhendlabor\/?s={search_term_string}"},"query-input":{"@type":"PropertyValueSpecification","valueRequired":true,"valueName":"search_term_string"}}],"inLanguage":"et"}]}},"uagb_featured_image_src":{"full":false,"thumbnail":false,"medium":false,"medium_large":false,"large":false,"1536x1536":false,"2048x2048":false},"uagb_author_info":{"display_name":"Kadi Siigur","author_link":"https:\/\/www.kliinikum.ee\/yhendlabor\/author\/kadisi\/"},"uagb_comment_info":0,"uagb_excerpt":"Kliinilise keemia ja laboratoorse hematoloogia osakond Aldosteroon on neerupealiste koores produtseeritav mineralokortikoid. Vaid 30\u201350% hormoonist esineb seerumis vaba vormina, \u00fclej\u00e4\u00e4nu on seotud valkudega, p\u00f5hiliselt albumiiniga. Peamised aldosterooni s\u00fcnteesi m\u00f5jutavad tegurid on reniin-angiotensiin-aldosterooni s\u00fcsteem (RAAS) ja seerumi kaaliumi sisaldus. RAAS-s\u00fcsteemi aktivatsiooni korral muundab reniin angiotensinogeeni angiotensiin I-ks, mis omakorda konverteeritakse angiotensiini konverteeriva ens\u00fc\u00fcmi (ACE) abil angiotensiin&hellip;","_links":{"self":[{"href":"https:\/\/www.kliinikum.ee\/yhendlabor\/wp-json\/wp\/v2\/pages\/12012","targetHints":{"allow":["GET"]}}],"collection":[{"href":"https:\/\/www.kliinikum.ee\/yhendlabor\/wp-json\/wp\/v2\/pages"}],"about":[{"href":"https:\/\/www.kliinikum.ee\/yhendlabor\/wp-json\/wp\/v2\/types\/page"}],"author":[{"embeddable":true,"href":"https:\/\/www.kliinikum.ee\/yhendlabor\/wp-json\/wp\/v2\/users\/38"}],"replies":[{"embeddable":true,"href":"https:\/\/www.kliinikum.ee\/yhendlabor\/wp-json\/wp\/v2\/comments?post=12012"}],"version-history":[{"count":0,"href":"https:\/\/www.kliinikum.ee\/yhendlabor\/wp-json\/wp\/v2\/pages\/12012\/revisions"}],"up":[{"embeddable":true,"href":"https:\/\/www.kliinikum.ee\/yhendlabor\/wp-json\/wp\/v2\/pages\/7271"}],"wp:attachment":[{"href":"https:\/\/www.kliinikum.ee\/yhendlabor\/wp-json\/wp\/v2\/media?parent=12012"}],"curies":[{"name":"wp","href":"https:\/\/api.w.org\/{rel}","templated":true}]}}