{"id":12024,"date":"2025-07-01T15:27:42","date_gmt":"2025-07-01T13:27:42","guid":{"rendered":"https:\/\/www.kliinikum.ee\/yhendlabor\/?page_id=12024"},"modified":"2025-11-26T18:26:32","modified_gmt":"2025-11-26T16:26:32","slug":"anti-mulleri-hormoon-sp-amh","status":"publish","type":"page","link":"https:\/\/www.kliinikum.ee\/yhendlabor\/kasiraamat\/hormoonid-jm-immuunuuringud\/anti-mulleri-hormoon-sp-amh\/","title":{"rendered":"Anti-M\u00fclleri hormoon (S,P-AMH)"},"content":{"rendered":"\n<p><em>Kliinilise keemia ja laboratoorse hematoloogia osakond<\/em><\/p>\n\n\n\n<p><strong>Anti-M\u00fclleri hormoon (AMH)<\/strong> on homodimeerne gl\u00fckoproteiin, mis kuulub transformeeriva kasvufaktor beeta (TGF \u03b2) perekonda, olles seotud kudede kasvu ja diferentseerumise reguleerimisega.<\/p>\n\n\n\n<p>Meestel s\u00fcnteesitakse AMH-d munandite Sertoli rakkudes. Embr\u00fcogeneesi k\u00e4igus tagab AMH sekretsioon M\u00fclleri juhade taandarengu ja mehe reproduktiivorganite arengu. Sekretsioon j\u00e4tkub kuni puberteedini ja siis v\u00e4heneb j\u00e4rk-j\u00e4rgult.<\/p>\n\n\n\n<p>Naistel m\u00e4ngib AMH olulist rolli follikulogeneesis. AMH-d produtseeritakse primaarsete folliikulite granuloosa rakkudes ja preantraalsete ning v\u00e4ikeste antraalsete folliikulite (~6 mm) granuloosa rakkudes. Folliikuli edasisel k\u00fcpsemisel muutub see tundlikuks FSH regulatsioonile ja AMH sekretsioon lakkab. S\u00fcnnimomendil on AMH tase seerumis v\u00e4ga minimaalne, saavutab k\u00f5rgeima v\u00e4\u00e4rtuse puberteedieas, seej\u00e4rel v\u00e4heneb j\u00e4rk-j\u00e4rgult ja muutub m\u00e4\u00e4ramatuks menopausis. Menstruatsioonits\u00fckli k\u00e4igus on AMH sisaldus k\u00fcllaltki stabiilne. Kombineeritud rasestumisvastaste vahendite tarvitamisel v\u00e4heneb AMH tase m\u00e4rgatavalt.<\/p>\n\n\n\n<p class=\"has-medium-font-size\"><strong>Uuritav materjal, selle v\u00f5tmine, saatmine ja s\u00e4ilitamine<\/strong><\/p>\n\n\n\n<figure class=\"wp-block-table is-style-stripes\"><table width=\"100%\"><tbody><tr><td width=\"1%\"><\/td><td width=\"15%\"><strong>Katsuti<\/strong><\/td><td width=\"84%\">Geeli ja h\u00fc\u00fcbimisaktivaatoriga katsuti (punane kollase r\u00f5ngaga v\u00f5i kollane kork), geeliga LH-katsuti (roheline kollase r\u00f5ngaga v\u00f5i heleroheline kork)<\/td><\/tr><tr><td><\/td><td><strong>S\u00e4ilivus<\/strong><\/td><td>Seerum\/plasma toatemperatuuril kolm p\u00e4eva, +4 \u00b0C viis p\u00e4eva, -20 \u00b0C kuus kuud<\/td><\/tr><\/tbody><\/table><\/figure>\n\n\n\n<p class=\"has-medium-font-size\"><strong>Anal\u00fc\u00fcsi tegemise aeg:<\/strong> t\u00f6\u00f6p\u00e4eviti<\/p>\n\n\n\n<p class=\"has-medium-font-size\"><strong>Anal\u00fc\u00fcsimeetod: <\/strong>elektrokemoluminestsents-immuunmeetod (ECLIA)<\/p>\n\n\n\n<p class=\"has-medium-font-size\"><strong>Referentsv\u00e4\u00e4rtused<\/strong><\/p>\n\n\n\n<figure class=\"wp-block-table\"><table width=\"100%\"><tbody><tr><td width=\"1%\"><\/td><td width=\"3%\"><strong>M<\/strong><\/td><td width=\"30%\"><strong>\u2265 18 a<\/strong><\/td><td width=\"66%\">0,77\u201314,5 \u00b5g\/L<\/td><\/tr><tr><td><\/td><td><strong>N<\/strong><\/td><td><strong>20 a \u2013 &lt; 25 a<\/strong><\/td><td>1,22\u201311,7 \u00b5g\/L<\/td><\/tr><tr><td><\/td><td><\/td><td><strong>25 a \u2013 &lt; 30 a<\/strong><\/td><td>0,89\u20139,85 \u00b5g\/L<\/td><\/tr><tr><td><\/td><td><\/td><td><strong>30 a \u2013 &lt; 35 a<\/strong><\/td><td>0,58\u20138,13 \u00b5g\/L<\/td><\/tr><tr><td><\/td><td><\/td><td><strong>35 a \u2013 &lt; 40 a<\/strong><\/td><td>0,15\u20137,49 \u00b5g\/L<\/td><\/tr><tr><td><\/td><td><\/td><td><strong>40 a \u2013 &lt; 45 a<\/strong><\/td><td>0,03\u20135,47 \u00b5g\/L<\/td><\/tr><tr><td><\/td><td><\/td><td><strong>45 a \u2013 &lt; 51 a<\/strong><\/td><td>0,01\u20132,71 \u00b5g\/L<\/td><\/tr><\/tbody><\/table><\/figure>\n\n\n\n<p class=\"has-medium-font-size\"><strong>N\u00e4idustus ja kliiniline t\u00e4hendus<\/strong><\/p>\n\n\n\n<p>Antraalsete folliikulite arvu (AFC) hindamine ovariaalse reservi m\u00e4\u00e4ramisel ja pol\u00fcts\u00fcstiliste ovaariumide s\u00fcndroomi (PCOS) diagnoosimisel; ovaariumide stimulatsiooni potentsiaalse efekti hindamine. Menopausaalse staatuse hindamine.<\/p>\n\n\n\n<p>K\u00f5rgema AMH tasemega naistel esineb parem ravivastus ovaariumide stimulatsioonile kui madala AMH tasemega naistel. AMH tase perimenopausaalses v\u00f5i menopausaalses vahemikus viitab see minimaalsele v\u00f5i puuduvale ovariaalsele reservile ja ovaariumide stimulatsioon suure t\u00f5en\u00e4osusega ei \u00f5nnestu. Teisalt AMH kontsentratsioon &gt; 2,1 \u00b5g\/L &nbsp;t\u00f5stab munasarjade h\u00fcperstimulatsiooni s\u00fcndroomi riski gonadotropiinide manustamise j\u00e4rgselt.<\/p>\n\n\n\n<p>PCOS puhul v\u00f5ib AMH tase olla isegi 2\u20135 korda k\u00f5rgem kui ealine referentspiir, kuna neil patsientidel on v\u00e4ikeste folliikulite arv v\u00e4ga suur.<\/p>\n\n\n\n<p>AMH tase v\u00f5ib olla k\u00f5rgem ka munasarjade granuloosrakulise kasvaja korral (~10% munasarja kasvajatest). Sellisel juhul saab AMH taset kasutada haiguskulu j\u00e4lgimisel.<\/p>\n\n\n\n<p>Koostaja: Kaja Vaagen<br>Muudetud 05.03.2021<\/p>\n","protected":false},"excerpt":{"rendered":"<p>Kliinilise keemia ja laboratoorse hematoloogia osakond Anti-M\u00fclleri hormoon (AMH) on homodimeerne gl\u00fckoproteiin, mis kuulub transformeeriva kasvufaktor beeta (TGF \u03b2) perekonda, olles seotud kudede kasvu ja diferentseerumise reguleerimisega. Meestel s\u00fcnteesitakse AMH-d munandite Sertoli rakkudes. Embr\u00fcogeneesi k\u00e4igus tagab AMH sekretsioon M\u00fclleri juhade taandarengu ja mehe reproduktiivorganite arengu. Sekretsioon j\u00e4tkub kuni puberteedini ja siis v\u00e4heneb j\u00e4rk-j\u00e4rgult. Naistel m\u00e4ngib [&hellip;]<\/p>\n","protected":false},"author":38,"featured_media":0,"parent":7271,"menu_order":0,"comment_status":"closed","ping_status":"closed","template":"","meta":{"_uag_custom_page_level_css":"","footnotes":""},"class_list":["post-12024","page","type-page","status-publish","hentry"],"acf":[],"yoast_head":"<!-- This site is optimized with the Yoast SEO plugin v27.3 - https:\/\/yoast.com\/product\/yoast-seo-wordpress\/ -->\n<title>Anti-M\u00fclleri hormoon (S,P-AMH) - \u00dchendlabor<\/title>\n<meta name=\"robots\" content=\"index, follow, max-snippet:-1, max-image-preview:large, max-video-preview:-1\" \/>\n<link rel=\"canonical\" href=\"https:\/\/www.kliinikum.ee\/yhendlabor\/kasiraamat\/hormoonid-jm-immuunuuringud\/anti-mulleri-hormoon-sp-amh\/\" \/>\n<meta property=\"og:locale\" content=\"et_EE\" \/>\n<meta property=\"og:type\" content=\"article\" \/>\n<meta property=\"og:title\" content=\"Anti-M\u00fclleri hormoon (S,P-AMH) - \u00dchendlabor\" \/>\n<meta property=\"og:description\" content=\"Kliinilise keemia ja laboratoorse hematoloogia osakond Anti-M\u00fclleri hormoon (AMH) on homodimeerne gl\u00fckoproteiin, mis kuulub transformeeriva kasvufaktor beeta (TGF \u03b2) perekonda, olles seotud kudede kasvu ja diferentseerumise reguleerimisega. Meestel s\u00fcnteesitakse AMH-d munandite Sertoli rakkudes. Embr\u00fcogeneesi k\u00e4igus tagab AMH sekretsioon M\u00fclleri juhade taandarengu ja mehe reproduktiivorganite arengu. Sekretsioon j\u00e4tkub kuni puberteedini ja siis v\u00e4heneb j\u00e4rk-j\u00e4rgult. Naistel m\u00e4ngib [&hellip;]\" \/>\n<meta property=\"og:url\" content=\"https:\/\/www.kliinikum.ee\/yhendlabor\/kasiraamat\/hormoonid-jm-immuunuuringud\/anti-mulleri-hormoon-sp-amh\/\" \/>\n<meta property=\"og:site_name\" content=\"\u00dchendlabor\" \/>\n<meta property=\"article:modified_time\" content=\"2025-11-26T16:26:32+00:00\" \/>\n<meta name=\"twitter:card\" content=\"summary_large_image\" \/>\n<meta name=\"twitter:label1\" content=\"Est. reading time\" \/>\n\t<meta name=\"twitter:data1\" content=\"2 minutit\" \/>\n<script type=\"application\/ld+json\" class=\"yoast-schema-graph\">{\"@context\":\"https:\\\/\\\/schema.org\",\"@graph\":[{\"@type\":\"WebPage\",\"@id\":\"https:\\\/\\\/www.kliinikum.ee\\\/yhendlabor\\\/kasiraamat\\\/hormoonid-jm-immuunuuringud\\\/anti-mulleri-hormoon-sp-amh\\\/\",\"url\":\"https:\\\/\\\/www.kliinikum.ee\\\/yhendlabor\\\/kasiraamat\\\/hormoonid-jm-immuunuuringud\\\/anti-mulleri-hormoon-sp-amh\\\/\",\"name\":\"Anti-M\u00fclleri hormoon (S,P-AMH) - \u00dchendlabor\",\"isPartOf\":{\"@id\":\"https:\\\/\\\/www.kliinikum.ee\\\/yhendlabor\\\/#website\"},\"datePublished\":\"2025-07-01T13:27:42+00:00\",\"dateModified\":\"2025-11-26T16:26:32+00:00\",\"breadcrumb\":{\"@id\":\"https:\\\/\\\/www.kliinikum.ee\\\/yhendlabor\\\/kasiraamat\\\/hormoonid-jm-immuunuuringud\\\/anti-mulleri-hormoon-sp-amh\\\/#breadcrumb\"},\"inLanguage\":\"et\",\"potentialAction\":[{\"@type\":\"ReadAction\",\"target\":[\"https:\\\/\\\/www.kliinikum.ee\\\/yhendlabor\\\/kasiraamat\\\/hormoonid-jm-immuunuuringud\\\/anti-mulleri-hormoon-sp-amh\\\/\"]}]},{\"@type\":\"BreadcrumbList\",\"@id\":\"https:\\\/\\\/www.kliinikum.ee\\\/yhendlabor\\\/kasiraamat\\\/hormoonid-jm-immuunuuringud\\\/anti-mulleri-hormoon-sp-amh\\\/#breadcrumb\",\"itemListElement\":[{\"@type\":\"ListItem\",\"position\":1,\"name\":\"Home\",\"item\":\"https:\\\/\\\/www.kliinikum.ee\\\/yhendlabor\\\/\"},{\"@type\":\"ListItem\",\"position\":2,\"name\":\"K\u00e4siraamat\",\"item\":\"https:\\\/\\\/www.kliinikum.ee\\\/yhendlabor\\\/kasiraamat\\\/\"},{\"@type\":\"ListItem\",\"position\":3,\"name\":\"Hormoonid jm immuunuuringud\",\"item\":\"https:\\\/\\\/www.kliinikum.ee\\\/yhendlabor\\\/kasiraamat\\\/hormoonid-jm-immuunuuringud\\\/\"},{\"@type\":\"ListItem\",\"position\":4,\"name\":\"Anti-M\u00fclleri hormoon (S,P-AMH)\"}]},{\"@type\":\"WebSite\",\"@id\":\"https:\\\/\\\/www.kliinikum.ee\\\/yhendlabor\\\/#website\",\"url\":\"https:\\\/\\\/www.kliinikum.ee\\\/yhendlabor\\\/\",\"name\":\"\u00dchendlabor\",\"description\":\"Hoolivus, Uuendusmeelsus, P\u00e4devus ja Usaldusv\u00e4\u00e4rsus\",\"potentialAction\":[{\"@type\":\"SearchAction\",\"target\":{\"@type\":\"EntryPoint\",\"urlTemplate\":\"https:\\\/\\\/www.kliinikum.ee\\\/yhendlabor\\\/?s={search_term_string}\"},\"query-input\":{\"@type\":\"PropertyValueSpecification\",\"valueRequired\":true,\"valueName\":\"search_term_string\"}}],\"inLanguage\":\"et\"}]}<\/script>\n<!-- \/ Yoast SEO plugin. -->","yoast_head_json":{"title":"Anti-M\u00fclleri hormoon (S,P-AMH) - \u00dchendlabor","robots":{"index":"index","follow":"follow","max-snippet":"max-snippet:-1","max-image-preview":"max-image-preview:large","max-video-preview":"max-video-preview:-1"},"canonical":"https:\/\/www.kliinikum.ee\/yhendlabor\/kasiraamat\/hormoonid-jm-immuunuuringud\/anti-mulleri-hormoon-sp-amh\/","og_locale":"et_EE","og_type":"article","og_title":"Anti-M\u00fclleri hormoon (S,P-AMH) - \u00dchendlabor","og_description":"Kliinilise keemia ja laboratoorse hematoloogia osakond Anti-M\u00fclleri hormoon (AMH) on homodimeerne gl\u00fckoproteiin, mis kuulub transformeeriva kasvufaktor beeta (TGF \u03b2) perekonda, olles seotud kudede kasvu ja diferentseerumise reguleerimisega. Meestel s\u00fcnteesitakse AMH-d munandite Sertoli rakkudes. Embr\u00fcogeneesi k\u00e4igus tagab AMH sekretsioon M\u00fclleri juhade taandarengu ja mehe reproduktiivorganite arengu. Sekretsioon j\u00e4tkub kuni puberteedini ja siis v\u00e4heneb j\u00e4rk-j\u00e4rgult. Naistel m\u00e4ngib [&hellip;]","og_url":"https:\/\/www.kliinikum.ee\/yhendlabor\/kasiraamat\/hormoonid-jm-immuunuuringud\/anti-mulleri-hormoon-sp-amh\/","og_site_name":"\u00dchendlabor","article_modified_time":"2025-11-26T16:26:32+00:00","twitter_card":"summary_large_image","twitter_misc":{"Est. reading time":"2 minutit"},"schema":{"@context":"https:\/\/schema.org","@graph":[{"@type":"WebPage","@id":"https:\/\/www.kliinikum.ee\/yhendlabor\/kasiraamat\/hormoonid-jm-immuunuuringud\/anti-mulleri-hormoon-sp-amh\/","url":"https:\/\/www.kliinikum.ee\/yhendlabor\/kasiraamat\/hormoonid-jm-immuunuuringud\/anti-mulleri-hormoon-sp-amh\/","name":"Anti-M\u00fclleri hormoon (S,P-AMH) - \u00dchendlabor","isPartOf":{"@id":"https:\/\/www.kliinikum.ee\/yhendlabor\/#website"},"datePublished":"2025-07-01T13:27:42+00:00","dateModified":"2025-11-26T16:26:32+00:00","breadcrumb":{"@id":"https:\/\/www.kliinikum.ee\/yhendlabor\/kasiraamat\/hormoonid-jm-immuunuuringud\/anti-mulleri-hormoon-sp-amh\/#breadcrumb"},"inLanguage":"et","potentialAction":[{"@type":"ReadAction","target":["https:\/\/www.kliinikum.ee\/yhendlabor\/kasiraamat\/hormoonid-jm-immuunuuringud\/anti-mulleri-hormoon-sp-amh\/"]}]},{"@type":"BreadcrumbList","@id":"https:\/\/www.kliinikum.ee\/yhendlabor\/kasiraamat\/hormoonid-jm-immuunuuringud\/anti-mulleri-hormoon-sp-amh\/#breadcrumb","itemListElement":[{"@type":"ListItem","position":1,"name":"Home","item":"https:\/\/www.kliinikum.ee\/yhendlabor\/"},{"@type":"ListItem","position":2,"name":"K\u00e4siraamat","item":"https:\/\/www.kliinikum.ee\/yhendlabor\/kasiraamat\/"},{"@type":"ListItem","position":3,"name":"Hormoonid jm immuunuuringud","item":"https:\/\/www.kliinikum.ee\/yhendlabor\/kasiraamat\/hormoonid-jm-immuunuuringud\/"},{"@type":"ListItem","position":4,"name":"Anti-M\u00fclleri hormoon (S,P-AMH)"}]},{"@type":"WebSite","@id":"https:\/\/www.kliinikum.ee\/yhendlabor\/#website","url":"https:\/\/www.kliinikum.ee\/yhendlabor\/","name":"\u00dchendlabor","description":"Hoolivus, Uuendusmeelsus, P\u00e4devus ja Usaldusv\u00e4\u00e4rsus","potentialAction":[{"@type":"SearchAction","target":{"@type":"EntryPoint","urlTemplate":"https:\/\/www.kliinikum.ee\/yhendlabor\/?s={search_term_string}"},"query-input":{"@type":"PropertyValueSpecification","valueRequired":true,"valueName":"search_term_string"}}],"inLanguage":"et"}]}},"uagb_featured_image_src":{"full":false,"thumbnail":false,"medium":false,"medium_large":false,"large":false,"1536x1536":false,"2048x2048":false},"uagb_author_info":{"display_name":"Kadi Siigur","author_link":"https:\/\/www.kliinikum.ee\/yhendlabor\/author\/kadisi\/"},"uagb_comment_info":0,"uagb_excerpt":"Kliinilise keemia ja laboratoorse hematoloogia osakond Anti-M\u00fclleri hormoon (AMH) on homodimeerne gl\u00fckoproteiin, mis kuulub transformeeriva kasvufaktor beeta (TGF \u03b2) perekonda, olles seotud kudede kasvu ja diferentseerumise reguleerimisega. Meestel s\u00fcnteesitakse AMH-d munandite Sertoli rakkudes. Embr\u00fcogeneesi k\u00e4igus tagab AMH sekretsioon M\u00fclleri juhade taandarengu ja mehe reproduktiivorganite arengu. Sekretsioon j\u00e4tkub kuni puberteedini ja siis v\u00e4heneb j\u00e4rk-j\u00e4rgult. Naistel m\u00e4ngib&hellip;","_links":{"self":[{"href":"https:\/\/www.kliinikum.ee\/yhendlabor\/wp-json\/wp\/v2\/pages\/12024","targetHints":{"allow":["GET"]}}],"collection":[{"href":"https:\/\/www.kliinikum.ee\/yhendlabor\/wp-json\/wp\/v2\/pages"}],"about":[{"href":"https:\/\/www.kliinikum.ee\/yhendlabor\/wp-json\/wp\/v2\/types\/page"}],"author":[{"embeddable":true,"href":"https:\/\/www.kliinikum.ee\/yhendlabor\/wp-json\/wp\/v2\/users\/38"}],"replies":[{"embeddable":true,"href":"https:\/\/www.kliinikum.ee\/yhendlabor\/wp-json\/wp\/v2\/comments?post=12024"}],"version-history":[{"count":0,"href":"https:\/\/www.kliinikum.ee\/yhendlabor\/wp-json\/wp\/v2\/pages\/12024\/revisions"}],"up":[{"embeddable":true,"href":"https:\/\/www.kliinikum.ee\/yhendlabor\/wp-json\/wp\/v2\/pages\/7271"}],"wp:attachment":[{"href":"https:\/\/www.kliinikum.ee\/yhendlabor\/wp-json\/wp\/v2\/media?parent=12024"}],"curies":[{"name":"wp","href":"https:\/\/api.w.org\/{rel}","templated":true}]}}