{"id":12039,"date":"2025-07-01T16:06:02","date_gmt":"2025-07-01T14:06:02","guid":{"rendered":"https:\/\/www.kliinikum.ee\/yhendlabor\/?page_id=12039"},"modified":"2025-11-26T18:52:08","modified_gmt":"2025-11-26T16:52:08","slug":"folliikuleid-stimuleeriv-hormoon-sp-fsh","status":"publish","type":"page","link":"https:\/\/www.kliinikum.ee\/yhendlabor\/kasiraamat\/hormoonid-jm-immuunuuringud\/folliikuleid-stimuleeriv-hormoon-sp-fsh\/","title":{"rendered":"Folliikuleid stimuleeriv hormoon (S,P-FSH)"},"content":{"rendered":"\n<p><em>Kliinilise keemia ja laboratoorse hematoloogia osakond<\/em><\/p>\n\n\n\n<p><strong>Folliikuleid stimuleeriv hormoon (FSH)<\/strong> ja luteiniseeriv hormoon (LH) on h\u00fcpof\u00fc\u00fcsi eessagara poolt sekreteeritavad gonadotropiinid, mis alluvad h\u00fcpotalamuse gonadotropiini vabastava hormooni (GnRH) positiivsele ning steroidhormoonide (\u00f6strogeenid, androgeenid, progesteroon) negatiivsele regulatsioonile. Lisaks p\u00e4rsivad FSH sekretsiooni inhibiinid, mida produtseerivad naistel munasarja granuloosa rakud ja meestel munandi Sertoli rakud. FSH on gl\u00fckoproteiin, mis koosneb kahest ala\u00fchikust, kusjuures \u03b1-ala\u00fchik on identne LH, koorioni gonatotropiini (hCG) ja kilpn\u00e4\u00e4ret stimuleeriva hormooni (TSH) omaga, aga \u00df-ala\u00fchik FSH-spetsiifiline.<\/p>\n\n\n\n<p>FSH on vajalik m\u00f5lema sugupoole normaalseks seksuaalfunktsiooniks. Naistel stimuleerib FSH folliikulite kasvu ja k\u00fcpsemist ovaariumis ning steroidhormoonide bios\u00fcnteesi. Raseduse alguses inhibeerib hCG FSH eritumist ning seega ka uute folliikulite k\u00fcpsemist. Postmenopausis naistel puudub progesterooni ja \u00f6stradiooli inhibeeriv m\u00f5ju ning seet\u00f5ttu on FSH tase k\u00f5rge. Meestel stimuleerib FSH spermatogeneesi ning inhibiini ja androgeene siduva valgu s\u00fcnteesi. Lastel saavutab FSH m\u00e4\u00e4ratava kontsentratsiooni alles puberteedieas ja m\u00f5jutab suguk\u00fcpsuse arengut.<\/p>\n\n\n\n<p class=\"has-medium-font-size\"><strong>Uuritav materjal, selle v\u00f5tmine, saatmine ja s\u00e4ilitamine<\/strong><\/p>\n\n\n\n<p>FSH kontsentratsioon veres s\u00f5ltub menstruatsioonits\u00fckli faasist (k\u00f5rgeim vahetult enne ovulatsiooni), samuti \u00f6\u00f6p\u00e4evasest r\u00fctmist.<\/p>\n\n\n\n<figure class=\"wp-block-table is-style-stripes\"><table width=\"100%\"><tbody><tr><td width=\"1%\"><\/td><td width=\"15%\"><strong>Katsuti<\/strong><\/td><td width=\"84%\">Geeli ja h\u00fc\u00fcbimisaktivaatoriga katsuti (punane kollase r\u00f5ngaga v\u00f5i kollane kork) v\u00f5i geeliga LH-katsuti (roheline kollase r\u00f5ngaga v\u00f5i heleroheline kork)<\/td><\/tr><tr><td><\/td><td><strong>S\u00e4ilivus<\/strong><\/td><td>Seerum\/plasma toatemperatuuril viis p\u00e4eva, +4 \u00b0C kaks n\u00e4dalat, \u00a0\u00a0-20 \u00b0C kuus kuud<\/td><\/tr><\/tbody><\/table><\/figure>\n\n\n\n<p class=\"has-medium-font-size\"><strong>Anal\u00fc\u00fcsi tegemise aeg:<\/strong> t\u00f6\u00f6p\u00e4eviti<\/p>\n\n\n\n<p class=\"has-medium-font-size\"><strong>Anal\u00fc\u00fcsimeetod:<\/strong> elektrokemoluminestsents-immuunmeetod (ECLIA)<\/p>\n\n\n\n<p class=\"has-medium-font-size\"><strong>Referentsv\u00e4\u00e4rtused<\/strong><\/p>\n\n\n\n<figure class=\"wp-block-table\"><table width=\"100%\"><tbody><tr><td width=\"1%\"><\/td><td width=\"35%\">&nbsp;<\/td><td width=\"32%\"><strong>Mehed<\/strong><\/td><td width=\"32%\"><strong>Naised<\/strong><\/td><\/tr><tr><td><\/td><td><strong>&lt; 1 a<\/strong><\/td><td>0,1\u20133,2 U\/L<\/td><td>1,6\u201319 U\/L<\/td><\/tr><tr><td><\/td><td><strong>1 a \u2013 &lt; 9 a<\/strong><\/td><td>0,2\u20132,1 U\/L<\/td><td>0,7\u20135,8 U\/L<\/td><\/tr><tr><td><\/td><td><strong>9 a \u2013 &lt; 12 a<\/strong><\/td><td>0,4\u20134,2 U\/L<\/td><td>0,5\u20137,6 U\/L<\/td><\/tr><tr><td><\/td><td><strong>12 a \u2013 &lt; 18 a<\/strong><\/td><td>0,9\u20137,1 U\/L<\/td><td>0,9\u20139,1 U\/L<\/td><\/tr><tr><td><\/td><td><strong>\u2265 18 a<\/strong><\/td><td>1,5\u201312,4 U\/L<\/td><td>&nbsp;<\/td><\/tr><tr><td><\/td><td><strong>\u2014 follikulaarfaas<\/strong><\/td><td>&nbsp;<\/td><td>3,5\u201312,5 U\/L<\/td><\/tr><tr><td><\/td><td><strong>\u2014 ovulatsioon<\/strong><\/td><td>&nbsp;<\/td><td>4,7\u201321,5 U\/L<\/td><\/tr><tr><td><\/td><td><strong>\u2014 luteaalfaas<\/strong><\/td><td>&nbsp;<\/td><td>1,7\u20137,7 U\/L<\/td><\/tr><tr><td><\/td><td><strong>\u2014 postmenopaus<\/strong><\/td><td>&nbsp;<\/td><td>25,8\u2013134,8 U\/L<\/td><\/tr><\/tbody><\/table><\/figure>\n\n\n\n<p class=\"has-medium-font-size\"><strong>N\u00e4idustus ja kliiniline t\u00e4hendus<\/strong><\/p>\n\n\n\n<p>Naistel menstruaalts\u00fckli h\u00e4irete ning viljatuse p\u00f5hjuste diagnostika, meestel h\u00fcpogonadismi, impotentsi, spermatogeneesi h\u00e4irete ja viljatuse diagnostika. Varajase puberteedi diagnostika.<\/p>\n\n\n\n<p>Enamasti m\u00e4\u00e4ratakse koos luteiniseeriva hormooniga (LH).<\/p>\n\n\n\n<p><em>FSH kontsentratsiooni suurenemine<\/em><\/p>\n\n\n\n<p>Primaarse ovariaalse puudulikkuse korral on FSH tase k\u00f5rge negatiivse tagasiside (\u00f6strogeenid, progesteroon) puudumise t\u00f5ttu. P\u00f5hjusteks v\u00f5ivad olla sugun\u00e4\u00e4rmete d\u00fcsgenees (Turneri s\u00fcndroom), keemia- v\u00f5i kiiritusravi, autoimmuunne ooforiit, harvem resistentsete ovaariumide s\u00fcndroom, 17-h\u00fcdroks\u00fclaasi ja aromataasi defektid.<\/p>\n\n\n\n<p>Testikulaarse h\u00fcpogonadismi (munandi funktsiooni h\u00e4ired) korral on testosterooni produktsioon v\u00e4henenud ja negatiivse tagasiside puudumise t\u00f5ttu FSH kontsetratsioon suurenenud. P\u00f5hjusteks v\u00f5ivad olla kromosoomianomaaliad (nt Klinefelteri s\u00fcndroom), varikotseele, kr\u00fcptorhism, orhiit, mumps, trauma, operatsioon, kemoteraapia, kiiritus, alkohol.<\/p>\n\n\n\n<p>Postmenopausis naistel on FSH tase k\u00f5rge, kuid v\u00f5ib langeda \u00f6strogeenravi v\u00f5i \u00f6strogeene produtseerivate kasvajate puhul, samuti v\u00f5ib FSH tase kergelt t\u00f5usta andropausis meestel.<\/p>\n\n\n\n<p><em>FSH kontsentratsiooni v\u00e4henemine<\/em><\/p>\n\n\n\n<p>H\u00fcpotalaamilise\/h\u00fcpof\u00fcsaarse naiste ovariaalse puudulikkuse ja meeste h\u00fcpogonadismi korral on tegemist kas h\u00fcpotalamuse (GnRH puudulikkus) v\u00f5i h\u00fcpof\u00fc\u00fcsi kahjustusega, mille t\u00f5ttu ei stimuleerita FSH ja LH eritumist. P\u00f5hjusteks v\u00f5ivad olla toitumish\u00e4ired (<em>anorexia nervosa<\/em>), ps\u00fc\u00fchiline stress, raske f\u00fc\u00fcsiline koormus, endokrinopaatiad, Kallmanni s\u00fcndroom,h\u00fcpotalamo-h\u00fcpof\u00fcsaarse s\u00fcsteemi traumad v\u00f5i kasvajad ning h\u00fcperprolaktineemia.<\/p>\n\n\n\n<p><em>Muud m\u00f5jutavad faktorid<\/em><\/p>\n\n\n\n<p>FSH taset t\u00f5stavad antiandrogeenid (ketokonasool), \u00f6strogeenide retseptorite antagonistid (klomifeen), ts\u00fcklofosfamiidid, digitaalis, levodopa, etanool jt. Taset v\u00e4hendavad rasedus, androgeenid, anaboolsed steroidid, kortikosteroidid, peroraalsed kontratseptiivid, krambivastased ravimid (fenobarbitaal).<\/p>\n\n\n\n<p>Tingituna FSH pulseerivast sekretsioonist v\u00f5ivad samal p\u00e4eval v\u00f5etud proovides FSH tulemused referentsvahemiku piirides m\u00e4rgatavalt k\u00f5ikuda.<\/p>\n\n\n\n<p>Vt ka: <a href=\"https:\/\/www.kliinikum.ee\/yhendlabor\/kasiraamat\/hormoonid-jm-immuunuuringud\/luteiniseeriv-hormoon-sp-lh\/\">Luteiniseeriv hormoon<\/a><\/p>\n\n\n\n<p>Koostajad: Ly Aru, Kaja Vaagen<br>Muudetud 08.03.2021<\/p>\n","protected":false},"excerpt":{"rendered":"<p>Kliinilise keemia ja laboratoorse hematoloogia osakond Folliikuleid stimuleeriv hormoon (FSH) ja luteiniseeriv hormoon (LH) on h\u00fcpof\u00fc\u00fcsi eessagara poolt sekreteeritavad gonadotropiinid, mis alluvad h\u00fcpotalamuse gonadotropiini vabastava hormooni (GnRH) positiivsele ning steroidhormoonide (\u00f6strogeenid, androgeenid, progesteroon) negatiivsele regulatsioonile. Lisaks p\u00e4rsivad FSH sekretsiooni inhibiinid, mida produtseerivad naistel munasarja granuloosa rakud ja meestel munandi Sertoli rakud. FSH on gl\u00fckoproteiin, mis [&hellip;]<\/p>\n","protected":false},"author":38,"featured_media":0,"parent":7271,"menu_order":0,"comment_status":"closed","ping_status":"closed","template":"","meta":{"_uag_custom_page_level_css":"","footnotes":""},"class_list":["post-12039","page","type-page","status-publish","hentry"],"acf":[],"yoast_head":"<!-- This site is optimized with the Yoast SEO plugin v27.3 - https:\/\/yoast.com\/product\/yoast-seo-wordpress\/ -->\n<title>Folliikuleid stimuleeriv hormoon (S,P-FSH) - \u00dchendlabor<\/title>\n<meta name=\"robots\" content=\"index, follow, max-snippet:-1, max-image-preview:large, max-video-preview:-1\" \/>\n<link rel=\"canonical\" href=\"https:\/\/www.kliinikum.ee\/yhendlabor\/kasiraamat\/hormoonid-jm-immuunuuringud\/folliikuleid-stimuleeriv-hormoon-sp-fsh\/\" \/>\n<meta property=\"og:locale\" content=\"et_EE\" \/>\n<meta property=\"og:type\" content=\"article\" \/>\n<meta property=\"og:title\" content=\"Folliikuleid stimuleeriv hormoon (S,P-FSH) - \u00dchendlabor\" \/>\n<meta property=\"og:description\" content=\"Kliinilise keemia ja laboratoorse hematoloogia osakond Folliikuleid stimuleeriv hormoon (FSH) ja luteiniseeriv hormoon (LH) on h\u00fcpof\u00fc\u00fcsi eessagara poolt sekreteeritavad gonadotropiinid, mis alluvad h\u00fcpotalamuse gonadotropiini vabastava hormooni (GnRH) positiivsele ning steroidhormoonide (\u00f6strogeenid, androgeenid, progesteroon) negatiivsele regulatsioonile. Lisaks p\u00e4rsivad FSH sekretsiooni inhibiinid, mida produtseerivad naistel munasarja granuloosa rakud ja meestel munandi Sertoli rakud. FSH on gl\u00fckoproteiin, mis [&hellip;]\" \/>\n<meta property=\"og:url\" content=\"https:\/\/www.kliinikum.ee\/yhendlabor\/kasiraamat\/hormoonid-jm-immuunuuringud\/folliikuleid-stimuleeriv-hormoon-sp-fsh\/\" \/>\n<meta property=\"og:site_name\" content=\"\u00dchendlabor\" \/>\n<meta property=\"article:modified_time\" content=\"2025-11-26T16:52:08+00:00\" \/>\n<meta name=\"twitter:card\" content=\"summary_large_image\" \/>\n<meta name=\"twitter:label1\" content=\"Est. reading time\" \/>\n\t<meta name=\"twitter:data1\" content=\"3 minutit\" \/>\n<script type=\"application\/ld+json\" class=\"yoast-schema-graph\">{\"@context\":\"https:\\\/\\\/schema.org\",\"@graph\":[{\"@type\":\"WebPage\",\"@id\":\"https:\\\/\\\/www.kliinikum.ee\\\/yhendlabor\\\/kasiraamat\\\/hormoonid-jm-immuunuuringud\\\/folliikuleid-stimuleeriv-hormoon-sp-fsh\\\/\",\"url\":\"https:\\\/\\\/www.kliinikum.ee\\\/yhendlabor\\\/kasiraamat\\\/hormoonid-jm-immuunuuringud\\\/folliikuleid-stimuleeriv-hormoon-sp-fsh\\\/\",\"name\":\"Folliikuleid stimuleeriv hormoon (S,P-FSH) - \u00dchendlabor\",\"isPartOf\":{\"@id\":\"https:\\\/\\\/www.kliinikum.ee\\\/yhendlabor\\\/#website\"},\"datePublished\":\"2025-07-01T14:06:02+00:00\",\"dateModified\":\"2025-11-26T16:52:08+00:00\",\"breadcrumb\":{\"@id\":\"https:\\\/\\\/www.kliinikum.ee\\\/yhendlabor\\\/kasiraamat\\\/hormoonid-jm-immuunuuringud\\\/folliikuleid-stimuleeriv-hormoon-sp-fsh\\\/#breadcrumb\"},\"inLanguage\":\"et\",\"potentialAction\":[{\"@type\":\"ReadAction\",\"target\":[\"https:\\\/\\\/www.kliinikum.ee\\\/yhendlabor\\\/kasiraamat\\\/hormoonid-jm-immuunuuringud\\\/folliikuleid-stimuleeriv-hormoon-sp-fsh\\\/\"]}]},{\"@type\":\"BreadcrumbList\",\"@id\":\"https:\\\/\\\/www.kliinikum.ee\\\/yhendlabor\\\/kasiraamat\\\/hormoonid-jm-immuunuuringud\\\/folliikuleid-stimuleeriv-hormoon-sp-fsh\\\/#breadcrumb\",\"itemListElement\":[{\"@type\":\"ListItem\",\"position\":1,\"name\":\"Home\",\"item\":\"https:\\\/\\\/www.kliinikum.ee\\\/yhendlabor\\\/\"},{\"@type\":\"ListItem\",\"position\":2,\"name\":\"K\u00e4siraamat\",\"item\":\"https:\\\/\\\/www.kliinikum.ee\\\/yhendlabor\\\/kasiraamat\\\/\"},{\"@type\":\"ListItem\",\"position\":3,\"name\":\"Hormoonid jm immuunuuringud\",\"item\":\"https:\\\/\\\/www.kliinikum.ee\\\/yhendlabor\\\/kasiraamat\\\/hormoonid-jm-immuunuuringud\\\/\"},{\"@type\":\"ListItem\",\"position\":4,\"name\":\"Folliikuleid stimuleeriv hormoon (S,P-FSH)\"}]},{\"@type\":\"WebSite\",\"@id\":\"https:\\\/\\\/www.kliinikum.ee\\\/yhendlabor\\\/#website\",\"url\":\"https:\\\/\\\/www.kliinikum.ee\\\/yhendlabor\\\/\",\"name\":\"\u00dchendlabor\",\"description\":\"Hoolivus, Uuendusmeelsus, P\u00e4devus ja Usaldusv\u00e4\u00e4rsus\",\"potentialAction\":[{\"@type\":\"SearchAction\",\"target\":{\"@type\":\"EntryPoint\",\"urlTemplate\":\"https:\\\/\\\/www.kliinikum.ee\\\/yhendlabor\\\/?s={search_term_string}\"},\"query-input\":{\"@type\":\"PropertyValueSpecification\",\"valueRequired\":true,\"valueName\":\"search_term_string\"}}],\"inLanguage\":\"et\"}]}<\/script>\n<!-- \/ Yoast SEO plugin. -->","yoast_head_json":{"title":"Folliikuleid stimuleeriv hormoon (S,P-FSH) - \u00dchendlabor","robots":{"index":"index","follow":"follow","max-snippet":"max-snippet:-1","max-image-preview":"max-image-preview:large","max-video-preview":"max-video-preview:-1"},"canonical":"https:\/\/www.kliinikum.ee\/yhendlabor\/kasiraamat\/hormoonid-jm-immuunuuringud\/folliikuleid-stimuleeriv-hormoon-sp-fsh\/","og_locale":"et_EE","og_type":"article","og_title":"Folliikuleid stimuleeriv hormoon (S,P-FSH) - \u00dchendlabor","og_description":"Kliinilise keemia ja laboratoorse hematoloogia osakond Folliikuleid stimuleeriv hormoon (FSH) ja luteiniseeriv hormoon (LH) on h\u00fcpof\u00fc\u00fcsi eessagara poolt sekreteeritavad gonadotropiinid, mis alluvad h\u00fcpotalamuse gonadotropiini vabastava hormooni (GnRH) positiivsele ning steroidhormoonide (\u00f6strogeenid, androgeenid, progesteroon) negatiivsele regulatsioonile. Lisaks p\u00e4rsivad FSH sekretsiooni inhibiinid, mida produtseerivad naistel munasarja granuloosa rakud ja meestel munandi Sertoli rakud. FSH on gl\u00fckoproteiin, mis [&hellip;]","og_url":"https:\/\/www.kliinikum.ee\/yhendlabor\/kasiraamat\/hormoonid-jm-immuunuuringud\/folliikuleid-stimuleeriv-hormoon-sp-fsh\/","og_site_name":"\u00dchendlabor","article_modified_time":"2025-11-26T16:52:08+00:00","twitter_card":"summary_large_image","twitter_misc":{"Est. reading time":"3 minutit"},"schema":{"@context":"https:\/\/schema.org","@graph":[{"@type":"WebPage","@id":"https:\/\/www.kliinikum.ee\/yhendlabor\/kasiraamat\/hormoonid-jm-immuunuuringud\/folliikuleid-stimuleeriv-hormoon-sp-fsh\/","url":"https:\/\/www.kliinikum.ee\/yhendlabor\/kasiraamat\/hormoonid-jm-immuunuuringud\/folliikuleid-stimuleeriv-hormoon-sp-fsh\/","name":"Folliikuleid stimuleeriv hormoon (S,P-FSH) - \u00dchendlabor","isPartOf":{"@id":"https:\/\/www.kliinikum.ee\/yhendlabor\/#website"},"datePublished":"2025-07-01T14:06:02+00:00","dateModified":"2025-11-26T16:52:08+00:00","breadcrumb":{"@id":"https:\/\/www.kliinikum.ee\/yhendlabor\/kasiraamat\/hormoonid-jm-immuunuuringud\/folliikuleid-stimuleeriv-hormoon-sp-fsh\/#breadcrumb"},"inLanguage":"et","potentialAction":[{"@type":"ReadAction","target":["https:\/\/www.kliinikum.ee\/yhendlabor\/kasiraamat\/hormoonid-jm-immuunuuringud\/folliikuleid-stimuleeriv-hormoon-sp-fsh\/"]}]},{"@type":"BreadcrumbList","@id":"https:\/\/www.kliinikum.ee\/yhendlabor\/kasiraamat\/hormoonid-jm-immuunuuringud\/folliikuleid-stimuleeriv-hormoon-sp-fsh\/#breadcrumb","itemListElement":[{"@type":"ListItem","position":1,"name":"Home","item":"https:\/\/www.kliinikum.ee\/yhendlabor\/"},{"@type":"ListItem","position":2,"name":"K\u00e4siraamat","item":"https:\/\/www.kliinikum.ee\/yhendlabor\/kasiraamat\/"},{"@type":"ListItem","position":3,"name":"Hormoonid jm immuunuuringud","item":"https:\/\/www.kliinikum.ee\/yhendlabor\/kasiraamat\/hormoonid-jm-immuunuuringud\/"},{"@type":"ListItem","position":4,"name":"Folliikuleid stimuleeriv hormoon (S,P-FSH)"}]},{"@type":"WebSite","@id":"https:\/\/www.kliinikum.ee\/yhendlabor\/#website","url":"https:\/\/www.kliinikum.ee\/yhendlabor\/","name":"\u00dchendlabor","description":"Hoolivus, Uuendusmeelsus, P\u00e4devus ja Usaldusv\u00e4\u00e4rsus","potentialAction":[{"@type":"SearchAction","target":{"@type":"EntryPoint","urlTemplate":"https:\/\/www.kliinikum.ee\/yhendlabor\/?s={search_term_string}"},"query-input":{"@type":"PropertyValueSpecification","valueRequired":true,"valueName":"search_term_string"}}],"inLanguage":"et"}]}},"uagb_featured_image_src":{"full":false,"thumbnail":false,"medium":false,"medium_large":false,"large":false,"1536x1536":false,"2048x2048":false},"uagb_author_info":{"display_name":"Kadi Siigur","author_link":"https:\/\/www.kliinikum.ee\/yhendlabor\/author\/kadisi\/"},"uagb_comment_info":0,"uagb_excerpt":"Kliinilise keemia ja laboratoorse hematoloogia osakond Folliikuleid stimuleeriv hormoon (FSH) ja luteiniseeriv hormoon (LH) on h\u00fcpof\u00fc\u00fcsi eessagara poolt sekreteeritavad gonadotropiinid, mis alluvad h\u00fcpotalamuse gonadotropiini vabastava hormooni (GnRH) positiivsele ning steroidhormoonide (\u00f6strogeenid, androgeenid, progesteroon) negatiivsele regulatsioonile. Lisaks p\u00e4rsivad FSH sekretsiooni inhibiinid, mida produtseerivad naistel munasarja granuloosa rakud ja meestel munandi Sertoli rakud. FSH on gl\u00fckoproteiin, mis&hellip;","_links":{"self":[{"href":"https:\/\/www.kliinikum.ee\/yhendlabor\/wp-json\/wp\/v2\/pages\/12039","targetHints":{"allow":["GET"]}}],"collection":[{"href":"https:\/\/www.kliinikum.ee\/yhendlabor\/wp-json\/wp\/v2\/pages"}],"about":[{"href":"https:\/\/www.kliinikum.ee\/yhendlabor\/wp-json\/wp\/v2\/types\/page"}],"author":[{"embeddable":true,"href":"https:\/\/www.kliinikum.ee\/yhendlabor\/wp-json\/wp\/v2\/users\/38"}],"replies":[{"embeddable":true,"href":"https:\/\/www.kliinikum.ee\/yhendlabor\/wp-json\/wp\/v2\/comments?post=12039"}],"version-history":[{"count":0,"href":"https:\/\/www.kliinikum.ee\/yhendlabor\/wp-json\/wp\/v2\/pages\/12039\/revisions"}],"up":[{"embeddable":true,"href":"https:\/\/www.kliinikum.ee\/yhendlabor\/wp-json\/wp\/v2\/pages\/7271"}],"wp:attachment":[{"href":"https:\/\/www.kliinikum.ee\/yhendlabor\/wp-json\/wp\/v2\/media?parent=12039"}],"curies":[{"name":"wp","href":"https:\/\/api.w.org\/{rel}","templated":true}]}}