{"id":12063,"date":"2025-07-01T17:21:23","date_gmt":"2025-07-01T15:21:23","guid":{"rendered":"https:\/\/www.kliinikum.ee\/yhendlabor\/?page_id=12063"},"modified":"2025-11-26T18:43:56","modified_gmt":"2025-11-26T16:43:56","slug":"kilpnaaret-stimuleeriv-hormoon-sp-tsh","status":"publish","type":"page","link":"https:\/\/www.kliinikum.ee\/yhendlabor\/kasiraamat\/hormoonid-jm-immuunuuringud\/kilpnaaret-stimuleeriv-hormoon-sp-tsh\/","title":{"rendered":"Kilpn\u00e4\u00e4ret stimuleeriv hormoon (S,P-TSH)"},"content":{"rendered":"\n<p><em>Kliinilise keemia ja laboratoorse hematoloogia osakond<\/em><\/p>\n\n\n\n<p><strong>Kilpn\u00e4\u00e4ret stimuleeriv hormoon (TSH)<\/strong> on h\u00fcpof\u00fc\u00fcsi eessagaras s\u00fcnteesitav gl\u00fckoproteiin, mis koosneb kahest ala\u00fchikust. Neist \u03b1-ala\u00fchik on TSH, luteiniseeriva hormooni (LH), koorioni gonatotropiini (hCG) ja folliikuleid stimuleeriva hormooni (FSH) puhul identne ning \u00df-ala\u00fchik spetsiifiline. TSH soodustab kilpn\u00e4\u00e4rme kasvu ning stimuleerib kilpn\u00e4\u00e4rme hormoonide (t\u00fcroksiini T4 ja trijoodt\u00fcroniini T3) s\u00fcnteesi ning vabanemist. TSH eritumist stimuleerib h\u00fcpotalamuse t\u00fcreoliberiin e t\u00fcreotropiini vabastav hormoon (TRH) ning inhibeerivad negatiivse tagasiside kaudu T4 ja T3.<\/p>\n\n\n\n<p class=\"has-medium-font-size\"><strong>Uuritav materjal, selle v\u00f5tmine, saatmine ja s\u00e4ilitamine<\/strong><\/p>\n\n\n\n<p>TSH sekretsioon on pulseeriv (1\u20132-tunnise intervalliga) ning allub \u00f6\u00f6p\u00e4evar\u00fctmile (sekretsioon suureneb \u00f5htul ja maksimum saabub kesk\u00f6\u00f6l).<\/p>\n\n\n\n<figure class=\"wp-block-table is-style-stripes\"><table width=\"100%\"><tbody><tr><td width=\"1%\"><\/td><td width=\"15%\"><strong>Katsuti<\/strong><\/td><td width=\"84%\">Geeli ja h\u00fc\u00fcbimisaktivaatoriga katsuti (punane kollase r\u00f5ngaga v\u00f5i kollane kork) v\u00f5i geeliga LH-katsuti (roheline kollase r\u00f5ngaga v\u00f5i heleroheline kork)<\/td><\/tr><tr><td><\/td><td><strong>S\u00e4ilivus<\/strong><\/td><td>Seerum\/plasma toatemperatuuril kaheksa p\u00e4eva, +4 \u00b0C kaks n\u00e4dalat, -20 \u00b0C kaks aastat<\/td><\/tr><\/tbody><\/table><\/figure>\n\n\n\n<p class=\"has-medium-font-size\"><strong>Anal\u00fc\u00fcsi tegemise aeg: <\/strong>\u00f6\u00f6p\u00e4evaringselt<\/p>\n\n\n\n<p class=\"has-medium-font-size\"><strong>Anal\u00fc\u00fcsimeetod:<\/strong> elektrokemoluminestsents-immuunmeetod (ECLIA)<\/p>\n\n\n\n<p class=\"has-medium-font-size\"><strong>Referentsv\u00e4\u00e4rtused<\/strong><\/p>\n\n\n\n<figure class=\"wp-block-table\"><table width=\"100%\"><tbody><tr><td width=\"1%\"><\/td><td width=\"30%\"><strong>&lt; 6 p<\/strong><\/td><td width=\"69%\">0,70\u201315,2 mU\/L<\/td><\/tr><tr><td><\/td><td><strong>6 p \u2013 &lt; 4 k<\/strong><\/td><td>0,72\u201311,0 mU\/L<\/td><\/tr><tr><td><\/td><td><strong>4 k \u2013 &lt; 1 a<\/strong><\/td><td>0,73\u20138,35 mU\/L<\/td><\/tr><tr><td><\/td><td><strong>1 a \u2013 &lt; 7 a<\/strong><\/td><td>0,70\u20135,97 mU\/L<\/td><\/tr><tr><td><\/td><td><strong>7 a \u2013 &lt; 12 a<\/strong><\/td><td>0,60\u20134,84 mU\/L<\/td><\/tr><tr><td><\/td><td><strong>12 a \u2013 &lt; 21 a<\/strong><\/td><td>0,51\u20134,30 mU\/L<\/td><\/tr><tr><td><\/td><td><strong>\u2265 21 a<\/strong><\/td><td>0,27\u20134,2 mU\/L<\/td><\/tr><\/tbody><\/table><\/figure>\n\n\n\n<p class=\"has-medium-font-size\"><strong>N\u00e4idustus ja kliiniline t\u00e4hendus<\/strong><\/p>\n\n\n\n<p>Kilpn\u00e4\u00e4rme talitluse h\u00e4irete diagnostika. H\u00fcpot\u00fcreoosi diferentsiaaldiagnostika ja hormoonasendusravi efektiivsuse hindamine. H\u00fcpert\u00fcreoosi diagnostika.<\/p>\n\n\n\n<p>TSH sobib h\u00e4sti kilpn\u00e4\u00e4rmehaiguste, nii h\u00fcper- kui h\u00fcpot\u00fcreooside (sealhulgas subkliiniliste) s\u00f5eluuringuks, kuna seerumi t\u00fcroksiini v\u00e4himgi muutus kutsub esile olulise muutuse h\u00fcpof\u00fc\u00fcsi TSH sekretsioonis.<\/p>\n\n\n\n<p><em>TSH kontsentratsiooni suurenemine<\/em><\/p>\n\n\n\n<p>95% h\u00fcpot\u00fcreoosidest on p\u00f5hjustatud kilpn\u00e4\u00e4rmehaigusest (primaarne h\u00fcpot\u00fcreoos) ja \u00fclej\u00e4\u00e4nud 5% h\u00fcpof\u00fc\u00fcsi v\u00f5i h\u00fcpotalamuse piirkonna kahjustusest (tsentraalne h\u00fcpot\u00fcreoos), neist sagedamini h\u00fcpof\u00fc\u00fcsi kahjustusest (sekundaarne h\u00fcpot\u00fcreoos).<\/p>\n\n\n\n<p>Primaarse h\u00fcpot\u00fcreoosiga kaasneb T3 ja T4 taseme langus ning negatiivse tagasiside puudumise t\u00f5ttu on TSH tase k\u00f5rge, kusjuures TSH v\u00f5ib t\u00f5usta juba subkliinilises staadiumis (fT4 on veel referentsvahemikus ja puuduvad h\u00fcpot\u00fcreoosi s\u00fcmptomid). Primaarse h\u00fcpot\u00fcreoosi sagedasemateks p\u00f5hjusteks on krooniline autoimmuunne t\u00fcreoidiit (Hashimoto t\u00fcreoidiit), radiojoodravi ja t\u00fcreoidektoomia ning m\u00f6\u00f6duva h\u00fcpot\u00fcreoosi p\u00f5hjusteks valulik subakuutne t\u00fcreoidiit (1\u20132 kuud peale ravi algust), valutu s\u00fcnnitusj\u00e4rgne autoimmuunne t\u00fcreoidiit (4\u20138 kuud peale s\u00fcnnitust), samuti joodi sisaldavad ravimid (amiodaroon, r\u00f6ntgenkontrastained).<\/p>\n\n\n\n<p>V\u00e4ga harva on k\u00f5rge TSH taseme p\u00f5hjuseks t\u00fcreotropiini produtseerivad kasvajad v\u00f5i resistentsus kilpn\u00e4\u00e4rme hormoonidele. TSH kontsentratsiooni suurenemist on t\u00e4heldatud \u00fcldhaiguste paranemisfaasis, ps\u00fc\u00fchilise stressi korral, \u00fcle 80-aastastel vanuritel.<\/p>\n\n\n\n<p><em>Muud m\u00f5jutavad faktorid.<\/em> TSH taset t\u00f5stavad joodi sisaldavad ravimid (amiodaroon), liitium, krambivastased ravimid (fen\u00fctoiin) ja dopamiini antagonistid (metoklopramiid, domperidoon, kloorpromasiin, haloperidool), amfetamiin, \u00f6strogeenid (postmenopausis naistel). TSH m\u00e4\u00e4ramist v\u00f5ivad segada autoimmuunhaiguste korral esinevad autoantikehad (reumatoidfaktor).<\/p>\n\n\n\n<p><em>TSH kontsentratsiooni v\u00e4henemine<\/em><\/p>\n\n\n\n<p>H\u00fcpert\u00fcreooside (difuusne toksiline struuma e Gravesi t\u00f5bi, t\u00fcreotoksiline adenoom v\u00f5i toksiline s\u00f5lmeline struuma, valulik subakuutne t\u00fcreoidiit (50%-l algfaasis), valutu s\u00fcnnitusj\u00e4rgne autoimmuunne t\u00fcreoidiit (1\u20133 kuud peale s\u00fcnnitust), t\u00fcroksiini \u00fcledoseerimine, joodi \u00fclek\u00fcllus organismis) korral on TSH kontsentratsioon v\u00e4henenud \u00fclem\u00e4\u00e4rase T4 ja T3 poolt p\u00f5hjustatud negatiivse tagasiside t\u00f5ttu. Kui madala TSH p\u00f5hjust ei ole v\u00f5imalik t\u00e4psustada ja patsient on eut\u00fcreoidne, v\u00f5ib olla tegemist subkliinilise h\u00fcpert\u00fcreoosiga.<\/p>\n\n\n\n<p>Sekundaarse h\u00fcpot\u00fcreoosi korral on TSH tase madal v\u00f5i normaalne ning stimulatsiooni puudumise t\u00f5ttu on ka kilpn\u00e4\u00e4rme hormoonide tase langenud v\u00f5i referentsvahemiku alumisel piiril. Peamisteks p\u00f5hjusteks on h\u00fcpof\u00fc\u00fcsi kasvajad v\u00f5i infiltratiivsed haigused (histiots\u00fctoos X), mille tagaj\u00e4rjel kujuneb h\u00fcpopituitarism.<\/p>\n\n\n\n<p>TSH kontsentratsioon v\u00f5ib v\u00e4heneda ka \u00e4geda \u00fcldhaiguse (s.h ps\u00fchhiaatrilise haiguse) ja deh\u00fcdratsiooni korral.<\/p>\n\n\n\n<p><em>Muud m\u00f5jutavad faktorid.<\/em> TSH taset v\u00e4hendavad mitmed ravimid: amiodaroon, gl\u00fckokortikoidide suured annused, dopamiin, dopamiini agonistid (bromokr\u00fcptiin, apomorfiin), levodopa, t\u00fcroksiin, p\u00fcridoksiin, fen\u00fctoiin, oktreotiid, somatostatiin, t\u00fcreotoksikoosi antit\u00fcreoidsed ravimid (eriti ravikuuri algul). TSH vabanemist v\u00f5ivad pidurdada ka ts\u00fctokiinid (tuumornekroosifaktor-\u03b1, interleukiinid IL-1\u00df ja IL-6, interferoon-\u03b11).<\/p>\n\n\n\n<p>Koostajad: Ly Aru, Kaja Vaagen<br>Muudetud 01.02.2021<\/p>\n","protected":false},"excerpt":{"rendered":"<p>Kliinilise keemia ja laboratoorse hematoloogia osakond Kilpn\u00e4\u00e4ret stimuleeriv hormoon (TSH) on h\u00fcpof\u00fc\u00fcsi eessagaras s\u00fcnteesitav gl\u00fckoproteiin, mis koosneb kahest ala\u00fchikust. Neist \u03b1-ala\u00fchik on TSH, luteiniseeriva hormooni (LH), koorioni gonatotropiini (hCG) ja folliikuleid stimuleeriva hormooni (FSH) puhul identne ning \u00df-ala\u00fchik spetsiifiline. TSH soodustab kilpn\u00e4\u00e4rme kasvu ning stimuleerib kilpn\u00e4\u00e4rme hormoonide (t\u00fcroksiini T4 ja trijoodt\u00fcroniini T3) s\u00fcnteesi ning vabanemist. [&hellip;]<\/p>\n","protected":false},"author":38,"featured_media":0,"parent":7271,"menu_order":0,"comment_status":"closed","ping_status":"closed","template":"","meta":{"_uag_custom_page_level_css":"","footnotes":""},"class_list":["post-12063","page","type-page","status-publish","hentry"],"acf":[],"yoast_head":"<!-- This site is optimized with the Yoast SEO plugin v27.3 - https:\/\/yoast.com\/product\/yoast-seo-wordpress\/ -->\n<title>Kilpn\u00e4\u00e4ret stimuleeriv hormoon (S,P-TSH) - \u00dchendlabor<\/title>\n<meta name=\"robots\" content=\"index, follow, max-snippet:-1, max-image-preview:large, max-video-preview:-1\" \/>\n<link rel=\"canonical\" href=\"https:\/\/www.kliinikum.ee\/yhendlabor\/kasiraamat\/hormoonid-jm-immuunuuringud\/kilpnaaret-stimuleeriv-hormoon-sp-tsh\/\" \/>\n<meta property=\"og:locale\" content=\"et_EE\" \/>\n<meta property=\"og:type\" content=\"article\" \/>\n<meta property=\"og:title\" content=\"Kilpn\u00e4\u00e4ret stimuleeriv hormoon (S,P-TSH) - \u00dchendlabor\" \/>\n<meta property=\"og:description\" content=\"Kliinilise keemia ja laboratoorse hematoloogia osakond Kilpn\u00e4\u00e4ret stimuleeriv hormoon (TSH) on h\u00fcpof\u00fc\u00fcsi eessagaras s\u00fcnteesitav gl\u00fckoproteiin, mis koosneb kahest ala\u00fchikust. Neist \u03b1-ala\u00fchik on TSH, luteiniseeriva hormooni (LH), koorioni gonatotropiini (hCG) ja folliikuleid stimuleeriva hormooni (FSH) puhul identne ning \u00df-ala\u00fchik spetsiifiline. TSH soodustab kilpn\u00e4\u00e4rme kasvu ning stimuleerib kilpn\u00e4\u00e4rme hormoonide (t\u00fcroksiini T4 ja trijoodt\u00fcroniini T3) s\u00fcnteesi ning vabanemist. [&hellip;]\" \/>\n<meta property=\"og:url\" content=\"https:\/\/www.kliinikum.ee\/yhendlabor\/kasiraamat\/hormoonid-jm-immuunuuringud\/kilpnaaret-stimuleeriv-hormoon-sp-tsh\/\" \/>\n<meta property=\"og:site_name\" content=\"\u00dchendlabor\" \/>\n<meta property=\"article:modified_time\" content=\"2025-11-26T16:43:56+00:00\" \/>\n<meta name=\"twitter:card\" content=\"summary_large_image\" \/>\n<meta name=\"twitter:label1\" content=\"Est. reading time\" \/>\n\t<meta name=\"twitter:data1\" content=\"3 minutit\" \/>\n<script type=\"application\/ld+json\" class=\"yoast-schema-graph\">{\"@context\":\"https:\\\/\\\/schema.org\",\"@graph\":[{\"@type\":\"WebPage\",\"@id\":\"https:\\\/\\\/www.kliinikum.ee\\\/yhendlabor\\\/kasiraamat\\\/hormoonid-jm-immuunuuringud\\\/kilpnaaret-stimuleeriv-hormoon-sp-tsh\\\/\",\"url\":\"https:\\\/\\\/www.kliinikum.ee\\\/yhendlabor\\\/kasiraamat\\\/hormoonid-jm-immuunuuringud\\\/kilpnaaret-stimuleeriv-hormoon-sp-tsh\\\/\",\"name\":\"Kilpn\u00e4\u00e4ret stimuleeriv hormoon (S,P-TSH) - \u00dchendlabor\",\"isPartOf\":{\"@id\":\"https:\\\/\\\/www.kliinikum.ee\\\/yhendlabor\\\/#website\"},\"datePublished\":\"2025-07-01T15:21:23+00:00\",\"dateModified\":\"2025-11-26T16:43:56+00:00\",\"breadcrumb\":{\"@id\":\"https:\\\/\\\/www.kliinikum.ee\\\/yhendlabor\\\/kasiraamat\\\/hormoonid-jm-immuunuuringud\\\/kilpnaaret-stimuleeriv-hormoon-sp-tsh\\\/#breadcrumb\"},\"inLanguage\":\"et\",\"potentialAction\":[{\"@type\":\"ReadAction\",\"target\":[\"https:\\\/\\\/www.kliinikum.ee\\\/yhendlabor\\\/kasiraamat\\\/hormoonid-jm-immuunuuringud\\\/kilpnaaret-stimuleeriv-hormoon-sp-tsh\\\/\"]}]},{\"@type\":\"BreadcrumbList\",\"@id\":\"https:\\\/\\\/www.kliinikum.ee\\\/yhendlabor\\\/kasiraamat\\\/hormoonid-jm-immuunuuringud\\\/kilpnaaret-stimuleeriv-hormoon-sp-tsh\\\/#breadcrumb\",\"itemListElement\":[{\"@type\":\"ListItem\",\"position\":1,\"name\":\"Home\",\"item\":\"https:\\\/\\\/www.kliinikum.ee\\\/yhendlabor\\\/\"},{\"@type\":\"ListItem\",\"position\":2,\"name\":\"K\u00e4siraamat\",\"item\":\"https:\\\/\\\/www.kliinikum.ee\\\/yhendlabor\\\/kasiraamat\\\/\"},{\"@type\":\"ListItem\",\"position\":3,\"name\":\"Hormoonid jm immuunuuringud\",\"item\":\"https:\\\/\\\/www.kliinikum.ee\\\/yhendlabor\\\/kasiraamat\\\/hormoonid-jm-immuunuuringud\\\/\"},{\"@type\":\"ListItem\",\"position\":4,\"name\":\"Kilpn\u00e4\u00e4ret stimuleeriv hormoon (S,P-TSH)\"}]},{\"@type\":\"WebSite\",\"@id\":\"https:\\\/\\\/www.kliinikum.ee\\\/yhendlabor\\\/#website\",\"url\":\"https:\\\/\\\/www.kliinikum.ee\\\/yhendlabor\\\/\",\"name\":\"\u00dchendlabor\",\"description\":\"Hoolivus, Uuendusmeelsus, P\u00e4devus ja Usaldusv\u00e4\u00e4rsus\",\"potentialAction\":[{\"@type\":\"SearchAction\",\"target\":{\"@type\":\"EntryPoint\",\"urlTemplate\":\"https:\\\/\\\/www.kliinikum.ee\\\/yhendlabor\\\/?s={search_term_string}\"},\"query-input\":{\"@type\":\"PropertyValueSpecification\",\"valueRequired\":true,\"valueName\":\"search_term_string\"}}],\"inLanguage\":\"et\"}]}<\/script>\n<!-- \/ Yoast SEO plugin. -->","yoast_head_json":{"title":"Kilpn\u00e4\u00e4ret stimuleeriv hormoon (S,P-TSH) - \u00dchendlabor","robots":{"index":"index","follow":"follow","max-snippet":"max-snippet:-1","max-image-preview":"max-image-preview:large","max-video-preview":"max-video-preview:-1"},"canonical":"https:\/\/www.kliinikum.ee\/yhendlabor\/kasiraamat\/hormoonid-jm-immuunuuringud\/kilpnaaret-stimuleeriv-hormoon-sp-tsh\/","og_locale":"et_EE","og_type":"article","og_title":"Kilpn\u00e4\u00e4ret stimuleeriv hormoon (S,P-TSH) - \u00dchendlabor","og_description":"Kliinilise keemia ja laboratoorse hematoloogia osakond Kilpn\u00e4\u00e4ret stimuleeriv hormoon (TSH) on h\u00fcpof\u00fc\u00fcsi eessagaras s\u00fcnteesitav gl\u00fckoproteiin, mis koosneb kahest ala\u00fchikust. Neist \u03b1-ala\u00fchik on TSH, luteiniseeriva hormooni (LH), koorioni gonatotropiini (hCG) ja folliikuleid stimuleeriva hormooni (FSH) puhul identne ning \u00df-ala\u00fchik spetsiifiline. TSH soodustab kilpn\u00e4\u00e4rme kasvu ning stimuleerib kilpn\u00e4\u00e4rme hormoonide (t\u00fcroksiini T4 ja trijoodt\u00fcroniini T3) s\u00fcnteesi ning vabanemist. [&hellip;]","og_url":"https:\/\/www.kliinikum.ee\/yhendlabor\/kasiraamat\/hormoonid-jm-immuunuuringud\/kilpnaaret-stimuleeriv-hormoon-sp-tsh\/","og_site_name":"\u00dchendlabor","article_modified_time":"2025-11-26T16:43:56+00:00","twitter_card":"summary_large_image","twitter_misc":{"Est. reading time":"3 minutit"},"schema":{"@context":"https:\/\/schema.org","@graph":[{"@type":"WebPage","@id":"https:\/\/www.kliinikum.ee\/yhendlabor\/kasiraamat\/hormoonid-jm-immuunuuringud\/kilpnaaret-stimuleeriv-hormoon-sp-tsh\/","url":"https:\/\/www.kliinikum.ee\/yhendlabor\/kasiraamat\/hormoonid-jm-immuunuuringud\/kilpnaaret-stimuleeriv-hormoon-sp-tsh\/","name":"Kilpn\u00e4\u00e4ret stimuleeriv hormoon (S,P-TSH) - \u00dchendlabor","isPartOf":{"@id":"https:\/\/www.kliinikum.ee\/yhendlabor\/#website"},"datePublished":"2025-07-01T15:21:23+00:00","dateModified":"2025-11-26T16:43:56+00:00","breadcrumb":{"@id":"https:\/\/www.kliinikum.ee\/yhendlabor\/kasiraamat\/hormoonid-jm-immuunuuringud\/kilpnaaret-stimuleeriv-hormoon-sp-tsh\/#breadcrumb"},"inLanguage":"et","potentialAction":[{"@type":"ReadAction","target":["https:\/\/www.kliinikum.ee\/yhendlabor\/kasiraamat\/hormoonid-jm-immuunuuringud\/kilpnaaret-stimuleeriv-hormoon-sp-tsh\/"]}]},{"@type":"BreadcrumbList","@id":"https:\/\/www.kliinikum.ee\/yhendlabor\/kasiraamat\/hormoonid-jm-immuunuuringud\/kilpnaaret-stimuleeriv-hormoon-sp-tsh\/#breadcrumb","itemListElement":[{"@type":"ListItem","position":1,"name":"Home","item":"https:\/\/www.kliinikum.ee\/yhendlabor\/"},{"@type":"ListItem","position":2,"name":"K\u00e4siraamat","item":"https:\/\/www.kliinikum.ee\/yhendlabor\/kasiraamat\/"},{"@type":"ListItem","position":3,"name":"Hormoonid jm immuunuuringud","item":"https:\/\/www.kliinikum.ee\/yhendlabor\/kasiraamat\/hormoonid-jm-immuunuuringud\/"},{"@type":"ListItem","position":4,"name":"Kilpn\u00e4\u00e4ret stimuleeriv hormoon (S,P-TSH)"}]},{"@type":"WebSite","@id":"https:\/\/www.kliinikum.ee\/yhendlabor\/#website","url":"https:\/\/www.kliinikum.ee\/yhendlabor\/","name":"\u00dchendlabor","description":"Hoolivus, Uuendusmeelsus, P\u00e4devus ja Usaldusv\u00e4\u00e4rsus","potentialAction":[{"@type":"SearchAction","target":{"@type":"EntryPoint","urlTemplate":"https:\/\/www.kliinikum.ee\/yhendlabor\/?s={search_term_string}"},"query-input":{"@type":"PropertyValueSpecification","valueRequired":true,"valueName":"search_term_string"}}],"inLanguage":"et"}]}},"uagb_featured_image_src":{"full":false,"thumbnail":false,"medium":false,"medium_large":false,"large":false,"1536x1536":false,"2048x2048":false},"uagb_author_info":{"display_name":"Kadi Siigur","author_link":"https:\/\/www.kliinikum.ee\/yhendlabor\/author\/kadisi\/"},"uagb_comment_info":0,"uagb_excerpt":"Kliinilise keemia ja laboratoorse hematoloogia osakond Kilpn\u00e4\u00e4ret stimuleeriv hormoon (TSH) on h\u00fcpof\u00fc\u00fcsi eessagaras s\u00fcnteesitav gl\u00fckoproteiin, mis koosneb kahest ala\u00fchikust. Neist \u03b1-ala\u00fchik on TSH, luteiniseeriva hormooni (LH), koorioni gonatotropiini (hCG) ja folliikuleid stimuleeriva hormooni (FSH) puhul identne ning \u00df-ala\u00fchik spetsiifiline. TSH soodustab kilpn\u00e4\u00e4rme kasvu ning stimuleerib kilpn\u00e4\u00e4rme hormoonide (t\u00fcroksiini T4 ja trijoodt\u00fcroniini T3) s\u00fcnteesi ning vabanemist.&hellip;","_links":{"self":[{"href":"https:\/\/www.kliinikum.ee\/yhendlabor\/wp-json\/wp\/v2\/pages\/12063","targetHints":{"allow":["GET"]}}],"collection":[{"href":"https:\/\/www.kliinikum.ee\/yhendlabor\/wp-json\/wp\/v2\/pages"}],"about":[{"href":"https:\/\/www.kliinikum.ee\/yhendlabor\/wp-json\/wp\/v2\/types\/page"}],"author":[{"embeddable":true,"href":"https:\/\/www.kliinikum.ee\/yhendlabor\/wp-json\/wp\/v2\/users\/38"}],"replies":[{"embeddable":true,"href":"https:\/\/www.kliinikum.ee\/yhendlabor\/wp-json\/wp\/v2\/comments?post=12063"}],"version-history":[{"count":0,"href":"https:\/\/www.kliinikum.ee\/yhendlabor\/wp-json\/wp\/v2\/pages\/12063\/revisions"}],"up":[{"embeddable":true,"href":"https:\/\/www.kliinikum.ee\/yhendlabor\/wp-json\/wp\/v2\/pages\/7271"}],"wp:attachment":[{"href":"https:\/\/www.kliinikum.ee\/yhendlabor\/wp-json\/wp\/v2\/media?parent=12063"}],"curies":[{"name":"wp","href":"https:\/\/api.w.org\/{rel}","templated":true}]}}