{"id":12081,"date":"2025-07-04T11:07:53","date_gmt":"2025-07-04T09:07:53","guid":{"rendered":"https:\/\/www.kliinikum.ee\/yhendlabor\/?page_id=12081"},"modified":"2025-12-11T18:42:30","modified_gmt":"2025-12-11T16:42:30","slug":"narkootiliste-ainete-tuvastamisaeg-uriinist","status":"publish","type":"page","link":"https:\/\/www.kliinikum.ee\/yhendlabor\/kasiraamat\/toksikoloogilised-ja-metallide-uuringud\/narkootiliste-ainete-tuvastamisaeg-uriinist\/","title":{"rendered":"Narkootiliste ainete tuvastamisaeg uriinist"},"content":{"rendered":"\n<p><strong>Narkootiliste ainete tuvastamise aeg uriinis<\/strong> s\u00f5ltub paljudest teguritest, s.h aine annusest, kasutussagedusest, individuaalsest ainevahetusest, neerufunktsioonist ja vedeliku tarbimisest.<\/p>\n\n\n\n<figure class=\"wp-block-table\"><table width=\"100%\"><tbody><tr><td width=\"1%\"><\/td><td width=\"50%\"><strong>Aine<\/strong><\/td><td width=\"49%\"><strong>T\u00fc\u00fcpiline tuvastamisaeg uriinis<\/strong><\/td><\/tr><tr><td><\/td><td>Amfetamiin\/metamfetamiin<\/td><td>2\u20134 p\u00e4eva<\/td><\/tr><tr><td><\/td><td>Barbituraadid \u2013 l\u00fchitoimelised<\/td><td>1\u20132 p\u00e4eva<\/td><\/tr><tr><td><\/td><td>Barbituraadid \u2013 pikatoimelised<\/td><td>2\u20134 p\u00e4eva<\/td><\/tr><tr><td><\/td><td>Fenobarbitaal<\/td><td>10\u201320 p\u00e4eva<\/td><\/tr><tr><td><\/td><td>Bensodiasepiinid \u2013 terapeutiline kasutus<\/td><td>3\u20137 p\u00e4eva<\/td><\/tr><tr><td><\/td><td>Bensodiasepiinid \u2013 krooniline kasutus<\/td><td>kuni 30 p\u00e4eva<\/td><\/tr><tr><td><\/td><td>Kokaiin<\/td><td>1\u20133 p\u00e4eva<\/td><\/tr><tr><td><\/td><td>Kannabinoidid \u2013 juhuslik kasutus<\/td><td>1\u20133 p\u00e4eva<\/td><\/tr><tr><td><\/td><td>Kannabinoidid \u2013 igap\u00e4evane kasutus<\/td><td>5\u201310 p\u00e4eva<\/td><\/tr><tr><td><\/td><td>Kannabinoidid \u2013 krooniline kasutus<\/td><td>kuni 30 p\u00e4eva<\/td><\/tr><tr><td><\/td><td>Opioidid<\/td><td>1\u20133 p\u00e4eva<\/td><\/tr><tr><td><\/td><td>Metadoon<\/td><td>2\u20134 p\u00e4eva<\/td><\/tr><tr><td><\/td><td>Ecstasy (MDMA)<\/td><td>1\u20135 p\u00e4eva<\/td><\/tr><\/tbody><\/table><\/figure>\n\n\n\n<p class=\"has-small-font-size\">Viide: Center for Substance Abuse Treatment. Substance Abuse: Clinical Issues in Intensive Outpatient Treatment. Rockville (MD): Substance Abuse and Mental Health Services Administration (US); 2006. (Treatment Improvement Protocol (TIP) Series, No. 47.)&nbsp;Available from: <a href=\"https:\/\/www.ncbi.nlm.nih.gov\/books\/NBK64093\/\">https:\/\/www.ncbi.nlm.nih.gov\/books\/NBK64093\/<\/a><\/p>\n\n\n\n<p>Koostaja: Aivar Orav<br>Muudetud 30.06.2025<\/p>\n\n\n\n<p><\/p>\n","protected":false},"excerpt":{"rendered":"<p>Narkootiliste ainete tuvastamise aeg uriinis s\u00f5ltub paljudest teguritest, s.h aine annusest, kasutussagedusest, individuaalsest ainevahetusest, neerufunktsioonist ja vedeliku tarbimisest. Aine T\u00fc\u00fcpiline tuvastamisaeg uriinis Amfetamiin\/metamfetamiin 2\u20134 p\u00e4eva Barbituraadid \u2013 l\u00fchitoimelised 1\u20132 p\u00e4eva Barbituraadid \u2013 pikatoimelised 2\u20134 p\u00e4eva Fenobarbitaal 10\u201320 p\u00e4eva Bensodiasepiinid \u2013 terapeutiline kasutus 3\u20137 p\u00e4eva Bensodiasepiinid \u2013 krooniline kasutus kuni 30 p\u00e4eva Kokaiin 1\u20133 p\u00e4eva Kannabinoidid [&hellip;]<\/p>\n","protected":false},"author":31,"featured_media":0,"parent":7314,"menu_order":12,"comment_status":"closed","ping_status":"closed","template":"","meta":{"_uag_custom_page_level_css":"","footnotes":""},"class_list":["post-12081","page","type-page","status-publish","hentry"],"acf":[],"yoast_head":"<!-- This site is optimized with the Yoast SEO plugin v27.3 - https:\/\/yoast.com\/product\/yoast-seo-wordpress\/ -->\n<title>Narkootiliste ainete tuvastamisaeg uriinist - \u00dchendlabor<\/title>\n<meta name=\"robots\" content=\"index, follow, max-snippet:-1, max-image-preview:large, max-video-preview:-1\" \/>\n<link rel=\"canonical\" href=\"https:\/\/www.kliinikum.ee\/yhendlabor\/kasiraamat\/toksikoloogilised-ja-metallide-uuringud\/narkootiliste-ainete-tuvastamisaeg-uriinist\/\" \/>\n<meta property=\"og:locale\" content=\"et_EE\" \/>\n<meta property=\"og:type\" content=\"article\" \/>\n<meta property=\"og:title\" content=\"Narkootiliste ainete tuvastamisaeg uriinist - \u00dchendlabor\" \/>\n<meta property=\"og:description\" content=\"Narkootiliste ainete tuvastamise aeg uriinis s\u00f5ltub paljudest teguritest, s.h aine annusest, kasutussagedusest, individuaalsest ainevahetusest, neerufunktsioonist ja vedeliku tarbimisest. Aine T\u00fc\u00fcpiline tuvastamisaeg uriinis Amfetamiin\/metamfetamiin 2\u20134 p\u00e4eva Barbituraadid \u2013 l\u00fchitoimelised 1\u20132 p\u00e4eva Barbituraadid \u2013 pikatoimelised 2\u20134 p\u00e4eva Fenobarbitaal 10\u201320 p\u00e4eva Bensodiasepiinid \u2013 terapeutiline kasutus 3\u20137 p\u00e4eva Bensodiasepiinid \u2013 krooniline kasutus kuni 30 p\u00e4eva Kokaiin 1\u20133 p\u00e4eva Kannabinoidid [&hellip;]\" \/>\n<meta property=\"og:url\" content=\"https:\/\/www.kliinikum.ee\/yhendlabor\/kasiraamat\/toksikoloogilised-ja-metallide-uuringud\/narkootiliste-ainete-tuvastamisaeg-uriinist\/\" \/>\n<meta property=\"og:site_name\" content=\"\u00dchendlabor\" \/>\n<meta property=\"article:modified_time\" content=\"2025-12-11T16:42:30+00:00\" \/>\n<meta name=\"twitter:card\" content=\"summary_large_image\" \/>\n<meta name=\"twitter:label1\" content=\"Est. reading time\" \/>\n\t<meta name=\"twitter:data1\" content=\"1 minut\" \/>\n<script type=\"application\/ld+json\" class=\"yoast-schema-graph\">{\"@context\":\"https:\\\/\\\/schema.org\",\"@graph\":[{\"@type\":\"WebPage\",\"@id\":\"https:\\\/\\\/www.kliinikum.ee\\\/yhendlabor\\\/kasiraamat\\\/toksikoloogilised-ja-metallide-uuringud\\\/narkootiliste-ainete-tuvastamisaeg-uriinist\\\/\",\"url\":\"https:\\\/\\\/www.kliinikum.ee\\\/yhendlabor\\\/kasiraamat\\\/toksikoloogilised-ja-metallide-uuringud\\\/narkootiliste-ainete-tuvastamisaeg-uriinist\\\/\",\"name\":\"Narkootiliste ainete tuvastamisaeg uriinist - \u00dchendlabor\",\"isPartOf\":{\"@id\":\"https:\\\/\\\/www.kliinikum.ee\\\/yhendlabor\\\/#website\"},\"datePublished\":\"2025-07-04T09:07:53+00:00\",\"dateModified\":\"2025-12-11T16:42:30+00:00\",\"breadcrumb\":{\"@id\":\"https:\\\/\\\/www.kliinikum.ee\\\/yhendlabor\\\/kasiraamat\\\/toksikoloogilised-ja-metallide-uuringud\\\/narkootiliste-ainete-tuvastamisaeg-uriinist\\\/#breadcrumb\"},\"inLanguage\":\"et\",\"potentialAction\":[{\"@type\":\"ReadAction\",\"target\":[\"https:\\\/\\\/www.kliinikum.ee\\\/yhendlabor\\\/kasiraamat\\\/toksikoloogilised-ja-metallide-uuringud\\\/narkootiliste-ainete-tuvastamisaeg-uriinist\\\/\"]}]},{\"@type\":\"BreadcrumbList\",\"@id\":\"https:\\\/\\\/www.kliinikum.ee\\\/yhendlabor\\\/kasiraamat\\\/toksikoloogilised-ja-metallide-uuringud\\\/narkootiliste-ainete-tuvastamisaeg-uriinist\\\/#breadcrumb\",\"itemListElement\":[{\"@type\":\"ListItem\",\"position\":1,\"name\":\"Home\",\"item\":\"https:\\\/\\\/www.kliinikum.ee\\\/yhendlabor\\\/\"},{\"@type\":\"ListItem\",\"position\":2,\"name\":\"K\u00e4siraamat\",\"item\":\"https:\\\/\\\/www.kliinikum.ee\\\/yhendlabor\\\/kasiraamat\\\/\"},{\"@type\":\"ListItem\",\"position\":3,\"name\":\"Toksikoloogilised ja metallide uuringud\",\"item\":\"https:\\\/\\\/www.kliinikum.ee\\\/yhendlabor\\\/kasiraamat\\\/toksikoloogilised-ja-metallide-uuringud\\\/\"},{\"@type\":\"ListItem\",\"position\":4,\"name\":\"Narkootiliste ainete tuvastamisaeg uriinist\"}]},{\"@type\":\"WebSite\",\"@id\":\"https:\\\/\\\/www.kliinikum.ee\\\/yhendlabor\\\/#website\",\"url\":\"https:\\\/\\\/www.kliinikum.ee\\\/yhendlabor\\\/\",\"name\":\"\u00dchendlabor\",\"description\":\"Hoolivus, Uuendusmeelsus, P\u00e4devus ja Usaldusv\u00e4\u00e4rsus\",\"potentialAction\":[{\"@type\":\"SearchAction\",\"target\":{\"@type\":\"EntryPoint\",\"urlTemplate\":\"https:\\\/\\\/www.kliinikum.ee\\\/yhendlabor\\\/?s={search_term_string}\"},\"query-input\":{\"@type\":\"PropertyValueSpecification\",\"valueRequired\":true,\"valueName\":\"search_term_string\"}}],\"inLanguage\":\"et\"}]}<\/script>\n<!-- \/ Yoast SEO plugin. -->","yoast_head_json":{"title":"Narkootiliste ainete tuvastamisaeg uriinist - \u00dchendlabor","robots":{"index":"index","follow":"follow","max-snippet":"max-snippet:-1","max-image-preview":"max-image-preview:large","max-video-preview":"max-video-preview:-1"},"canonical":"https:\/\/www.kliinikum.ee\/yhendlabor\/kasiraamat\/toksikoloogilised-ja-metallide-uuringud\/narkootiliste-ainete-tuvastamisaeg-uriinist\/","og_locale":"et_EE","og_type":"article","og_title":"Narkootiliste ainete tuvastamisaeg uriinist - \u00dchendlabor","og_description":"Narkootiliste ainete tuvastamise aeg uriinis s\u00f5ltub paljudest teguritest, s.h aine annusest, kasutussagedusest, individuaalsest ainevahetusest, neerufunktsioonist ja vedeliku tarbimisest. Aine T\u00fc\u00fcpiline tuvastamisaeg uriinis Amfetamiin\/metamfetamiin 2\u20134 p\u00e4eva Barbituraadid \u2013 l\u00fchitoimelised 1\u20132 p\u00e4eva Barbituraadid \u2013 pikatoimelised 2\u20134 p\u00e4eva Fenobarbitaal 10\u201320 p\u00e4eva Bensodiasepiinid \u2013 terapeutiline kasutus 3\u20137 p\u00e4eva Bensodiasepiinid \u2013 krooniline kasutus kuni 30 p\u00e4eva Kokaiin 1\u20133 p\u00e4eva Kannabinoidid [&hellip;]","og_url":"https:\/\/www.kliinikum.ee\/yhendlabor\/kasiraamat\/toksikoloogilised-ja-metallide-uuringud\/narkootiliste-ainete-tuvastamisaeg-uriinist\/","og_site_name":"\u00dchendlabor","article_modified_time":"2025-12-11T16:42:30+00:00","twitter_card":"summary_large_image","twitter_misc":{"Est. reading time":"1 minut"},"schema":{"@context":"https:\/\/schema.org","@graph":[{"@type":"WebPage","@id":"https:\/\/www.kliinikum.ee\/yhendlabor\/kasiraamat\/toksikoloogilised-ja-metallide-uuringud\/narkootiliste-ainete-tuvastamisaeg-uriinist\/","url":"https:\/\/www.kliinikum.ee\/yhendlabor\/kasiraamat\/toksikoloogilised-ja-metallide-uuringud\/narkootiliste-ainete-tuvastamisaeg-uriinist\/","name":"Narkootiliste ainete tuvastamisaeg uriinist - \u00dchendlabor","isPartOf":{"@id":"https:\/\/www.kliinikum.ee\/yhendlabor\/#website"},"datePublished":"2025-07-04T09:07:53+00:00","dateModified":"2025-12-11T16:42:30+00:00","breadcrumb":{"@id":"https:\/\/www.kliinikum.ee\/yhendlabor\/kasiraamat\/toksikoloogilised-ja-metallide-uuringud\/narkootiliste-ainete-tuvastamisaeg-uriinist\/#breadcrumb"},"inLanguage":"et","potentialAction":[{"@type":"ReadAction","target":["https:\/\/www.kliinikum.ee\/yhendlabor\/kasiraamat\/toksikoloogilised-ja-metallide-uuringud\/narkootiliste-ainete-tuvastamisaeg-uriinist\/"]}]},{"@type":"BreadcrumbList","@id":"https:\/\/www.kliinikum.ee\/yhendlabor\/kasiraamat\/toksikoloogilised-ja-metallide-uuringud\/narkootiliste-ainete-tuvastamisaeg-uriinist\/#breadcrumb","itemListElement":[{"@type":"ListItem","position":1,"name":"Home","item":"https:\/\/www.kliinikum.ee\/yhendlabor\/"},{"@type":"ListItem","position":2,"name":"K\u00e4siraamat","item":"https:\/\/www.kliinikum.ee\/yhendlabor\/kasiraamat\/"},{"@type":"ListItem","position":3,"name":"Toksikoloogilised ja metallide uuringud","item":"https:\/\/www.kliinikum.ee\/yhendlabor\/kasiraamat\/toksikoloogilised-ja-metallide-uuringud\/"},{"@type":"ListItem","position":4,"name":"Narkootiliste ainete tuvastamisaeg uriinist"}]},{"@type":"WebSite","@id":"https:\/\/www.kliinikum.ee\/yhendlabor\/#website","url":"https:\/\/www.kliinikum.ee\/yhendlabor\/","name":"\u00dchendlabor","description":"Hoolivus, Uuendusmeelsus, P\u00e4devus ja Usaldusv\u00e4\u00e4rsus","potentialAction":[{"@type":"SearchAction","target":{"@type":"EntryPoint","urlTemplate":"https:\/\/www.kliinikum.ee\/yhendlabor\/?s={search_term_string}"},"query-input":{"@type":"PropertyValueSpecification","valueRequired":true,"valueName":"search_term_string"}}],"inLanguage":"et"}]}},"uagb_featured_image_src":{"full":false,"thumbnail":false,"medium":false,"medium_large":false,"large":false,"1536x1536":false,"2048x2048":false},"uagb_author_info":{"display_name":"Kaja Vaagen","author_link":"https:\/\/www.kliinikum.ee\/yhendlabor\/author\/kajakall\/"},"uagb_comment_info":0,"uagb_excerpt":"Narkootiliste ainete tuvastamise aeg uriinis s\u00f5ltub paljudest teguritest, s.h aine annusest, kasutussagedusest, individuaalsest ainevahetusest, neerufunktsioonist ja vedeliku tarbimisest. Aine T\u00fc\u00fcpiline tuvastamisaeg uriinis Amfetamiin\/metamfetamiin 2\u20134 p\u00e4eva Barbituraadid \u2013 l\u00fchitoimelised 1\u20132 p\u00e4eva Barbituraadid \u2013 pikatoimelised 2\u20134 p\u00e4eva Fenobarbitaal 10\u201320 p\u00e4eva Bensodiasepiinid \u2013 terapeutiline kasutus 3\u20137 p\u00e4eva Bensodiasepiinid \u2013 krooniline kasutus kuni 30 p\u00e4eva Kokaiin 1\u20133 p\u00e4eva Kannabinoidid&hellip;","_links":{"self":[{"href":"https:\/\/www.kliinikum.ee\/yhendlabor\/wp-json\/wp\/v2\/pages\/12081","targetHints":{"allow":["GET"]}}],"collection":[{"href":"https:\/\/www.kliinikum.ee\/yhendlabor\/wp-json\/wp\/v2\/pages"}],"about":[{"href":"https:\/\/www.kliinikum.ee\/yhendlabor\/wp-json\/wp\/v2\/types\/page"}],"author":[{"embeddable":true,"href":"https:\/\/www.kliinikum.ee\/yhendlabor\/wp-json\/wp\/v2\/users\/31"}],"replies":[{"embeddable":true,"href":"https:\/\/www.kliinikum.ee\/yhendlabor\/wp-json\/wp\/v2\/comments?post=12081"}],"version-history":[{"count":0,"href":"https:\/\/www.kliinikum.ee\/yhendlabor\/wp-json\/wp\/v2\/pages\/12081\/revisions"}],"up":[{"embeddable":true,"href":"https:\/\/www.kliinikum.ee\/yhendlabor\/wp-json\/wp\/v2\/pages\/7314"}],"wp:attachment":[{"href":"https:\/\/www.kliinikum.ee\/yhendlabor\/wp-json\/wp\/v2\/media?parent=12081"}],"curies":[{"name":"wp","href":"https:\/\/api.w.org\/{rel}","templated":true}]}}