{"id":12145,"date":"2025-07-18T20:09:17","date_gmt":"2025-07-18T18:09:17","guid":{"rendered":"https:\/\/www.kliinikum.ee\/yhendlabor\/?page_id=12145"},"modified":"2025-11-26T19:25:53","modified_gmt":"2025-11-26T17:25:53","slug":"vitamiin-d-25-oh-sp-vit-d-25-oh","status":"publish","type":"page","link":"https:\/\/www.kliinikum.ee\/yhendlabor\/kasiraamat\/hormoonid-jm-immuunuuringud\/vitamiin-d-25-oh-sp-vit-d-25-oh\/","title":{"rendered":"Vitamiin D (25-OH), S,P-Vit D (25-OH)"},"content":{"rendered":"\n<p><em>Kliinilise keemia ja laboratoorse hematoloogia osakond<\/em><\/p>\n\n\n\n<p><strong>Vitamiin D (25-OH)<\/strong> on peamine organismis tsirkuleeriv vitamiin D metaboliit, mida toodetakse valdavalt maksas ja mis peegeldab k\u00f5ige paremini organismi vitamiin D staatust. Funktsionaalselt on tegemist n\u00f6 vitamiini s\u00e4ilitusvormiga. Bioloogiliselt aktiivse \u00fchendi, vitamiin D (1,25-OH)<sub>2<\/sub> s\u00fcntees toimub peamiselt neerudes.<\/p>\n\n\n\n<p>Tuntakse erineva p\u00e4ritoluga vitamiin D vorme: kolekaltsiferool (vitamiin D3), mis on peamiselt loomse p\u00e4ritoluga ja moodustub ka inimorganismis p\u00e4ikesekiirguse toimel ning ergokaltsiferool (vitamiin D2), mida esineb taimedes ja p\u00e4rmseentes. Mitmekesine toit&nbsp; ja mitmed toidulisandid ning ravimid sisaldavad teataval m\u00e4\u00e4ral m\u00f5lemat vormi, mist\u00f5ttu on organismi vitamiin D hulga hindamisel oluline l\u00e4htuda vitamiin D2 ja D3 summaarsest kontsentratsioonist.<\/p>\n\n\n\n<p>Vitamiin D osaleb kaltsiumi ja fosfaadi ainevahetuse regulatsioonis, samuti luude kasvu, mineraliseerumise ja remodelleerumise protsessides. Enamiku rakkude pinnal organismis on olemas vitamiin D retseptorid.<\/p>\n\n\n\n<p class=\"has-medium-font-size\"><strong>Uuritav materjal, selle v\u00f5tmine, saatmine ja s\u00e4ilitamine<\/strong><\/p>\n\n\n\n<figure class=\"wp-block-table is-style-stripes\"><table width=\"100%\"><tbody><tr><td width=\"1%\"><\/td><td width=\"15%\"><strong>Katsuti<\/strong><\/td><td width=\"84%\">Geeli ja h\u00fc\u00fcbimisaktivaatoriga katsuti (punane kollase r\u00f5ngaga kork v\u00f5i kollane kork) v\u00f5i geeliga LH-katsuti (roheline kork kollase r\u00f5ngaga v\u00f5i heleroheline kork)<\/td><\/tr><tr><td><\/td><td><strong>S\u00e4ilivus<\/strong><\/td><td>Seerum\/plasma toatemperatuuril kaheksa tundi, +4 \u00b0C neli p\u00e4eva, -20 \u00b0C 24 n\u00e4dalat<\/td><\/tr><\/tbody><\/table><\/figure>\n\n\n\n<p class=\"has-medium-font-size\"><strong>Anal\u00fc\u00fcsi tegemise aeg:<\/strong> t\u00f6\u00f6p\u00e4eviti<\/p>\n\n\n\n<p class=\"has-medium-font-size\"><strong>Anal\u00fc\u00fcsimeetod:<\/strong> elektrokemoluminestsents-immuunmeetod (ECLIA)<\/p>\n\n\n\n<p class=\"has-medium-font-size\"><strong>Referentsv\u00e4\u00e4rtused<\/strong><\/p>\n\n\n\n<figure class=\"wp-block-table is-style-stripes\"><table width=\"100%\"><tbody><tr><td width=\"1%\"><\/td><td width=\"30%\"><strong>K\u00f5ik vanusegrupid<\/strong><\/td><td width=\"69%\">Ebapiisav tase &lt; 50 nmol\/L<\/td><\/tr><\/tbody><\/table><\/figure>\n\n\n\n<p class=\"has-medium-font-size\"><strong>N\u00e4idustus ja kliiniline t\u00e4hendus<\/strong><\/p>\n\n\n\n<p>Vitamiin D vaegus v\u00f5ib kujuneda ebapiisava s\u00fcnteesi tagaj\u00e4rjel, v\u00e4hese sisalduse t\u00f5ttu toidus, imendumise h\u00e4irete esinemisel peensooles, tingituna organismi resistentsusest D-vitamiinile v\u00f5i vitamiin D retseptorite defektsusest. Ka maksa funktsioonih\u00e4ired ja neeruhaigused v\u00f5ivad p\u00f5hjustada madalat vitamiin D taset.<\/p>\n\n\n\n<p>Vitamiin D vaeguse puhul on h\u00e4iritud eelk\u00f5ige kaltsiumi ja fosfaatide imendumine soolest. Raskematel juhtudel kujuneb t\u00e4iskasvanutel osteomalaatsia, lastel rahhiit.<\/p>\n\n\n\n<p>Uuringutes on leitud seoseid ka vitamiin D puuduse ja kardiovaskulaarsete haiguste, pahaloomuliste kasvajate, immuuns\u00fcsteemi h\u00e4irete (s.h autoimmuunhaiguste), nahahaiguste, keskn\u00e4rvis\u00fcsteemi patoloogiate jm vahel.<\/p>\n\n\n\n<p>Vitamiin D puhul on h\u00fcpervitaminoos p\u00f5hjustatud ebaadekvaatsest asendusravist, kuid seda esineb harva.<\/p>\n\n\n\n<p>Koostajad: Rain Lehtme, Kaja Vaagen<br>Muudetud 02.06.2022<\/p>\n","protected":false},"excerpt":{"rendered":"<p>Kliinilise keemia ja laboratoorse hematoloogia osakond Vitamiin D (25-OH) on peamine organismis tsirkuleeriv vitamiin D metaboliit, mida toodetakse valdavalt maksas ja mis peegeldab k\u00f5ige paremini organismi vitamiin D staatust. Funktsionaalselt on tegemist n\u00f6 vitamiini s\u00e4ilitusvormiga. Bioloogiliselt aktiivse \u00fchendi, vitamiin D (1,25-OH)2 s\u00fcntees toimub peamiselt neerudes. Tuntakse erineva p\u00e4ritoluga vitamiin D vorme: kolekaltsiferool (vitamiin D3), mis [&hellip;]<\/p>\n","protected":false},"author":38,"featured_media":0,"parent":7271,"menu_order":24,"comment_status":"closed","ping_status":"closed","template":"","meta":{"_uag_custom_page_level_css":"","footnotes":""},"class_list":["post-12145","page","type-page","status-publish","hentry"],"acf":[],"yoast_head":"<!-- This site is optimized with the Yoast SEO plugin v27.3 - https:\/\/yoast.com\/product\/yoast-seo-wordpress\/ -->\n<title>Vitamiin D (25-OH), S,P-Vit D (25-OH) - \u00dchendlabor<\/title>\n<meta name=\"robots\" content=\"index, follow, max-snippet:-1, max-image-preview:large, max-video-preview:-1\" \/>\n<link rel=\"canonical\" href=\"https:\/\/www.kliinikum.ee\/yhendlabor\/kasiraamat\/hormoonid-jm-immuunuuringud\/vitamiin-d-25-oh-sp-vit-d-25-oh\/\" \/>\n<meta property=\"og:locale\" content=\"et_EE\" \/>\n<meta property=\"og:type\" content=\"article\" \/>\n<meta property=\"og:title\" content=\"Vitamiin D (25-OH), S,P-Vit D (25-OH) - \u00dchendlabor\" \/>\n<meta property=\"og:description\" content=\"Kliinilise keemia ja laboratoorse hematoloogia osakond Vitamiin D (25-OH) on peamine organismis tsirkuleeriv vitamiin D metaboliit, mida toodetakse valdavalt maksas ja mis peegeldab k\u00f5ige paremini organismi vitamiin D staatust. Funktsionaalselt on tegemist n\u00f6 vitamiini s\u00e4ilitusvormiga. Bioloogiliselt aktiivse \u00fchendi, vitamiin D (1,25-OH)2 s\u00fcntees toimub peamiselt neerudes. Tuntakse erineva p\u00e4ritoluga vitamiin D vorme: kolekaltsiferool (vitamiin D3), mis [&hellip;]\" \/>\n<meta property=\"og:url\" content=\"https:\/\/www.kliinikum.ee\/yhendlabor\/kasiraamat\/hormoonid-jm-immuunuuringud\/vitamiin-d-25-oh-sp-vit-d-25-oh\/\" \/>\n<meta property=\"og:site_name\" content=\"\u00dchendlabor\" \/>\n<meta property=\"article:modified_time\" content=\"2025-11-26T17:25:53+00:00\" \/>\n<meta name=\"twitter:card\" content=\"summary_large_image\" \/>\n<meta name=\"twitter:label1\" content=\"Est. reading time\" \/>\n\t<meta name=\"twitter:data1\" content=\"2 minutit\" \/>\n<script type=\"application\/ld+json\" class=\"yoast-schema-graph\">{\"@context\":\"https:\\\/\\\/schema.org\",\"@graph\":[{\"@type\":\"WebPage\",\"@id\":\"https:\\\/\\\/www.kliinikum.ee\\\/yhendlabor\\\/kasiraamat\\\/hormoonid-jm-immuunuuringud\\\/vitamiin-d-25-oh-sp-vit-d-25-oh\\\/\",\"url\":\"https:\\\/\\\/www.kliinikum.ee\\\/yhendlabor\\\/kasiraamat\\\/hormoonid-jm-immuunuuringud\\\/vitamiin-d-25-oh-sp-vit-d-25-oh\\\/\",\"name\":\"Vitamiin D (25-OH), S,P-Vit D (25-OH) - \u00dchendlabor\",\"isPartOf\":{\"@id\":\"https:\\\/\\\/www.kliinikum.ee\\\/yhendlabor\\\/#website\"},\"datePublished\":\"2025-07-18T18:09:17+00:00\",\"dateModified\":\"2025-11-26T17:25:53+00:00\",\"breadcrumb\":{\"@id\":\"https:\\\/\\\/www.kliinikum.ee\\\/yhendlabor\\\/kasiraamat\\\/hormoonid-jm-immuunuuringud\\\/vitamiin-d-25-oh-sp-vit-d-25-oh\\\/#breadcrumb\"},\"inLanguage\":\"et\",\"potentialAction\":[{\"@type\":\"ReadAction\",\"target\":[\"https:\\\/\\\/www.kliinikum.ee\\\/yhendlabor\\\/kasiraamat\\\/hormoonid-jm-immuunuuringud\\\/vitamiin-d-25-oh-sp-vit-d-25-oh\\\/\"]}]},{\"@type\":\"BreadcrumbList\",\"@id\":\"https:\\\/\\\/www.kliinikum.ee\\\/yhendlabor\\\/kasiraamat\\\/hormoonid-jm-immuunuuringud\\\/vitamiin-d-25-oh-sp-vit-d-25-oh\\\/#breadcrumb\",\"itemListElement\":[{\"@type\":\"ListItem\",\"position\":1,\"name\":\"Home\",\"item\":\"https:\\\/\\\/www.kliinikum.ee\\\/yhendlabor\\\/\"},{\"@type\":\"ListItem\",\"position\":2,\"name\":\"K\u00e4siraamat\",\"item\":\"https:\\\/\\\/www.kliinikum.ee\\\/yhendlabor\\\/kasiraamat\\\/\"},{\"@type\":\"ListItem\",\"position\":3,\"name\":\"Hormoonid jm immuunuuringud\",\"item\":\"https:\\\/\\\/www.kliinikum.ee\\\/yhendlabor\\\/kasiraamat\\\/hormoonid-jm-immuunuuringud\\\/\"},{\"@type\":\"ListItem\",\"position\":4,\"name\":\"Vitamiin D (25-OH), S,P-Vit D (25-OH)\"}]},{\"@type\":\"WebSite\",\"@id\":\"https:\\\/\\\/www.kliinikum.ee\\\/yhendlabor\\\/#website\",\"url\":\"https:\\\/\\\/www.kliinikum.ee\\\/yhendlabor\\\/\",\"name\":\"\u00dchendlabor\",\"description\":\"Hoolivus, Uuendusmeelsus, P\u00e4devus ja Usaldusv\u00e4\u00e4rsus\",\"potentialAction\":[{\"@type\":\"SearchAction\",\"target\":{\"@type\":\"EntryPoint\",\"urlTemplate\":\"https:\\\/\\\/www.kliinikum.ee\\\/yhendlabor\\\/?s={search_term_string}\"},\"query-input\":{\"@type\":\"PropertyValueSpecification\",\"valueRequired\":true,\"valueName\":\"search_term_string\"}}],\"inLanguage\":\"et\"}]}<\/script>\n<!-- \/ Yoast SEO plugin. -->","yoast_head_json":{"title":"Vitamiin D (25-OH), S,P-Vit D (25-OH) - \u00dchendlabor","robots":{"index":"index","follow":"follow","max-snippet":"max-snippet:-1","max-image-preview":"max-image-preview:large","max-video-preview":"max-video-preview:-1"},"canonical":"https:\/\/www.kliinikum.ee\/yhendlabor\/kasiraamat\/hormoonid-jm-immuunuuringud\/vitamiin-d-25-oh-sp-vit-d-25-oh\/","og_locale":"et_EE","og_type":"article","og_title":"Vitamiin D (25-OH), S,P-Vit D (25-OH) - \u00dchendlabor","og_description":"Kliinilise keemia ja laboratoorse hematoloogia osakond Vitamiin D (25-OH) on peamine organismis tsirkuleeriv vitamiin D metaboliit, mida toodetakse valdavalt maksas ja mis peegeldab k\u00f5ige paremini organismi vitamiin D staatust. Funktsionaalselt on tegemist n\u00f6 vitamiini s\u00e4ilitusvormiga. Bioloogiliselt aktiivse \u00fchendi, vitamiin D (1,25-OH)2 s\u00fcntees toimub peamiselt neerudes. Tuntakse erineva p\u00e4ritoluga vitamiin D vorme: kolekaltsiferool (vitamiin D3), mis [&hellip;]","og_url":"https:\/\/www.kliinikum.ee\/yhendlabor\/kasiraamat\/hormoonid-jm-immuunuuringud\/vitamiin-d-25-oh-sp-vit-d-25-oh\/","og_site_name":"\u00dchendlabor","article_modified_time":"2025-11-26T17:25:53+00:00","twitter_card":"summary_large_image","twitter_misc":{"Est. reading time":"2 minutit"},"schema":{"@context":"https:\/\/schema.org","@graph":[{"@type":"WebPage","@id":"https:\/\/www.kliinikum.ee\/yhendlabor\/kasiraamat\/hormoonid-jm-immuunuuringud\/vitamiin-d-25-oh-sp-vit-d-25-oh\/","url":"https:\/\/www.kliinikum.ee\/yhendlabor\/kasiraamat\/hormoonid-jm-immuunuuringud\/vitamiin-d-25-oh-sp-vit-d-25-oh\/","name":"Vitamiin D (25-OH), S,P-Vit D (25-OH) - \u00dchendlabor","isPartOf":{"@id":"https:\/\/www.kliinikum.ee\/yhendlabor\/#website"},"datePublished":"2025-07-18T18:09:17+00:00","dateModified":"2025-11-26T17:25:53+00:00","breadcrumb":{"@id":"https:\/\/www.kliinikum.ee\/yhendlabor\/kasiraamat\/hormoonid-jm-immuunuuringud\/vitamiin-d-25-oh-sp-vit-d-25-oh\/#breadcrumb"},"inLanguage":"et","potentialAction":[{"@type":"ReadAction","target":["https:\/\/www.kliinikum.ee\/yhendlabor\/kasiraamat\/hormoonid-jm-immuunuuringud\/vitamiin-d-25-oh-sp-vit-d-25-oh\/"]}]},{"@type":"BreadcrumbList","@id":"https:\/\/www.kliinikum.ee\/yhendlabor\/kasiraamat\/hormoonid-jm-immuunuuringud\/vitamiin-d-25-oh-sp-vit-d-25-oh\/#breadcrumb","itemListElement":[{"@type":"ListItem","position":1,"name":"Home","item":"https:\/\/www.kliinikum.ee\/yhendlabor\/"},{"@type":"ListItem","position":2,"name":"K\u00e4siraamat","item":"https:\/\/www.kliinikum.ee\/yhendlabor\/kasiraamat\/"},{"@type":"ListItem","position":3,"name":"Hormoonid jm immuunuuringud","item":"https:\/\/www.kliinikum.ee\/yhendlabor\/kasiraamat\/hormoonid-jm-immuunuuringud\/"},{"@type":"ListItem","position":4,"name":"Vitamiin D (25-OH), S,P-Vit D (25-OH)"}]},{"@type":"WebSite","@id":"https:\/\/www.kliinikum.ee\/yhendlabor\/#website","url":"https:\/\/www.kliinikum.ee\/yhendlabor\/","name":"\u00dchendlabor","description":"Hoolivus, Uuendusmeelsus, P\u00e4devus ja Usaldusv\u00e4\u00e4rsus","potentialAction":[{"@type":"SearchAction","target":{"@type":"EntryPoint","urlTemplate":"https:\/\/www.kliinikum.ee\/yhendlabor\/?s={search_term_string}"},"query-input":{"@type":"PropertyValueSpecification","valueRequired":true,"valueName":"search_term_string"}}],"inLanguage":"et"}]}},"uagb_featured_image_src":{"full":false,"thumbnail":false,"medium":false,"medium_large":false,"large":false,"1536x1536":false,"2048x2048":false},"uagb_author_info":{"display_name":"Kadi Siigur","author_link":"https:\/\/www.kliinikum.ee\/yhendlabor\/author\/kadisi\/"},"uagb_comment_info":0,"uagb_excerpt":"Kliinilise keemia ja laboratoorse hematoloogia osakond Vitamiin D (25-OH) on peamine organismis tsirkuleeriv vitamiin D metaboliit, mida toodetakse valdavalt maksas ja mis peegeldab k\u00f5ige paremini organismi vitamiin D staatust. Funktsionaalselt on tegemist n\u00f6 vitamiini s\u00e4ilitusvormiga. Bioloogiliselt aktiivse \u00fchendi, vitamiin D (1,25-OH)2 s\u00fcntees toimub peamiselt neerudes. Tuntakse erineva p\u00e4ritoluga vitamiin D vorme: kolekaltsiferool (vitamiin D3), mis&hellip;","_links":{"self":[{"href":"https:\/\/www.kliinikum.ee\/yhendlabor\/wp-json\/wp\/v2\/pages\/12145","targetHints":{"allow":["GET"]}}],"collection":[{"href":"https:\/\/www.kliinikum.ee\/yhendlabor\/wp-json\/wp\/v2\/pages"}],"about":[{"href":"https:\/\/www.kliinikum.ee\/yhendlabor\/wp-json\/wp\/v2\/types\/page"}],"author":[{"embeddable":true,"href":"https:\/\/www.kliinikum.ee\/yhendlabor\/wp-json\/wp\/v2\/users\/38"}],"replies":[{"embeddable":true,"href":"https:\/\/www.kliinikum.ee\/yhendlabor\/wp-json\/wp\/v2\/comments?post=12145"}],"version-history":[{"count":0,"href":"https:\/\/www.kliinikum.ee\/yhendlabor\/wp-json\/wp\/v2\/pages\/12145\/revisions"}],"up":[{"embeddable":true,"href":"https:\/\/www.kliinikum.ee\/yhendlabor\/wp-json\/wp\/v2\/pages\/7271"}],"wp:attachment":[{"href":"https:\/\/www.kliinikum.ee\/yhendlabor\/wp-json\/wp\/v2\/media?parent=12145"}],"curies":[{"name":"wp","href":"https:\/\/api.w.org\/{rel}","templated":true}]}}