{"id":12149,"date":"2025-07-18T20:16:09","date_gmt":"2025-07-18T18:16:09","guid":{"rendered":"https:\/\/www.kliinikum.ee\/yhendlabor\/?page_id=12149"},"modified":"2025-11-26T19:27:53","modified_gmt":"2025-11-26T17:27:53","slug":"vitamiinid-a-ja-e-sp-vit-a-sp-vit-e","status":"publish","type":"page","link":"https:\/\/www.kliinikum.ee\/yhendlabor\/kasiraamat\/hormoonid-jm-immuunuuringud\/vitamiinid-a-ja-e-sp-vit-a-sp-vit-e\/","title":{"rendered":"Vitamiinid A ja E (S,P-Vit A, S,P-Vit E)"},"content":{"rendered":"\n<p><em>Kliinilise keemia ja laboratoorse hematoloogia osakond<\/em><\/p>\n\n\n\n<p><strong>Vitamiin A (retinool)<\/strong> on rasvlahustuv vitamiin, mis on vajalik n\u00e4gemispurpuri e rodopsiini tootmiseks, naha- ja limaskestade epiteeli arenguks, luude ja k\u00f5hre kasvuks. Vitamiin A osaleb spermato- ja ovogeneesil ning on vajalik platsenta ja embr\u00fco arenguks ja kasvuks.<\/p>\n\n\n\n<p>Inimorganism saab retinooli peamiselt kahel viisil, lammutades taimses toidus leiduvaid karotenoide v\u00f5i h\u00fcdrol\u00fc\u00fcsides loomses toidus retin\u00fc\u00fclestreid. Vitamiin A varud on ~90% ulatuses talletatud maksas, millest retinool transporditakse vajadusel plasma retinooli siduva valgu abil kudedesse.<\/p>\n\n\n\n<p>Vitamiini A vaeguse esmass\u00fcmptom on n\u00e4gemise halvenemine h\u00e4maruses (nn kanapimedus), vaeguse s\u00fcvenedes tekib kuivsilmsus (kseroftalmia, pisarate v\u00e4hesus, silmap\u00f5letik), naha ja epiteeli ainevahetuse h\u00e4ired (kuiv, ketendav, l\u00f5henenud nahk, juuste v\u00e4ljalangemine), immuuns\u00fcsteemi n\u00f5rgenemine (vastuv\u00f5tlikkus infektsioonidele suureneb); kasvuealistel lastel kasvu peetumine; h\u00e4ired reproduktiiv- ja n\u00e4rvis\u00fcsteemi talitluses.<\/p>\n\n\n\n<p><strong>Vitamiin E (\u03b1-tokoferool)<\/strong> on rasvlahustuv vitamiin, millel on oluline roll rasvade ja valkude ainevahetuses ning s\u00fcdame-veresoonkonna ja n\u00e4rvis\u00fcsteemi talitluses. Looduslikul E-vitamiinil on mitmeid vorme, millest levinumad on tokoferoolid ja tokotrienoolid. Inimorganismis on neist olulisim antioks\u00fcdant \u03b1-tokoferool, mis p\u00e4rsib lipiidide peroks\u00fcdatsiooni ning kaitseb rakumembraane ja kudesid oks\u00fcdatiivse stressi eest. Vitamiin E takistab ka prostaglandiinide s\u00fcnteesi, vitamiin A ning mitmete hormoonide ja ens\u00fc\u00fcmide lammutamist.<\/p>\n\n\n\n<p>Vitamiin E imendub passiivse difusiooni teel peensooles. Tokoferoolide imendumise ulatus s\u00f5ltub oluliselt toidurasvade seedumisest ja imendumisest ning sapphapetest.<\/p>\n\n\n\n<p>Vitamiin E vaegus avaldub hemol\u00fc\u00fctilise aneemiana, samuti v\u00e4heneb hemoglobiini s\u00fcntees. Krooniline vitamiin E vaegus p\u00f5hjustab lihasd\u00fcstroofiat, j\u00e4semete tundlikkuse v\u00e4henemist ning progresseeruvat neuropaatiat. Kestev vitamiin E vaegus t\u00f5stab oluliselt s\u00fcdame-veresoonkonna haiguste, eriti ateroskleroosi ja neurodegeneratiivsete h\u00e4irete riski.<\/p>\n\n\n\n<p class=\"has-medium-font-size\"><strong>Uuritav materjal, selle v\u00f5tmine, saatmine ja s\u00e4ilitamine<\/strong><\/p>\n\n\n\n<p>Veri v\u00f5etakse soovitavalt hommikul, <em>v\u00e4hemalt 12 tundi p\u00e4rast s\u00f6\u00f6ki.<\/em> <em>Vitamiin A ja E on valgustundlikud!<\/em> <em>Seerum\/plasma tuleb koheselt eraldada ja kaitsta valguse eest.<\/em><\/p>\n\n\n\n<figure class=\"wp-block-table is-style-stripes\"><table width=\"100%\"><tbody><tr><td width=\"1%\"><\/td><td width=\"15%\"><strong>Katsuti<\/strong><\/td><td width=\"84%\">LH-katsuti (roheline musta r\u00f5ngaga kork) v\u00f5i h\u00fc\u00fcbimisaktivaatoriga katsuti (punane musta r\u00f5ngaga kork)<\/td><\/tr><tr><td><\/td><td><strong>S\u00e4ilivus<\/strong><\/td><td>Seerum\/plasma valguse eest kaitstult \u201320 \u00b0C \u00fcks kuu<\/td><\/tr><\/tbody><\/table><\/figure>\n\n\n\n<p class=\"has-medium-font-size\"><strong>Anal\u00fc\u00fcsi tegemise aeg:<\/strong> kord n\u00e4dalas v\u00f5i kokkuleppel laboriga<\/p>\n\n\n\n<p class=\"has-medium-font-size\"><strong>Anal\u00fc\u00fcsimeetod:<\/strong> ultra-k\u00f5rgefektiivne vedelikkromatograafia (UHPLC)<\/p>\n\n\n\n<p class=\"has-medium-font-size\"><strong>Referentsv\u00e4\u00e4rtused<\/strong><\/p>\n\n\n\n<figure class=\"wp-block-table\"><table width=\"100%\"><tbody><tr><td width=\"1%\"><\/td><td width=\"35%\"><strong>Vitamiin A<\/strong><\/td><td width=\"32%\">&lt; 1 a<\/td><td width=\"32%\">0,10\u20130,50 mg\/L<\/td><\/tr><tr><td><\/td><td>&nbsp;<\/td><td>1 a \u2013 &lt; 7 a<\/td><td>0,20\u20130,43 mg\/L<\/td><\/tr><tr><td><\/td><td>&nbsp;<\/td><td>7 a \u2013 &lt; 13 a<\/td><td>0,26\u20130,49 mg\/L<\/td><\/tr><tr><td><\/td><td>&nbsp;<\/td><td>13 a \u2013 &lt; 20 a<\/td><td>0,26\u20130,72 mg\/L<\/td><\/tr><tr><td><\/td><td>&nbsp;<\/td><td>\u2265 20 a<\/td><td>0,30\u20130,70 mg\/L<\/td><\/tr><tr><td><\/td><td>&nbsp;<\/td><td>Toksiline tase<\/td><td>&gt; 1,40 mg\/L<\/td><\/tr><tr><td><\/td><td>&nbsp;<\/td><td>T\u00f5sine defitsiit<\/td><td>&lt; 0,1 mg\/L<\/td><\/tr><tr><td><\/td><td><strong>Vitamiin E<\/strong><\/td><td>&lt; 1 a<\/td><td>1\u20138 mg\/L<\/td><\/tr><tr><td><\/td><td>&nbsp;<\/td><td>1 a \u2013 &lt; 7 a<\/td><td>3\u20139 mg\/L<\/td><\/tr><tr><td><\/td><td>&nbsp;<\/td><td>7 a \u2013 &lt; 13 a<\/td><td>4\u20139 mg\/L<\/td><\/tr><tr><td><\/td><td>&nbsp;<\/td><td>13 a \u2013 &lt; 20 a<\/td><td>6\u201310 mg\/L<\/td><\/tr><tr><td><\/td><td>&nbsp;<\/td><td>\u2265 20 a<\/td><td>5\u201320 mg\/L<\/td><\/tr><tr><td><\/td><td>&nbsp;<\/td><td>Toksiline tase<\/td><td>&gt; 40 mg\/L<\/td><\/tr><tr><td><\/td><td>&nbsp;<\/td><td>Defitsiit<\/td><td>&lt; 5 mg\/L<\/td><\/tr><\/tbody><\/table><\/figure>\n\n\n\n<p class=\"has-medium-font-size\"><strong>N\u00e4idustus ja kliiniline t\u00e4hendus<\/strong><\/p>\n\n\n\n<p>Vitamiin A ja vitamiin E vaeguse v\u00f5i m\u00fcrgistuse diagnostika. Vitamiin A ja vitamiin E asendusravi j\u00e4lgimine. Vitamiinide ainevahetuse hindamine bariaatrilise operatsiooni j\u00e4rgselt.<\/p>\n\n\n\n<p>Vitamiin A vaegust v\u00f5ib esineda v\u00e4ga madala s\u00fcnnikaaluga vasts\u00fcndinutel, kasvueas lastel, rasvaainevahetuse h\u00e4iretega ja \u00fchek\u00fclgselt toituvatel t\u00e4iskasvanutel ning alkoholi liigtarvitajatel. Vitamiin A teke \u03b2-karoteenist v\u00f5ib olla h\u00e4iritud suhkruhaigetel ja h\u00fcpot\u00fcreoidismi korral. Vitamiin A imendumine ja talletumine on h\u00e4iritud krooniliste maksa- v\u00f5i k\u00f5hun\u00e4\u00e4rmehaiguste, sapiringluse v\u00f5i&nbsp; mao- ja sooletalitluse h\u00e4iretega patsientidel.<\/p>\n\n\n\n<p>\u00dchek\u00fclgne toitumine p\u00f5hjustab harva vitamiin E vaegust, enam on ohustatud enneaegsed ja ts\u00fcstilise fibroosiga lapsed. Vitamiin E vaegus ohustab kroonilise malabsorptsiooni (eriti sapiringluse) h\u00e4irega ja kroonilise soolep\u00f5letikuga haigeid.<\/p>\n\n\n\n<p>Vitamiin A ja vitamiin E m\u00fcrgistust esineb v\u00e4ga harva, peamiselt ebaadekvaatse vitamiinasendusravi tulemusel.<\/p>\n\n\n\n<p>Koostajad: Annika Vaarmann, Eliise-Rosalinda Ude<br>Muudetud 30.01.2024<\/p>\n","protected":false},"excerpt":{"rendered":"<p>Kliinilise keemia ja laboratoorse hematoloogia osakond Vitamiin A (retinool) on rasvlahustuv vitamiin, mis on vajalik n\u00e4gemispurpuri e rodopsiini tootmiseks, naha- ja limaskestade epiteeli arenguks, luude ja k\u00f5hre kasvuks. Vitamiin A osaleb spermato- ja ovogeneesil ning on vajalik platsenta ja embr\u00fco arenguks ja kasvuks. Inimorganism saab retinooli peamiselt kahel viisil, lammutades taimses toidus leiduvaid karotenoide v\u00f5i [&hellip;]<\/p>\n","protected":false},"author":38,"featured_media":0,"parent":7271,"menu_order":25,"comment_status":"closed","ping_status":"closed","template":"","meta":{"_uag_custom_page_level_css":"","footnotes":""},"class_list":["post-12149","page","type-page","status-publish","hentry"],"acf":[],"yoast_head":"<!-- This site is optimized with the Yoast SEO plugin v27.3 - https:\/\/yoast.com\/product\/yoast-seo-wordpress\/ -->\n<title>Vitamiinid A ja E (S,P-Vit A, S,P-Vit E) - \u00dchendlabor<\/title>\n<meta name=\"robots\" content=\"index, follow, max-snippet:-1, max-image-preview:large, max-video-preview:-1\" \/>\n<link rel=\"canonical\" href=\"https:\/\/www.kliinikum.ee\/yhendlabor\/kasiraamat\/hormoonid-jm-immuunuuringud\/vitamiinid-a-ja-e-sp-vit-a-sp-vit-e\/\" \/>\n<meta property=\"og:locale\" content=\"et_EE\" \/>\n<meta property=\"og:type\" content=\"article\" \/>\n<meta property=\"og:title\" content=\"Vitamiinid A ja E (S,P-Vit A, S,P-Vit E) - \u00dchendlabor\" \/>\n<meta property=\"og:description\" content=\"Kliinilise keemia ja laboratoorse hematoloogia osakond Vitamiin A (retinool) on rasvlahustuv vitamiin, mis on vajalik n\u00e4gemispurpuri e rodopsiini tootmiseks, naha- ja limaskestade epiteeli arenguks, luude ja k\u00f5hre kasvuks. Vitamiin A osaleb spermato- ja ovogeneesil ning on vajalik platsenta ja embr\u00fco arenguks ja kasvuks. Inimorganism saab retinooli peamiselt kahel viisil, lammutades taimses toidus leiduvaid karotenoide v\u00f5i [&hellip;]\" \/>\n<meta property=\"og:url\" content=\"https:\/\/www.kliinikum.ee\/yhendlabor\/kasiraamat\/hormoonid-jm-immuunuuringud\/vitamiinid-a-ja-e-sp-vit-a-sp-vit-e\/\" \/>\n<meta property=\"og:site_name\" content=\"\u00dchendlabor\" \/>\n<meta property=\"article:modified_time\" content=\"2025-11-26T17:27:53+00:00\" \/>\n<meta name=\"twitter:card\" content=\"summary_large_image\" \/>\n<meta name=\"twitter:label1\" content=\"Est. reading time\" \/>\n\t<meta name=\"twitter:data1\" content=\"3 minutit\" \/>\n<script type=\"application\/ld+json\" class=\"yoast-schema-graph\">{\"@context\":\"https:\\\/\\\/schema.org\",\"@graph\":[{\"@type\":\"WebPage\",\"@id\":\"https:\\\/\\\/www.kliinikum.ee\\\/yhendlabor\\\/kasiraamat\\\/hormoonid-jm-immuunuuringud\\\/vitamiinid-a-ja-e-sp-vit-a-sp-vit-e\\\/\",\"url\":\"https:\\\/\\\/www.kliinikum.ee\\\/yhendlabor\\\/kasiraamat\\\/hormoonid-jm-immuunuuringud\\\/vitamiinid-a-ja-e-sp-vit-a-sp-vit-e\\\/\",\"name\":\"Vitamiinid A ja E (S,P-Vit A, S,P-Vit E) - \u00dchendlabor\",\"isPartOf\":{\"@id\":\"https:\\\/\\\/www.kliinikum.ee\\\/yhendlabor\\\/#website\"},\"datePublished\":\"2025-07-18T18:16:09+00:00\",\"dateModified\":\"2025-11-26T17:27:53+00:00\",\"breadcrumb\":{\"@id\":\"https:\\\/\\\/www.kliinikum.ee\\\/yhendlabor\\\/kasiraamat\\\/hormoonid-jm-immuunuuringud\\\/vitamiinid-a-ja-e-sp-vit-a-sp-vit-e\\\/#breadcrumb\"},\"inLanguage\":\"et\",\"potentialAction\":[{\"@type\":\"ReadAction\",\"target\":[\"https:\\\/\\\/www.kliinikum.ee\\\/yhendlabor\\\/kasiraamat\\\/hormoonid-jm-immuunuuringud\\\/vitamiinid-a-ja-e-sp-vit-a-sp-vit-e\\\/\"]}]},{\"@type\":\"BreadcrumbList\",\"@id\":\"https:\\\/\\\/www.kliinikum.ee\\\/yhendlabor\\\/kasiraamat\\\/hormoonid-jm-immuunuuringud\\\/vitamiinid-a-ja-e-sp-vit-a-sp-vit-e\\\/#breadcrumb\",\"itemListElement\":[{\"@type\":\"ListItem\",\"position\":1,\"name\":\"Home\",\"item\":\"https:\\\/\\\/www.kliinikum.ee\\\/yhendlabor\\\/\"},{\"@type\":\"ListItem\",\"position\":2,\"name\":\"K\u00e4siraamat\",\"item\":\"https:\\\/\\\/www.kliinikum.ee\\\/yhendlabor\\\/kasiraamat\\\/\"},{\"@type\":\"ListItem\",\"position\":3,\"name\":\"Hormoonid jm immuunuuringud\",\"item\":\"https:\\\/\\\/www.kliinikum.ee\\\/yhendlabor\\\/kasiraamat\\\/hormoonid-jm-immuunuuringud\\\/\"},{\"@type\":\"ListItem\",\"position\":4,\"name\":\"Vitamiinid A ja E (S,P-Vit A, S,P-Vit E)\"}]},{\"@type\":\"WebSite\",\"@id\":\"https:\\\/\\\/www.kliinikum.ee\\\/yhendlabor\\\/#website\",\"url\":\"https:\\\/\\\/www.kliinikum.ee\\\/yhendlabor\\\/\",\"name\":\"\u00dchendlabor\",\"description\":\"Hoolivus, Uuendusmeelsus, P\u00e4devus ja Usaldusv\u00e4\u00e4rsus\",\"potentialAction\":[{\"@type\":\"SearchAction\",\"target\":{\"@type\":\"EntryPoint\",\"urlTemplate\":\"https:\\\/\\\/www.kliinikum.ee\\\/yhendlabor\\\/?s={search_term_string}\"},\"query-input\":{\"@type\":\"PropertyValueSpecification\",\"valueRequired\":true,\"valueName\":\"search_term_string\"}}],\"inLanguage\":\"et\"}]}<\/script>\n<!-- \/ Yoast SEO plugin. -->","yoast_head_json":{"title":"Vitamiinid A ja E (S,P-Vit A, S,P-Vit E) - \u00dchendlabor","robots":{"index":"index","follow":"follow","max-snippet":"max-snippet:-1","max-image-preview":"max-image-preview:large","max-video-preview":"max-video-preview:-1"},"canonical":"https:\/\/www.kliinikum.ee\/yhendlabor\/kasiraamat\/hormoonid-jm-immuunuuringud\/vitamiinid-a-ja-e-sp-vit-a-sp-vit-e\/","og_locale":"et_EE","og_type":"article","og_title":"Vitamiinid A ja E (S,P-Vit A, S,P-Vit E) - \u00dchendlabor","og_description":"Kliinilise keemia ja laboratoorse hematoloogia osakond Vitamiin A (retinool) on rasvlahustuv vitamiin, mis on vajalik n\u00e4gemispurpuri e rodopsiini tootmiseks, naha- ja limaskestade epiteeli arenguks, luude ja k\u00f5hre kasvuks. Vitamiin A osaleb spermato- ja ovogeneesil ning on vajalik platsenta ja embr\u00fco arenguks ja kasvuks. Inimorganism saab retinooli peamiselt kahel viisil, lammutades taimses toidus leiduvaid karotenoide v\u00f5i [&hellip;]","og_url":"https:\/\/www.kliinikum.ee\/yhendlabor\/kasiraamat\/hormoonid-jm-immuunuuringud\/vitamiinid-a-ja-e-sp-vit-a-sp-vit-e\/","og_site_name":"\u00dchendlabor","article_modified_time":"2025-11-26T17:27:53+00:00","twitter_card":"summary_large_image","twitter_misc":{"Est. reading time":"3 minutit"},"schema":{"@context":"https:\/\/schema.org","@graph":[{"@type":"WebPage","@id":"https:\/\/www.kliinikum.ee\/yhendlabor\/kasiraamat\/hormoonid-jm-immuunuuringud\/vitamiinid-a-ja-e-sp-vit-a-sp-vit-e\/","url":"https:\/\/www.kliinikum.ee\/yhendlabor\/kasiraamat\/hormoonid-jm-immuunuuringud\/vitamiinid-a-ja-e-sp-vit-a-sp-vit-e\/","name":"Vitamiinid A ja E (S,P-Vit A, S,P-Vit E) - \u00dchendlabor","isPartOf":{"@id":"https:\/\/www.kliinikum.ee\/yhendlabor\/#website"},"datePublished":"2025-07-18T18:16:09+00:00","dateModified":"2025-11-26T17:27:53+00:00","breadcrumb":{"@id":"https:\/\/www.kliinikum.ee\/yhendlabor\/kasiraamat\/hormoonid-jm-immuunuuringud\/vitamiinid-a-ja-e-sp-vit-a-sp-vit-e\/#breadcrumb"},"inLanguage":"et","potentialAction":[{"@type":"ReadAction","target":["https:\/\/www.kliinikum.ee\/yhendlabor\/kasiraamat\/hormoonid-jm-immuunuuringud\/vitamiinid-a-ja-e-sp-vit-a-sp-vit-e\/"]}]},{"@type":"BreadcrumbList","@id":"https:\/\/www.kliinikum.ee\/yhendlabor\/kasiraamat\/hormoonid-jm-immuunuuringud\/vitamiinid-a-ja-e-sp-vit-a-sp-vit-e\/#breadcrumb","itemListElement":[{"@type":"ListItem","position":1,"name":"Home","item":"https:\/\/www.kliinikum.ee\/yhendlabor\/"},{"@type":"ListItem","position":2,"name":"K\u00e4siraamat","item":"https:\/\/www.kliinikum.ee\/yhendlabor\/kasiraamat\/"},{"@type":"ListItem","position":3,"name":"Hormoonid jm immuunuuringud","item":"https:\/\/www.kliinikum.ee\/yhendlabor\/kasiraamat\/hormoonid-jm-immuunuuringud\/"},{"@type":"ListItem","position":4,"name":"Vitamiinid A ja E (S,P-Vit A, S,P-Vit E)"}]},{"@type":"WebSite","@id":"https:\/\/www.kliinikum.ee\/yhendlabor\/#website","url":"https:\/\/www.kliinikum.ee\/yhendlabor\/","name":"\u00dchendlabor","description":"Hoolivus, Uuendusmeelsus, P\u00e4devus ja Usaldusv\u00e4\u00e4rsus","potentialAction":[{"@type":"SearchAction","target":{"@type":"EntryPoint","urlTemplate":"https:\/\/www.kliinikum.ee\/yhendlabor\/?s={search_term_string}"},"query-input":{"@type":"PropertyValueSpecification","valueRequired":true,"valueName":"search_term_string"}}],"inLanguage":"et"}]}},"uagb_featured_image_src":{"full":false,"thumbnail":false,"medium":false,"medium_large":false,"large":false,"1536x1536":false,"2048x2048":false},"uagb_author_info":{"display_name":"Kadi Siigur","author_link":"https:\/\/www.kliinikum.ee\/yhendlabor\/author\/kadisi\/"},"uagb_comment_info":0,"uagb_excerpt":"Kliinilise keemia ja laboratoorse hematoloogia osakond Vitamiin A (retinool) on rasvlahustuv vitamiin, mis on vajalik n\u00e4gemispurpuri e rodopsiini tootmiseks, naha- ja limaskestade epiteeli arenguks, luude ja k\u00f5hre kasvuks. Vitamiin A osaleb spermato- ja ovogeneesil ning on vajalik platsenta ja embr\u00fco arenguks ja kasvuks. Inimorganism saab retinooli peamiselt kahel viisil, lammutades taimses toidus leiduvaid karotenoide v\u00f5i&hellip;","_links":{"self":[{"href":"https:\/\/www.kliinikum.ee\/yhendlabor\/wp-json\/wp\/v2\/pages\/12149","targetHints":{"allow":["GET"]}}],"collection":[{"href":"https:\/\/www.kliinikum.ee\/yhendlabor\/wp-json\/wp\/v2\/pages"}],"about":[{"href":"https:\/\/www.kliinikum.ee\/yhendlabor\/wp-json\/wp\/v2\/types\/page"}],"author":[{"embeddable":true,"href":"https:\/\/www.kliinikum.ee\/yhendlabor\/wp-json\/wp\/v2\/users\/38"}],"replies":[{"embeddable":true,"href":"https:\/\/www.kliinikum.ee\/yhendlabor\/wp-json\/wp\/v2\/comments?post=12149"}],"version-history":[{"count":0,"href":"https:\/\/www.kliinikum.ee\/yhendlabor\/wp-json\/wp\/v2\/pages\/12149\/revisions"}],"up":[{"embeddable":true,"href":"https:\/\/www.kliinikum.ee\/yhendlabor\/wp-json\/wp\/v2\/pages\/7271"}],"wp:attachment":[{"href":"https:\/\/www.kliinikum.ee\/yhendlabor\/wp-json\/wp\/v2\/media?parent=12149"}],"curies":[{"name":"wp","href":"https:\/\/api.w.org\/{rel}","templated":true}]}}