{"id":12153,"date":"2025-07-18T20:25:43","date_gmt":"2025-07-18T18:25:43","guid":{"rendered":"https:\/\/www.kliinikum.ee\/yhendlabor\/?page_id=12153"},"modified":"2025-11-26T19:29:44","modified_gmt":"2025-11-26T17:29:44","slug":"vitamiinid-b1-ja-b6-b-vit-b1-b-vit-b6","status":"publish","type":"page","link":"https:\/\/www.kliinikum.ee\/yhendlabor\/kasiraamat\/hormoonid-jm-immuunuuringud\/vitamiinid-b1-ja-b6-b-vit-b1-b-vit-b6\/","title":{"rendered":"Vitamiinid B1 ja B6 (B-Vit B1, B-Vit B6)"},"content":{"rendered":"\n<p><em>Kliinilise keemia ja laboratoorse hematoloogia osakond<\/em><\/p>\n\n\n\n<p><strong>Vitamiin B<sub>1<\/sub><\/strong> on koondnimetus tiamiinile ja selle fosfor\u00fc\u00fclitud vormidele, millest f\u00fcsioloogiliselt aktiivseim on tiamiindifosfaat. Vitamiin B<sub>1<\/sub> on inimorganismis oluline koens\u00fc\u00fcm, mis osaleb s\u00fcsivesikute (eriti gl\u00fckoosi), rasv- ja aminohapete l\u00f5hustamisel. Normaalse toitumise korral omastatakse vitamiin B<sub>1<\/sub> nii taimsest kui ka loomsest toidust aktiivse transpordi vahendusel peensoole limaskesta kaudu. Tiamiinide imendumist v\u00f5ivad segada suurtes kogustes alkoholi ja kohvi tarbimine ning antibiootikumid.<\/p>\n\n\n\n<p>Vitamiin B<sub>1<\/sub> vaeguse esmased tunnused on isutus, n\u00f5rkus, v\u00e4simus ja \u00e4rrituvus. Pikaajaline vitamiin B<sub>1<\/sub> vaegus avaldub p\u00f5hiliselt n\u00e4rvi- ja lihastalitluse h\u00e4iretena (pol\u00fcneuriit, koordinatsioonih\u00e4ired, lihasvalud, krambid) ning s\u00fcdamepuudulikkusena. Krooniline tiamiinivaegus ehk beriberi ohustab alkohoolikuid (nn Wernicke s\u00fcndroom) ja piiratud toidutarbimisega inimesi (eakad, rasedusaegse h\u00fcperemeesiga, krooniliste seedeelundkonna haigustega ja kasvajaliste haigustega patsiendid).<\/p>\n\n\n\n<p>Nimetus <strong>vitamiin B<sub>6<\/sub><\/strong> h\u00f5lmab p\u00fcridoksiini, p\u00fcridoksaali ja p\u00fcridoksamiini ning nende fosfor\u00fc\u00fclitud derivaate. Inimorganismis on f\u00fcsioloogiliselt olulisim p\u00fcridoksaalfosfaat, mis on paljude aminohapete ja s\u00fcsivesikute metabolismis osalevate ens\u00fc\u00fcmide koens\u00fc\u00fcm. Vitamiin B<sub>6<\/sub> osaleb mitmete neuromediaatorite ja heemi s\u00fcnteesis ning gl\u00fckogeeni, rasvhapete ja steroidide metabolismis. Inimorganism omastab vitamiin B<sub>6<\/sub> nii taimsest kui loomsest toidust, m\u00e4rkimisv\u00e4\u00e4rselt toodab vitamiin B<sub>6<\/sub> ka soole mikrofloora. Vitamiin B<sub>6<\/sub> imendumist v\u00f5ivad takistada suitsetamine, kohvi, alkoholi ja \u00f6strogeenide tarvitamine.<\/p>\n\n\n\n<p>Vitamiin B<sub>6<\/sub> vaeguse esmass\u00fcmptomid on enamasti mittespetsiifilised, nagu v\u00e4simus, \u00e4rrituvus ja depressioon; krooniline vaegus avaldub dermatiidi, perifeerse neuropaatia ja sideroblastilise aneemiana. Vitamiin B<sub>6<\/sub> vaegus ohustab alkohoolikuid, krooniliste seedeelundkonna haigustega patsiente ja suukaudsete kontratseptiivide tarvitajaid.<\/p>\n\n\n\n<p class=\"has-medium-font-size\"><strong>Uuritav materjal, selle v\u00f5tmine, saatmine ja s\u00e4ilitamine<\/strong><\/p>\n\n\n\n<p>Veri v\u00f5etakse hommikul, <em>v\u00e4hemalt 12 tundi p\u00e4rast s\u00f6\u00f6ki<\/em>. <em>Kaitsta proovi valguse eest!<\/em><\/p>\n\n\n\n<figure class=\"wp-block-table is-style-stripes\"><table width=\"100%\"><tbody><tr><td width=\"1%\"><\/td><td width=\"15%\"><strong>Katsuti<\/strong><\/td><td width=\"84%\">K2E\/K3E-katsuti (lilla kork)<\/td><\/tr><tr><td><\/td><td><strong>S\u00e4ilivus<\/strong><\/td><td>Veri pimedas toatemperatuuril 24 tundi, +4 \u00b0C seitse p\u00e4eva, -20 \u02daC juures kolm kuud*<\/td><\/tr><\/tbody><\/table><\/figure>\n\n\n\n<p>*Enne s\u00fcgavk\u00fclma panemist peab proov seisma toatemperatuuril 1,5 tundi<\/p>\n\n\n\n<p class=\"has-medium-font-size\"><strong>Anal\u00fc\u00fcsi tegemise aeg:<\/strong> kord n\u00e4dalas<\/p>\n\n\n\n<p class=\"has-medium-font-size\"><strong>Anal\u00fc\u00fcsimeetod:<\/strong> vedelikkromatograafia-massispektromeetria (LC-MS\/MS)<\/p>\n\n\n\n<p class=\"has-medium-font-size\"><strong>Referentsv\u00e4\u00e4rtused<\/strong><\/p>\n\n\n\n<figure class=\"wp-block-table\"><table width=\"100%\"><tbody><tr><td width=\"1%\"><\/td><td width=\"30%\"><strong>K\u00f5ik vanusegrupid<\/strong><\/td><td width=\"37%\">Vitamiin B1 (tiamiindifosfaat)<\/td><td width=\"32%\">33,1\u201360,7 \u00b5g\/L<\/td><\/tr><tr><td><\/td><td>&nbsp;<\/td><td>Vitamiin B6 (p\u00fcridoksaalfosfaat)<\/td><td>12,6\u201345,2 \u00b5g\/L<\/td><\/tr><\/tbody><\/table><\/figure>\n\n\n\n<p class=\"has-medium-font-size\"><strong>N\u00e4idustus ja kliiniline t\u00e4hendus<\/strong><\/p>\n\n\n\n<p>Tiamiinivaeguse ehk beriberi (vitamiin B<sub>1<\/sub>) ja vitamiin B<sub>6<\/sub> vaeguse diagnostika. Vitamiin B<sub>1<\/sub> ja vitamiin B<sub>6<\/sub> asendusravi j\u00e4lgimine toitainete imendumish\u00e4iretega patsientidel. Vitamiinide ainevahetuse hindamine bariaatrilise operatsiooni j\u00e4rgselt.<\/p>\n\n\n\n<p>Koostajad: Annika Vaarmann, Kaili Anier, Eliise-Rosalinda Ude<br>Muudetud 29.01.2024<\/p>\n","protected":false},"excerpt":{"rendered":"<p>Kliinilise keemia ja laboratoorse hematoloogia osakond Vitamiin B1 on koondnimetus tiamiinile ja selle fosfor\u00fc\u00fclitud vormidele, millest f\u00fcsioloogiliselt aktiivseim on tiamiindifosfaat. Vitamiin B1 on inimorganismis oluline koens\u00fc\u00fcm, mis osaleb s\u00fcsivesikute (eriti gl\u00fckoosi), rasv- ja aminohapete l\u00f5hustamisel. Normaalse toitumise korral omastatakse vitamiin B1 nii taimsest kui ka loomsest toidust aktiivse transpordi vahendusel peensoole limaskesta kaudu. Tiamiinide imendumist [&hellip;]<\/p>\n","protected":false},"author":38,"featured_media":0,"parent":7271,"menu_order":26,"comment_status":"closed","ping_status":"closed","template":"","meta":{"_uag_custom_page_level_css":"","footnotes":""},"class_list":["post-12153","page","type-page","status-publish","hentry"],"acf":[],"yoast_head":"<!-- This site is optimized with the Yoast SEO plugin v27.3 - https:\/\/yoast.com\/product\/yoast-seo-wordpress\/ -->\n<title>Vitamiinid B1 ja B6 (B-Vit B1, B-Vit B6) - \u00dchendlabor<\/title>\n<meta name=\"robots\" content=\"index, follow, max-snippet:-1, max-image-preview:large, max-video-preview:-1\" \/>\n<link rel=\"canonical\" href=\"https:\/\/www.kliinikum.ee\/yhendlabor\/kasiraamat\/hormoonid-jm-immuunuuringud\/vitamiinid-b1-ja-b6-b-vit-b1-b-vit-b6\/\" \/>\n<meta property=\"og:locale\" content=\"et_EE\" \/>\n<meta property=\"og:type\" content=\"article\" \/>\n<meta property=\"og:title\" content=\"Vitamiinid B1 ja B6 (B-Vit B1, B-Vit B6) - \u00dchendlabor\" \/>\n<meta property=\"og:description\" content=\"Kliinilise keemia ja laboratoorse hematoloogia osakond Vitamiin B1 on koondnimetus tiamiinile ja selle fosfor\u00fc\u00fclitud vormidele, millest f\u00fcsioloogiliselt aktiivseim on tiamiindifosfaat. Vitamiin B1 on inimorganismis oluline koens\u00fc\u00fcm, mis osaleb s\u00fcsivesikute (eriti gl\u00fckoosi), rasv- ja aminohapete l\u00f5hustamisel. Normaalse toitumise korral omastatakse vitamiin B1 nii taimsest kui ka loomsest toidust aktiivse transpordi vahendusel peensoole limaskesta kaudu. Tiamiinide imendumist [&hellip;]\" \/>\n<meta property=\"og:url\" content=\"https:\/\/www.kliinikum.ee\/yhendlabor\/kasiraamat\/hormoonid-jm-immuunuuringud\/vitamiinid-b1-ja-b6-b-vit-b1-b-vit-b6\/\" \/>\n<meta property=\"og:site_name\" content=\"\u00dchendlabor\" \/>\n<meta property=\"article:modified_time\" content=\"2025-11-26T17:29:44+00:00\" \/>\n<meta name=\"twitter:card\" content=\"summary_large_image\" \/>\n<meta name=\"twitter:label1\" content=\"Est. reading time\" \/>\n\t<meta name=\"twitter:data1\" content=\"2 minutit\" \/>\n<script type=\"application\/ld+json\" class=\"yoast-schema-graph\">{\"@context\":\"https:\\\/\\\/schema.org\",\"@graph\":[{\"@type\":\"WebPage\",\"@id\":\"https:\\\/\\\/www.kliinikum.ee\\\/yhendlabor\\\/kasiraamat\\\/hormoonid-jm-immuunuuringud\\\/vitamiinid-b1-ja-b6-b-vit-b1-b-vit-b6\\\/\",\"url\":\"https:\\\/\\\/www.kliinikum.ee\\\/yhendlabor\\\/kasiraamat\\\/hormoonid-jm-immuunuuringud\\\/vitamiinid-b1-ja-b6-b-vit-b1-b-vit-b6\\\/\",\"name\":\"Vitamiinid B1 ja B6 (B-Vit B1, B-Vit B6) - \u00dchendlabor\",\"isPartOf\":{\"@id\":\"https:\\\/\\\/www.kliinikum.ee\\\/yhendlabor\\\/#website\"},\"datePublished\":\"2025-07-18T18:25:43+00:00\",\"dateModified\":\"2025-11-26T17:29:44+00:00\",\"breadcrumb\":{\"@id\":\"https:\\\/\\\/www.kliinikum.ee\\\/yhendlabor\\\/kasiraamat\\\/hormoonid-jm-immuunuuringud\\\/vitamiinid-b1-ja-b6-b-vit-b1-b-vit-b6\\\/#breadcrumb\"},\"inLanguage\":\"et\",\"potentialAction\":[{\"@type\":\"ReadAction\",\"target\":[\"https:\\\/\\\/www.kliinikum.ee\\\/yhendlabor\\\/kasiraamat\\\/hormoonid-jm-immuunuuringud\\\/vitamiinid-b1-ja-b6-b-vit-b1-b-vit-b6\\\/\"]}]},{\"@type\":\"BreadcrumbList\",\"@id\":\"https:\\\/\\\/www.kliinikum.ee\\\/yhendlabor\\\/kasiraamat\\\/hormoonid-jm-immuunuuringud\\\/vitamiinid-b1-ja-b6-b-vit-b1-b-vit-b6\\\/#breadcrumb\",\"itemListElement\":[{\"@type\":\"ListItem\",\"position\":1,\"name\":\"Home\",\"item\":\"https:\\\/\\\/www.kliinikum.ee\\\/yhendlabor\\\/\"},{\"@type\":\"ListItem\",\"position\":2,\"name\":\"K\u00e4siraamat\",\"item\":\"https:\\\/\\\/www.kliinikum.ee\\\/yhendlabor\\\/kasiraamat\\\/\"},{\"@type\":\"ListItem\",\"position\":3,\"name\":\"Hormoonid jm immuunuuringud\",\"item\":\"https:\\\/\\\/www.kliinikum.ee\\\/yhendlabor\\\/kasiraamat\\\/hormoonid-jm-immuunuuringud\\\/\"},{\"@type\":\"ListItem\",\"position\":4,\"name\":\"Vitamiinid B1 ja B6 (B-Vit B1, B-Vit B6)\"}]},{\"@type\":\"WebSite\",\"@id\":\"https:\\\/\\\/www.kliinikum.ee\\\/yhendlabor\\\/#website\",\"url\":\"https:\\\/\\\/www.kliinikum.ee\\\/yhendlabor\\\/\",\"name\":\"\u00dchendlabor\",\"description\":\"Hoolivus, Uuendusmeelsus, P\u00e4devus ja Usaldusv\u00e4\u00e4rsus\",\"potentialAction\":[{\"@type\":\"SearchAction\",\"target\":{\"@type\":\"EntryPoint\",\"urlTemplate\":\"https:\\\/\\\/www.kliinikum.ee\\\/yhendlabor\\\/?s={search_term_string}\"},\"query-input\":{\"@type\":\"PropertyValueSpecification\",\"valueRequired\":true,\"valueName\":\"search_term_string\"}}],\"inLanguage\":\"et\"}]}<\/script>\n<!-- \/ Yoast SEO plugin. -->","yoast_head_json":{"title":"Vitamiinid B1 ja B6 (B-Vit B1, B-Vit B6) - \u00dchendlabor","robots":{"index":"index","follow":"follow","max-snippet":"max-snippet:-1","max-image-preview":"max-image-preview:large","max-video-preview":"max-video-preview:-1"},"canonical":"https:\/\/www.kliinikum.ee\/yhendlabor\/kasiraamat\/hormoonid-jm-immuunuuringud\/vitamiinid-b1-ja-b6-b-vit-b1-b-vit-b6\/","og_locale":"et_EE","og_type":"article","og_title":"Vitamiinid B1 ja B6 (B-Vit B1, B-Vit B6) - \u00dchendlabor","og_description":"Kliinilise keemia ja laboratoorse hematoloogia osakond Vitamiin B1 on koondnimetus tiamiinile ja selle fosfor\u00fc\u00fclitud vormidele, millest f\u00fcsioloogiliselt aktiivseim on tiamiindifosfaat. Vitamiin B1 on inimorganismis oluline koens\u00fc\u00fcm, mis osaleb s\u00fcsivesikute (eriti gl\u00fckoosi), rasv- ja aminohapete l\u00f5hustamisel. Normaalse toitumise korral omastatakse vitamiin B1 nii taimsest kui ka loomsest toidust aktiivse transpordi vahendusel peensoole limaskesta kaudu. Tiamiinide imendumist [&hellip;]","og_url":"https:\/\/www.kliinikum.ee\/yhendlabor\/kasiraamat\/hormoonid-jm-immuunuuringud\/vitamiinid-b1-ja-b6-b-vit-b1-b-vit-b6\/","og_site_name":"\u00dchendlabor","article_modified_time":"2025-11-26T17:29:44+00:00","twitter_card":"summary_large_image","twitter_misc":{"Est. reading time":"2 minutit"},"schema":{"@context":"https:\/\/schema.org","@graph":[{"@type":"WebPage","@id":"https:\/\/www.kliinikum.ee\/yhendlabor\/kasiraamat\/hormoonid-jm-immuunuuringud\/vitamiinid-b1-ja-b6-b-vit-b1-b-vit-b6\/","url":"https:\/\/www.kliinikum.ee\/yhendlabor\/kasiraamat\/hormoonid-jm-immuunuuringud\/vitamiinid-b1-ja-b6-b-vit-b1-b-vit-b6\/","name":"Vitamiinid B1 ja B6 (B-Vit B1, B-Vit B6) - \u00dchendlabor","isPartOf":{"@id":"https:\/\/www.kliinikum.ee\/yhendlabor\/#website"},"datePublished":"2025-07-18T18:25:43+00:00","dateModified":"2025-11-26T17:29:44+00:00","breadcrumb":{"@id":"https:\/\/www.kliinikum.ee\/yhendlabor\/kasiraamat\/hormoonid-jm-immuunuuringud\/vitamiinid-b1-ja-b6-b-vit-b1-b-vit-b6\/#breadcrumb"},"inLanguage":"et","potentialAction":[{"@type":"ReadAction","target":["https:\/\/www.kliinikum.ee\/yhendlabor\/kasiraamat\/hormoonid-jm-immuunuuringud\/vitamiinid-b1-ja-b6-b-vit-b1-b-vit-b6\/"]}]},{"@type":"BreadcrumbList","@id":"https:\/\/www.kliinikum.ee\/yhendlabor\/kasiraamat\/hormoonid-jm-immuunuuringud\/vitamiinid-b1-ja-b6-b-vit-b1-b-vit-b6\/#breadcrumb","itemListElement":[{"@type":"ListItem","position":1,"name":"Home","item":"https:\/\/www.kliinikum.ee\/yhendlabor\/"},{"@type":"ListItem","position":2,"name":"K\u00e4siraamat","item":"https:\/\/www.kliinikum.ee\/yhendlabor\/kasiraamat\/"},{"@type":"ListItem","position":3,"name":"Hormoonid jm immuunuuringud","item":"https:\/\/www.kliinikum.ee\/yhendlabor\/kasiraamat\/hormoonid-jm-immuunuuringud\/"},{"@type":"ListItem","position":4,"name":"Vitamiinid B1 ja B6 (B-Vit B1, B-Vit B6)"}]},{"@type":"WebSite","@id":"https:\/\/www.kliinikum.ee\/yhendlabor\/#website","url":"https:\/\/www.kliinikum.ee\/yhendlabor\/","name":"\u00dchendlabor","description":"Hoolivus, Uuendusmeelsus, P\u00e4devus ja Usaldusv\u00e4\u00e4rsus","potentialAction":[{"@type":"SearchAction","target":{"@type":"EntryPoint","urlTemplate":"https:\/\/www.kliinikum.ee\/yhendlabor\/?s={search_term_string}"},"query-input":{"@type":"PropertyValueSpecification","valueRequired":true,"valueName":"search_term_string"}}],"inLanguage":"et"}]}},"uagb_featured_image_src":{"full":false,"thumbnail":false,"medium":false,"medium_large":false,"large":false,"1536x1536":false,"2048x2048":false},"uagb_author_info":{"display_name":"Kadi Siigur","author_link":"https:\/\/www.kliinikum.ee\/yhendlabor\/author\/kadisi\/"},"uagb_comment_info":0,"uagb_excerpt":"Kliinilise keemia ja laboratoorse hematoloogia osakond Vitamiin B1 on koondnimetus tiamiinile ja selle fosfor\u00fc\u00fclitud vormidele, millest f\u00fcsioloogiliselt aktiivseim on tiamiindifosfaat. Vitamiin B1 on inimorganismis oluline koens\u00fc\u00fcm, mis osaleb s\u00fcsivesikute (eriti gl\u00fckoosi), rasv- ja aminohapete l\u00f5hustamisel. Normaalse toitumise korral omastatakse vitamiin B1 nii taimsest kui ka loomsest toidust aktiivse transpordi vahendusel peensoole limaskesta kaudu. Tiamiinide imendumist&hellip;","_links":{"self":[{"href":"https:\/\/www.kliinikum.ee\/yhendlabor\/wp-json\/wp\/v2\/pages\/12153","targetHints":{"allow":["GET"]}}],"collection":[{"href":"https:\/\/www.kliinikum.ee\/yhendlabor\/wp-json\/wp\/v2\/pages"}],"about":[{"href":"https:\/\/www.kliinikum.ee\/yhendlabor\/wp-json\/wp\/v2\/types\/page"}],"author":[{"embeddable":true,"href":"https:\/\/www.kliinikum.ee\/yhendlabor\/wp-json\/wp\/v2\/users\/38"}],"replies":[{"embeddable":true,"href":"https:\/\/www.kliinikum.ee\/yhendlabor\/wp-json\/wp\/v2\/comments?post=12153"}],"version-history":[{"count":0,"href":"https:\/\/www.kliinikum.ee\/yhendlabor\/wp-json\/wp\/v2\/pages\/12153\/revisions"}],"up":[{"embeddable":true,"href":"https:\/\/www.kliinikum.ee\/yhendlabor\/wp-json\/wp\/v2\/pages\/7271"}],"wp:attachment":[{"href":"https:\/\/www.kliinikum.ee\/yhendlabor\/wp-json\/wp\/v2\/media?parent=12153"}],"curies":[{"name":"wp","href":"https:\/\/api.w.org\/{rel}","templated":true}]}}