{"id":12164,"date":"2025-07-18T20:55:53","date_gmt":"2025-07-18T18:55:53","guid":{"rendered":"https:\/\/www.kliinikum.ee\/yhendlabor\/?page_id=12164"},"modified":"2025-11-26T20:58:55","modified_gmt":"2025-11-26T18:58:55","slug":"aktiveeritud-nk-rakud-b-nk-activated","status":"publish","type":"page","link":"https:\/\/www.kliinikum.ee\/yhendlabor\/kasiraamat\/immuunstaatuse-uuringud\/aktiveeritud-nk-rakud-b-nk-activated\/","title":{"rendered":"Aktiveeritud NK-rakud (B-NK activated%)"},"content":{"rendered":"\n<p><em>Immuunanal\u00fc\u00fcsi osakond<\/em><\/p>\n\n\n\n<p><strong>NK-rakud (<em>natural killer<\/em>)<\/strong> moodustavad ligikaudu 10\u201315% k\u00f5ikidest l\u00fcmfots\u00fc\u00fctidest. Nad osalevad rakulises immuunvastuses, olles osalised immuunaktivatsioonis ja immuunprotsesside reguleerimises.<\/p>\n\n\n\n<p>Erinevalt ts\u00fctotoksilistest T-l\u00fcmfots\u00fc\u00fctidest, ei vaja NK-rakud aktiveerumiseks antigeeni esitlemist, vaid nende aktiveerimine toimub immuuns\u00fcsteemi mitmete teiste komponentide poolt. Seet\u00f5ttu on NK-rakud v\u00f5imelised hoidma viirusinfektsiooni levikut kontrolli all juba enne adaptiivse immuunvastuse tekkimist, v\u00e4iksema ulatusega infektsioonide puhul infektsiooni isegi t\u00e4ielikult k\u00f5rvaldama, h\u00e4vitades viirusega nakatunud rakud. NK-rakud suudavad \u00e4ra tunda ja h\u00e4vitada ka organismi oma rakke, millel on toimunud pinnamarkerite muutused (nt maliigsed rakud).<\/p>\n\n\n\n<p>NK-rakkude aktiveerumisel on olulised aktiveerivate ja inhibeerivate pinnaretseptorite omavaheline suhe ning mitmed proinflammatoorsed ts\u00fctokiinid. Aktiveerumine vallandab NK-rakkude proliferatsiooni ning v\u00f5\u00f5rrakkude h\u00e4vitamise ts\u00fctotoksiliste graanulite abil eksots\u00fctoosi v\u00f5i apoptoosi indutseerimise teel.<\/p>\n\n\n\n<p>Aktiveerumisel muutub NK-rakkude pinnamarkerite koosseis. Hakatakse ekspresseerima aktivatsioonimarkereid, nagu n\u00e4iteks CD69 ja HLA-DR.<\/p>\n\n\n\n<p class=\"has-medium-font-size\"><strong>Uuritav materjal, selle v\u00f5tmine, saatmine ja s\u00e4ilitamine<\/strong><\/p>\n\n\n\n<p>Proov ei tohi olla hemol\u00fc\u00fctiline ega h\u00fc\u00fcbinud!<\/p>\n\n\n\n<figure class=\"wp-block-table is-style-stripes\"><table width=\"100%\"><tbody><tr><td width=\"1%\"><\/td><td width=\"20%\"><strong>Katsuti<\/strong><\/td><td width=\"79%\">K2E\/K3E-katsuti (lilla kork)<\/td><\/tr><tr><td><\/td><td><strong>Anal\u00fc\u00fcsitav kogus<\/strong><\/td><td>1 mL verd<\/td><\/tr><tr><td><\/td><td><strong>S\u00e4ilivus<\/strong><\/td><td>Veri toatemperatuuril kuni 24 tundi. Mitte k\u00fclmutada! Hoida p\u00e4ikesekiirguse eest!<\/td><\/tr><\/tbody><\/table><\/figure>\n\n\n\n<p class=\"has-medium-font-size\"><strong>Anal\u00fc\u00fcsi tegemise aeg:<\/strong> t\u00f6\u00f6p\u00e4eviti, vastus j\u00e4rgmisel t\u00f6\u00f6p\u00e4eval<\/p>\n\n\n\n<p class=\"has-medium-font-size\"><strong>Anal\u00fc\u00fcsimeetod:<\/strong> vooluts\u00fctomeetria<\/p>\n\n\n\n<p class=\"has-medium-font-size\"><strong>Vastuse vorm<\/strong><\/p>\n\n\n\n<p>Aktiveeritud NK-rakkude (CD3-, CD56+, CD16+, HLA-DR-rakud) suhtarv l\u00fcmfots\u00fc\u00fctidest<\/p>\n\n\n\n<p class=\"has-medium-font-size\"><strong>Referentsv\u00e4\u00e4rtus<\/strong><\/p>\n\n\n\n<figure class=\"wp-block-table is-style-stripes\"><table width=\"100%\"><tbody><tr><td width=\"1%\"><\/td><td width=\"30%\"><strong>\u2265 18 a<\/strong><\/td><td width=\"69%\">0,2\u20137% k\u00f5ikidest l\u00fcmfots\u00fc\u00fctidest<\/td><\/tr><\/tbody><\/table><\/figure>\n\n\n\n<p class=\"has-medium-font-size\"><strong>N\u00e4idustus ja kliiniline t\u00e4hendus<\/strong><\/p>\n\n\n\n<p>Aktiveeritud NK-rakkude suhtarvu j\u00e4lgimisega on v\u00f5imalik kindlaks teha organismi vastusreaktsiooni viirustele, bakteritele v\u00f5i parasiitidele. Samuti on selle abil v\u00f5imalik kirjeldada organismi \u00fcldist immuunseisundit.<\/p>\n\n\n\n<p>Aktiveeritud NK-rakkude hulk t\u00f5useb viirusevastaste immuunreaktsioonide korral: HIV, C-hepatiit (HCV), Epsteini-Barri viirus (EBV), ts\u00fctomegaloviirus (CMV). T\u00f5usu on t\u00e4heldatud ka transplantaat-peremehe-vastu reaktsiooni (GvHD, <em>Graft versus Host Disease<\/em>) korral.<\/p>\n\n\n\n<p>Koostaja: Eva Reinmaa<br>Uuendatud 06.07.2016<\/p>\n","protected":false},"excerpt":{"rendered":"<p>Immuunanal\u00fc\u00fcsi osakond NK-rakud (natural killer) moodustavad ligikaudu 10\u201315% k\u00f5ikidest l\u00fcmfots\u00fc\u00fctidest. Nad osalevad rakulises immuunvastuses, olles osalised immuunaktivatsioonis ja immuunprotsesside reguleerimises. Erinevalt ts\u00fctotoksilistest T-l\u00fcmfots\u00fc\u00fctidest, ei vaja NK-rakud aktiveerumiseks antigeeni esitlemist, vaid nende aktiveerimine toimub immuuns\u00fcsteemi mitmete teiste komponentide poolt. Seet\u00f5ttu on NK-rakud v\u00f5imelised hoidma viirusinfektsiooni levikut kontrolli all juba enne adaptiivse immuunvastuse tekkimist, v\u00e4iksema ulatusega infektsioonide [&hellip;]<\/p>\n","protected":false},"author":38,"featured_media":0,"parent":7277,"menu_order":1,"comment_status":"closed","ping_status":"closed","template":"","meta":{"_uag_custom_page_level_css":"","footnotes":""},"class_list":["post-12164","page","type-page","status-publish","hentry"],"acf":[],"yoast_head":"<!-- This site is optimized with the Yoast SEO plugin v27.3 - https:\/\/yoast.com\/product\/yoast-seo-wordpress\/ -->\n<title>Aktiveeritud NK-rakud (B-NK activated%) - \u00dchendlabor<\/title>\n<meta name=\"robots\" content=\"index, follow, max-snippet:-1, max-image-preview:large, max-video-preview:-1\" \/>\n<link rel=\"canonical\" href=\"https:\/\/www.kliinikum.ee\/yhendlabor\/kasiraamat\/immuunstaatuse-uuringud\/aktiveeritud-nk-rakud-b-nk-activated\/\" \/>\n<meta property=\"og:locale\" content=\"et_EE\" \/>\n<meta property=\"og:type\" content=\"article\" \/>\n<meta property=\"og:title\" content=\"Aktiveeritud NK-rakud (B-NK activated%) - \u00dchendlabor\" \/>\n<meta property=\"og:description\" content=\"Immuunanal\u00fc\u00fcsi osakond NK-rakud (natural killer) moodustavad ligikaudu 10\u201315% k\u00f5ikidest l\u00fcmfots\u00fc\u00fctidest. Nad osalevad rakulises immuunvastuses, olles osalised immuunaktivatsioonis ja immuunprotsesside reguleerimises. Erinevalt ts\u00fctotoksilistest T-l\u00fcmfots\u00fc\u00fctidest, ei vaja NK-rakud aktiveerumiseks antigeeni esitlemist, vaid nende aktiveerimine toimub immuuns\u00fcsteemi mitmete teiste komponentide poolt. Seet\u00f5ttu on NK-rakud v\u00f5imelised hoidma viirusinfektsiooni levikut kontrolli all juba enne adaptiivse immuunvastuse tekkimist, v\u00e4iksema ulatusega infektsioonide [&hellip;]\" \/>\n<meta property=\"og:url\" content=\"https:\/\/www.kliinikum.ee\/yhendlabor\/kasiraamat\/immuunstaatuse-uuringud\/aktiveeritud-nk-rakud-b-nk-activated\/\" \/>\n<meta property=\"og:site_name\" content=\"\u00dchendlabor\" \/>\n<meta property=\"article:modified_time\" content=\"2025-11-26T18:58:55+00:00\" \/>\n<meta name=\"twitter:card\" content=\"summary_large_image\" \/>\n<meta name=\"twitter:label1\" content=\"Est. reading time\" \/>\n\t<meta name=\"twitter:data1\" content=\"2 minutit\" \/>\n<script type=\"application\/ld+json\" class=\"yoast-schema-graph\">{\"@context\":\"https:\\\/\\\/schema.org\",\"@graph\":[{\"@type\":\"WebPage\",\"@id\":\"https:\\\/\\\/www.kliinikum.ee\\\/yhendlabor\\\/kasiraamat\\\/immuunstaatuse-uuringud\\\/aktiveeritud-nk-rakud-b-nk-activated\\\/\",\"url\":\"https:\\\/\\\/www.kliinikum.ee\\\/yhendlabor\\\/kasiraamat\\\/immuunstaatuse-uuringud\\\/aktiveeritud-nk-rakud-b-nk-activated\\\/\",\"name\":\"Aktiveeritud NK-rakud (B-NK activated%) - \u00dchendlabor\",\"isPartOf\":{\"@id\":\"https:\\\/\\\/www.kliinikum.ee\\\/yhendlabor\\\/#website\"},\"datePublished\":\"2025-07-18T18:55:53+00:00\",\"dateModified\":\"2025-11-26T18:58:55+00:00\",\"breadcrumb\":{\"@id\":\"https:\\\/\\\/www.kliinikum.ee\\\/yhendlabor\\\/kasiraamat\\\/immuunstaatuse-uuringud\\\/aktiveeritud-nk-rakud-b-nk-activated\\\/#breadcrumb\"},\"inLanguage\":\"et\",\"potentialAction\":[{\"@type\":\"ReadAction\",\"target\":[\"https:\\\/\\\/www.kliinikum.ee\\\/yhendlabor\\\/kasiraamat\\\/immuunstaatuse-uuringud\\\/aktiveeritud-nk-rakud-b-nk-activated\\\/\"]}]},{\"@type\":\"BreadcrumbList\",\"@id\":\"https:\\\/\\\/www.kliinikum.ee\\\/yhendlabor\\\/kasiraamat\\\/immuunstaatuse-uuringud\\\/aktiveeritud-nk-rakud-b-nk-activated\\\/#breadcrumb\",\"itemListElement\":[{\"@type\":\"ListItem\",\"position\":1,\"name\":\"Home\",\"item\":\"https:\\\/\\\/www.kliinikum.ee\\\/yhendlabor\\\/\"},{\"@type\":\"ListItem\",\"position\":2,\"name\":\"K\u00e4siraamat\",\"item\":\"https:\\\/\\\/www.kliinikum.ee\\\/yhendlabor\\\/kasiraamat\\\/\"},{\"@type\":\"ListItem\",\"position\":3,\"name\":\"Immuunstaatuse uuringud\",\"item\":\"https:\\\/\\\/www.kliinikum.ee\\\/yhendlabor\\\/kasiraamat\\\/immuunstaatuse-uuringud\\\/\"},{\"@type\":\"ListItem\",\"position\":4,\"name\":\"Aktiveeritud NK-rakud (B-NK activated%)\"}]},{\"@type\":\"WebSite\",\"@id\":\"https:\\\/\\\/www.kliinikum.ee\\\/yhendlabor\\\/#website\",\"url\":\"https:\\\/\\\/www.kliinikum.ee\\\/yhendlabor\\\/\",\"name\":\"\u00dchendlabor\",\"description\":\"Hoolivus, Uuendusmeelsus, P\u00e4devus ja Usaldusv\u00e4\u00e4rsus\",\"potentialAction\":[{\"@type\":\"SearchAction\",\"target\":{\"@type\":\"EntryPoint\",\"urlTemplate\":\"https:\\\/\\\/www.kliinikum.ee\\\/yhendlabor\\\/?s={search_term_string}\"},\"query-input\":{\"@type\":\"PropertyValueSpecification\",\"valueRequired\":true,\"valueName\":\"search_term_string\"}}],\"inLanguage\":\"et\"}]}<\/script>\n<!-- \/ Yoast SEO plugin. -->","yoast_head_json":{"title":"Aktiveeritud NK-rakud (B-NK activated%) - \u00dchendlabor","robots":{"index":"index","follow":"follow","max-snippet":"max-snippet:-1","max-image-preview":"max-image-preview:large","max-video-preview":"max-video-preview:-1"},"canonical":"https:\/\/www.kliinikum.ee\/yhendlabor\/kasiraamat\/immuunstaatuse-uuringud\/aktiveeritud-nk-rakud-b-nk-activated\/","og_locale":"et_EE","og_type":"article","og_title":"Aktiveeritud NK-rakud (B-NK activated%) - \u00dchendlabor","og_description":"Immuunanal\u00fc\u00fcsi osakond NK-rakud (natural killer) moodustavad ligikaudu 10\u201315% k\u00f5ikidest l\u00fcmfots\u00fc\u00fctidest. Nad osalevad rakulises immuunvastuses, olles osalised immuunaktivatsioonis ja immuunprotsesside reguleerimises. Erinevalt ts\u00fctotoksilistest T-l\u00fcmfots\u00fc\u00fctidest, ei vaja NK-rakud aktiveerumiseks antigeeni esitlemist, vaid nende aktiveerimine toimub immuuns\u00fcsteemi mitmete teiste komponentide poolt. Seet\u00f5ttu on NK-rakud v\u00f5imelised hoidma viirusinfektsiooni levikut kontrolli all juba enne adaptiivse immuunvastuse tekkimist, v\u00e4iksema ulatusega infektsioonide [&hellip;]","og_url":"https:\/\/www.kliinikum.ee\/yhendlabor\/kasiraamat\/immuunstaatuse-uuringud\/aktiveeritud-nk-rakud-b-nk-activated\/","og_site_name":"\u00dchendlabor","article_modified_time":"2025-11-26T18:58:55+00:00","twitter_card":"summary_large_image","twitter_misc":{"Est. reading time":"2 minutit"},"schema":{"@context":"https:\/\/schema.org","@graph":[{"@type":"WebPage","@id":"https:\/\/www.kliinikum.ee\/yhendlabor\/kasiraamat\/immuunstaatuse-uuringud\/aktiveeritud-nk-rakud-b-nk-activated\/","url":"https:\/\/www.kliinikum.ee\/yhendlabor\/kasiraamat\/immuunstaatuse-uuringud\/aktiveeritud-nk-rakud-b-nk-activated\/","name":"Aktiveeritud NK-rakud (B-NK activated%) - \u00dchendlabor","isPartOf":{"@id":"https:\/\/www.kliinikum.ee\/yhendlabor\/#website"},"datePublished":"2025-07-18T18:55:53+00:00","dateModified":"2025-11-26T18:58:55+00:00","breadcrumb":{"@id":"https:\/\/www.kliinikum.ee\/yhendlabor\/kasiraamat\/immuunstaatuse-uuringud\/aktiveeritud-nk-rakud-b-nk-activated\/#breadcrumb"},"inLanguage":"et","potentialAction":[{"@type":"ReadAction","target":["https:\/\/www.kliinikum.ee\/yhendlabor\/kasiraamat\/immuunstaatuse-uuringud\/aktiveeritud-nk-rakud-b-nk-activated\/"]}]},{"@type":"BreadcrumbList","@id":"https:\/\/www.kliinikum.ee\/yhendlabor\/kasiraamat\/immuunstaatuse-uuringud\/aktiveeritud-nk-rakud-b-nk-activated\/#breadcrumb","itemListElement":[{"@type":"ListItem","position":1,"name":"Home","item":"https:\/\/www.kliinikum.ee\/yhendlabor\/"},{"@type":"ListItem","position":2,"name":"K\u00e4siraamat","item":"https:\/\/www.kliinikum.ee\/yhendlabor\/kasiraamat\/"},{"@type":"ListItem","position":3,"name":"Immuunstaatuse uuringud","item":"https:\/\/www.kliinikum.ee\/yhendlabor\/kasiraamat\/immuunstaatuse-uuringud\/"},{"@type":"ListItem","position":4,"name":"Aktiveeritud NK-rakud (B-NK activated%)"}]},{"@type":"WebSite","@id":"https:\/\/www.kliinikum.ee\/yhendlabor\/#website","url":"https:\/\/www.kliinikum.ee\/yhendlabor\/","name":"\u00dchendlabor","description":"Hoolivus, Uuendusmeelsus, P\u00e4devus ja Usaldusv\u00e4\u00e4rsus","potentialAction":[{"@type":"SearchAction","target":{"@type":"EntryPoint","urlTemplate":"https:\/\/www.kliinikum.ee\/yhendlabor\/?s={search_term_string}"},"query-input":{"@type":"PropertyValueSpecification","valueRequired":true,"valueName":"search_term_string"}}],"inLanguage":"et"}]}},"uagb_featured_image_src":{"full":false,"thumbnail":false,"medium":false,"medium_large":false,"large":false,"1536x1536":false,"2048x2048":false},"uagb_author_info":{"display_name":"Kadi Siigur","author_link":"https:\/\/www.kliinikum.ee\/yhendlabor\/author\/kadisi\/"},"uagb_comment_info":0,"uagb_excerpt":"Immuunanal\u00fc\u00fcsi osakond NK-rakud (natural killer) moodustavad ligikaudu 10\u201315% k\u00f5ikidest l\u00fcmfots\u00fc\u00fctidest. Nad osalevad rakulises immuunvastuses, olles osalised immuunaktivatsioonis ja immuunprotsesside reguleerimises. Erinevalt ts\u00fctotoksilistest T-l\u00fcmfots\u00fc\u00fctidest, ei vaja NK-rakud aktiveerumiseks antigeeni esitlemist, vaid nende aktiveerimine toimub immuuns\u00fcsteemi mitmete teiste komponentide poolt. Seet\u00f5ttu on NK-rakud v\u00f5imelised hoidma viirusinfektsiooni levikut kontrolli all juba enne adaptiivse immuunvastuse tekkimist, v\u00e4iksema ulatusega infektsioonide&hellip;","_links":{"self":[{"href":"https:\/\/www.kliinikum.ee\/yhendlabor\/wp-json\/wp\/v2\/pages\/12164","targetHints":{"allow":["GET"]}}],"collection":[{"href":"https:\/\/www.kliinikum.ee\/yhendlabor\/wp-json\/wp\/v2\/pages"}],"about":[{"href":"https:\/\/www.kliinikum.ee\/yhendlabor\/wp-json\/wp\/v2\/types\/page"}],"author":[{"embeddable":true,"href":"https:\/\/www.kliinikum.ee\/yhendlabor\/wp-json\/wp\/v2\/users\/38"}],"replies":[{"embeddable":true,"href":"https:\/\/www.kliinikum.ee\/yhendlabor\/wp-json\/wp\/v2\/comments?post=12164"}],"version-history":[{"count":0,"href":"https:\/\/www.kliinikum.ee\/yhendlabor\/wp-json\/wp\/v2\/pages\/12164\/revisions"}],"up":[{"embeddable":true,"href":"https:\/\/www.kliinikum.ee\/yhendlabor\/wp-json\/wp\/v2\/pages\/7277"}],"wp:attachment":[{"href":"https:\/\/www.kliinikum.ee\/yhendlabor\/wp-json\/wp\/v2\/media?parent=12164"}],"curies":[{"name":"wp","href":"https:\/\/api.w.org\/{rel}","templated":true}]}}