{"id":12168,"date":"2025-07-18T21:01:10","date_gmt":"2025-07-18T19:01:10","guid":{"rendered":"https:\/\/www.kliinikum.ee\/yhendlabor\/?page_id=12168"},"modified":"2025-11-26T21:00:33","modified_gmt":"2025-11-26T19:00:33","slug":"aktiveeritud-t-lumfotsuudid-b-t-cells-activated","status":"publish","type":"page","link":"https:\/\/www.kliinikum.ee\/yhendlabor\/kasiraamat\/immuunstaatuse-uuringud\/aktiveeritud-t-lumfotsuudid-b-t-cells-activated\/","title":{"rendered":"Aktiveeritud T-l\u00fcmfots\u00fc\u00fcdid (B-T cells activated%)"},"content":{"rendered":"\n<p><em>Immuunanal\u00fc\u00fcsi osakond<\/em><\/p>\n\n\n\n<p>Inimese l\u00fcmfots\u00fc\u00fcdid jagunevad bioloogilise funktsiooni ja raku pinnamarkerite j\u00e4rgi kolme suurde alampopulatsiooni \u2013 <strong>T-l\u00fcmfots\u00fc\u00fcdid (CD3+)<\/strong>, B-l\u00fcmfots\u00fc\u00fcdid (CD19+) ja NK-rakud (CD3- CD16+ CD56+).<\/p>\n\n\n\n<p>T-l\u00fcmfots\u00fc\u00fcdid moodustavad ligikaudu 75% k\u00f5ikidest l\u00fcmfots\u00fc\u00fctidest. Nad osalevad antigeenspetsiifilises rakulises immuunvastuses ja reguleerivad B-l\u00fcmfots\u00fc\u00fctide poolset immuunglobuliinide sekretsiooni.<\/p>\n\n\n\n<p>T-l\u00fcmfots\u00fc\u00fctide aktiveerumine on oluline protsess adaptiivse immuunvastuse tekkimisel. Aktiveerumiseks on vajalik kompleksi moodustumine nakatunud raku pinnal ekspresseeruva koesobivusantigeen (MHC) I-ga seondunud v\u00f5\u00f5rvalgu (antigeeni) ja ts\u00fctotoksilise T-l\u00fcmfots\u00fc\u00fcdi vahel. See tagab ts\u00fctotoksiliste T-l\u00fcmfots\u00fc\u00fctide kiire klonaalse paljunemise ja v\u00f5\u00f5rvalku esitlevate rakkude h\u00e4vitamise. Aktiveerumisel muutub ts\u00fctotoksiliste T-l\u00fcmfots\u00fc\u00fctide pinnamarkerite koosseis: esmalt eskpresseeruvad varajased aktivatsioonimarkerid (CD69, CD25) ning seej\u00e4rel hilised ja pikemaajalise ekspressiooniga aktivatsioonimarkerid (HLA-DR, CD38)<\/p>\n\n\n\n<p class=\"has-medium-font-size\"><strong>Uuritav materjal, selle v\u00f5tmine, saatmine ja s\u00e4ilitamine<\/strong><\/p>\n\n\n\n<p>Proov ei tohi olla hemol\u00fc\u00fctiline!<\/p>\n\n\n\n<figure class=\"wp-block-table is-style-stripes\"><table width=\"100%\"><tbody><tr><td width=\"1%\"><\/td><td width=\"20%\"><strong>Katsuti<\/strong><\/td><td width=\"79%\">K2E\/K3E-katsuti (lilla kork)<\/td><\/tr><tr><td><\/td><td><strong>Anal\u00fc\u00fcsitav kogus<\/strong><\/td><td>1 mL verd<\/td><\/tr><tr><td><\/td><td><strong>S\u00e4ilivus<\/strong><\/td><td>Veri toatemperatuuril kuni 24 tundi. Mitte k\u00fclmutada! Hoida p\u00e4ikesekiirguse eest!<\/td><\/tr><\/tbody><\/table><\/figure>\n\n\n\n<p class=\"has-medium-font-size\"><strong>Anal\u00fc\u00fcsi tegemise aeg:<\/strong> t\u00f6\u00f6p\u00e4eviti, vastus j\u00e4rgmisel t\u00f6\u00f6p\u00e4eval<\/p>\n\n\n\n<p class=\"has-medium-font-size\"><strong>Anal\u00fc\u00fcsimeetod:<\/strong> vooluts\u00fctomeetria<\/p>\n\n\n\n<p class=\"has-medium-font-size\"><strong>Vastuse vorm<\/strong><\/p>\n\n\n\n<p>Aktiveeritud T-l\u00fcmfots\u00fc\u00fctide (CD3+ HLA-DR+) suhtarv k\u00f5ikidest l\u00fcmfots\u00fc\u00fctidest.<strong><\/strong><\/p>\n\n\n\n<p class=\"has-medium-font-size\"><strong>Referentsv\u00e4\u00e4rtus<\/strong><\/p>\n\n\n\n<figure class=\"wp-block-table\"><table width=\"100%\"><tbody><tr><td width=\"1%\"><\/td><td width=\"30%\"><strong>&lt; 3 k<\/strong><\/td><td width=\"69%\">0,8\u20132,3 %<\/td><\/tr><tr><td><\/td><td><strong>3 k \u2013 &lt; 1 a<\/strong><\/td><td>0,9\u20135,9 %<\/td><\/tr><tr><td><\/td><td><strong>1 a \u2013 &lt; 2 a<\/strong><\/td><td>1,1\u20137,0 %<\/td><\/tr><tr><td><\/td><td><strong>2 a \u2013 &lt; 6 a<\/strong><\/td><td>1,5\u20136,4 %<\/td><\/tr><tr><td><\/td><td><strong>6 a \u2013 &lt; 12 a<\/strong><\/td><td>2,3\u20137,0 %<\/td><\/tr><tr><td><\/td><td><strong>12 a \u2013 &lt; 18 a<\/strong><\/td><td>2,3\u20138,6 %<\/td><\/tr><tr><td><\/td><td><strong>\u2265 18 a<\/strong><\/td><td>2\u201312 %<\/td><\/tr><\/tbody><\/table><\/figure>\n\n\n\n<p>Laste referentsv\u00e4\u00e4rtused:<em> Tosato, F., Bucciol, G., Pantano, G., Putti, M.C., Sanzari, M.C., Basso, G., Plebani, M.: Lymphocytes Subsets Reference Values in Childhood. Cytometry A. 2015 Jan; 87(1):81-5<\/em><em><\/em><\/p>\n\n\n\n<p class=\"has-medium-font-size\"><strong>N\u00e4idustus ja kliiniline t\u00e4hendus<\/strong><\/p>\n\n\n\n<p>Aktiveeritud T-l\u00fcmfots\u00fc\u00fctide hulk v\u00e4ljendab organismi T-rakkude vastust viiruste, bakterite v\u00f5i parasiitide antigeenidele. Selle abil on v\u00f5imalik kirjeldada organismi \u00fcldist immuunseisundit.<\/p>\n\n\n\n<p>Aktiveeritud T-rakkude hulk t\u00f5useb viirusevastaste immuunreaktsioonide korral: HIV-i, \u00e4geda Epsteini-Barri viiruse (EBV), ts\u00fctomegaloviiruse (CMV) korral. T\u00f5usu on t\u00e4heldatud ka reumatoidartriidi, s\u00fcsteemse er\u00fctematoosse luupuse (SLE), transplantaat-peremehe-vastu reaktsiooni (GVHD, <em>Graft versus Host Disease<\/em>) ja transplantaadi \u00e4rat\u00f5ukereaktsiooni korral ning vahetult peale luu\u00fcdi siirdamist.<\/p>\n\n\n\n<p>Koostaja: Eva Reinmaa<br>Muudetud 06.07.2016<\/p>\n","protected":false},"excerpt":{"rendered":"<p>Immuunanal\u00fc\u00fcsi osakond Inimese l\u00fcmfots\u00fc\u00fcdid jagunevad bioloogilise funktsiooni ja raku pinnamarkerite j\u00e4rgi kolme suurde alampopulatsiooni \u2013 T-l\u00fcmfots\u00fc\u00fcdid (CD3+), B-l\u00fcmfots\u00fc\u00fcdid (CD19+) ja NK-rakud (CD3- CD16+ CD56+). T-l\u00fcmfots\u00fc\u00fcdid moodustavad ligikaudu 75% k\u00f5ikidest l\u00fcmfots\u00fc\u00fctidest. Nad osalevad antigeenspetsiifilises rakulises immuunvastuses ja reguleerivad B-l\u00fcmfots\u00fc\u00fctide poolset immuunglobuliinide sekretsiooni. T-l\u00fcmfots\u00fc\u00fctide aktiveerumine on oluline protsess adaptiivse immuunvastuse tekkimisel. Aktiveerumiseks on vajalik kompleksi moodustumine nakatunud [&hellip;]<\/p>\n","protected":false},"author":38,"featured_media":0,"parent":7277,"menu_order":2,"comment_status":"closed","ping_status":"closed","template":"","meta":{"_uag_custom_page_level_css":"","footnotes":""},"class_list":["post-12168","page","type-page","status-publish","hentry"],"acf":[],"yoast_head":"<!-- This site is optimized with the Yoast SEO plugin v27.3 - https:\/\/yoast.com\/product\/yoast-seo-wordpress\/ -->\n<title>Aktiveeritud T-l\u00fcmfots\u00fc\u00fcdid (B-T cells activated%) - \u00dchendlabor<\/title>\n<meta name=\"robots\" content=\"index, follow, max-snippet:-1, max-image-preview:large, max-video-preview:-1\" \/>\n<link rel=\"canonical\" href=\"https:\/\/www.kliinikum.ee\/yhendlabor\/kasiraamat\/immuunstaatuse-uuringud\/aktiveeritud-t-lumfotsuudid-b-t-cells-activated\/\" \/>\n<meta property=\"og:locale\" content=\"et_EE\" \/>\n<meta property=\"og:type\" content=\"article\" \/>\n<meta property=\"og:title\" content=\"Aktiveeritud T-l\u00fcmfots\u00fc\u00fcdid (B-T cells activated%) - \u00dchendlabor\" \/>\n<meta property=\"og:description\" content=\"Immuunanal\u00fc\u00fcsi osakond Inimese l\u00fcmfots\u00fc\u00fcdid jagunevad bioloogilise funktsiooni ja raku pinnamarkerite j\u00e4rgi kolme suurde alampopulatsiooni \u2013 T-l\u00fcmfots\u00fc\u00fcdid (CD3+), B-l\u00fcmfots\u00fc\u00fcdid (CD19+) ja NK-rakud (CD3- CD16+ CD56+). T-l\u00fcmfots\u00fc\u00fcdid moodustavad ligikaudu 75% k\u00f5ikidest l\u00fcmfots\u00fc\u00fctidest. Nad osalevad antigeenspetsiifilises rakulises immuunvastuses ja reguleerivad B-l\u00fcmfots\u00fc\u00fctide poolset immuunglobuliinide sekretsiooni. T-l\u00fcmfots\u00fc\u00fctide aktiveerumine on oluline protsess adaptiivse immuunvastuse tekkimisel. Aktiveerumiseks on vajalik kompleksi moodustumine nakatunud [&hellip;]\" \/>\n<meta property=\"og:url\" content=\"https:\/\/www.kliinikum.ee\/yhendlabor\/kasiraamat\/immuunstaatuse-uuringud\/aktiveeritud-t-lumfotsuudid-b-t-cells-activated\/\" \/>\n<meta property=\"og:site_name\" content=\"\u00dchendlabor\" \/>\n<meta property=\"article:modified_time\" content=\"2025-11-26T19:00:33+00:00\" \/>\n<meta name=\"twitter:card\" content=\"summary_large_image\" \/>\n<meta name=\"twitter:label1\" content=\"Est. reading time\" \/>\n\t<meta name=\"twitter:data1\" content=\"2 minutit\" \/>\n<script type=\"application\/ld+json\" class=\"yoast-schema-graph\">{\"@context\":\"https:\\\/\\\/schema.org\",\"@graph\":[{\"@type\":\"WebPage\",\"@id\":\"https:\\\/\\\/www.kliinikum.ee\\\/yhendlabor\\\/kasiraamat\\\/immuunstaatuse-uuringud\\\/aktiveeritud-t-lumfotsuudid-b-t-cells-activated\\\/\",\"url\":\"https:\\\/\\\/www.kliinikum.ee\\\/yhendlabor\\\/kasiraamat\\\/immuunstaatuse-uuringud\\\/aktiveeritud-t-lumfotsuudid-b-t-cells-activated\\\/\",\"name\":\"Aktiveeritud T-l\u00fcmfots\u00fc\u00fcdid (B-T cells activated%) - \u00dchendlabor\",\"isPartOf\":{\"@id\":\"https:\\\/\\\/www.kliinikum.ee\\\/yhendlabor\\\/#website\"},\"datePublished\":\"2025-07-18T19:01:10+00:00\",\"dateModified\":\"2025-11-26T19:00:33+00:00\",\"breadcrumb\":{\"@id\":\"https:\\\/\\\/www.kliinikum.ee\\\/yhendlabor\\\/kasiraamat\\\/immuunstaatuse-uuringud\\\/aktiveeritud-t-lumfotsuudid-b-t-cells-activated\\\/#breadcrumb\"},\"inLanguage\":\"et\",\"potentialAction\":[{\"@type\":\"ReadAction\",\"target\":[\"https:\\\/\\\/www.kliinikum.ee\\\/yhendlabor\\\/kasiraamat\\\/immuunstaatuse-uuringud\\\/aktiveeritud-t-lumfotsuudid-b-t-cells-activated\\\/\"]}]},{\"@type\":\"BreadcrumbList\",\"@id\":\"https:\\\/\\\/www.kliinikum.ee\\\/yhendlabor\\\/kasiraamat\\\/immuunstaatuse-uuringud\\\/aktiveeritud-t-lumfotsuudid-b-t-cells-activated\\\/#breadcrumb\",\"itemListElement\":[{\"@type\":\"ListItem\",\"position\":1,\"name\":\"Home\",\"item\":\"https:\\\/\\\/www.kliinikum.ee\\\/yhendlabor\\\/\"},{\"@type\":\"ListItem\",\"position\":2,\"name\":\"K\u00e4siraamat\",\"item\":\"https:\\\/\\\/www.kliinikum.ee\\\/yhendlabor\\\/kasiraamat\\\/\"},{\"@type\":\"ListItem\",\"position\":3,\"name\":\"Immuunstaatuse uuringud\",\"item\":\"https:\\\/\\\/www.kliinikum.ee\\\/yhendlabor\\\/kasiraamat\\\/immuunstaatuse-uuringud\\\/\"},{\"@type\":\"ListItem\",\"position\":4,\"name\":\"Aktiveeritud T-l\u00fcmfots\u00fc\u00fcdid (B-T cells activated%)\"}]},{\"@type\":\"WebSite\",\"@id\":\"https:\\\/\\\/www.kliinikum.ee\\\/yhendlabor\\\/#website\",\"url\":\"https:\\\/\\\/www.kliinikum.ee\\\/yhendlabor\\\/\",\"name\":\"\u00dchendlabor\",\"description\":\"Hoolivus, Uuendusmeelsus, P\u00e4devus ja Usaldusv\u00e4\u00e4rsus\",\"potentialAction\":[{\"@type\":\"SearchAction\",\"target\":{\"@type\":\"EntryPoint\",\"urlTemplate\":\"https:\\\/\\\/www.kliinikum.ee\\\/yhendlabor\\\/?s={search_term_string}\"},\"query-input\":{\"@type\":\"PropertyValueSpecification\",\"valueRequired\":true,\"valueName\":\"search_term_string\"}}],\"inLanguage\":\"et\"}]}<\/script>\n<!-- \/ Yoast SEO plugin. -->","yoast_head_json":{"title":"Aktiveeritud T-l\u00fcmfots\u00fc\u00fcdid (B-T cells activated%) - \u00dchendlabor","robots":{"index":"index","follow":"follow","max-snippet":"max-snippet:-1","max-image-preview":"max-image-preview:large","max-video-preview":"max-video-preview:-1"},"canonical":"https:\/\/www.kliinikum.ee\/yhendlabor\/kasiraamat\/immuunstaatuse-uuringud\/aktiveeritud-t-lumfotsuudid-b-t-cells-activated\/","og_locale":"et_EE","og_type":"article","og_title":"Aktiveeritud T-l\u00fcmfots\u00fc\u00fcdid (B-T cells activated%) - \u00dchendlabor","og_description":"Immuunanal\u00fc\u00fcsi osakond Inimese l\u00fcmfots\u00fc\u00fcdid jagunevad bioloogilise funktsiooni ja raku pinnamarkerite j\u00e4rgi kolme suurde alampopulatsiooni \u2013 T-l\u00fcmfots\u00fc\u00fcdid (CD3+), B-l\u00fcmfots\u00fc\u00fcdid (CD19+) ja NK-rakud (CD3- CD16+ CD56+). T-l\u00fcmfots\u00fc\u00fcdid moodustavad ligikaudu 75% k\u00f5ikidest l\u00fcmfots\u00fc\u00fctidest. Nad osalevad antigeenspetsiifilises rakulises immuunvastuses ja reguleerivad B-l\u00fcmfots\u00fc\u00fctide poolset immuunglobuliinide sekretsiooni. T-l\u00fcmfots\u00fc\u00fctide aktiveerumine on oluline protsess adaptiivse immuunvastuse tekkimisel. Aktiveerumiseks on vajalik kompleksi moodustumine nakatunud [&hellip;]","og_url":"https:\/\/www.kliinikum.ee\/yhendlabor\/kasiraamat\/immuunstaatuse-uuringud\/aktiveeritud-t-lumfotsuudid-b-t-cells-activated\/","og_site_name":"\u00dchendlabor","article_modified_time":"2025-11-26T19:00:33+00:00","twitter_card":"summary_large_image","twitter_misc":{"Est. reading time":"2 minutit"},"schema":{"@context":"https:\/\/schema.org","@graph":[{"@type":"WebPage","@id":"https:\/\/www.kliinikum.ee\/yhendlabor\/kasiraamat\/immuunstaatuse-uuringud\/aktiveeritud-t-lumfotsuudid-b-t-cells-activated\/","url":"https:\/\/www.kliinikum.ee\/yhendlabor\/kasiraamat\/immuunstaatuse-uuringud\/aktiveeritud-t-lumfotsuudid-b-t-cells-activated\/","name":"Aktiveeritud T-l\u00fcmfots\u00fc\u00fcdid (B-T cells activated%) - \u00dchendlabor","isPartOf":{"@id":"https:\/\/www.kliinikum.ee\/yhendlabor\/#website"},"datePublished":"2025-07-18T19:01:10+00:00","dateModified":"2025-11-26T19:00:33+00:00","breadcrumb":{"@id":"https:\/\/www.kliinikum.ee\/yhendlabor\/kasiraamat\/immuunstaatuse-uuringud\/aktiveeritud-t-lumfotsuudid-b-t-cells-activated\/#breadcrumb"},"inLanguage":"et","potentialAction":[{"@type":"ReadAction","target":["https:\/\/www.kliinikum.ee\/yhendlabor\/kasiraamat\/immuunstaatuse-uuringud\/aktiveeritud-t-lumfotsuudid-b-t-cells-activated\/"]}]},{"@type":"BreadcrumbList","@id":"https:\/\/www.kliinikum.ee\/yhendlabor\/kasiraamat\/immuunstaatuse-uuringud\/aktiveeritud-t-lumfotsuudid-b-t-cells-activated\/#breadcrumb","itemListElement":[{"@type":"ListItem","position":1,"name":"Home","item":"https:\/\/www.kliinikum.ee\/yhendlabor\/"},{"@type":"ListItem","position":2,"name":"K\u00e4siraamat","item":"https:\/\/www.kliinikum.ee\/yhendlabor\/kasiraamat\/"},{"@type":"ListItem","position":3,"name":"Immuunstaatuse uuringud","item":"https:\/\/www.kliinikum.ee\/yhendlabor\/kasiraamat\/immuunstaatuse-uuringud\/"},{"@type":"ListItem","position":4,"name":"Aktiveeritud T-l\u00fcmfots\u00fc\u00fcdid (B-T cells activated%)"}]},{"@type":"WebSite","@id":"https:\/\/www.kliinikum.ee\/yhendlabor\/#website","url":"https:\/\/www.kliinikum.ee\/yhendlabor\/","name":"\u00dchendlabor","description":"Hoolivus, Uuendusmeelsus, P\u00e4devus ja Usaldusv\u00e4\u00e4rsus","potentialAction":[{"@type":"SearchAction","target":{"@type":"EntryPoint","urlTemplate":"https:\/\/www.kliinikum.ee\/yhendlabor\/?s={search_term_string}"},"query-input":{"@type":"PropertyValueSpecification","valueRequired":true,"valueName":"search_term_string"}}],"inLanguage":"et"}]}},"uagb_featured_image_src":{"full":false,"thumbnail":false,"medium":false,"medium_large":false,"large":false,"1536x1536":false,"2048x2048":false},"uagb_author_info":{"display_name":"Kadi Siigur","author_link":"https:\/\/www.kliinikum.ee\/yhendlabor\/author\/kadisi\/"},"uagb_comment_info":0,"uagb_excerpt":"Immuunanal\u00fc\u00fcsi osakond Inimese l\u00fcmfots\u00fc\u00fcdid jagunevad bioloogilise funktsiooni ja raku pinnamarkerite j\u00e4rgi kolme suurde alampopulatsiooni \u2013 T-l\u00fcmfots\u00fc\u00fcdid (CD3+), B-l\u00fcmfots\u00fc\u00fcdid (CD19+) ja NK-rakud (CD3- CD16+ CD56+). T-l\u00fcmfots\u00fc\u00fcdid moodustavad ligikaudu 75% k\u00f5ikidest l\u00fcmfots\u00fc\u00fctidest. Nad osalevad antigeenspetsiifilises rakulises immuunvastuses ja reguleerivad B-l\u00fcmfots\u00fc\u00fctide poolset immuunglobuliinide sekretsiooni. T-l\u00fcmfots\u00fc\u00fctide aktiveerumine on oluline protsess adaptiivse immuunvastuse tekkimisel. Aktiveerumiseks on vajalik kompleksi moodustumine nakatunud&hellip;","_links":{"self":[{"href":"https:\/\/www.kliinikum.ee\/yhendlabor\/wp-json\/wp\/v2\/pages\/12168","targetHints":{"allow":["GET"]}}],"collection":[{"href":"https:\/\/www.kliinikum.ee\/yhendlabor\/wp-json\/wp\/v2\/pages"}],"about":[{"href":"https:\/\/www.kliinikum.ee\/yhendlabor\/wp-json\/wp\/v2\/types\/page"}],"author":[{"embeddable":true,"href":"https:\/\/www.kliinikum.ee\/yhendlabor\/wp-json\/wp\/v2\/users\/38"}],"replies":[{"embeddable":true,"href":"https:\/\/www.kliinikum.ee\/yhendlabor\/wp-json\/wp\/v2\/comments?post=12168"}],"version-history":[{"count":0,"href":"https:\/\/www.kliinikum.ee\/yhendlabor\/wp-json\/wp\/v2\/pages\/12168\/revisions"}],"up":[{"embeddable":true,"href":"https:\/\/www.kliinikum.ee\/yhendlabor\/wp-json\/wp\/v2\/pages\/7277"}],"wp:attachment":[{"href":"https:\/\/www.kliinikum.ee\/yhendlabor\/wp-json\/wp\/v2\/media?parent=12168"}],"curies":[{"name":"wp","href":"https:\/\/api.w.org\/{rel}","templated":true}]}}