{"id":12184,"date":"2025-07-18T21:20:30","date_gmt":"2025-07-18T19:20:30","guid":{"rendered":"https:\/\/www.kliinikum.ee\/yhendlabor\/?page_id=12184"},"modified":"2025-11-26T21:04:43","modified_gmt":"2025-11-26T19:04:43","slug":"immuunglobuliinid-a-g-ja-m-sp-iga-igg-igm","status":"publish","type":"page","link":"https:\/\/www.kliinikum.ee\/yhendlabor\/kasiraamat\/immuunstaatuse-uuringud\/immuunglobuliinid-a-g-ja-m-sp-iga-igg-igm\/","title":{"rendered":"Immuunglobuliinid A, G ja M (S,P-IgA, IgG, IgM)"},"content":{"rendered":"\n<p><em>Kliinilise keemia ja laboratoorse hematoloogia osakond<br>Lastekliiniku osakond<\/em><\/p>\n\n\n\n<p><strong>Immuunglobuliinid (Ig-d)<\/strong> on r\u00fchm plasmavalke, mis toimivad antikehadena, tundes \u00e4ra ning sidudes kehav\u00f5\u00f5raid antigeene ja vahendades nende h\u00e4vitamist erinevate mehhanismide abil. Kuiv\u00f5rd iga Ig molekul on spetsiifiline \u00fchele antigeensele determinandile (epitoobile), on erinevaid immuunglobuliine \u00fclisuur hulk. Vastavalt ehitusele (nn raske ahela t\u00fc\u00fcbi j\u00e4rgi molekulis) jagatakse Ig-d viide klassi: IgG, IgA, IgM, IgD ja IgE. Neist kolm esimest on kvantitatiivselt olulisimad. Lisaks raskele ahelale kuulub iga Ig koostisse ka kapa- v\u00f5i lambdat\u00fc\u00fcpi kerge ahel. Elektroforegrammil on immuunglobuliinid peamiselt \u03b3-globuliinide fraktsioonis. Immuunglobuliine s\u00fcnteesivad B-l\u00fcmfots\u00fc\u00fcdid ja plasmarakud. \u00dcks rakuliin toodab vaid \u00fchte immuunglobuliini molekuli, kuid \u00fcks antigeen stimuleerib samaaegselt mitut rakuliini ja tekib normaalne humoraalne pol\u00fcklonaalne immuunvastus. Kui mingi plasmaraku kloon paljuneb kontrollimatult (kasvajalaadselt), on tegu \u00fche immuunglobuliini monoklonaalse produktsiooniga.<\/p>\n\n\n\n<p><strong>Immuunglobuliin A<\/strong> on peamine antikeha seromukoossetes sekreetides: pisarates, s\u00fcljes, ternespiimas, bronhiaal-, gastrointestinaal- ja urogenitaaltrakti sekreetides. Esineb kaks IgA alaklassi: IgA<sub>1<\/sub> ja IgA<sub>2<\/sub>. <strong>Immuunglobuliin G<\/strong>-d on hulgaliselt k\u00f5ige rohkem, ta on peamine sekundaarse immuunvastuse antikeha ja ka ainuke immuunglobuliin, mis l\u00e4bib platsentat ning kindlustab vasts\u00fcndinu kaitse esimestel elukuudel. IgG-l on neli alaklassi (IgG<sub>1<\/sub>, IgG<sub>2<\/sub>, IgG<sub>3<\/sub> ja IgG<sub>4<\/sub>). <strong>Immuunglobuliin M<\/strong> on peamine primaarse immuunvastuse antikeha. Tervetel vasts\u00fcndinutel algab tema moodustumine umbes viiendal p\u00e4eval peale s\u00fcndi.<\/p>\n\n\n\n<p class=\"has-medium-font-size\"><strong>Uuritav materjal, selle v\u00f5tmine, saatmine ja s\u00e4ilitamine<\/strong><\/p>\n\n\n\n<figure class=\"wp-block-table is-style-stripes\"><table width=\"100%\"><tbody><tr><td width=\"1%\"><\/td><td width=\"15%\"><strong>Katsuti<\/strong><\/td><td width=\"84%\">Geeli ja h\u00fc\u00fcbimisaktivaatoriga katsuti (punane kollase r\u00f5ngaga v\u00f5i kollane kork) v\u00f5i geeliga LH-katsuti (roheline kollase r\u00f5ngaga v\u00f5i heleroheline kork)<\/td><\/tr><tr><td><\/td><td><strong>S\u00e4ilivus<\/strong><\/td><td>Seerum\/plasma toatemperatuuril kaks kuud, +4 \u00b0C neli kuud, \u00a0-20 \u00b0C kuus kuud<\/td><\/tr><\/tbody><\/table><\/figure>\n\n\n\n<p class=\"has-medium-font-size\"><strong>Anal\u00fc\u00fcsi tegemise aeg:<\/strong> \u00f6\u00f6p\u00e4evaringselt<\/p>\n\n\n\n<p class=\"has-medium-font-size\"><strong>Anal\u00fc\u00fcsimeetod:<\/strong> immuunturbidimeetriline meetod<\/p>\n\n\n\n<p class=\"has-medium-font-size\"><strong>Referentsv\u00e4\u00e4rtused<\/strong><\/p>\n\n\n\n<figure class=\"wp-block-table\"><table width=\"100%\"><tbody><tr><td width=\"1%\"><\/td><td colspan=\"2\" width=\"33%\"><strong>\u00a0IgA g\/L<\/strong><\/td><td colspan=\"2\" width=\"33%\"><strong>IgG g\/L<\/strong><\/td><td colspan=\"2\" width=\"33%\"><strong>IgM g\/L<\/strong><\/td><\/tr><tr><td width=\"1%\"><\/td><td width=\"18%\"><strong>&lt; 1 a<\/strong><\/td><td width=\"15%\">&lt; 0,1<\/td><td width=\"18%\"><strong>&lt; 15 p<\/strong><\/td><td width=\"15%\">3,2\u201312,0<\/td><td width=\"18%\"><strong>&lt; 15 p<\/strong><\/td><td width=\"15%\">&lt; 0,3<\/td><\/tr><tr><td><\/td><td><strong>1 a \u2013 &lt; 3 a<\/strong><\/td><td>&lt; 0,8<\/td><td><strong>15 p \u2013 &lt; 1 a<\/strong><\/td><td>1,5\u20136,3<\/td><td><strong>15 p \u2013 &lt; 3 k<\/strong><\/td><td>0,1\u20130,7<\/td><\/tr><tr><td><\/td><td><strong>3 a \u2013 &lt; 6 a<\/strong><\/td><td>0,1\u20131,4<\/td><td><strong>1 a \u2013 &lt; 4 a<\/strong><\/td><td>3,2\u20139,9<\/td><td><strong>3 k \u2013 &lt; 1 a<\/strong><\/td><td>0,1\u20130,8<\/td><\/tr><tr><td><\/td><td><strong>6 a \u2013 &lt; 14 a<\/strong><\/td><td>0,3\u20132,2<\/td><td><strong>4 a \u2013 &lt; 10 a<\/strong><\/td><td>5,0\u201311,7<\/td><td><strong>1a \u2013 &lt; 19 a<\/strong><\/td><td>M 0,4\u20131,4<\/td><\/tr><tr><td><\/td><td><strong>14 a \u2013 &lt; 19 a<\/strong><\/td><td>0,4\u20132,9<\/td><td><strong>10 a \u2013 &lt; 19 a<\/strong><\/td><td>6,0\u201313,1<\/td><td>&nbsp;<\/td><td>N 0,4\u20131,8<\/td><\/tr><tr><td><\/td><td><strong>\u2265 19 a<\/strong><\/td><td>0,7\u20134,0<\/td><td><strong>\u2265 19 a<\/strong><\/td><td>7,0\u201316,0<\/td><td><strong>\u2265 19 a<\/strong><\/td><td>0,4\u20132,3<\/td><\/tr><\/tbody><\/table><\/figure>\n\n\n\n<p class=\"has-medium-font-size\"><strong>N\u00e4idustus ja kliiniline t\u00e4hendus<\/strong><\/p>\n\n\n\n<p>Immuunpuudulikkus. H\u00fcper-v\u00f5i h\u00fcpogammaglobulineemia. Kahtlus monoklonaalsele gammopaatiale. Liigeste- ja maksahaiguste diagnostika ning ravi seire. Kemo- ja radioteraapia efektiivsuse hindamine.<\/p>\n\n\n\n<p>Paljude Ig-de produktsiooni pol\u00fcklonaalset intensiivistumist p\u00f5hjustavad normaalne immuunvastus infektsioonile, AIDS, kroonilised maksahaigused, reumatoidartriit, sarkoidoos ja s\u00fcsteemne er\u00fctematoosne luupus.<\/p>\n\n\n\n<p>\u00dche v\u00f5i teise klassi immuunglobuliinide produktsiooni selektiivsemaid muutusi p\u00f5hjustavad:<\/p>\n\n\n\n<p><strong>IgA<\/strong> suurenemine: kroonilised infektsioonid, eriti hingamisteedes (tuberkuloos, bronhiektaasiat\u00f5bi) ja seedetraktis, kroonilised maksahaigused (tsirroos, eriti alkohoolne).<\/p>\n\n\n\n<p>IgA v\u00e4henemine: idiopaatiline agammaglobulineemia, d\u00fcsgammaglobulineemia, makroglobulineemia, primaarne selektiivne IgA defitsiit, t\u00fc\u00fcmuse aplaasia, valgukaotusega enteropaatia, nefrootiline s\u00fcndroom, immuundefitsiitsed seisundid. IgA produktsiooni v\u00f5ivad p\u00e4rssida epilepsiaravimid, kortikosteroidpreparaadid, m\u00f5ningad antibakteriaalsed ravimid.<\/p>\n\n\n\n<p><strong>IgG <\/strong>suurenemine: autoimmuunhaigused, krooniline hepatiit, maksatsirroos. V\u00e4ga v\u00e4ljendunud kontsentratsiooni t\u00f5usu v\u00f5ivad p\u00f5hjustada m\u00f5ningad parasitaarsed haigused ja kroonilised ning retsidiveeruvad infektsioonid.<\/p>\n\n\n\n<p>IgG v\u00e4henemine: idiopaatiline agammaglobulineemia, am\u00fcloidoos, l\u00fcmfoidne aplaasia, kaasas\u00fcndinud IgG defitsiit, immuundefitsiitsed seisundid, preeklampsia, raseduse kolmas trimester, p\u00f5letused, valgukaotuslik enteropaatia, nefrootiline s\u00fcndroom.<\/p>\n\n\n\n<p><strong>IgM<\/strong> suurenemine: primaarne biliaarne tsirroos, viirus-, seen- ja m\u00fckoplasmainfektsioonid, malaaria, infektsioosne mononukleoos, intrauteriinse v\u00f5i neonataalse perioodi infektsioonid.<\/p>\n\n\n\n<p>IgM v\u00e4henemine: idiopaatiline agammaglobulineemia, am\u00fcloidoos, l\u00fcmfoidne aplaasia, d\u00fcsgammaglobulineemia, valgukaotuslik enteropaatia, p\u00f5letused, nefrootiline s\u00fcndroom.<\/p>\n\n\n\n<p>Monoklonaalne immuunglobuliini produktsioon v\u00f5ib esineda m\u00fceloomi, Waldenstr\u00f6mi makroglobulineemia ja mitmete teiste B-rakuliste maliigsete protsesside puhul, samuti m\u00f5nedel am\u00fcloidoosi juhtudel. Monoklonaalse gammopaatiaga kaasneb sageli normaalsete immuunglobuliinide produktsiooni supressioon.<\/p>\n\n\n\n<p>Koostaja: Kaja Vaagen<br>Muudetud 08.03.2021<\/p>\n","protected":false},"excerpt":{"rendered":"<p>Kliinilise keemia ja laboratoorse hematoloogia osakondLastekliiniku osakond Immuunglobuliinid (Ig-d) on r\u00fchm plasmavalke, mis toimivad antikehadena, tundes \u00e4ra ning sidudes kehav\u00f5\u00f5raid antigeene ja vahendades nende h\u00e4vitamist erinevate mehhanismide abil. Kuiv\u00f5rd iga Ig molekul on spetsiifiline \u00fchele antigeensele determinandile (epitoobile), on erinevaid immuunglobuliine \u00fclisuur hulk. Vastavalt ehitusele (nn raske ahela t\u00fc\u00fcbi j\u00e4rgi molekulis) jagatakse Ig-d viide klassi: [&hellip;]<\/p>\n","protected":false},"author":38,"featured_media":0,"parent":7277,"menu_order":4,"comment_status":"closed","ping_status":"closed","template":"","meta":{"_uag_custom_page_level_css":"","footnotes":""},"class_list":["post-12184","page","type-page","status-publish","hentry"],"acf":[],"yoast_head":"<!-- This site is optimized with the Yoast SEO plugin v27.3 - https:\/\/yoast.com\/product\/yoast-seo-wordpress\/ -->\n<title>Immuunglobuliinid A, G ja M (S,P-IgA, IgG, IgM) - \u00dchendlabor<\/title>\n<meta name=\"robots\" content=\"index, follow, max-snippet:-1, max-image-preview:large, max-video-preview:-1\" \/>\n<link rel=\"canonical\" href=\"https:\/\/www.kliinikum.ee\/yhendlabor\/kasiraamat\/immuunstaatuse-uuringud\/immuunglobuliinid-a-g-ja-m-sp-iga-igg-igm\/\" \/>\n<meta property=\"og:locale\" content=\"et_EE\" \/>\n<meta property=\"og:type\" content=\"article\" \/>\n<meta property=\"og:title\" content=\"Immuunglobuliinid A, G ja M (S,P-IgA, IgG, IgM) - \u00dchendlabor\" \/>\n<meta property=\"og:description\" content=\"Kliinilise keemia ja laboratoorse hematoloogia osakondLastekliiniku osakond Immuunglobuliinid (Ig-d) on r\u00fchm plasmavalke, mis toimivad antikehadena, tundes \u00e4ra ning sidudes kehav\u00f5\u00f5raid antigeene ja vahendades nende h\u00e4vitamist erinevate mehhanismide abil. Kuiv\u00f5rd iga Ig molekul on spetsiifiline \u00fchele antigeensele determinandile (epitoobile), on erinevaid immuunglobuliine \u00fclisuur hulk. Vastavalt ehitusele (nn raske ahela t\u00fc\u00fcbi j\u00e4rgi molekulis) jagatakse Ig-d viide klassi: [&hellip;]\" \/>\n<meta property=\"og:url\" content=\"https:\/\/www.kliinikum.ee\/yhendlabor\/kasiraamat\/immuunstaatuse-uuringud\/immuunglobuliinid-a-g-ja-m-sp-iga-igg-igm\/\" \/>\n<meta property=\"og:site_name\" content=\"\u00dchendlabor\" \/>\n<meta property=\"article:modified_time\" content=\"2025-11-26T19:04:43+00:00\" \/>\n<meta name=\"twitter:card\" content=\"summary_large_image\" \/>\n<meta name=\"twitter:label1\" content=\"Est. reading time\" \/>\n\t<meta name=\"twitter:data1\" content=\"3 minutit\" \/>\n<script type=\"application\/ld+json\" class=\"yoast-schema-graph\">{\"@context\":\"https:\\\/\\\/schema.org\",\"@graph\":[{\"@type\":\"WebPage\",\"@id\":\"https:\\\/\\\/www.kliinikum.ee\\\/yhendlabor\\\/kasiraamat\\\/immuunstaatuse-uuringud\\\/immuunglobuliinid-a-g-ja-m-sp-iga-igg-igm\\\/\",\"url\":\"https:\\\/\\\/www.kliinikum.ee\\\/yhendlabor\\\/kasiraamat\\\/immuunstaatuse-uuringud\\\/immuunglobuliinid-a-g-ja-m-sp-iga-igg-igm\\\/\",\"name\":\"Immuunglobuliinid A, G ja M (S,P-IgA, IgG, IgM) - \u00dchendlabor\",\"isPartOf\":{\"@id\":\"https:\\\/\\\/www.kliinikum.ee\\\/yhendlabor\\\/#website\"},\"datePublished\":\"2025-07-18T19:20:30+00:00\",\"dateModified\":\"2025-11-26T19:04:43+00:00\",\"breadcrumb\":{\"@id\":\"https:\\\/\\\/www.kliinikum.ee\\\/yhendlabor\\\/kasiraamat\\\/immuunstaatuse-uuringud\\\/immuunglobuliinid-a-g-ja-m-sp-iga-igg-igm\\\/#breadcrumb\"},\"inLanguage\":\"et\",\"potentialAction\":[{\"@type\":\"ReadAction\",\"target\":[\"https:\\\/\\\/www.kliinikum.ee\\\/yhendlabor\\\/kasiraamat\\\/immuunstaatuse-uuringud\\\/immuunglobuliinid-a-g-ja-m-sp-iga-igg-igm\\\/\"]}]},{\"@type\":\"BreadcrumbList\",\"@id\":\"https:\\\/\\\/www.kliinikum.ee\\\/yhendlabor\\\/kasiraamat\\\/immuunstaatuse-uuringud\\\/immuunglobuliinid-a-g-ja-m-sp-iga-igg-igm\\\/#breadcrumb\",\"itemListElement\":[{\"@type\":\"ListItem\",\"position\":1,\"name\":\"Home\",\"item\":\"https:\\\/\\\/www.kliinikum.ee\\\/yhendlabor\\\/\"},{\"@type\":\"ListItem\",\"position\":2,\"name\":\"K\u00e4siraamat\",\"item\":\"https:\\\/\\\/www.kliinikum.ee\\\/yhendlabor\\\/kasiraamat\\\/\"},{\"@type\":\"ListItem\",\"position\":3,\"name\":\"Immuunstaatuse uuringud\",\"item\":\"https:\\\/\\\/www.kliinikum.ee\\\/yhendlabor\\\/kasiraamat\\\/immuunstaatuse-uuringud\\\/\"},{\"@type\":\"ListItem\",\"position\":4,\"name\":\"Immuunglobuliinid A, G ja M (S,P-IgA, IgG, IgM)\"}]},{\"@type\":\"WebSite\",\"@id\":\"https:\\\/\\\/www.kliinikum.ee\\\/yhendlabor\\\/#website\",\"url\":\"https:\\\/\\\/www.kliinikum.ee\\\/yhendlabor\\\/\",\"name\":\"\u00dchendlabor\",\"description\":\"Hoolivus, Uuendusmeelsus, P\u00e4devus ja Usaldusv\u00e4\u00e4rsus\",\"potentialAction\":[{\"@type\":\"SearchAction\",\"target\":{\"@type\":\"EntryPoint\",\"urlTemplate\":\"https:\\\/\\\/www.kliinikum.ee\\\/yhendlabor\\\/?s={search_term_string}\"},\"query-input\":{\"@type\":\"PropertyValueSpecification\",\"valueRequired\":true,\"valueName\":\"search_term_string\"}}],\"inLanguage\":\"et\"}]}<\/script>\n<!-- \/ Yoast SEO plugin. -->","yoast_head_json":{"title":"Immuunglobuliinid A, G ja M (S,P-IgA, IgG, IgM) - \u00dchendlabor","robots":{"index":"index","follow":"follow","max-snippet":"max-snippet:-1","max-image-preview":"max-image-preview:large","max-video-preview":"max-video-preview:-1"},"canonical":"https:\/\/www.kliinikum.ee\/yhendlabor\/kasiraamat\/immuunstaatuse-uuringud\/immuunglobuliinid-a-g-ja-m-sp-iga-igg-igm\/","og_locale":"et_EE","og_type":"article","og_title":"Immuunglobuliinid A, G ja M (S,P-IgA, IgG, IgM) - \u00dchendlabor","og_description":"Kliinilise keemia ja laboratoorse hematoloogia osakondLastekliiniku osakond Immuunglobuliinid (Ig-d) on r\u00fchm plasmavalke, mis toimivad antikehadena, tundes \u00e4ra ning sidudes kehav\u00f5\u00f5raid antigeene ja vahendades nende h\u00e4vitamist erinevate mehhanismide abil. Kuiv\u00f5rd iga Ig molekul on spetsiifiline \u00fchele antigeensele determinandile (epitoobile), on erinevaid immuunglobuliine \u00fclisuur hulk. Vastavalt ehitusele (nn raske ahela t\u00fc\u00fcbi j\u00e4rgi molekulis) jagatakse Ig-d viide klassi: [&hellip;]","og_url":"https:\/\/www.kliinikum.ee\/yhendlabor\/kasiraamat\/immuunstaatuse-uuringud\/immuunglobuliinid-a-g-ja-m-sp-iga-igg-igm\/","og_site_name":"\u00dchendlabor","article_modified_time":"2025-11-26T19:04:43+00:00","twitter_card":"summary_large_image","twitter_misc":{"Est. reading time":"3 minutit"},"schema":{"@context":"https:\/\/schema.org","@graph":[{"@type":"WebPage","@id":"https:\/\/www.kliinikum.ee\/yhendlabor\/kasiraamat\/immuunstaatuse-uuringud\/immuunglobuliinid-a-g-ja-m-sp-iga-igg-igm\/","url":"https:\/\/www.kliinikum.ee\/yhendlabor\/kasiraamat\/immuunstaatuse-uuringud\/immuunglobuliinid-a-g-ja-m-sp-iga-igg-igm\/","name":"Immuunglobuliinid A, G ja M (S,P-IgA, IgG, IgM) - \u00dchendlabor","isPartOf":{"@id":"https:\/\/www.kliinikum.ee\/yhendlabor\/#website"},"datePublished":"2025-07-18T19:20:30+00:00","dateModified":"2025-11-26T19:04:43+00:00","breadcrumb":{"@id":"https:\/\/www.kliinikum.ee\/yhendlabor\/kasiraamat\/immuunstaatuse-uuringud\/immuunglobuliinid-a-g-ja-m-sp-iga-igg-igm\/#breadcrumb"},"inLanguage":"et","potentialAction":[{"@type":"ReadAction","target":["https:\/\/www.kliinikum.ee\/yhendlabor\/kasiraamat\/immuunstaatuse-uuringud\/immuunglobuliinid-a-g-ja-m-sp-iga-igg-igm\/"]}]},{"@type":"BreadcrumbList","@id":"https:\/\/www.kliinikum.ee\/yhendlabor\/kasiraamat\/immuunstaatuse-uuringud\/immuunglobuliinid-a-g-ja-m-sp-iga-igg-igm\/#breadcrumb","itemListElement":[{"@type":"ListItem","position":1,"name":"Home","item":"https:\/\/www.kliinikum.ee\/yhendlabor\/"},{"@type":"ListItem","position":2,"name":"K\u00e4siraamat","item":"https:\/\/www.kliinikum.ee\/yhendlabor\/kasiraamat\/"},{"@type":"ListItem","position":3,"name":"Immuunstaatuse uuringud","item":"https:\/\/www.kliinikum.ee\/yhendlabor\/kasiraamat\/immuunstaatuse-uuringud\/"},{"@type":"ListItem","position":4,"name":"Immuunglobuliinid A, G ja M (S,P-IgA, IgG, IgM)"}]},{"@type":"WebSite","@id":"https:\/\/www.kliinikum.ee\/yhendlabor\/#website","url":"https:\/\/www.kliinikum.ee\/yhendlabor\/","name":"\u00dchendlabor","description":"Hoolivus, Uuendusmeelsus, P\u00e4devus ja Usaldusv\u00e4\u00e4rsus","potentialAction":[{"@type":"SearchAction","target":{"@type":"EntryPoint","urlTemplate":"https:\/\/www.kliinikum.ee\/yhendlabor\/?s={search_term_string}"},"query-input":{"@type":"PropertyValueSpecification","valueRequired":true,"valueName":"search_term_string"}}],"inLanguage":"et"}]}},"uagb_featured_image_src":{"full":false,"thumbnail":false,"medium":false,"medium_large":false,"large":false,"1536x1536":false,"2048x2048":false},"uagb_author_info":{"display_name":"Kadi Siigur","author_link":"https:\/\/www.kliinikum.ee\/yhendlabor\/author\/kadisi\/"},"uagb_comment_info":0,"uagb_excerpt":"Kliinilise keemia ja laboratoorse hematoloogia osakondLastekliiniku osakond Immuunglobuliinid (Ig-d) on r\u00fchm plasmavalke, mis toimivad antikehadena, tundes \u00e4ra ning sidudes kehav\u00f5\u00f5raid antigeene ja vahendades nende h\u00e4vitamist erinevate mehhanismide abil. Kuiv\u00f5rd iga Ig molekul on spetsiifiline \u00fchele antigeensele determinandile (epitoobile), on erinevaid immuunglobuliine \u00fclisuur hulk. Vastavalt ehitusele (nn raske ahela t\u00fc\u00fcbi j\u00e4rgi molekulis) jagatakse Ig-d viide klassi:&hellip;","_links":{"self":[{"href":"https:\/\/www.kliinikum.ee\/yhendlabor\/wp-json\/wp\/v2\/pages\/12184","targetHints":{"allow":["GET"]}}],"collection":[{"href":"https:\/\/www.kliinikum.ee\/yhendlabor\/wp-json\/wp\/v2\/pages"}],"about":[{"href":"https:\/\/www.kliinikum.ee\/yhendlabor\/wp-json\/wp\/v2\/types\/page"}],"author":[{"embeddable":true,"href":"https:\/\/www.kliinikum.ee\/yhendlabor\/wp-json\/wp\/v2\/users\/38"}],"replies":[{"embeddable":true,"href":"https:\/\/www.kliinikum.ee\/yhendlabor\/wp-json\/wp\/v2\/comments?post=12184"}],"version-history":[{"count":0,"href":"https:\/\/www.kliinikum.ee\/yhendlabor\/wp-json\/wp\/v2\/pages\/12184\/revisions"}],"up":[{"embeddable":true,"href":"https:\/\/www.kliinikum.ee\/yhendlabor\/wp-json\/wp\/v2\/pages\/7277"}],"wp:attachment":[{"href":"https:\/\/www.kliinikum.ee\/yhendlabor\/wp-json\/wp\/v2\/media?parent=12184"}],"curies":[{"name":"wp","href":"https:\/\/api.w.org\/{rel}","templated":true}]}}