{"id":12191,"date":"2025-07-18T21:30:57","date_gmt":"2025-07-18T19:30:57","guid":{"rendered":"https:\/\/www.kliinikum.ee\/yhendlabor\/?page_id=12191"},"modified":"2025-11-26T21:07:51","modified_gmt":"2025-11-26T19:07:51","slug":"kruoglobuliinid-s-cryo","status":"publish","type":"page","link":"https:\/\/www.kliinikum.ee\/yhendlabor\/kasiraamat\/immuunstaatuse-uuringud\/kruoglobuliinid-s-cryo\/","title":{"rendered":"Kr\u00fcoglobuliinid (S-Cryo)"},"content":{"rendered":"\n<p><em>Kliinilise keemia ja laboratoorse hematoloogia osakond<\/em><\/p>\n\n\n\n<p><strong>Kr\u00fcoglobuliinid <\/strong>on seerumi immuunglobuliinid v\u00f5i nende kompleksid, mille f\u00fc\u00fcsikalis-keemilised omadused muutuvad p\u00f6\u00f6rduvalt\u00a0kehatemperatuurist madalamal (&lt; 37 \u00b0C) temperatuuril (pretsipiteeruvad, moodustuvad geeli v\u00f5i kristallid). Sadenenud v\u00f5i geelistunud kr\u00fcoglobuliinid lahustuvad uuesti temperatuuril > 37 \u00b0C.<\/p>\n\n\n\n<p>Eristatakse kolme t\u00fc\u00fcpi kr\u00fcoglobuliine. Klassifikatsioon p\u00f5hineb kr\u00fcoglobuliinide omadustel +4 \u00b0C juures (kas moodustub pretsipitaat, geel v\u00f5i kristallid) ning kr\u00fcoglobuliine moodustavate immuunglobuliinide olemusel (monoklonaalsed, pol\u00fcklonaalsed v\u00f5i oligoklonaalsed immuunglobuliinid).<\/p>\n\n\n\n<ul class=\"wp-block-list\">\n<li>I t\u00fc\u00fcp (<em>ca<\/em> 25%) \u2013 monoklonaalsed immuunglobuliinid, sagedamini IgM ja IgG, harvem IgA klassi immuunglobuliinid ja v\u00e4ga harva immuunglobuliinide kerged ahelad.<\/li>\n\n\n\n<li>II t\u00fc\u00fcp (<em>ca<\/em> 25%) \u2013 jaguneb kaheks alat\u00fc\u00fcbiks:\n<ul class=\"wp-block-list\">\n<li>IIa segat\u00fc\u00fcpi kr\u00fcoglobuliinid \u2013 pol\u00fcklonaalste immuunglobuliinide kompleksid monoklonaalsete immuunglobuliinidega, enamasti monoklonaalne IgM ja pol\u00fcklonaalne IgG, monoklonaalne IgG ja pol\u00fcklonaalne IgG v\u00f5i monoklonaalne IgA ja pol\u00fcklonaalne IgG.<\/li>\n\n\n\n<li>IIb segat\u00fc\u00fcpi kr\u00fcoglobuliinid \u2013 pol\u00fcklonaalsete immuunglobuliinide kompleksid oligoklonaalsete immuunglobuliinidega. &nbsp;<\/li>\n<\/ul>\n<\/li>\n\n\n\n<li>III t\u00fc\u00fcp (<em>ca<\/em> 50%) \u2013 pol\u00fcklonaalsete immuunglobuliinide kompleksid, sagedasem on IgM ja IgG kombinatsioon, harvem lisandub IgA, nt IgM-IgG, IgM-IgG-IgA.<\/li>\n<\/ul>\n\n\n\n<p>Esimest t\u00fc\u00fcpi kr\u00fcoglobuliinid esinevad tavaliselt monoklonaalse gammopaatiaga patsientidel ja neid on seerumis suhteliselt rohkesti (sageli &gt; 5 g\/L). II t\u00fc\u00fcpi kr\u00fcoglobuliinide kontsentratsioon seerumis on tavaliselt 1\u20135 g\/L. Kolmandat t\u00fc\u00fcpi kr\u00fcoglobuliinid esinevad madalamas kontsentratsioonis (&lt; 1 g\/L) ja on seotud tsirkuleerivate immuunkomplekside esinemisega. Pol\u00fcklonaalseid kr\u00fcoglobuliine v\u00f5ib leiduda v\u00e4ikestes kogustes ka tervete inimeste veres.<\/p>\n\n\n\n<p>Kliiniline s\u00fcmptomatoloogia on seotud kr\u00fcoglobuliinide intravaskulaarse pretsipiteerumisega (v\u00f5ib esineda juba suhteliselt soojal temperatuuril) ja seerumi suurenenud viskoossusega. Naha veresoontes pretsipiteerunud kr\u00fcoproteiinid p\u00f5hjustavad transitoorset verevarustuse h\u00e4iret ja kudede isheemiat s\u00f5rmede ning varvaste piirkonnas (Raynaud\u2019 fenomen) ning v\u00e4ljaulatuvates kehaosades (k\u00f5rvalestad, ninaots, huuled). Mikroveresoontes moodustunud kr\u00fcoimmuunkompleksid v\u00f5ivad p\u00f5hjustada vaskuliiti mitmetes organites, eesk\u00e4tt nahas ja neerudes.<\/p>\n\n\n\n<p class=\"has-medium-font-size\"><strong>Uuritav materjal, selle v\u00f5tmine, saatmine ja s\u00e4ilitamine<\/strong><\/p>\n\n\n\n<p>Proovi v\u00f5tmiseks on vajalikud <em>eelsoojendatud verev\u00f5tuvahendid <\/em>ning <em>termos<\/em> (k\u00fcsida laborist).<\/p>\n\n\n\n<p><em>Patsient peab 30 minutit enne prooviv\u00f5ttu viibima soojas ruumis.<\/em><\/p>\n\n\n\n<figure class=\"wp-block-table is-style-stripes\"><table width=\"100%\"><tbody><tr><td width=\"1%\"><\/td><td width=\"15%\"><strong>Katsuti<\/strong><\/td><td width=\"84%\">H\u00fc\u00fcbimisaktivaatoriga katsuti (punane kork)<\/td><\/tr><tr><td><\/td><td><strong>S\u00e4ilivus<\/strong><\/td><td>Peale prooviv\u00f5ttu asetada katsuti kohe termosesse ja tuua viivitamatult laborisse! Termost hoida lahti nii v\u00e4he kui v\u00f5imalik! <br>NB! Prooviv\u00f5tureeglitest mittekinnipidamine p\u00f5hjustab valenegatiivse tulemuse kr\u00fcoglobuliinide v\u00e4ljasadenemise t\u00f5ttu!<\/td><\/tr><\/tbody><\/table><\/figure>\n\n\n\n<p class=\"has-medium-font-size\"><strong>Anal\u00fc\u00fcsi tegemise aeg: <\/strong>t\u00f6\u00f6p\u00e4eviti. Anal\u00fc\u00fcs v\u00e4ltab kaheksa p\u00e4eva.<\/p>\n\n\n\n<p class=\"has-medium-font-size\"><strong>Anal\u00fc\u00fcsimeetod:<\/strong> kolorimeetriline valgu m\u00e4\u00e4ramine pretsipitaadist Lowry j\u00e4rgi<\/p>\n\n\n\n<p class=\"has-medium-font-size\"><strong>Referentsv\u00e4\u00e4rtused<\/strong><\/p>\n\n\n\n<figure class=\"wp-block-table is-style-stripes\"><table width=\"100%\"><tbody><tr><td width=\"1%\"><\/td><td width=\"30%\"><strong>\u2265 18 a<\/strong><\/td><td width=\"69%\">&lt; 50 mg\/L<\/td><\/tr><\/tbody><\/table><\/figure>\n\n\n\n<p class=\"has-medium-font-size\"><strong>N\u00e4idustused ja kliiniline t\u00e4hendus<\/strong><\/p>\n\n\n\n<p>K\u00fclmaga tekkivate transitoorsete verevarustuse h\u00e4irete geneesi t\u00e4psustamine.<\/p>\n\n\n\n<p>Patoloogiliselt t\u00f5usnud kr\u00fcoglobuliinide nivoo veres v\u00f5ib kaasneda mitmesuguste p\u00f5hihaigustega. I v\u00f5i IIa t\u00fc\u00fcpi kr\u00fcoglobuliinid esinevad m\u00fceloomi, Waldenstr\u00f6mi t\u00f5ve, l\u00fcmfoproliferatiivsete haiguste korral. IIb v\u00f5i III t\u00fc\u00fcpi kr\u00fcoglobuliine v\u00f5ib leida autoimmuunsete haiguste (s\u00fcsteemne er\u00fctematoosne luupus), viirusinfektsioonide (hepatiidid, eriti krooniline C-hepatiit, Epsteini-Barri viirus, HI-viirus, ts\u00fctomegaloviirusinfektsioon), m\u00f5ningate bakteriaalsete (s\u00fc\u00fcfilis, leepra), parasitaarsete (toksoplasmoos, malaaria) ja seeninfektsioonide, samuti neeru- (glomerulonefriit) ja maksahaiguste (maksatsirroos) puhul.<\/p>\n\n\n\n<p>Koostaja: Katrin Reimand<br>Muudetud 07.07.2020<\/p>\n","protected":false},"excerpt":{"rendered":"<p>Kliinilise keemia ja laboratoorse hematoloogia osakond Kr\u00fcoglobuliinid on seerumi immuunglobuliinid v\u00f5i nende kompleksid, mille f\u00fc\u00fcsikalis-keemilised omadused muutuvad p\u00f6\u00f6rduvalt\u00a0kehatemperatuurist madalamal (&lt; 37 \u00b0C) temperatuuril (pretsipiteeruvad, moodustuvad geeli v\u00f5i kristallid). Sadenenud v\u00f5i geelistunud kr\u00fcoglobuliinid lahustuvad uuesti temperatuuril > 37 \u00b0C. Eristatakse kolme t\u00fc\u00fcpi kr\u00fcoglobuliine. Klassifikatsioon p\u00f5hineb kr\u00fcoglobuliinide omadustel +4 \u00b0C juures (kas moodustub pretsipitaat, geel v\u00f5i kristallid) [&hellip;]<\/p>\n","protected":false},"author":38,"featured_media":0,"parent":7277,"menu_order":6,"comment_status":"closed","ping_status":"closed","template":"","meta":{"_uag_custom_page_level_css":"","footnotes":""},"class_list":["post-12191","page","type-page","status-publish","hentry"],"acf":[],"yoast_head":"<!-- This site is optimized with the Yoast SEO plugin v27.3 - https:\/\/yoast.com\/product\/yoast-seo-wordpress\/ -->\n<title>Kr\u00fcoglobuliinid (S-Cryo) - \u00dchendlabor<\/title>\n<meta name=\"robots\" content=\"index, follow, max-snippet:-1, max-image-preview:large, max-video-preview:-1\" \/>\n<link rel=\"canonical\" href=\"https:\/\/www.kliinikum.ee\/yhendlabor\/kasiraamat\/immuunstaatuse-uuringud\/kruoglobuliinid-s-cryo\/\" \/>\n<meta property=\"og:locale\" content=\"et_EE\" \/>\n<meta property=\"og:type\" content=\"article\" \/>\n<meta property=\"og:title\" content=\"Kr\u00fcoglobuliinid (S-Cryo) - \u00dchendlabor\" \/>\n<meta property=\"og:description\" content=\"Kliinilise keemia ja laboratoorse hematoloogia osakond Kr\u00fcoglobuliinid on seerumi immuunglobuliinid v\u00f5i nende kompleksid, mille f\u00fc\u00fcsikalis-keemilised omadused muutuvad p\u00f6\u00f6rduvalt\u00a0kehatemperatuurist madalamal (&lt; 37 \u00b0C) temperatuuril (pretsipiteeruvad, moodustuvad geeli v\u00f5i kristallid). Sadenenud v\u00f5i geelistunud kr\u00fcoglobuliinid lahustuvad uuesti temperatuuril &gt; 37 \u00b0C. Eristatakse kolme t\u00fc\u00fcpi kr\u00fcoglobuliine. Klassifikatsioon p\u00f5hineb kr\u00fcoglobuliinide omadustel +4 \u00b0C juures (kas moodustub pretsipitaat, geel v\u00f5i kristallid) [&hellip;]\" \/>\n<meta property=\"og:url\" content=\"https:\/\/www.kliinikum.ee\/yhendlabor\/kasiraamat\/immuunstaatuse-uuringud\/kruoglobuliinid-s-cryo\/\" \/>\n<meta property=\"og:site_name\" content=\"\u00dchendlabor\" \/>\n<meta property=\"article:modified_time\" content=\"2025-11-26T19:07:51+00:00\" \/>\n<meta name=\"twitter:card\" content=\"summary_large_image\" \/>\n<meta name=\"twitter:label1\" content=\"Est. reading time\" \/>\n\t<meta name=\"twitter:data1\" content=\"2 minutit\" \/>\n<script type=\"application\/ld+json\" class=\"yoast-schema-graph\">{\"@context\":\"https:\\\/\\\/schema.org\",\"@graph\":[{\"@type\":\"WebPage\",\"@id\":\"https:\\\/\\\/www.kliinikum.ee\\\/yhendlabor\\\/kasiraamat\\\/immuunstaatuse-uuringud\\\/kruoglobuliinid-s-cryo\\\/\",\"url\":\"https:\\\/\\\/www.kliinikum.ee\\\/yhendlabor\\\/kasiraamat\\\/immuunstaatuse-uuringud\\\/kruoglobuliinid-s-cryo\\\/\",\"name\":\"Kr\u00fcoglobuliinid (S-Cryo) - \u00dchendlabor\",\"isPartOf\":{\"@id\":\"https:\\\/\\\/www.kliinikum.ee\\\/yhendlabor\\\/#website\"},\"datePublished\":\"2025-07-18T19:30:57+00:00\",\"dateModified\":\"2025-11-26T19:07:51+00:00\",\"breadcrumb\":{\"@id\":\"https:\\\/\\\/www.kliinikum.ee\\\/yhendlabor\\\/kasiraamat\\\/immuunstaatuse-uuringud\\\/kruoglobuliinid-s-cryo\\\/#breadcrumb\"},\"inLanguage\":\"et\",\"potentialAction\":[{\"@type\":\"ReadAction\",\"target\":[\"https:\\\/\\\/www.kliinikum.ee\\\/yhendlabor\\\/kasiraamat\\\/immuunstaatuse-uuringud\\\/kruoglobuliinid-s-cryo\\\/\"]}]},{\"@type\":\"BreadcrumbList\",\"@id\":\"https:\\\/\\\/www.kliinikum.ee\\\/yhendlabor\\\/kasiraamat\\\/immuunstaatuse-uuringud\\\/kruoglobuliinid-s-cryo\\\/#breadcrumb\",\"itemListElement\":[{\"@type\":\"ListItem\",\"position\":1,\"name\":\"Home\",\"item\":\"https:\\\/\\\/www.kliinikum.ee\\\/yhendlabor\\\/\"},{\"@type\":\"ListItem\",\"position\":2,\"name\":\"K\u00e4siraamat\",\"item\":\"https:\\\/\\\/www.kliinikum.ee\\\/yhendlabor\\\/kasiraamat\\\/\"},{\"@type\":\"ListItem\",\"position\":3,\"name\":\"Immuunstaatuse uuringud\",\"item\":\"https:\\\/\\\/www.kliinikum.ee\\\/yhendlabor\\\/kasiraamat\\\/immuunstaatuse-uuringud\\\/\"},{\"@type\":\"ListItem\",\"position\":4,\"name\":\"Kr\u00fcoglobuliinid (S-Cryo)\"}]},{\"@type\":\"WebSite\",\"@id\":\"https:\\\/\\\/www.kliinikum.ee\\\/yhendlabor\\\/#website\",\"url\":\"https:\\\/\\\/www.kliinikum.ee\\\/yhendlabor\\\/\",\"name\":\"\u00dchendlabor\",\"description\":\"Hoolivus, Uuendusmeelsus, P\u00e4devus ja Usaldusv\u00e4\u00e4rsus\",\"potentialAction\":[{\"@type\":\"SearchAction\",\"target\":{\"@type\":\"EntryPoint\",\"urlTemplate\":\"https:\\\/\\\/www.kliinikum.ee\\\/yhendlabor\\\/?s={search_term_string}\"},\"query-input\":{\"@type\":\"PropertyValueSpecification\",\"valueRequired\":true,\"valueName\":\"search_term_string\"}}],\"inLanguage\":\"et\"}]}<\/script>\n<!-- \/ Yoast SEO plugin. -->","yoast_head_json":{"title":"Kr\u00fcoglobuliinid (S-Cryo) - \u00dchendlabor","robots":{"index":"index","follow":"follow","max-snippet":"max-snippet:-1","max-image-preview":"max-image-preview:large","max-video-preview":"max-video-preview:-1"},"canonical":"https:\/\/www.kliinikum.ee\/yhendlabor\/kasiraamat\/immuunstaatuse-uuringud\/kruoglobuliinid-s-cryo\/","og_locale":"et_EE","og_type":"article","og_title":"Kr\u00fcoglobuliinid (S-Cryo) - \u00dchendlabor","og_description":"Kliinilise keemia ja laboratoorse hematoloogia osakond Kr\u00fcoglobuliinid on seerumi immuunglobuliinid v\u00f5i nende kompleksid, mille f\u00fc\u00fcsikalis-keemilised omadused muutuvad p\u00f6\u00f6rduvalt\u00a0kehatemperatuurist madalamal (&lt; 37 \u00b0C) temperatuuril (pretsipiteeruvad, moodustuvad geeli v\u00f5i kristallid). Sadenenud v\u00f5i geelistunud kr\u00fcoglobuliinid lahustuvad uuesti temperatuuril > 37 \u00b0C. Eristatakse kolme t\u00fc\u00fcpi kr\u00fcoglobuliine. Klassifikatsioon p\u00f5hineb kr\u00fcoglobuliinide omadustel +4 \u00b0C juures (kas moodustub pretsipitaat, geel v\u00f5i kristallid) [&hellip;]","og_url":"https:\/\/www.kliinikum.ee\/yhendlabor\/kasiraamat\/immuunstaatuse-uuringud\/kruoglobuliinid-s-cryo\/","og_site_name":"\u00dchendlabor","article_modified_time":"2025-11-26T19:07:51+00:00","twitter_card":"summary_large_image","twitter_misc":{"Est. reading time":"2 minutit"},"schema":{"@context":"https:\/\/schema.org","@graph":[{"@type":"WebPage","@id":"https:\/\/www.kliinikum.ee\/yhendlabor\/kasiraamat\/immuunstaatuse-uuringud\/kruoglobuliinid-s-cryo\/","url":"https:\/\/www.kliinikum.ee\/yhendlabor\/kasiraamat\/immuunstaatuse-uuringud\/kruoglobuliinid-s-cryo\/","name":"Kr\u00fcoglobuliinid (S-Cryo) - \u00dchendlabor","isPartOf":{"@id":"https:\/\/www.kliinikum.ee\/yhendlabor\/#website"},"datePublished":"2025-07-18T19:30:57+00:00","dateModified":"2025-11-26T19:07:51+00:00","breadcrumb":{"@id":"https:\/\/www.kliinikum.ee\/yhendlabor\/kasiraamat\/immuunstaatuse-uuringud\/kruoglobuliinid-s-cryo\/#breadcrumb"},"inLanguage":"et","potentialAction":[{"@type":"ReadAction","target":["https:\/\/www.kliinikum.ee\/yhendlabor\/kasiraamat\/immuunstaatuse-uuringud\/kruoglobuliinid-s-cryo\/"]}]},{"@type":"BreadcrumbList","@id":"https:\/\/www.kliinikum.ee\/yhendlabor\/kasiraamat\/immuunstaatuse-uuringud\/kruoglobuliinid-s-cryo\/#breadcrumb","itemListElement":[{"@type":"ListItem","position":1,"name":"Home","item":"https:\/\/www.kliinikum.ee\/yhendlabor\/"},{"@type":"ListItem","position":2,"name":"K\u00e4siraamat","item":"https:\/\/www.kliinikum.ee\/yhendlabor\/kasiraamat\/"},{"@type":"ListItem","position":3,"name":"Immuunstaatuse uuringud","item":"https:\/\/www.kliinikum.ee\/yhendlabor\/kasiraamat\/immuunstaatuse-uuringud\/"},{"@type":"ListItem","position":4,"name":"Kr\u00fcoglobuliinid (S-Cryo)"}]},{"@type":"WebSite","@id":"https:\/\/www.kliinikum.ee\/yhendlabor\/#website","url":"https:\/\/www.kliinikum.ee\/yhendlabor\/","name":"\u00dchendlabor","description":"Hoolivus, Uuendusmeelsus, P\u00e4devus ja Usaldusv\u00e4\u00e4rsus","potentialAction":[{"@type":"SearchAction","target":{"@type":"EntryPoint","urlTemplate":"https:\/\/www.kliinikum.ee\/yhendlabor\/?s={search_term_string}"},"query-input":{"@type":"PropertyValueSpecification","valueRequired":true,"valueName":"search_term_string"}}],"inLanguage":"et"}]}},"uagb_featured_image_src":{"full":false,"thumbnail":false,"medium":false,"medium_large":false,"large":false,"1536x1536":false,"2048x2048":false},"uagb_author_info":{"display_name":"Kadi Siigur","author_link":"https:\/\/www.kliinikum.ee\/yhendlabor\/author\/kadisi\/"},"uagb_comment_info":0,"uagb_excerpt":"Kliinilise keemia ja laboratoorse hematoloogia osakond Kr\u00fcoglobuliinid on seerumi immuunglobuliinid v\u00f5i nende kompleksid, mille f\u00fc\u00fcsikalis-keemilised omadused muutuvad p\u00f6\u00f6rduvalt\u00a0kehatemperatuurist madalamal (&lt; 37 \u00b0C) temperatuuril (pretsipiteeruvad, moodustuvad geeli v\u00f5i kristallid). Sadenenud v\u00f5i geelistunud kr\u00fcoglobuliinid lahustuvad uuesti temperatuuril > 37 \u00b0C. Eristatakse kolme t\u00fc\u00fcpi kr\u00fcoglobuliine. Klassifikatsioon p\u00f5hineb kr\u00fcoglobuliinide omadustel +4 \u00b0C juures (kas moodustub pretsipitaat, geel v\u00f5i kristallid)&hellip;","_links":{"self":[{"href":"https:\/\/www.kliinikum.ee\/yhendlabor\/wp-json\/wp\/v2\/pages\/12191","targetHints":{"allow":["GET"]}}],"collection":[{"href":"https:\/\/www.kliinikum.ee\/yhendlabor\/wp-json\/wp\/v2\/pages"}],"about":[{"href":"https:\/\/www.kliinikum.ee\/yhendlabor\/wp-json\/wp\/v2\/types\/page"}],"author":[{"embeddable":true,"href":"https:\/\/www.kliinikum.ee\/yhendlabor\/wp-json\/wp\/v2\/users\/38"}],"replies":[{"embeddable":true,"href":"https:\/\/www.kliinikum.ee\/yhendlabor\/wp-json\/wp\/v2\/comments?post=12191"}],"version-history":[{"count":0,"href":"https:\/\/www.kliinikum.ee\/yhendlabor\/wp-json\/wp\/v2\/pages\/12191\/revisions"}],"up":[{"embeddable":true,"href":"https:\/\/www.kliinikum.ee\/yhendlabor\/wp-json\/wp\/v2\/pages\/7277"}],"wp:attachment":[{"href":"https:\/\/www.kliinikum.ee\/yhendlabor\/wp-json\/wp\/v2\/media?parent=12191"}],"curies":[{"name":"wp","href":"https:\/\/api.w.org\/{rel}","templated":true}]}}