{"id":12197,"date":"2025-07-18T21:40:53","date_gmt":"2025-07-18T19:40:53","guid":{"rendered":"https:\/\/www.kliinikum.ee\/yhendlabor\/?page_id=12197"},"modified":"2025-11-26T21:10:00","modified_gmt":"2025-11-26T19:10:00","slug":"lumfotsuutide-alaklassid","status":"publish","type":"page","link":"https:\/\/www.kliinikum.ee\/yhendlabor\/kasiraamat\/immuunstaatuse-uuringud\/lumfotsuutide-alaklassid\/","title":{"rendered":"L\u00fcmfots\u00fc\u00fctide alaklassid"},"content":{"rendered":"\n<p><em>Immuunanal\u00fc\u00fcsi osakond<\/em><\/p>\n\n\n\n<p>Inimese <strong>l\u00fcmfots\u00fc\u00fcdid <\/strong>jagunevad bioloogilise funktsiooni ja raku pinnamarkerite j\u00e4rgi kolme suurde alampopulatsiooni \u2013 T-l\u00fcmfots\u00fc\u00fcdid, B-l\u00fcmfots\u00fc\u00fcdid ja NK-rakud. Valgusmikroskoobis ei ole neid v\u00f5imalik eristada.<\/p>\n\n\n\n<p><strong>T-l\u00fcmfots\u00fc\u00fcdid <\/strong>(kannavad pinnamarkerit CD3) osalevad antigeenspetsiifilises rakulises immuunvastuses ja reguleerivad immuunglobuliinide sekretsiooni B-l\u00fcmfots\u00fc\u00fctides.<\/p>\n\n\n\n<p>Pinnamarkerite j\u00e4rgi v\u00f5ib T-l\u00fcmfots\u00fc\u00fcdid jagada omakorda kahte r\u00fchma:<\/p>\n\n\n\n<ul class=\"wp-block-list\">\n<li>T-helperrakud (CD3+, CD4+), mille funktsiooniks on ts\u00fctokiinide tootmine ja selle kaudu B- ja T-l\u00fcmfots\u00fc\u00fctide, NK-rakkude ja makrofaagide stimuleerimine;<\/li>\n\n\n\n<li>ts\u00fctotoksilised\/supressor T-l\u00fcmfots\u00fc\u00fcdid (CD3+, CD8+), mis osalevad peamiselt v\u00f5\u00f5rvalke eksponeerivate rakkude otsesel h\u00e4vitamisel, olles seega olulised infektsioonide kontrollimisel (viiruslikud, rakusisesed bakteriaalsed ja parasitaarsed infektsioonid), kasvajarakkude h\u00e4vitamisel ja transplantatsioonij\u00e4rgsetes immuunreaktsioonides.<\/li>\n<\/ul>\n\n\n\n<p><strong>B-l\u00fcmfots\u00fc\u00fcdid (CD19+) <\/strong>on olulised antigeenspetsiifilises humoraalses immuunvastuses. Nad toodavad immuunglobuliine ja osalevad rakuv\u00e4liste bakterite ja viiruste poolt p\u00f5hjustatud infektsioonide kontrollimisel.<\/p>\n\n\n\n<p><strong>NK-rakud (CD3-, CD16+, CD56+)<\/strong> osalevad rakulises immuunvastuses. Kuna NK-rakud ei vaja aktiveerumiseks antigeeni esitlemist, on nad v\u00f5imelised hoidma viirusinfektsiooni levikut kontrolli all juba enne adaptiivse immuunvastuse tekkimist. NK-rakud suudavad \u00e4ra tunda ja h\u00e4vitada ka organismi oma rakke, millel on toimunud pinnamarkerite muutused (nt maliigsed rakud).<\/p>\n\n\n\n<p>L\u00fcmfots\u00fc\u00fctide arvu ja osakaalu m\u00f5jutavad erinevad bioloogilised faktorid nagu vanus, keskkond ja temperatuur.<\/p>\n\n\n\n<p>L\u00fcmfots\u00fc\u00fctide loendamisel kasutatakse rakuspetsiifilisi antikehasid. Rakkude absoluutarvu m\u00e4\u00e4ramine verest toimub kindla kontsentratsiooniga s\u00fcnteetiliste partiklite abil v\u00f5i kaudsel meetodil hemogrammi leukots\u00fc\u00fctide v\u00e4\u00e4rtuse kaudu. Liikvori jt. kehavedelike korral v\u00e4ljastatakse vastus ainult suhtarvuna.<\/p>\n\n\n\n<p class=\"has-medium-font-size\"><strong>Uuritav materjal, selle v\u00f5tmine, saatmine ja s\u00e4ilitamine<\/strong><\/p>\n\n\n\n<p>Veri:<\/p>\n\n\n\n<figure class=\"wp-block-table is-style-stripes\"><table width=\"100%\"><tbody><tr><td width=\"1%\"><\/td><td width=\"20%\"><strong>Katsuti<\/strong><\/td><td width=\"79%\">K2E\/K3E-katsuti (lilla kork), LH-katsuti (roheline kork)<\/td><\/tr><tr><td><\/td><td><strong>Anal\u00fc\u00fcsitav kogus<\/strong><\/td><td>1 mL verd<\/td><\/tr><tr><td><\/td><td><strong>S\u00e4ilivus<\/strong><\/td><td>K2E\/K3E-katsuti toatemperatuuril kuni 24 tundi, LH-katsuti \u00a0katsuti \u00a0toatemperatuuril kuni 48 tundi. Mitte k\u00fclmutada!<\/td><\/tr><\/tbody><\/table><\/figure>\n\n\n\n<p>Luu\u00fcdi:<\/p>\n\n\n\n<figure class=\"wp-block-table is-style-stripes\"><table width=\"100%\"><tbody><tr><td width=\"1%\"><\/td><td width=\"20%\"><strong>Katsuti<\/strong><\/td><td width=\"79%\">LH-katsuti (roheline kork), K2E\/K3E-katsuti (lilla kork)<\/td><\/tr><tr><td><\/td><td><strong>Anal\u00fc\u00fcsitav kogus<\/strong><\/td><td>1 mL luu\u00fcdi<\/td><\/tr><tr><td><\/td><td><strong>S\u00e4ilivus<\/strong><\/td><td>K2E\/K3E-katsuti toatemperatuuril kuni 24 tundi, LH-katsuti katsuti toatemperatuuril kuni 48 tundi. Mitte k\u00fclmutada!<\/td><\/tr><\/tbody><\/table><\/figure>\n\n\n\n<p>Bronhoalveolaarloputuse vedelik, k\u00f5hu\u00f5\u00f5ne vedelik, pleuravedelik:<\/p>\n\n\n\n<figure class=\"wp-block-table is-style-stripes\"><table width=\"100%\"><tbody><tr><td width=\"1%\"><\/td><td width=\"20%\"><strong>Katsuti<\/strong><\/td><td width=\"79%\">Lisanditeta katsuti (v\u00e4rvitu kork), K2E\/K3E-katsuti (lilla kork), steriilne proovitops<\/td><\/tr><tr><td><\/td><td><strong>Anal\u00fc\u00fcsitav kogus<\/strong><\/td><td>Min 5 mL bronhoalveolaarloputuse vedelikku, k\u00f5hu\u00f5\u00f5ne vedelikku, pleuravedelikku<\/td><\/tr><tr><td><\/td><td><strong>S\u00e4ilivus<\/strong><\/td><td>S\u00e4ilitada toatemperatuuril, kui proov j\u00f5uab laborisse sama t\u00f6\u00f6p\u00e4eva jooksul; +2 kuni +8 \u00b0C juures, kui proov j\u00f5uab laborisse j\u00e4rgmisel t\u00f6\u00f6p\u00e4eval. Transportida esimesel v\u00f5imalusel. Mitte k\u00fclmutada!<\/td><\/tr><\/tbody><\/table><\/figure>\n\n\n\n<p>Liikvor:<\/p>\n\n\n\n<figure class=\"wp-block-table is-style-stripes\"><table width=\"100%\"><tbody><tr><td width=\"1%\"><\/td><td width=\"20%\"><strong>Katsuti<\/strong><\/td><td width=\"79%\">TransFix\/EDTA-katsuti (oran\u017e kork)<\/td><\/tr><tr><td><\/td><td><strong>Anal\u00fc\u00fcsitav kogus<\/strong><\/td><td>1 mL liikvorit<\/td><\/tr><tr><td><\/td><td><strong>S\u00e4ilivus<\/strong><\/td><td>+2 kuni +8 \u00b0C kuni 10 p\u00e4eva, transport toatemperatuuril. Transportida esimesel v\u00f5imalusel. Mitte k\u00fclmutada!<\/td><\/tr><\/tbody><\/table><\/figure>\n\n\n\n<p class=\"has-medium-font-size\"><strong>Anal\u00fc\u00fcsi tegemise aeg:<\/strong> t\u00f6\u00f6p\u00e4eviti, tulemus kolme t\u00f6\u00f6p\u00e4eva jooksul<\/p>\n\n\n\n<p class=\"has-medium-font-size\"><strong>Anal\u00fc\u00fcsimeetod:<\/strong> vooluts\u00fctomeetria<\/p>\n\n\n\n<p class=\"has-medium-font-size\"><strong>Vastuse vorm<\/strong><\/p>\n\n\n\n<p>L\u00fcmfots\u00fc\u00fctide alaklassid verest:<\/p>\n\n\n\n<figure class=\"wp-block-table\"><table width=\"100%\"><tbody><tr><td width=\"1%\"><\/td><td width=\"30%\"><strong>Nimetus<\/strong><\/td><td width=\"69%\"><strong>Kirjeldus<\/strong><\/td><\/tr><tr><td><\/td><td>CD3<\/td><td>T-rakkude absoluutarv<\/td><\/tr><tr><td><\/td><td>CD3%<\/td><td>T-rakkude suhtarv l\u00fcmfots\u00fc\u00fctide suhtes<\/td><\/tr><tr><td><\/td><td>CD4<\/td><td>T-helperrakkude absoluutarv<\/td><\/tr><tr><td><\/td><td>CD4%<\/td><td>T-helperrakkude suhtarv l l\u00fcmfots\u00fc\u00fctide suhtes<\/td><\/tr><tr><td><\/td><td>CD8<\/td><td>T-supressorrakkude absoluutarv<\/td><\/tr><tr><td><\/td><td>CD8%<\/td><td>T-supressorrakkude suhtarv l\u00fcmfots\u00fc\u00fctide suhtes<\/td><\/tr><tr><td><\/td><td>CD4\/CD8<\/td><td>T-helperrakkude ja T-supressorrakkude suhe<\/td><\/tr><tr><td><\/td><td>CD16,CD56<\/td><td>NK-rakkude absoluutarv<\/td><\/tr><tr><td><\/td><td>CD16,CD56%<\/td><td>NK-rakkude suhtarv l\u00fcmfots\u00fc\u00fctide suhtes<\/td><\/tr><tr><td><\/td><td>CD19<\/td><td>B-rakkude absoluutarv<\/td><\/tr><tr><td><\/td><td>CD19%<\/td><td>B-rakkude suhtarv l\u00fcmfots\u00fc\u00fctide suhtes<\/td><\/tr><tr><td><\/td><td>CD45<\/td><td>L\u00fcmfots\u00fc\u00fctide absoluutarv<\/td><\/tr><\/tbody><\/table><\/figure>\n\n\n\n<p>L\u00fcmfots\u00fc\u00fctide alaklassid (liikvorist, bronhoalveolaarvedelikust, k\u00f5hu\u00f5\u00f5nevedelikust, pleuravedelikust):<\/p>\n\n\n\n<figure class=\"wp-block-table\"><table width=\"100%\"><tbody><tr><td width=\"1%\"><\/td><td width=\"30%\"><strong>Nimetus<\/strong><\/td><td width=\"69%\"><strong>Kirjeldus<\/strong><\/td><\/tr><tr><td><\/td><td>CD3%<\/td><td>T-rakkude suhtarv l\u00fcmfots\u00fc\u00fctide suhtes<\/td><\/tr><tr><td><\/td><td>CD4%<\/td><td>T-helperrakkude suhtarv l\u00fcmfots\u00fc\u00fctide suhtes<\/td><\/tr><tr><td><\/td><td>CD8%<\/td><td>T-supressorrakkude suhtarv l\u00fcmfots\u00fc\u00fctide suhtes<\/td><\/tr><tr><td><\/td><td>CD4\/CD8<\/td><td>T-helperrakkude ja T-supressorrakkude suhe<\/td><\/tr><tr><td><\/td><td>CD16,CD56%<\/td><td>NK-rakkude suhtarv l\u00fcmfots\u00fc\u00fctide suhtes<\/td><\/tr><tr><td><\/td><td>CD19%<\/td><td>B-rakkude suhtarv l\u00fcmfots\u00fc\u00fctide suhtes<\/td><\/tr><tr><td><\/td><td>CD45%<\/td><td>L\u00fcmfots\u00fc\u00fctide suhtarv leukots\u00fc\u00fctide suhtes<\/td><\/tr><\/tbody><\/table><\/figure>\n\n\n\n<p class=\"has-medium-font-size\"><strong>Referentsv\u00e4\u00e4rtus<\/strong><\/p>\n\n\n\n<p>Referentsv\u00e4\u00e4rtused s\u00f5ltuvad anal\u00fc\u00fcsitud materjalist ja patsiendi vanusest ning v\u00e4ljastatakse koos vastuselehega.<\/p>\n\n\n\n<p class=\"has-medium-font-size\"><strong>N\u00e4idustus ja kliiniline t\u00e4hendus<\/strong><\/p>\n\n\n\n<p>L\u00fcmfots\u00fc\u00fctide alaklasside m\u00e4\u00e4ramine on oluline erinevate immuuns\u00fcsteemi patoloogiate diagnoosimisel ja j\u00e4lgimisel, s.h autoimmuunhaigused, immuunpuudulikkused (omandatud ja kaasas\u00fcndinud) ja transplantatsioonij\u00e4rgsed immuuns\u00fcsteemi muutused. Samuti on alaklasside m\u00e4\u00e4ramine n\u00e4idustatud ebaselge etioloogiaga l\u00fcmfots\u00fctoosi korral ja l\u00fcmfoproliferatiivsete haiguste diagnoosimisel.<\/p>\n\n\n\n<p>Tulemusi interpreteeritakse koos kliinilise leiu, l\u00fcmfots\u00fc\u00fctide morfoloogia ja teiste immuuns\u00fcsteemi seisundit iseloomustavate n\u00e4itajatega.<\/p>\n\n\n\n<p>Koostaja: Eva Reinmaa<br>Muudetud 25.11.2019<\/p>\n","protected":false},"excerpt":{"rendered":"<p>Immuunanal\u00fc\u00fcsi osakond Inimese l\u00fcmfots\u00fc\u00fcdid jagunevad bioloogilise funktsiooni ja raku pinnamarkerite j\u00e4rgi kolme suurde alampopulatsiooni \u2013 T-l\u00fcmfots\u00fc\u00fcdid, B-l\u00fcmfots\u00fc\u00fcdid ja NK-rakud. Valgusmikroskoobis ei ole neid v\u00f5imalik eristada. T-l\u00fcmfots\u00fc\u00fcdid (kannavad pinnamarkerit CD3) osalevad antigeenspetsiifilises rakulises immuunvastuses ja reguleerivad immuunglobuliinide sekretsiooni B-l\u00fcmfots\u00fc\u00fctides. Pinnamarkerite j\u00e4rgi v\u00f5ib T-l\u00fcmfots\u00fc\u00fcdid jagada omakorda kahte r\u00fchma: B-l\u00fcmfots\u00fc\u00fcdid (CD19+) on olulised antigeenspetsiifilises humoraalses immuunvastuses. Nad toodavad [&hellip;]<\/p>\n","protected":false},"author":38,"featured_media":0,"parent":7277,"menu_order":7,"comment_status":"closed","ping_status":"closed","template":"","meta":{"_uag_custom_page_level_css":"","footnotes":""},"class_list":["post-12197","page","type-page","status-publish","hentry"],"acf":[],"yoast_head":"<!-- This site is optimized with the Yoast SEO plugin v27.3 - https:\/\/yoast.com\/product\/yoast-seo-wordpress\/ -->\n<title>L\u00fcmfots\u00fc\u00fctide alaklassid - \u00dchendlabor<\/title>\n<meta name=\"robots\" content=\"index, follow, max-snippet:-1, max-image-preview:large, max-video-preview:-1\" \/>\n<link rel=\"canonical\" href=\"https:\/\/www.kliinikum.ee\/yhendlabor\/kasiraamat\/immuunstaatuse-uuringud\/lumfotsuutide-alaklassid\/\" \/>\n<meta property=\"og:locale\" content=\"et_EE\" \/>\n<meta property=\"og:type\" content=\"article\" \/>\n<meta property=\"og:title\" content=\"L\u00fcmfots\u00fc\u00fctide alaklassid - \u00dchendlabor\" \/>\n<meta property=\"og:description\" content=\"Immuunanal\u00fc\u00fcsi osakond Inimese l\u00fcmfots\u00fc\u00fcdid jagunevad bioloogilise funktsiooni ja raku pinnamarkerite j\u00e4rgi kolme suurde alampopulatsiooni \u2013 T-l\u00fcmfots\u00fc\u00fcdid, B-l\u00fcmfots\u00fc\u00fcdid ja NK-rakud. Valgusmikroskoobis ei ole neid v\u00f5imalik eristada. T-l\u00fcmfots\u00fc\u00fcdid (kannavad pinnamarkerit CD3) osalevad antigeenspetsiifilises rakulises immuunvastuses ja reguleerivad immuunglobuliinide sekretsiooni B-l\u00fcmfots\u00fc\u00fctides. Pinnamarkerite j\u00e4rgi v\u00f5ib T-l\u00fcmfots\u00fc\u00fcdid jagada omakorda kahte r\u00fchma: B-l\u00fcmfots\u00fc\u00fcdid (CD19+) on olulised antigeenspetsiifilises humoraalses immuunvastuses. Nad toodavad [&hellip;]\" \/>\n<meta property=\"og:url\" content=\"https:\/\/www.kliinikum.ee\/yhendlabor\/kasiraamat\/immuunstaatuse-uuringud\/lumfotsuutide-alaklassid\/\" \/>\n<meta property=\"og:site_name\" content=\"\u00dchendlabor\" \/>\n<meta property=\"article:modified_time\" content=\"2025-11-26T19:10:00+00:00\" \/>\n<meta name=\"twitter:card\" content=\"summary_large_image\" \/>\n<meta name=\"twitter:label1\" content=\"Est. reading time\" \/>\n\t<meta name=\"twitter:data1\" content=\"3 minutit\" \/>\n<script type=\"application\/ld+json\" class=\"yoast-schema-graph\">{\"@context\":\"https:\\\/\\\/schema.org\",\"@graph\":[{\"@type\":\"WebPage\",\"@id\":\"https:\\\/\\\/www.kliinikum.ee\\\/yhendlabor\\\/kasiraamat\\\/immuunstaatuse-uuringud\\\/lumfotsuutide-alaklassid\\\/\",\"url\":\"https:\\\/\\\/www.kliinikum.ee\\\/yhendlabor\\\/kasiraamat\\\/immuunstaatuse-uuringud\\\/lumfotsuutide-alaklassid\\\/\",\"name\":\"L\u00fcmfots\u00fc\u00fctide alaklassid - \u00dchendlabor\",\"isPartOf\":{\"@id\":\"https:\\\/\\\/www.kliinikum.ee\\\/yhendlabor\\\/#website\"},\"datePublished\":\"2025-07-18T19:40:53+00:00\",\"dateModified\":\"2025-11-26T19:10:00+00:00\",\"breadcrumb\":{\"@id\":\"https:\\\/\\\/www.kliinikum.ee\\\/yhendlabor\\\/kasiraamat\\\/immuunstaatuse-uuringud\\\/lumfotsuutide-alaklassid\\\/#breadcrumb\"},\"inLanguage\":\"et\",\"potentialAction\":[{\"@type\":\"ReadAction\",\"target\":[\"https:\\\/\\\/www.kliinikum.ee\\\/yhendlabor\\\/kasiraamat\\\/immuunstaatuse-uuringud\\\/lumfotsuutide-alaklassid\\\/\"]}]},{\"@type\":\"BreadcrumbList\",\"@id\":\"https:\\\/\\\/www.kliinikum.ee\\\/yhendlabor\\\/kasiraamat\\\/immuunstaatuse-uuringud\\\/lumfotsuutide-alaklassid\\\/#breadcrumb\",\"itemListElement\":[{\"@type\":\"ListItem\",\"position\":1,\"name\":\"Home\",\"item\":\"https:\\\/\\\/www.kliinikum.ee\\\/yhendlabor\\\/\"},{\"@type\":\"ListItem\",\"position\":2,\"name\":\"K\u00e4siraamat\",\"item\":\"https:\\\/\\\/www.kliinikum.ee\\\/yhendlabor\\\/kasiraamat\\\/\"},{\"@type\":\"ListItem\",\"position\":3,\"name\":\"Immuunstaatuse uuringud\",\"item\":\"https:\\\/\\\/www.kliinikum.ee\\\/yhendlabor\\\/kasiraamat\\\/immuunstaatuse-uuringud\\\/\"},{\"@type\":\"ListItem\",\"position\":4,\"name\":\"L\u00fcmfots\u00fc\u00fctide alaklassid\"}]},{\"@type\":\"WebSite\",\"@id\":\"https:\\\/\\\/www.kliinikum.ee\\\/yhendlabor\\\/#website\",\"url\":\"https:\\\/\\\/www.kliinikum.ee\\\/yhendlabor\\\/\",\"name\":\"\u00dchendlabor\",\"description\":\"Hoolivus, Uuendusmeelsus, P\u00e4devus ja Usaldusv\u00e4\u00e4rsus\",\"potentialAction\":[{\"@type\":\"SearchAction\",\"target\":{\"@type\":\"EntryPoint\",\"urlTemplate\":\"https:\\\/\\\/www.kliinikum.ee\\\/yhendlabor\\\/?s={search_term_string}\"},\"query-input\":{\"@type\":\"PropertyValueSpecification\",\"valueRequired\":true,\"valueName\":\"search_term_string\"}}],\"inLanguage\":\"et\"}]}<\/script>\n<!-- \/ Yoast SEO plugin. -->","yoast_head_json":{"title":"L\u00fcmfots\u00fc\u00fctide alaklassid - \u00dchendlabor","robots":{"index":"index","follow":"follow","max-snippet":"max-snippet:-1","max-image-preview":"max-image-preview:large","max-video-preview":"max-video-preview:-1"},"canonical":"https:\/\/www.kliinikum.ee\/yhendlabor\/kasiraamat\/immuunstaatuse-uuringud\/lumfotsuutide-alaklassid\/","og_locale":"et_EE","og_type":"article","og_title":"L\u00fcmfots\u00fc\u00fctide alaklassid - \u00dchendlabor","og_description":"Immuunanal\u00fc\u00fcsi osakond Inimese l\u00fcmfots\u00fc\u00fcdid jagunevad bioloogilise funktsiooni ja raku pinnamarkerite j\u00e4rgi kolme suurde alampopulatsiooni \u2013 T-l\u00fcmfots\u00fc\u00fcdid, B-l\u00fcmfots\u00fc\u00fcdid ja NK-rakud. Valgusmikroskoobis ei ole neid v\u00f5imalik eristada. T-l\u00fcmfots\u00fc\u00fcdid (kannavad pinnamarkerit CD3) osalevad antigeenspetsiifilises rakulises immuunvastuses ja reguleerivad immuunglobuliinide sekretsiooni B-l\u00fcmfots\u00fc\u00fctides. Pinnamarkerite j\u00e4rgi v\u00f5ib T-l\u00fcmfots\u00fc\u00fcdid jagada omakorda kahte r\u00fchma: B-l\u00fcmfots\u00fc\u00fcdid (CD19+) on olulised antigeenspetsiifilises humoraalses immuunvastuses. Nad toodavad [&hellip;]","og_url":"https:\/\/www.kliinikum.ee\/yhendlabor\/kasiraamat\/immuunstaatuse-uuringud\/lumfotsuutide-alaklassid\/","og_site_name":"\u00dchendlabor","article_modified_time":"2025-11-26T19:10:00+00:00","twitter_card":"summary_large_image","twitter_misc":{"Est. reading time":"3 minutit"},"schema":{"@context":"https:\/\/schema.org","@graph":[{"@type":"WebPage","@id":"https:\/\/www.kliinikum.ee\/yhendlabor\/kasiraamat\/immuunstaatuse-uuringud\/lumfotsuutide-alaklassid\/","url":"https:\/\/www.kliinikum.ee\/yhendlabor\/kasiraamat\/immuunstaatuse-uuringud\/lumfotsuutide-alaklassid\/","name":"L\u00fcmfots\u00fc\u00fctide alaklassid - \u00dchendlabor","isPartOf":{"@id":"https:\/\/www.kliinikum.ee\/yhendlabor\/#website"},"datePublished":"2025-07-18T19:40:53+00:00","dateModified":"2025-11-26T19:10:00+00:00","breadcrumb":{"@id":"https:\/\/www.kliinikum.ee\/yhendlabor\/kasiraamat\/immuunstaatuse-uuringud\/lumfotsuutide-alaklassid\/#breadcrumb"},"inLanguage":"et","potentialAction":[{"@type":"ReadAction","target":["https:\/\/www.kliinikum.ee\/yhendlabor\/kasiraamat\/immuunstaatuse-uuringud\/lumfotsuutide-alaklassid\/"]}]},{"@type":"BreadcrumbList","@id":"https:\/\/www.kliinikum.ee\/yhendlabor\/kasiraamat\/immuunstaatuse-uuringud\/lumfotsuutide-alaklassid\/#breadcrumb","itemListElement":[{"@type":"ListItem","position":1,"name":"Home","item":"https:\/\/www.kliinikum.ee\/yhendlabor\/"},{"@type":"ListItem","position":2,"name":"K\u00e4siraamat","item":"https:\/\/www.kliinikum.ee\/yhendlabor\/kasiraamat\/"},{"@type":"ListItem","position":3,"name":"Immuunstaatuse uuringud","item":"https:\/\/www.kliinikum.ee\/yhendlabor\/kasiraamat\/immuunstaatuse-uuringud\/"},{"@type":"ListItem","position":4,"name":"L\u00fcmfots\u00fc\u00fctide alaklassid"}]},{"@type":"WebSite","@id":"https:\/\/www.kliinikum.ee\/yhendlabor\/#website","url":"https:\/\/www.kliinikum.ee\/yhendlabor\/","name":"\u00dchendlabor","description":"Hoolivus, Uuendusmeelsus, P\u00e4devus ja Usaldusv\u00e4\u00e4rsus","potentialAction":[{"@type":"SearchAction","target":{"@type":"EntryPoint","urlTemplate":"https:\/\/www.kliinikum.ee\/yhendlabor\/?s={search_term_string}"},"query-input":{"@type":"PropertyValueSpecification","valueRequired":true,"valueName":"search_term_string"}}],"inLanguage":"et"}]}},"uagb_featured_image_src":{"full":false,"thumbnail":false,"medium":false,"medium_large":false,"large":false,"1536x1536":false,"2048x2048":false},"uagb_author_info":{"display_name":"Kadi Siigur","author_link":"https:\/\/www.kliinikum.ee\/yhendlabor\/author\/kadisi\/"},"uagb_comment_info":0,"uagb_excerpt":"Immuunanal\u00fc\u00fcsi osakond Inimese l\u00fcmfots\u00fc\u00fcdid jagunevad bioloogilise funktsiooni ja raku pinnamarkerite j\u00e4rgi kolme suurde alampopulatsiooni \u2013 T-l\u00fcmfots\u00fc\u00fcdid, B-l\u00fcmfots\u00fc\u00fcdid ja NK-rakud. Valgusmikroskoobis ei ole neid v\u00f5imalik eristada. T-l\u00fcmfots\u00fc\u00fcdid (kannavad pinnamarkerit CD3) osalevad antigeenspetsiifilises rakulises immuunvastuses ja reguleerivad immuunglobuliinide sekretsiooni B-l\u00fcmfots\u00fc\u00fctides. Pinnamarkerite j\u00e4rgi v\u00f5ib T-l\u00fcmfots\u00fc\u00fcdid jagada omakorda kahte r\u00fchma: B-l\u00fcmfots\u00fc\u00fcdid (CD19+) on olulised antigeenspetsiifilises humoraalses immuunvastuses. Nad toodavad&hellip;","_links":{"self":[{"href":"https:\/\/www.kliinikum.ee\/yhendlabor\/wp-json\/wp\/v2\/pages\/12197","targetHints":{"allow":["GET"]}}],"collection":[{"href":"https:\/\/www.kliinikum.ee\/yhendlabor\/wp-json\/wp\/v2\/pages"}],"about":[{"href":"https:\/\/www.kliinikum.ee\/yhendlabor\/wp-json\/wp\/v2\/types\/page"}],"author":[{"embeddable":true,"href":"https:\/\/www.kliinikum.ee\/yhendlabor\/wp-json\/wp\/v2\/users\/38"}],"replies":[{"embeddable":true,"href":"https:\/\/www.kliinikum.ee\/yhendlabor\/wp-json\/wp\/v2\/comments?post=12197"}],"version-history":[{"count":0,"href":"https:\/\/www.kliinikum.ee\/yhendlabor\/wp-json\/wp\/v2\/pages\/12197\/revisions"}],"up":[{"embeddable":true,"href":"https:\/\/www.kliinikum.ee\/yhendlabor\/wp-json\/wp\/v2\/pages\/7277"}],"wp:attachment":[{"href":"https:\/\/www.kliinikum.ee\/yhendlabor\/wp-json\/wp\/v2\/media?parent=12197"}],"curies":[{"name":"wp","href":"https:\/\/api.w.org\/{rel}","templated":true}]}}