{"id":12201,"date":"2025-07-22T11:04:13","date_gmt":"2025-07-22T09:04:13","guid":{"rendered":"https:\/\/www.kliinikum.ee\/yhendlabor\/?page_id=12201"},"modified":"2025-12-22T00:25:44","modified_gmt":"2025-12-21T22:25:44","slug":"vereloomehaiguste-immuunfenotupeerimine","status":"publish","type":"page","link":"https:\/\/www.kliinikum.ee\/yhendlabor\/kasiraamat\/vereloome-kasvajate-uuringud\/vereloomehaiguste-immuunfenotupeerimine\/","title":{"rendered":"Vereloomehaiguste immuunfenot\u00fcpeerimine"},"content":{"rendered":"\n<p><em>Immuunanal\u00fc\u00fcsi osakond<\/em><\/p>\n\n\n\n<p><strong>Vooluts\u00fctomeetriline immuunfenot\u00fcpeerimine<\/strong> on vere ja luu\u00fcdi morfoloogilise uuringu k\u00f5rval oluline meetod vereloomehaiguste diagnostikas. Vooluts\u00fctomeetrias kasutatakse erinevaid raku pinnaretseptorite vastaseid antikehi ja fluorestsentsm\u00e4rgiseid, mis v\u00f5imaldab eristada heterogeensest rakkude suspensioonist nii normaalseid kui ka aberrantse fenot\u00fc\u00fcbiga rakupopulatsioone ja rakke.<\/p>\n\n\n\n<p>Vooluts\u00fctomeetriline uuring v\u00f5imaldab:<\/p>\n\n\n\n<ul class=\"wp-block-list\">\n<li>identifitseerida normaalsetest rakkudest erinevaid rakke ja m\u00e4\u00e4rata nende fenot\u00fc\u00fcpi;<\/li>\n\n\n\n<li>eristada haigusega seotud rakuliini (m\u00fceloidne <em>vs<\/em> l\u00fcmfoidne, B-rakuline <em>vs<\/em> T-rakuline);<\/li>\n\n\n\n<li>m\u00e4\u00e4rata rakkude k\u00fcpsusastet;<\/li>\n\n\n\n<li>j\u00e4lgida residuaalhaiguse olemasolu.<\/li>\n<\/ul>\n\n\n\n<p>Vooluts\u00fctomeetrilisel immuunfenot\u00fcpeerimisel kasutatakse erinevaid antikehade kombinatsioone ehk paneele. Antikehade valikul ja kombineerimisel v\u00f5etakse arvesse nii patsiendi kliinilist tausta kui ka uuritava materjali morfoloogiat. Selline l\u00e4henemisviis tagab spetsiifiliste rakupopulatsioonide v\u00f5imalikult t\u00e4pse identifitseerimise. Uuringu hind kujuneb vastavalt uuritud antikehade arvule.<\/p>\n\n\n\n<p class=\"has-medium-font-size\"><strong>Uuritav materjal, selle v\u00f5tmine, saatmine ja s\u00e4ilitamine<\/strong><\/p>\n\n\n\n<p>Proov ei tohi olla hemol\u00fc\u00fctiline!<\/p>\n\n\n\n<p>Veri, luu\u00fcdi<\/p>\n\n\n\n<figure class=\"wp-block-table is-style-stripes\"><table width=\"100%\"><tbody><tr><td width=\"1%\"><\/td><td width=\"20%\"><strong>Katsuti<\/strong><\/td><td width=\"79%\">LH-katsuti (roheline kork, eelistatud K2E\/K3E-katsuti ees) v\u00f5i K2E\/K3E-katsuti (lilla kork)<\/td><\/tr><tr><td><\/td><td><strong>Anal\u00fc\u00fcsitav kogus<\/strong><\/td><td>2 mL verd v\u00f5i luu\u00fcdi<\/td><\/tr><tr><td><\/td><td><strong>S\u00e4ilivus<\/strong><\/td><td>Veri\/luu\u00fcdi toatemperatuuril LH-katsutis kuni 48 tundi, K2E\/K3E-katsutis kuni 24 tundi. Mitte k\u00fclmutada! Hoida p\u00e4ikesekiirguse eest!<\/td><\/tr><\/tbody><\/table><\/figure>\n\n\n\n<p>Liikvor<\/p>\n\n\n\n<figure class=\"wp-block-table is-style-stripes\"><table width=\"100%\"><tbody><tr><td width=\"1%\"><\/td><td width=\"20%\"><strong>Katsuti<\/strong><\/td><td width=\"79%\">Transfix\/EDTA-katsuti (oran\u017e kork)<\/td><\/tr><tr><td><\/td><td><strong>Anal\u00fc\u00fcsitav kogus<\/strong><\/td><td>1 mL liikvorit<\/td><\/tr><tr><td><\/td><td><strong>S\u00e4ilivus<\/strong><\/td><td>Transpordini +4 \u00b0C , transport toatemperatuuril. Transportida esimesel v\u00f5imalusel. Mitte k\u00fclmutada!<\/td><\/tr><\/tbody><\/table><\/figure>\n\n\n\n<p class=\"has-medium-font-size\"><strong>Anal\u00fc\u00fcsi tegemise aeg:<\/strong> t\u00f6\u00f6p\u00e4eviti, vastus j\u00e4rgmisel t\u00f6\u00f6p\u00e4eval<\/p>\n\n\n\n<p class=\"has-medium-font-size\"><strong>Anal\u00fc\u00fcsimeetod:<\/strong> vooluts\u00fctomeetria<\/p>\n\n\n\n<p class=\"has-medium-font-size\"><strong>Vastuse vorm<\/strong><\/p>\n\n\n\n<p>Immuunfenot\u00fc\u00fcbi kirjeldus koos laboriarsti interpretatsiooniga.<\/p>\n\n\n\n<p class=\"has-medium-font-size\"><strong>N\u00e4idustus ja kliiniline t\u00e4hendus<\/strong><\/p>\n\n\n\n<p>Kasutatakse t\u00e4psustava uuringuna erinevate vereloomekoe proliferatiivsete protsesside korral, nagu n\u00e4iteks ebaselgete p\u00f5hjustega l\u00fcmfots\u00fctoosid, kroonilised l\u00fcmfoproliferatiivsed haigused, \u00e4gedad leukeemiad, plasmarakkude proliferatsiooniga seotud haigused.<\/p>\n\n\n\n<p>K\u00f5ikidel immuunfenot\u00fcpeerimist vajavatel juhtudel konsulteerida eelnevalt laboriarstiga (tel. 731 9321).<\/p>\n\n\n\n<p>Immuunfenot\u00fcpeerimisele saadetavast verest on eelnevalt vajalik m\u00e4\u00e4rata leukots\u00fc\u00fctide \u00fcldarv ja viieosaline leukogramm, liikvorist leukots\u00fc\u00fctide \u00fcldarv ja soovitavalt ka ts\u00fctogramm.<\/p>\n\n\n\n<p>Vt ka: <a href=\"https:\/\/www.kliinikum.ee\/yhendlabor\/kasiraamat\/hematoloogilised-uuringud\/luuudi-aspiraadi-tsutoloogiline-tsutokeemiline-ja-histoloogiline-kompleksuuring\/\">Luu\u00fcdi aspiraadi ts\u00fctoloogiline, ts\u00fctokeemiline ja histoloogiline kompleksuuring<\/a><br><a href=\"https:\/\/www.kliinikum.ee\/yhendlabor\/kasiraamat\/vereloome-kasvajate-uuringud\/vereloome-kasvajate-molekulaardiagnostilised-uuringud\/\">Vereloome kasvajate molekulaardiagnostilised uuringud<\/a><\/p>\n\n\n\n<p>Koostaja: Eva Reinmaa<br>Muudetud 06.07.2016<\/p>\n\n\n\n<p><\/p>\n","protected":false},"excerpt":{"rendered":"<p>Immuunanal\u00fc\u00fcsi osakond Vooluts\u00fctomeetriline immuunfenot\u00fcpeerimine on vere ja luu\u00fcdi morfoloogilise uuringu k\u00f5rval oluline meetod vereloomehaiguste diagnostikas. Vooluts\u00fctomeetrias kasutatakse erinevaid raku pinnaretseptorite vastaseid antikehi ja fluorestsentsm\u00e4rgiseid, mis v\u00f5imaldab eristada heterogeensest rakkude suspensioonist nii normaalseid kui ka aberrantse fenot\u00fc\u00fcbiga rakupopulatsioone ja rakke. Vooluts\u00fctomeetriline uuring v\u00f5imaldab: Vooluts\u00fctomeetrilisel immuunfenot\u00fcpeerimisel kasutatakse erinevaid antikehade kombinatsioone ehk paneele. Antikehade valikul ja kombineerimisel v\u00f5etakse [&hellip;]<\/p>\n","protected":false},"author":38,"featured_media":0,"parent":7320,"menu_order":14,"comment_status":"closed","ping_status":"closed","template":"","meta":{"_uag_custom_page_level_css":"","footnotes":""},"class_list":["post-12201","page","type-page","status-publish","hentry"],"acf":[],"yoast_head":"<!-- This site is optimized with the Yoast SEO plugin v27.3 - https:\/\/yoast.com\/product\/yoast-seo-wordpress\/ -->\n<title>Vereloomehaiguste immuunfenot\u00fcpeerimine - \u00dchendlabor<\/title>\n<meta name=\"robots\" content=\"index, follow, max-snippet:-1, max-image-preview:large, max-video-preview:-1\" \/>\n<link rel=\"canonical\" href=\"https:\/\/www.kliinikum.ee\/yhendlabor\/kasiraamat\/vereloome-kasvajate-uuringud\/vereloomehaiguste-immuunfenotupeerimine\/\" \/>\n<meta property=\"og:locale\" content=\"et_EE\" \/>\n<meta property=\"og:type\" content=\"article\" \/>\n<meta property=\"og:title\" content=\"Vereloomehaiguste immuunfenot\u00fcpeerimine - \u00dchendlabor\" \/>\n<meta property=\"og:description\" content=\"Immuunanal\u00fc\u00fcsi osakond Vooluts\u00fctomeetriline immuunfenot\u00fcpeerimine on vere ja luu\u00fcdi morfoloogilise uuringu k\u00f5rval oluline meetod vereloomehaiguste diagnostikas. Vooluts\u00fctomeetrias kasutatakse erinevaid raku pinnaretseptorite vastaseid antikehi ja fluorestsentsm\u00e4rgiseid, mis v\u00f5imaldab eristada heterogeensest rakkude suspensioonist nii normaalseid kui ka aberrantse fenot\u00fc\u00fcbiga rakupopulatsioone ja rakke. Vooluts\u00fctomeetriline uuring v\u00f5imaldab: Vooluts\u00fctomeetrilisel immuunfenot\u00fcpeerimisel kasutatakse erinevaid antikehade kombinatsioone ehk paneele. Antikehade valikul ja kombineerimisel v\u00f5etakse [&hellip;]\" \/>\n<meta property=\"og:url\" content=\"https:\/\/www.kliinikum.ee\/yhendlabor\/kasiraamat\/vereloome-kasvajate-uuringud\/vereloomehaiguste-immuunfenotupeerimine\/\" \/>\n<meta property=\"og:site_name\" content=\"\u00dchendlabor\" \/>\n<meta property=\"article:modified_time\" content=\"2025-12-21T22:25:44+00:00\" \/>\n<meta name=\"twitter:card\" content=\"summary_large_image\" \/>\n<meta name=\"twitter:label1\" content=\"Est. reading time\" \/>\n\t<meta name=\"twitter:data1\" content=\"2 minutit\" \/>\n<script type=\"application\/ld+json\" class=\"yoast-schema-graph\">{\"@context\":\"https:\\\/\\\/schema.org\",\"@graph\":[{\"@type\":\"WebPage\",\"@id\":\"https:\\\/\\\/www.kliinikum.ee\\\/yhendlabor\\\/kasiraamat\\\/vereloome-kasvajate-uuringud\\\/vereloomehaiguste-immuunfenotupeerimine\\\/\",\"url\":\"https:\\\/\\\/www.kliinikum.ee\\\/yhendlabor\\\/kasiraamat\\\/vereloome-kasvajate-uuringud\\\/vereloomehaiguste-immuunfenotupeerimine\\\/\",\"name\":\"Vereloomehaiguste immuunfenot\u00fcpeerimine - \u00dchendlabor\",\"isPartOf\":{\"@id\":\"https:\\\/\\\/www.kliinikum.ee\\\/yhendlabor\\\/#website\"},\"datePublished\":\"2025-07-22T09:04:13+00:00\",\"dateModified\":\"2025-12-21T22:25:44+00:00\",\"breadcrumb\":{\"@id\":\"https:\\\/\\\/www.kliinikum.ee\\\/yhendlabor\\\/kasiraamat\\\/vereloome-kasvajate-uuringud\\\/vereloomehaiguste-immuunfenotupeerimine\\\/#breadcrumb\"},\"inLanguage\":\"et\",\"potentialAction\":[{\"@type\":\"ReadAction\",\"target\":[\"https:\\\/\\\/www.kliinikum.ee\\\/yhendlabor\\\/kasiraamat\\\/vereloome-kasvajate-uuringud\\\/vereloomehaiguste-immuunfenotupeerimine\\\/\"]}]},{\"@type\":\"BreadcrumbList\",\"@id\":\"https:\\\/\\\/www.kliinikum.ee\\\/yhendlabor\\\/kasiraamat\\\/vereloome-kasvajate-uuringud\\\/vereloomehaiguste-immuunfenotupeerimine\\\/#breadcrumb\",\"itemListElement\":[{\"@type\":\"ListItem\",\"position\":1,\"name\":\"Home\",\"item\":\"https:\\\/\\\/www.kliinikum.ee\\\/yhendlabor\\\/\"},{\"@type\":\"ListItem\",\"position\":2,\"name\":\"K\u00e4siraamat\",\"item\":\"https:\\\/\\\/www.kliinikum.ee\\\/yhendlabor\\\/kasiraamat\\\/\"},{\"@type\":\"ListItem\",\"position\":3,\"name\":\"Vereloome kasvajate uuringud\",\"item\":\"https:\\\/\\\/www.kliinikum.ee\\\/yhendlabor\\\/kasiraamat\\\/vereloome-kasvajate-uuringud\\\/\"},{\"@type\":\"ListItem\",\"position\":4,\"name\":\"Vereloomehaiguste immuunfenot\u00fcpeerimine\"}]},{\"@type\":\"WebSite\",\"@id\":\"https:\\\/\\\/www.kliinikum.ee\\\/yhendlabor\\\/#website\",\"url\":\"https:\\\/\\\/www.kliinikum.ee\\\/yhendlabor\\\/\",\"name\":\"\u00dchendlabor\",\"description\":\"Hoolivus, Uuendusmeelsus, P\u00e4devus ja Usaldusv\u00e4\u00e4rsus\",\"potentialAction\":[{\"@type\":\"SearchAction\",\"target\":{\"@type\":\"EntryPoint\",\"urlTemplate\":\"https:\\\/\\\/www.kliinikum.ee\\\/yhendlabor\\\/?s={search_term_string}\"},\"query-input\":{\"@type\":\"PropertyValueSpecification\",\"valueRequired\":true,\"valueName\":\"search_term_string\"}}],\"inLanguage\":\"et\"}]}<\/script>\n<!-- \/ Yoast SEO plugin. -->","yoast_head_json":{"title":"Vereloomehaiguste immuunfenot\u00fcpeerimine - \u00dchendlabor","robots":{"index":"index","follow":"follow","max-snippet":"max-snippet:-1","max-image-preview":"max-image-preview:large","max-video-preview":"max-video-preview:-1"},"canonical":"https:\/\/www.kliinikum.ee\/yhendlabor\/kasiraamat\/vereloome-kasvajate-uuringud\/vereloomehaiguste-immuunfenotupeerimine\/","og_locale":"et_EE","og_type":"article","og_title":"Vereloomehaiguste immuunfenot\u00fcpeerimine - \u00dchendlabor","og_description":"Immuunanal\u00fc\u00fcsi osakond Vooluts\u00fctomeetriline immuunfenot\u00fcpeerimine on vere ja luu\u00fcdi morfoloogilise uuringu k\u00f5rval oluline meetod vereloomehaiguste diagnostikas. Vooluts\u00fctomeetrias kasutatakse erinevaid raku pinnaretseptorite vastaseid antikehi ja fluorestsentsm\u00e4rgiseid, mis v\u00f5imaldab eristada heterogeensest rakkude suspensioonist nii normaalseid kui ka aberrantse fenot\u00fc\u00fcbiga rakupopulatsioone ja rakke. Vooluts\u00fctomeetriline uuring v\u00f5imaldab: Vooluts\u00fctomeetrilisel immuunfenot\u00fcpeerimisel kasutatakse erinevaid antikehade kombinatsioone ehk paneele. Antikehade valikul ja kombineerimisel v\u00f5etakse [&hellip;]","og_url":"https:\/\/www.kliinikum.ee\/yhendlabor\/kasiraamat\/vereloome-kasvajate-uuringud\/vereloomehaiguste-immuunfenotupeerimine\/","og_site_name":"\u00dchendlabor","article_modified_time":"2025-12-21T22:25:44+00:00","twitter_card":"summary_large_image","twitter_misc":{"Est. reading time":"2 minutit"},"schema":{"@context":"https:\/\/schema.org","@graph":[{"@type":"WebPage","@id":"https:\/\/www.kliinikum.ee\/yhendlabor\/kasiraamat\/vereloome-kasvajate-uuringud\/vereloomehaiguste-immuunfenotupeerimine\/","url":"https:\/\/www.kliinikum.ee\/yhendlabor\/kasiraamat\/vereloome-kasvajate-uuringud\/vereloomehaiguste-immuunfenotupeerimine\/","name":"Vereloomehaiguste immuunfenot\u00fcpeerimine - \u00dchendlabor","isPartOf":{"@id":"https:\/\/www.kliinikum.ee\/yhendlabor\/#website"},"datePublished":"2025-07-22T09:04:13+00:00","dateModified":"2025-12-21T22:25:44+00:00","breadcrumb":{"@id":"https:\/\/www.kliinikum.ee\/yhendlabor\/kasiraamat\/vereloome-kasvajate-uuringud\/vereloomehaiguste-immuunfenotupeerimine\/#breadcrumb"},"inLanguage":"et","potentialAction":[{"@type":"ReadAction","target":["https:\/\/www.kliinikum.ee\/yhendlabor\/kasiraamat\/vereloome-kasvajate-uuringud\/vereloomehaiguste-immuunfenotupeerimine\/"]}]},{"@type":"BreadcrumbList","@id":"https:\/\/www.kliinikum.ee\/yhendlabor\/kasiraamat\/vereloome-kasvajate-uuringud\/vereloomehaiguste-immuunfenotupeerimine\/#breadcrumb","itemListElement":[{"@type":"ListItem","position":1,"name":"Home","item":"https:\/\/www.kliinikum.ee\/yhendlabor\/"},{"@type":"ListItem","position":2,"name":"K\u00e4siraamat","item":"https:\/\/www.kliinikum.ee\/yhendlabor\/kasiraamat\/"},{"@type":"ListItem","position":3,"name":"Vereloome kasvajate uuringud","item":"https:\/\/www.kliinikum.ee\/yhendlabor\/kasiraamat\/vereloome-kasvajate-uuringud\/"},{"@type":"ListItem","position":4,"name":"Vereloomehaiguste immuunfenot\u00fcpeerimine"}]},{"@type":"WebSite","@id":"https:\/\/www.kliinikum.ee\/yhendlabor\/#website","url":"https:\/\/www.kliinikum.ee\/yhendlabor\/","name":"\u00dchendlabor","description":"Hoolivus, Uuendusmeelsus, P\u00e4devus ja Usaldusv\u00e4\u00e4rsus","potentialAction":[{"@type":"SearchAction","target":{"@type":"EntryPoint","urlTemplate":"https:\/\/www.kliinikum.ee\/yhendlabor\/?s={search_term_string}"},"query-input":{"@type":"PropertyValueSpecification","valueRequired":true,"valueName":"search_term_string"}}],"inLanguage":"et"}]}},"uagb_featured_image_src":{"full":false,"thumbnail":false,"medium":false,"medium_large":false,"large":false,"1536x1536":false,"2048x2048":false},"uagb_author_info":{"display_name":"Kadi Siigur","author_link":"https:\/\/www.kliinikum.ee\/yhendlabor\/author\/kadisi\/"},"uagb_comment_info":0,"uagb_excerpt":"Immuunanal\u00fc\u00fcsi osakond Vooluts\u00fctomeetriline immuunfenot\u00fcpeerimine on vere ja luu\u00fcdi morfoloogilise uuringu k\u00f5rval oluline meetod vereloomehaiguste diagnostikas. Vooluts\u00fctomeetrias kasutatakse erinevaid raku pinnaretseptorite vastaseid antikehi ja fluorestsentsm\u00e4rgiseid, mis v\u00f5imaldab eristada heterogeensest rakkude suspensioonist nii normaalseid kui ka aberrantse fenot\u00fc\u00fcbiga rakupopulatsioone ja rakke. Vooluts\u00fctomeetriline uuring v\u00f5imaldab: Vooluts\u00fctomeetrilisel immuunfenot\u00fcpeerimisel kasutatakse erinevaid antikehade kombinatsioone ehk paneele. Antikehade valikul ja kombineerimisel v\u00f5etakse&hellip;","_links":{"self":[{"href":"https:\/\/www.kliinikum.ee\/yhendlabor\/wp-json\/wp\/v2\/pages\/12201","targetHints":{"allow":["GET"]}}],"collection":[{"href":"https:\/\/www.kliinikum.ee\/yhendlabor\/wp-json\/wp\/v2\/pages"}],"about":[{"href":"https:\/\/www.kliinikum.ee\/yhendlabor\/wp-json\/wp\/v2\/types\/page"}],"author":[{"embeddable":true,"href":"https:\/\/www.kliinikum.ee\/yhendlabor\/wp-json\/wp\/v2\/users\/38"}],"replies":[{"embeddable":true,"href":"https:\/\/www.kliinikum.ee\/yhendlabor\/wp-json\/wp\/v2\/comments?post=12201"}],"version-history":[{"count":0,"href":"https:\/\/www.kliinikum.ee\/yhendlabor\/wp-json\/wp\/v2\/pages\/12201\/revisions"}],"up":[{"embeddable":true,"href":"https:\/\/www.kliinikum.ee\/yhendlabor\/wp-json\/wp\/v2\/pages\/7320"}],"wp:attachment":[{"href":"https:\/\/www.kliinikum.ee\/yhendlabor\/wp-json\/wp\/v2\/media?parent=12201"}],"curies":[{"name":"wp","href":"https:\/\/api.w.org\/{rel}","templated":true}]}}