{"id":12215,"date":"2025-07-22T12:06:30","date_gmt":"2025-07-22T10:06:30","guid":{"rendered":"https:\/\/www.kliinikum.ee\/yhendlabor\/?page_id=12215"},"modified":"2025-12-11T23:37:09","modified_gmt":"2025-12-11T21:37:09","slug":"beeta-2-mikroglobuliin-sp-%ce%b22-m","status":"publish","type":"page","link":"https:\/\/www.kliinikum.ee\/yhendlabor\/kasiraamat\/vereloome-kasvajate-uuringud\/beeta-2-mikroglobuliin-sp-%ce%b22-m\/","title":{"rendered":"\u0392eeta-2-mikroglobuliin (S,P-\u03b22-M)"},"content":{"rendered":"\n<p><em>Kliinilise keemia ja laboratoorse hematoloogia osakond<\/em><\/p>\n\n\n\n<p><strong>Beeta-2-mikroglobuliin (\u03b22-M)<\/strong> on pol\u00fcpeptiid, mis kuulub HLA klass I pinnaantigeenide koosseisu. Teda leidub veres, uriinis ja liikvoris. \u03b22-M l\u00e4bib vabalt glomerulaarmembraani ja reabsorbeeritakse peaaegu t\u00e4ielikult neerukanalikeste proksimaalses osas, vaid v\u00e4hene kogus satub uriini. \u03b22-M nivoo seerumis t\u00f5useb neeruhaiguste, maliigsete l\u00fcmfoproliferatiivsete kasvajate, p\u00f5letike, autoimmuun-, maksa- ja s\u00fcsteemsete sidekoehaiguste korral.<\/p>\n\n\n\n<p class=\"has-medium-font-size\"><strong>Uuritav materjal, selle v\u00f5tmine, saatmine ja s\u00e4ilitamine<\/strong><\/p>\n\n\n\n<figure class=\"wp-block-table is-style-stripes\"><table width=\"100%\"><tbody><tr><td width=\"1%\"><\/td><td width=\"15%\"><strong>Katsuti<\/strong><\/td><td width=\"84%\">Geeli ja h\u00fc\u00fcbimisaktivaatoriga katsuti (punane kollase r\u00f5ngaga v\u00f5i kollane kork) v\u00f5i geeliga LH-katsuti (roheline kollase r\u00f5ngaga v\u00f5i heleroheline kork)<\/td><\/tr><tr><td><\/td><td><strong>S\u00e4ilivus<\/strong><\/td><td>Seerum\/plasma toatemperatuuril ja +4 \u00b0C kolm p\u00e4eva, -20 \u00b0C kuus kuud<\/td><\/tr><\/tbody><\/table><\/figure>\n\n\n\n<p class=\"has-medium-font-size\"><strong>Anal\u00fc\u00fcsi tegemise aeg:<\/strong> t\u00f6\u00f6p\u00e4eviti<\/p>\n\n\n\n<p class=\"has-medium-font-size\"><strong>Anal\u00fc\u00fcsimeetod:<\/strong> immuunturbidimeetriline meetod<\/p>\n\n\n\n<p class=\"has-medium-font-size\"><strong>Referentsv\u00e4\u00e4rtused<\/strong><\/p>\n\n\n\n<figure class=\"wp-block-table\"><table width=\"100%\"><tbody><tr><td width=\"1%\"><\/td><td width=\"30%\"><strong>1 p \u2013 &lt; 30 p<\/strong><\/td><td width=\"10%\">M<\/td><td width=\"59%\">1630\u20134790 \u00b5g\/L<\/td><\/tr><tr><td><\/td><td><\/td><td>N<\/td><td>1722\u20134547 \u00b5g\/L<\/td><\/tr><tr><td><\/td><td><strong>1 k \u2013 &lt; 6 k<\/strong><\/td><td>M<\/td><td>1423\u20133324 \u00b5g\/L<\/td><\/tr><tr><td><\/td><td><\/td><td>N<\/td><td>1024\u20133774 \u00b5g\/L<\/td><\/tr><tr><td><\/td><td><strong>6 k \u2013 &lt; 1 a<\/strong><\/td><td>M<\/td><td>897\u20133095 \u00b5g\/L<\/td><\/tr><tr><td><\/td><td><\/td><td>N<\/td><td>999\u20132282 \u00b5g\/L<\/td><\/tr><tr><td><\/td><td><strong>1 a \u2013 &lt; 4 a<\/strong><\/td><td>M<\/td><td>827\u20132228 \u00b5g\/L<\/td><\/tr><tr><td><\/td><td><\/td><td>N<\/td><td>742\u20132396 \u00b5g\/L<\/td><\/tr><tr><td><\/td><td><strong>4 a \u2013 &lt; 7 a<\/strong><\/td><td>M<\/td><td>567\u20132260 \u00b5g\/L<\/td><\/tr><tr><td><\/td><td><\/td><td>N<\/td><td>546\u20132170 \u00b5g\/L<\/td><\/tr><tr><td><\/td><td><strong>7 a \u2013 &lt; 10 a<\/strong><\/td><td>M<\/td><td>772\u20131712 \u00b5g\/L<\/td><\/tr><tr><td><\/td><td><\/td><td>N<\/td><td>736\u20131766 \u00b5g\/L<\/td><\/tr><tr><td><\/td><td><strong>10 a \u2013 &lt; 13 a<\/strong><\/td><td>M<\/td><td>699\u20131836 \u00b5g\/L<\/td><\/tr><tr><td><\/td><td><\/td><td>N<\/td><td>704\u20131951 \u00b5g\/L<\/td><\/tr><tr><td><\/td><td><strong>13 a \u2013 &lt; 16 a<\/strong><\/td><td>M<\/td><td>681\u20131954 \u00b5g\/L<\/td><\/tr><tr><td><\/td><td><\/td><td>N<\/td><td>787\u20131916 \u00b5g\/L<\/td><\/tr><tr><td><\/td><td><strong>16 a \u2013 &lt; 19 a\u00a0<\/strong><\/td><td>M<\/td><td>724\u20131874 \u00b5g\/L<\/td><\/tr><tr><td><\/td><td><\/td><td>N<\/td><td>555\u20131852 \u00b5g\/L<\/td><\/tr><tr><td><\/td><td><strong>19 a \u2013 &lt; 60 a<\/strong><\/td><td><\/td><td>800\u20132400 \u00b5g\/L<\/td><\/tr><tr><td><\/td><td><strong>\u2265 60 a<\/strong><\/td><td><\/td><td>\u2264 3000 \u00b5g\/L<\/td><\/tr><\/tbody><\/table><\/figure>\n\n\n\n<p class=\"has-medium-font-size\"><strong>N\u00e4idustus ja kliiniline t\u00e4hendus<\/strong><\/p>\n\n\n\n<p>L\u00fcmfoproliferatiivsete haiguste ulatuse, ravi efektiivsuse ja prognoosi hindamine. Neerufunktsiooni ning neerutransplantaadi seisundi hindamine.<\/p>\n\n\n\n<p>\u03b22-M-l ei ole olulist diagnostilist v\u00e4\u00e4rtust, kuid samas on ta k\u00fcllalt olulise prognostilise t\u00e4hendusega. Suurenenud \u03b22-M v\u00e4\u00e4rtused diagnoosi hetkel on \u00fcldiselt seotud halvema prognoosiga. L\u00fcmfoproliferatiivsete haiguste (m\u00fceloom, B-rakuline krooniline l\u00fcmfots\u00fc\u00fctleukeemia, Hodgkini l\u00fcmfoom, non-Hodgkini l\u00fcmfoom) puhul viitab \u03b22-M k\u00f5rge tase seerumis kasvaja generaliseerunud vormidele ja halvale prognoosile. \u03b22-M nivoo t\u00f5us korreleerub kasvaja arengustaadiumiga (tuumori massiga). P\u00fcsiv k\u00f5rge tase ravi ajal viitab halvale prognoosile.<\/p>\n\n\n\n<p>\u03b22-M nivoo t\u00f5us esineb glomerulaarfiltratsiooni v\u00e4henemise korral, korreleerudes neerukoe kahjustuse astmega, samuti neerutransplantaadi \u00e4rat\u00f5ukereaktsiooni puhul (\u03b22-M tase t\u00f5useb tunduvalt varem kreatiniini nivoost) ning hemodial\u00fc\u00fcsi ajal.<\/p>\n\n\n\n<p>Suurenenud \u03b22-M v\u00e4\u00e4rtusi seerumis on t\u00e4heldatud ka autoimmuunhaiguste (s\u00fcsteemne er\u00fctematoosne luupus, reumatoidartriit, Sj\u00f6greni s\u00fcndroom), soole p\u00f5letikuliste haiguste (Crohni t\u00f5bi), sarkoidoosi ja m\u00f5nede viirusinfektsioonide (CMV, EBV, HCV, AIDS) puhul.<\/p>\n\n\n\n<p>Koostajad: Ly Aru, Kaja Vaagen<br>Muudetud 27.01.2023<\/p>\n","protected":false},"excerpt":{"rendered":"<p>Kliinilise keemia ja laboratoorse hematoloogia osakond Beeta-2-mikroglobuliin (\u03b22-M) on pol\u00fcpeptiid, mis kuulub HLA klass I pinnaantigeenide koosseisu. Teda leidub veres, uriinis ja liikvoris. \u03b22-M l\u00e4bib vabalt glomerulaarmembraani ja reabsorbeeritakse peaaegu t\u00e4ielikult neerukanalikeste proksimaalses osas, vaid v\u00e4hene kogus satub uriini. \u03b22-M nivoo seerumis t\u00f5useb neeruhaiguste, maliigsete l\u00fcmfoproliferatiivsete kasvajate, p\u00f5letike, autoimmuun-, maksa- ja s\u00fcsteemsete sidekoehaiguste korral. Uuritav [&hellip;]<\/p>\n","protected":false},"author":38,"featured_media":0,"parent":7320,"menu_order":1,"comment_status":"closed","ping_status":"closed","template":"","meta":{"_uag_custom_page_level_css":"","footnotes":""},"class_list":["post-12215","page","type-page","status-publish","hentry"],"acf":[],"yoast_head":"<!-- This site is optimized with the Yoast SEO plugin v27.3 - https:\/\/yoast.com\/product\/yoast-seo-wordpress\/ -->\n<title>\u0392eeta-2-mikroglobuliin (S,P-\u03b22-M) - \u00dchendlabor<\/title>\n<meta name=\"robots\" content=\"index, follow, max-snippet:-1, max-image-preview:large, max-video-preview:-1\" \/>\n<link rel=\"canonical\" href=\"https:\/\/www.kliinikum.ee\/yhendlabor\/kasiraamat\/vereloome-kasvajate-uuringud\/beeta-2-mikroglobuliin-sp-%ce%b22-m\/\" \/>\n<meta property=\"og:locale\" content=\"et_EE\" \/>\n<meta property=\"og:type\" content=\"article\" \/>\n<meta property=\"og:title\" content=\"\u0392eeta-2-mikroglobuliin (S,P-\u03b22-M) - \u00dchendlabor\" \/>\n<meta property=\"og:description\" content=\"Kliinilise keemia ja laboratoorse hematoloogia osakond Beeta-2-mikroglobuliin (\u03b22-M) on pol\u00fcpeptiid, mis kuulub HLA klass I pinnaantigeenide koosseisu. Teda leidub veres, uriinis ja liikvoris. \u03b22-M l\u00e4bib vabalt glomerulaarmembraani ja reabsorbeeritakse peaaegu t\u00e4ielikult neerukanalikeste proksimaalses osas, vaid v\u00e4hene kogus satub uriini. \u03b22-M nivoo seerumis t\u00f5useb neeruhaiguste, maliigsete l\u00fcmfoproliferatiivsete kasvajate, p\u00f5letike, autoimmuun-, maksa- ja s\u00fcsteemsete sidekoehaiguste korral. Uuritav [&hellip;]\" \/>\n<meta property=\"og:url\" content=\"https:\/\/www.kliinikum.ee\/yhendlabor\/kasiraamat\/vereloome-kasvajate-uuringud\/beeta-2-mikroglobuliin-sp-%ce%b22-m\/\" \/>\n<meta property=\"og:site_name\" content=\"\u00dchendlabor\" \/>\n<meta property=\"article:modified_time\" content=\"2025-12-11T21:37:09+00:00\" \/>\n<meta name=\"twitter:card\" content=\"summary_large_image\" \/>\n<meta name=\"twitter:label1\" content=\"Est. reading time\" \/>\n\t<meta name=\"twitter:data1\" content=\"2 minutit\" \/>\n<script type=\"application\/ld+json\" class=\"yoast-schema-graph\">{\"@context\":\"https:\\\/\\\/schema.org\",\"@graph\":[{\"@type\":\"WebPage\",\"@id\":\"https:\\\/\\\/www.kliinikum.ee\\\/yhendlabor\\\/kasiraamat\\\/vereloome-kasvajate-uuringud\\\/beeta-2-mikroglobuliin-sp-%ce%b22-m\\\/\",\"url\":\"https:\\\/\\\/www.kliinikum.ee\\\/yhendlabor\\\/kasiraamat\\\/vereloome-kasvajate-uuringud\\\/beeta-2-mikroglobuliin-sp-%ce%b22-m\\\/\",\"name\":\"\u0392eeta-2-mikroglobuliin (S,P-\u03b22-M) - \u00dchendlabor\",\"isPartOf\":{\"@id\":\"https:\\\/\\\/www.kliinikum.ee\\\/yhendlabor\\\/#website\"},\"datePublished\":\"2025-07-22T10:06:30+00:00\",\"dateModified\":\"2025-12-11T21:37:09+00:00\",\"breadcrumb\":{\"@id\":\"https:\\\/\\\/www.kliinikum.ee\\\/yhendlabor\\\/kasiraamat\\\/vereloome-kasvajate-uuringud\\\/beeta-2-mikroglobuliin-sp-%ce%b22-m\\\/#breadcrumb\"},\"inLanguage\":\"et\",\"potentialAction\":[{\"@type\":\"ReadAction\",\"target\":[\"https:\\\/\\\/www.kliinikum.ee\\\/yhendlabor\\\/kasiraamat\\\/vereloome-kasvajate-uuringud\\\/beeta-2-mikroglobuliin-sp-%ce%b22-m\\\/\"]}]},{\"@type\":\"BreadcrumbList\",\"@id\":\"https:\\\/\\\/www.kliinikum.ee\\\/yhendlabor\\\/kasiraamat\\\/vereloome-kasvajate-uuringud\\\/beeta-2-mikroglobuliin-sp-%ce%b22-m\\\/#breadcrumb\",\"itemListElement\":[{\"@type\":\"ListItem\",\"position\":1,\"name\":\"Home\",\"item\":\"https:\\\/\\\/www.kliinikum.ee\\\/yhendlabor\\\/\"},{\"@type\":\"ListItem\",\"position\":2,\"name\":\"K\u00e4siraamat\",\"item\":\"https:\\\/\\\/www.kliinikum.ee\\\/yhendlabor\\\/kasiraamat\\\/\"},{\"@type\":\"ListItem\",\"position\":3,\"name\":\"Vereloome kasvajate uuringud\",\"item\":\"https:\\\/\\\/www.kliinikum.ee\\\/yhendlabor\\\/kasiraamat\\\/vereloome-kasvajate-uuringud\\\/\"},{\"@type\":\"ListItem\",\"position\":4,\"name\":\"\u0392eeta-2-mikroglobuliin (S,P-\u03b22-M)\"}]},{\"@type\":\"WebSite\",\"@id\":\"https:\\\/\\\/www.kliinikum.ee\\\/yhendlabor\\\/#website\",\"url\":\"https:\\\/\\\/www.kliinikum.ee\\\/yhendlabor\\\/\",\"name\":\"\u00dchendlabor\",\"description\":\"Hoolivus, Uuendusmeelsus, P\u00e4devus ja Usaldusv\u00e4\u00e4rsus\",\"potentialAction\":[{\"@type\":\"SearchAction\",\"target\":{\"@type\":\"EntryPoint\",\"urlTemplate\":\"https:\\\/\\\/www.kliinikum.ee\\\/yhendlabor\\\/?s={search_term_string}\"},\"query-input\":{\"@type\":\"PropertyValueSpecification\",\"valueRequired\":true,\"valueName\":\"search_term_string\"}}],\"inLanguage\":\"et\"}]}<\/script>\n<!-- \/ Yoast SEO plugin. -->","yoast_head_json":{"title":"\u0392eeta-2-mikroglobuliin (S,P-\u03b22-M) - \u00dchendlabor","robots":{"index":"index","follow":"follow","max-snippet":"max-snippet:-1","max-image-preview":"max-image-preview:large","max-video-preview":"max-video-preview:-1"},"canonical":"https:\/\/www.kliinikum.ee\/yhendlabor\/kasiraamat\/vereloome-kasvajate-uuringud\/beeta-2-mikroglobuliin-sp-%ce%b22-m\/","og_locale":"et_EE","og_type":"article","og_title":"\u0392eeta-2-mikroglobuliin (S,P-\u03b22-M) - \u00dchendlabor","og_description":"Kliinilise keemia ja laboratoorse hematoloogia osakond Beeta-2-mikroglobuliin (\u03b22-M) on pol\u00fcpeptiid, mis kuulub HLA klass I pinnaantigeenide koosseisu. Teda leidub veres, uriinis ja liikvoris. \u03b22-M l\u00e4bib vabalt glomerulaarmembraani ja reabsorbeeritakse peaaegu t\u00e4ielikult neerukanalikeste proksimaalses osas, vaid v\u00e4hene kogus satub uriini. \u03b22-M nivoo seerumis t\u00f5useb neeruhaiguste, maliigsete l\u00fcmfoproliferatiivsete kasvajate, p\u00f5letike, autoimmuun-, maksa- ja s\u00fcsteemsete sidekoehaiguste korral. Uuritav [&hellip;]","og_url":"https:\/\/www.kliinikum.ee\/yhendlabor\/kasiraamat\/vereloome-kasvajate-uuringud\/beeta-2-mikroglobuliin-sp-%ce%b22-m\/","og_site_name":"\u00dchendlabor","article_modified_time":"2025-12-11T21:37:09+00:00","twitter_card":"summary_large_image","twitter_misc":{"Est. reading time":"2 minutit"},"schema":{"@context":"https:\/\/schema.org","@graph":[{"@type":"WebPage","@id":"https:\/\/www.kliinikum.ee\/yhendlabor\/kasiraamat\/vereloome-kasvajate-uuringud\/beeta-2-mikroglobuliin-sp-%ce%b22-m\/","url":"https:\/\/www.kliinikum.ee\/yhendlabor\/kasiraamat\/vereloome-kasvajate-uuringud\/beeta-2-mikroglobuliin-sp-%ce%b22-m\/","name":"\u0392eeta-2-mikroglobuliin (S,P-\u03b22-M) - \u00dchendlabor","isPartOf":{"@id":"https:\/\/www.kliinikum.ee\/yhendlabor\/#website"},"datePublished":"2025-07-22T10:06:30+00:00","dateModified":"2025-12-11T21:37:09+00:00","breadcrumb":{"@id":"https:\/\/www.kliinikum.ee\/yhendlabor\/kasiraamat\/vereloome-kasvajate-uuringud\/beeta-2-mikroglobuliin-sp-%ce%b22-m\/#breadcrumb"},"inLanguage":"et","potentialAction":[{"@type":"ReadAction","target":["https:\/\/www.kliinikum.ee\/yhendlabor\/kasiraamat\/vereloome-kasvajate-uuringud\/beeta-2-mikroglobuliin-sp-%ce%b22-m\/"]}]},{"@type":"BreadcrumbList","@id":"https:\/\/www.kliinikum.ee\/yhendlabor\/kasiraamat\/vereloome-kasvajate-uuringud\/beeta-2-mikroglobuliin-sp-%ce%b22-m\/#breadcrumb","itemListElement":[{"@type":"ListItem","position":1,"name":"Home","item":"https:\/\/www.kliinikum.ee\/yhendlabor\/"},{"@type":"ListItem","position":2,"name":"K\u00e4siraamat","item":"https:\/\/www.kliinikum.ee\/yhendlabor\/kasiraamat\/"},{"@type":"ListItem","position":3,"name":"Vereloome kasvajate uuringud","item":"https:\/\/www.kliinikum.ee\/yhendlabor\/kasiraamat\/vereloome-kasvajate-uuringud\/"},{"@type":"ListItem","position":4,"name":"\u0392eeta-2-mikroglobuliin (S,P-\u03b22-M)"}]},{"@type":"WebSite","@id":"https:\/\/www.kliinikum.ee\/yhendlabor\/#website","url":"https:\/\/www.kliinikum.ee\/yhendlabor\/","name":"\u00dchendlabor","description":"Hoolivus, Uuendusmeelsus, P\u00e4devus ja Usaldusv\u00e4\u00e4rsus","potentialAction":[{"@type":"SearchAction","target":{"@type":"EntryPoint","urlTemplate":"https:\/\/www.kliinikum.ee\/yhendlabor\/?s={search_term_string}"},"query-input":{"@type":"PropertyValueSpecification","valueRequired":true,"valueName":"search_term_string"}}],"inLanguage":"et"}]}},"uagb_featured_image_src":{"full":false,"thumbnail":false,"medium":false,"medium_large":false,"large":false,"1536x1536":false,"2048x2048":false},"uagb_author_info":{"display_name":"Kadi Siigur","author_link":"https:\/\/www.kliinikum.ee\/yhendlabor\/author\/kadisi\/"},"uagb_comment_info":0,"uagb_excerpt":"Kliinilise keemia ja laboratoorse hematoloogia osakond Beeta-2-mikroglobuliin (\u03b22-M) on pol\u00fcpeptiid, mis kuulub HLA klass I pinnaantigeenide koosseisu. Teda leidub veres, uriinis ja liikvoris. \u03b22-M l\u00e4bib vabalt glomerulaarmembraani ja reabsorbeeritakse peaaegu t\u00e4ielikult neerukanalikeste proksimaalses osas, vaid v\u00e4hene kogus satub uriini. \u03b22-M nivoo seerumis t\u00f5useb neeruhaiguste, maliigsete l\u00fcmfoproliferatiivsete kasvajate, p\u00f5letike, autoimmuun-, maksa- ja s\u00fcsteemsete sidekoehaiguste korral. Uuritav&hellip;","_links":{"self":[{"href":"https:\/\/www.kliinikum.ee\/yhendlabor\/wp-json\/wp\/v2\/pages\/12215","targetHints":{"allow":["GET"]}}],"collection":[{"href":"https:\/\/www.kliinikum.ee\/yhendlabor\/wp-json\/wp\/v2\/pages"}],"about":[{"href":"https:\/\/www.kliinikum.ee\/yhendlabor\/wp-json\/wp\/v2\/types\/page"}],"author":[{"embeddable":true,"href":"https:\/\/www.kliinikum.ee\/yhendlabor\/wp-json\/wp\/v2\/users\/38"}],"replies":[{"embeddable":true,"href":"https:\/\/www.kliinikum.ee\/yhendlabor\/wp-json\/wp\/v2\/comments?post=12215"}],"version-history":[{"count":0,"href":"https:\/\/www.kliinikum.ee\/yhendlabor\/wp-json\/wp\/v2\/pages\/12215\/revisions"}],"up":[{"embeddable":true,"href":"https:\/\/www.kliinikum.ee\/yhendlabor\/wp-json\/wp\/v2\/pages\/7320"}],"wp:attachment":[{"href":"https:\/\/www.kliinikum.ee\/yhendlabor\/wp-json\/wp\/v2\/media?parent=12215"}],"curies":[{"name":"wp","href":"https:\/\/api.w.org\/{rel}","templated":true}]}}