{"id":12220,"date":"2025-07-22T12:13:13","date_gmt":"2025-07-22T10:13:13","guid":{"rendered":"https:\/\/www.kliinikum.ee\/yhendlabor\/?page_id=12220"},"modified":"2025-12-11T23:39:49","modified_gmt":"2025-12-11T21:39:49","slug":"b-ja-t-lumfotsuutide-klonaalsus","status":"publish","type":"page","link":"https:\/\/www.kliinikum.ee\/yhendlabor\/kasiraamat\/vereloome-kasvajate-uuringud\/b-ja-t-lumfotsuutide-klonaalsus\/","title":{"rendered":"B- ja T-l\u00fcmfots\u00fc\u00fctide klonaalsus"},"content":{"rendered":"\n<p><em>Geneetika ja personaalmeditsiini kliinik, laboratoorse geneetika osakond, molekulaardiagnostika labor, tel. 731 9487, <a href=\"http:\/\/www.kliinikum.ee\/geneetika\">www.kliinikum.ee\/geneetika<\/a><\/em><\/p>\n\n\n\n<p class=\"has-medium-font-size\"><strong>Anal\u00fc\u00fcsid:<\/strong><\/p>\n\n\n\n<figure class=\"wp-block-table is-style-stripes\"><table width=\"100%\"><tbody><tr><td width=\"1%\"><\/td><td width=\"99%\">B-l\u00fcmfots\u00fc\u00fctide klonaalsus - IGH ja IGK lookuste \u00fcmberkorraldused<\/td><\/tr><tr><td><\/td><td>B-l\u00fcmfots\u00fc\u00fctide klonaalsus - IGL lookuse \u00fcmberkorraldused<\/td><\/tr><tr><td><\/td><td>T-l\u00fcmfots\u00fc\u00fctide klonaalsus - TCRB ja TCRG lookuste \u00fcmberkorraldused<\/td><\/tr><tr><td><\/td><td>T-l\u00fcmfots\u00fc\u00fctide klonaalsus - TCRD lookuse \u00fcmberkorraldused<\/td><\/tr><\/tbody><\/table><\/figure>\n\n\n\n<p><strong>B- ja T-l\u00fcmfots\u00fc\u00fctide<\/strong> k\u00fcpsemise k\u00e4igus toimuvad antigeeniretseptorite \u00fcmberkorraldused, mis on iga raku jaoks unikaalse j\u00e4rjestuse ja pikkusega. Antud anal\u00fc\u00fcsidega on v\u00f5imalik tuvastada klonaalse rakupopulatsiooni esinemist. Normaalne pol\u00fcklonaalne rakupopulatsioon on uuringus n\u00e4htav Gaussi k\u00f5verat meenutava heterogeense pikkusjaotusega fragmentidena. \u00dche v\u00f5i kahe tugevama \u00fcksikfragmendi esinemine oodatavas pikkusvahemikus viitab klonaalse rakupopulatsiooni olemasolule. Klonaalsuse tuvastamiseks peab uuritavas materjalis eraldatud DNA-st v\u00e4hemalt 1% p\u00e4rinema klonaalsest rakupopulatsioonist (m\u00e4\u00e4ramispiir 0,01%). Diagnostikumi tootja andmetel on tundlikkus ja spetsiifilisus IGH uuringul vastavalt 93% ja 92%, IGK uuringul 90% ning 90%, IGL uuringul 86% ja 92%, TCRB uuringul 86% ja 98%, TCRG uuringul 89% ja 94% ning TCRD uuringul 83% ja 95%.<\/p>\n\n\n\n<p>L\u00fcmfots\u00fc\u00fctide klonaalsusanal\u00fc\u00fcsi tulemusi tuleb alati hinnata kliiniliste, histoloogiliste ja immuunfenot\u00fc\u00fcbi andmete kontekstis. Klonaalse rakupopulatsiooni olemasolu v\u00f5ib viidata maliigsele hematoloogilisele protsessile.<\/p>\n\n\n\n<p class=\"has-medium-font-size\"><strong>Uuritavad muutused<\/strong>&nbsp;&nbsp;&nbsp;&nbsp;&nbsp;&nbsp;&nbsp;<\/p>\n\n\n\n<ul class=\"wp-block-list\">\n<li>B-l\u00fcmfots\u00fc\u00fctide klonaalsuse m\u00e4\u00e4ramine (IGH lookuse VHFR1-JH, VHFR2-JH, VHFR3-JH \u00fcmberkorraldused; IGK lookuse VK-JK, VK-KDE, JKCK intron-KDE \u00fcmberkorraldused; IGL lookuse VL1,2-JL ja VL3-JL \u00fcmberkorraldused)<\/li>\n\n\n\n<li>T-l\u00fcmfots\u00fc\u00fctide klonaalsuse m\u00e4\u00e4ramine (TCRB lookuse VB-JB, DB-JB \u00fcmberkorraldused; TCRG lookuse VG-JG \u00fcmberkorraldused; TCRD lookuse VD-JD ja VD-DD3 ning DD2-JD ja DD2-DD3 \u00fcmberkorraldused)<\/li>\n<\/ul>\n\n\n\n<p class=\"has-medium-font-size\"><strong>Uuritav materjal, selle v\u00f5tmine, saatmine ja s\u00e4ilitamine<\/strong><\/p>\n\n\n\n<p>Elektroonse tellimise v\u00f5imaluse puudumisel tuleb koos uuritava materjaliga saata molekulaardiagnostika laborisse ka t\u00e4idetud tellimisleht \u2013 <em>B-l\u00fcmfots\u00fc\u00fctide ja T-l\u00fcmfots\u00fc\u00fctide klonaalsus,<\/em> mis on leitav aadressil <a href=\"https:\/\/www.kliinikum.ee\/geneetikakeskus\/molekulaardiagnostika\">https:\/\/www.kliinikum.ee\/geneetikakeskus\/molekulaardiagnostika<\/a> &nbsp;<\/p>\n\n\n\n<figure class=\"wp-block-table is-style-stripes\"><table width=\"100%\"><tbody><tr><td width=\"1%\"><\/td><td width=\"20%\"><strong>Katsuti<\/strong><\/td><td width=\"79%\">Veri: K2E\/K3E-katsuti (lilla kork) Koet\u00fckid: steriilne katsuti (v\u00e4hemalt 1,5 mL), parafiinblokid<\/td><\/tr><tr><td><\/td><td><strong>Anal\u00fc\u00fcsitav kogus<\/strong><\/td><td>Fikseeritud koel\u00f5igud: 6\u201310 v\u00e4rskelt l\u00f5igatud 10 mm paksust koel\u00f5iku, neist 2\u20133 l\u00f5iku \u00fches 1,5 mL katsutis Veri: 4 mL<\/td><\/tr><tr><td><\/td><td><strong>S\u00e4ilivus<\/strong><\/td><td>Veri ja v\u00e4rske koematerjal +4 \u00b0C \u00fcks n\u00e4dal NB! Mitte k\u00fclmutada!<\/td><\/tr><\/tbody><\/table><\/figure>\n\n\n\n<p>Teiste uuringumaterjalide osas konsulteerida geneetikakeskuse arstidega.<\/p>\n\n\n\n<p class=\"has-medium-font-size\"><strong>Anal\u00fc\u00fcsi tegemise aeg: <\/strong>t\u00f6\u00f6p\u00e4eviti, tulemuse saamine 15 p\u00e4eva jooksul<\/p>\n\n\n\n<p class=\"has-medium-font-size\"><strong>Anal\u00fc\u00fcsimeetod: <\/strong>pol\u00fcmeraasi ahelreaktsioon (PCR), fragmentanal\u00fc\u00fcs<\/p>\n\n\n\n<p class=\"has-medium-font-size\"><strong>Vastuse vorm:<\/strong> genot\u00fc\u00fcp ja interpretatsioon<\/p>\n\n\n\n<p class=\"has-medium-font-size\"><strong>N\u00e4idustus<\/strong><\/p>\n\n\n\n<p>Maliigse l\u00fcmfoproliferatiivse haiguse kahtlus. Antud uuring ei ole sobilik minimaalse residuaalhaiguse hindamiseks.<\/p>\n\n\n\n<p>Koostajad: \u00dclle Murumets, Neeme T\u00f5nisson<br>Muudetud 20.10.2022<\/p>\n","protected":false},"excerpt":{"rendered":"<p>Geneetika ja personaalmeditsiini kliinik, laboratoorse geneetika osakond, molekulaardiagnostika labor, tel. 731 9487, www.kliinikum.ee\/geneetika Anal\u00fc\u00fcsid: B-l\u00fcmfots\u00fc\u00fctide klonaalsus - IGH ja IGK lookuste \u00fcmberkorraldused B-l\u00fcmfots\u00fc\u00fctide klonaalsus - IGL lookuse \u00fcmberkorraldused T-l\u00fcmfots\u00fc\u00fctide klonaalsus - TCRB ja TCRG lookuste \u00fcmberkorraldused T-l\u00fcmfots\u00fc\u00fctide klonaalsus - TCRD lookuse \u00fcmberkorraldused B- ja T-l\u00fcmfots\u00fc\u00fctide k\u00fcpsemise k\u00e4igus toimuvad antigeeniretseptorite \u00fcmberkorraldused, mis on iga raku jaoks [&hellip;]<\/p>\n","protected":false},"author":38,"featured_media":0,"parent":7320,"menu_order":2,"comment_status":"closed","ping_status":"closed","template":"","meta":{"_uag_custom_page_level_css":"","footnotes":""},"class_list":["post-12220","page","type-page","status-publish","hentry"],"acf":[],"yoast_head":"<!-- This site is optimized with the Yoast SEO plugin v27.3 - https:\/\/yoast.com\/product\/yoast-seo-wordpress\/ -->\n<title>B- ja T-l\u00fcmfots\u00fc\u00fctide klonaalsus - \u00dchendlabor<\/title>\n<meta name=\"robots\" content=\"index, follow, max-snippet:-1, max-image-preview:large, max-video-preview:-1\" \/>\n<link rel=\"canonical\" href=\"https:\/\/www.kliinikum.ee\/yhendlabor\/kasiraamat\/vereloome-kasvajate-uuringud\/b-ja-t-lumfotsuutide-klonaalsus\/\" \/>\n<meta property=\"og:locale\" content=\"et_EE\" \/>\n<meta property=\"og:type\" content=\"article\" \/>\n<meta property=\"og:title\" content=\"B- ja T-l\u00fcmfots\u00fc\u00fctide klonaalsus - \u00dchendlabor\" \/>\n<meta property=\"og:description\" content=\"Geneetika ja personaalmeditsiini kliinik, laboratoorse geneetika osakond, molekulaardiagnostika labor, tel. 731 9487, www.kliinikum.ee\/geneetika Anal\u00fc\u00fcsid: B-l\u00fcmfots\u00fc\u00fctide klonaalsus - IGH ja IGK lookuste \u00fcmberkorraldused B-l\u00fcmfots\u00fc\u00fctide klonaalsus - IGL lookuse \u00fcmberkorraldused T-l\u00fcmfots\u00fc\u00fctide klonaalsus - TCRB ja TCRG lookuste \u00fcmberkorraldused T-l\u00fcmfots\u00fc\u00fctide klonaalsus - TCRD lookuse \u00fcmberkorraldused B- ja T-l\u00fcmfots\u00fc\u00fctide k\u00fcpsemise k\u00e4igus toimuvad antigeeniretseptorite \u00fcmberkorraldused, mis on iga raku jaoks [&hellip;]\" \/>\n<meta property=\"og:url\" content=\"https:\/\/www.kliinikum.ee\/yhendlabor\/kasiraamat\/vereloome-kasvajate-uuringud\/b-ja-t-lumfotsuutide-klonaalsus\/\" \/>\n<meta property=\"og:site_name\" content=\"\u00dchendlabor\" \/>\n<meta property=\"article:modified_time\" content=\"2025-12-11T21:39:49+00:00\" \/>\n<meta name=\"twitter:card\" content=\"summary_large_image\" \/>\n<meta name=\"twitter:label1\" content=\"Est. reading time\" \/>\n\t<meta name=\"twitter:data1\" content=\"2 minutit\" \/>\n<script type=\"application\/ld+json\" class=\"yoast-schema-graph\">{\"@context\":\"https:\\\/\\\/schema.org\",\"@graph\":[{\"@type\":\"WebPage\",\"@id\":\"https:\\\/\\\/www.kliinikum.ee\\\/yhendlabor\\\/kasiraamat\\\/vereloome-kasvajate-uuringud\\\/b-ja-t-lumfotsuutide-klonaalsus\\\/\",\"url\":\"https:\\\/\\\/www.kliinikum.ee\\\/yhendlabor\\\/kasiraamat\\\/vereloome-kasvajate-uuringud\\\/b-ja-t-lumfotsuutide-klonaalsus\\\/\",\"name\":\"B- ja T-l\u00fcmfots\u00fc\u00fctide klonaalsus - \u00dchendlabor\",\"isPartOf\":{\"@id\":\"https:\\\/\\\/www.kliinikum.ee\\\/yhendlabor\\\/#website\"},\"datePublished\":\"2025-07-22T10:13:13+00:00\",\"dateModified\":\"2025-12-11T21:39:49+00:00\",\"breadcrumb\":{\"@id\":\"https:\\\/\\\/www.kliinikum.ee\\\/yhendlabor\\\/kasiraamat\\\/vereloome-kasvajate-uuringud\\\/b-ja-t-lumfotsuutide-klonaalsus\\\/#breadcrumb\"},\"inLanguage\":\"et\",\"potentialAction\":[{\"@type\":\"ReadAction\",\"target\":[\"https:\\\/\\\/www.kliinikum.ee\\\/yhendlabor\\\/kasiraamat\\\/vereloome-kasvajate-uuringud\\\/b-ja-t-lumfotsuutide-klonaalsus\\\/\"]}]},{\"@type\":\"BreadcrumbList\",\"@id\":\"https:\\\/\\\/www.kliinikum.ee\\\/yhendlabor\\\/kasiraamat\\\/vereloome-kasvajate-uuringud\\\/b-ja-t-lumfotsuutide-klonaalsus\\\/#breadcrumb\",\"itemListElement\":[{\"@type\":\"ListItem\",\"position\":1,\"name\":\"Home\",\"item\":\"https:\\\/\\\/www.kliinikum.ee\\\/yhendlabor\\\/\"},{\"@type\":\"ListItem\",\"position\":2,\"name\":\"K\u00e4siraamat\",\"item\":\"https:\\\/\\\/www.kliinikum.ee\\\/yhendlabor\\\/kasiraamat\\\/\"},{\"@type\":\"ListItem\",\"position\":3,\"name\":\"Vereloome kasvajate uuringud\",\"item\":\"https:\\\/\\\/www.kliinikum.ee\\\/yhendlabor\\\/kasiraamat\\\/vereloome-kasvajate-uuringud\\\/\"},{\"@type\":\"ListItem\",\"position\":4,\"name\":\"B- ja T-l\u00fcmfots\u00fc\u00fctide klonaalsus\"}]},{\"@type\":\"WebSite\",\"@id\":\"https:\\\/\\\/www.kliinikum.ee\\\/yhendlabor\\\/#website\",\"url\":\"https:\\\/\\\/www.kliinikum.ee\\\/yhendlabor\\\/\",\"name\":\"\u00dchendlabor\",\"description\":\"Hoolivus, Uuendusmeelsus, P\u00e4devus ja Usaldusv\u00e4\u00e4rsus\",\"potentialAction\":[{\"@type\":\"SearchAction\",\"target\":{\"@type\":\"EntryPoint\",\"urlTemplate\":\"https:\\\/\\\/www.kliinikum.ee\\\/yhendlabor\\\/?s={search_term_string}\"},\"query-input\":{\"@type\":\"PropertyValueSpecification\",\"valueRequired\":true,\"valueName\":\"search_term_string\"}}],\"inLanguage\":\"et\"}]}<\/script>\n<!-- \/ Yoast SEO plugin. -->","yoast_head_json":{"title":"B- ja T-l\u00fcmfots\u00fc\u00fctide klonaalsus - \u00dchendlabor","robots":{"index":"index","follow":"follow","max-snippet":"max-snippet:-1","max-image-preview":"max-image-preview:large","max-video-preview":"max-video-preview:-1"},"canonical":"https:\/\/www.kliinikum.ee\/yhendlabor\/kasiraamat\/vereloome-kasvajate-uuringud\/b-ja-t-lumfotsuutide-klonaalsus\/","og_locale":"et_EE","og_type":"article","og_title":"B- ja T-l\u00fcmfots\u00fc\u00fctide klonaalsus - \u00dchendlabor","og_description":"Geneetika ja personaalmeditsiini kliinik, laboratoorse geneetika osakond, molekulaardiagnostika labor, tel. 731 9487, www.kliinikum.ee\/geneetika Anal\u00fc\u00fcsid: B-l\u00fcmfots\u00fc\u00fctide klonaalsus - IGH ja IGK lookuste \u00fcmberkorraldused B-l\u00fcmfots\u00fc\u00fctide klonaalsus - IGL lookuse \u00fcmberkorraldused T-l\u00fcmfots\u00fc\u00fctide klonaalsus - TCRB ja TCRG lookuste \u00fcmberkorraldused T-l\u00fcmfots\u00fc\u00fctide klonaalsus - TCRD lookuse \u00fcmberkorraldused B- ja T-l\u00fcmfots\u00fc\u00fctide k\u00fcpsemise k\u00e4igus toimuvad antigeeniretseptorite \u00fcmberkorraldused, mis on iga raku jaoks [&hellip;]","og_url":"https:\/\/www.kliinikum.ee\/yhendlabor\/kasiraamat\/vereloome-kasvajate-uuringud\/b-ja-t-lumfotsuutide-klonaalsus\/","og_site_name":"\u00dchendlabor","article_modified_time":"2025-12-11T21:39:49+00:00","twitter_card":"summary_large_image","twitter_misc":{"Est. reading time":"2 minutit"},"schema":{"@context":"https:\/\/schema.org","@graph":[{"@type":"WebPage","@id":"https:\/\/www.kliinikum.ee\/yhendlabor\/kasiraamat\/vereloome-kasvajate-uuringud\/b-ja-t-lumfotsuutide-klonaalsus\/","url":"https:\/\/www.kliinikum.ee\/yhendlabor\/kasiraamat\/vereloome-kasvajate-uuringud\/b-ja-t-lumfotsuutide-klonaalsus\/","name":"B- ja T-l\u00fcmfots\u00fc\u00fctide klonaalsus - \u00dchendlabor","isPartOf":{"@id":"https:\/\/www.kliinikum.ee\/yhendlabor\/#website"},"datePublished":"2025-07-22T10:13:13+00:00","dateModified":"2025-12-11T21:39:49+00:00","breadcrumb":{"@id":"https:\/\/www.kliinikum.ee\/yhendlabor\/kasiraamat\/vereloome-kasvajate-uuringud\/b-ja-t-lumfotsuutide-klonaalsus\/#breadcrumb"},"inLanguage":"et","potentialAction":[{"@type":"ReadAction","target":["https:\/\/www.kliinikum.ee\/yhendlabor\/kasiraamat\/vereloome-kasvajate-uuringud\/b-ja-t-lumfotsuutide-klonaalsus\/"]}]},{"@type":"BreadcrumbList","@id":"https:\/\/www.kliinikum.ee\/yhendlabor\/kasiraamat\/vereloome-kasvajate-uuringud\/b-ja-t-lumfotsuutide-klonaalsus\/#breadcrumb","itemListElement":[{"@type":"ListItem","position":1,"name":"Home","item":"https:\/\/www.kliinikum.ee\/yhendlabor\/"},{"@type":"ListItem","position":2,"name":"K\u00e4siraamat","item":"https:\/\/www.kliinikum.ee\/yhendlabor\/kasiraamat\/"},{"@type":"ListItem","position":3,"name":"Vereloome kasvajate uuringud","item":"https:\/\/www.kliinikum.ee\/yhendlabor\/kasiraamat\/vereloome-kasvajate-uuringud\/"},{"@type":"ListItem","position":4,"name":"B- ja T-l\u00fcmfots\u00fc\u00fctide klonaalsus"}]},{"@type":"WebSite","@id":"https:\/\/www.kliinikum.ee\/yhendlabor\/#website","url":"https:\/\/www.kliinikum.ee\/yhendlabor\/","name":"\u00dchendlabor","description":"Hoolivus, Uuendusmeelsus, P\u00e4devus ja Usaldusv\u00e4\u00e4rsus","potentialAction":[{"@type":"SearchAction","target":{"@type":"EntryPoint","urlTemplate":"https:\/\/www.kliinikum.ee\/yhendlabor\/?s={search_term_string}"},"query-input":{"@type":"PropertyValueSpecification","valueRequired":true,"valueName":"search_term_string"}}],"inLanguage":"et"}]}},"uagb_featured_image_src":{"full":false,"thumbnail":false,"medium":false,"medium_large":false,"large":false,"1536x1536":false,"2048x2048":false},"uagb_author_info":{"display_name":"Kadi Siigur","author_link":"https:\/\/www.kliinikum.ee\/yhendlabor\/author\/kadisi\/"},"uagb_comment_info":0,"uagb_excerpt":"Geneetika ja personaalmeditsiini kliinik, laboratoorse geneetika osakond, molekulaardiagnostika labor, tel. 731 9487, www.kliinikum.ee\/geneetika Anal\u00fc\u00fcsid: B-l\u00fcmfots\u00fc\u00fctide klonaalsus - IGH ja IGK lookuste \u00fcmberkorraldused B-l\u00fcmfots\u00fc\u00fctide klonaalsus - IGL lookuse \u00fcmberkorraldused T-l\u00fcmfots\u00fc\u00fctide klonaalsus - TCRB ja TCRG lookuste \u00fcmberkorraldused T-l\u00fcmfots\u00fc\u00fctide klonaalsus - TCRD lookuse \u00fcmberkorraldused B- ja T-l\u00fcmfots\u00fc\u00fctide k\u00fcpsemise k\u00e4igus toimuvad antigeeniretseptorite \u00fcmberkorraldused, mis on iga raku jaoks&hellip;","_links":{"self":[{"href":"https:\/\/www.kliinikum.ee\/yhendlabor\/wp-json\/wp\/v2\/pages\/12220","targetHints":{"allow":["GET"]}}],"collection":[{"href":"https:\/\/www.kliinikum.ee\/yhendlabor\/wp-json\/wp\/v2\/pages"}],"about":[{"href":"https:\/\/www.kliinikum.ee\/yhendlabor\/wp-json\/wp\/v2\/types\/page"}],"author":[{"embeddable":true,"href":"https:\/\/www.kliinikum.ee\/yhendlabor\/wp-json\/wp\/v2\/users\/38"}],"replies":[{"embeddable":true,"href":"https:\/\/www.kliinikum.ee\/yhendlabor\/wp-json\/wp\/v2\/comments?post=12220"}],"version-history":[{"count":0,"href":"https:\/\/www.kliinikum.ee\/yhendlabor\/wp-json\/wp\/v2\/pages\/12220\/revisions"}],"up":[{"embeddable":true,"href":"https:\/\/www.kliinikum.ee\/yhendlabor\/wp-json\/wp\/v2\/pages\/7320"}],"wp:attachment":[{"href":"https:\/\/www.kliinikum.ee\/yhendlabor\/wp-json\/wp\/v2\/media?parent=12220"}],"curies":[{"name":"wp","href":"https:\/\/api.w.org\/{rel}","templated":true}]}}