{"id":12231,"date":"2025-07-22T12:37:08","date_gmt":"2025-07-22T10:37:08","guid":{"rendered":"https:\/\/www.kliinikum.ee\/yhendlabor\/?page_id=12231"},"modified":"2025-12-22T00:29:23","modified_gmt":"2025-12-21T22:29:23","slug":"immuunglobuliini-vabad-kapaahelad-s-ig-fkappa-ja-vabad-lambdaahelad-s-ig-flambda-vabade-kapa-ja-lambdaahelate-suhe-s-ig-fkappa-s-ig-flambda","status":"publish","type":"page","link":"https:\/\/www.kliinikum.ee\/yhendlabor\/kasiraamat\/vereloome-kasvajate-uuringud\/immuunglobuliini-vabad-kapaahelad-s-ig-fkappa-ja-vabad-lambdaahelad-s-ig-flambda-vabade-kapa-ja-lambdaahelate-suhe-s-ig-fkappa-s-ig-flambda\/","title":{"rendered":"Immuunglobuliini vabad kapaahelad (S-Ig fKappa) ja vabad lambdaahelad (S-Ig fLambda), vabade kapa- ja lambdaahelate suhe (S-Ig fKappa\/S-Ig fLambda)"},"content":{"rendered":"\n<p><em>Kliinilise keemia ja laboratoorse hematoloogia osakond<\/em><\/p>\n\n\n\n<p>T\u00fc\u00fcpiline <strong>immuunglobuliin <\/strong>koosneb kahest identsest suurest (50\u201370 kD) pol\u00fcpeptiidsest ahelast (nn rasked ahelad), mis m\u00e4\u00e4ravad immuunglobuliini klassi, ning kahest identsest v\u00e4ikesest ehk nn kergest (23 kD) pol\u00fcpeptiidsest ahelast. Kergeid ahelaid on kahte t\u00fc\u00fcpi: kapaahelad ja lambdaahelad. Kerged ja rasked ahelad on omavahel seotud disulfiidsidemete abil. Tervetel isikutel on enamus kergetest ahelatest seotud raskete ahelatega, siiski leidub seerumis ka v\u00e4ike hulk vabu kergeid ahelaid.<\/p>\n\n\n\n<p>Monoklonaalsete gammopaatiate korral v\u00f5idakse kergeid ahelaid produtseerida kasvajalise plasmarakkude klooni poolt \u00fclehulgas nii immuunglobuliinide koosseisus, kui ka vabade kergete ahelatena. Vabade kergete ahelate poolestusaeg on v\u00e4ga l\u00fchike (2\u20136 tundi), mist\u00f5ttu on nende abil kiiresti v\u00f5imalik hinnata ravi efektiivsust. Vabade kergete ahelate eliminatsioon toimub neerude kaudu ning nende ladestumine neerudesse v\u00f5ib p\u00f5hjustada neerukahjustust.<\/p>\n\n\n\n<p>Vabade kergete ahelate m\u00e4\u00e4ramine seerumis on koos seerumi valkude elektroforeesi ja immuunfiksatsiooniga esmaseks uuringuks monoklonaalsete gammopaatiate kahtluse korral. <strong><\/strong><\/p>\n\n\n\n<p class=\"has-medium-font-size\"><strong>Uuritav materjal, selle v\u00f5tmine, saatmine ja s\u00e4ilitamine<\/strong><\/p>\n\n\n\n<figure class=\"wp-block-table is-style-stripes\"><table width=\"100%\"><tbody><tr><td width=\"1%\"><\/td><td width=\"15%\"><strong>Katsuti<\/strong><\/td><td width=\"84%\">Geeli ja h\u00fc\u00fcbimisaktivaatoriga katsuti (punane kollase r\u00f5ngaga v\u00f5i kollane kork)<\/td><\/tr><tr><td><\/td><td><strong>S\u00e4ilivus<\/strong><\/td><td>Seerum +4 \u00b0C kolm n\u00e4dalat, -20 \u00b0C pikemat aega<\/td><\/tr><\/tbody><\/table><\/figure>\n\n\n\n<p class=\"has-medium-font-size\"><strong>Anal\u00fc\u00fcsi tegemise aeg: <\/strong>t\u00f6\u00f6p\u00e4eviti<\/p>\n\n\n\n<p class=\"has-medium-font-size\"><strong>Anal\u00fc\u00fcsimeetod: <\/strong>immuunturbidimeetriline meetod<\/p>\n\n\n\n<p class=\"has-medium-font-size\"><strong>Referentsv\u00e4\u00e4rtused<\/strong><\/p>\n\n\n\n<figure class=\"wp-block-table\"><table width=\"100%\"><tbody><tr><td width=\"1%\"><\/td><td width=\"15%\"><strong>\u2265 18 a<\/strong><\/td><td width=\"50%\">S-Ig fKappa<\/td><td width=\"34%\">2,37\u201320,73 mg\/L<\/td><\/tr><tr><td><\/td><td><\/td><td>S-Ig fLambda<\/td><td>4,23\u201327,69 mg\/L<\/td><\/tr><tr><td><\/td><td><\/td><td>S-Ig fKappa\/S-Ig fLambda<\/td><td>0,22\u20131,74<\/td><\/tr><\/tbody><\/table><\/figure>\n\n\n\n<p class=\"has-medium-font-size\"><strong>N\u00e4idustus ja kliiniline t\u00e4hendus<\/strong><\/p>\n\n\n\n<p>Plasmarakuliste kasvajate (m\u00fceloomi erinevad vormid, Waldenstr\u00f6mi makroglobulineemia, AL am\u00fcloidoos, kergete ahelate ladestust\u00f5bi, ebaselge t\u00e4hendusega monoklonaalne gammopaatia \u2013 MGUS, solitaarne plasmots\u00fctoom) ning l\u00fcmfoproliferatiivsete haiguste diagnostika ja ravi efektiivsuse hindamine. Progresseerumise hindamine, remissiooni ja retsidiivide tuvastamine, patsientide prognoosi hindamine eelpooltoodud haiguste korral.<\/p>\n\n\n\n<p>Nimetatud haiguste korral on kas vabade kapa- v\u00f5i lambdaahelate kontsentratsioon seerumis suurenenud ning seet\u00f5ttu muutunud ka kapa- ja lambdaahelate suhe. Erandiks on biklonaalne v\u00f5i multiklonaalne gammopaatia, kui suurenenud v\u00f5ib olla m\u00f5lema vaba kerge ahela kontsentratsioon ning kapa- ja lambdaahelate suhe ei pruugi seet\u00f5ttu olla muutunud.<\/p>\n\n\n\n<p>Pol\u00fcklonaalset vabade kergete ahelate kontsentratsiooni suurenemist on t\u00e4heldatud m\u00f5ningate autoimmuunhaiguste, n\u00e4iteks s\u00fcsteemse er\u00fctematoosse luupuse korral, samuti neerupuudulikkuse korral. Sel juhul on kapa- ja lambdaahelate suhe enamasti referentsv\u00e4\u00e4rtuste piires.<\/p>\n\n\n\n<p>Vabade kergete ahelate kontsentratsiooni v\u00e4henemist on t\u00e4heldatud luu\u00fcdi supressiooni korral.<\/p>\n\n\n\n<p>Vt ka: <a href=\"https:\/\/www.kliinikum.ee\/yhendlabor\/kasiraamat\/vereloome-kasvajate-uuringud\/valkude-fraktsioonid-seerumis-s-prot-fr\/\">Valkude fraktsioonid seerumis<\/a><br><a href=\"https:\/\/www.kliinikum.ee\/yhendlabor\/kasiraamat\/vereloome-kasvajate-uuringud\/monoklonaalsed-immuunglobuliinid-seerumis-s-monoclon-ig\/\">Monoklonaalsed immuunglobuliinid seerumis<\/a><\/p>\n\n\n\n<p>Koostaja: Katrin Reimand<br>Muudetud 15.02.2023<\/p>\n","protected":false},"excerpt":{"rendered":"<p>Kliinilise keemia ja laboratoorse hematoloogia osakond T\u00fc\u00fcpiline immuunglobuliin koosneb kahest identsest suurest (50\u201370 kD) pol\u00fcpeptiidsest ahelast (nn rasked ahelad), mis m\u00e4\u00e4ravad immuunglobuliini klassi, ning kahest identsest v\u00e4ikesest ehk nn kergest (23 kD) pol\u00fcpeptiidsest ahelast. Kergeid ahelaid on kahte t\u00fc\u00fcpi: kapaahelad ja lambdaahelad. Kerged ja rasked ahelad on omavahel seotud disulfiidsidemete abil. Tervetel isikutel on enamus [&hellip;]<\/p>\n","protected":false},"author":38,"featured_media":0,"parent":7320,"menu_order":4,"comment_status":"closed","ping_status":"closed","template":"","meta":{"_uag_custom_page_level_css":"","footnotes":""},"class_list":["post-12231","page","type-page","status-publish","hentry"],"acf":[],"yoast_head":"<!-- This site is optimized with the Yoast SEO plugin v27.3 - https:\/\/yoast.com\/product\/yoast-seo-wordpress\/ -->\n<title>Immuunglobuliini vabad kapaahelad (S-Ig fKappa) ja vabad lambdaahelad (S-Ig fLambda), vabade kapa- ja lambdaahelate suhe (S-Ig fKappa\/S-Ig fLambda) - \u00dchendlabor<\/title>\n<meta name=\"robots\" content=\"index, follow, max-snippet:-1, max-image-preview:large, max-video-preview:-1\" \/>\n<link rel=\"canonical\" href=\"https:\/\/www.kliinikum.ee\/yhendlabor\/kasiraamat\/vereloome-kasvajate-uuringud\/immuunglobuliini-vabad-kapaahelad-s-ig-fkappa-ja-vabad-lambdaahelad-s-ig-flambda-vabade-kapa-ja-lambdaahelate-suhe-s-ig-fkappa-s-ig-flambda\/\" \/>\n<meta property=\"og:locale\" content=\"et_EE\" \/>\n<meta property=\"og:type\" content=\"article\" \/>\n<meta property=\"og:title\" content=\"Immuunglobuliini vabad kapaahelad (S-Ig fKappa) ja vabad lambdaahelad (S-Ig fLambda), vabade kapa- ja lambdaahelate suhe (S-Ig fKappa\/S-Ig fLambda) - \u00dchendlabor\" \/>\n<meta property=\"og:description\" content=\"Kliinilise keemia ja laboratoorse hematoloogia osakond T\u00fc\u00fcpiline immuunglobuliin koosneb kahest identsest suurest (50\u201370 kD) pol\u00fcpeptiidsest ahelast (nn rasked ahelad), mis m\u00e4\u00e4ravad immuunglobuliini klassi, ning kahest identsest v\u00e4ikesest ehk nn kergest (23 kD) pol\u00fcpeptiidsest ahelast. Kergeid ahelaid on kahte t\u00fc\u00fcpi: kapaahelad ja lambdaahelad. Kerged ja rasked ahelad on omavahel seotud disulfiidsidemete abil. Tervetel isikutel on enamus [&hellip;]\" \/>\n<meta property=\"og:url\" content=\"https:\/\/www.kliinikum.ee\/yhendlabor\/kasiraamat\/vereloome-kasvajate-uuringud\/immuunglobuliini-vabad-kapaahelad-s-ig-fkappa-ja-vabad-lambdaahelad-s-ig-flambda-vabade-kapa-ja-lambdaahelate-suhe-s-ig-fkappa-s-ig-flambda\/\" \/>\n<meta property=\"og:site_name\" content=\"\u00dchendlabor\" \/>\n<meta property=\"article:modified_time\" content=\"2025-12-21T22:29:23+00:00\" \/>\n<meta name=\"twitter:card\" content=\"summary_large_image\" \/>\n<meta name=\"twitter:label1\" content=\"Est. reading time\" \/>\n\t<meta name=\"twitter:data1\" content=\"2 minutit\" \/>\n<script type=\"application\/ld+json\" class=\"yoast-schema-graph\">{\"@context\":\"https:\\\/\\\/schema.org\",\"@graph\":[{\"@type\":\"WebPage\",\"@id\":\"https:\\\/\\\/www.kliinikum.ee\\\/yhendlabor\\\/kasiraamat\\\/vereloome-kasvajate-uuringud\\\/immuunglobuliini-vabad-kapaahelad-s-ig-fkappa-ja-vabad-lambdaahelad-s-ig-flambda-vabade-kapa-ja-lambdaahelate-suhe-s-ig-fkappa-s-ig-flambda\\\/\",\"url\":\"https:\\\/\\\/www.kliinikum.ee\\\/yhendlabor\\\/kasiraamat\\\/vereloome-kasvajate-uuringud\\\/immuunglobuliini-vabad-kapaahelad-s-ig-fkappa-ja-vabad-lambdaahelad-s-ig-flambda-vabade-kapa-ja-lambdaahelate-suhe-s-ig-fkappa-s-ig-flambda\\\/\",\"name\":\"Immuunglobuliini vabad kapaahelad (S-Ig fKappa) ja vabad lambdaahelad (S-Ig fLambda), vabade kapa- ja lambdaahelate suhe (S-Ig fKappa\\\/S-Ig fLambda) - \u00dchendlabor\",\"isPartOf\":{\"@id\":\"https:\\\/\\\/www.kliinikum.ee\\\/yhendlabor\\\/#website\"},\"datePublished\":\"2025-07-22T10:37:08+00:00\",\"dateModified\":\"2025-12-21T22:29:23+00:00\",\"breadcrumb\":{\"@id\":\"https:\\\/\\\/www.kliinikum.ee\\\/yhendlabor\\\/kasiraamat\\\/vereloome-kasvajate-uuringud\\\/immuunglobuliini-vabad-kapaahelad-s-ig-fkappa-ja-vabad-lambdaahelad-s-ig-flambda-vabade-kapa-ja-lambdaahelate-suhe-s-ig-fkappa-s-ig-flambda\\\/#breadcrumb\"},\"inLanguage\":\"et\",\"potentialAction\":[{\"@type\":\"ReadAction\",\"target\":[\"https:\\\/\\\/www.kliinikum.ee\\\/yhendlabor\\\/kasiraamat\\\/vereloome-kasvajate-uuringud\\\/immuunglobuliini-vabad-kapaahelad-s-ig-fkappa-ja-vabad-lambdaahelad-s-ig-flambda-vabade-kapa-ja-lambdaahelate-suhe-s-ig-fkappa-s-ig-flambda\\\/\"]}]},{\"@type\":\"BreadcrumbList\",\"@id\":\"https:\\\/\\\/www.kliinikum.ee\\\/yhendlabor\\\/kasiraamat\\\/vereloome-kasvajate-uuringud\\\/immuunglobuliini-vabad-kapaahelad-s-ig-fkappa-ja-vabad-lambdaahelad-s-ig-flambda-vabade-kapa-ja-lambdaahelate-suhe-s-ig-fkappa-s-ig-flambda\\\/#breadcrumb\",\"itemListElement\":[{\"@type\":\"ListItem\",\"position\":1,\"name\":\"Home\",\"item\":\"https:\\\/\\\/www.kliinikum.ee\\\/yhendlabor\\\/\"},{\"@type\":\"ListItem\",\"position\":2,\"name\":\"K\u00e4siraamat\",\"item\":\"https:\\\/\\\/www.kliinikum.ee\\\/yhendlabor\\\/kasiraamat\\\/\"},{\"@type\":\"ListItem\",\"position\":3,\"name\":\"Vereloome kasvajate uuringud\",\"item\":\"https:\\\/\\\/www.kliinikum.ee\\\/yhendlabor\\\/kasiraamat\\\/vereloome-kasvajate-uuringud\\\/\"},{\"@type\":\"ListItem\",\"position\":4,\"name\":\"Immuunglobuliini vabad kapaahelad (S-Ig fKappa) ja vabad lambdaahelad (S-Ig fLambda), vabade kapa- ja lambdaahelate suhe (S-Ig fKappa\\\/S-Ig fLambda)\"}]},{\"@type\":\"WebSite\",\"@id\":\"https:\\\/\\\/www.kliinikum.ee\\\/yhendlabor\\\/#website\",\"url\":\"https:\\\/\\\/www.kliinikum.ee\\\/yhendlabor\\\/\",\"name\":\"\u00dchendlabor\",\"description\":\"Hoolivus, Uuendusmeelsus, P\u00e4devus ja Usaldusv\u00e4\u00e4rsus\",\"potentialAction\":[{\"@type\":\"SearchAction\",\"target\":{\"@type\":\"EntryPoint\",\"urlTemplate\":\"https:\\\/\\\/www.kliinikum.ee\\\/yhendlabor\\\/?s={search_term_string}\"},\"query-input\":{\"@type\":\"PropertyValueSpecification\",\"valueRequired\":true,\"valueName\":\"search_term_string\"}}],\"inLanguage\":\"et\"}]}<\/script>\n<!-- \/ Yoast SEO plugin. -->","yoast_head_json":{"title":"Immuunglobuliini vabad kapaahelad (S-Ig fKappa) ja vabad lambdaahelad (S-Ig fLambda), vabade kapa- ja lambdaahelate suhe (S-Ig fKappa\/S-Ig fLambda) - \u00dchendlabor","robots":{"index":"index","follow":"follow","max-snippet":"max-snippet:-1","max-image-preview":"max-image-preview:large","max-video-preview":"max-video-preview:-1"},"canonical":"https:\/\/www.kliinikum.ee\/yhendlabor\/kasiraamat\/vereloome-kasvajate-uuringud\/immuunglobuliini-vabad-kapaahelad-s-ig-fkappa-ja-vabad-lambdaahelad-s-ig-flambda-vabade-kapa-ja-lambdaahelate-suhe-s-ig-fkappa-s-ig-flambda\/","og_locale":"et_EE","og_type":"article","og_title":"Immuunglobuliini vabad kapaahelad (S-Ig fKappa) ja vabad lambdaahelad (S-Ig fLambda), vabade kapa- ja lambdaahelate suhe (S-Ig fKappa\/S-Ig fLambda) - \u00dchendlabor","og_description":"Kliinilise keemia ja laboratoorse hematoloogia osakond T\u00fc\u00fcpiline immuunglobuliin koosneb kahest identsest suurest (50\u201370 kD) pol\u00fcpeptiidsest ahelast (nn rasked ahelad), mis m\u00e4\u00e4ravad immuunglobuliini klassi, ning kahest identsest v\u00e4ikesest ehk nn kergest (23 kD) pol\u00fcpeptiidsest ahelast. Kergeid ahelaid on kahte t\u00fc\u00fcpi: kapaahelad ja lambdaahelad. Kerged ja rasked ahelad on omavahel seotud disulfiidsidemete abil. Tervetel isikutel on enamus [&hellip;]","og_url":"https:\/\/www.kliinikum.ee\/yhendlabor\/kasiraamat\/vereloome-kasvajate-uuringud\/immuunglobuliini-vabad-kapaahelad-s-ig-fkappa-ja-vabad-lambdaahelad-s-ig-flambda-vabade-kapa-ja-lambdaahelate-suhe-s-ig-fkappa-s-ig-flambda\/","og_site_name":"\u00dchendlabor","article_modified_time":"2025-12-21T22:29:23+00:00","twitter_card":"summary_large_image","twitter_misc":{"Est. reading time":"2 minutit"},"schema":{"@context":"https:\/\/schema.org","@graph":[{"@type":"WebPage","@id":"https:\/\/www.kliinikum.ee\/yhendlabor\/kasiraamat\/vereloome-kasvajate-uuringud\/immuunglobuliini-vabad-kapaahelad-s-ig-fkappa-ja-vabad-lambdaahelad-s-ig-flambda-vabade-kapa-ja-lambdaahelate-suhe-s-ig-fkappa-s-ig-flambda\/","url":"https:\/\/www.kliinikum.ee\/yhendlabor\/kasiraamat\/vereloome-kasvajate-uuringud\/immuunglobuliini-vabad-kapaahelad-s-ig-fkappa-ja-vabad-lambdaahelad-s-ig-flambda-vabade-kapa-ja-lambdaahelate-suhe-s-ig-fkappa-s-ig-flambda\/","name":"Immuunglobuliini vabad kapaahelad (S-Ig fKappa) ja vabad lambdaahelad (S-Ig fLambda), vabade kapa- ja lambdaahelate suhe (S-Ig fKappa\/S-Ig fLambda) - \u00dchendlabor","isPartOf":{"@id":"https:\/\/www.kliinikum.ee\/yhendlabor\/#website"},"datePublished":"2025-07-22T10:37:08+00:00","dateModified":"2025-12-21T22:29:23+00:00","breadcrumb":{"@id":"https:\/\/www.kliinikum.ee\/yhendlabor\/kasiraamat\/vereloome-kasvajate-uuringud\/immuunglobuliini-vabad-kapaahelad-s-ig-fkappa-ja-vabad-lambdaahelad-s-ig-flambda-vabade-kapa-ja-lambdaahelate-suhe-s-ig-fkappa-s-ig-flambda\/#breadcrumb"},"inLanguage":"et","potentialAction":[{"@type":"ReadAction","target":["https:\/\/www.kliinikum.ee\/yhendlabor\/kasiraamat\/vereloome-kasvajate-uuringud\/immuunglobuliini-vabad-kapaahelad-s-ig-fkappa-ja-vabad-lambdaahelad-s-ig-flambda-vabade-kapa-ja-lambdaahelate-suhe-s-ig-fkappa-s-ig-flambda\/"]}]},{"@type":"BreadcrumbList","@id":"https:\/\/www.kliinikum.ee\/yhendlabor\/kasiraamat\/vereloome-kasvajate-uuringud\/immuunglobuliini-vabad-kapaahelad-s-ig-fkappa-ja-vabad-lambdaahelad-s-ig-flambda-vabade-kapa-ja-lambdaahelate-suhe-s-ig-fkappa-s-ig-flambda\/#breadcrumb","itemListElement":[{"@type":"ListItem","position":1,"name":"Home","item":"https:\/\/www.kliinikum.ee\/yhendlabor\/"},{"@type":"ListItem","position":2,"name":"K\u00e4siraamat","item":"https:\/\/www.kliinikum.ee\/yhendlabor\/kasiraamat\/"},{"@type":"ListItem","position":3,"name":"Vereloome kasvajate uuringud","item":"https:\/\/www.kliinikum.ee\/yhendlabor\/kasiraamat\/vereloome-kasvajate-uuringud\/"},{"@type":"ListItem","position":4,"name":"Immuunglobuliini vabad kapaahelad (S-Ig fKappa) ja vabad lambdaahelad (S-Ig fLambda), vabade kapa- ja lambdaahelate suhe (S-Ig fKappa\/S-Ig fLambda)"}]},{"@type":"WebSite","@id":"https:\/\/www.kliinikum.ee\/yhendlabor\/#website","url":"https:\/\/www.kliinikum.ee\/yhendlabor\/","name":"\u00dchendlabor","description":"Hoolivus, Uuendusmeelsus, P\u00e4devus ja Usaldusv\u00e4\u00e4rsus","potentialAction":[{"@type":"SearchAction","target":{"@type":"EntryPoint","urlTemplate":"https:\/\/www.kliinikum.ee\/yhendlabor\/?s={search_term_string}"},"query-input":{"@type":"PropertyValueSpecification","valueRequired":true,"valueName":"search_term_string"}}],"inLanguage":"et"}]}},"uagb_featured_image_src":{"full":false,"thumbnail":false,"medium":false,"medium_large":false,"large":false,"1536x1536":false,"2048x2048":false},"uagb_author_info":{"display_name":"Kadi Siigur","author_link":"https:\/\/www.kliinikum.ee\/yhendlabor\/author\/kadisi\/"},"uagb_comment_info":0,"uagb_excerpt":"Kliinilise keemia ja laboratoorse hematoloogia osakond T\u00fc\u00fcpiline immuunglobuliin koosneb kahest identsest suurest (50\u201370 kD) pol\u00fcpeptiidsest ahelast (nn rasked ahelad), mis m\u00e4\u00e4ravad immuunglobuliini klassi, ning kahest identsest v\u00e4ikesest ehk nn kergest (23 kD) pol\u00fcpeptiidsest ahelast. Kergeid ahelaid on kahte t\u00fc\u00fcpi: kapaahelad ja lambdaahelad. Kerged ja rasked ahelad on omavahel seotud disulfiidsidemete abil. Tervetel isikutel on enamus&hellip;","_links":{"self":[{"href":"https:\/\/www.kliinikum.ee\/yhendlabor\/wp-json\/wp\/v2\/pages\/12231","targetHints":{"allow":["GET"]}}],"collection":[{"href":"https:\/\/www.kliinikum.ee\/yhendlabor\/wp-json\/wp\/v2\/pages"}],"about":[{"href":"https:\/\/www.kliinikum.ee\/yhendlabor\/wp-json\/wp\/v2\/types\/page"}],"author":[{"embeddable":true,"href":"https:\/\/www.kliinikum.ee\/yhendlabor\/wp-json\/wp\/v2\/users\/38"}],"replies":[{"embeddable":true,"href":"https:\/\/www.kliinikum.ee\/yhendlabor\/wp-json\/wp\/v2\/comments?post=12231"}],"version-history":[{"count":0,"href":"https:\/\/www.kliinikum.ee\/yhendlabor\/wp-json\/wp\/v2\/pages\/12231\/revisions"}],"up":[{"embeddable":true,"href":"https:\/\/www.kliinikum.ee\/yhendlabor\/wp-json\/wp\/v2\/pages\/7320"}],"wp:attachment":[{"href":"https:\/\/www.kliinikum.ee\/yhendlabor\/wp-json\/wp\/v2\/media?parent=12231"}],"curies":[{"name":"wp","href":"https:\/\/api.w.org\/{rel}","templated":true}]}}