{"id":12235,"date":"2025-07-22T12:41:33","date_gmt":"2025-07-22T10:41:33","guid":{"rendered":"https:\/\/www.kliinikum.ee\/yhendlabor\/?page_id=12235"},"modified":"2025-12-12T00:02:26","modified_gmt":"2025-12-11T22:02:26","slug":"valkude-fraktsioonid-uriinis-u-prot-fr","status":"publish","type":"page","link":"https:\/\/www.kliinikum.ee\/yhendlabor\/kasiraamat\/vereloome-kasvajate-uuringud\/valkude-fraktsioonid-uriinis-u-prot-fr\/","title":{"rendered":"Valkude fraktsioonid uriinis (U-Prot-Fr)"},"content":{"rendered":"\n<p><em>Kliinilise keemia osakond, tel. 731 8316<\/em><\/p>\n\n\n\n<p><strong>Uriinis olevad valgud<\/strong> jaotuvad agaroosgeelil elektroforeetilise liikuvuse alusel viieks fraktsiooniks: albumiin, alfa-1-, alfa-2-, beeta-1-, beeta-2- ja gammaglobuliinid. Olenevalt neerup\u00e4smakeste kahjustuse raskusest satuvad uriini kas ainult madalamolekulaarsed valgud (albumiin, transferriin), s.o selektiivne proteinuuria, v\u00f5i ka suure molekulkaaluga valgud (immuunglobuliinid), s.o mitteselektiivne proteinuuria. Monoklonaalsete gammopaatiate korral v\u00f5ib uriinist leida nii intaktseid monoklonaalseid immuunglobuliine kui ka monoklonaalseid immuunglobuliinide vabu kapa- ja lambdaahelaid (Bence-Jonesi valk). Uriini valkude elektroforeesil leitud monoklonaalse komponendi t\u00fc\u00fcp tehakse kindlaks uriini valkude immuunfiksatsiooniga.<\/p>\n\n\n\n<p class=\"has-medium-font-size\"><strong>Uuritav materjal, selle v\u00f5tmine, saatmine ja s\u00e4ilitamine<\/strong><\/p>\n\n\n\n<figure class=\"wp-block-table is-style-stripes\"><table width=\"100%\"><tbody><tr><td width=\"1%\"><\/td><td width=\"20%\"><strong>Proovin\u00f5u<\/strong><\/td><td width=\"79%\">Uriinikatsuti v\u00f5i proovitops (50 mL)<\/td><\/tr><tr><td><\/td><td><strong>S\u00e4ilivus<\/strong><\/td><td>+4 \u00b0C \u00fcks n\u00e4dal, -20 \u00b0C n\u00e4dalaid<\/td><\/tr><\/tbody><\/table><\/figure>\n\n\n\n<p class=\"has-medium-font-size\"><strong>Anal\u00fc\u00fcsi tegemise aeg:<\/strong> t\u00f6\u00f6p\u00e4eviti<\/p>\n\n\n\n<p class=\"has-medium-font-size\"><strong>Anal\u00fc\u00fcsimeetod:<\/strong> agaroosgeel-elektroforees ja densitomeetria<\/p>\n\n\n\n<p class=\"has-medium-font-size\"><strong>Vastuse vorm<\/strong><\/p>\n\n\n\n<p>F\u00fcsioloogiliselt v\u00f5ib uriiniga erituda minimaalsetes kogustes albumiini ja muid madala molekulkaaluga valke, koguhulk &lt; 150 mg\/d.<\/p>\n\n\n\n<p>Vastus antakse laboriarsti otsusena proteinuuria selektiivsuse ja monoklonaalse komponendi esinemise suhtes.<\/p>\n\n\n\n<p class=\"has-medium-font-size\"><strong>N\u00e4idustus ja kliiniline t\u00e4hendus<\/strong><\/p>\n\n\n\n<p>Monoklonaalse komponendi tuvastamine uriinis. Proteinuuria selektiivsuse hindamine.<\/p>\n\n\n\n<p>Monoklonaalne komponent (M-komponent) esineb uriinis sageli selliste haiguste korral nagu m\u00fceloomt\u00f5bi v\u00f5i Waldenstr\u00f6mi makroglobulineemia, aga ka teiste l\u00fcmfoproliferatiivsete vereloome kasvajate korral. Samuti v\u00f5ib M-komponendi uriinis leida am\u00fcloidoosi ja kergete ahelate ladestust\u00f5ve korral.<\/p>\n\n\n\n<p>Selektiivne proteinuuria: erituvad madalamolekulaarsed valgud, nt albumiin, transferriin (beeta-1-globuliinide fraktsioon).<\/p>\n\n\n\n<p>Mitteselektiivne proteinuuria: erituvad ka suurema molekulkaaluga valgud, nt immuunglobuliinid (gammafraktsioon).<\/p>\n\n\n\n<p>Koostaja: Kaja Kallion<\/p>\n","protected":false},"excerpt":{"rendered":"<p>Kliinilise keemia osakond, tel. 731 8316 Uriinis olevad valgud jaotuvad agaroosgeelil elektroforeetilise liikuvuse alusel viieks fraktsiooniks: albumiin, alfa-1-, alfa-2-, beeta-1-, beeta-2- ja gammaglobuliinid. Olenevalt neerup\u00e4smakeste kahjustuse raskusest satuvad uriini kas ainult madalamolekulaarsed valgud (albumiin, transferriin), s.o selektiivne proteinuuria, v\u00f5i ka suure molekulkaaluga valgud (immuunglobuliinid), s.o mitteselektiivne proteinuuria. Monoklonaalsete gammopaatiate korral v\u00f5ib uriinist leida nii intaktseid [&hellip;]<\/p>\n","protected":false},"author":38,"featured_media":0,"parent":7320,"menu_order":12,"comment_status":"closed","ping_status":"closed","template":"","meta":{"_uag_custom_page_level_css":"","footnotes":""},"class_list":["post-12235","page","type-page","status-publish","hentry"],"acf":[],"yoast_head":"<!-- This site is optimized with the Yoast SEO plugin v27.3 - https:\/\/yoast.com\/product\/yoast-seo-wordpress\/ -->\n<title>Valkude fraktsioonid uriinis (U-Prot-Fr) - \u00dchendlabor<\/title>\n<meta name=\"robots\" content=\"index, follow, max-snippet:-1, max-image-preview:large, max-video-preview:-1\" \/>\n<link rel=\"canonical\" href=\"https:\/\/www.kliinikum.ee\/yhendlabor\/kasiraamat\/vereloome-kasvajate-uuringud\/valkude-fraktsioonid-uriinis-u-prot-fr\/\" \/>\n<meta property=\"og:locale\" content=\"et_EE\" \/>\n<meta property=\"og:type\" content=\"article\" \/>\n<meta property=\"og:title\" content=\"Valkude fraktsioonid uriinis (U-Prot-Fr) - \u00dchendlabor\" \/>\n<meta property=\"og:description\" content=\"Kliinilise keemia osakond, tel. 731 8316 Uriinis olevad valgud jaotuvad agaroosgeelil elektroforeetilise liikuvuse alusel viieks fraktsiooniks: albumiin, alfa-1-, alfa-2-, beeta-1-, beeta-2- ja gammaglobuliinid. Olenevalt neerup\u00e4smakeste kahjustuse raskusest satuvad uriini kas ainult madalamolekulaarsed valgud (albumiin, transferriin), s.o selektiivne proteinuuria, v\u00f5i ka suure molekulkaaluga valgud (immuunglobuliinid), s.o mitteselektiivne proteinuuria. Monoklonaalsete gammopaatiate korral v\u00f5ib uriinist leida nii intaktseid [&hellip;]\" \/>\n<meta property=\"og:url\" content=\"https:\/\/www.kliinikum.ee\/yhendlabor\/kasiraamat\/vereloome-kasvajate-uuringud\/valkude-fraktsioonid-uriinis-u-prot-fr\/\" \/>\n<meta property=\"og:site_name\" content=\"\u00dchendlabor\" \/>\n<meta property=\"article:modified_time\" content=\"2025-12-11T22:02:26+00:00\" \/>\n<meta name=\"twitter:card\" content=\"summary_large_image\" \/>\n<meta name=\"twitter:label1\" content=\"Est. reading time\" \/>\n\t<meta name=\"twitter:data1\" content=\"2 minutit\" \/>\n<script type=\"application\/ld+json\" class=\"yoast-schema-graph\">{\"@context\":\"https:\\\/\\\/schema.org\",\"@graph\":[{\"@type\":\"WebPage\",\"@id\":\"https:\\\/\\\/www.kliinikum.ee\\\/yhendlabor\\\/kasiraamat\\\/vereloome-kasvajate-uuringud\\\/valkude-fraktsioonid-uriinis-u-prot-fr\\\/\",\"url\":\"https:\\\/\\\/www.kliinikum.ee\\\/yhendlabor\\\/kasiraamat\\\/vereloome-kasvajate-uuringud\\\/valkude-fraktsioonid-uriinis-u-prot-fr\\\/\",\"name\":\"Valkude fraktsioonid uriinis (U-Prot-Fr) - \u00dchendlabor\",\"isPartOf\":{\"@id\":\"https:\\\/\\\/www.kliinikum.ee\\\/yhendlabor\\\/#website\"},\"datePublished\":\"2025-07-22T10:41:33+00:00\",\"dateModified\":\"2025-12-11T22:02:26+00:00\",\"breadcrumb\":{\"@id\":\"https:\\\/\\\/www.kliinikum.ee\\\/yhendlabor\\\/kasiraamat\\\/vereloome-kasvajate-uuringud\\\/valkude-fraktsioonid-uriinis-u-prot-fr\\\/#breadcrumb\"},\"inLanguage\":\"et\",\"potentialAction\":[{\"@type\":\"ReadAction\",\"target\":[\"https:\\\/\\\/www.kliinikum.ee\\\/yhendlabor\\\/kasiraamat\\\/vereloome-kasvajate-uuringud\\\/valkude-fraktsioonid-uriinis-u-prot-fr\\\/\"]}]},{\"@type\":\"BreadcrumbList\",\"@id\":\"https:\\\/\\\/www.kliinikum.ee\\\/yhendlabor\\\/kasiraamat\\\/vereloome-kasvajate-uuringud\\\/valkude-fraktsioonid-uriinis-u-prot-fr\\\/#breadcrumb\",\"itemListElement\":[{\"@type\":\"ListItem\",\"position\":1,\"name\":\"Home\",\"item\":\"https:\\\/\\\/www.kliinikum.ee\\\/yhendlabor\\\/\"},{\"@type\":\"ListItem\",\"position\":2,\"name\":\"K\u00e4siraamat\",\"item\":\"https:\\\/\\\/www.kliinikum.ee\\\/yhendlabor\\\/kasiraamat\\\/\"},{\"@type\":\"ListItem\",\"position\":3,\"name\":\"Vereloome kasvajate uuringud\",\"item\":\"https:\\\/\\\/www.kliinikum.ee\\\/yhendlabor\\\/kasiraamat\\\/vereloome-kasvajate-uuringud\\\/\"},{\"@type\":\"ListItem\",\"position\":4,\"name\":\"Valkude fraktsioonid uriinis (U-Prot-Fr)\"}]},{\"@type\":\"WebSite\",\"@id\":\"https:\\\/\\\/www.kliinikum.ee\\\/yhendlabor\\\/#website\",\"url\":\"https:\\\/\\\/www.kliinikum.ee\\\/yhendlabor\\\/\",\"name\":\"\u00dchendlabor\",\"description\":\"Hoolivus, Uuendusmeelsus, P\u00e4devus ja Usaldusv\u00e4\u00e4rsus\",\"potentialAction\":[{\"@type\":\"SearchAction\",\"target\":{\"@type\":\"EntryPoint\",\"urlTemplate\":\"https:\\\/\\\/www.kliinikum.ee\\\/yhendlabor\\\/?s={search_term_string}\"},\"query-input\":{\"@type\":\"PropertyValueSpecification\",\"valueRequired\":true,\"valueName\":\"search_term_string\"}}],\"inLanguage\":\"et\"}]}<\/script>\n<!-- \/ Yoast SEO plugin. -->","yoast_head_json":{"title":"Valkude fraktsioonid uriinis (U-Prot-Fr) - \u00dchendlabor","robots":{"index":"index","follow":"follow","max-snippet":"max-snippet:-1","max-image-preview":"max-image-preview:large","max-video-preview":"max-video-preview:-1"},"canonical":"https:\/\/www.kliinikum.ee\/yhendlabor\/kasiraamat\/vereloome-kasvajate-uuringud\/valkude-fraktsioonid-uriinis-u-prot-fr\/","og_locale":"et_EE","og_type":"article","og_title":"Valkude fraktsioonid uriinis (U-Prot-Fr) - \u00dchendlabor","og_description":"Kliinilise keemia osakond, tel. 731 8316 Uriinis olevad valgud jaotuvad agaroosgeelil elektroforeetilise liikuvuse alusel viieks fraktsiooniks: albumiin, alfa-1-, alfa-2-, beeta-1-, beeta-2- ja gammaglobuliinid. Olenevalt neerup\u00e4smakeste kahjustuse raskusest satuvad uriini kas ainult madalamolekulaarsed valgud (albumiin, transferriin), s.o selektiivne proteinuuria, v\u00f5i ka suure molekulkaaluga valgud (immuunglobuliinid), s.o mitteselektiivne proteinuuria. Monoklonaalsete gammopaatiate korral v\u00f5ib uriinist leida nii intaktseid [&hellip;]","og_url":"https:\/\/www.kliinikum.ee\/yhendlabor\/kasiraamat\/vereloome-kasvajate-uuringud\/valkude-fraktsioonid-uriinis-u-prot-fr\/","og_site_name":"\u00dchendlabor","article_modified_time":"2025-12-11T22:02:26+00:00","twitter_card":"summary_large_image","twitter_misc":{"Est. reading time":"2 minutit"},"schema":{"@context":"https:\/\/schema.org","@graph":[{"@type":"WebPage","@id":"https:\/\/www.kliinikum.ee\/yhendlabor\/kasiraamat\/vereloome-kasvajate-uuringud\/valkude-fraktsioonid-uriinis-u-prot-fr\/","url":"https:\/\/www.kliinikum.ee\/yhendlabor\/kasiraamat\/vereloome-kasvajate-uuringud\/valkude-fraktsioonid-uriinis-u-prot-fr\/","name":"Valkude fraktsioonid uriinis (U-Prot-Fr) - \u00dchendlabor","isPartOf":{"@id":"https:\/\/www.kliinikum.ee\/yhendlabor\/#website"},"datePublished":"2025-07-22T10:41:33+00:00","dateModified":"2025-12-11T22:02:26+00:00","breadcrumb":{"@id":"https:\/\/www.kliinikum.ee\/yhendlabor\/kasiraamat\/vereloome-kasvajate-uuringud\/valkude-fraktsioonid-uriinis-u-prot-fr\/#breadcrumb"},"inLanguage":"et","potentialAction":[{"@type":"ReadAction","target":["https:\/\/www.kliinikum.ee\/yhendlabor\/kasiraamat\/vereloome-kasvajate-uuringud\/valkude-fraktsioonid-uriinis-u-prot-fr\/"]}]},{"@type":"BreadcrumbList","@id":"https:\/\/www.kliinikum.ee\/yhendlabor\/kasiraamat\/vereloome-kasvajate-uuringud\/valkude-fraktsioonid-uriinis-u-prot-fr\/#breadcrumb","itemListElement":[{"@type":"ListItem","position":1,"name":"Home","item":"https:\/\/www.kliinikum.ee\/yhendlabor\/"},{"@type":"ListItem","position":2,"name":"K\u00e4siraamat","item":"https:\/\/www.kliinikum.ee\/yhendlabor\/kasiraamat\/"},{"@type":"ListItem","position":3,"name":"Vereloome kasvajate uuringud","item":"https:\/\/www.kliinikum.ee\/yhendlabor\/kasiraamat\/vereloome-kasvajate-uuringud\/"},{"@type":"ListItem","position":4,"name":"Valkude fraktsioonid uriinis (U-Prot-Fr)"}]},{"@type":"WebSite","@id":"https:\/\/www.kliinikum.ee\/yhendlabor\/#website","url":"https:\/\/www.kliinikum.ee\/yhendlabor\/","name":"\u00dchendlabor","description":"Hoolivus, Uuendusmeelsus, P\u00e4devus ja Usaldusv\u00e4\u00e4rsus","potentialAction":[{"@type":"SearchAction","target":{"@type":"EntryPoint","urlTemplate":"https:\/\/www.kliinikum.ee\/yhendlabor\/?s={search_term_string}"},"query-input":{"@type":"PropertyValueSpecification","valueRequired":true,"valueName":"search_term_string"}}],"inLanguage":"et"}]}},"uagb_featured_image_src":{"full":false,"thumbnail":false,"medium":false,"medium_large":false,"large":false,"1536x1536":false,"2048x2048":false},"uagb_author_info":{"display_name":"Kadi Siigur","author_link":"https:\/\/www.kliinikum.ee\/yhendlabor\/author\/kadisi\/"},"uagb_comment_info":0,"uagb_excerpt":"Kliinilise keemia osakond, tel. 731 8316 Uriinis olevad valgud jaotuvad agaroosgeelil elektroforeetilise liikuvuse alusel viieks fraktsiooniks: albumiin, alfa-1-, alfa-2-, beeta-1-, beeta-2- ja gammaglobuliinid. Olenevalt neerup\u00e4smakeste kahjustuse raskusest satuvad uriini kas ainult madalamolekulaarsed valgud (albumiin, transferriin), s.o selektiivne proteinuuria, v\u00f5i ka suure molekulkaaluga valgud (immuunglobuliinid), s.o mitteselektiivne proteinuuria. Monoklonaalsete gammopaatiate korral v\u00f5ib uriinist leida nii intaktseid&hellip;","_links":{"self":[{"href":"https:\/\/www.kliinikum.ee\/yhendlabor\/wp-json\/wp\/v2\/pages\/12235","targetHints":{"allow":["GET"]}}],"collection":[{"href":"https:\/\/www.kliinikum.ee\/yhendlabor\/wp-json\/wp\/v2\/pages"}],"about":[{"href":"https:\/\/www.kliinikum.ee\/yhendlabor\/wp-json\/wp\/v2\/types\/page"}],"author":[{"embeddable":true,"href":"https:\/\/www.kliinikum.ee\/yhendlabor\/wp-json\/wp\/v2\/users\/38"}],"replies":[{"embeddable":true,"href":"https:\/\/www.kliinikum.ee\/yhendlabor\/wp-json\/wp\/v2\/comments?post=12235"}],"version-history":[{"count":0,"href":"https:\/\/www.kliinikum.ee\/yhendlabor\/wp-json\/wp\/v2\/pages\/12235\/revisions"}],"up":[{"embeddable":true,"href":"https:\/\/www.kliinikum.ee\/yhendlabor\/wp-json\/wp\/v2\/pages\/7320"}],"wp:attachment":[{"href":"https:\/\/www.kliinikum.ee\/yhendlabor\/wp-json\/wp\/v2\/media?parent=12235"}],"curies":[{"name":"wp","href":"https:\/\/api.w.org\/{rel}","templated":true}]}}