{"id":12239,"date":"2025-07-22T12:49:40","date_gmt":"2025-07-22T10:49:40","guid":{"rendered":"https:\/\/www.kliinikum.ee\/yhendlabor\/?page_id=12239"},"modified":"2025-12-12T00:01:04","modified_gmt":"2025-12-11T22:01:04","slug":"valkude-fraktsioonid-seerumis-s-prot-fr","status":"publish","type":"page","link":"https:\/\/www.kliinikum.ee\/yhendlabor\/kasiraamat\/vereloome-kasvajate-uuringud\/valkude-fraktsioonid-seerumis-s-prot-fr\/","title":{"rendered":"Valkude fraktsioonid seerumis (S-Prot-Fr)"},"content":{"rendered":"\n<p><em>Kliinilise keemia osakond, tel. 731 8316, 731 8312, 731 8810<\/em><\/p>\n\n\n\n<p><strong>Seerumis olevad valgud<\/strong> jaotuvad agaroosgeelil elektroforeetilise liikuvuse alusel kuueks fraktsiooniks: albumiin, alfa-1-, alfa-2-, beeta-1-, beeta-2- ja gammaglobuliinid. Fraktsioonid (v.a albumiini fraktsioon) sisaldavad erinevate bioloogiliste omadustega valke. Peamised valgud globuliinide fraktsioonides, mille kontsentratsiooni muutused kajastuvad elektroforegrammil on:<\/p>\n\n\n\n<figure class=\"wp-block-table is-style-stripes\"><table width=\"100%\"><tbody><tr><td width=\"1%\"><\/td><td width=\"40%\">Alfa-1-globuliinide fraktsioon<\/td><td width=\"59%\">\u03b1<sub>1<\/sub>-antitr\u00fcpsiin, orosomukoid<\/td><\/tr><tr><td><\/td><td>Alfa-2-globuliinide fraktsioon<\/td><td>\u03b1<sub>2<\/sub>-makroglobuliin, haptoglobiin, tseruloplasmiin, \u03b1-lipoproteiinid<\/td><\/tr><tr><td><\/td><td>Beeta-1-globuliinide fraktsioon<\/td><td>transferriin, \u03b2-lipoproteiinid<\/td><\/tr><tr><td><\/td><td>Beeta-2-globuliinide fraktsioon<\/td><td>komplemendi komponent C<sub>3<\/sub><\/td><\/tr><tr><td><\/td><td>Gammaglobuliinide fraktsioon<\/td><td>IgG (\u00fclekaalukalt), IgA, IgM<\/td><\/tr><\/tbody><\/table><\/figure>\n\n\n\n<p>Seerumi valgufraktsioonides esineb sageli tunduvaid nihkeid, kuigi valgu koguhulk v\u00f5ib samal ajal olla muutusteta. Need nihked v\u00f5ivad olla tingitud geneetilistest teguritest, valgusisaldusest toidus, valkude imendumish\u00e4iretest, maksa- ja neeruhaigustest, organismi immuunvastusest jne. M\u00f5ningate haiguste puhul valgufraktsioonides tekkinud muutused kajastuvad iseloomulike muutustena elektroforegrammis.<\/p>\n\n\n\n<p class=\"has-medium-font-size\"><strong>Uuritav materjal, selle v\u00f5tmine, saatmine ja s\u00e4ilitamine<\/strong><\/p>\n\n\n\n<p>Proov ei tohi olla hemol\u00fc\u00fctiline!<\/p>\n\n\n\n<figure class=\"wp-block-table is-style-stripes\"><table width=\"100%\"><tbody><tr><td width=\"1%\"><\/td><td width=\"15%\"><strong>Katsuti<\/strong><\/td><td width=\"84%\">Geeli ja h\u00fc\u00fcbimisaktivaatoriga katsuti (kollane kork)<\/td><\/tr><tr><td><\/td><td><strong>S\u00e4ilivus<\/strong><\/td><td>Seerum +4 \u00b0C \u00fcks n\u00e4dal, -20 \u00b0C \u00fcks kuu<\/td><\/tr><\/tbody><\/table><\/figure>\n\n\n\n<p class=\"has-medium-font-size\"><strong>Anal\u00fc\u00fcsi tegemise aeg:<\/strong> t\u00f6\u00f6p\u00e4eviti<\/p>\n\n\n\n<p class=\"has-medium-font-size\"><strong>Anal\u00fc\u00fcsimeetod:<\/strong> agaroosgeel-elektroforees ja densitomeetria<\/p>\n\n\n\n<p class=\"has-medium-font-size\"><strong>Referentsv\u00e4\u00e4rtused<\/strong><\/p>\n\n\n\n<figure class=\"wp-block-table\"><table width=\"100%\"><tbody><tr><td width=\"1%\"><\/td><td width=\"19%\"><strong>\u2265 18 a<\/strong><\/td><td width=\"40%\">Albumiin<\/td><td width=\"40%\">35\u201352 g\/L<\/td><\/tr><tr><td><\/td><td><\/td><td>Globuliinid:<\/td><td><\/td><\/tr><tr><td><\/td><td>&nbsp;<\/td><td>\u2014 alfa-1<\/td><td>1,0\u20133,0 g\/L<\/td><\/tr><tr><td><\/td><td>&nbsp;<\/td><td>\u2014 alfa-2<\/td><td>4,0\u20138,0 g\/L<\/td><\/tr><tr><td><\/td><td>&nbsp;<\/td><td>\u2014 beeta-1<\/td><td>4,0\u20138,0 g\/L<\/td><\/tr><tr><td><\/td><td>&nbsp;<\/td><td>\u2014 beeta-2<\/td><td>2,0\u20137,0 g\/L<\/td><\/tr><tr><td><\/td><td>&nbsp;<\/td><td>\u2014 gamma<\/td><td>7,0\u201317,0 g\/L<\/td><\/tr><\/tbody><\/table><\/figure>\n\n\n\n<p class=\"has-medium-font-size\"><strong>N\u00e4idustus ja kliiniline t\u00e4hendus<\/strong><\/p>\n\n\n\n<p>Kahtlus monoklonaalsele gammopaatiale, haiguse kulu ja ravi j\u00e4lgimine monoklonaalsete gammopaatiate korral; h\u00fcpo- ja h\u00fcperproteineemia; maksa- ja neeruhaigused.<\/p>\n\n\n\n<p class=\"has-medium-font-size\"><strong>Albumiin<\/strong><\/p>\n\n\n\n<p>Kontsentratsiooni suurenemine: deh\u00fcdratatsioon. Kontsentratsiooni v\u00e4henemine: alatoitumus, s\u00fcnteesi h\u00e4ire&nbsp; (nt maksatsirroos), &nbsp;valgukaotusega seotud seisundid (nt nefrootiline s\u00fcndroom, p\u00f5letused jt), h\u00fcperh\u00fcdratatsioon, h\u00fcperkatabolismiga seotud seisundid (nt t\u00fcreotoksikoos, Cushingi t\u00f5bi).<\/p>\n\n\n\n<p class=\"has-medium-font-size\"><strong>Alfa-1-<\/strong><strong>globuliinid<\/strong><\/p>\n\n\n\n<p>Kontsentratsiooni suurenemine: \u00e4ge p\u00f5letik (tingituna \u00e4geda faasi valkude orosomukoidi ja \u03b1<sub>1<\/sub>-antitr\u00fcpsiini hulga suurenemisest). Kontsentratsiooni v\u00e4henemine: geneetiline \u03b1<sub>1<\/sub>-antitr\u00fcpsiini puudulikkus ning samuti alatoitumus, s\u00fcnteesi h\u00e4ire ja valgukaotusega seotud seisundid.<\/p>\n\n\n\n<p class=\"has-medium-font-size\"><strong>Alfa-2<\/strong><strong>-globuliinid<\/strong><\/p>\n\n\n\n<p>Kontsentratsiooni suurenemine: \u00e4ge p\u00f5letik (tingituna \u00e4geda faasi valgu haptoglobiini hulga suurenemisest), nefrootiline s\u00fcndroom (tingituna \u03b1<sub>2<\/sub>-makroglobuliini hulga suurenemisest). Kontsentratsiooni v\u00e4henemine: intravaskulaarne hemol\u00fc\u00fcs (tingituna haptoglobiini hulga v\u00e4henemisest) ning samuti alatoitumus, s\u00fcnteesi h\u00e4ire ja valgukaotusega seotud seisundid.<\/p>\n\n\n\n<p class=\"has-medium-font-size\"><strong>Beetaglobuliinid<\/strong><\/p>\n\n\n\n<p>Kontsentratsiooni suurenemine: beeta-1-globuliinide fraktsiooni suurenemine esineb rauavaeguse korral (tingituna transferriini hulga t\u00f5usust) ning \u00f6strogeenide taseme t\u00f5usu puhul. Beeta-2-globuliinide fraktsiooni suurenemine esineb mitmesuguste p\u00f5letikuliste protsesside korral (tingituna komplemendi (C<sub>3<\/sub>) hulga suurenemisest). Kontsentratsiooni v\u00e4henemine: beeta-1-globuliinide fraktsiooni v\u00e4henemine: alatoitumus, s\u00fcnteesi h\u00e4ire ja valgukaotusega seotud seisundid. Beeta-2-globuliinide fraktsiooni v\u00e4henemine: komplemendi s\u00fcsteemi intravaskulaarne aktivatsioon.<\/p>\n\n\n\n<p class=\"has-medium-font-size\"><strong>Gamma<\/strong><strong>globuliinid<\/strong><\/p>\n\n\n\n<p>Kontsentratsiooni suurenemine: monoklonaalne gammopaatia \u2013 \u00fche immuunglobuliini molekuli v\u00f5i selle osa s\u00fcntees \u00fche B-l\u00fcmfots\u00fc\u00fctide klooni proliferatsiooni t\u00f5ttu (erinevad m\u00fceloomi vormid, plasmots\u00fctoom, l\u00fcmfoom, leukeemia, Waldenstr\u00f6mi makroglobulineemia). Sageli kaasub normaalsete immuunglobuliinide s\u00fcnteesi supressioon. Monoklonaalne komponent <em>(M-spike)<\/em> v\u00f5ib esineda alfa-2- kuni gammaglobuliinide fraktsioonis. 3%-l \u00fcle 70-aastastest v\u00f5ib esineda nn healoomuline monoklonaalne gammopaatia <em>(MGUS \u2013 monoclonal gammopathy of undetermined significance)<\/em>. Pol\u00fcklonaalne gammopaatia: mitmesugused kroonilised infektsioonid, tuumorid, maksatsirroos jt maksahaigused, s\u00fcsteemsed sidekoehaigused, autoimmuunhaigused, l\u00fcmfoproliferatiivsed haigused. Oligoklonaalne gammopaatia: gammafraktsioonis esineb mitu oligoklonaalset v\u00f6\u00f6ti, leid on iseloomulik autoimmuunsetele haigustele, m\u00f5ningatele viirushaigustele (eriti AIDS, ka ts\u00fctomegaloviirusinfektsioon), v\u00f5ib esineda transplantatsiooni patsientidel.<\/p>\n\n\n\n<p>Kontsentratsiooni v\u00e4henemine: primaarne immuunpuudulikkus; pikaajaline kortikosteroidravi, immuunsupressiivne ja ts\u00fctostaatiline ravi; valgukaotusega seotud seisundid. Vasts\u00fcndinutel esineb f\u00fcsioloogiline h\u00fcpogammaglobulineemia.<\/p>\n\n\n\n<p>M\u00f5ningate patoloogiliste protsesside korral tekivad elektroforegrammil t\u00fc\u00fcpilised muutused.<\/p>\n\n\n\n<p>Monoklonaalne gammopaatia \u2013 selgesti eristuv v\u00f6\u00f6t (nn <em>M-spike<\/em>), mis v\u00f5ib paikneda alfa-2-globuliinide kuni gammaglobuliinide fraktsioonis.<\/p>\n\n\n\n<p>\u00c4ge p\u00f5letikureaktsioon \u2013 alfa-1- ja alfa-2-globuliinide fraktsiooni suurenemine, v\u00f5imalik albumiini kontsentratsiooni v\u00e4henemine. Paari n\u00e4dala m\u00f6\u00f6dudes gammaglobuliinide fraktsiooni pol\u00fcklonaalne suurenemine.<\/p>\n\n\n\n<p>Krooniline infektsioon, autoimmuunhaigus \u2013 gammaglobuliinide fraktsiooni pol\u00fcklonaalne suurenemine.<\/p>\n\n\n\n<p>Nefrootiline s\u00fcndroom \u2013 albumiini ja gammaglobuliinide fraktsiooni v\u00e4henemine, v\u00e4ljendunud alfa-2-globuliinide fraktsiooni suurenemine.<\/p>\n\n\n\n<p>Maksatsirroos \u2013 albumiini kontsentratsiooni v\u00e4henemine, gammaglobuliinide fraktsiooni pol\u00fcklonaalne suurenemine, nn beeta-gamma sild (beeta-2- ja gammaglobuliinide fraktsiooni \u201e\u00fchtesulamine\u201c tingituna IgA kontsentratsiooni suurenemisest).<\/p>\n\n\n\n<p>Koostaja: Katrin Reimand<\/p>\n","protected":false},"excerpt":{"rendered":"<p>Kliinilise keemia osakond, tel. 731 8316, 731 8312, 731 8810 Seerumis olevad valgud jaotuvad agaroosgeelil elektroforeetilise liikuvuse alusel kuueks fraktsiooniks: albumiin, alfa-1-, alfa-2-, beeta-1-, beeta-2- ja gammaglobuliinid. Fraktsioonid (v.a albumiini fraktsioon) sisaldavad erinevate bioloogiliste omadustega valke. Peamised valgud globuliinide fraktsioonides, mille kontsentratsiooni muutused kajastuvad elektroforegrammil on: Alfa-1-globuliinide fraktsioon \u03b11-antitr\u00fcpsiin, orosomukoid Alfa-2-globuliinide fraktsioon \u03b12-makroglobuliin, haptoglobiin, tseruloplasmiin, [&hellip;]<\/p>\n","protected":false},"author":38,"featured_media":0,"parent":7320,"menu_order":11,"comment_status":"closed","ping_status":"closed","template":"","meta":{"_uag_custom_page_level_css":"","footnotes":""},"class_list":["post-12239","page","type-page","status-publish","hentry"],"acf":[],"yoast_head":"<!-- This site is optimized with the Yoast SEO plugin v27.3 - https:\/\/yoast.com\/product\/yoast-seo-wordpress\/ -->\n<title>Valkude fraktsioonid seerumis (S-Prot-Fr) - \u00dchendlabor<\/title>\n<meta name=\"robots\" content=\"index, follow, max-snippet:-1, max-image-preview:large, max-video-preview:-1\" \/>\n<link rel=\"canonical\" href=\"https:\/\/www.kliinikum.ee\/yhendlabor\/kasiraamat\/vereloome-kasvajate-uuringud\/valkude-fraktsioonid-seerumis-s-prot-fr\/\" \/>\n<meta property=\"og:locale\" content=\"et_EE\" \/>\n<meta property=\"og:type\" content=\"article\" \/>\n<meta property=\"og:title\" content=\"Valkude fraktsioonid seerumis (S-Prot-Fr) - \u00dchendlabor\" \/>\n<meta property=\"og:description\" content=\"Kliinilise keemia osakond, tel. 731 8316, 731 8312, 731 8810 Seerumis olevad valgud jaotuvad agaroosgeelil elektroforeetilise liikuvuse alusel kuueks fraktsiooniks: albumiin, alfa-1-, alfa-2-, beeta-1-, beeta-2- ja gammaglobuliinid. Fraktsioonid (v.a albumiini fraktsioon) sisaldavad erinevate bioloogiliste omadustega valke. Peamised valgud globuliinide fraktsioonides, mille kontsentratsiooni muutused kajastuvad elektroforegrammil on: Alfa-1-globuliinide fraktsioon \u03b11-antitr\u00fcpsiin, orosomukoid Alfa-2-globuliinide fraktsioon \u03b12-makroglobuliin, haptoglobiin, tseruloplasmiin, [&hellip;]\" \/>\n<meta property=\"og:url\" content=\"https:\/\/www.kliinikum.ee\/yhendlabor\/kasiraamat\/vereloome-kasvajate-uuringud\/valkude-fraktsioonid-seerumis-s-prot-fr\/\" \/>\n<meta property=\"og:site_name\" content=\"\u00dchendlabor\" \/>\n<meta property=\"article:modified_time\" content=\"2025-12-11T22:01:04+00:00\" \/>\n<meta name=\"twitter:card\" content=\"summary_large_image\" \/>\n<meta name=\"twitter:label1\" content=\"Est. reading time\" \/>\n\t<meta name=\"twitter:data1\" content=\"3 minutit\" \/>\n<script type=\"application\/ld+json\" class=\"yoast-schema-graph\">{\"@context\":\"https:\\\/\\\/schema.org\",\"@graph\":[{\"@type\":\"WebPage\",\"@id\":\"https:\\\/\\\/www.kliinikum.ee\\\/yhendlabor\\\/kasiraamat\\\/vereloome-kasvajate-uuringud\\\/valkude-fraktsioonid-seerumis-s-prot-fr\\\/\",\"url\":\"https:\\\/\\\/www.kliinikum.ee\\\/yhendlabor\\\/kasiraamat\\\/vereloome-kasvajate-uuringud\\\/valkude-fraktsioonid-seerumis-s-prot-fr\\\/\",\"name\":\"Valkude fraktsioonid seerumis (S-Prot-Fr) - \u00dchendlabor\",\"isPartOf\":{\"@id\":\"https:\\\/\\\/www.kliinikum.ee\\\/yhendlabor\\\/#website\"},\"datePublished\":\"2025-07-22T10:49:40+00:00\",\"dateModified\":\"2025-12-11T22:01:04+00:00\",\"breadcrumb\":{\"@id\":\"https:\\\/\\\/www.kliinikum.ee\\\/yhendlabor\\\/kasiraamat\\\/vereloome-kasvajate-uuringud\\\/valkude-fraktsioonid-seerumis-s-prot-fr\\\/#breadcrumb\"},\"inLanguage\":\"et\",\"potentialAction\":[{\"@type\":\"ReadAction\",\"target\":[\"https:\\\/\\\/www.kliinikum.ee\\\/yhendlabor\\\/kasiraamat\\\/vereloome-kasvajate-uuringud\\\/valkude-fraktsioonid-seerumis-s-prot-fr\\\/\"]}]},{\"@type\":\"BreadcrumbList\",\"@id\":\"https:\\\/\\\/www.kliinikum.ee\\\/yhendlabor\\\/kasiraamat\\\/vereloome-kasvajate-uuringud\\\/valkude-fraktsioonid-seerumis-s-prot-fr\\\/#breadcrumb\",\"itemListElement\":[{\"@type\":\"ListItem\",\"position\":1,\"name\":\"Home\",\"item\":\"https:\\\/\\\/www.kliinikum.ee\\\/yhendlabor\\\/\"},{\"@type\":\"ListItem\",\"position\":2,\"name\":\"K\u00e4siraamat\",\"item\":\"https:\\\/\\\/www.kliinikum.ee\\\/yhendlabor\\\/kasiraamat\\\/\"},{\"@type\":\"ListItem\",\"position\":3,\"name\":\"Vereloome kasvajate uuringud\",\"item\":\"https:\\\/\\\/www.kliinikum.ee\\\/yhendlabor\\\/kasiraamat\\\/vereloome-kasvajate-uuringud\\\/\"},{\"@type\":\"ListItem\",\"position\":4,\"name\":\"Valkude fraktsioonid seerumis (S-Prot-Fr)\"}]},{\"@type\":\"WebSite\",\"@id\":\"https:\\\/\\\/www.kliinikum.ee\\\/yhendlabor\\\/#website\",\"url\":\"https:\\\/\\\/www.kliinikum.ee\\\/yhendlabor\\\/\",\"name\":\"\u00dchendlabor\",\"description\":\"Hoolivus, Uuendusmeelsus, P\u00e4devus ja Usaldusv\u00e4\u00e4rsus\",\"potentialAction\":[{\"@type\":\"SearchAction\",\"target\":{\"@type\":\"EntryPoint\",\"urlTemplate\":\"https:\\\/\\\/www.kliinikum.ee\\\/yhendlabor\\\/?s={search_term_string}\"},\"query-input\":{\"@type\":\"PropertyValueSpecification\",\"valueRequired\":true,\"valueName\":\"search_term_string\"}}],\"inLanguage\":\"et\"}]}<\/script>\n<!-- \/ Yoast SEO plugin. -->","yoast_head_json":{"title":"Valkude fraktsioonid seerumis (S-Prot-Fr) - \u00dchendlabor","robots":{"index":"index","follow":"follow","max-snippet":"max-snippet:-1","max-image-preview":"max-image-preview:large","max-video-preview":"max-video-preview:-1"},"canonical":"https:\/\/www.kliinikum.ee\/yhendlabor\/kasiraamat\/vereloome-kasvajate-uuringud\/valkude-fraktsioonid-seerumis-s-prot-fr\/","og_locale":"et_EE","og_type":"article","og_title":"Valkude fraktsioonid seerumis (S-Prot-Fr) - \u00dchendlabor","og_description":"Kliinilise keemia osakond, tel. 731 8316, 731 8312, 731 8810 Seerumis olevad valgud jaotuvad agaroosgeelil elektroforeetilise liikuvuse alusel kuueks fraktsiooniks: albumiin, alfa-1-, alfa-2-, beeta-1-, beeta-2- ja gammaglobuliinid. Fraktsioonid (v.a albumiini fraktsioon) sisaldavad erinevate bioloogiliste omadustega valke. Peamised valgud globuliinide fraktsioonides, mille kontsentratsiooni muutused kajastuvad elektroforegrammil on: Alfa-1-globuliinide fraktsioon \u03b11-antitr\u00fcpsiin, orosomukoid Alfa-2-globuliinide fraktsioon \u03b12-makroglobuliin, haptoglobiin, tseruloplasmiin, [&hellip;]","og_url":"https:\/\/www.kliinikum.ee\/yhendlabor\/kasiraamat\/vereloome-kasvajate-uuringud\/valkude-fraktsioonid-seerumis-s-prot-fr\/","og_site_name":"\u00dchendlabor","article_modified_time":"2025-12-11T22:01:04+00:00","twitter_card":"summary_large_image","twitter_misc":{"Est. reading time":"3 minutit"},"schema":{"@context":"https:\/\/schema.org","@graph":[{"@type":"WebPage","@id":"https:\/\/www.kliinikum.ee\/yhendlabor\/kasiraamat\/vereloome-kasvajate-uuringud\/valkude-fraktsioonid-seerumis-s-prot-fr\/","url":"https:\/\/www.kliinikum.ee\/yhendlabor\/kasiraamat\/vereloome-kasvajate-uuringud\/valkude-fraktsioonid-seerumis-s-prot-fr\/","name":"Valkude fraktsioonid seerumis (S-Prot-Fr) - \u00dchendlabor","isPartOf":{"@id":"https:\/\/www.kliinikum.ee\/yhendlabor\/#website"},"datePublished":"2025-07-22T10:49:40+00:00","dateModified":"2025-12-11T22:01:04+00:00","breadcrumb":{"@id":"https:\/\/www.kliinikum.ee\/yhendlabor\/kasiraamat\/vereloome-kasvajate-uuringud\/valkude-fraktsioonid-seerumis-s-prot-fr\/#breadcrumb"},"inLanguage":"et","potentialAction":[{"@type":"ReadAction","target":["https:\/\/www.kliinikum.ee\/yhendlabor\/kasiraamat\/vereloome-kasvajate-uuringud\/valkude-fraktsioonid-seerumis-s-prot-fr\/"]}]},{"@type":"BreadcrumbList","@id":"https:\/\/www.kliinikum.ee\/yhendlabor\/kasiraamat\/vereloome-kasvajate-uuringud\/valkude-fraktsioonid-seerumis-s-prot-fr\/#breadcrumb","itemListElement":[{"@type":"ListItem","position":1,"name":"Home","item":"https:\/\/www.kliinikum.ee\/yhendlabor\/"},{"@type":"ListItem","position":2,"name":"K\u00e4siraamat","item":"https:\/\/www.kliinikum.ee\/yhendlabor\/kasiraamat\/"},{"@type":"ListItem","position":3,"name":"Vereloome kasvajate uuringud","item":"https:\/\/www.kliinikum.ee\/yhendlabor\/kasiraamat\/vereloome-kasvajate-uuringud\/"},{"@type":"ListItem","position":4,"name":"Valkude fraktsioonid seerumis (S-Prot-Fr)"}]},{"@type":"WebSite","@id":"https:\/\/www.kliinikum.ee\/yhendlabor\/#website","url":"https:\/\/www.kliinikum.ee\/yhendlabor\/","name":"\u00dchendlabor","description":"Hoolivus, Uuendusmeelsus, P\u00e4devus ja Usaldusv\u00e4\u00e4rsus","potentialAction":[{"@type":"SearchAction","target":{"@type":"EntryPoint","urlTemplate":"https:\/\/www.kliinikum.ee\/yhendlabor\/?s={search_term_string}"},"query-input":{"@type":"PropertyValueSpecification","valueRequired":true,"valueName":"search_term_string"}}],"inLanguage":"et"}]}},"uagb_featured_image_src":{"full":false,"thumbnail":false,"medium":false,"medium_large":false,"large":false,"1536x1536":false,"2048x2048":false},"uagb_author_info":{"display_name":"Kadi Siigur","author_link":"https:\/\/www.kliinikum.ee\/yhendlabor\/author\/kadisi\/"},"uagb_comment_info":0,"uagb_excerpt":"Kliinilise keemia osakond, tel. 731 8316, 731 8312, 731 8810 Seerumis olevad valgud jaotuvad agaroosgeelil elektroforeetilise liikuvuse alusel kuueks fraktsiooniks: albumiin, alfa-1-, alfa-2-, beeta-1-, beeta-2- ja gammaglobuliinid. Fraktsioonid (v.a albumiini fraktsioon) sisaldavad erinevate bioloogiliste omadustega valke. Peamised valgud globuliinide fraktsioonides, mille kontsentratsiooni muutused kajastuvad elektroforegrammil on: Alfa-1-globuliinide fraktsioon \u03b11-antitr\u00fcpsiin, orosomukoid Alfa-2-globuliinide fraktsioon \u03b12-makroglobuliin, haptoglobiin, tseruloplasmiin,&hellip;","_links":{"self":[{"href":"https:\/\/www.kliinikum.ee\/yhendlabor\/wp-json\/wp\/v2\/pages\/12239","targetHints":{"allow":["GET"]}}],"collection":[{"href":"https:\/\/www.kliinikum.ee\/yhendlabor\/wp-json\/wp\/v2\/pages"}],"about":[{"href":"https:\/\/www.kliinikum.ee\/yhendlabor\/wp-json\/wp\/v2\/types\/page"}],"author":[{"embeddable":true,"href":"https:\/\/www.kliinikum.ee\/yhendlabor\/wp-json\/wp\/v2\/users\/38"}],"replies":[{"embeddable":true,"href":"https:\/\/www.kliinikum.ee\/yhendlabor\/wp-json\/wp\/v2\/comments?post=12239"}],"version-history":[{"count":0,"href":"https:\/\/www.kliinikum.ee\/yhendlabor\/wp-json\/wp\/v2\/pages\/12239\/revisions"}],"up":[{"embeddable":true,"href":"https:\/\/www.kliinikum.ee\/yhendlabor\/wp-json\/wp\/v2\/pages\/7320"}],"wp:attachment":[{"href":"https:\/\/www.kliinikum.ee\/yhendlabor\/wp-json\/wp\/v2\/media?parent=12239"}],"curies":[{"name":"wp","href":"https:\/\/api.w.org\/{rel}","templated":true}]}}