{"id":12247,"date":"2025-07-22T12:56:26","date_gmt":"2025-07-22T10:56:26","guid":{"rendered":"https:\/\/www.kliinikum.ee\/yhendlabor\/?page_id=12247"},"modified":"2025-12-11T23:57:56","modified_gmt":"2025-12-11T21:57:56","slug":"tuvirakkude-cd34-arv-ja-elujouliste-tuvirakkude-cd34-suhtarv","status":"publish","type":"page","link":"https:\/\/www.kliinikum.ee\/yhendlabor\/kasiraamat\/vereloome-kasvajate-uuringud\/tuvirakkude-cd34-arv-ja-elujouliste-tuvirakkude-cd34-suhtarv\/","title":{"rendered":"T\u00fcvirakkude (CD34) arv ja eluj\u00f5uliste t\u00fcvirakkude (CD34) suhtarv"},"content":{"rendered":"\n<p><em>Immuunanal\u00fc\u00fcsi osakond<\/em><\/p>\n\n\n\n<p><strong>CD34<\/strong> on pinnaantigeen, mis ekspresseerub vereloome eellasrakkude pinnal ja mida kasutatakse vereloome t\u00fcvirakkude siirdamise protsessis nii t\u00fcvirakkude mobilisatsiooni j\u00e4lgimisel kui ka siirdatavate rakkude koguhulga m\u00e4\u00e4ramisel.<\/p>\n\n\n\n<p>CD34 t\u00fcvirakkude loendamisel kasutatakse t\u00e4psema tulemuse saamiseks lisaks CD34 antigeenile ka CD45 pinnaantigeeni. Samaaegselt loendamisega hinnatakse rakkude eluj\u00f5ulisust, kasutades DNA-ga seonduvat keemilist \u00fchendit 7-AAD. Rakkude absoluutarvu arvutamine toimub kindla kontsentratsiooniga s\u00fcnteetiliste partiklite abil.<\/p>\n\n\n\n<p class=\"has-medium-font-size\"><strong>Uuritav materjal, selle v\u00f5tmine, saatmine ja s\u00e4ilitamine<\/strong><\/p>\n\n\n\n<p>Veri<\/p>\n\n\n\n<figure class=\"wp-block-table is-style-stripes\"><table width=\"100%\"><tbody><tr><td width=\"1%\"><\/td><td width=\"20%\"><strong>Katsuti<\/strong><\/td><td width=\"79%\">K2E\/K3E katsuti (lilla kork)<\/td><\/tr><tr><td><\/td><td><strong>Anal\u00fc\u00fcsitav kogus<\/strong><\/td><td>3 mL<\/td><\/tr><tr><td><\/td><td><strong>S\u00e4ilivus<\/strong><\/td><td>2\u20138 \u00b0C kuni 24 tundi<\/td><\/tr><\/tbody><\/table><\/figure>\n\n\n\n<p>Luu\u00fcdi<\/p>\n\n\n\n<figure class=\"wp-block-table is-style-stripes\"><table width=\"100%\"><tbody><tr><td width=\"1%\"><\/td><td width=\"20%\"><strong>Katsuti<\/strong><\/td><td width=\"79%\">K2E\/K3E katsuti (lilla kork)<\/td><\/tr><tr><td><\/td><td><strong>Anal\u00fc\u00fcsitav kogus<\/strong><\/td><td>3 mL<\/td><\/tr><tr><td><\/td><td><strong>S\u00e4ilivus<\/strong><\/td><td>2\u20138 \u00b0C kuni 24 tundi<\/td><\/tr><\/tbody><\/table><\/figure>\n\n\n\n<p>Leukafereesiprodukt<\/p>\n\n\n\n<figure class=\"wp-block-table is-style-stripes\"><table width=\"100%\"><tbody><tr><td width=\"1%\"><\/td><td width=\"20%\"><strong>Katsuti<\/strong><\/td><td width=\"79%\">Lisanditeta katsuti (v\u00e4rvitu kork)<\/td><\/tr><tr><td><\/td><td><strong>Anal\u00fc\u00fcsitav kogus<\/strong><\/td><td>1 mL<\/td><\/tr><tr><td><\/td><td><strong>S\u00e4ilivus<\/strong><\/td><td>2\u20138 \u00b0C kuni 24 tundi<\/td><\/tr><\/tbody><\/table><\/figure>\n\n\n\n<p class=\"has-medium-font-size\"><strong>Anal\u00fc\u00fcsi tegemise aeg:<\/strong> t\u00f6\u00f6p\u00e4eviti, tulemus 3 tunni jooksul<\/p>\n\n\n\n<p class=\"has-medium-font-size\"><strong>Anal\u00fc\u00fcsimeetod:<\/strong> vooluts\u00fctomeetria<\/p>\n\n\n\n<p class=\"has-medium-font-size\"><strong>Vastuse vorm<\/strong><\/p>\n\n\n\n<p>CD34 t\u00fcvirakud (E6\/L) \u2013 t\u00fcvirakkude absoluutarv<\/p>\n\n\n\n<p>CD34 eluj\u00f5uliste t\u00fcvirakkude % \u2013 eluj\u00f5uliste t\u00fcvirakkude suhtarv k\u00f5igist t\u00fcvirakkudest<\/p>\n\n\n\n<p class=\"has-medium-font-size\"><strong>Referentsv\u00e4\u00e4rtus<\/strong><\/p>\n\n\n\n<p>Puuduvad<\/p>\n\n\n\n<p class=\"has-medium-font-size\"><strong>N\u00e4idustus ja kliiniline t\u00e4hendus<\/strong><\/p>\n\n\n\n<p>Vereloome t\u00fcvirakkude siirdamine.<\/p>\n\n\n\n<p>Koostaja: Eva Reinmaa<br>30.01.2019<\/p>\n\n\n\n<p><\/p>\n","protected":false},"excerpt":{"rendered":"<p>Immuunanal\u00fc\u00fcsi osakond CD34 on pinnaantigeen, mis ekspresseerub vereloome eellasrakkude pinnal ja mida kasutatakse vereloome t\u00fcvirakkude siirdamise protsessis nii t\u00fcvirakkude mobilisatsiooni j\u00e4lgimisel kui ka siirdatavate rakkude koguhulga m\u00e4\u00e4ramisel. CD34 t\u00fcvirakkude loendamisel kasutatakse t\u00e4psema tulemuse saamiseks lisaks CD34 antigeenile ka CD45 pinnaantigeeni. Samaaegselt loendamisega hinnatakse rakkude eluj\u00f5ulisust, kasutades DNA-ga seonduvat keemilist \u00fchendit 7-AAD. Rakkude absoluutarvu arvutamine toimub [&hellip;]<\/p>\n","protected":false},"author":38,"featured_media":0,"parent":7320,"menu_order":10,"comment_status":"closed","ping_status":"closed","template":"","meta":{"_uag_custom_page_level_css":"","footnotes":""},"class_list":["post-12247","page","type-page","status-publish","hentry"],"acf":[],"yoast_head":"<!-- This site is optimized with the Yoast SEO plugin v27.3 - https:\/\/yoast.com\/product\/yoast-seo-wordpress\/ -->\n<title>T\u00fcvirakkude (CD34) arv ja eluj\u00f5uliste t\u00fcvirakkude (CD34) suhtarv - \u00dchendlabor<\/title>\n<meta name=\"robots\" content=\"index, follow, max-snippet:-1, max-image-preview:large, max-video-preview:-1\" \/>\n<link rel=\"canonical\" href=\"https:\/\/www.kliinikum.ee\/yhendlabor\/kasiraamat\/vereloome-kasvajate-uuringud\/tuvirakkude-cd34-arv-ja-elujouliste-tuvirakkude-cd34-suhtarv\/\" \/>\n<meta property=\"og:locale\" content=\"et_EE\" \/>\n<meta property=\"og:type\" content=\"article\" \/>\n<meta property=\"og:title\" content=\"T\u00fcvirakkude (CD34) arv ja eluj\u00f5uliste t\u00fcvirakkude (CD34) suhtarv - \u00dchendlabor\" \/>\n<meta property=\"og:description\" content=\"Immuunanal\u00fc\u00fcsi osakond CD34 on pinnaantigeen, mis ekspresseerub vereloome eellasrakkude pinnal ja mida kasutatakse vereloome t\u00fcvirakkude siirdamise protsessis nii t\u00fcvirakkude mobilisatsiooni j\u00e4lgimisel kui ka siirdatavate rakkude koguhulga m\u00e4\u00e4ramisel. CD34 t\u00fcvirakkude loendamisel kasutatakse t\u00e4psema tulemuse saamiseks lisaks CD34 antigeenile ka CD45 pinnaantigeeni. Samaaegselt loendamisega hinnatakse rakkude eluj\u00f5ulisust, kasutades DNA-ga seonduvat keemilist \u00fchendit 7-AAD. Rakkude absoluutarvu arvutamine toimub [&hellip;]\" \/>\n<meta property=\"og:url\" content=\"https:\/\/www.kliinikum.ee\/yhendlabor\/kasiraamat\/vereloome-kasvajate-uuringud\/tuvirakkude-cd34-arv-ja-elujouliste-tuvirakkude-cd34-suhtarv\/\" \/>\n<meta property=\"og:site_name\" content=\"\u00dchendlabor\" \/>\n<meta property=\"article:modified_time\" content=\"2025-12-11T21:57:56+00:00\" \/>\n<meta name=\"twitter:card\" content=\"summary_large_image\" \/>\n<meta name=\"twitter:label1\" content=\"Est. reading time\" \/>\n\t<meta name=\"twitter:data1\" content=\"1 minut\" \/>\n<script type=\"application\/ld+json\" class=\"yoast-schema-graph\">{\"@context\":\"https:\\\/\\\/schema.org\",\"@graph\":[{\"@type\":\"WebPage\",\"@id\":\"https:\\\/\\\/www.kliinikum.ee\\\/yhendlabor\\\/kasiraamat\\\/vereloome-kasvajate-uuringud\\\/tuvirakkude-cd34-arv-ja-elujouliste-tuvirakkude-cd34-suhtarv\\\/\",\"url\":\"https:\\\/\\\/www.kliinikum.ee\\\/yhendlabor\\\/kasiraamat\\\/vereloome-kasvajate-uuringud\\\/tuvirakkude-cd34-arv-ja-elujouliste-tuvirakkude-cd34-suhtarv\\\/\",\"name\":\"T\u00fcvirakkude (CD34) arv ja eluj\u00f5uliste t\u00fcvirakkude (CD34) suhtarv - \u00dchendlabor\",\"isPartOf\":{\"@id\":\"https:\\\/\\\/www.kliinikum.ee\\\/yhendlabor\\\/#website\"},\"datePublished\":\"2025-07-22T10:56:26+00:00\",\"dateModified\":\"2025-12-11T21:57:56+00:00\",\"breadcrumb\":{\"@id\":\"https:\\\/\\\/www.kliinikum.ee\\\/yhendlabor\\\/kasiraamat\\\/vereloome-kasvajate-uuringud\\\/tuvirakkude-cd34-arv-ja-elujouliste-tuvirakkude-cd34-suhtarv\\\/#breadcrumb\"},\"inLanguage\":\"et\",\"potentialAction\":[{\"@type\":\"ReadAction\",\"target\":[\"https:\\\/\\\/www.kliinikum.ee\\\/yhendlabor\\\/kasiraamat\\\/vereloome-kasvajate-uuringud\\\/tuvirakkude-cd34-arv-ja-elujouliste-tuvirakkude-cd34-suhtarv\\\/\"]}]},{\"@type\":\"BreadcrumbList\",\"@id\":\"https:\\\/\\\/www.kliinikum.ee\\\/yhendlabor\\\/kasiraamat\\\/vereloome-kasvajate-uuringud\\\/tuvirakkude-cd34-arv-ja-elujouliste-tuvirakkude-cd34-suhtarv\\\/#breadcrumb\",\"itemListElement\":[{\"@type\":\"ListItem\",\"position\":1,\"name\":\"Home\",\"item\":\"https:\\\/\\\/www.kliinikum.ee\\\/yhendlabor\\\/\"},{\"@type\":\"ListItem\",\"position\":2,\"name\":\"K\u00e4siraamat\",\"item\":\"https:\\\/\\\/www.kliinikum.ee\\\/yhendlabor\\\/kasiraamat\\\/\"},{\"@type\":\"ListItem\",\"position\":3,\"name\":\"Vereloome kasvajate uuringud\",\"item\":\"https:\\\/\\\/www.kliinikum.ee\\\/yhendlabor\\\/kasiraamat\\\/vereloome-kasvajate-uuringud\\\/\"},{\"@type\":\"ListItem\",\"position\":4,\"name\":\"T\u00fcvirakkude (CD34) arv ja eluj\u00f5uliste t\u00fcvirakkude (CD34) suhtarv\"}]},{\"@type\":\"WebSite\",\"@id\":\"https:\\\/\\\/www.kliinikum.ee\\\/yhendlabor\\\/#website\",\"url\":\"https:\\\/\\\/www.kliinikum.ee\\\/yhendlabor\\\/\",\"name\":\"\u00dchendlabor\",\"description\":\"Hoolivus, Uuendusmeelsus, P\u00e4devus ja Usaldusv\u00e4\u00e4rsus\",\"potentialAction\":[{\"@type\":\"SearchAction\",\"target\":{\"@type\":\"EntryPoint\",\"urlTemplate\":\"https:\\\/\\\/www.kliinikum.ee\\\/yhendlabor\\\/?s={search_term_string}\"},\"query-input\":{\"@type\":\"PropertyValueSpecification\",\"valueRequired\":true,\"valueName\":\"search_term_string\"}}],\"inLanguage\":\"et\"}]}<\/script>\n<!-- \/ Yoast SEO plugin. -->","yoast_head_json":{"title":"T\u00fcvirakkude (CD34) arv ja eluj\u00f5uliste t\u00fcvirakkude (CD34) suhtarv - \u00dchendlabor","robots":{"index":"index","follow":"follow","max-snippet":"max-snippet:-1","max-image-preview":"max-image-preview:large","max-video-preview":"max-video-preview:-1"},"canonical":"https:\/\/www.kliinikum.ee\/yhendlabor\/kasiraamat\/vereloome-kasvajate-uuringud\/tuvirakkude-cd34-arv-ja-elujouliste-tuvirakkude-cd34-suhtarv\/","og_locale":"et_EE","og_type":"article","og_title":"T\u00fcvirakkude (CD34) arv ja eluj\u00f5uliste t\u00fcvirakkude (CD34) suhtarv - \u00dchendlabor","og_description":"Immuunanal\u00fc\u00fcsi osakond CD34 on pinnaantigeen, mis ekspresseerub vereloome eellasrakkude pinnal ja mida kasutatakse vereloome t\u00fcvirakkude siirdamise protsessis nii t\u00fcvirakkude mobilisatsiooni j\u00e4lgimisel kui ka siirdatavate rakkude koguhulga m\u00e4\u00e4ramisel. CD34 t\u00fcvirakkude loendamisel kasutatakse t\u00e4psema tulemuse saamiseks lisaks CD34 antigeenile ka CD45 pinnaantigeeni. Samaaegselt loendamisega hinnatakse rakkude eluj\u00f5ulisust, kasutades DNA-ga seonduvat keemilist \u00fchendit 7-AAD. Rakkude absoluutarvu arvutamine toimub [&hellip;]","og_url":"https:\/\/www.kliinikum.ee\/yhendlabor\/kasiraamat\/vereloome-kasvajate-uuringud\/tuvirakkude-cd34-arv-ja-elujouliste-tuvirakkude-cd34-suhtarv\/","og_site_name":"\u00dchendlabor","article_modified_time":"2025-12-11T21:57:56+00:00","twitter_card":"summary_large_image","twitter_misc":{"Est. reading time":"1 minut"},"schema":{"@context":"https:\/\/schema.org","@graph":[{"@type":"WebPage","@id":"https:\/\/www.kliinikum.ee\/yhendlabor\/kasiraamat\/vereloome-kasvajate-uuringud\/tuvirakkude-cd34-arv-ja-elujouliste-tuvirakkude-cd34-suhtarv\/","url":"https:\/\/www.kliinikum.ee\/yhendlabor\/kasiraamat\/vereloome-kasvajate-uuringud\/tuvirakkude-cd34-arv-ja-elujouliste-tuvirakkude-cd34-suhtarv\/","name":"T\u00fcvirakkude (CD34) arv ja eluj\u00f5uliste t\u00fcvirakkude (CD34) suhtarv - \u00dchendlabor","isPartOf":{"@id":"https:\/\/www.kliinikum.ee\/yhendlabor\/#website"},"datePublished":"2025-07-22T10:56:26+00:00","dateModified":"2025-12-11T21:57:56+00:00","breadcrumb":{"@id":"https:\/\/www.kliinikum.ee\/yhendlabor\/kasiraamat\/vereloome-kasvajate-uuringud\/tuvirakkude-cd34-arv-ja-elujouliste-tuvirakkude-cd34-suhtarv\/#breadcrumb"},"inLanguage":"et","potentialAction":[{"@type":"ReadAction","target":["https:\/\/www.kliinikum.ee\/yhendlabor\/kasiraamat\/vereloome-kasvajate-uuringud\/tuvirakkude-cd34-arv-ja-elujouliste-tuvirakkude-cd34-suhtarv\/"]}]},{"@type":"BreadcrumbList","@id":"https:\/\/www.kliinikum.ee\/yhendlabor\/kasiraamat\/vereloome-kasvajate-uuringud\/tuvirakkude-cd34-arv-ja-elujouliste-tuvirakkude-cd34-suhtarv\/#breadcrumb","itemListElement":[{"@type":"ListItem","position":1,"name":"Home","item":"https:\/\/www.kliinikum.ee\/yhendlabor\/"},{"@type":"ListItem","position":2,"name":"K\u00e4siraamat","item":"https:\/\/www.kliinikum.ee\/yhendlabor\/kasiraamat\/"},{"@type":"ListItem","position":3,"name":"Vereloome kasvajate uuringud","item":"https:\/\/www.kliinikum.ee\/yhendlabor\/kasiraamat\/vereloome-kasvajate-uuringud\/"},{"@type":"ListItem","position":4,"name":"T\u00fcvirakkude (CD34) arv ja eluj\u00f5uliste t\u00fcvirakkude (CD34) suhtarv"}]},{"@type":"WebSite","@id":"https:\/\/www.kliinikum.ee\/yhendlabor\/#website","url":"https:\/\/www.kliinikum.ee\/yhendlabor\/","name":"\u00dchendlabor","description":"Hoolivus, Uuendusmeelsus, P\u00e4devus ja Usaldusv\u00e4\u00e4rsus","potentialAction":[{"@type":"SearchAction","target":{"@type":"EntryPoint","urlTemplate":"https:\/\/www.kliinikum.ee\/yhendlabor\/?s={search_term_string}"},"query-input":{"@type":"PropertyValueSpecification","valueRequired":true,"valueName":"search_term_string"}}],"inLanguage":"et"}]}},"uagb_featured_image_src":{"full":false,"thumbnail":false,"medium":false,"medium_large":false,"large":false,"1536x1536":false,"2048x2048":false},"uagb_author_info":{"display_name":"Kadi Siigur","author_link":"https:\/\/www.kliinikum.ee\/yhendlabor\/author\/kadisi\/"},"uagb_comment_info":0,"uagb_excerpt":"Immuunanal\u00fc\u00fcsi osakond CD34 on pinnaantigeen, mis ekspresseerub vereloome eellasrakkude pinnal ja mida kasutatakse vereloome t\u00fcvirakkude siirdamise protsessis nii t\u00fcvirakkude mobilisatsiooni j\u00e4lgimisel kui ka siirdatavate rakkude koguhulga m\u00e4\u00e4ramisel. CD34 t\u00fcvirakkude loendamisel kasutatakse t\u00e4psema tulemuse saamiseks lisaks CD34 antigeenile ka CD45 pinnaantigeeni. Samaaegselt loendamisega hinnatakse rakkude eluj\u00f5ulisust, kasutades DNA-ga seonduvat keemilist \u00fchendit 7-AAD. Rakkude absoluutarvu arvutamine toimub&hellip;","_links":{"self":[{"href":"https:\/\/www.kliinikum.ee\/yhendlabor\/wp-json\/wp\/v2\/pages\/12247","targetHints":{"allow":["GET"]}}],"collection":[{"href":"https:\/\/www.kliinikum.ee\/yhendlabor\/wp-json\/wp\/v2\/pages"}],"about":[{"href":"https:\/\/www.kliinikum.ee\/yhendlabor\/wp-json\/wp\/v2\/types\/page"}],"author":[{"embeddable":true,"href":"https:\/\/www.kliinikum.ee\/yhendlabor\/wp-json\/wp\/v2\/users\/38"}],"replies":[{"embeddable":true,"href":"https:\/\/www.kliinikum.ee\/yhendlabor\/wp-json\/wp\/v2\/comments?post=12247"}],"version-history":[{"count":0,"href":"https:\/\/www.kliinikum.ee\/yhendlabor\/wp-json\/wp\/v2\/pages\/12247\/revisions"}],"up":[{"embeddable":true,"href":"https:\/\/www.kliinikum.ee\/yhendlabor\/wp-json\/wp\/v2\/pages\/7320"}],"wp:attachment":[{"href":"https:\/\/www.kliinikum.ee\/yhendlabor\/wp-json\/wp\/v2\/media?parent=12247"}],"curies":[{"name":"wp","href":"https:\/\/api.w.org\/{rel}","templated":true}]}}