{"id":12256,"date":"2025-07-22T13:08:35","date_gmt":"2025-07-22T11:08:35","guid":{"rendered":"https:\/\/www.kliinikum.ee\/yhendlabor\/?page_id=12256"},"modified":"2025-12-22T00:29:44","modified_gmt":"2025-12-21T22:29:44","slug":"monoklonaalsed-immuunglobuliinid-uriinis-u-monoclon-ig","status":"publish","type":"page","link":"https:\/\/www.kliinikum.ee\/yhendlabor\/kasiraamat\/vereloome-kasvajate-uuringud\/monoklonaalsed-immuunglobuliinid-uriinis-u-monoclon-ig\/","title":{"rendered":"Monoklonaalsed immuunglobuliinid uriinis (U-Monoclon-Ig)"},"content":{"rendered":"\n<p><em>Kliinilise keemia osakond, tel. 731 8316, 731 8312, 731 8810<\/em><\/p>\n\n\n\n<p>Monoklonaalsete gammopaatiate korral v\u00f5ib uriinist leida ka intaktseid<strong> monoklonaalseid immuunglobuliine<\/strong>, kuid diagnostiliselt oluline on just monoklonaalse immuunglobuliini vabade kergete ahelate (Bence-Jonesi valk) leid. Tegemist on kas vabade kapa- v\u00f5i vabade lambdaahelatega. Need&nbsp; satuvad uriini nn \u201e\u00fclevoolu proteinuuria\u201c tulemusena ja p\u00f5hjustavad neerukahjustust. Uriini valkude elektroforeesil leitud monoklonaalse komponendi t\u00fc\u00fcp tehakse kindlaks uriini valkude immuunfiksatsiooniga.<\/p>\n\n\n\n<p class=\"has-medium-font-size\"><strong>Uuritav materjal, selle v\u00f5tmine, saatmine ja s\u00e4ilitamine<\/strong><\/p>\n\n\n\n<p>Soovitav on anal\u00fc\u00fcs teha 24 tunni jooksul kogutud uriinist. Kui \u00f6\u00f6p\u00e4evase uriini kogumine ei ole v\u00f5imalik, sobib alternatiivina esimene v\u00f5i teine hommikune uriiniports.<\/p>\n\n\n\n<figure class=\"wp-block-table is-style-stripes\"><table width=\"100%\"><tbody><tr><td width=\"1%\"><\/td><td width=\"15%\"><strong>Katsuti<\/strong><\/td><td width=\"84%\">Uriini kogumiseks uriinikogumisn\u00f5u, laborisse transportimiseks uriinikatsuti v\u00f5i proovitops (50 mL)<\/td><\/tr><tr><td><\/td><td><strong>S\u00e4ilivus<\/strong><\/td><td>Uriin +4 \u00b0C \u00fcks n\u00e4dal<\/td><\/tr><\/tbody><\/table><\/figure>\n\n\n\n<p class=\"has-medium-font-size\"><strong>Anal\u00fc\u00fcsi tegemise aeg:<\/strong> t\u00f6\u00f6p\u00e4eviti<\/p>\n\n\n\n<p class=\"has-medium-font-size\"><strong>Anal\u00fc\u00fcsimeetod:<\/strong> agaroosgeel-elektroforees ja immuunfiksatsioon<\/p>\n\n\n\n<p class=\"has-medium-font-size\"><strong>Referentsv\u00e4\u00e4rtused<\/strong><\/p>\n\n\n\n<p>Normaalselt monoklonaalseid immuunglobuliine ega nende vabu kergeid ahelaid uriinis ei esine. Vastus antakse laboriarsti otsusena Bence-Jonesi valgu olemasolu ja t\u00fc\u00fcbi kohta (monoklonaalsed vabad kapa- v\u00f5i vabad lambdaahelad).<\/p>\n\n\n\n<p class=\"has-medium-font-size\"><strong>N\u00e4idustus ja kliiniline t\u00e4hendus<\/strong><\/p>\n\n\n\n<p>M-komponendi esinemine v\u00f5i selle kahtlus uriini valkude elektroforeesil.<\/p>\n\n\n\n<p>Tavaliselt on Bence-Jonesi valgu leid uriinis seotud monoklonaalse immuunglobuliini esinemisega seerumis. Bence-Jonesi valk esineb uriinis sageli selliste haiguste korral nagu m\u00fceloomt\u00f5bi v\u00f5i Waldenstr\u00f6mi makroglobulineemia, aga ka teiste l\u00fcmfoproliferatiivsete vereloome kasvajate korral. Samuti v\u00f5ib M-komponendi uriinis leida am\u00fcloidoosi ja kergete ahelate ladestust\u00f5ve korral.<\/p>\n\n\n\n<p>Immuunglobuliinide vabad kerged ahelad uriinis v\u00f5ivad esineda ka 15\u201330%-l nn healoomulise monoklonaalse gammopaatia <em>(MGUS \u2013 monoclonal gammopathy of undetermined significance)<\/em> juhtudest.<\/p>\n\n\n\n<p>K\u00f5ige sagedasem t\u00fcsistus vabade kergete ahelate esinemisel uriinis on neerukahjustuse teke. Tegemist on tubulointerstitsiaalse kahjustusega, mis viib neerupuudulikkuse tekkele. Neerukahjustuse teke s\u00f5ltub vabade kergete ahelate hulgast, isoelektrilisest punktist, pol\u00fcmerisatsiooni astmest, primaarsest struktuurist ja muudest kaasuvatest faktoritest (uriini kaltsiumi kontsentratsioon, uriini pH, neerude verevarustus, diureetikumide ja joodi sisaldavate kontrastainete kasutamine).<\/p>\n\n\n\n<p>Vt ka: <a href=\"https:\/\/www.kliinikum.ee\/yhendlabor\/kasiraamat\/vereloome-kasvajate-uuringud\/valkude-fraktsioonid-uriinis-u-prot-fr\/\">Valkude fraktsioonid uriinis<\/a><br><a href=\"https:\/\/www.kliinikum.ee\/yhendlabor\/kasiraamat\/vereloome-kasvajate-uuringud\/immuunglobuliini-vabad-kapaahelad-s-ig-fkappa-ja-vabad-lambdaahelad-s-ig-flambda-vabade-kapa-ja-lambdaahelate-suhe-s-ig-fkappa-s-ig-flambda\/\">Immuunglobuliini vabad kapaahelad ja vabad lambdaahelad<\/a><\/p>\n\n\n\n<p>Koostaja: Kaja Kallion<\/p>\n","protected":false},"excerpt":{"rendered":"<p>Kliinilise keemia osakond, tel. 731 8316, 731 8312, 731 8810 Monoklonaalsete gammopaatiate korral v\u00f5ib uriinist leida ka intaktseid monoklonaalseid immuunglobuliine, kuid diagnostiliselt oluline on just monoklonaalse immuunglobuliini vabade kergete ahelate (Bence-Jonesi valk) leid. Tegemist on kas vabade kapa- v\u00f5i vabade lambdaahelatega. Need&nbsp; satuvad uriini nn \u201e\u00fclevoolu proteinuuria\u201c tulemusena ja p\u00f5hjustavad neerukahjustust. Uriini valkude elektroforeesil leitud [&hellip;]<\/p>\n","protected":false},"author":38,"featured_media":0,"parent":7320,"menu_order":8,"comment_status":"closed","ping_status":"closed","template":"","meta":{"_uag_custom_page_level_css":"","footnotes":""},"class_list":["post-12256","page","type-page","status-publish","hentry"],"acf":[],"yoast_head":"<!-- This site is optimized with the Yoast SEO plugin v27.3 - https:\/\/yoast.com\/product\/yoast-seo-wordpress\/ -->\n<title>Monoklonaalsed immuunglobuliinid uriinis (U-Monoclon-Ig) - \u00dchendlabor<\/title>\n<meta name=\"robots\" content=\"index, follow, max-snippet:-1, max-image-preview:large, max-video-preview:-1\" \/>\n<link rel=\"canonical\" href=\"https:\/\/www.kliinikum.ee\/yhendlabor\/kasiraamat\/vereloome-kasvajate-uuringud\/monoklonaalsed-immuunglobuliinid-uriinis-u-monoclon-ig\/\" \/>\n<meta property=\"og:locale\" content=\"et_EE\" \/>\n<meta property=\"og:type\" content=\"article\" \/>\n<meta property=\"og:title\" content=\"Monoklonaalsed immuunglobuliinid uriinis (U-Monoclon-Ig) - \u00dchendlabor\" \/>\n<meta property=\"og:description\" content=\"Kliinilise keemia osakond, tel. 731 8316, 731 8312, 731 8810 Monoklonaalsete gammopaatiate korral v\u00f5ib uriinist leida ka intaktseid monoklonaalseid immuunglobuliine, kuid diagnostiliselt oluline on just monoklonaalse immuunglobuliini vabade kergete ahelate (Bence-Jonesi valk) leid. Tegemist on kas vabade kapa- v\u00f5i vabade lambdaahelatega. Need&nbsp; satuvad uriini nn \u201e\u00fclevoolu proteinuuria\u201c tulemusena ja p\u00f5hjustavad neerukahjustust. Uriini valkude elektroforeesil leitud [&hellip;]\" \/>\n<meta property=\"og:url\" content=\"https:\/\/www.kliinikum.ee\/yhendlabor\/kasiraamat\/vereloome-kasvajate-uuringud\/monoklonaalsed-immuunglobuliinid-uriinis-u-monoclon-ig\/\" \/>\n<meta property=\"og:site_name\" content=\"\u00dchendlabor\" \/>\n<meta property=\"article:modified_time\" content=\"2025-12-21T22:29:44+00:00\" \/>\n<meta name=\"twitter:card\" content=\"summary_large_image\" \/>\n<meta name=\"twitter:label1\" content=\"Est. reading time\" \/>\n\t<meta name=\"twitter:data1\" content=\"2 minutit\" \/>\n<script type=\"application\/ld+json\" class=\"yoast-schema-graph\">{\"@context\":\"https:\\\/\\\/schema.org\",\"@graph\":[{\"@type\":\"WebPage\",\"@id\":\"https:\\\/\\\/www.kliinikum.ee\\\/yhendlabor\\\/kasiraamat\\\/vereloome-kasvajate-uuringud\\\/monoklonaalsed-immuunglobuliinid-uriinis-u-monoclon-ig\\\/\",\"url\":\"https:\\\/\\\/www.kliinikum.ee\\\/yhendlabor\\\/kasiraamat\\\/vereloome-kasvajate-uuringud\\\/monoklonaalsed-immuunglobuliinid-uriinis-u-monoclon-ig\\\/\",\"name\":\"Monoklonaalsed immuunglobuliinid uriinis (U-Monoclon-Ig) - \u00dchendlabor\",\"isPartOf\":{\"@id\":\"https:\\\/\\\/www.kliinikum.ee\\\/yhendlabor\\\/#website\"},\"datePublished\":\"2025-07-22T11:08:35+00:00\",\"dateModified\":\"2025-12-21T22:29:44+00:00\",\"breadcrumb\":{\"@id\":\"https:\\\/\\\/www.kliinikum.ee\\\/yhendlabor\\\/kasiraamat\\\/vereloome-kasvajate-uuringud\\\/monoklonaalsed-immuunglobuliinid-uriinis-u-monoclon-ig\\\/#breadcrumb\"},\"inLanguage\":\"et\",\"potentialAction\":[{\"@type\":\"ReadAction\",\"target\":[\"https:\\\/\\\/www.kliinikum.ee\\\/yhendlabor\\\/kasiraamat\\\/vereloome-kasvajate-uuringud\\\/monoklonaalsed-immuunglobuliinid-uriinis-u-monoclon-ig\\\/\"]}]},{\"@type\":\"BreadcrumbList\",\"@id\":\"https:\\\/\\\/www.kliinikum.ee\\\/yhendlabor\\\/kasiraamat\\\/vereloome-kasvajate-uuringud\\\/monoklonaalsed-immuunglobuliinid-uriinis-u-monoclon-ig\\\/#breadcrumb\",\"itemListElement\":[{\"@type\":\"ListItem\",\"position\":1,\"name\":\"Home\",\"item\":\"https:\\\/\\\/www.kliinikum.ee\\\/yhendlabor\\\/\"},{\"@type\":\"ListItem\",\"position\":2,\"name\":\"K\u00e4siraamat\",\"item\":\"https:\\\/\\\/www.kliinikum.ee\\\/yhendlabor\\\/kasiraamat\\\/\"},{\"@type\":\"ListItem\",\"position\":3,\"name\":\"Vereloome kasvajate uuringud\",\"item\":\"https:\\\/\\\/www.kliinikum.ee\\\/yhendlabor\\\/kasiraamat\\\/vereloome-kasvajate-uuringud\\\/\"},{\"@type\":\"ListItem\",\"position\":4,\"name\":\"Monoklonaalsed immuunglobuliinid uriinis (U-Monoclon-Ig)\"}]},{\"@type\":\"WebSite\",\"@id\":\"https:\\\/\\\/www.kliinikum.ee\\\/yhendlabor\\\/#website\",\"url\":\"https:\\\/\\\/www.kliinikum.ee\\\/yhendlabor\\\/\",\"name\":\"\u00dchendlabor\",\"description\":\"Hoolivus, Uuendusmeelsus, P\u00e4devus ja Usaldusv\u00e4\u00e4rsus\",\"potentialAction\":[{\"@type\":\"SearchAction\",\"target\":{\"@type\":\"EntryPoint\",\"urlTemplate\":\"https:\\\/\\\/www.kliinikum.ee\\\/yhendlabor\\\/?s={search_term_string}\"},\"query-input\":{\"@type\":\"PropertyValueSpecification\",\"valueRequired\":true,\"valueName\":\"search_term_string\"}}],\"inLanguage\":\"et\"}]}<\/script>\n<!-- \/ Yoast SEO plugin. -->","yoast_head_json":{"title":"Monoklonaalsed immuunglobuliinid uriinis (U-Monoclon-Ig) - \u00dchendlabor","robots":{"index":"index","follow":"follow","max-snippet":"max-snippet:-1","max-image-preview":"max-image-preview:large","max-video-preview":"max-video-preview:-1"},"canonical":"https:\/\/www.kliinikum.ee\/yhendlabor\/kasiraamat\/vereloome-kasvajate-uuringud\/monoklonaalsed-immuunglobuliinid-uriinis-u-monoclon-ig\/","og_locale":"et_EE","og_type":"article","og_title":"Monoklonaalsed immuunglobuliinid uriinis (U-Monoclon-Ig) - \u00dchendlabor","og_description":"Kliinilise keemia osakond, tel. 731 8316, 731 8312, 731 8810 Monoklonaalsete gammopaatiate korral v\u00f5ib uriinist leida ka intaktseid monoklonaalseid immuunglobuliine, kuid diagnostiliselt oluline on just monoklonaalse immuunglobuliini vabade kergete ahelate (Bence-Jonesi valk) leid. Tegemist on kas vabade kapa- v\u00f5i vabade lambdaahelatega. Need&nbsp; satuvad uriini nn \u201e\u00fclevoolu proteinuuria\u201c tulemusena ja p\u00f5hjustavad neerukahjustust. Uriini valkude elektroforeesil leitud [&hellip;]","og_url":"https:\/\/www.kliinikum.ee\/yhendlabor\/kasiraamat\/vereloome-kasvajate-uuringud\/monoklonaalsed-immuunglobuliinid-uriinis-u-monoclon-ig\/","og_site_name":"\u00dchendlabor","article_modified_time":"2025-12-21T22:29:44+00:00","twitter_card":"summary_large_image","twitter_misc":{"Est. reading time":"2 minutit"},"schema":{"@context":"https:\/\/schema.org","@graph":[{"@type":"WebPage","@id":"https:\/\/www.kliinikum.ee\/yhendlabor\/kasiraamat\/vereloome-kasvajate-uuringud\/monoklonaalsed-immuunglobuliinid-uriinis-u-monoclon-ig\/","url":"https:\/\/www.kliinikum.ee\/yhendlabor\/kasiraamat\/vereloome-kasvajate-uuringud\/monoklonaalsed-immuunglobuliinid-uriinis-u-monoclon-ig\/","name":"Monoklonaalsed immuunglobuliinid uriinis (U-Monoclon-Ig) - \u00dchendlabor","isPartOf":{"@id":"https:\/\/www.kliinikum.ee\/yhendlabor\/#website"},"datePublished":"2025-07-22T11:08:35+00:00","dateModified":"2025-12-21T22:29:44+00:00","breadcrumb":{"@id":"https:\/\/www.kliinikum.ee\/yhendlabor\/kasiraamat\/vereloome-kasvajate-uuringud\/monoklonaalsed-immuunglobuliinid-uriinis-u-monoclon-ig\/#breadcrumb"},"inLanguage":"et","potentialAction":[{"@type":"ReadAction","target":["https:\/\/www.kliinikum.ee\/yhendlabor\/kasiraamat\/vereloome-kasvajate-uuringud\/monoklonaalsed-immuunglobuliinid-uriinis-u-monoclon-ig\/"]}]},{"@type":"BreadcrumbList","@id":"https:\/\/www.kliinikum.ee\/yhendlabor\/kasiraamat\/vereloome-kasvajate-uuringud\/monoklonaalsed-immuunglobuliinid-uriinis-u-monoclon-ig\/#breadcrumb","itemListElement":[{"@type":"ListItem","position":1,"name":"Home","item":"https:\/\/www.kliinikum.ee\/yhendlabor\/"},{"@type":"ListItem","position":2,"name":"K\u00e4siraamat","item":"https:\/\/www.kliinikum.ee\/yhendlabor\/kasiraamat\/"},{"@type":"ListItem","position":3,"name":"Vereloome kasvajate uuringud","item":"https:\/\/www.kliinikum.ee\/yhendlabor\/kasiraamat\/vereloome-kasvajate-uuringud\/"},{"@type":"ListItem","position":4,"name":"Monoklonaalsed immuunglobuliinid uriinis (U-Monoclon-Ig)"}]},{"@type":"WebSite","@id":"https:\/\/www.kliinikum.ee\/yhendlabor\/#website","url":"https:\/\/www.kliinikum.ee\/yhendlabor\/","name":"\u00dchendlabor","description":"Hoolivus, Uuendusmeelsus, P\u00e4devus ja Usaldusv\u00e4\u00e4rsus","potentialAction":[{"@type":"SearchAction","target":{"@type":"EntryPoint","urlTemplate":"https:\/\/www.kliinikum.ee\/yhendlabor\/?s={search_term_string}"},"query-input":{"@type":"PropertyValueSpecification","valueRequired":true,"valueName":"search_term_string"}}],"inLanguage":"et"}]}},"uagb_featured_image_src":{"full":false,"thumbnail":false,"medium":false,"medium_large":false,"large":false,"1536x1536":false,"2048x2048":false},"uagb_author_info":{"display_name":"Kadi Siigur","author_link":"https:\/\/www.kliinikum.ee\/yhendlabor\/author\/kadisi\/"},"uagb_comment_info":0,"uagb_excerpt":"Kliinilise keemia osakond, tel. 731 8316, 731 8312, 731 8810 Monoklonaalsete gammopaatiate korral v\u00f5ib uriinist leida ka intaktseid monoklonaalseid immuunglobuliine, kuid diagnostiliselt oluline on just monoklonaalse immuunglobuliini vabade kergete ahelate (Bence-Jonesi valk) leid. Tegemist on kas vabade kapa- v\u00f5i vabade lambdaahelatega. Need&nbsp; satuvad uriini nn \u201e\u00fclevoolu proteinuuria\u201c tulemusena ja p\u00f5hjustavad neerukahjustust. Uriini valkude elektroforeesil leitud&hellip;","_links":{"self":[{"href":"https:\/\/www.kliinikum.ee\/yhendlabor\/wp-json\/wp\/v2\/pages\/12256","targetHints":{"allow":["GET"]}}],"collection":[{"href":"https:\/\/www.kliinikum.ee\/yhendlabor\/wp-json\/wp\/v2\/pages"}],"about":[{"href":"https:\/\/www.kliinikum.ee\/yhendlabor\/wp-json\/wp\/v2\/types\/page"}],"author":[{"embeddable":true,"href":"https:\/\/www.kliinikum.ee\/yhendlabor\/wp-json\/wp\/v2\/users\/38"}],"replies":[{"embeddable":true,"href":"https:\/\/www.kliinikum.ee\/yhendlabor\/wp-json\/wp\/v2\/comments?post=12256"}],"version-history":[{"count":0,"href":"https:\/\/www.kliinikum.ee\/yhendlabor\/wp-json\/wp\/v2\/pages\/12256\/revisions"}],"up":[{"embeddable":true,"href":"https:\/\/www.kliinikum.ee\/yhendlabor\/wp-json\/wp\/v2\/pages\/7320"}],"wp:attachment":[{"href":"https:\/\/www.kliinikum.ee\/yhendlabor\/wp-json\/wp\/v2\/media?parent=12256"}],"curies":[{"name":"wp","href":"https:\/\/api.w.org\/{rel}","templated":true}]}}