{"id":12269,"date":"2025-07-22T13:30:37","date_gmt":"2025-07-22T11:30:37","guid":{"rendered":"https:\/\/www.kliinikum.ee\/yhendlabor\/?page_id=12269"},"modified":"2025-12-22T00:22:51","modified_gmt":"2025-12-21T22:22:51","slug":"karuotuup-luuudist-bm-karyotype","status":"publish","type":"page","link":"https:\/\/www.kliinikum.ee\/yhendlabor\/kasiraamat\/vereloome-kasvajate-uuringud\/karuotuup-luuudist-bm-karyotype\/","title":{"rendered":"Kar\u00fcot\u00fc\u00fcp luu\u00fcdist (Bm-Karyotype)"},"content":{"rendered":"\n<p><em>Geneetika ja personaalmeditsiini kliinik, laboratoorse geneetika osakond, ts\u00fctogeneetika labor, Tartu, tel. 731 9496; Tallinn, tel. 731 9173, <a href=\"http:\/\/www.kliinikum.ee\/geneetika\">www.kliinikum.ee\/geneetika<\/a><\/em><\/p>\n\n\n\n<p>Mitmesuguste erinevate hematoloogiliste haiguste puhul on <strong>kromosoomide struktuuri- ja arvuanomaaliate esinemine luu\u00fcdi rakkudes<\/strong> oluline nii diagnoosimisel kui prognoosi ja ravitulemuse hindamisel.<\/p>\n\n\n\n<p>Luu\u00fcdi rakke inkubeeritakse mitogeenivabas s\u00f6\u00f6tmes. Reeglina tehakse paralleelkultuurid erineva inkubatsiooniajaga 24 ja 48 tundi. Siis lisatakse kolhitsiin, mis peatab rakkude paljunemise metafaasis Saadud rakususpensioonist valmistatakse kromosoomipreparaadid, mis v\u00e4rvitakse GTG-meetodil (tr\u00fcpsiini t\u00f6\u00f6tlus ja Giemsa v\u00e4rving) ning anal\u00fc\u00fcsitakse valgusmikroskoobis kromosoomidele tekkinud v\u00f6\u00f6distuse mustrit (G-v\u00f6\u00f6did). Nii luu\u00fcdist kui samast kultuurimaterjalist on v\u00f5imalik teha ka luu\u00fcdi FISH-anal\u00fc\u00fcsi.<\/p>\n\n\n\n<p class=\"has-medium-font-size\"><strong>Uuritav materjal, selle v\u00f5tmine, saatmine ja s\u00e4ilitamine<\/strong><\/p>\n\n\n\n<p>Protseduuri teeb hematoloog.<\/p>\n\n\n\n<figure class=\"wp-block-table is-style-stripes\"><table width=\"100%\"><tbody><tr><td width=\"1%\"><\/td><td width=\"20%\"><strong>Katsuti<\/strong><\/td><td width=\"79%\">LH-katsuti (roheline musta r\u00f5ngaga kork)<\/td><\/tr><tr><td><\/td><td><strong>Anal\u00fc\u00fcsitav kogus<\/strong><\/td><td>1\u20132 mL luu\u00fcdi (kui samast materjalist on vaja teha ka FISH-anal\u00fc\u00fcsid, siis 3\u20134 mL)<\/td><\/tr><tr><td><\/td><td><strong>S\u00e4ilivus<\/strong><\/td><td>Ei s\u00e4ilitata! NB! Materjal saata laborisse v\u00f5imalikult kiiresti<\/td><\/tr><\/tbody><\/table><\/figure>\n\n\n\n<p class=\"has-medium-font-size\"><strong>Protseduuri tegemise aeg: <\/strong>t\u00f6\u00f6p\u00e4eviti<\/p>\n\n\n\n<p class=\"has-medium-font-size\"><strong>Anal\u00fc\u00fcsi tegemise aeg:<\/strong> t\u00f6\u00f6p\u00e4eviti, vastuse saamiseks kuluv aeg on 1\u20134 n\u00e4dalat, erandjuhtudel ja eelneval kokkuleppel \u00fcks n\u00e4dal.<\/p>\n\n\n\n<p class=\"has-medium-font-size\"><strong>Anal\u00fc\u00fcsimeetod: <\/strong>rakkude kultiveerimine; G-v\u00f6\u00f6distuse anal\u00fc\u00fcs kromosoomidel<\/p>\n\n\n\n<p class=\"has-medium-font-size\"><strong>Vastuse vorm<\/strong><\/p>\n\n\n\n<p>Kar\u00fcot\u00fc\u00fcbi kirjeldus vastavalt rahvusvahelisele inimese ts\u00fctogenoomika nomenklatuurile (ISCN 2020). Kromosoomide arvu v\u00f5i struktuuri muutuste korral t\u00e4iendavad selgitused.<\/p>\n\n\n\n<p class=\"has-medium-font-size\"><strong>N\u00e4idustused ja kliiniline t\u00e4hendus<\/strong><\/p>\n\n\n\n<p>\u00c4geda v\u00f5i kroonilise l\u00fcmfoproliferatiivse haiguse kahtlus; luu\u00fcdi transplantatsiooni edukuse v\u00f5i haiguse kulu hindamine.<\/p>\n\n\n\n<p>Vt ka: <a href=\"https:\/\/www.kliinikum.ee\/yhendlabor\/kasiraamat\/vereloome-kasvajate-uuringud\/kromosoomiaberratsioonid-interfaasi-kromosoomidel-luuudist-ja-verest-fish\/\">Kromosoomiaberratsioonid interfaasi kromosoomidel luu\u00fcdist ja verest (FISH)<\/a><\/p>\n\n\n\n<p>Koostaja: Pille Tammur<br>Muudetud 12.08.2024<\/p>\n","protected":false},"excerpt":{"rendered":"<p>Geneetika ja personaalmeditsiini kliinik, laboratoorse geneetika osakond, ts\u00fctogeneetika labor, Tartu, tel. 731 9496; Tallinn, tel. 731 9173, www.kliinikum.ee\/geneetika Mitmesuguste erinevate hematoloogiliste haiguste puhul on kromosoomide struktuuri- ja arvuanomaaliate esinemine luu\u00fcdi rakkudes oluline nii diagnoosimisel kui prognoosi ja ravitulemuse hindamisel. Luu\u00fcdi rakke inkubeeritakse mitogeenivabas s\u00f6\u00f6tmes. Reeglina tehakse paralleelkultuurid erineva inkubatsiooniajaga 24 ja 48 tundi. Siis lisatakse [&hellip;]<\/p>\n","protected":false},"author":38,"featured_media":0,"parent":7320,"menu_order":5,"comment_status":"closed","ping_status":"closed","template":"","meta":{"_uag_custom_page_level_css":"","footnotes":""},"class_list":["post-12269","page","type-page","status-publish","hentry"],"acf":[],"yoast_head":"<!-- This site is optimized with the Yoast SEO plugin v27.3 - https:\/\/yoast.com\/product\/yoast-seo-wordpress\/ -->\n<title>Kar\u00fcot\u00fc\u00fcp luu\u00fcdist (Bm-Karyotype) - \u00dchendlabor<\/title>\n<meta name=\"robots\" content=\"index, follow, max-snippet:-1, max-image-preview:large, max-video-preview:-1\" \/>\n<link rel=\"canonical\" href=\"https:\/\/www.kliinikum.ee\/yhendlabor\/kasiraamat\/vereloome-kasvajate-uuringud\/karuotuup-luuudist-bm-karyotype\/\" \/>\n<meta property=\"og:locale\" content=\"et_EE\" \/>\n<meta property=\"og:type\" content=\"article\" \/>\n<meta property=\"og:title\" content=\"Kar\u00fcot\u00fc\u00fcp luu\u00fcdist (Bm-Karyotype) - \u00dchendlabor\" \/>\n<meta property=\"og:description\" content=\"Geneetika ja personaalmeditsiini kliinik, laboratoorse geneetika osakond, ts\u00fctogeneetika labor, Tartu, tel. 731 9496; Tallinn, tel. 731 9173, www.kliinikum.ee\/geneetika Mitmesuguste erinevate hematoloogiliste haiguste puhul on kromosoomide struktuuri- ja arvuanomaaliate esinemine luu\u00fcdi rakkudes oluline nii diagnoosimisel kui prognoosi ja ravitulemuse hindamisel. Luu\u00fcdi rakke inkubeeritakse mitogeenivabas s\u00f6\u00f6tmes. Reeglina tehakse paralleelkultuurid erineva inkubatsiooniajaga 24 ja 48 tundi. Siis lisatakse [&hellip;]\" \/>\n<meta property=\"og:url\" content=\"https:\/\/www.kliinikum.ee\/yhendlabor\/kasiraamat\/vereloome-kasvajate-uuringud\/karuotuup-luuudist-bm-karyotype\/\" \/>\n<meta property=\"og:site_name\" content=\"\u00dchendlabor\" \/>\n<meta property=\"article:modified_time\" content=\"2025-12-21T22:22:51+00:00\" \/>\n<meta name=\"twitter:card\" content=\"summary_large_image\" \/>\n<meta name=\"twitter:label1\" content=\"Est. reading time\" \/>\n\t<meta name=\"twitter:data1\" content=\"2 minutit\" \/>\n<script type=\"application\/ld+json\" class=\"yoast-schema-graph\">{\"@context\":\"https:\\\/\\\/schema.org\",\"@graph\":[{\"@type\":\"WebPage\",\"@id\":\"https:\\\/\\\/www.kliinikum.ee\\\/yhendlabor\\\/kasiraamat\\\/vereloome-kasvajate-uuringud\\\/karuotuup-luuudist-bm-karyotype\\\/\",\"url\":\"https:\\\/\\\/www.kliinikum.ee\\\/yhendlabor\\\/kasiraamat\\\/vereloome-kasvajate-uuringud\\\/karuotuup-luuudist-bm-karyotype\\\/\",\"name\":\"Kar\u00fcot\u00fc\u00fcp luu\u00fcdist (Bm-Karyotype) - \u00dchendlabor\",\"isPartOf\":{\"@id\":\"https:\\\/\\\/www.kliinikum.ee\\\/yhendlabor\\\/#website\"},\"datePublished\":\"2025-07-22T11:30:37+00:00\",\"dateModified\":\"2025-12-21T22:22:51+00:00\",\"breadcrumb\":{\"@id\":\"https:\\\/\\\/www.kliinikum.ee\\\/yhendlabor\\\/kasiraamat\\\/vereloome-kasvajate-uuringud\\\/karuotuup-luuudist-bm-karyotype\\\/#breadcrumb\"},\"inLanguage\":\"et\",\"potentialAction\":[{\"@type\":\"ReadAction\",\"target\":[\"https:\\\/\\\/www.kliinikum.ee\\\/yhendlabor\\\/kasiraamat\\\/vereloome-kasvajate-uuringud\\\/karuotuup-luuudist-bm-karyotype\\\/\"]}]},{\"@type\":\"BreadcrumbList\",\"@id\":\"https:\\\/\\\/www.kliinikum.ee\\\/yhendlabor\\\/kasiraamat\\\/vereloome-kasvajate-uuringud\\\/karuotuup-luuudist-bm-karyotype\\\/#breadcrumb\",\"itemListElement\":[{\"@type\":\"ListItem\",\"position\":1,\"name\":\"Home\",\"item\":\"https:\\\/\\\/www.kliinikum.ee\\\/yhendlabor\\\/\"},{\"@type\":\"ListItem\",\"position\":2,\"name\":\"K\u00e4siraamat\",\"item\":\"https:\\\/\\\/www.kliinikum.ee\\\/yhendlabor\\\/kasiraamat\\\/\"},{\"@type\":\"ListItem\",\"position\":3,\"name\":\"Vereloome kasvajate uuringud\",\"item\":\"https:\\\/\\\/www.kliinikum.ee\\\/yhendlabor\\\/kasiraamat\\\/vereloome-kasvajate-uuringud\\\/\"},{\"@type\":\"ListItem\",\"position\":4,\"name\":\"Kar\u00fcot\u00fc\u00fcp luu\u00fcdist (Bm-Karyotype)\"}]},{\"@type\":\"WebSite\",\"@id\":\"https:\\\/\\\/www.kliinikum.ee\\\/yhendlabor\\\/#website\",\"url\":\"https:\\\/\\\/www.kliinikum.ee\\\/yhendlabor\\\/\",\"name\":\"\u00dchendlabor\",\"description\":\"Hoolivus, Uuendusmeelsus, P\u00e4devus ja Usaldusv\u00e4\u00e4rsus\",\"potentialAction\":[{\"@type\":\"SearchAction\",\"target\":{\"@type\":\"EntryPoint\",\"urlTemplate\":\"https:\\\/\\\/www.kliinikum.ee\\\/yhendlabor\\\/?s={search_term_string}\"},\"query-input\":{\"@type\":\"PropertyValueSpecification\",\"valueRequired\":true,\"valueName\":\"search_term_string\"}}],\"inLanguage\":\"et\"}]}<\/script>\n<!-- \/ Yoast SEO plugin. -->","yoast_head_json":{"title":"Kar\u00fcot\u00fc\u00fcp luu\u00fcdist (Bm-Karyotype) - \u00dchendlabor","robots":{"index":"index","follow":"follow","max-snippet":"max-snippet:-1","max-image-preview":"max-image-preview:large","max-video-preview":"max-video-preview:-1"},"canonical":"https:\/\/www.kliinikum.ee\/yhendlabor\/kasiraamat\/vereloome-kasvajate-uuringud\/karuotuup-luuudist-bm-karyotype\/","og_locale":"et_EE","og_type":"article","og_title":"Kar\u00fcot\u00fc\u00fcp luu\u00fcdist (Bm-Karyotype) - \u00dchendlabor","og_description":"Geneetika ja personaalmeditsiini kliinik, laboratoorse geneetika osakond, ts\u00fctogeneetika labor, Tartu, tel. 731 9496; Tallinn, tel. 731 9173, www.kliinikum.ee\/geneetika Mitmesuguste erinevate hematoloogiliste haiguste puhul on kromosoomide struktuuri- ja arvuanomaaliate esinemine luu\u00fcdi rakkudes oluline nii diagnoosimisel kui prognoosi ja ravitulemuse hindamisel. Luu\u00fcdi rakke inkubeeritakse mitogeenivabas s\u00f6\u00f6tmes. Reeglina tehakse paralleelkultuurid erineva inkubatsiooniajaga 24 ja 48 tundi. Siis lisatakse [&hellip;]","og_url":"https:\/\/www.kliinikum.ee\/yhendlabor\/kasiraamat\/vereloome-kasvajate-uuringud\/karuotuup-luuudist-bm-karyotype\/","og_site_name":"\u00dchendlabor","article_modified_time":"2025-12-21T22:22:51+00:00","twitter_card":"summary_large_image","twitter_misc":{"Est. reading time":"2 minutit"},"schema":{"@context":"https:\/\/schema.org","@graph":[{"@type":"WebPage","@id":"https:\/\/www.kliinikum.ee\/yhendlabor\/kasiraamat\/vereloome-kasvajate-uuringud\/karuotuup-luuudist-bm-karyotype\/","url":"https:\/\/www.kliinikum.ee\/yhendlabor\/kasiraamat\/vereloome-kasvajate-uuringud\/karuotuup-luuudist-bm-karyotype\/","name":"Kar\u00fcot\u00fc\u00fcp luu\u00fcdist (Bm-Karyotype) - \u00dchendlabor","isPartOf":{"@id":"https:\/\/www.kliinikum.ee\/yhendlabor\/#website"},"datePublished":"2025-07-22T11:30:37+00:00","dateModified":"2025-12-21T22:22:51+00:00","breadcrumb":{"@id":"https:\/\/www.kliinikum.ee\/yhendlabor\/kasiraamat\/vereloome-kasvajate-uuringud\/karuotuup-luuudist-bm-karyotype\/#breadcrumb"},"inLanguage":"et","potentialAction":[{"@type":"ReadAction","target":["https:\/\/www.kliinikum.ee\/yhendlabor\/kasiraamat\/vereloome-kasvajate-uuringud\/karuotuup-luuudist-bm-karyotype\/"]}]},{"@type":"BreadcrumbList","@id":"https:\/\/www.kliinikum.ee\/yhendlabor\/kasiraamat\/vereloome-kasvajate-uuringud\/karuotuup-luuudist-bm-karyotype\/#breadcrumb","itemListElement":[{"@type":"ListItem","position":1,"name":"Home","item":"https:\/\/www.kliinikum.ee\/yhendlabor\/"},{"@type":"ListItem","position":2,"name":"K\u00e4siraamat","item":"https:\/\/www.kliinikum.ee\/yhendlabor\/kasiraamat\/"},{"@type":"ListItem","position":3,"name":"Vereloome kasvajate uuringud","item":"https:\/\/www.kliinikum.ee\/yhendlabor\/kasiraamat\/vereloome-kasvajate-uuringud\/"},{"@type":"ListItem","position":4,"name":"Kar\u00fcot\u00fc\u00fcp luu\u00fcdist (Bm-Karyotype)"}]},{"@type":"WebSite","@id":"https:\/\/www.kliinikum.ee\/yhendlabor\/#website","url":"https:\/\/www.kliinikum.ee\/yhendlabor\/","name":"\u00dchendlabor","description":"Hoolivus, Uuendusmeelsus, P\u00e4devus ja Usaldusv\u00e4\u00e4rsus","potentialAction":[{"@type":"SearchAction","target":{"@type":"EntryPoint","urlTemplate":"https:\/\/www.kliinikum.ee\/yhendlabor\/?s={search_term_string}"},"query-input":{"@type":"PropertyValueSpecification","valueRequired":true,"valueName":"search_term_string"}}],"inLanguage":"et"}]}},"uagb_featured_image_src":{"full":false,"thumbnail":false,"medium":false,"medium_large":false,"large":false,"1536x1536":false,"2048x2048":false},"uagb_author_info":{"display_name":"Kadi Siigur","author_link":"https:\/\/www.kliinikum.ee\/yhendlabor\/author\/kadisi\/"},"uagb_comment_info":0,"uagb_excerpt":"Geneetika ja personaalmeditsiini kliinik, laboratoorse geneetika osakond, ts\u00fctogeneetika labor, Tartu, tel. 731 9496; Tallinn, tel. 731 9173, www.kliinikum.ee\/geneetika Mitmesuguste erinevate hematoloogiliste haiguste puhul on kromosoomide struktuuri- ja arvuanomaaliate esinemine luu\u00fcdi rakkudes oluline nii diagnoosimisel kui prognoosi ja ravitulemuse hindamisel. Luu\u00fcdi rakke inkubeeritakse mitogeenivabas s\u00f6\u00f6tmes. Reeglina tehakse paralleelkultuurid erineva inkubatsiooniajaga 24 ja 48 tundi. Siis lisatakse&hellip;","_links":{"self":[{"href":"https:\/\/www.kliinikum.ee\/yhendlabor\/wp-json\/wp\/v2\/pages\/12269","targetHints":{"allow":["GET"]}}],"collection":[{"href":"https:\/\/www.kliinikum.ee\/yhendlabor\/wp-json\/wp\/v2\/pages"}],"about":[{"href":"https:\/\/www.kliinikum.ee\/yhendlabor\/wp-json\/wp\/v2\/types\/page"}],"author":[{"embeddable":true,"href":"https:\/\/www.kliinikum.ee\/yhendlabor\/wp-json\/wp\/v2\/users\/38"}],"replies":[{"embeddable":true,"href":"https:\/\/www.kliinikum.ee\/yhendlabor\/wp-json\/wp\/v2\/comments?post=12269"}],"version-history":[{"count":0,"href":"https:\/\/www.kliinikum.ee\/yhendlabor\/wp-json\/wp\/v2\/pages\/12269\/revisions"}],"up":[{"embeddable":true,"href":"https:\/\/www.kliinikum.ee\/yhendlabor\/wp-json\/wp\/v2\/pages\/7320"}],"wp:attachment":[{"href":"https:\/\/www.kliinikum.ee\/yhendlabor\/wp-json\/wp\/v2\/media?parent=12269"}],"curies":[{"name":"wp","href":"https:\/\/api.w.org\/{rel}","templated":true}]}}