{"id":12294,"date":"2025-07-23T17:27:16","date_gmt":"2025-07-23T15:27:16","guid":{"rendered":"https:\/\/www.kliinikum.ee\/yhendlabor\/?page_id=12294"},"modified":"2025-12-11T23:06:37","modified_gmt":"2025-12-11T21:06:37","slug":"albumiin-uriinis-u-alb-u-crea-du-alb","status":"publish","type":"page","link":"https:\/\/www.kliinikum.ee\/yhendlabor\/kasiraamat\/uriini-uuringud\/albumiin-uriinis-u-alb-u-crea-du-alb\/","title":{"rendered":"Albumiin uriinis (U-Alb\/U-Crea, dU-Alb)"},"content":{"rendered":"\n<p><em>Kliinilise keemia ja laboratoorse hematoloogia osakond<\/em><\/p>\n\n\n\n<p><strong>Albumiin <\/strong>on maksas s\u00fcnteesitav plasmavalk. Suhteliselt madala molekulmassi t\u00f5ttu (68000 daltonit) filtreerub see neerup\u00e4smakeste kaudu uriini, kuid ainult v\u00e4heses koguses. Kaasajal peetakse normaalseks, kui albumiini eritub uriiniga alla 30 mg \u00f6\u00f6p\u00e4evas. Albumiini p\u00fcsivat eritust 30\u2013300 mg \u00f6\u00f6p\u00e4evas nimetatakse mikroalbuminuuriaks ja see viitab algavale neerukahjustusele. Albumiinieritus \u00fcle 300 mg \u00f6\u00f6p\u00e4evas n\u00e4itab juba olulist neerup\u00e4smakeste kahjustust. Uriini ribaanal\u00fc\u00fcsiga pole mikroalbuminuuriana defineeritavad albumiinikogused avastatavad.<\/p>\n\n\n\n<p class=\"has-medium-font-size\"><strong>Uuritav materjal, selle v\u00f5tmine, saatmine ja s\u00e4ilitamine<\/strong><\/p>\n\n\n\n<p>Usaldusv\u00e4\u00e4rseima tulemuse saamiseks on soovitav m\u00e4\u00e4rata albumiini ja kreatiniini suhe \u00fchekordsest uriiniportsjonist (esmane hommikune uriin v\u00f5i nn juhuslik uriin). V\u00f5ib ka m\u00e4\u00e4rata albumiini eritumise \u00f6\u00f6p\u00e4evasest uriinist.<\/p>\n\n\n\n<p>Enne \u00f6\u00f6p\u00e4evase uriini kogumise alustamist t\u00fchjendab patsient p\u00f5ie. Seda uriiniportsjonit ei koguta, kuid kellaaeg registreeritakse uriini kogumise algusena. Seej\u00e4rel urineerib patsient \u00f6\u00f6p\u00e4eva jooksul (v\u00f5i kogutakse uriin) uriinikogumisn\u00f5usse, viimast korda <em>t\u00e4pselt <\/em>24 tunni m\u00f6\u00f6dudes peale kogumise algust. Enne laborisse saadetava proovi (<em>ca<\/em> 10 mL) eraldamist segatakse ja m\u00f5\u00f5detakse \u00f6\u00f6p\u00e4evase uriini kogus, mis m\u00e4rgitakse ka tellimusse.<\/p>\n\n\n\n<figure class=\"wp-block-table is-style-stripes\"><table width=\"100%\"><tbody><tr><td width=\"1%\"><\/td><td width=\"15%\"><strong>Proovin\u00f5u<\/strong><\/td><td width=\"84%\">Uriini kogumiseks uriinikogumisn\u00f5u, laborisse saatmiseks uriinikatsuti v\u00f5i proovitops<\/td><\/tr><tr><td><\/td><td><strong>S\u00e4ilivus<\/strong><\/td><td>Toatemperatuuril seitse p\u00e4eva, +4 \u00b0C \u00fcks kuu, -20 \u00b0C kuus kuud<\/td><\/tr><\/tbody><\/table><\/figure>\n\n\n\n<p class=\"has-medium-font-size\"><strong>Anal\u00fc\u00fcsi tegemise aeg: <\/strong>\u00f6\u00f6p\u00e4evaringselt<\/p>\n\n\n\n<p class=\"has-medium-font-size\"><strong>Anal\u00fc\u00fcsimeetod: <\/strong>immuunturbidimeetriline meetod<\/p>\n\n\n\n<p class=\"has-medium-font-size\"><strong>Referentsv\u00e4\u00e4rtused<\/strong><\/p>\n\n\n\n<figure class=\"wp-block-table\"><table width=\"100%\"><tbody><tr><td width=\"1%\"><\/td><td width=\"39%\"><strong>Albumiin\/kreatiniin uriinis<\/strong><\/td><td width=\"15%\">&lt; 1 k<\/td><td width=\"15%\"><\/td><td width=\"30%\">&lt; 21 g\/mol<\/td><\/tr><tr><td><\/td><td>&nbsp;<\/td><td>1 k \u2013 &lt; 1 a<\/td><td><\/td><td>&lt; 3,8 g\/mol<\/td><\/tr><tr><td><\/td><td>&nbsp;<\/td><td>1 a \u2013 &lt; 6 a<\/td><td><\/td><td>&lt; 3,3 g\/mol<\/td><\/tr><tr><td><\/td><td>&nbsp;<\/td><td>6 a \u2013 &lt; 11 a<\/td><td><\/td><td>&lt; 2,7 g\/mol<\/td><\/tr><tr><td><\/td><td>&nbsp;<\/td><td>11 a \u2013 &lt; 16 a<\/td><td><\/td><td>&lt; 2,1 g\/mol<\/td><\/tr><tr><td><\/td><td>&nbsp;<\/td><td>\u2265 16 a<\/td><td>M<\/td><td>&lt; 2,5 g\/mol<\/td><\/tr><tr><td><\/td><td>&nbsp;<\/td><td><\/td><td>N<\/td><td>&lt; 3,5 g\/mol<\/td><\/tr><tr><td><\/td><td><strong>Albumiin \u00f6\u00f6p\u00e4evases uriinis<\/strong><\/td><td>&nbsp;<\/td><td><\/td><td>&lt; 30 mg\/d<\/td><\/tr><\/tbody><\/table><\/figure>\n\n\n\n<p class=\"has-medium-font-size\"><strong>N\u00e4idustus ja kliiniline t\u00e4hendus<\/strong><\/p>\n\n\n\n<p>Neerukahjustuse varajane tuvastamine, eriti diabeedi ja h\u00fcpertooniat\u00f5ve korral, aga ka krooniliste neeruhaiguste korral.<\/p>\n\n\n\n<p>Rahvusvahelised ravijuhendid soovitavad uurida I t\u00fc\u00fcpi diabeeti p\u00f5devaid haigeid albumiini eritumise suhtes \u00fcks kord aastas alates viiendast diagnoosimise j\u00e4rgsest aastast ja II t\u00fc\u00fcpi diabeeti p\u00f5devaid haigeid \u00fcks kord aastas alates diagnoosimise hetkest.<\/p>\n\n\n\n<p>Albuminuuria diagnoosimisel tuleb arvestada, et teatud seisundid, nagu palavik, s\u00fcdamepuudulikkus, h\u00fcpertensioon, h\u00fcpergl\u00fckeemia, kuseteede infektsioonid ja f\u00fc\u00fcsiline pingutus, v\u00f5ivad esile kutsuda ajutise albuminuuria. Seega tuleb positiivse tulemusega albuminuuria uuringut paarin\u00e4dalase vahega korrata. P\u00fcsiva albuminuuria diagnoosimiseks peavad kaks kolmest j\u00e4rjestikusest uuringust olema positiivsed. Negatiivse tulemusega uuringut ei ole vaja korrata.<\/p>\n\n\n\n<p>Koostaja: Kaja Vaagen<br>Muudetud 18.01.2023<\/p>\n","protected":false},"excerpt":{"rendered":"<p>Kliinilise keemia ja laboratoorse hematoloogia osakond Albumiin on maksas s\u00fcnteesitav plasmavalk. Suhteliselt madala molekulmassi t\u00f5ttu (68000 daltonit) filtreerub see neerup\u00e4smakeste kaudu uriini, kuid ainult v\u00e4heses koguses. Kaasajal peetakse normaalseks, kui albumiini eritub uriiniga alla 30 mg \u00f6\u00f6p\u00e4evas. Albumiini p\u00fcsivat eritust 30\u2013300 mg \u00f6\u00f6p\u00e4evas nimetatakse mikroalbuminuuriaks ja see viitab algavale neerukahjustusele. Albumiinieritus \u00fcle 300 mg \u00f6\u00f6p\u00e4evas [&hellip;]<\/p>\n","protected":false},"author":38,"featured_media":0,"parent":7317,"menu_order":1,"comment_status":"closed","ping_status":"closed","template":"","meta":{"_uag_custom_page_level_css":"","footnotes":""},"class_list":["post-12294","page","type-page","status-publish","hentry"],"acf":[],"yoast_head":"<!-- This site is optimized with the Yoast SEO plugin v27.3 - https:\/\/yoast.com\/product\/yoast-seo-wordpress\/ -->\n<title>Albumiin uriinis (U-Alb\/U-Crea, dU-Alb) - \u00dchendlabor<\/title>\n<meta name=\"robots\" content=\"index, follow, max-snippet:-1, max-image-preview:large, max-video-preview:-1\" \/>\n<link rel=\"canonical\" href=\"https:\/\/www.kliinikum.ee\/yhendlabor\/kasiraamat\/uriini-uuringud\/albumiin-uriinis-u-alb-u-crea-du-alb\/\" \/>\n<meta property=\"og:locale\" content=\"et_EE\" \/>\n<meta property=\"og:type\" content=\"article\" \/>\n<meta property=\"og:title\" content=\"Albumiin uriinis (U-Alb\/U-Crea, dU-Alb) - \u00dchendlabor\" \/>\n<meta property=\"og:description\" content=\"Kliinilise keemia ja laboratoorse hematoloogia osakond Albumiin on maksas s\u00fcnteesitav plasmavalk. Suhteliselt madala molekulmassi t\u00f5ttu (68000 daltonit) filtreerub see neerup\u00e4smakeste kaudu uriini, kuid ainult v\u00e4heses koguses. Kaasajal peetakse normaalseks, kui albumiini eritub uriiniga alla 30 mg \u00f6\u00f6p\u00e4evas. Albumiini p\u00fcsivat eritust 30\u2013300 mg \u00f6\u00f6p\u00e4evas nimetatakse mikroalbuminuuriaks ja see viitab algavale neerukahjustusele. Albumiinieritus \u00fcle 300 mg \u00f6\u00f6p\u00e4evas [&hellip;]\" \/>\n<meta property=\"og:url\" content=\"https:\/\/www.kliinikum.ee\/yhendlabor\/kasiraamat\/uriini-uuringud\/albumiin-uriinis-u-alb-u-crea-du-alb\/\" \/>\n<meta property=\"og:site_name\" content=\"\u00dchendlabor\" \/>\n<meta property=\"article:modified_time\" content=\"2025-12-11T21:06:37+00:00\" \/>\n<meta name=\"twitter:card\" content=\"summary_large_image\" \/>\n<meta name=\"twitter:label1\" content=\"Est. reading time\" \/>\n\t<meta name=\"twitter:data1\" content=\"2 minutit\" \/>\n<script type=\"application\/ld+json\" class=\"yoast-schema-graph\">{\"@context\":\"https:\\\/\\\/schema.org\",\"@graph\":[{\"@type\":\"WebPage\",\"@id\":\"https:\\\/\\\/www.kliinikum.ee\\\/yhendlabor\\\/kasiraamat\\\/uriini-uuringud\\\/albumiin-uriinis-u-alb-u-crea-du-alb\\\/\",\"url\":\"https:\\\/\\\/www.kliinikum.ee\\\/yhendlabor\\\/kasiraamat\\\/uriini-uuringud\\\/albumiin-uriinis-u-alb-u-crea-du-alb\\\/\",\"name\":\"Albumiin uriinis (U-Alb\\\/U-Crea, dU-Alb) - \u00dchendlabor\",\"isPartOf\":{\"@id\":\"https:\\\/\\\/www.kliinikum.ee\\\/yhendlabor\\\/#website\"},\"datePublished\":\"2025-07-23T15:27:16+00:00\",\"dateModified\":\"2025-12-11T21:06:37+00:00\",\"breadcrumb\":{\"@id\":\"https:\\\/\\\/www.kliinikum.ee\\\/yhendlabor\\\/kasiraamat\\\/uriini-uuringud\\\/albumiin-uriinis-u-alb-u-crea-du-alb\\\/#breadcrumb\"},\"inLanguage\":\"et\",\"potentialAction\":[{\"@type\":\"ReadAction\",\"target\":[\"https:\\\/\\\/www.kliinikum.ee\\\/yhendlabor\\\/kasiraamat\\\/uriini-uuringud\\\/albumiin-uriinis-u-alb-u-crea-du-alb\\\/\"]}]},{\"@type\":\"BreadcrumbList\",\"@id\":\"https:\\\/\\\/www.kliinikum.ee\\\/yhendlabor\\\/kasiraamat\\\/uriini-uuringud\\\/albumiin-uriinis-u-alb-u-crea-du-alb\\\/#breadcrumb\",\"itemListElement\":[{\"@type\":\"ListItem\",\"position\":1,\"name\":\"Home\",\"item\":\"https:\\\/\\\/www.kliinikum.ee\\\/yhendlabor\\\/\"},{\"@type\":\"ListItem\",\"position\":2,\"name\":\"K\u00e4siraamat\",\"item\":\"https:\\\/\\\/www.kliinikum.ee\\\/yhendlabor\\\/kasiraamat\\\/\"},{\"@type\":\"ListItem\",\"position\":3,\"name\":\"Uriini uuringud\",\"item\":\"https:\\\/\\\/www.kliinikum.ee\\\/yhendlabor\\\/kasiraamat\\\/uriini-uuringud\\\/\"},{\"@type\":\"ListItem\",\"position\":4,\"name\":\"Albumiin uriinis (U-Alb\\\/U-Crea, dU-Alb)\"}]},{\"@type\":\"WebSite\",\"@id\":\"https:\\\/\\\/www.kliinikum.ee\\\/yhendlabor\\\/#website\",\"url\":\"https:\\\/\\\/www.kliinikum.ee\\\/yhendlabor\\\/\",\"name\":\"\u00dchendlabor\",\"description\":\"Hoolivus, Uuendusmeelsus, P\u00e4devus ja Usaldusv\u00e4\u00e4rsus\",\"potentialAction\":[{\"@type\":\"SearchAction\",\"target\":{\"@type\":\"EntryPoint\",\"urlTemplate\":\"https:\\\/\\\/www.kliinikum.ee\\\/yhendlabor\\\/?s={search_term_string}\"},\"query-input\":{\"@type\":\"PropertyValueSpecification\",\"valueRequired\":true,\"valueName\":\"search_term_string\"}}],\"inLanguage\":\"et\"}]}<\/script>\n<!-- \/ Yoast SEO plugin. -->","yoast_head_json":{"title":"Albumiin uriinis (U-Alb\/U-Crea, dU-Alb) - \u00dchendlabor","robots":{"index":"index","follow":"follow","max-snippet":"max-snippet:-1","max-image-preview":"max-image-preview:large","max-video-preview":"max-video-preview:-1"},"canonical":"https:\/\/www.kliinikum.ee\/yhendlabor\/kasiraamat\/uriini-uuringud\/albumiin-uriinis-u-alb-u-crea-du-alb\/","og_locale":"et_EE","og_type":"article","og_title":"Albumiin uriinis (U-Alb\/U-Crea, dU-Alb) - \u00dchendlabor","og_description":"Kliinilise keemia ja laboratoorse hematoloogia osakond Albumiin on maksas s\u00fcnteesitav plasmavalk. Suhteliselt madala molekulmassi t\u00f5ttu (68000 daltonit) filtreerub see neerup\u00e4smakeste kaudu uriini, kuid ainult v\u00e4heses koguses. Kaasajal peetakse normaalseks, kui albumiini eritub uriiniga alla 30 mg \u00f6\u00f6p\u00e4evas. Albumiini p\u00fcsivat eritust 30\u2013300 mg \u00f6\u00f6p\u00e4evas nimetatakse mikroalbuminuuriaks ja see viitab algavale neerukahjustusele. Albumiinieritus \u00fcle 300 mg \u00f6\u00f6p\u00e4evas [&hellip;]","og_url":"https:\/\/www.kliinikum.ee\/yhendlabor\/kasiraamat\/uriini-uuringud\/albumiin-uriinis-u-alb-u-crea-du-alb\/","og_site_name":"\u00dchendlabor","article_modified_time":"2025-12-11T21:06:37+00:00","twitter_card":"summary_large_image","twitter_misc":{"Est. reading time":"2 minutit"},"schema":{"@context":"https:\/\/schema.org","@graph":[{"@type":"WebPage","@id":"https:\/\/www.kliinikum.ee\/yhendlabor\/kasiraamat\/uriini-uuringud\/albumiin-uriinis-u-alb-u-crea-du-alb\/","url":"https:\/\/www.kliinikum.ee\/yhendlabor\/kasiraamat\/uriini-uuringud\/albumiin-uriinis-u-alb-u-crea-du-alb\/","name":"Albumiin uriinis (U-Alb\/U-Crea, dU-Alb) - \u00dchendlabor","isPartOf":{"@id":"https:\/\/www.kliinikum.ee\/yhendlabor\/#website"},"datePublished":"2025-07-23T15:27:16+00:00","dateModified":"2025-12-11T21:06:37+00:00","breadcrumb":{"@id":"https:\/\/www.kliinikum.ee\/yhendlabor\/kasiraamat\/uriini-uuringud\/albumiin-uriinis-u-alb-u-crea-du-alb\/#breadcrumb"},"inLanguage":"et","potentialAction":[{"@type":"ReadAction","target":["https:\/\/www.kliinikum.ee\/yhendlabor\/kasiraamat\/uriini-uuringud\/albumiin-uriinis-u-alb-u-crea-du-alb\/"]}]},{"@type":"BreadcrumbList","@id":"https:\/\/www.kliinikum.ee\/yhendlabor\/kasiraamat\/uriini-uuringud\/albumiin-uriinis-u-alb-u-crea-du-alb\/#breadcrumb","itemListElement":[{"@type":"ListItem","position":1,"name":"Home","item":"https:\/\/www.kliinikum.ee\/yhendlabor\/"},{"@type":"ListItem","position":2,"name":"K\u00e4siraamat","item":"https:\/\/www.kliinikum.ee\/yhendlabor\/kasiraamat\/"},{"@type":"ListItem","position":3,"name":"Uriini uuringud","item":"https:\/\/www.kliinikum.ee\/yhendlabor\/kasiraamat\/uriini-uuringud\/"},{"@type":"ListItem","position":4,"name":"Albumiin uriinis (U-Alb\/U-Crea, dU-Alb)"}]},{"@type":"WebSite","@id":"https:\/\/www.kliinikum.ee\/yhendlabor\/#website","url":"https:\/\/www.kliinikum.ee\/yhendlabor\/","name":"\u00dchendlabor","description":"Hoolivus, Uuendusmeelsus, P\u00e4devus ja Usaldusv\u00e4\u00e4rsus","potentialAction":[{"@type":"SearchAction","target":{"@type":"EntryPoint","urlTemplate":"https:\/\/www.kliinikum.ee\/yhendlabor\/?s={search_term_string}"},"query-input":{"@type":"PropertyValueSpecification","valueRequired":true,"valueName":"search_term_string"}}],"inLanguage":"et"}]}},"uagb_featured_image_src":{"full":false,"thumbnail":false,"medium":false,"medium_large":false,"large":false,"1536x1536":false,"2048x2048":false},"uagb_author_info":{"display_name":"Kadi Siigur","author_link":"https:\/\/www.kliinikum.ee\/yhendlabor\/author\/kadisi\/"},"uagb_comment_info":0,"uagb_excerpt":"Kliinilise keemia ja laboratoorse hematoloogia osakond Albumiin on maksas s\u00fcnteesitav plasmavalk. Suhteliselt madala molekulmassi t\u00f5ttu (68000 daltonit) filtreerub see neerup\u00e4smakeste kaudu uriini, kuid ainult v\u00e4heses koguses. Kaasajal peetakse normaalseks, kui albumiini eritub uriiniga alla 30 mg \u00f6\u00f6p\u00e4evas. Albumiini p\u00fcsivat eritust 30\u2013300 mg \u00f6\u00f6p\u00e4evas nimetatakse mikroalbuminuuriaks ja see viitab algavale neerukahjustusele. Albumiinieritus \u00fcle 300 mg \u00f6\u00f6p\u00e4evas&hellip;","_links":{"self":[{"href":"https:\/\/www.kliinikum.ee\/yhendlabor\/wp-json\/wp\/v2\/pages\/12294","targetHints":{"allow":["GET"]}}],"collection":[{"href":"https:\/\/www.kliinikum.ee\/yhendlabor\/wp-json\/wp\/v2\/pages"}],"about":[{"href":"https:\/\/www.kliinikum.ee\/yhendlabor\/wp-json\/wp\/v2\/types\/page"}],"author":[{"embeddable":true,"href":"https:\/\/www.kliinikum.ee\/yhendlabor\/wp-json\/wp\/v2\/users\/38"}],"replies":[{"embeddable":true,"href":"https:\/\/www.kliinikum.ee\/yhendlabor\/wp-json\/wp\/v2\/comments?post=12294"}],"version-history":[{"count":0,"href":"https:\/\/www.kliinikum.ee\/yhendlabor\/wp-json\/wp\/v2\/pages\/12294\/revisions"}],"up":[{"embeddable":true,"href":"https:\/\/www.kliinikum.ee\/yhendlabor\/wp-json\/wp\/v2\/pages\/7317"}],"wp:attachment":[{"href":"https:\/\/www.kliinikum.ee\/yhendlabor\/wp-json\/wp\/v2\/media?parent=12294"}],"curies":[{"name":"wp","href":"https:\/\/api.w.org\/{rel}","templated":true}]}}