{"id":12299,"date":"2025-07-23T17:34:41","date_gmt":"2025-07-23T15:34:41","guid":{"rendered":"https:\/\/www.kliinikum.ee\/yhendlabor\/?page_id=12299"},"modified":"2025-12-22T00:14:47","modified_gmt":"2025-12-21T22:14:47","slug":"dusmorfsed-erutrotsuudid-uriinis","status":"publish","type":"page","link":"https:\/\/www.kliinikum.ee\/yhendlabor\/kasiraamat\/uriini-uuringud\/dusmorfsed-erutrotsuudid-uriinis\/","title":{"rendered":"D\u00fcsmorfsed er\u00fctrots\u00fc\u00fcdid uriinis"},"content":{"rendered":"\n<p><em>Laboratoorse hematoloogia ja \u00fcldkliiniliste anal\u00fc\u00fcside osakond, tel. 731 8315<\/em><\/p>\n\n\n\n<p><strong>D\u00fcsmorfseteks er\u00fctrots\u00fc\u00fctideks<\/strong> nimetatakse kindla kuju ja suuruse muutustega er\u00fctrots\u00fc\u00fcte, mida v\u00f5ib leida uriini mikroskoopial neerup\u00e4smakeste kahjustusest tingitud hematuuria korral. D\u00fcsmorfsete er\u00fctrots\u00fc\u00fctide hulgas on v\u00f5imalik omakorda morfoloogia alusel eristada\u00a0nn G1 rakke, mis on\u00a0spetsiifilisemad glomerulaarsele hematuuriale kui \u00fclej\u00e4\u00e4nud d\u00fcsmorfsed er\u00fctrots\u00fc\u00fcdid.<\/p>\n\n\n\n<p class=\"has-medium-font-size\"><strong>Uuritav materjal, selle v\u00f5tmine, saatmine ja s\u00e4ilitamine<\/strong><\/p>\n\n\n\n<figure class=\"wp-block-table is-style-stripes\"><table width=\"100%\"><tbody><tr><td width=\"1%\"><\/td><td width=\"15%\"><strong>Proovin\u00f5u<\/strong><\/td><td width=\"84%\">Proovitops<\/td><\/tr><tr><td><\/td><td><strong>S\u00e4ilivus<\/strong><\/td><td>Uriin (eelistatult esmane hommikune keskjoauriin) toatemperatuuril pool tundi<\/td><\/tr><\/tbody><\/table><\/figure>\n\n\n\n<p class=\"has-medium-font-size\"><strong>Anal\u00fc\u00fcsi tegemise aeg:<\/strong> \u00f6\u00f6p\u00e4evaringselt<\/p>\n\n\n\n<p class=\"has-medium-font-size\"><strong>Anal\u00fc\u00fcsimeetod:<\/strong> uriini sademe mikroskoopia<\/p>\n\n\n\n<p class=\"has-medium-font-size\"><strong>Vastuse vorm<\/strong><\/p>\n\n\n\n<p>V\u00e4ljastatakse d\u00fcsmorfsete er\u00fctrots\u00fc\u00fctide hulk (%) uriini er\u00fctrots\u00fc\u00fctide koguhulgast.<\/p>\n\n\n\n<p class=\"has-medium-font-size\"><strong>N\u00e4idustus ja kliiniline t\u00e4hendus<\/strong><\/p>\n\n\n\n<p>Glomerulaarse hematuuria eristamine mitteglomerulaarsest hematuuriast.<\/p>\n\n\n\n<p>D\u00fcsmorfsete er\u00fctrots\u00fc\u00fctide ja G1 rakkude hulk (%) uriini er\u00fctrots\u00fc\u00fctidest:<\/p>\n\n\n\n<figure class=\"wp-block-table\"><table width=\"100%\"><tbody><tr><td width=\"1%\"><\/td><td width=\"34%\"><strong>G1 rakud<\/strong><\/td><td width=\"15%\">&gt; 5<\/td><td width=\"50%\">glomerulaarne kahjustus<\/td><\/tr><tr><td><\/td><td><strong>D\u00fcsmorfsed er\u00fctrots\u00fc\u00fcdid<\/strong><\/td><td>&lt; 20<\/td><td>glomerulaarne kahjustus puudub<\/td><\/tr><tr><td><\/td><td>&nbsp;<\/td><td>20\u201350<\/td><td>v\u00e4het\u00f5en\u00e4oline glomerulaarne kahjustus<\/td><\/tr><tr><td><\/td><td>&nbsp;<\/td><td>50\u201380<\/td><td>t\u00f5en\u00e4oline glomerulaarne kahjustus<\/td><\/tr><tr><td><\/td><td>&nbsp;<\/td><td>&gt; 80<\/td><td>kindel glomerulaarne kahjustus<\/td><\/tr><\/tbody><\/table><\/figure>\n\n\n\n<p>Tulemuse usaldusv\u00e4\u00e4rsust m\u00f5jutavad: uriini seismine \u00fcle \u00fche tunni, uriini aluseline pH, madal erikaal, pol\u00fcuuria, makrohematuuria.<\/p>\n\n\n\n<p>Vt ka: <a href=\"https:\/\/www.kliinikum.ee\/yhendlabor\/kasiraamat\/uriini-uuringud\/uriini-ribaanaluus-ja-voolutsutomeetria-u-strip-u-particles-fc\/\">Uriini ribaanal\u00fc\u00fcs ja vooluts\u00fctomeetria<\/a><\/p>\n\n\n\n<p>Koostaja: Tiit Salum<\/p>\n","protected":false},"excerpt":{"rendered":"<p>Laboratoorse hematoloogia ja \u00fcldkliiniliste anal\u00fc\u00fcside osakond, tel. 731 8315 D\u00fcsmorfseteks er\u00fctrots\u00fc\u00fctideks nimetatakse kindla kuju ja suuruse muutustega er\u00fctrots\u00fc\u00fcte, mida v\u00f5ib leida uriini mikroskoopial neerup\u00e4smakeste kahjustusest tingitud hematuuria korral. D\u00fcsmorfsete er\u00fctrots\u00fc\u00fctide hulgas on v\u00f5imalik omakorda morfoloogia alusel eristada\u00a0nn G1 rakke, mis on\u00a0spetsiifilisemad glomerulaarsele hematuuriale kui \u00fclej\u00e4\u00e4nud d\u00fcsmorfsed er\u00fctrots\u00fc\u00fcdid. Uuritav materjal, selle v\u00f5tmine, saatmine ja s\u00e4ilitamine Proovin\u00f5u [&hellip;]<\/p>\n","protected":false},"author":38,"featured_media":0,"parent":7317,"menu_order":2,"comment_status":"closed","ping_status":"closed","template":"","meta":{"_uag_custom_page_level_css":"","footnotes":""},"class_list":["post-12299","page","type-page","status-publish","hentry"],"acf":[],"yoast_head":"<!-- This site is optimized with the Yoast SEO plugin v27.3 - https:\/\/yoast.com\/product\/yoast-seo-wordpress\/ -->\n<title>D\u00fcsmorfsed er\u00fctrots\u00fc\u00fcdid uriinis - \u00dchendlabor<\/title>\n<meta name=\"robots\" content=\"index, follow, max-snippet:-1, max-image-preview:large, max-video-preview:-1\" \/>\n<link rel=\"canonical\" href=\"https:\/\/www.kliinikum.ee\/yhendlabor\/kasiraamat\/uriini-uuringud\/dusmorfsed-erutrotsuudid-uriinis\/\" \/>\n<meta property=\"og:locale\" content=\"et_EE\" \/>\n<meta property=\"og:type\" content=\"article\" \/>\n<meta property=\"og:title\" content=\"D\u00fcsmorfsed er\u00fctrots\u00fc\u00fcdid uriinis - \u00dchendlabor\" \/>\n<meta property=\"og:description\" content=\"Laboratoorse hematoloogia ja \u00fcldkliiniliste anal\u00fc\u00fcside osakond, tel. 731 8315 D\u00fcsmorfseteks er\u00fctrots\u00fc\u00fctideks nimetatakse kindla kuju ja suuruse muutustega er\u00fctrots\u00fc\u00fcte, mida v\u00f5ib leida uriini mikroskoopial neerup\u00e4smakeste kahjustusest tingitud hematuuria korral. D\u00fcsmorfsete er\u00fctrots\u00fc\u00fctide hulgas on v\u00f5imalik omakorda morfoloogia alusel eristada\u00a0nn G1 rakke, mis on\u00a0spetsiifilisemad glomerulaarsele hematuuriale kui \u00fclej\u00e4\u00e4nud d\u00fcsmorfsed er\u00fctrots\u00fc\u00fcdid. Uuritav materjal, selle v\u00f5tmine, saatmine ja s\u00e4ilitamine Proovin\u00f5u [&hellip;]\" \/>\n<meta property=\"og:url\" content=\"https:\/\/www.kliinikum.ee\/yhendlabor\/kasiraamat\/uriini-uuringud\/dusmorfsed-erutrotsuudid-uriinis\/\" \/>\n<meta property=\"og:site_name\" content=\"\u00dchendlabor\" \/>\n<meta property=\"article:modified_time\" content=\"2025-12-21T22:14:47+00:00\" \/>\n<meta name=\"twitter:card\" content=\"summary_large_image\" \/>\n<meta name=\"twitter:label1\" content=\"Est. reading time\" \/>\n\t<meta name=\"twitter:data1\" content=\"1 minut\" \/>\n<script type=\"application\/ld+json\" class=\"yoast-schema-graph\">{\"@context\":\"https:\\\/\\\/schema.org\",\"@graph\":[{\"@type\":\"WebPage\",\"@id\":\"https:\\\/\\\/www.kliinikum.ee\\\/yhendlabor\\\/kasiraamat\\\/uriini-uuringud\\\/dusmorfsed-erutrotsuudid-uriinis\\\/\",\"url\":\"https:\\\/\\\/www.kliinikum.ee\\\/yhendlabor\\\/kasiraamat\\\/uriini-uuringud\\\/dusmorfsed-erutrotsuudid-uriinis\\\/\",\"name\":\"D\u00fcsmorfsed er\u00fctrots\u00fc\u00fcdid uriinis - \u00dchendlabor\",\"isPartOf\":{\"@id\":\"https:\\\/\\\/www.kliinikum.ee\\\/yhendlabor\\\/#website\"},\"datePublished\":\"2025-07-23T15:34:41+00:00\",\"dateModified\":\"2025-12-21T22:14:47+00:00\",\"breadcrumb\":{\"@id\":\"https:\\\/\\\/www.kliinikum.ee\\\/yhendlabor\\\/kasiraamat\\\/uriini-uuringud\\\/dusmorfsed-erutrotsuudid-uriinis\\\/#breadcrumb\"},\"inLanguage\":\"et\",\"potentialAction\":[{\"@type\":\"ReadAction\",\"target\":[\"https:\\\/\\\/www.kliinikum.ee\\\/yhendlabor\\\/kasiraamat\\\/uriini-uuringud\\\/dusmorfsed-erutrotsuudid-uriinis\\\/\"]}]},{\"@type\":\"BreadcrumbList\",\"@id\":\"https:\\\/\\\/www.kliinikum.ee\\\/yhendlabor\\\/kasiraamat\\\/uriini-uuringud\\\/dusmorfsed-erutrotsuudid-uriinis\\\/#breadcrumb\",\"itemListElement\":[{\"@type\":\"ListItem\",\"position\":1,\"name\":\"Home\",\"item\":\"https:\\\/\\\/www.kliinikum.ee\\\/yhendlabor\\\/\"},{\"@type\":\"ListItem\",\"position\":2,\"name\":\"K\u00e4siraamat\",\"item\":\"https:\\\/\\\/www.kliinikum.ee\\\/yhendlabor\\\/kasiraamat\\\/\"},{\"@type\":\"ListItem\",\"position\":3,\"name\":\"Uriini uuringud\",\"item\":\"https:\\\/\\\/www.kliinikum.ee\\\/yhendlabor\\\/kasiraamat\\\/uriini-uuringud\\\/\"},{\"@type\":\"ListItem\",\"position\":4,\"name\":\"D\u00fcsmorfsed er\u00fctrots\u00fc\u00fcdid uriinis\"}]},{\"@type\":\"WebSite\",\"@id\":\"https:\\\/\\\/www.kliinikum.ee\\\/yhendlabor\\\/#website\",\"url\":\"https:\\\/\\\/www.kliinikum.ee\\\/yhendlabor\\\/\",\"name\":\"\u00dchendlabor\",\"description\":\"Hoolivus, Uuendusmeelsus, P\u00e4devus ja Usaldusv\u00e4\u00e4rsus\",\"potentialAction\":[{\"@type\":\"SearchAction\",\"target\":{\"@type\":\"EntryPoint\",\"urlTemplate\":\"https:\\\/\\\/www.kliinikum.ee\\\/yhendlabor\\\/?s={search_term_string}\"},\"query-input\":{\"@type\":\"PropertyValueSpecification\",\"valueRequired\":true,\"valueName\":\"search_term_string\"}}],\"inLanguage\":\"et\"}]}<\/script>\n<!-- \/ Yoast SEO plugin. -->","yoast_head_json":{"title":"D\u00fcsmorfsed er\u00fctrots\u00fc\u00fcdid uriinis - \u00dchendlabor","robots":{"index":"index","follow":"follow","max-snippet":"max-snippet:-1","max-image-preview":"max-image-preview:large","max-video-preview":"max-video-preview:-1"},"canonical":"https:\/\/www.kliinikum.ee\/yhendlabor\/kasiraamat\/uriini-uuringud\/dusmorfsed-erutrotsuudid-uriinis\/","og_locale":"et_EE","og_type":"article","og_title":"D\u00fcsmorfsed er\u00fctrots\u00fc\u00fcdid uriinis - \u00dchendlabor","og_description":"Laboratoorse hematoloogia ja \u00fcldkliiniliste anal\u00fc\u00fcside osakond, tel. 731 8315 D\u00fcsmorfseteks er\u00fctrots\u00fc\u00fctideks nimetatakse kindla kuju ja suuruse muutustega er\u00fctrots\u00fc\u00fcte, mida v\u00f5ib leida uriini mikroskoopial neerup\u00e4smakeste kahjustusest tingitud hematuuria korral. D\u00fcsmorfsete er\u00fctrots\u00fc\u00fctide hulgas on v\u00f5imalik omakorda morfoloogia alusel eristada\u00a0nn G1 rakke, mis on\u00a0spetsiifilisemad glomerulaarsele hematuuriale kui \u00fclej\u00e4\u00e4nud d\u00fcsmorfsed er\u00fctrots\u00fc\u00fcdid. Uuritav materjal, selle v\u00f5tmine, saatmine ja s\u00e4ilitamine Proovin\u00f5u [&hellip;]","og_url":"https:\/\/www.kliinikum.ee\/yhendlabor\/kasiraamat\/uriini-uuringud\/dusmorfsed-erutrotsuudid-uriinis\/","og_site_name":"\u00dchendlabor","article_modified_time":"2025-12-21T22:14:47+00:00","twitter_card":"summary_large_image","twitter_misc":{"Est. reading time":"1 minut"},"schema":{"@context":"https:\/\/schema.org","@graph":[{"@type":"WebPage","@id":"https:\/\/www.kliinikum.ee\/yhendlabor\/kasiraamat\/uriini-uuringud\/dusmorfsed-erutrotsuudid-uriinis\/","url":"https:\/\/www.kliinikum.ee\/yhendlabor\/kasiraamat\/uriini-uuringud\/dusmorfsed-erutrotsuudid-uriinis\/","name":"D\u00fcsmorfsed er\u00fctrots\u00fc\u00fcdid uriinis - \u00dchendlabor","isPartOf":{"@id":"https:\/\/www.kliinikum.ee\/yhendlabor\/#website"},"datePublished":"2025-07-23T15:34:41+00:00","dateModified":"2025-12-21T22:14:47+00:00","breadcrumb":{"@id":"https:\/\/www.kliinikum.ee\/yhendlabor\/kasiraamat\/uriini-uuringud\/dusmorfsed-erutrotsuudid-uriinis\/#breadcrumb"},"inLanguage":"et","potentialAction":[{"@type":"ReadAction","target":["https:\/\/www.kliinikum.ee\/yhendlabor\/kasiraamat\/uriini-uuringud\/dusmorfsed-erutrotsuudid-uriinis\/"]}]},{"@type":"BreadcrumbList","@id":"https:\/\/www.kliinikum.ee\/yhendlabor\/kasiraamat\/uriini-uuringud\/dusmorfsed-erutrotsuudid-uriinis\/#breadcrumb","itemListElement":[{"@type":"ListItem","position":1,"name":"Home","item":"https:\/\/www.kliinikum.ee\/yhendlabor\/"},{"@type":"ListItem","position":2,"name":"K\u00e4siraamat","item":"https:\/\/www.kliinikum.ee\/yhendlabor\/kasiraamat\/"},{"@type":"ListItem","position":3,"name":"Uriini uuringud","item":"https:\/\/www.kliinikum.ee\/yhendlabor\/kasiraamat\/uriini-uuringud\/"},{"@type":"ListItem","position":4,"name":"D\u00fcsmorfsed er\u00fctrots\u00fc\u00fcdid uriinis"}]},{"@type":"WebSite","@id":"https:\/\/www.kliinikum.ee\/yhendlabor\/#website","url":"https:\/\/www.kliinikum.ee\/yhendlabor\/","name":"\u00dchendlabor","description":"Hoolivus, Uuendusmeelsus, P\u00e4devus ja Usaldusv\u00e4\u00e4rsus","potentialAction":[{"@type":"SearchAction","target":{"@type":"EntryPoint","urlTemplate":"https:\/\/www.kliinikum.ee\/yhendlabor\/?s={search_term_string}"},"query-input":{"@type":"PropertyValueSpecification","valueRequired":true,"valueName":"search_term_string"}}],"inLanguage":"et"}]}},"uagb_featured_image_src":{"full":false,"thumbnail":false,"medium":false,"medium_large":false,"large":false,"1536x1536":false,"2048x2048":false},"uagb_author_info":{"display_name":"Kadi Siigur","author_link":"https:\/\/www.kliinikum.ee\/yhendlabor\/author\/kadisi\/"},"uagb_comment_info":0,"uagb_excerpt":"Laboratoorse hematoloogia ja \u00fcldkliiniliste anal\u00fc\u00fcside osakond, tel. 731 8315 D\u00fcsmorfseteks er\u00fctrots\u00fc\u00fctideks nimetatakse kindla kuju ja suuruse muutustega er\u00fctrots\u00fc\u00fcte, mida v\u00f5ib leida uriini mikroskoopial neerup\u00e4smakeste kahjustusest tingitud hematuuria korral. D\u00fcsmorfsete er\u00fctrots\u00fc\u00fctide hulgas on v\u00f5imalik omakorda morfoloogia alusel eristada\u00a0nn G1 rakke, mis on\u00a0spetsiifilisemad glomerulaarsele hematuuriale kui \u00fclej\u00e4\u00e4nud d\u00fcsmorfsed er\u00fctrots\u00fc\u00fcdid. Uuritav materjal, selle v\u00f5tmine, saatmine ja s\u00e4ilitamine Proovin\u00f5u&hellip;","_links":{"self":[{"href":"https:\/\/www.kliinikum.ee\/yhendlabor\/wp-json\/wp\/v2\/pages\/12299","targetHints":{"allow":["GET"]}}],"collection":[{"href":"https:\/\/www.kliinikum.ee\/yhendlabor\/wp-json\/wp\/v2\/pages"}],"about":[{"href":"https:\/\/www.kliinikum.ee\/yhendlabor\/wp-json\/wp\/v2\/types\/page"}],"author":[{"embeddable":true,"href":"https:\/\/www.kliinikum.ee\/yhendlabor\/wp-json\/wp\/v2\/users\/38"}],"replies":[{"embeddable":true,"href":"https:\/\/www.kliinikum.ee\/yhendlabor\/wp-json\/wp\/v2\/comments?post=12299"}],"version-history":[{"count":0,"href":"https:\/\/www.kliinikum.ee\/yhendlabor\/wp-json\/wp\/v2\/pages\/12299\/revisions"}],"up":[{"embeddable":true,"href":"https:\/\/www.kliinikum.ee\/yhendlabor\/wp-json\/wp\/v2\/pages\/7317"}],"wp:attachment":[{"href":"https:\/\/www.kliinikum.ee\/yhendlabor\/wp-json\/wp\/v2\/media?parent=12299"}],"curies":[{"name":"wp","href":"https:\/\/api.w.org\/{rel}","templated":true}]}}