{"id":12303,"date":"2025-07-23T17:40:46","date_gmt":"2025-07-23T15:40:46","guid":{"rendered":"https:\/\/www.kliinikum.ee\/yhendlabor\/?page_id=12303"},"modified":"2025-12-11T23:09:45","modified_gmt":"2025-12-11T21:09:45","slug":"fosfaat-uriinis-u-p-du-p-u-p-u-crea","status":"publish","type":"page","link":"https:\/\/www.kliinikum.ee\/yhendlabor\/kasiraamat\/uriini-uuringud\/fosfaat-uriinis-u-p-du-p-u-p-u-crea\/","title":{"rendered":"Fosfaat uriinis (U-P, dU-P, U-P\/U-Crea)"},"content":{"rendered":"\n<p><em>Kliinilise keemia ja laboratoorse hematoloogia osakond<\/em><\/p>\n\n\n\n<p>Neerup\u00e4smakestes filtreerunud <strong>fosfaadid <\/strong>reabsorbeeritakse osaliselt neerutorukestes. Reabsorbeerumata fosfaadid on tubulaarvedelikus olulised vesinikioonide puhverdamisel. Reabsorptsiooni reguleerivad parat\u00fcreoidhormoon (PTH) ja D-vitamiin. Kontsentratsioon uriinis s\u00f5ltub seega dieedist, imendumisest, imendumist\/eritumist m\u00f5justavate hormoonide tasakaalust ja neerude funktsioonist.<\/p>\n\n\n\n<p class=\"has-medium-font-size\"><strong>Uuritav materjal, selle v\u00f5tmine, saatmine ja s\u00e4ilitamine<\/strong><\/p>\n\n\n\n<p>\u00d6\u00f6p\u00e4evase uriini kogumisel tuleb kasutada konservandina 25 mL HCl (6 M), mis valatakse kogumisn\u00f5usse p\u00e4rast esimest kogutud uriiniportsjonit.<\/p>\n\n\n\n<p>Enne \u00f6\u00f6p\u00e4evase uriini kogumise alustamist t\u00fchjendab patsient p\u00f5ie. Seda uriiniportsjonit ei koguta, kuid kellaaeg registreeritakse uriini kogumise algusena. Seej\u00e4rel urineerib patsient \u00f6\u00f6p\u00e4eva jooksul (v\u00f5i kogutakse uriin) uriinikogumisn\u00f5usse, viimast korda <em>t\u00e4pselt <\/em>24 tunni m\u00f6\u00f6dudes peale kogumise algust. Iga j\u00e4rgneva uriiniportsjoni lisamisel n\u00f5usse tuleb uriini segada. Uriinikogumisn\u00f5u hoitakse urineerimise vaheaegadel k\u00fclmkapis. Enne laborisse saadetava proovi (<em>ca<\/em> 10 mL) eraldamist segatakse ja m\u00f5\u00f5detakse kogu \u00f6\u00f6p\u00e4evase uriini hulk, mis m\u00e4rgitakse ka tellimusse.<\/p>\n\n\n\n<figure class=\"wp-block-table is-style-stripes\"><table width=\"100%\"><tbody><tr><td width=\"1%\"><\/td><td width=\"15%\"><strong>Proovin\u00f5u<\/strong><\/td><td width=\"84%\">\u00d6\u00f6p\u00e4evase uriini kogumiseks uriinikogumisn\u00f5u, laborisse toimetamiseks uriinikatsuti v\u00f5i proovitops<\/td><\/tr><tr><td><\/td><td><strong>S\u00e4ilivus<\/strong><\/td><td>+4 \u00b0C kuus kuud<\/td><\/tr><\/tbody><\/table><\/figure>\n\n\n\n<p class=\"has-medium-font-size\"><strong>Anal\u00fc\u00fcsi tegemise aeg:<\/strong> \u00f6\u00f6p\u00e4evaringselt<\/p>\n\n\n\n<p class=\"has-medium-font-size\"><strong>Anal\u00fc\u00fcsimeetod:<\/strong> fotomeetriline meetod<\/p>\n\n\n\n<p class=\"has-medium-font-size\"><strong>Referentsv\u00e4\u00e4rtused<\/strong><\/p>\n\n\n\n<figure class=\"wp-block-table\"><table width=\"100%\"><tbody><tr><td width=\"1%\"><\/td><td width=\"39%\"><strong>dU-P (fosfaat \u00f6\u00f6p\u00e4evases uriinis)<\/strong><\/td><td width=\"30%\">12 a \u2013 &lt; 61 a<\/td><td width=\"30%\">13,0\u201342,0 mmol\/d<\/td><\/tr><tr><td><\/td><td><strong>U-P (fosfaat 1. hommikuses uriinis)<\/strong><\/td><td>\u2265 18 a<\/td><td>13,0\u201344,0 mmol\/L<\/td><\/tr><tr><td><\/td><td><strong>U-P\/U-Crea<\/strong><\/td><td>6 k \u2013 &lt; 1 a<\/td><td>1,2\u201319,0 mol\/mol<\/td><\/tr><tr><td><\/td><td><strong>(fosfaadi ja kreatiniini suhe uriinis)<\/strong><\/td><td>1 a \u2013 &lt; 2 a<\/td><td>1,2\u201314,0 mol\/mol<\/td><\/tr><tr><td><\/td><td>&nbsp;<\/td><td>2 a \u2013 &lt; 3 a<\/td><td>1,2\u201312,0 mol\/mol<\/td><\/tr><tr><td><\/td><td>&nbsp;<\/td><td>3 a \u2013 &lt; 5 a<\/td><td>1,2\u20138,0 mol\/mol<\/td><\/tr><tr><td><\/td><td>&nbsp;<\/td><td>5 a \u2013 &lt; 7 a<\/td><td>1,2\u20135,0 mol\/mol<\/td><\/tr><tr><td><\/td><td>&nbsp;<\/td><td>7 a \u2013 &lt; 10 a<\/td><td>1,2\u20133,6 mol\/mol<\/td><\/tr><tr><td><\/td><td>&nbsp;<\/td><td>10 a \u2013 &lt; 14 a<\/td><td>0,8\u20133,2 mol\/mol<\/td><\/tr><tr><td><\/td><td>&nbsp;<\/td><td>14 a \u2013 &lt; 18 a<\/td><td>0,8\u20132,7 mol\/mol<\/td><\/tr><\/tbody><\/table><\/figure>\n\n\n\n<p class=\"has-medium-font-size\"><strong>N\u00e4idustus ja kliiniline t\u00e4hendus<\/strong><\/p>\n\n\n\n<p>Renaalne tubulaarne atsidoos ja muud tubulaarfunktsiooni h\u00e4ired. K\u00f5rvalkilpn\u00e4\u00e4rme haigused. D-vitamiini ainevahetuse h\u00e4ired.<\/p>\n\n\n\n<p><em>H\u00fcperfosfatuuria<\/em><\/p>\n\n\n\n<p>Atsidoos, fosfaatdiabeet, h\u00fcperparat\u00fcreoidism, h\u00fcpert\u00fcreoidism, plasmots\u00fctoom, m\u00fceloom, rahhiit, palavik, Fanconi s\u00fcndroom, renaalne tubulaarne atsidoos.<\/p>\n\n\n\n<p><em>H\u00fcpofosfatuuria<\/em><\/p>\n\n\n\n<p>H\u00fcpoparat\u00fcreoidism, neerupuudulikkus, osteomalaatsia.<\/p>\n\n\n\n<p>Koostaja: Kaja Vaagen<br>Muudetud 28.07.2023<\/p>\n","protected":false},"excerpt":{"rendered":"<p>Kliinilise keemia ja laboratoorse hematoloogia osakond Neerup\u00e4smakestes filtreerunud fosfaadid reabsorbeeritakse osaliselt neerutorukestes. Reabsorbeerumata fosfaadid on tubulaarvedelikus olulised vesinikioonide puhverdamisel. Reabsorptsiooni reguleerivad parat\u00fcreoidhormoon (PTH) ja D-vitamiin. Kontsentratsioon uriinis s\u00f5ltub seega dieedist, imendumisest, imendumist\/eritumist m\u00f5justavate hormoonide tasakaalust ja neerude funktsioonist. Uuritav materjal, selle v\u00f5tmine, saatmine ja s\u00e4ilitamine \u00d6\u00f6p\u00e4evase uriini kogumisel tuleb kasutada konservandina 25 mL HCl (6 [&hellip;]<\/p>\n","protected":false},"author":38,"featured_media":0,"parent":7317,"menu_order":3,"comment_status":"closed","ping_status":"closed","template":"","meta":{"_uag_custom_page_level_css":"","footnotes":""},"class_list":["post-12303","page","type-page","status-publish","hentry"],"acf":[],"yoast_head":"<!-- This site is optimized with the Yoast SEO plugin v27.3 - https:\/\/yoast.com\/product\/yoast-seo-wordpress\/ -->\n<title>Fosfaat uriinis (U-P, dU-P, U-P\/U-Crea) - \u00dchendlabor<\/title>\n<meta name=\"robots\" content=\"index, follow, max-snippet:-1, max-image-preview:large, max-video-preview:-1\" \/>\n<link rel=\"canonical\" href=\"https:\/\/www.kliinikum.ee\/yhendlabor\/kasiraamat\/uriini-uuringud\/fosfaat-uriinis-u-p-du-p-u-p-u-crea\/\" \/>\n<meta property=\"og:locale\" content=\"et_EE\" \/>\n<meta property=\"og:type\" content=\"article\" \/>\n<meta property=\"og:title\" content=\"Fosfaat uriinis (U-P, dU-P, U-P\/U-Crea) - \u00dchendlabor\" \/>\n<meta property=\"og:description\" content=\"Kliinilise keemia ja laboratoorse hematoloogia osakond Neerup\u00e4smakestes filtreerunud fosfaadid reabsorbeeritakse osaliselt neerutorukestes. Reabsorbeerumata fosfaadid on tubulaarvedelikus olulised vesinikioonide puhverdamisel. Reabsorptsiooni reguleerivad parat\u00fcreoidhormoon (PTH) ja D-vitamiin. Kontsentratsioon uriinis s\u00f5ltub seega dieedist, imendumisest, imendumist\/eritumist m\u00f5justavate hormoonide tasakaalust ja neerude funktsioonist. Uuritav materjal, selle v\u00f5tmine, saatmine ja s\u00e4ilitamine \u00d6\u00f6p\u00e4evase uriini kogumisel tuleb kasutada konservandina 25 mL HCl (6 [&hellip;]\" \/>\n<meta property=\"og:url\" content=\"https:\/\/www.kliinikum.ee\/yhendlabor\/kasiraamat\/uriini-uuringud\/fosfaat-uriinis-u-p-du-p-u-p-u-crea\/\" \/>\n<meta property=\"og:site_name\" content=\"\u00dchendlabor\" \/>\n<meta property=\"article:modified_time\" content=\"2025-12-11T21:09:45+00:00\" \/>\n<meta name=\"twitter:card\" content=\"summary_large_image\" \/>\n<meta name=\"twitter:label1\" content=\"Est. reading time\" \/>\n\t<meta name=\"twitter:data1\" content=\"2 minutit\" \/>\n<script type=\"application\/ld+json\" class=\"yoast-schema-graph\">{\"@context\":\"https:\\\/\\\/schema.org\",\"@graph\":[{\"@type\":\"WebPage\",\"@id\":\"https:\\\/\\\/www.kliinikum.ee\\\/yhendlabor\\\/kasiraamat\\\/uriini-uuringud\\\/fosfaat-uriinis-u-p-du-p-u-p-u-crea\\\/\",\"url\":\"https:\\\/\\\/www.kliinikum.ee\\\/yhendlabor\\\/kasiraamat\\\/uriini-uuringud\\\/fosfaat-uriinis-u-p-du-p-u-p-u-crea\\\/\",\"name\":\"Fosfaat uriinis (U-P, dU-P, U-P\\\/U-Crea) - \u00dchendlabor\",\"isPartOf\":{\"@id\":\"https:\\\/\\\/www.kliinikum.ee\\\/yhendlabor\\\/#website\"},\"datePublished\":\"2025-07-23T15:40:46+00:00\",\"dateModified\":\"2025-12-11T21:09:45+00:00\",\"breadcrumb\":{\"@id\":\"https:\\\/\\\/www.kliinikum.ee\\\/yhendlabor\\\/kasiraamat\\\/uriini-uuringud\\\/fosfaat-uriinis-u-p-du-p-u-p-u-crea\\\/#breadcrumb\"},\"inLanguage\":\"et\",\"potentialAction\":[{\"@type\":\"ReadAction\",\"target\":[\"https:\\\/\\\/www.kliinikum.ee\\\/yhendlabor\\\/kasiraamat\\\/uriini-uuringud\\\/fosfaat-uriinis-u-p-du-p-u-p-u-crea\\\/\"]}]},{\"@type\":\"BreadcrumbList\",\"@id\":\"https:\\\/\\\/www.kliinikum.ee\\\/yhendlabor\\\/kasiraamat\\\/uriini-uuringud\\\/fosfaat-uriinis-u-p-du-p-u-p-u-crea\\\/#breadcrumb\",\"itemListElement\":[{\"@type\":\"ListItem\",\"position\":1,\"name\":\"Home\",\"item\":\"https:\\\/\\\/www.kliinikum.ee\\\/yhendlabor\\\/\"},{\"@type\":\"ListItem\",\"position\":2,\"name\":\"K\u00e4siraamat\",\"item\":\"https:\\\/\\\/www.kliinikum.ee\\\/yhendlabor\\\/kasiraamat\\\/\"},{\"@type\":\"ListItem\",\"position\":3,\"name\":\"Uriini uuringud\",\"item\":\"https:\\\/\\\/www.kliinikum.ee\\\/yhendlabor\\\/kasiraamat\\\/uriini-uuringud\\\/\"},{\"@type\":\"ListItem\",\"position\":4,\"name\":\"Fosfaat uriinis (U-P, dU-P, U-P\\\/U-Crea)\"}]},{\"@type\":\"WebSite\",\"@id\":\"https:\\\/\\\/www.kliinikum.ee\\\/yhendlabor\\\/#website\",\"url\":\"https:\\\/\\\/www.kliinikum.ee\\\/yhendlabor\\\/\",\"name\":\"\u00dchendlabor\",\"description\":\"Hoolivus, Uuendusmeelsus, P\u00e4devus ja Usaldusv\u00e4\u00e4rsus\",\"potentialAction\":[{\"@type\":\"SearchAction\",\"target\":{\"@type\":\"EntryPoint\",\"urlTemplate\":\"https:\\\/\\\/www.kliinikum.ee\\\/yhendlabor\\\/?s={search_term_string}\"},\"query-input\":{\"@type\":\"PropertyValueSpecification\",\"valueRequired\":true,\"valueName\":\"search_term_string\"}}],\"inLanguage\":\"et\"}]}<\/script>\n<!-- \/ Yoast SEO plugin. -->","yoast_head_json":{"title":"Fosfaat uriinis (U-P, dU-P, U-P\/U-Crea) - \u00dchendlabor","robots":{"index":"index","follow":"follow","max-snippet":"max-snippet:-1","max-image-preview":"max-image-preview:large","max-video-preview":"max-video-preview:-1"},"canonical":"https:\/\/www.kliinikum.ee\/yhendlabor\/kasiraamat\/uriini-uuringud\/fosfaat-uriinis-u-p-du-p-u-p-u-crea\/","og_locale":"et_EE","og_type":"article","og_title":"Fosfaat uriinis (U-P, dU-P, U-P\/U-Crea) - \u00dchendlabor","og_description":"Kliinilise keemia ja laboratoorse hematoloogia osakond Neerup\u00e4smakestes filtreerunud fosfaadid reabsorbeeritakse osaliselt neerutorukestes. Reabsorbeerumata fosfaadid on tubulaarvedelikus olulised vesinikioonide puhverdamisel. Reabsorptsiooni reguleerivad parat\u00fcreoidhormoon (PTH) ja D-vitamiin. Kontsentratsioon uriinis s\u00f5ltub seega dieedist, imendumisest, imendumist\/eritumist m\u00f5justavate hormoonide tasakaalust ja neerude funktsioonist. Uuritav materjal, selle v\u00f5tmine, saatmine ja s\u00e4ilitamine \u00d6\u00f6p\u00e4evase uriini kogumisel tuleb kasutada konservandina 25 mL HCl (6 [&hellip;]","og_url":"https:\/\/www.kliinikum.ee\/yhendlabor\/kasiraamat\/uriini-uuringud\/fosfaat-uriinis-u-p-du-p-u-p-u-crea\/","og_site_name":"\u00dchendlabor","article_modified_time":"2025-12-11T21:09:45+00:00","twitter_card":"summary_large_image","twitter_misc":{"Est. reading time":"2 minutit"},"schema":{"@context":"https:\/\/schema.org","@graph":[{"@type":"WebPage","@id":"https:\/\/www.kliinikum.ee\/yhendlabor\/kasiraamat\/uriini-uuringud\/fosfaat-uriinis-u-p-du-p-u-p-u-crea\/","url":"https:\/\/www.kliinikum.ee\/yhendlabor\/kasiraamat\/uriini-uuringud\/fosfaat-uriinis-u-p-du-p-u-p-u-crea\/","name":"Fosfaat uriinis (U-P, dU-P, U-P\/U-Crea) - \u00dchendlabor","isPartOf":{"@id":"https:\/\/www.kliinikum.ee\/yhendlabor\/#website"},"datePublished":"2025-07-23T15:40:46+00:00","dateModified":"2025-12-11T21:09:45+00:00","breadcrumb":{"@id":"https:\/\/www.kliinikum.ee\/yhendlabor\/kasiraamat\/uriini-uuringud\/fosfaat-uriinis-u-p-du-p-u-p-u-crea\/#breadcrumb"},"inLanguage":"et","potentialAction":[{"@type":"ReadAction","target":["https:\/\/www.kliinikum.ee\/yhendlabor\/kasiraamat\/uriini-uuringud\/fosfaat-uriinis-u-p-du-p-u-p-u-crea\/"]}]},{"@type":"BreadcrumbList","@id":"https:\/\/www.kliinikum.ee\/yhendlabor\/kasiraamat\/uriini-uuringud\/fosfaat-uriinis-u-p-du-p-u-p-u-crea\/#breadcrumb","itemListElement":[{"@type":"ListItem","position":1,"name":"Home","item":"https:\/\/www.kliinikum.ee\/yhendlabor\/"},{"@type":"ListItem","position":2,"name":"K\u00e4siraamat","item":"https:\/\/www.kliinikum.ee\/yhendlabor\/kasiraamat\/"},{"@type":"ListItem","position":3,"name":"Uriini uuringud","item":"https:\/\/www.kliinikum.ee\/yhendlabor\/kasiraamat\/uriini-uuringud\/"},{"@type":"ListItem","position":4,"name":"Fosfaat uriinis (U-P, dU-P, U-P\/U-Crea)"}]},{"@type":"WebSite","@id":"https:\/\/www.kliinikum.ee\/yhendlabor\/#website","url":"https:\/\/www.kliinikum.ee\/yhendlabor\/","name":"\u00dchendlabor","description":"Hoolivus, Uuendusmeelsus, P\u00e4devus ja Usaldusv\u00e4\u00e4rsus","potentialAction":[{"@type":"SearchAction","target":{"@type":"EntryPoint","urlTemplate":"https:\/\/www.kliinikum.ee\/yhendlabor\/?s={search_term_string}"},"query-input":{"@type":"PropertyValueSpecification","valueRequired":true,"valueName":"search_term_string"}}],"inLanguage":"et"}]}},"uagb_featured_image_src":{"full":false,"thumbnail":false,"medium":false,"medium_large":false,"large":false,"1536x1536":false,"2048x2048":false},"uagb_author_info":{"display_name":"Kadi Siigur","author_link":"https:\/\/www.kliinikum.ee\/yhendlabor\/author\/kadisi\/"},"uagb_comment_info":0,"uagb_excerpt":"Kliinilise keemia ja laboratoorse hematoloogia osakond Neerup\u00e4smakestes filtreerunud fosfaadid reabsorbeeritakse osaliselt neerutorukestes. Reabsorbeerumata fosfaadid on tubulaarvedelikus olulised vesinikioonide puhverdamisel. Reabsorptsiooni reguleerivad parat\u00fcreoidhormoon (PTH) ja D-vitamiin. Kontsentratsioon uriinis s\u00f5ltub seega dieedist, imendumisest, imendumist\/eritumist m\u00f5justavate hormoonide tasakaalust ja neerude funktsioonist. Uuritav materjal, selle v\u00f5tmine, saatmine ja s\u00e4ilitamine \u00d6\u00f6p\u00e4evase uriini kogumisel tuleb kasutada konservandina 25 mL HCl (6&hellip;","_links":{"self":[{"href":"https:\/\/www.kliinikum.ee\/yhendlabor\/wp-json\/wp\/v2\/pages\/12303","targetHints":{"allow":["GET"]}}],"collection":[{"href":"https:\/\/www.kliinikum.ee\/yhendlabor\/wp-json\/wp\/v2\/pages"}],"about":[{"href":"https:\/\/www.kliinikum.ee\/yhendlabor\/wp-json\/wp\/v2\/types\/page"}],"author":[{"embeddable":true,"href":"https:\/\/www.kliinikum.ee\/yhendlabor\/wp-json\/wp\/v2\/users\/38"}],"replies":[{"embeddable":true,"href":"https:\/\/www.kliinikum.ee\/yhendlabor\/wp-json\/wp\/v2\/comments?post=12303"}],"version-history":[{"count":0,"href":"https:\/\/www.kliinikum.ee\/yhendlabor\/wp-json\/wp\/v2\/pages\/12303\/revisions"}],"up":[{"embeddable":true,"href":"https:\/\/www.kliinikum.ee\/yhendlabor\/wp-json\/wp\/v2\/pages\/7317"}],"wp:attachment":[{"href":"https:\/\/www.kliinikum.ee\/yhendlabor\/wp-json\/wp\/v2\/media?parent=12303"}],"curies":[{"name":"wp","href":"https:\/\/api.w.org\/{rel}","templated":true}]}}