{"id":12316,"date":"2025-07-23T18:08:47","date_gmt":"2025-07-23T16:08:47","guid":{"rendered":"https:\/\/www.kliinikum.ee\/yhendlabor\/?page_id=12316"},"modified":"2025-12-11T23:15:00","modified_gmt":"2025-12-11T21:15:00","slug":"kloriid-uriinis-u-cl-du-cl","status":"publish","type":"page","link":"https:\/\/www.kliinikum.ee\/yhendlabor\/kasiraamat\/uriini-uuringud\/kloriid-uriinis-u-cl-du-cl\/","title":{"rendered":"Kloriid uriinis (U-Cl, dU-Cl)"},"content":{"rendered":"\n<p><em>Kliinilise keemia osakond, tel. 731 8316<\/em><\/p>\n\n\n\n<p><strong>Kloriidioonid <\/strong>erituvad organismist peamiselt neerude kaudu. Esmasuriinis olevad kloriidioonid reabsorbeeruvad passiivselt proksimaalsetes tuubulites koos naatriumioonidega, millele j\u00e4rgneb aktiivne reabsorptsioon Henle lingus. Uriiniga erituva kloriidide hulga m\u00e4\u00e4ravad toiduga saadav v\u00f5i parenteraalselt manustatav hulk ja ekstrarenaalselt erituv hulk, tuubuluste funktsioneerimisv\u00f5ime, eritatav naatriumi hulk ja happe-aluse tasakaal.<\/p>\n\n\n\n<p class=\"has-medium-font-size\"><strong>Uuritav materjal, selle v\u00f5tmine, saatmine ja s\u00e4ilitamine<\/strong><\/p>\n\n\n\n<p>Enne \u00f6\u00f6p\u00e4evase uriini kogumise alustamist t\u00fchjendab patsient p\u00f5ie. Seda uriiniportsjonit ei koguta, kuid kellaaeg registreeritakse uriini kogumise algusena. Seej\u00e4rel urineerib patsient \u00f6\u00f6p\u00e4eva jooksul (v\u00f5i kogutakse uriin) kogumisn\u00f5usse, viimast korda <em>t\u00e4pselt <\/em>24 tunni m\u00f6\u00f6dudes peale kogumise algust. Kogumisn\u00f5u hoitakse urineerimise vaheaegadel k\u00fclmkapis. Enne laborisse saadetava proovi (<em>ca<\/em> 10 mL) eraldamist segatakse ja m\u00f5\u00f5detakse kogu \u00f6\u00f6p\u00e4evane uriin. Saatekirjale m\u00e4rgitakse kogumise alguse ja l\u00f5pu kellaaeg ning eritunud uriini hulk. NB! Kloriidi&nbsp; ei saa m\u00e4\u00e4rata uriiniproovist, kuhu on lisatud konservanti.<\/p>\n\n\n\n<figure class=\"wp-block-table is-style-stripes\"><table width=\"100%\"><tbody><tr><td width=\"1%\"><\/td><td width=\"15%\"><strong>Proovin\u00f5u<\/strong><\/td><td width=\"84%\">\u00d6\u00f6p\u00e4evase uriini kogumiseks uriinikogumisn\u00f5u, laborisse toimetamiseks uriinikatsuti v\u00f5i proovitops<\/td><\/tr><tr><td><\/td><td><strong>S\u00e4ilivus<\/strong><\/td><td>Uriin toatemperatuuril ja +4 \u00b0C seitse p\u00e4eva, -20 \u00b0C pikemat aega<\/td><\/tr><\/tbody><\/table><\/figure>\n\n\n\n<p class=\"has-medium-font-size\"><strong>Anal\u00fc\u00fcsi tegemise aeg:<\/strong> t\u00f6\u00f6p\u00e4eviti<\/p>\n\n\n\n<p class=\"has-medium-font-size\"><strong>Anal\u00fc\u00fcsimeetod:<\/strong> ioonselektiivsed elektroodid (indirektne meetod)<\/p>\n\n\n\n<p class=\"has-medium-font-size\"><strong>Referentsv\u00e4\u00e4rtused<\/strong><\/p>\n\n\n\n<figure class=\"wp-block-table\"><table width=\"100%\"><tbody><tr><td width=\"1%\"><\/td><td width=\"20%\">&nbsp;<\/td><td width=\"10%\"><\/td><td width=\"36%\"><strong>U-Cl (kloriid 1. hommikuses uriinis)<\/strong><\/td><td width=\"33%\"><strong>dU-Cl (kloriid \u00f6\u00f6p\u00e4evases uriinis)<\/strong><\/td><\/tr><tr><td><\/td><td><strong>&lt; 1 a<\/strong><\/td><td><\/td><td>&nbsp;<\/td><td>2\u201310 mmol\/d<\/td><\/tr><tr><td><\/td><td><strong>1 a \u2013 &lt; 6 a<\/strong><\/td><td><\/td><td>&nbsp;<\/td><td>15\u201340 mmol\/d<\/td><\/tr><tr><td><\/td><td><strong>6 a \u2013 &lt;10 a<\/strong><\/td><td><strong>M<br>N<\/strong><\/td><td>&nbsp;<\/td><td>36\u2013110 mmol\/d<br>18\u201374 mmol\/d<\/td><\/tr><tr><td><\/td><td><strong>10 a \u2013 &lt; 15 a<\/strong><\/td><td><strong>M<br>N<\/strong><\/td><td>&nbsp;<\/td><td>64\u2013176 mmol\/d<br>36\u2013173 mmol\/d<\/td><\/tr><tr><td><\/td><td><strong>\u2265 15 a<\/strong><\/td><td><\/td><td>&nbsp;<\/td><td>110\u2013250 mmol\/d<\/td><\/tr><tr><td><\/td><td><strong>\u2265 18 a<\/strong><\/td><td><\/td><td>46\u2013168 mmol\/L<\/td><td>&nbsp;<\/td><\/tr><\/tbody><\/table><\/figure>\n\n\n\n<p class=\"has-medium-font-size\"><strong>N\u00e4idustus ja kliiniline t\u00e4hendus<\/strong><\/p>\n\n\n\n<p>Abiuuring vee, elektrol\u00fc\u00fctide ja happe-aluse tasakaalu hindamisel, neeru ja neerupealise funktsiooni hindamisel.<\/p>\n\n\n\n<p>Kloriidide eritus uriiniga on suurenenud peamiselt kroonilise atsidoosi, samuti patoloogiliste seisundite puhul, kus naatriumi tubulaarne reabsorptsioon on v\u00e4henenud (tuubulush\u00e4ired, diureetikumide kasutamine) ja mitmetel teistel p\u00f5hjustel, nagu neerupealise alatalitlus, deh\u00fcdratatsioon, n\u00e4lgus, salits\u00fclaatide m\u00fcrgistus jm.<\/p>\n\n\n\n<p>V\u00e4henenud eritus uriiniga on peamiselt seotud ekstrarenaalse erituse suurenemisega (oksendamine, soolefistlid, raskekujuline k\u00f5hulahtisus, profuusne higistamine, eriti keedusoolavaese joogiga kompenseerimisel). Kloriidide v\u00e4henenud eritust uriiniga v\u00f5ivad p\u00f5hjustada ka neerupealise \u00fcletalitlus, soolade peetusega seotud seisundid (ajukahjustus, kloriidide postoperatiivne retensioon).<\/p>\n\n\n\n<p>Uriini elektrol\u00fc\u00fctide (s.h kloriidide) sisaldust peab alati hindama koos seerumi elektrol\u00fc\u00fctide sisalduse, happe-aluse tasakaalu n\u00e4itajate ja uriini pH-ga.<\/p>\n\n\n\n<p>Koostaja: Kaja Kallion<\/p>\n","protected":false},"excerpt":{"rendered":"<p>Kliinilise keemia osakond, tel. 731 8316 Kloriidioonid erituvad organismist peamiselt neerude kaudu. Esmasuriinis olevad kloriidioonid reabsorbeeruvad passiivselt proksimaalsetes tuubulites koos naatriumioonidega, millele j\u00e4rgneb aktiivne reabsorptsioon Henle lingus. Uriiniga erituva kloriidide hulga m\u00e4\u00e4ravad toiduga saadav v\u00f5i parenteraalselt manustatav hulk ja ekstrarenaalselt erituv hulk, tuubuluste funktsioneerimisv\u00f5ime, eritatav naatriumi hulk ja happe-aluse tasakaal. Uuritav materjal, selle v\u00f5tmine, saatmine [&hellip;]<\/p>\n","protected":false},"author":38,"featured_media":0,"parent":7317,"menu_order":6,"comment_status":"closed","ping_status":"closed","template":"","meta":{"_uag_custom_page_level_css":"","footnotes":""},"class_list":["post-12316","page","type-page","status-publish","hentry"],"acf":[],"yoast_head":"<!-- This site is optimized with the Yoast SEO plugin v27.3 - https:\/\/yoast.com\/product\/yoast-seo-wordpress\/ -->\n<title>Kloriid uriinis (U-Cl, dU-Cl) - \u00dchendlabor<\/title>\n<meta name=\"robots\" content=\"index, follow, max-snippet:-1, max-image-preview:large, max-video-preview:-1\" \/>\n<link rel=\"canonical\" href=\"https:\/\/www.kliinikum.ee\/yhendlabor\/kasiraamat\/uriini-uuringud\/kloriid-uriinis-u-cl-du-cl\/\" \/>\n<meta property=\"og:locale\" content=\"et_EE\" \/>\n<meta property=\"og:type\" content=\"article\" \/>\n<meta property=\"og:title\" content=\"Kloriid uriinis (U-Cl, dU-Cl) - \u00dchendlabor\" \/>\n<meta property=\"og:description\" content=\"Kliinilise keemia osakond, tel. 731 8316 Kloriidioonid erituvad organismist peamiselt neerude kaudu. Esmasuriinis olevad kloriidioonid reabsorbeeruvad passiivselt proksimaalsetes tuubulites koos naatriumioonidega, millele j\u00e4rgneb aktiivne reabsorptsioon Henle lingus. Uriiniga erituva kloriidide hulga m\u00e4\u00e4ravad toiduga saadav v\u00f5i parenteraalselt manustatav hulk ja ekstrarenaalselt erituv hulk, tuubuluste funktsioneerimisv\u00f5ime, eritatav naatriumi hulk ja happe-aluse tasakaal. Uuritav materjal, selle v\u00f5tmine, saatmine [&hellip;]\" \/>\n<meta property=\"og:url\" content=\"https:\/\/www.kliinikum.ee\/yhendlabor\/kasiraamat\/uriini-uuringud\/kloriid-uriinis-u-cl-du-cl\/\" \/>\n<meta property=\"og:site_name\" content=\"\u00dchendlabor\" \/>\n<meta property=\"article:modified_time\" content=\"2025-12-11T21:15:00+00:00\" \/>\n<meta name=\"twitter:card\" content=\"summary_large_image\" \/>\n<meta name=\"twitter:label1\" content=\"Est. reading time\" \/>\n\t<meta name=\"twitter:data1\" content=\"2 minutit\" \/>\n<script type=\"application\/ld+json\" class=\"yoast-schema-graph\">{\"@context\":\"https:\\\/\\\/schema.org\",\"@graph\":[{\"@type\":\"WebPage\",\"@id\":\"https:\\\/\\\/www.kliinikum.ee\\\/yhendlabor\\\/kasiraamat\\\/uriini-uuringud\\\/kloriid-uriinis-u-cl-du-cl\\\/\",\"url\":\"https:\\\/\\\/www.kliinikum.ee\\\/yhendlabor\\\/kasiraamat\\\/uriini-uuringud\\\/kloriid-uriinis-u-cl-du-cl\\\/\",\"name\":\"Kloriid uriinis (U-Cl, dU-Cl) - \u00dchendlabor\",\"isPartOf\":{\"@id\":\"https:\\\/\\\/www.kliinikum.ee\\\/yhendlabor\\\/#website\"},\"datePublished\":\"2025-07-23T16:08:47+00:00\",\"dateModified\":\"2025-12-11T21:15:00+00:00\",\"breadcrumb\":{\"@id\":\"https:\\\/\\\/www.kliinikum.ee\\\/yhendlabor\\\/kasiraamat\\\/uriini-uuringud\\\/kloriid-uriinis-u-cl-du-cl\\\/#breadcrumb\"},\"inLanguage\":\"et\",\"potentialAction\":[{\"@type\":\"ReadAction\",\"target\":[\"https:\\\/\\\/www.kliinikum.ee\\\/yhendlabor\\\/kasiraamat\\\/uriini-uuringud\\\/kloriid-uriinis-u-cl-du-cl\\\/\"]}]},{\"@type\":\"BreadcrumbList\",\"@id\":\"https:\\\/\\\/www.kliinikum.ee\\\/yhendlabor\\\/kasiraamat\\\/uriini-uuringud\\\/kloriid-uriinis-u-cl-du-cl\\\/#breadcrumb\",\"itemListElement\":[{\"@type\":\"ListItem\",\"position\":1,\"name\":\"Home\",\"item\":\"https:\\\/\\\/www.kliinikum.ee\\\/yhendlabor\\\/\"},{\"@type\":\"ListItem\",\"position\":2,\"name\":\"K\u00e4siraamat\",\"item\":\"https:\\\/\\\/www.kliinikum.ee\\\/yhendlabor\\\/kasiraamat\\\/\"},{\"@type\":\"ListItem\",\"position\":3,\"name\":\"Uriini uuringud\",\"item\":\"https:\\\/\\\/www.kliinikum.ee\\\/yhendlabor\\\/kasiraamat\\\/uriini-uuringud\\\/\"},{\"@type\":\"ListItem\",\"position\":4,\"name\":\"Kloriid uriinis (U-Cl, dU-Cl)\"}]},{\"@type\":\"WebSite\",\"@id\":\"https:\\\/\\\/www.kliinikum.ee\\\/yhendlabor\\\/#website\",\"url\":\"https:\\\/\\\/www.kliinikum.ee\\\/yhendlabor\\\/\",\"name\":\"\u00dchendlabor\",\"description\":\"Hoolivus, Uuendusmeelsus, P\u00e4devus ja Usaldusv\u00e4\u00e4rsus\",\"potentialAction\":[{\"@type\":\"SearchAction\",\"target\":{\"@type\":\"EntryPoint\",\"urlTemplate\":\"https:\\\/\\\/www.kliinikum.ee\\\/yhendlabor\\\/?s={search_term_string}\"},\"query-input\":{\"@type\":\"PropertyValueSpecification\",\"valueRequired\":true,\"valueName\":\"search_term_string\"}}],\"inLanguage\":\"et\"}]}<\/script>\n<!-- \/ Yoast SEO plugin. -->","yoast_head_json":{"title":"Kloriid uriinis (U-Cl, dU-Cl) - \u00dchendlabor","robots":{"index":"index","follow":"follow","max-snippet":"max-snippet:-1","max-image-preview":"max-image-preview:large","max-video-preview":"max-video-preview:-1"},"canonical":"https:\/\/www.kliinikum.ee\/yhendlabor\/kasiraamat\/uriini-uuringud\/kloriid-uriinis-u-cl-du-cl\/","og_locale":"et_EE","og_type":"article","og_title":"Kloriid uriinis (U-Cl, dU-Cl) - \u00dchendlabor","og_description":"Kliinilise keemia osakond, tel. 731 8316 Kloriidioonid erituvad organismist peamiselt neerude kaudu. Esmasuriinis olevad kloriidioonid reabsorbeeruvad passiivselt proksimaalsetes tuubulites koos naatriumioonidega, millele j\u00e4rgneb aktiivne reabsorptsioon Henle lingus. Uriiniga erituva kloriidide hulga m\u00e4\u00e4ravad toiduga saadav v\u00f5i parenteraalselt manustatav hulk ja ekstrarenaalselt erituv hulk, tuubuluste funktsioneerimisv\u00f5ime, eritatav naatriumi hulk ja happe-aluse tasakaal. Uuritav materjal, selle v\u00f5tmine, saatmine [&hellip;]","og_url":"https:\/\/www.kliinikum.ee\/yhendlabor\/kasiraamat\/uriini-uuringud\/kloriid-uriinis-u-cl-du-cl\/","og_site_name":"\u00dchendlabor","article_modified_time":"2025-12-11T21:15:00+00:00","twitter_card":"summary_large_image","twitter_misc":{"Est. reading time":"2 minutit"},"schema":{"@context":"https:\/\/schema.org","@graph":[{"@type":"WebPage","@id":"https:\/\/www.kliinikum.ee\/yhendlabor\/kasiraamat\/uriini-uuringud\/kloriid-uriinis-u-cl-du-cl\/","url":"https:\/\/www.kliinikum.ee\/yhendlabor\/kasiraamat\/uriini-uuringud\/kloriid-uriinis-u-cl-du-cl\/","name":"Kloriid uriinis (U-Cl, dU-Cl) - \u00dchendlabor","isPartOf":{"@id":"https:\/\/www.kliinikum.ee\/yhendlabor\/#website"},"datePublished":"2025-07-23T16:08:47+00:00","dateModified":"2025-12-11T21:15:00+00:00","breadcrumb":{"@id":"https:\/\/www.kliinikum.ee\/yhendlabor\/kasiraamat\/uriini-uuringud\/kloriid-uriinis-u-cl-du-cl\/#breadcrumb"},"inLanguage":"et","potentialAction":[{"@type":"ReadAction","target":["https:\/\/www.kliinikum.ee\/yhendlabor\/kasiraamat\/uriini-uuringud\/kloriid-uriinis-u-cl-du-cl\/"]}]},{"@type":"BreadcrumbList","@id":"https:\/\/www.kliinikum.ee\/yhendlabor\/kasiraamat\/uriini-uuringud\/kloriid-uriinis-u-cl-du-cl\/#breadcrumb","itemListElement":[{"@type":"ListItem","position":1,"name":"Home","item":"https:\/\/www.kliinikum.ee\/yhendlabor\/"},{"@type":"ListItem","position":2,"name":"K\u00e4siraamat","item":"https:\/\/www.kliinikum.ee\/yhendlabor\/kasiraamat\/"},{"@type":"ListItem","position":3,"name":"Uriini uuringud","item":"https:\/\/www.kliinikum.ee\/yhendlabor\/kasiraamat\/uriini-uuringud\/"},{"@type":"ListItem","position":4,"name":"Kloriid uriinis (U-Cl, dU-Cl)"}]},{"@type":"WebSite","@id":"https:\/\/www.kliinikum.ee\/yhendlabor\/#website","url":"https:\/\/www.kliinikum.ee\/yhendlabor\/","name":"\u00dchendlabor","description":"Hoolivus, Uuendusmeelsus, P\u00e4devus ja Usaldusv\u00e4\u00e4rsus","potentialAction":[{"@type":"SearchAction","target":{"@type":"EntryPoint","urlTemplate":"https:\/\/www.kliinikum.ee\/yhendlabor\/?s={search_term_string}"},"query-input":{"@type":"PropertyValueSpecification","valueRequired":true,"valueName":"search_term_string"}}],"inLanguage":"et"}]}},"uagb_featured_image_src":{"full":false,"thumbnail":false,"medium":false,"medium_large":false,"large":false,"1536x1536":false,"2048x2048":false},"uagb_author_info":{"display_name":"Kadi Siigur","author_link":"https:\/\/www.kliinikum.ee\/yhendlabor\/author\/kadisi\/"},"uagb_comment_info":0,"uagb_excerpt":"Kliinilise keemia osakond, tel. 731 8316 Kloriidioonid erituvad organismist peamiselt neerude kaudu. Esmasuriinis olevad kloriidioonid reabsorbeeruvad passiivselt proksimaalsetes tuubulites koos naatriumioonidega, millele j\u00e4rgneb aktiivne reabsorptsioon Henle lingus. Uriiniga erituva kloriidide hulga m\u00e4\u00e4ravad toiduga saadav v\u00f5i parenteraalselt manustatav hulk ja ekstrarenaalselt erituv hulk, tuubuluste funktsioneerimisv\u00f5ime, eritatav naatriumi hulk ja happe-aluse tasakaal. Uuritav materjal, selle v\u00f5tmine, saatmine&hellip;","_links":{"self":[{"href":"https:\/\/www.kliinikum.ee\/yhendlabor\/wp-json\/wp\/v2\/pages\/12316","targetHints":{"allow":["GET"]}}],"collection":[{"href":"https:\/\/www.kliinikum.ee\/yhendlabor\/wp-json\/wp\/v2\/pages"}],"about":[{"href":"https:\/\/www.kliinikum.ee\/yhendlabor\/wp-json\/wp\/v2\/types\/page"}],"author":[{"embeddable":true,"href":"https:\/\/www.kliinikum.ee\/yhendlabor\/wp-json\/wp\/v2\/users\/38"}],"replies":[{"embeddable":true,"href":"https:\/\/www.kliinikum.ee\/yhendlabor\/wp-json\/wp\/v2\/comments?post=12316"}],"version-history":[{"count":0,"href":"https:\/\/www.kliinikum.ee\/yhendlabor\/wp-json\/wp\/v2\/pages\/12316\/revisions"}],"up":[{"embeddable":true,"href":"https:\/\/www.kliinikum.ee\/yhendlabor\/wp-json\/wp\/v2\/pages\/7317"}],"wp:attachment":[{"href":"https:\/\/www.kliinikum.ee\/yhendlabor\/wp-json\/wp\/v2\/media?parent=12316"}],"curies":[{"name":"wp","href":"https:\/\/api.w.org\/{rel}","templated":true}]}}