{"id":12322,"date":"2025-07-23T18:17:25","date_gmt":"2025-07-23T16:17:25","guid":{"rendered":"https:\/\/www.kliinikum.ee\/yhendlabor\/?page_id=12322"},"modified":"2025-12-11T23:16:28","modified_gmt":"2025-12-11T21:16:28","slug":"kusihape-oopaevases-uriinis-du-ua","status":"publish","type":"page","link":"https:\/\/www.kliinikum.ee\/yhendlabor\/kasiraamat\/uriini-uuringud\/kusihape-oopaevases-uriinis-du-ua\/","title":{"rendered":"Kusihape \u00f6\u00f6p\u00e4evases uriinis (dU-UA)"},"content":{"rendered":"\n<p><em>Kliinilise keemia ja laboratoorse hematoloogia osakond<\/em><\/p>\n\n\n\n<p><strong>Uraadid (kusihappe soolad)<\/strong> filtreeruvad neerup\u00e4smakestes ja reabsorbeeruvad peaaegu t\u00e4ielikult proksimaalsetes tuubulites. Proksimaalsete tuubulite distaalsemates osades toimub lisaks veel ka sekretsioon. Patoloogilised protsessid v\u00f5i ka ravimid, mis m\u00f5jutavad eelpoolnimetatud funktsioone ja\/v\u00f5i muudavad uraatide produktsiooni ning ekskretsiooni normaalset vahekorda, viivad uraatide kontsentratsiooni muutusele uriinis. Uraatide suure kontsentratsiooni puhul on oht kusekivide moodustumiseks, samuti uraatide v\u00e4ljasadenemiseks neerukoes. V\u00e4henenud uraatide sisaldust uriinis esineb palju harvem ja see on kliiniliselt v\u00e4hem oluline.<\/p>\n\n\n\n<p class=\"has-medium-font-size\"><strong>Uuritav materjal, selle v\u00f5tmine, saatmine ja s\u00e4ilitamine<\/strong><\/p>\n\n\n\n<p>\u00d6\u00f6p\u00e4evase uriini kogumisel tuleb kasutada konservandina <em>10 mL 5% naatriumh\u00fcdroksiidi<\/em> (k\u00fcsida laborist), mis valatakse kogumisn\u00f5usse p\u00e4rast esimest kogutud uriiniportsjonit.<\/p>\n\n\n\n<p>Enne \u00f6\u00f6p\u00e4evase uriini kogumise alustamist t\u00fchjendab patsient p\u00f5ie. Seda uriiniportsjonit ei koguta, kuid kellaaeg registreeritakse uriini kogumise algusena. Seej\u00e4rel urineerib patsient \u00f6\u00f6p\u00e4eva jooksul (v\u00f5i kogutakse uriin) kogumisn\u00f5usse, viimast korda <em>t\u00e4pselt <\/em>24 tunni m\u00f6\u00f6dudes peale kogumise algust. Iga j\u00e4rgneva uriiniportsjoni lisamisel n\u00f5usse tuleb uriini segada. Kogumisn\u00f5u hoitakse urineerimise vaheaegadel toatemperatuuril. Enne laborisse saadetava proovi (<em>ca<\/em> 10 mL) eraldamist segatakse ja m\u00f5\u00f5detakse \u00f6\u00f6p\u00e4evane uriini kogus, mis m\u00e4rgitakse ka tellimusse!<\/p>\n\n\n\n<figure class=\"wp-block-table is-style-stripes\"><table width=\"100%\"><tbody><tr><td width=\"1%\"><\/td><td width=\"15%\"><strong>Proovin\u00f5u<\/strong><\/td><td width=\"84%\">\u00d6\u00f6p\u00e4evase uriini kogumiseks uriinikogumisn\u00f5u, laborisse toimetamiseks uriinikatsuti v\u00f5i proovitops<\/td><\/tr><tr><td><\/td><td><strong>S\u00e4ilivus<\/strong><\/td><td>Toatemperatuuril neli p\u00e4eva<\/td><\/tr><\/tbody><\/table><\/figure>\n\n\n\n<p class=\"has-medium-font-size\"><strong>Anal\u00fc\u00fcsi tegemise aeg:<\/strong> \u00f6\u00f6p\u00e4evaringselt<\/p>\n\n\n\n<p class=\"has-medium-font-size\"><strong>Anal\u00fc\u00fcsimeetod:<\/strong> ens\u00fcmaatiline kolorimeetriline meetod<\/p>\n\n\n\n<p class=\"has-medium-font-size\"><strong>Referentsv\u00e4\u00e4rtused<\/strong><\/p>\n\n\n\n<figure class=\"wp-block-table\"><table width=\"100%\"><tbody><tr><td width=\"1%\"><\/td><td width=\"30%\"><strong>\u2265 18 a<\/strong><\/td><td width=\"69%\">1,2\u20135,9 mmol\/d<\/td><\/tr><tr><td><\/td><td>&nbsp;<\/td><td>2,2\u20135,5 mmol\/L (esmane hommikune uriin)<\/td><\/tr><\/tbody><\/table><\/figure>\n\n\n\n<p class=\"has-medium-font-size\"><strong>N\u00e4idustus ja kliiniline t\u00e4hendus<\/strong><\/p>\n\n\n\n<p>Neerukividega patsiendi k\u00e4sitlus.<\/p>\n\n\n\n<p><em>Suurenenud kusihappe sisaldus<\/em><\/p>\n\n\n\n<p>Kaasub tavaliselt h\u00fcperurikeemiale, v.a juhtudel kui kusihappe eritus neerude kaudu on h\u00e4irunud.<\/p>\n\n\n\n<ul class=\"wp-block-list\">\n<li>Podagra. Hoo eel on tase madal ning t\u00f5useb hoo k\u00e4igus. Kusihappe m\u00e4\u00e4ramine uriinis omab podagra puhul diagnostilist t\u00e4hendust enne podagras\u00f5lmekeste teket normaalse neerufunktsiooniga patsientidel.<\/li>\n\n\n\n<li>Mitmesugused neeruhaigused.<\/li>\n\n\n\n<li>Kudede kiire ainevahetus ja koekahjustused (leukeemiad, l\u00fcmfoomid, m\u00fceloom; ravi ts\u00fctostaatikumidega; psoriaas, hemol\u00fc\u00fctiline aneemia).<\/li>\n\n\n\n<li>Ravimid (askorbiinhape, diureetikumid, urikosuurilised preparaadid).<\/li>\n\n\n\n<li>Puriiniderikka toidu (liha, subproduktid, kaunviljad) tarvitamine; alkohol (eriti \u00f5lu).<\/li>\n\n\n\n<li>Pikaajaline n\u00e4lgimine, alatoitlus.<\/li>\n<\/ul>\n\n\n\n<p><em>V\u00e4henenud kusihappe sisaldus<\/em><\/p>\n\n\n\n<ul class=\"wp-block-list\">\n<li>Neerutuubulite p\u00e4rilikud v\u00f5i omandatud funktsioonih\u00e4ired, neerupuudulikkus.<\/li>\n\n\n\n<li>M\u00f5ningate ravimite tarvitamine (allopurinool, diamoks, salits\u00fclaatide pikaajalised madalad doosid).<\/li>\n\n\n\n<li>Foolhappe defitsiit.<\/li>\n\n\n\n<li>Preeklampsia ja eklampsia (v\u00e4henenud glomerulaarfiltratsiooni t\u00f5ttu).<\/li>\n<\/ul>\n\n\n\n<p>Kaltsiumdobesilaat, levodopa ja met\u00fc\u00fcldopa v\u00f5ivad p\u00f5hjustada valemadalaid kusihappe tulemusi uriinis.<\/p>\n\n\n\n<p>Koostaja: Kaja Vaagen<br>Muudetud 21.08.2023<\/p>\n\n\n\n<p><\/p>\n","protected":false},"excerpt":{"rendered":"<p>Kliinilise keemia ja laboratoorse hematoloogia osakond Uraadid (kusihappe soolad) filtreeruvad neerup\u00e4smakestes ja reabsorbeeruvad peaaegu t\u00e4ielikult proksimaalsetes tuubulites. Proksimaalsete tuubulite distaalsemates osades toimub lisaks veel ka sekretsioon. Patoloogilised protsessid v\u00f5i ka ravimid, mis m\u00f5jutavad eelpoolnimetatud funktsioone ja\/v\u00f5i muudavad uraatide produktsiooni ning ekskretsiooni normaalset vahekorda, viivad uraatide kontsentratsiooni muutusele uriinis. Uraatide suure kontsentratsiooni puhul on oht kusekivide [&hellip;]<\/p>\n","protected":false},"author":38,"featured_media":0,"parent":7317,"menu_order":7,"comment_status":"closed","ping_status":"closed","template":"","meta":{"_uag_custom_page_level_css":"","footnotes":""},"class_list":["post-12322","page","type-page","status-publish","hentry"],"acf":[],"yoast_head":"<!-- This site is optimized with the Yoast SEO plugin v27.3 - https:\/\/yoast.com\/product\/yoast-seo-wordpress\/ -->\n<title>Kusihape \u00f6\u00f6p\u00e4evases uriinis (dU-UA) - \u00dchendlabor<\/title>\n<meta name=\"robots\" content=\"index, follow, max-snippet:-1, max-image-preview:large, max-video-preview:-1\" \/>\n<link rel=\"canonical\" href=\"https:\/\/www.kliinikum.ee\/yhendlabor\/kasiraamat\/uriini-uuringud\/kusihape-oopaevases-uriinis-du-ua\/\" \/>\n<meta property=\"og:locale\" content=\"et_EE\" \/>\n<meta property=\"og:type\" content=\"article\" \/>\n<meta property=\"og:title\" content=\"Kusihape \u00f6\u00f6p\u00e4evases uriinis (dU-UA) - \u00dchendlabor\" \/>\n<meta property=\"og:description\" content=\"Kliinilise keemia ja laboratoorse hematoloogia osakond Uraadid (kusihappe soolad) filtreeruvad neerup\u00e4smakestes ja reabsorbeeruvad peaaegu t\u00e4ielikult proksimaalsetes tuubulites. Proksimaalsete tuubulite distaalsemates osades toimub lisaks veel ka sekretsioon. Patoloogilised protsessid v\u00f5i ka ravimid, mis m\u00f5jutavad eelpoolnimetatud funktsioone ja\/v\u00f5i muudavad uraatide produktsiooni ning ekskretsiooni normaalset vahekorda, viivad uraatide kontsentratsiooni muutusele uriinis. Uraatide suure kontsentratsiooni puhul on oht kusekivide [&hellip;]\" \/>\n<meta property=\"og:url\" content=\"https:\/\/www.kliinikum.ee\/yhendlabor\/kasiraamat\/uriini-uuringud\/kusihape-oopaevases-uriinis-du-ua\/\" \/>\n<meta property=\"og:site_name\" content=\"\u00dchendlabor\" \/>\n<meta property=\"article:modified_time\" content=\"2025-12-11T21:16:28+00:00\" \/>\n<meta name=\"twitter:card\" content=\"summary_large_image\" \/>\n<meta name=\"twitter:label1\" content=\"Est. reading time\" \/>\n\t<meta name=\"twitter:data1\" content=\"2 minutit\" \/>\n<script type=\"application\/ld+json\" class=\"yoast-schema-graph\">{\"@context\":\"https:\\\/\\\/schema.org\",\"@graph\":[{\"@type\":\"WebPage\",\"@id\":\"https:\\\/\\\/www.kliinikum.ee\\\/yhendlabor\\\/kasiraamat\\\/uriini-uuringud\\\/kusihape-oopaevases-uriinis-du-ua\\\/\",\"url\":\"https:\\\/\\\/www.kliinikum.ee\\\/yhendlabor\\\/kasiraamat\\\/uriini-uuringud\\\/kusihape-oopaevases-uriinis-du-ua\\\/\",\"name\":\"Kusihape \u00f6\u00f6p\u00e4evases uriinis (dU-UA) - \u00dchendlabor\",\"isPartOf\":{\"@id\":\"https:\\\/\\\/www.kliinikum.ee\\\/yhendlabor\\\/#website\"},\"datePublished\":\"2025-07-23T16:17:25+00:00\",\"dateModified\":\"2025-12-11T21:16:28+00:00\",\"breadcrumb\":{\"@id\":\"https:\\\/\\\/www.kliinikum.ee\\\/yhendlabor\\\/kasiraamat\\\/uriini-uuringud\\\/kusihape-oopaevases-uriinis-du-ua\\\/#breadcrumb\"},\"inLanguage\":\"et\",\"potentialAction\":[{\"@type\":\"ReadAction\",\"target\":[\"https:\\\/\\\/www.kliinikum.ee\\\/yhendlabor\\\/kasiraamat\\\/uriini-uuringud\\\/kusihape-oopaevases-uriinis-du-ua\\\/\"]}]},{\"@type\":\"BreadcrumbList\",\"@id\":\"https:\\\/\\\/www.kliinikum.ee\\\/yhendlabor\\\/kasiraamat\\\/uriini-uuringud\\\/kusihape-oopaevases-uriinis-du-ua\\\/#breadcrumb\",\"itemListElement\":[{\"@type\":\"ListItem\",\"position\":1,\"name\":\"Home\",\"item\":\"https:\\\/\\\/www.kliinikum.ee\\\/yhendlabor\\\/\"},{\"@type\":\"ListItem\",\"position\":2,\"name\":\"K\u00e4siraamat\",\"item\":\"https:\\\/\\\/www.kliinikum.ee\\\/yhendlabor\\\/kasiraamat\\\/\"},{\"@type\":\"ListItem\",\"position\":3,\"name\":\"Uriini uuringud\",\"item\":\"https:\\\/\\\/www.kliinikum.ee\\\/yhendlabor\\\/kasiraamat\\\/uriini-uuringud\\\/\"},{\"@type\":\"ListItem\",\"position\":4,\"name\":\"Kusihape \u00f6\u00f6p\u00e4evases uriinis (dU-UA)\"}]},{\"@type\":\"WebSite\",\"@id\":\"https:\\\/\\\/www.kliinikum.ee\\\/yhendlabor\\\/#website\",\"url\":\"https:\\\/\\\/www.kliinikum.ee\\\/yhendlabor\\\/\",\"name\":\"\u00dchendlabor\",\"description\":\"Hoolivus, Uuendusmeelsus, P\u00e4devus ja Usaldusv\u00e4\u00e4rsus\",\"potentialAction\":[{\"@type\":\"SearchAction\",\"target\":{\"@type\":\"EntryPoint\",\"urlTemplate\":\"https:\\\/\\\/www.kliinikum.ee\\\/yhendlabor\\\/?s={search_term_string}\"},\"query-input\":{\"@type\":\"PropertyValueSpecification\",\"valueRequired\":true,\"valueName\":\"search_term_string\"}}],\"inLanguage\":\"et\"}]}<\/script>\n<!-- \/ Yoast SEO plugin. -->","yoast_head_json":{"title":"Kusihape \u00f6\u00f6p\u00e4evases uriinis (dU-UA) - \u00dchendlabor","robots":{"index":"index","follow":"follow","max-snippet":"max-snippet:-1","max-image-preview":"max-image-preview:large","max-video-preview":"max-video-preview:-1"},"canonical":"https:\/\/www.kliinikum.ee\/yhendlabor\/kasiraamat\/uriini-uuringud\/kusihape-oopaevases-uriinis-du-ua\/","og_locale":"et_EE","og_type":"article","og_title":"Kusihape \u00f6\u00f6p\u00e4evases uriinis (dU-UA) - \u00dchendlabor","og_description":"Kliinilise keemia ja laboratoorse hematoloogia osakond Uraadid (kusihappe soolad) filtreeruvad neerup\u00e4smakestes ja reabsorbeeruvad peaaegu t\u00e4ielikult proksimaalsetes tuubulites. Proksimaalsete tuubulite distaalsemates osades toimub lisaks veel ka sekretsioon. Patoloogilised protsessid v\u00f5i ka ravimid, mis m\u00f5jutavad eelpoolnimetatud funktsioone ja\/v\u00f5i muudavad uraatide produktsiooni ning ekskretsiooni normaalset vahekorda, viivad uraatide kontsentratsiooni muutusele uriinis. Uraatide suure kontsentratsiooni puhul on oht kusekivide [&hellip;]","og_url":"https:\/\/www.kliinikum.ee\/yhendlabor\/kasiraamat\/uriini-uuringud\/kusihape-oopaevases-uriinis-du-ua\/","og_site_name":"\u00dchendlabor","article_modified_time":"2025-12-11T21:16:28+00:00","twitter_card":"summary_large_image","twitter_misc":{"Est. reading time":"2 minutit"},"schema":{"@context":"https:\/\/schema.org","@graph":[{"@type":"WebPage","@id":"https:\/\/www.kliinikum.ee\/yhendlabor\/kasiraamat\/uriini-uuringud\/kusihape-oopaevases-uriinis-du-ua\/","url":"https:\/\/www.kliinikum.ee\/yhendlabor\/kasiraamat\/uriini-uuringud\/kusihape-oopaevases-uriinis-du-ua\/","name":"Kusihape \u00f6\u00f6p\u00e4evases uriinis (dU-UA) - \u00dchendlabor","isPartOf":{"@id":"https:\/\/www.kliinikum.ee\/yhendlabor\/#website"},"datePublished":"2025-07-23T16:17:25+00:00","dateModified":"2025-12-11T21:16:28+00:00","breadcrumb":{"@id":"https:\/\/www.kliinikum.ee\/yhendlabor\/kasiraamat\/uriini-uuringud\/kusihape-oopaevases-uriinis-du-ua\/#breadcrumb"},"inLanguage":"et","potentialAction":[{"@type":"ReadAction","target":["https:\/\/www.kliinikum.ee\/yhendlabor\/kasiraamat\/uriini-uuringud\/kusihape-oopaevases-uriinis-du-ua\/"]}]},{"@type":"BreadcrumbList","@id":"https:\/\/www.kliinikum.ee\/yhendlabor\/kasiraamat\/uriini-uuringud\/kusihape-oopaevases-uriinis-du-ua\/#breadcrumb","itemListElement":[{"@type":"ListItem","position":1,"name":"Home","item":"https:\/\/www.kliinikum.ee\/yhendlabor\/"},{"@type":"ListItem","position":2,"name":"K\u00e4siraamat","item":"https:\/\/www.kliinikum.ee\/yhendlabor\/kasiraamat\/"},{"@type":"ListItem","position":3,"name":"Uriini uuringud","item":"https:\/\/www.kliinikum.ee\/yhendlabor\/kasiraamat\/uriini-uuringud\/"},{"@type":"ListItem","position":4,"name":"Kusihape \u00f6\u00f6p\u00e4evases uriinis (dU-UA)"}]},{"@type":"WebSite","@id":"https:\/\/www.kliinikum.ee\/yhendlabor\/#website","url":"https:\/\/www.kliinikum.ee\/yhendlabor\/","name":"\u00dchendlabor","description":"Hoolivus, Uuendusmeelsus, P\u00e4devus ja Usaldusv\u00e4\u00e4rsus","potentialAction":[{"@type":"SearchAction","target":{"@type":"EntryPoint","urlTemplate":"https:\/\/www.kliinikum.ee\/yhendlabor\/?s={search_term_string}"},"query-input":{"@type":"PropertyValueSpecification","valueRequired":true,"valueName":"search_term_string"}}],"inLanguage":"et"}]}},"uagb_featured_image_src":{"full":false,"thumbnail":false,"medium":false,"medium_large":false,"large":false,"1536x1536":false,"2048x2048":false},"uagb_author_info":{"display_name":"Kadi Siigur","author_link":"https:\/\/www.kliinikum.ee\/yhendlabor\/author\/kadisi\/"},"uagb_comment_info":0,"uagb_excerpt":"Kliinilise keemia ja laboratoorse hematoloogia osakond Uraadid (kusihappe soolad) filtreeruvad neerup\u00e4smakestes ja reabsorbeeruvad peaaegu t\u00e4ielikult proksimaalsetes tuubulites. Proksimaalsete tuubulite distaalsemates osades toimub lisaks veel ka sekretsioon. Patoloogilised protsessid v\u00f5i ka ravimid, mis m\u00f5jutavad eelpoolnimetatud funktsioone ja\/v\u00f5i muudavad uraatide produktsiooni ning ekskretsiooni normaalset vahekorda, viivad uraatide kontsentratsiooni muutusele uriinis. Uraatide suure kontsentratsiooni puhul on oht kusekivide&hellip;","_links":{"self":[{"href":"https:\/\/www.kliinikum.ee\/yhendlabor\/wp-json\/wp\/v2\/pages\/12322","targetHints":{"allow":["GET"]}}],"collection":[{"href":"https:\/\/www.kliinikum.ee\/yhendlabor\/wp-json\/wp\/v2\/pages"}],"about":[{"href":"https:\/\/www.kliinikum.ee\/yhendlabor\/wp-json\/wp\/v2\/types\/page"}],"author":[{"embeddable":true,"href":"https:\/\/www.kliinikum.ee\/yhendlabor\/wp-json\/wp\/v2\/users\/38"}],"replies":[{"embeddable":true,"href":"https:\/\/www.kliinikum.ee\/yhendlabor\/wp-json\/wp\/v2\/comments?post=12322"}],"version-history":[{"count":0,"href":"https:\/\/www.kliinikum.ee\/yhendlabor\/wp-json\/wp\/v2\/pages\/12322\/revisions"}],"up":[{"embeddable":true,"href":"https:\/\/www.kliinikum.ee\/yhendlabor\/wp-json\/wp\/v2\/pages\/7317"}],"wp:attachment":[{"href":"https:\/\/www.kliinikum.ee\/yhendlabor\/wp-json\/wp\/v2\/media?parent=12322"}],"curies":[{"name":"wp","href":"https:\/\/api.w.org\/{rel}","templated":true}]}}