{"id":12326,"date":"2025-07-23T18:23:17","date_gmt":"2025-07-23T16:23:17","guid":{"rendered":"https:\/\/www.kliinikum.ee\/yhendlabor\/?page_id=12326"},"modified":"2025-12-11T23:17:39","modified_gmt":"2025-12-11T21:17:39","slug":"magneesium-uriinis-u-mg-du-mg","status":"publish","type":"page","link":"https:\/\/www.kliinikum.ee\/yhendlabor\/kasiraamat\/uriini-uuringud\/magneesium-uriinis-u-mg-du-mg\/","title":{"rendered":"Magneesium uriinis (U-Mg, dU-Mg)"},"content":{"rendered":"\n<p><em>Kliinilise keemia ja laboratoorse hematoloogia osakond<\/em><\/p>\n\n\n\n<p><strong>Magneesium <\/strong>on kaaliumi j\u00e4rel hulgalt teine intratsellulaarne katioon, millest ligikaudu 60% on luukoes, 20% skeletilihastes, 19% teistes rakkudes ja 1% ekstratsellulaarselt. Plasmas on suurem osa (ligikaudu 60\u201370%) magneesiumist vabade ioonidena v\u00f5i hajuvate kompleksidena, \u00fclej\u00e4\u00e4nu on seotud valkudega. Magneesium on vajalik ATP kasutamiseks energiaallikana, seet\u00f5ttu on ta oluline paljude ens\u00fc\u00fcms\u00fcsteemide funktsioneerimisel, s\u00fcsivesikute ainevahetuses, valkude ja nukleiinhapete s\u00fcnteesis ning lihaste kontraktsioonil, samuti luukoe tekkes. Koos naatrium-, kaalium- ja kaltsiumioonidega osaleb magneesiumioon ka neuromuskulaarses erutusjuhtes ning h\u00fc\u00fcbimismehhanismides. Normaalselt imendub kuni pool toiduga saadavast magneesiumist peensooles ning eritumine toimub glomerulaarfiltratsiooni ning j\u00e4rgneva osalise tubulaarse reabsorptsiooni teel. Eritus neerude kaudu on t\u00e4htsaim magneesiumi tasakaalu kindlustaja organismis. Magneesiumi kontsentratsioon seerumis ei peegelda intratsellulaarset magneesiumitaset kudedes. Magneesiumi defitsiidi korral v\u00e4heneb eritus uriiniga enne kui kontsentratsioon seerumis. V\u00e4hene magneesiumi eritus on organismi magneesiumivaeguse n\u00e4itaja, kui patsiendil ei ole neeruhaigust v\u00f5i patsient ei kasuta diureetikume.<\/p>\n\n\n\n<p class=\"has-medium-font-size\"><strong>Uuritav materjal, selle v\u00f5tmine, saatmine ja s\u00e4ilitamine<\/strong><\/p>\n\n\n\n<p>\u00d6\u00f6p\u00e4evase uriini kogumisel tuleb kasutada konservandina 25 mL soolhapet (6 mol\/L), mis valatakse kogumisn\u00f5usse p\u00e4rast esimest kogutud uriiniportsjonit.<\/p>\n\n\n\n<p>Enne \u00f6\u00f6p\u00e4evase uriini kogumise alustamist t\u00fchjendab patsient p\u00f5ie. Seda uriiniportsjonit ei koguta, kuid kellaaeg registreeritakse uriini kogumise algusena. Seej\u00e4rel urineerib patsient \u00f6\u00f6p\u00e4eva jooksul (v\u00f5i kogutakse uriin) kogumisn\u00f5usse, viimast korda <em>t\u00e4pselt <\/em>24 tunni m\u00f6\u00f6dudes peale kogumise algust. Iga j\u00e4rgneva uriiniportsjoni lisamisel n\u00f5usse tuleb uriini segada. Kogumisn\u00f5u hoitakse urineerimise vaheaegadel k\u00fclmkapis. Enne laborisse saadetava proovi (<em>ca<\/em> 10 mL) eraldamist segatakse ja m\u00f5\u00f5detakse \u00f6\u00f6p\u00e4evane uriini kogus, mis m\u00e4rgitakse ka tellimusse!<\/p>\n\n\n\n<figure class=\"wp-block-table is-style-stripes\"><table width=\"100%\"><tbody><tr><td width=\"1%\"><\/td><td width=\"15%\"><strong>Proovin\u00f5u<\/strong><\/td><td width=\"84%\">\u00d6\u00f6p\u00e4evase uriini kogumiseks uriinikogumisn\u00f5u, laborisse toimetamiseks uriinikatsuti v\u00f5i proovitops<\/td><\/tr><tr><td><\/td><td><strong>S\u00e4ilivus<\/strong><\/td><td>Uriin toatemperatuuril ja +4 \u00b0C kolm p\u00e4eva, -20 \u00b0C \u00fcks aasta<\/td><\/tr><\/tbody><\/table><\/figure>\n\n\n\n<p class=\"has-medium-font-size\"><strong>Anal\u00fc\u00fcsi tegemise aeg:<\/strong> \u00f6\u00f6p\u00e4evaringselt<\/p>\n\n\n\n<p class=\"has-medium-font-size\"><strong>Anal\u00fc\u00fcsimeetod:<\/strong> kolorimeetriline meetod<\/p>\n\n\n\n<p class=\"has-medium-font-size\"><strong>Referentsv\u00e4\u00e4rtused<\/strong><\/p>\n\n\n\n<figure class=\"wp-block-table\"><table width=\"100%\"><tbody><tr><td width=\"1%\"><\/td><td width=\"19%\">&nbsp;<\/td><td width=\"40%\"><strong>U-Mg (magneesium 1. hommikuses uriinis)<\/strong><\/td><td width=\"40%\"><strong>dU-Mg (magneesium \u00f6\u00f6p\u00e4evases uriinis)<\/strong><\/td><\/tr><tr><td><\/td><td><strong>\u2265 18 a<\/strong><\/td><td>1,7\u20135,7 mmol\/L<\/td><td>3,0\u20135,0 mmol\/d<\/td><\/tr><\/tbody><\/table><\/figure>\n\n\n\n<p class=\"has-medium-font-size\"><strong>N\u00e4idustus ja kliiniline t\u00e4hendus<\/strong><\/p>\n\n\n\n<p>Abiuuring seerumi\/plasma magneesiumitaseme nihete korral. Magneesiumivaeguse kahtlus. Tulemusi tuleb interpreteerida koos seerumi\/plasma magneesiumisisaldusega.<\/p>\n\n\n\n<p>Magneesiumi eritus suureneb ekstratsellulaarse vedeliku mahu t\u00f5usu, h\u00fcperkaltseemia ja h\u00fcpermagneseemia korral ning v\u00e4heneb vastupidiste muutuste puhul.<\/p>\n\n\n\n<p>V\u00e4henenud eritus v\u00f5ib esineda nii v\u00e4hese manustamise, omastamish\u00e4irete kui ka eritumish\u00e4irete korral, samuti h\u00fcperkaltsiuuria puhul. Magneesiumi defitsiidi puhul p\u00fcsib magneesiumi eritus madalana ka substitutsioonravi foonil seni, kuni defitsiit kompenseeritakse.<\/p>\n\n\n\n<p>V\u00e4henenud magneesiumieritus soodustab uriini k\u00fcllastumist kaltsiumoksalaadi ja kaltsiumfosfaadiga ja seel\u00e4bi kusekivide teket.<\/p>\n\n\n\n<p>Koostaja: Kaja Vaagen<br>Muudetud 28.07.2023<\/p>\n","protected":false},"excerpt":{"rendered":"<p>Kliinilise keemia ja laboratoorse hematoloogia osakond Magneesium on kaaliumi j\u00e4rel hulgalt teine intratsellulaarne katioon, millest ligikaudu 60% on luukoes, 20% skeletilihastes, 19% teistes rakkudes ja 1% ekstratsellulaarselt. Plasmas on suurem osa (ligikaudu 60\u201370%) magneesiumist vabade ioonidena v\u00f5i hajuvate kompleksidena, \u00fclej\u00e4\u00e4nu on seotud valkudega. Magneesium on vajalik ATP kasutamiseks energiaallikana, seet\u00f5ttu on ta oluline paljude ens\u00fc\u00fcms\u00fcsteemide [&hellip;]<\/p>\n","protected":false},"author":38,"featured_media":0,"parent":7317,"menu_order":8,"comment_status":"closed","ping_status":"closed","template":"","meta":{"_uag_custom_page_level_css":"","footnotes":""},"class_list":["post-12326","page","type-page","status-publish","hentry"],"acf":[],"yoast_head":"<!-- This site is optimized with the Yoast SEO plugin v27.3 - https:\/\/yoast.com\/product\/yoast-seo-wordpress\/ -->\n<title>Magneesium uriinis (U-Mg, dU-Mg) - \u00dchendlabor<\/title>\n<meta name=\"robots\" content=\"index, follow, max-snippet:-1, max-image-preview:large, max-video-preview:-1\" \/>\n<link rel=\"canonical\" href=\"https:\/\/www.kliinikum.ee\/yhendlabor\/kasiraamat\/uriini-uuringud\/magneesium-uriinis-u-mg-du-mg\/\" \/>\n<meta property=\"og:locale\" content=\"et_EE\" \/>\n<meta property=\"og:type\" content=\"article\" \/>\n<meta property=\"og:title\" content=\"Magneesium uriinis (U-Mg, dU-Mg) - \u00dchendlabor\" \/>\n<meta property=\"og:description\" content=\"Kliinilise keemia ja laboratoorse hematoloogia osakond Magneesium on kaaliumi j\u00e4rel hulgalt teine intratsellulaarne katioon, millest ligikaudu 60% on luukoes, 20% skeletilihastes, 19% teistes rakkudes ja 1% ekstratsellulaarselt. Plasmas on suurem osa (ligikaudu 60\u201370%) magneesiumist vabade ioonidena v\u00f5i hajuvate kompleksidena, \u00fclej\u00e4\u00e4nu on seotud valkudega. Magneesium on vajalik ATP kasutamiseks energiaallikana, seet\u00f5ttu on ta oluline paljude ens\u00fc\u00fcms\u00fcsteemide [&hellip;]\" \/>\n<meta property=\"og:url\" content=\"https:\/\/www.kliinikum.ee\/yhendlabor\/kasiraamat\/uriini-uuringud\/magneesium-uriinis-u-mg-du-mg\/\" \/>\n<meta property=\"og:site_name\" content=\"\u00dchendlabor\" \/>\n<meta property=\"article:modified_time\" content=\"2025-12-11T21:17:39+00:00\" \/>\n<meta name=\"twitter:card\" content=\"summary_large_image\" \/>\n<meta name=\"twitter:label1\" content=\"Est. reading time\" \/>\n\t<meta name=\"twitter:data1\" content=\"2 minutit\" \/>\n<script type=\"application\/ld+json\" class=\"yoast-schema-graph\">{\"@context\":\"https:\\\/\\\/schema.org\",\"@graph\":[{\"@type\":\"WebPage\",\"@id\":\"https:\\\/\\\/www.kliinikum.ee\\\/yhendlabor\\\/kasiraamat\\\/uriini-uuringud\\\/magneesium-uriinis-u-mg-du-mg\\\/\",\"url\":\"https:\\\/\\\/www.kliinikum.ee\\\/yhendlabor\\\/kasiraamat\\\/uriini-uuringud\\\/magneesium-uriinis-u-mg-du-mg\\\/\",\"name\":\"Magneesium uriinis (U-Mg, dU-Mg) - \u00dchendlabor\",\"isPartOf\":{\"@id\":\"https:\\\/\\\/www.kliinikum.ee\\\/yhendlabor\\\/#website\"},\"datePublished\":\"2025-07-23T16:23:17+00:00\",\"dateModified\":\"2025-12-11T21:17:39+00:00\",\"breadcrumb\":{\"@id\":\"https:\\\/\\\/www.kliinikum.ee\\\/yhendlabor\\\/kasiraamat\\\/uriini-uuringud\\\/magneesium-uriinis-u-mg-du-mg\\\/#breadcrumb\"},\"inLanguage\":\"et\",\"potentialAction\":[{\"@type\":\"ReadAction\",\"target\":[\"https:\\\/\\\/www.kliinikum.ee\\\/yhendlabor\\\/kasiraamat\\\/uriini-uuringud\\\/magneesium-uriinis-u-mg-du-mg\\\/\"]}]},{\"@type\":\"BreadcrumbList\",\"@id\":\"https:\\\/\\\/www.kliinikum.ee\\\/yhendlabor\\\/kasiraamat\\\/uriini-uuringud\\\/magneesium-uriinis-u-mg-du-mg\\\/#breadcrumb\",\"itemListElement\":[{\"@type\":\"ListItem\",\"position\":1,\"name\":\"Home\",\"item\":\"https:\\\/\\\/www.kliinikum.ee\\\/yhendlabor\\\/\"},{\"@type\":\"ListItem\",\"position\":2,\"name\":\"K\u00e4siraamat\",\"item\":\"https:\\\/\\\/www.kliinikum.ee\\\/yhendlabor\\\/kasiraamat\\\/\"},{\"@type\":\"ListItem\",\"position\":3,\"name\":\"Uriini uuringud\",\"item\":\"https:\\\/\\\/www.kliinikum.ee\\\/yhendlabor\\\/kasiraamat\\\/uriini-uuringud\\\/\"},{\"@type\":\"ListItem\",\"position\":4,\"name\":\"Magneesium uriinis (U-Mg, dU-Mg)\"}]},{\"@type\":\"WebSite\",\"@id\":\"https:\\\/\\\/www.kliinikum.ee\\\/yhendlabor\\\/#website\",\"url\":\"https:\\\/\\\/www.kliinikum.ee\\\/yhendlabor\\\/\",\"name\":\"\u00dchendlabor\",\"description\":\"Hoolivus, Uuendusmeelsus, P\u00e4devus ja Usaldusv\u00e4\u00e4rsus\",\"potentialAction\":[{\"@type\":\"SearchAction\",\"target\":{\"@type\":\"EntryPoint\",\"urlTemplate\":\"https:\\\/\\\/www.kliinikum.ee\\\/yhendlabor\\\/?s={search_term_string}\"},\"query-input\":{\"@type\":\"PropertyValueSpecification\",\"valueRequired\":true,\"valueName\":\"search_term_string\"}}],\"inLanguage\":\"et\"}]}<\/script>\n<!-- \/ Yoast SEO plugin. -->","yoast_head_json":{"title":"Magneesium uriinis (U-Mg, dU-Mg) - \u00dchendlabor","robots":{"index":"index","follow":"follow","max-snippet":"max-snippet:-1","max-image-preview":"max-image-preview:large","max-video-preview":"max-video-preview:-1"},"canonical":"https:\/\/www.kliinikum.ee\/yhendlabor\/kasiraamat\/uriini-uuringud\/magneesium-uriinis-u-mg-du-mg\/","og_locale":"et_EE","og_type":"article","og_title":"Magneesium uriinis (U-Mg, dU-Mg) - \u00dchendlabor","og_description":"Kliinilise keemia ja laboratoorse hematoloogia osakond Magneesium on kaaliumi j\u00e4rel hulgalt teine intratsellulaarne katioon, millest ligikaudu 60% on luukoes, 20% skeletilihastes, 19% teistes rakkudes ja 1% ekstratsellulaarselt. Plasmas on suurem osa (ligikaudu 60\u201370%) magneesiumist vabade ioonidena v\u00f5i hajuvate kompleksidena, \u00fclej\u00e4\u00e4nu on seotud valkudega. Magneesium on vajalik ATP kasutamiseks energiaallikana, seet\u00f5ttu on ta oluline paljude ens\u00fc\u00fcms\u00fcsteemide [&hellip;]","og_url":"https:\/\/www.kliinikum.ee\/yhendlabor\/kasiraamat\/uriini-uuringud\/magneesium-uriinis-u-mg-du-mg\/","og_site_name":"\u00dchendlabor","article_modified_time":"2025-12-11T21:17:39+00:00","twitter_card":"summary_large_image","twitter_misc":{"Est. reading time":"2 minutit"},"schema":{"@context":"https:\/\/schema.org","@graph":[{"@type":"WebPage","@id":"https:\/\/www.kliinikum.ee\/yhendlabor\/kasiraamat\/uriini-uuringud\/magneesium-uriinis-u-mg-du-mg\/","url":"https:\/\/www.kliinikum.ee\/yhendlabor\/kasiraamat\/uriini-uuringud\/magneesium-uriinis-u-mg-du-mg\/","name":"Magneesium uriinis (U-Mg, dU-Mg) - \u00dchendlabor","isPartOf":{"@id":"https:\/\/www.kliinikum.ee\/yhendlabor\/#website"},"datePublished":"2025-07-23T16:23:17+00:00","dateModified":"2025-12-11T21:17:39+00:00","breadcrumb":{"@id":"https:\/\/www.kliinikum.ee\/yhendlabor\/kasiraamat\/uriini-uuringud\/magneesium-uriinis-u-mg-du-mg\/#breadcrumb"},"inLanguage":"et","potentialAction":[{"@type":"ReadAction","target":["https:\/\/www.kliinikum.ee\/yhendlabor\/kasiraamat\/uriini-uuringud\/magneesium-uriinis-u-mg-du-mg\/"]}]},{"@type":"BreadcrumbList","@id":"https:\/\/www.kliinikum.ee\/yhendlabor\/kasiraamat\/uriini-uuringud\/magneesium-uriinis-u-mg-du-mg\/#breadcrumb","itemListElement":[{"@type":"ListItem","position":1,"name":"Home","item":"https:\/\/www.kliinikum.ee\/yhendlabor\/"},{"@type":"ListItem","position":2,"name":"K\u00e4siraamat","item":"https:\/\/www.kliinikum.ee\/yhendlabor\/kasiraamat\/"},{"@type":"ListItem","position":3,"name":"Uriini uuringud","item":"https:\/\/www.kliinikum.ee\/yhendlabor\/kasiraamat\/uriini-uuringud\/"},{"@type":"ListItem","position":4,"name":"Magneesium uriinis (U-Mg, dU-Mg)"}]},{"@type":"WebSite","@id":"https:\/\/www.kliinikum.ee\/yhendlabor\/#website","url":"https:\/\/www.kliinikum.ee\/yhendlabor\/","name":"\u00dchendlabor","description":"Hoolivus, Uuendusmeelsus, P\u00e4devus ja Usaldusv\u00e4\u00e4rsus","potentialAction":[{"@type":"SearchAction","target":{"@type":"EntryPoint","urlTemplate":"https:\/\/www.kliinikum.ee\/yhendlabor\/?s={search_term_string}"},"query-input":{"@type":"PropertyValueSpecification","valueRequired":true,"valueName":"search_term_string"}}],"inLanguage":"et"}]}},"uagb_featured_image_src":{"full":false,"thumbnail":false,"medium":false,"medium_large":false,"large":false,"1536x1536":false,"2048x2048":false},"uagb_author_info":{"display_name":"Kadi Siigur","author_link":"https:\/\/www.kliinikum.ee\/yhendlabor\/author\/kadisi\/"},"uagb_comment_info":0,"uagb_excerpt":"Kliinilise keemia ja laboratoorse hematoloogia osakond Magneesium on kaaliumi j\u00e4rel hulgalt teine intratsellulaarne katioon, millest ligikaudu 60% on luukoes, 20% skeletilihastes, 19% teistes rakkudes ja 1% ekstratsellulaarselt. Plasmas on suurem osa (ligikaudu 60\u201370%) magneesiumist vabade ioonidena v\u00f5i hajuvate kompleksidena, \u00fclej\u00e4\u00e4nu on seotud valkudega. Magneesium on vajalik ATP kasutamiseks energiaallikana, seet\u00f5ttu on ta oluline paljude ens\u00fc\u00fcms\u00fcsteemide&hellip;","_links":{"self":[{"href":"https:\/\/www.kliinikum.ee\/yhendlabor\/wp-json\/wp\/v2\/pages\/12326","targetHints":{"allow":["GET"]}}],"collection":[{"href":"https:\/\/www.kliinikum.ee\/yhendlabor\/wp-json\/wp\/v2\/pages"}],"about":[{"href":"https:\/\/www.kliinikum.ee\/yhendlabor\/wp-json\/wp\/v2\/types\/page"}],"author":[{"embeddable":true,"href":"https:\/\/www.kliinikum.ee\/yhendlabor\/wp-json\/wp\/v2\/users\/38"}],"replies":[{"embeddable":true,"href":"https:\/\/www.kliinikum.ee\/yhendlabor\/wp-json\/wp\/v2\/comments?post=12326"}],"version-history":[{"count":0,"href":"https:\/\/www.kliinikum.ee\/yhendlabor\/wp-json\/wp\/v2\/pages\/12326\/revisions"}],"up":[{"embeddable":true,"href":"https:\/\/www.kliinikum.ee\/yhendlabor\/wp-json\/wp\/v2\/pages\/7317"}],"wp:attachment":[{"href":"https:\/\/www.kliinikum.ee\/yhendlabor\/wp-json\/wp\/v2\/media?parent=12326"}],"curies":[{"name":"wp","href":"https:\/\/api.w.org\/{rel}","templated":true}]}}